{"id":202690,"date":"2023-04-10T15:46:42","date_gmt":"2023-04-10T13:46:42","guid":{"rendered":"https:\/\/marktxxl.de\/markt\/produkt\/massagepistole-eccioun-massage-gun-muskel-massagegeraet-mit-2500mah-akku-6-massagekoepfen-und-usb-c-ladeanschluss-handmassagegeraete-massage-pistole-fuer-schulter-ruecken-entspannung\/"},"modified":"2023-04-10T15:46:42","modified_gmt":"2023-04-10T13:46:42","slug":"massagepistole-eccioun-massage-gun-muskel-massagegeraet-mit-2500mah-akku-6-massagekoepfen-und-usb-c-ladeanschluss-handmassagegeraete-massage-pistole-fuer-schulter-ruecken-entspannung","status":"publish","type":"product","link":"https:\/\/marktxxl.de\/markt\/produkt\/massagepistole-eccioun-massage-gun-muskel-massagegeraet-mit-2500mah-akku-6-massagekoepfen-und-usb-c-ladeanschluss-handmassagegeraete-massage-pistole-fuer-schulter-ruecken-entspannung\/","title":{"rendered":"Massagepistole, Eccioun Massage Gun Muskel Massageger\u00e4t mit 2500mAh Akku, 6 Massagek\u00f6pfen und USB C Ladeanschluss, Handmassageger\u00e4te Massage Pistole f\u00fcr Schulter R\u00fccken Entspannung"},"content":{"rendered":"<p>H\u00d6CHST EFFEKTIVE RELAXING MASSAGEPISTOLE: Eccioun Massagepistole kann das tiefe Gewebe mit Percussion entspannen, Muskelkater lindern und die Durchblutung f\u00f6rdern, bringt ein angenehmes Gef\u00fchl in Ihre Muskeln und K\u00f6rper. Wenn Sie nach einem Geschenk suchen, ist das Massageger\u00e4t das beste Geschenk f\u00fcr sich selbst, Eltern, Freunde und Liebhaber.<br \/>\nSTABILE UND KRAFTVOLLE LEISTUNG: 5 Geschwindigkeitsstufen, bis zu 3400 U\/min. Die massage pistole ist mit einer wiederaufladbaren hochwertigen 2600mAh Lithium-Batterie ausgestattet und kann nach 2-3 Stunden voller Aufladung bis zu 5-6 Stunden verwenden. Integrierter intelligenter Chip, automatische Abschaltung nach 10 Minuten, um Muskelsch\u00e4den zu verhindern.<br \/>\nSCHNELLES AUFLADEN DANK USB-C: Sie m\u00fcssen sich keine Sorgen mehr um das Aufladen auf Reisen machen. Diese Muskelmassagepistole kann durch USB (Typ C) mit 5V\/2A Adapter (nicht im Lieferumfang enthalten) aufgeladen werden, und es kann auch durch Powerbank aufgeladen werden.<br \/>\nSEHR LEISER MOTOR: Die Massage Gun verf\u00fcgt \u00fcber eine ger\u00e4uscharme Technologie, die ein leistungsstarkes, aber ger\u00e4uscharmes Erlebnis bietet (nicht mehr als 45 dB). Es ist die perfekte Wahl f\u00fcr alle, die eine entspannende Massage in den eigenen vier W\u00e4nden genie\u00dfen m\u00f6chten.<br \/>\nLEICHT UND HADLICH: Eccioun Massagepistole wiegt nur 0,7kg, ist viel leichter als andere Massagepistolen derselben Gr\u00f6\u00dfe und macht es so einfach, w\u00e4hrend der gesamten Massage zu tragen.<br \/>\n<div class=\"main-cross-sell\" data-asin=\"B0BQMG4ZJQ\">\n\n\t<div class=\"WooZone-cross-sell-loader\">\n\t\t<div>\n\t\t\t<div id=\"floatingBarsG\">\n\t\t\t\t<div class=\"blockG\" id=\"rotateG_01\"><\/div>\n\t\t\t\t<div class=\"blockG\" id=\"rotateG_02\"><\/div>\n\t\t\t\t<div class=\"blockG\" id=\"rotateG_03\"><\/div>\n\t\t\t\t<div class=\"blockG\" id=\"rotateG_04\"><\/div>\n\t\t\t\t<div class=\"blockG\" id=\"rotateG_05\"><\/div>\n\t\t\t\t<div class=\"blockG\" id=\"rotateG_06\"><\/div>\n\t\t\t\t<div class=\"blockG\" id=\"rotateG_07\"><\/div>\n\t\t\t\t<div class=\"blockG\" id=\"rotateG_08\"><\/div>\n\t\t\t<\/div>\n\t\t\t<div class=\"WooZone-cross-sell-loader-text\"><\/div>\n\t\t<\/div>\n\t<\/div>\n\n\t\t\n<\/div>\n<div style=\"clear:both;\"><\/div><\/p>\n","protected":false},"excerpt":{"rendered":"<p>H\u00d6CHST EFFEKTIVE RELAXING MASSAGEPISTOLE: Eccioun Massagepistole kann das tiefe Gewebe mit Percussion entspannen, Muskelkater lindern und die Durchblutung f\u00f6rdern, bringt ein angenehmes Gef\u00fchl in Ihre Muskeln und K\u00f6rper. Wenn Sie nach einem Geschenk suchen, ist das Massageger\u00e4t das beste Geschenk f\u00fcr sich selbst, Eltern, Freunde und Liebhaber.<br \/>\nSTABILE UND KRAFTVOLLE LEISTUNG: 5 Geschwindigkeitsstufen, bis zu 3400 U\/min. Die massage pistole ist mit einer wiederaufladbaren hochwertigen 2600mAh Lithium-Batterie ausgestattet und kann nach 2-3 Stunden voller Aufladung bis zu 5-6 Stunden verwenden. Integrierter intelligenter Chip, automatische Abschaltung nach 10 Minuten, um Muskelsch\u00e4den zu verhindern.<br \/>\nSCHNELLES AUFLADEN DANK USB-C: Sie m\u00fcssen sich keine Sorgen mehr um das Aufladen auf Reisen machen. Diese Muskelmassagepistole kann durch USB (Typ C) mit 5V\/2A Adapter (nicht im Lieferumfang enthalten) aufgeladen werden, und es kann auch durch Powerbank aufgeladen werden.<\/p>\n","protected":false},"featured_media":202691,"comment_status":"open","ping_status":"closed","template":"","meta":[],"product_brand":[],"product_cat":[566],"product_tag":[],"class_list":{"0":"post-202690","1":"product","2":"type-product","3":"status-publish","4":"has-post-thumbnail","6":"product_cat-drogerie-koerperpflege","7":"pa_brand-eccioun","8":"pa_height-7-6771653465-zoll","9":"pa_length-7-086614166-zoll","10":"pa_manufacturer-shenzhen-panshi-precision-technology-co-ltd","11":"pa_model-jx-600","12":"pa_weight-1-543235834-pfund","13":"pa_width-2-1653543285-zoll","15":"first","16":"instock","17":"shipping-taxable","18":"purchasable","19":"product-type-simple","20":"customify-col","21":"product-has-gallery"},"yoast_head":"<!-- This site is optimized with the Yoast SEO plugin v27.4 - https:\/\/yoast.com\/product\/yoast-seo-wordpress\/ -->\n<title>Massagepistole, Eccioun Massage Gun Muskel Massageger\u00e4t mit 2500mAh Akku, 6 Massagek\u00f6pfen und USB C Ladeanschluss, Handmassageger\u00e4te Massage Pistole f\u00fcr Schulter R\u00fccken Entspannung - Markt-XXL<\/title>\n<meta name=\"description\" content=\"Markt-XXL Massagepistole, Eccioun Massage Gun Muskel Massageger\u00e4t mit 2500mAh Akku, 6 Massagek\u00f6pfen und USB C Ladeanschluss, Handmassageger\u00e4te Massage Pistole f\u00fcr Schulter R\u00fccken Entspannung\" \/>\n<meta name=\"robots\" content=\"index, follow, max-snippet:-1, max-image-preview:large, max-video-preview:-1\" \/>\n<link rel=\"canonical\" href=\"https:\/\/marktxxl.de\/markt\/produkt\/massagepistole-eccioun-massage-gun-muskel-massagegeraet-mit-2500mah-akku-6-massagekoepfen-und-usb-c-ladeanschluss-handmassagegeraete-massage-pistole-fuer-schulter-ruecken-entspannung\/\" \/>\n<meta property=\"og:locale\" content=\"de_DE\" \/>\n<meta property=\"og:type\" content=\"article\" \/>\n<meta property=\"og:title\" content=\"Massagepistole, Eccioun Massage Gun Muskel Massageger\u00e4t mit 2500mAh Akku, 6 Massagek\u00f6pfen und USB C Ladeanschluss, Handmassageger\u00e4te Massage Pistole f\u00fcr Schulter R\u00fccken Entspannung - Markt-XXL\" \/>\n<meta property=\"og:description\" content=\"Markt-XXL Massagepistole, Eccioun Massage Gun Muskel Massageger\u00e4t mit 2500mAh Akku, 6 Massagek\u00f6pfen und USB C Ladeanschluss, Handmassageger\u00e4te Massage Pistole f\u00fcr Schulter R\u00fccken Entspannung\" \/>\n<meta property=\"og:url\" content=\"https:\/\/marktxxl.de\/markt\/produkt\/massagepistole-eccioun-massage-gun-muskel-massagegeraet-mit-2500mah-akku-6-massagekoepfen-und-usb-c-ladeanschluss-handmassagegeraete-massage-pistole-fuer-schulter-ruecken-entspannung\/\" \/>\n<meta property=\"og:site_name\" content=\"Markt-XXL\" \/>\n<meta name=\"twitter:card\" content=\"summary_large_image\" \/>\n<meta name=\"twitter:label1\" content=\"Gesch\u00e4tzte Lesezeit\" \/>\n\t<meta name=\"twitter:data1\" content=\"1\u00a0Minute\" \/>\n<script type=\"application\/ld+json\" class=\"yoast-schema-graph\">{\"@context\":\"https:\\\/\\\/schema.org\",\"@graph\":[{\"@type\":\"WebPage\",\"@id\":\"https:\\\/\\\/marktxxl.de\\\/markt\\\/produkt\\\/massagepistole-eccioun-massage-gun-muskel-massagegeraet-mit-2500mah-akku-6-massagekoepfen-und-usb-c-ladeanschluss-handmassagegeraete-massage-pistole-fuer-schulter-ruecken-entspannung\\\/\",\"url\":\"https:\\\/\\\/marktxxl.de\\\/markt\\\/produkt\\\/massagepistole-eccioun-massage-gun-muskel-massagegeraet-mit-2500mah-akku-6-massagekoepfen-und-usb-c-ladeanschluss-handmassagegeraete-massage-pistole-fuer-schulter-ruecken-entspannung\\\/\",\"name\":\"Massagepistole, Eccioun Massage Gun Muskel Massageger\u00e4t mit 2500mAh Akku, 6 Massagek\u00f6pfen und USB C Ladeanschluss, Handmassageger\u00e4te Massage Pistole f\u00fcr Schulter R\u00fccken Entspannung - Markt-XXL\",\"isPartOf\":{\"@id\":\"https:\\\/\\\/marktxxl.de\\\/markt\\\/#website\"},\"primaryImageOfPage\":{\"@id\":\"https:\\\/\\\/marktxxl.de\\\/markt\\\/produkt\\\/massagepistole-eccioun-massage-gun-muskel-massagegeraet-mit-2500mah-akku-6-massagekoepfen-und-usb-c-ladeanschluss-handmassagegeraete-massage-pistole-fuer-schulter-ruecken-entspannung\\\/#primaryimage\"},\"image\":{\"@id\":\"https:\\\/\\\/marktxxl.de\\\/markt\\\/produkt\\\/massagepistole-eccioun-massage-gun-muskel-massagegeraet-mit-2500mah-akku-6-massagekoepfen-und-usb-c-ladeanschluss-handmassagegeraete-massage-pistole-fuer-schulter-ruecken-entspannung\\\/#primaryimage\"},\"thumbnailUrl\":\"https:\\\/\\\/m.media-amazon.com\\\/images\\\/I\\\/415W18RVvJL._SL500_.jpg\",\"datePublished\":\"2023-04-10T13:46:42+00:00\",\"description\":\"Markt-XXL Massagepistole, Eccioun Massage Gun Muskel Massageger\u00e4t mit 2500mAh Akku, 6 Massagek\u00f6pfen und USB C Ladeanschluss, Handmassageger\u00e4te Massage Pistole f\u00fcr Schulter R\u00fccken Entspannung\",\"breadcrumb\":{\"@id\":\"https:\\\/\\\/marktxxl.de\\\/markt\\\/produkt\\\/massagepistole-eccioun-massage-gun-muskel-massagegeraet-mit-2500mah-akku-6-massagekoepfen-und-usb-c-ladeanschluss-handmassagegeraete-massage-pistole-fuer-schulter-ruecken-entspannung\\\/#breadcrumb\"},\"inLanguage\":\"de\",\"potentialAction\":[{\"@type\":\"ReadAction\",\"target\":[\"https:\\\/\\\/marktxxl.de\\\/markt\\\/produkt\\\/massagepistole-eccioun-massage-gun-muskel-massagegeraet-mit-2500mah-akku-6-massagekoepfen-und-usb-c-ladeanschluss-handmassagegeraete-massage-pistole-fuer-schulter-ruecken-entspannung\\\/\"]}]},{\"@type\":\"ImageObject\",\"inLanguage\":\"de\",\"@id\":\"https:\\\/\\\/marktxxl.de\\\/markt\\\/produkt\\\/massagepistole-eccioun-massage-gun-muskel-massagegeraet-mit-2500mah-akku-6-massagekoepfen-und-usb-c-ladeanschluss-handmassagegeraete-massage-pistole-fuer-schulter-ruecken-entspannung\\\/#primaryimage\",\"url\":\"https:\\\/\\\/m.media-amazon.com\\\/images\\\/I\\\/415W18RVvJL._SL500_.jpg\",\"contentUrl\":\"https:\\\/\\\/m.media-amazon.com\\\/images\\\/I\\\/415W18RVvJL._SL500_.jpg\",\"width\":500,\"height\":500},{\"@type\":\"BreadcrumbList\",\"@id\":\"https:\\\/\\\/marktxxl.de\\\/markt\\\/produkt\\\/massagepistole-eccioun-massage-gun-muskel-massagegeraet-mit-2500mah-akku-6-massagekoepfen-und-usb-c-ladeanschluss-handmassagegeraete-massage-pistole-fuer-schulter-ruecken-entspannung\\\/#breadcrumb\",\"itemListElement\":[{\"@type\":\"ListItem\",\"position\":1,\"name\":\"Startseite\",\"item\":\"https:\\\/\\\/marktxxl.de\\\/markt\\\/\"},{\"@type\":\"ListItem\",\"position\":2,\"name\":\"Markt\",\"item\":\"https:\\\/\\\/marktxxl.de\\\/markt\\\/\"},{\"@type\":\"ListItem\",\"position\":3,\"name\":\"Massagepistole, Eccioun Massage Gun Muskel Massageger\u00e4t mit 2500mAh Akku, 6 Massagek\u00f6pfen und USB C Ladeanschluss, Handmassageger\u00e4te Massage Pistole f\u00fcr Schulter R\u00fccken Entspannung\"}]},{\"@type\":\"WebSite\",\"@id\":\"https:\\\/\\\/marktxxl.de\\\/markt\\\/#website\",\"url\":\"https:\\\/\\\/marktxxl.de\\\/markt\\\/\",\"name\":\"Markt-XXL\",\"description\":\"Ihr Markt Online\",\"publisher\":{\"@id\":\"https:\\\/\\\/marktxxl.de\\\/markt\\\/#organization\"},\"potentialAction\":[{\"@type\":\"SearchAction\",\"target\":{\"@type\":\"EntryPoint\",\"urlTemplate\":\"https:\\\/\\\/marktxxl.de\\\/markt\\\/?s={search_term_string}\"},\"query-input\":{\"@type\":\"PropertyValueSpecification\",\"valueRequired\":true,\"valueName\":\"search_term_string\"}}],\"inLanguage\":\"de\"},{\"@type\":\"Organization\",\"@id\":\"https:\\\/\\\/marktxxl.de\\\/markt\\\/#organization\",\"name\":\"Markt-XXL\",\"url\":\"https:\\\/\\\/marktxxl.de\\\/markt\\\/\",\"logo\":{\"@type\":\"ImageObject\",\"inLanguage\":\"de\",\"@id\":\"https:\\\/\\\/marktxxl.de\\\/markt\\\/#\\\/schema\\\/logo\\\/image\\\/\",\"url\":\"https:\\\/\\\/marktxxl.de\\\/markt\\\/wp-content\\\/uploads\\\/sites\\\/3\\\/2020\\\/12\\\/logo.png\",\"contentUrl\":\"https:\\\/\\\/marktxxl.de\\\/markt\\\/wp-content\\\/uploads\\\/sites\\\/3\\\/2020\\\/12\\\/logo.png\",\"width\":200,\"height\":70,\"caption\":\"Markt-XXL\"},\"image\":{\"@id\":\"https:\\\/\\\/marktxxl.de\\\/markt\\\/#\\\/schema\\\/logo\\\/image\\\/\"}}]}<\/script>\n<!-- \/ Yoast SEO plugin. -->","yoast_head_json":{"title":"Massagepistole, Eccioun Massage Gun Muskel Massageger\u00e4t mit 2500mAh Akku, 6 Massagek\u00f6pfen und USB C Ladeanschluss, Handmassageger\u00e4te Massage Pistole f\u00fcr Schulter R\u00fccken Entspannung - Markt-XXL","description":"Markt-XXL Massagepistole, Eccioun Massage Gun Muskel Massageger\u00e4t mit 2500mAh Akku, 6 Massagek\u00f6pfen und USB C Ladeanschluss, Handmassageger\u00e4te Massage Pistole f\u00fcr Schulter R\u00fccken Entspannung","robots":{"index":"index","follow":"follow","max-snippet":"max-snippet:-1","max-image-preview":"max-image-preview:large","max-video-preview":"max-video-preview:-1"},"canonical":"https:\/\/marktxxl.de\/markt\/produkt\/massagepistole-eccioun-massage-gun-muskel-massagegeraet-mit-2500mah-akku-6-massagekoepfen-und-usb-c-ladeanschluss-handmassagegeraete-massage-pistole-fuer-schulter-ruecken-entspannung\/","og_locale":"de_DE","og_type":"article","og_title":"Massagepistole, Eccioun Massage Gun Muskel Massageger\u00e4t mit 2500mAh Akku, 6 Massagek\u00f6pfen und USB C Ladeanschluss, Handmassageger\u00e4te Massage Pistole f\u00fcr Schulter R\u00fccken Entspannung - Markt-XXL","og_description":"Markt-XXL Massagepistole, Eccioun Massage Gun Muskel Massageger\u00e4t mit 2500mAh Akku, 6 Massagek\u00f6pfen und USB C Ladeanschluss, Handmassageger\u00e4te Massage Pistole f\u00fcr Schulter R\u00fccken Entspannung","og_url":"https:\/\/marktxxl.de\/markt\/produkt\/massagepistole-eccioun-massage-gun-muskel-massagegeraet-mit-2500mah-akku-6-massagekoepfen-und-usb-c-ladeanschluss-handmassagegeraete-massage-pistole-fuer-schulter-ruecken-entspannung\/","og_site_name":"Markt-XXL","twitter_card":"summary_large_image","twitter_misc":{"Gesch\u00e4tzte Lesezeit":"1\u00a0Minute"},"schema":{"@context":"https:\/\/schema.org","@graph":[{"@type":"WebPage","@id":"https:\/\/marktxxl.de\/markt\/produkt\/massagepistole-eccioun-massage-gun-muskel-massagegeraet-mit-2500mah-akku-6-massagekoepfen-und-usb-c-ladeanschluss-handmassagegeraete-massage-pistole-fuer-schulter-ruecken-entspannung\/","url":"https:\/\/marktxxl.de\/markt\/produkt\/massagepistole-eccioun-massage-gun-muskel-massagegeraet-mit-2500mah-akku-6-massagekoepfen-und-usb-c-ladeanschluss-handmassagegeraete-massage-pistole-fuer-schulter-ruecken-entspannung\/","name":"Massagepistole, Eccioun Massage Gun Muskel Massageger\u00e4t mit 2500mAh Akku, 6 Massagek\u00f6pfen und USB C Ladeanschluss, Handmassageger\u00e4te Massage Pistole f\u00fcr Schulter R\u00fccken Entspannung - Markt-XXL","isPartOf":{"@id":"https:\/\/marktxxl.de\/markt\/#website"},"primaryImageOfPage":{"@id":"https:\/\/marktxxl.de\/markt\/produkt\/massagepistole-eccioun-massage-gun-muskel-massagegeraet-mit-2500mah-akku-6-massagekoepfen-und-usb-c-ladeanschluss-handmassagegeraete-massage-pistole-fuer-schulter-ruecken-entspannung\/#primaryimage"},"image":{"@id":"https:\/\/marktxxl.de\/markt\/produkt\/massagepistole-eccioun-massage-gun-muskel-massagegeraet-mit-2500mah-akku-6-massagekoepfen-und-usb-c-ladeanschluss-handmassagegeraete-massage-pistole-fuer-schulter-ruecken-entspannung\/#primaryimage"},"thumbnailUrl":"https:\/\/m.media-amazon.com\/images\/I\/415W18RVvJL._SL500_.jpg","datePublished":"2023-04-10T13:46:42+00:00","description":"Markt-XXL Massagepistole, Eccioun Massage Gun Muskel Massageger\u00e4t mit 2500mAh Akku, 6 Massagek\u00f6pfen und USB C Ladeanschluss, Handmassageger\u00e4te Massage Pistole f\u00fcr Schulter R\u00fccken Entspannung","breadcrumb":{"@id":"https:\/\/marktxxl.de\/markt\/produkt\/massagepistole-eccioun-massage-gun-muskel-massagegeraet-mit-2500mah-akku-6-massagekoepfen-und-usb-c-ladeanschluss-handmassagegeraete-massage-pistole-fuer-schulter-ruecken-entspannung\/#breadcrumb"},"inLanguage":"de","potentialAction":[{"@type":"ReadAction","target":["https:\/\/marktxxl.de\/markt\/produkt\/massagepistole-eccioun-massage-gun-muskel-massagegeraet-mit-2500mah-akku-6-massagekoepfen-und-usb-c-ladeanschluss-handmassagegeraete-massage-pistole-fuer-schulter-ruecken-entspannung\/"]}]},{"@type":"ImageObject","inLanguage":"de","@id":"https:\/\/marktxxl.de\/markt\/produkt\/massagepistole-eccioun-massage-gun-muskel-massagegeraet-mit-2500mah-akku-6-massagekoepfen-und-usb-c-ladeanschluss-handmassagegeraete-massage-pistole-fuer-schulter-ruecken-entspannung\/#primaryimage","url":"https:\/\/m.media-amazon.com\/images\/I\/415W18RVvJL._SL500_.jpg","contentUrl":"https:\/\/m.media-amazon.com\/images\/I\/415W18RVvJL._SL500_.jpg","width":500,"height":500},{"@type":"BreadcrumbList","@id":"https:\/\/marktxxl.de\/markt\/produkt\/massagepistole-eccioun-massage-gun-muskel-massagegeraet-mit-2500mah-akku-6-massagekoepfen-und-usb-c-ladeanschluss-handmassagegeraete-massage-pistole-fuer-schulter-ruecken-entspannung\/#breadcrumb","itemListElement":[{"@type":"ListItem","position":1,"name":"Startseite","item":"https:\/\/marktxxl.de\/markt\/"},{"@type":"ListItem","position":2,"name":"Markt","item":"https:\/\/marktxxl.de\/markt\/"},{"@type":"ListItem","position":3,"name":"Massagepistole, Eccioun Massage Gun Muskel Massageger\u00e4t mit 2500mAh Akku, 6 Massagek\u00f6pfen und USB C Ladeanschluss, Handmassageger\u00e4te Massage Pistole f\u00fcr Schulter R\u00fccken Entspannung"}]},{"@type":"WebSite","@id":"https:\/\/marktxxl.de\/markt\/#website","url":"https:\/\/marktxxl.de\/markt\/","name":"Markt-XXL","description":"Ihr Markt Online","publisher":{"@id":"https:\/\/marktxxl.de\/markt\/#organization"},"potentialAction":[{"@type":"SearchAction","target":{"@type":"EntryPoint","urlTemplate":"https:\/\/marktxxl.de\/markt\/?s={search_term_string}"},"query-input":{"@type":"PropertyValueSpecification","valueRequired":true,"valueName":"search_term_string"}}],"inLanguage":"de"},{"@type":"Organization","@id":"https:\/\/marktxxl.de\/markt\/#organization","name":"Markt-XXL","url":"https:\/\/marktxxl.de\/markt\/","logo":{"@type":"ImageObject","inLanguage":"de","@id":"https:\/\/marktxxl.de\/markt\/#\/schema\/logo\/image\/","url":"https:\/\/marktxxl.de\/markt\/wp-content\/uploads\/sites\/3\/2020\/12\/logo.png","contentUrl":"https:\/\/marktxxl.de\/markt\/wp-content\/uploads\/sites\/3\/2020\/12\/logo.png","width":200,"height":70,"caption":"Markt-XXL"},"image":{"@id":"https:\/\/marktxxl.de\/markt\/#\/schema\/logo\/image\/"}}]}},"_links":{"self":[{"href":"https:\/\/marktxxl.de\/markt\/wp-json\/wp\/v2\/product\/202690","targetHints":{"allow":["GET"]}}],"collection":[{"href":"https:\/\/marktxxl.de\/markt\/wp-json\/wp\/v2\/product"}],"about":[{"href":"https:\/\/marktxxl.de\/markt\/wp-json\/wp\/v2\/types\/product"}],"replies":[{"embeddable":true,"href":"https:\/\/marktxxl.de\/markt\/wp-json\/wp\/v2\/comments?post=202690"}],"wp:featuredmedia":[{"embeddable":true,"href":"https:\/\/marktxxl.de\/markt\/wp-json\/wp\/v2\/media\/202691"}],"wp:attachment":[{"href":"https:\/\/marktxxl.de\/markt\/wp-json\/wp\/v2\/media?parent=202690"}],"wp:term":[{"taxonomy":"product_brand","embeddable":true,"href":"https:\/\/marktxxl.de\/markt\/wp-json\/wp\/v2\/product_brand?post=202690"},{"taxonomy":"product_cat","embeddable":true,"href":"https:\/\/marktxxl.de\/markt\/wp-json\/wp\/v2\/product_cat?post=202690"},{"taxonomy":"product_tag","embeddable":true,"href":"https:\/\/marktxxl.de\/markt\/wp-json\/wp\/v2\/product_tag?post=202690"}],"curies":[{"name":"wp","href":"https:\/\/api.w.org\/{rel}","templated":true}]}}