{"id":202585,"date":"2023-04-10T15:18:08","date_gmt":"2023-04-10T13:18:08","guid":{"rendered":"https:\/\/marktxxl.de\/markt\/produkt\/lovebug-preisgekroentes-probiotikum-fuer-kleinkinder-und-kinder-multi-strain-15-milliarden-cfu-leicht-einzunehmendes-pulver-zuckerfrei-alter-12-monate-bis-4-jahre-30-pakete\/"},"modified":"2023-04-10T15:18:08","modified_gmt":"2023-04-10T13:18:08","slug":"lovebug-preisgekroentes-probiotikum-fuer-kleinkinder-und-kinder-multi-strain-15-milliarden-cfu-leicht-einzunehmendes-pulver-zuckerfrei-alter-12-monate-bis-4-jahre-30-pakete","status":"publish","type":"product","link":"https:\/\/marktxxl.de\/markt\/produkt\/lovebug-preisgekroentes-probiotikum-fuer-kleinkinder-und-kinder-multi-strain-15-milliarden-cfu-leicht-einzunehmendes-pulver-zuckerfrei-alter-12-monate-bis-4-jahre-30-pakete\/","title":{"rendered":"Lovebug preisgekr\u00f6ntes Probiotikum f\u00fcr Kleinkinder und Kinder | Multi-Strain 15 Milliarden CFU | Leicht einzunehmendes Pulver | Zuckerfrei | Alter 12 Monate bis 4 Jahre | 30 Pakete"},"content":{"rendered":"<p>VERDAUUNGSST\u00d6RUNG, DURCHFALL &amp; VERSTOPFUNG. Kleinkinder und Kleinkinder haben empfindliche Darmmikrobiome, die spezifische St\u00e4mme von Probiotika ben\u00f6tigen, um das Gleichgewicht wiederherzustellen. LoveBug Toddler &amp; Kids Probiotics verwendet 8 klinisch getestete Probiotikast\u00e4mme, die f\u00fcr Kleinkinder und Kinder untersucht wurden.<br \/>\nAUSGEZEICHNET. Lovebug Toddler Probiotics ist der stolze Empf\u00e4nger des Gold Medal Mom&#8217;s Choice Award, des Eco-Excellence Award und verschiedener weithin anerkannter Auszeichnungen als &#8220;Produkt des Jahres&#8221;. Diese Auszeichnungen w\u00fcrdigen das Engagement von Lovebug nicht nur f\u00fcr Qualit\u00e4t und Reinheit, sondern auch f\u00fcr die Herstellung von Produkten, die den einzigartigen Bed\u00fcrfnissen von Kleinkindern und Kleinkindern gerecht werden.<br \/>\nEINFACH ZU EINNEHMENDES PULVER. Ein geschmackloses Pulver, das in (und auf) alles passt. Lovebug Kleinkind-Probiotikum ist in der Lage, die klinische Portionsmenge von 15 Milliarden CFUs (im Gegensatz zu Gummis) und die Benutzerfreundlichkeit (im Gegensatz zu Pillen und Kautabletten) zu erreichen. Puder gelten allgemein als der \u201eSweet Spot\u201c f\u00fcr Kinder unter 4 Jahren.<br \/>\nLOVEBUG \u2013 DER NAME, DEM SIE IN PROBIOTIKA F\u00dcR DIE FAMILIE VERTRAUEN. Von einer Mutter f\u00fcr M\u00fctter entwickelt und von M\u00fcttern auf der ganzen Welt gesch\u00e4tzt, deckt unsere gestaffelte Probiotika-Reihe die ganze Familie ab. Alle unsere Produkte werden von Dritten getestet und in den USA in einer GMP-registrierten Einrichtung nach h\u00f6chsten Qualit\u00e4tsstandards hergestellt.<br \/>\n<div class=\"main-cross-sell\" data-asin=\"B01HLSK5NA\">\n\n\t<div class=\"WooZone-cross-sell-loader\">\n\t\t<div>\n\t\t\t<div id=\"floatingBarsG\">\n\t\t\t\t<div class=\"blockG\" id=\"rotateG_01\"><\/div>\n\t\t\t\t<div class=\"blockG\" id=\"rotateG_02\"><\/div>\n\t\t\t\t<div class=\"blockG\" id=\"rotateG_03\"><\/div>\n\t\t\t\t<div class=\"blockG\" id=\"rotateG_04\"><\/div>\n\t\t\t\t<div class=\"blockG\" id=\"rotateG_05\"><\/div>\n\t\t\t\t<div class=\"blockG\" id=\"rotateG_06\"><\/div>\n\t\t\t\t<div class=\"blockG\" id=\"rotateG_07\"><\/div>\n\t\t\t\t<div class=\"blockG\" id=\"rotateG_08\"><\/div>\n\t\t\t<\/div>\n\t\t\t<div class=\"WooZone-cross-sell-loader-text\"><\/div>\n\t\t<\/div>\n\t<\/div>\n\n\t\t\n<\/div>\n<div style=\"clear:both;\"><\/div><\/p>\n","protected":false},"excerpt":{"rendered":"<p>VERDAUUNGSST\u00d6RUNG, DURCHFALL &amp; VERSTOPFUNG. Kleinkinder und Kleinkinder haben empfindliche Darmmikrobiome, die spezifische St\u00e4mme von Probiotika ben\u00f6tigen, um das Gleichgewicht wiederherzustellen. LoveBug Toddler &amp; Kids Probiotics verwendet 8 klinisch getestete Probiotikast\u00e4mme, die f\u00fcr Kleinkinder und Kinder untersucht wurden.<br \/>\nAUSGEZEICHNET. Lovebug Toddler Probiotics ist der stolze Empf\u00e4nger des Gold Medal Mom&#8217;s Choice Award, des Eco-Excellence Award und verschiedener weithin anerkannter Auszeichnungen als &#8220;Produkt des Jahres&#8221;. Diese Auszeichnungen w\u00fcrdigen das Engagement von Lovebug nicht nur f\u00fcr Qualit\u00e4t und Reinheit, sondern auch f\u00fcr die Herstellung von Produkten, die den einzigartigen Bed\u00fcrfnissen von Kleinkindern und Kleinkindern gerecht werden.<br \/>\nEINFACH ZU EINNEHMENDES PULVER. Ein geschmackloses Pulver, das in (und auf) alles passt. Lovebug Kleinkind-Probiotikum ist in der Lage, die klinische Portionsmenge von 15 Milliarden CFUs (im Gegensatz zu Gummis) und die Benutzerfreundlichkeit (im Gegensatz zu Pillen und Kautabletten) zu erreichen. Puder gelten allgemein als der \u201eSweet Spot\u201c f\u00fcr Kinder unter 4 Jahren.<\/p>\n","protected":false},"featured_media":202586,"comment_status":"open","ping_status":"closed","template":"","meta":[],"product_brand":[],"product_cat":[566,6375],"product_tag":[],"class_list":{"0":"post-202585","1":"product","2":"type-product","3":"status-publish","4":"has-post-thumbnail","6":"product_cat-drogerie-koerperpflege","7":"product_cat-vitamine-mineralien-ergaenzungsmittel","8":"pa_binding-badartikel","9":"pa_brand-lovebug-probiotics","10":"pa_color-kinder-12-monate-bis-4-jahre","11":"pa_height-3-9-zoll","12":"pa_length-3-1-zoll","13":"pa_manufacturer-lovebug-nutrition-inc","14":"pa_size-30-stueck-pack-von-1","15":"pa_weight-0-1-pfund","16":"pa_width-1-5-zoll","18":"first","19":"instock","20":"shipping-taxable","21":"purchasable","22":"product-type-simple","23":"customify-col","24":"product-has-gallery"},"yoast_head":"<!-- This site is optimized with the Yoast SEO plugin v27.3 - https:\/\/yoast.com\/product\/yoast-seo-wordpress\/ -->\n<title>Lovebug preisgekr\u00f6ntes Probiotikum f\u00fcr Kleinkinder und Kinder | Multi-Strain 15 Milliarden CFU | Leicht einzunehmendes Pulver | Zuckerfrei | Alter 12 Monate bis 4 Jahre | 30 Pakete - Markt-XXL<\/title>\n<meta name=\"description\" content=\"Markt-XXL Lovebug preisgekr\u00f6ntes Probiotikum f\u00fcr Kleinkinder und Kinder | Multi-Strain 15 Milliarden CFU | Leicht einzunehmendes Pulver | Zuckerfrei | Alter 12 Monate bis 4 Jahre | 30 Pakete\" \/>\n<meta name=\"robots\" content=\"index, follow, max-snippet:-1, max-image-preview:large, max-video-preview:-1\" \/>\n<link rel=\"canonical\" href=\"https:\/\/marktxxl.de\/markt\/produkt\/lovebug-preisgekroentes-probiotikum-fuer-kleinkinder-und-kinder-multi-strain-15-milliarden-cfu-leicht-einzunehmendes-pulver-zuckerfrei-alter-12-monate-bis-4-jahre-30-pakete\/\" \/>\n<meta property=\"og:locale\" content=\"de_DE\" \/>\n<meta property=\"og:type\" content=\"article\" \/>\n<meta property=\"og:title\" content=\"Lovebug preisgekr\u00f6ntes Probiotikum f\u00fcr Kleinkinder und Kinder | Multi-Strain 15 Milliarden CFU | Leicht einzunehmendes Pulver | Zuckerfrei | Alter 12 Monate bis 4 Jahre | 30 Pakete - Markt-XXL\" \/>\n<meta property=\"og:description\" content=\"Markt-XXL Lovebug preisgekr\u00f6ntes Probiotikum f\u00fcr Kleinkinder und Kinder | Multi-Strain 15 Milliarden CFU | Leicht einzunehmendes Pulver | Zuckerfrei | Alter 12 Monate bis 4 Jahre | 30 Pakete\" \/>\n<meta property=\"og:url\" content=\"https:\/\/marktxxl.de\/markt\/produkt\/lovebug-preisgekroentes-probiotikum-fuer-kleinkinder-und-kinder-multi-strain-15-milliarden-cfu-leicht-einzunehmendes-pulver-zuckerfrei-alter-12-monate-bis-4-jahre-30-pakete\/\" \/>\n<meta property=\"og:site_name\" content=\"Markt-XXL\" \/>\n<meta name=\"twitter:card\" content=\"summary_large_image\" \/>\n<meta name=\"twitter:label1\" content=\"Gesch\u00e4tzte Lesezeit\" \/>\n\t<meta name=\"twitter:data1\" content=\"1\u00a0Minute\" \/>\n<script type=\"application\/ld+json\" class=\"yoast-schema-graph\">{\"@context\":\"https:\\\/\\\/schema.org\",\"@graph\":[{\"@type\":\"WebPage\",\"@id\":\"https:\\\/\\\/marktxxl.de\\\/markt\\\/produkt\\\/lovebug-preisgekroentes-probiotikum-fuer-kleinkinder-und-kinder-multi-strain-15-milliarden-cfu-leicht-einzunehmendes-pulver-zuckerfrei-alter-12-monate-bis-4-jahre-30-pakete\\\/\",\"url\":\"https:\\\/\\\/marktxxl.de\\\/markt\\\/produkt\\\/lovebug-preisgekroentes-probiotikum-fuer-kleinkinder-und-kinder-multi-strain-15-milliarden-cfu-leicht-einzunehmendes-pulver-zuckerfrei-alter-12-monate-bis-4-jahre-30-pakete\\\/\",\"name\":\"Lovebug preisgekr\u00f6ntes Probiotikum f\u00fcr Kleinkinder und Kinder | Multi-Strain 15 Milliarden CFU | Leicht einzunehmendes Pulver | Zuckerfrei | Alter 12 Monate bis 4 Jahre | 30 Pakete - Markt-XXL\",\"isPartOf\":{\"@id\":\"https:\\\/\\\/marktxxl.de\\\/markt\\\/#website\"},\"primaryImageOfPage\":{\"@id\":\"https:\\\/\\\/marktxxl.de\\\/markt\\\/produkt\\\/lovebug-preisgekroentes-probiotikum-fuer-kleinkinder-und-kinder-multi-strain-15-milliarden-cfu-leicht-einzunehmendes-pulver-zuckerfrei-alter-12-monate-bis-4-jahre-30-pakete\\\/#primaryimage\"},\"image\":{\"@id\":\"https:\\\/\\\/marktxxl.de\\\/markt\\\/produkt\\\/lovebug-preisgekroentes-probiotikum-fuer-kleinkinder-und-kinder-multi-strain-15-milliarden-cfu-leicht-einzunehmendes-pulver-zuckerfrei-alter-12-monate-bis-4-jahre-30-pakete\\\/#primaryimage\"},\"thumbnailUrl\":\"https:\\\/\\\/m.media-amazon.com\\\/images\\\/I\\\/51zEP5sI2oL._SL500_.jpg\",\"datePublished\":\"2023-04-10T13:18:08+00:00\",\"description\":\"Markt-XXL Lovebug preisgekr\u00f6ntes Probiotikum f\u00fcr Kleinkinder und Kinder | Multi-Strain 15 Milliarden CFU | Leicht einzunehmendes Pulver | Zuckerfrei | Alter 12 Monate bis 4 Jahre | 30 Pakete\",\"breadcrumb\":{\"@id\":\"https:\\\/\\\/marktxxl.de\\\/markt\\\/produkt\\\/lovebug-preisgekroentes-probiotikum-fuer-kleinkinder-und-kinder-multi-strain-15-milliarden-cfu-leicht-einzunehmendes-pulver-zuckerfrei-alter-12-monate-bis-4-jahre-30-pakete\\\/#breadcrumb\"},\"inLanguage\":\"de\",\"potentialAction\":[{\"@type\":\"ReadAction\",\"target\":[\"https:\\\/\\\/marktxxl.de\\\/markt\\\/produkt\\\/lovebug-preisgekroentes-probiotikum-fuer-kleinkinder-und-kinder-multi-strain-15-milliarden-cfu-leicht-einzunehmendes-pulver-zuckerfrei-alter-12-monate-bis-4-jahre-30-pakete\\\/\"]}]},{\"@type\":\"ImageObject\",\"inLanguage\":\"de\",\"@id\":\"https:\\\/\\\/marktxxl.de\\\/markt\\\/produkt\\\/lovebug-preisgekroentes-probiotikum-fuer-kleinkinder-und-kinder-multi-strain-15-milliarden-cfu-leicht-einzunehmendes-pulver-zuckerfrei-alter-12-monate-bis-4-jahre-30-pakete\\\/#primaryimage\",\"url\":\"https:\\\/\\\/m.media-amazon.com\\\/images\\\/I\\\/51zEP5sI2oL._SL500_.jpg\",\"contentUrl\":\"https:\\\/\\\/m.media-amazon.com\\\/images\\\/I\\\/51zEP5sI2oL._SL500_.jpg\",\"width\":420,\"height\":500},{\"@type\":\"BreadcrumbList\",\"@id\":\"https:\\\/\\\/marktxxl.de\\\/markt\\\/produkt\\\/lovebug-preisgekroentes-probiotikum-fuer-kleinkinder-und-kinder-multi-strain-15-milliarden-cfu-leicht-einzunehmendes-pulver-zuckerfrei-alter-12-monate-bis-4-jahre-30-pakete\\\/#breadcrumb\",\"itemListElement\":[{\"@type\":\"ListItem\",\"position\":1,\"name\":\"Startseite\",\"item\":\"https:\\\/\\\/marktxxl.de\\\/markt\\\/\"},{\"@type\":\"ListItem\",\"position\":2,\"name\":\"Markt\",\"item\":\"https:\\\/\\\/marktxxl.de\\\/markt\\\/\"},{\"@type\":\"ListItem\",\"position\":3,\"name\":\"Lovebug preisgekr\u00f6ntes Probiotikum f\u00fcr Kleinkinder und Kinder | Multi-Strain 15 Milliarden CFU | Leicht einzunehmendes Pulver | Zuckerfrei | Alter 12 Monate bis 4 Jahre | 30 Pakete\"}]},{\"@type\":\"WebSite\",\"@id\":\"https:\\\/\\\/marktxxl.de\\\/markt\\\/#website\",\"url\":\"https:\\\/\\\/marktxxl.de\\\/markt\\\/\",\"name\":\"Markt-XXL\",\"description\":\"Ihr Markt Online\",\"publisher\":{\"@id\":\"https:\\\/\\\/marktxxl.de\\\/markt\\\/#organization\"},\"potentialAction\":[{\"@type\":\"SearchAction\",\"target\":{\"@type\":\"EntryPoint\",\"urlTemplate\":\"https:\\\/\\\/marktxxl.de\\\/markt\\\/?s={search_term_string}\"},\"query-input\":{\"@type\":\"PropertyValueSpecification\",\"valueRequired\":true,\"valueName\":\"search_term_string\"}}],\"inLanguage\":\"de\"},{\"@type\":\"Organization\",\"@id\":\"https:\\\/\\\/marktxxl.de\\\/markt\\\/#organization\",\"name\":\"Markt-XXL\",\"url\":\"https:\\\/\\\/marktxxl.de\\\/markt\\\/\",\"logo\":{\"@type\":\"ImageObject\",\"inLanguage\":\"de\",\"@id\":\"https:\\\/\\\/marktxxl.de\\\/markt\\\/#\\\/schema\\\/logo\\\/image\\\/\",\"url\":\"https:\\\/\\\/marktxxl.de\\\/markt\\\/wp-content\\\/uploads\\\/sites\\\/3\\\/2020\\\/12\\\/logo.png\",\"contentUrl\":\"https:\\\/\\\/marktxxl.de\\\/markt\\\/wp-content\\\/uploads\\\/sites\\\/3\\\/2020\\\/12\\\/logo.png\",\"width\":200,\"height\":70,\"caption\":\"Markt-XXL\"},\"image\":{\"@id\":\"https:\\\/\\\/marktxxl.de\\\/markt\\\/#\\\/schema\\\/logo\\\/image\\\/\"}}]}<\/script>\n<!-- \/ Yoast SEO plugin. -->","yoast_head_json":{"title":"Lovebug preisgekr\u00f6ntes Probiotikum f\u00fcr Kleinkinder und Kinder | Multi-Strain 15 Milliarden CFU | Leicht einzunehmendes Pulver | Zuckerfrei | Alter 12 Monate bis 4 Jahre | 30 Pakete - Markt-XXL","description":"Markt-XXL Lovebug preisgekr\u00f6ntes Probiotikum f\u00fcr Kleinkinder und Kinder | Multi-Strain 15 Milliarden CFU | Leicht einzunehmendes Pulver | Zuckerfrei | Alter 12 Monate bis 4 Jahre | 30 Pakete","robots":{"index":"index","follow":"follow","max-snippet":"max-snippet:-1","max-image-preview":"max-image-preview:large","max-video-preview":"max-video-preview:-1"},"canonical":"https:\/\/marktxxl.de\/markt\/produkt\/lovebug-preisgekroentes-probiotikum-fuer-kleinkinder-und-kinder-multi-strain-15-milliarden-cfu-leicht-einzunehmendes-pulver-zuckerfrei-alter-12-monate-bis-4-jahre-30-pakete\/","og_locale":"de_DE","og_type":"article","og_title":"Lovebug preisgekr\u00f6ntes Probiotikum f\u00fcr Kleinkinder und Kinder | Multi-Strain 15 Milliarden CFU | Leicht einzunehmendes Pulver | Zuckerfrei | Alter 12 Monate bis 4 Jahre | 30 Pakete - Markt-XXL","og_description":"Markt-XXL Lovebug preisgekr\u00f6ntes Probiotikum f\u00fcr Kleinkinder und Kinder | Multi-Strain 15 Milliarden CFU | Leicht einzunehmendes Pulver | Zuckerfrei | Alter 12 Monate bis 4 Jahre | 30 Pakete","og_url":"https:\/\/marktxxl.de\/markt\/produkt\/lovebug-preisgekroentes-probiotikum-fuer-kleinkinder-und-kinder-multi-strain-15-milliarden-cfu-leicht-einzunehmendes-pulver-zuckerfrei-alter-12-monate-bis-4-jahre-30-pakete\/","og_site_name":"Markt-XXL","twitter_card":"summary_large_image","twitter_misc":{"Gesch\u00e4tzte Lesezeit":"1\u00a0Minute"},"schema":{"@context":"https:\/\/schema.org","@graph":[{"@type":"WebPage","@id":"https:\/\/marktxxl.de\/markt\/produkt\/lovebug-preisgekroentes-probiotikum-fuer-kleinkinder-und-kinder-multi-strain-15-milliarden-cfu-leicht-einzunehmendes-pulver-zuckerfrei-alter-12-monate-bis-4-jahre-30-pakete\/","url":"https:\/\/marktxxl.de\/markt\/produkt\/lovebug-preisgekroentes-probiotikum-fuer-kleinkinder-und-kinder-multi-strain-15-milliarden-cfu-leicht-einzunehmendes-pulver-zuckerfrei-alter-12-monate-bis-4-jahre-30-pakete\/","name":"Lovebug preisgekr\u00f6ntes Probiotikum f\u00fcr Kleinkinder und Kinder | Multi-Strain 15 Milliarden CFU | Leicht einzunehmendes Pulver | Zuckerfrei | Alter 12 Monate bis 4 Jahre | 30 Pakete - Markt-XXL","isPartOf":{"@id":"https:\/\/marktxxl.de\/markt\/#website"},"primaryImageOfPage":{"@id":"https:\/\/marktxxl.de\/markt\/produkt\/lovebug-preisgekroentes-probiotikum-fuer-kleinkinder-und-kinder-multi-strain-15-milliarden-cfu-leicht-einzunehmendes-pulver-zuckerfrei-alter-12-monate-bis-4-jahre-30-pakete\/#primaryimage"},"image":{"@id":"https:\/\/marktxxl.de\/markt\/produkt\/lovebug-preisgekroentes-probiotikum-fuer-kleinkinder-und-kinder-multi-strain-15-milliarden-cfu-leicht-einzunehmendes-pulver-zuckerfrei-alter-12-monate-bis-4-jahre-30-pakete\/#primaryimage"},"thumbnailUrl":"https:\/\/m.media-amazon.com\/images\/I\/51zEP5sI2oL._SL500_.jpg","datePublished":"2023-04-10T13:18:08+00:00","description":"Markt-XXL Lovebug preisgekr\u00f6ntes Probiotikum f\u00fcr Kleinkinder und Kinder | Multi-Strain 15 Milliarden CFU | Leicht einzunehmendes Pulver | Zuckerfrei | Alter 12 Monate bis 4 Jahre | 30 Pakete","breadcrumb":{"@id":"https:\/\/marktxxl.de\/markt\/produkt\/lovebug-preisgekroentes-probiotikum-fuer-kleinkinder-und-kinder-multi-strain-15-milliarden-cfu-leicht-einzunehmendes-pulver-zuckerfrei-alter-12-monate-bis-4-jahre-30-pakete\/#breadcrumb"},"inLanguage":"de","potentialAction":[{"@type":"ReadAction","target":["https:\/\/marktxxl.de\/markt\/produkt\/lovebug-preisgekroentes-probiotikum-fuer-kleinkinder-und-kinder-multi-strain-15-milliarden-cfu-leicht-einzunehmendes-pulver-zuckerfrei-alter-12-monate-bis-4-jahre-30-pakete\/"]}]},{"@type":"ImageObject","inLanguage":"de","@id":"https:\/\/marktxxl.de\/markt\/produkt\/lovebug-preisgekroentes-probiotikum-fuer-kleinkinder-und-kinder-multi-strain-15-milliarden-cfu-leicht-einzunehmendes-pulver-zuckerfrei-alter-12-monate-bis-4-jahre-30-pakete\/#primaryimage","url":"https:\/\/m.media-amazon.com\/images\/I\/51zEP5sI2oL._SL500_.jpg","contentUrl":"https:\/\/m.media-amazon.com\/images\/I\/51zEP5sI2oL._SL500_.jpg","width":420,"height":500},{"@type":"BreadcrumbList","@id":"https:\/\/marktxxl.de\/markt\/produkt\/lovebug-preisgekroentes-probiotikum-fuer-kleinkinder-und-kinder-multi-strain-15-milliarden-cfu-leicht-einzunehmendes-pulver-zuckerfrei-alter-12-monate-bis-4-jahre-30-pakete\/#breadcrumb","itemListElement":[{"@type":"ListItem","position":1,"name":"Startseite","item":"https:\/\/marktxxl.de\/markt\/"},{"@type":"ListItem","position":2,"name":"Markt","item":"https:\/\/marktxxl.de\/markt\/"},{"@type":"ListItem","position":3,"name":"Lovebug preisgekr\u00f6ntes Probiotikum f\u00fcr Kleinkinder und Kinder | Multi-Strain 15 Milliarden CFU | Leicht einzunehmendes Pulver | Zuckerfrei | Alter 12 Monate bis 4 Jahre | 30 Pakete"}]},{"@type":"WebSite","@id":"https:\/\/marktxxl.de\/markt\/#website","url":"https:\/\/marktxxl.de\/markt\/","name":"Markt-XXL","description":"Ihr Markt Online","publisher":{"@id":"https:\/\/marktxxl.de\/markt\/#organization"},"potentialAction":[{"@type":"SearchAction","target":{"@type":"EntryPoint","urlTemplate":"https:\/\/marktxxl.de\/markt\/?s={search_term_string}"},"query-input":{"@type":"PropertyValueSpecification","valueRequired":true,"valueName":"search_term_string"}}],"inLanguage":"de"},{"@type":"Organization","@id":"https:\/\/marktxxl.de\/markt\/#organization","name":"Markt-XXL","url":"https:\/\/marktxxl.de\/markt\/","logo":{"@type":"ImageObject","inLanguage":"de","@id":"https:\/\/marktxxl.de\/markt\/#\/schema\/logo\/image\/","url":"https:\/\/marktxxl.de\/markt\/wp-content\/uploads\/sites\/3\/2020\/12\/logo.png","contentUrl":"https:\/\/marktxxl.de\/markt\/wp-content\/uploads\/sites\/3\/2020\/12\/logo.png","width":200,"height":70,"caption":"Markt-XXL"},"image":{"@id":"https:\/\/marktxxl.de\/markt\/#\/schema\/logo\/image\/"}}]}},"_links":{"self":[{"href":"https:\/\/marktxxl.de\/markt\/wp-json\/wp\/v2\/product\/202585","targetHints":{"allow":["GET"]}}],"collection":[{"href":"https:\/\/marktxxl.de\/markt\/wp-json\/wp\/v2\/product"}],"about":[{"href":"https:\/\/marktxxl.de\/markt\/wp-json\/wp\/v2\/types\/product"}],"replies":[{"embeddable":true,"href":"https:\/\/marktxxl.de\/markt\/wp-json\/wp\/v2\/comments?post=202585"}],"wp:featuredmedia":[{"embeddable":true,"href":"https:\/\/marktxxl.de\/markt\/wp-json\/wp\/v2\/media\/202586"}],"wp:attachment":[{"href":"https:\/\/marktxxl.de\/markt\/wp-json\/wp\/v2\/media?parent=202585"}],"wp:term":[{"taxonomy":"product_brand","embeddable":true,"href":"https:\/\/marktxxl.de\/markt\/wp-json\/wp\/v2\/product_brand?post=202585"},{"taxonomy":"product_cat","embeddable":true,"href":"https:\/\/marktxxl.de\/markt\/wp-json\/wp\/v2\/product_cat?post=202585"},{"taxonomy":"product_tag","embeddable":true,"href":"https:\/\/marktxxl.de\/markt\/wp-json\/wp\/v2\/product_tag?post=202585"}],"curies":[{"name":"wp","href":"https:\/\/api.w.org\/{rel}","templated":true}]}}