{"id":202492,"date":"2023-04-10T15:14:16","date_gmt":"2023-04-10T13:14:16","guid":{"rendered":"https:\/\/marktxxl.de\/markt\/produkt\/10-luftpolster-versandtaschen-haftklebend-3-c-geeignet-fuer-din-a5-recycling-150-x-215-mm-reissfest\/"},"modified":"2023-04-10T15:14:16","modified_gmt":"2023-04-10T13:14:16","slug":"10-luftpolster-versandtaschen-haftklebend-3-c-geeignet-fuer-din-a5-recycling-150-x-215-mm-reissfest","status":"publish","type":"product","link":"https:\/\/marktxxl.de\/markt\/produkt\/10-luftpolster-versandtaschen-haftklebend-3-c-geeignet-fuer-din-a5-recycling-150-x-215-mm-reissfest\/","title":{"rendered":"10 Luftpolster Versandtaschen haftklebend 3\/C &#8211; geeignet f\u00fcr DIN A5 \u2013 Recycling 150 x 215 mm rei\u00dffest"},"content":{"rendered":"<p>Unsere Luftpolstertasche ist f\u00fcr das Format DIN A5 geeignet und aus robustem Natronkraftpapier hergestellt. Die Tasche ist mittels Haftstreifen zu verschlie\u00dfen.<br \/>\nHochwertige Luftpolsterversandtasche &#8211; ideal f\u00fcr Ihren t\u00e4glichen B\u00fcrobedarf \/ Versand.<br \/>\nDie integrierte Luftpolsterfolie \/ Verpackungsmaterial bietet einen sicheren Schutz f\u00fcr den Inhalt. Die Tasche ist mittels TRIFIX-Verschluss (selbstklebend) zu verschlie\u00dfen. Geeignet f\u00fcr Versand und R\u00fccksendung von kleine und mittelgro\u00dfe Waren, Warensendung wie B\u00fccher, Korrespondenz, Rechnung, Brief, Infopost, Maxibrief, Kleidung, etc. Luftpolsterumschl\u00e4ge als Ersatz f\u00fcr Verpackungen wie kleine Schachteln, Verpackungskartons, Karton, Faltkarton, gro\u00dfe Kartons, Pakete<br \/>\nFORMAT: 150&#215;215 FARBE: Gold \/ Braun FSC-zertifiziert IHRE VORTEILE: 3 C Versandtasche mit Luftfolie \/ Luftpolstertaschen haftklebend, optimaler Schutz, gelochte Verschlussklappe f\u00fcr Klammern, leicht und wasserdicht, dichte Versiegelung, selbstklebende Folie, ohne Fenster, Faltentasche mit Klebestreifen \/ Abzieher.<br \/>\nBriefumschl\u00e4ge, gepolsterte Dokumententasche, Luftpolsterumschl\u00e4ge, Umschl\u00e4ge, Briefumschlag, Verpackung, Schreibwaren &amp; Partybedarf, Papier, Maxibriefkarton, big bag, Polster, Kraftpapier, Lieferscheintaschen, Versandt\u00fcten, Briefpapier, Kuvert, Pakete, Faltentaschen, Versandbeutel mit Abzieher, Umschlag mit Sichtfenster, Gro\u00dfbriefkarton, Briefkuvert, Versandetiketten, T\u00fcten<br \/>\n<div class=\"main-cross-sell\" data-asin=\"B09ZHHDFXG\">\n\n\t<div class=\"WooZone-cross-sell-loader\">\n\t\t<div>\n\t\t\t<div id=\"floatingBarsG\">\n\t\t\t\t<div class=\"blockG\" id=\"rotateG_01\"><\/div>\n\t\t\t\t<div class=\"blockG\" id=\"rotateG_02\"><\/div>\n\t\t\t\t<div class=\"blockG\" id=\"rotateG_03\"><\/div>\n\t\t\t\t<div class=\"blockG\" id=\"rotateG_04\"><\/div>\n\t\t\t\t<div class=\"blockG\" id=\"rotateG_05\"><\/div>\n\t\t\t\t<div class=\"blockG\" id=\"rotateG_06\"><\/div>\n\t\t\t\t<div class=\"blockG\" id=\"rotateG_07\"><\/div>\n\t\t\t\t<div class=\"blockG\" id=\"rotateG_08\"><\/div>\n\t\t\t<\/div>\n\t\t\t<div class=\"WooZone-cross-sell-loader-text\"><\/div>\n\t\t<\/div>\n\t<\/div>\n\n\t\t\n<\/div>\n<div style=\"clear:both;\"><\/div><\/p>\n","protected":false},"excerpt":{"rendered":"<p>Unsere Luftpolstertasche ist f\u00fcr das Format DIN A5 geeignet und aus robustem Natronkraftpapier hergestellt. Die Tasche ist mittels Haftstreifen zu verschlie\u00dfen.<br \/>\nHochwertige Luftpolsterversandtasche &#8211; ideal f\u00fcr Ihren t\u00e4glichen B\u00fcrobedarf \/ Versand.<br \/>\nDie integrierte Luftpolsterfolie \/ Verpackungsmaterial bietet einen sicheren Schutz f\u00fcr den Inhalt. Die Tasche ist mittels TRIFIX-Verschluss (selbstklebend) zu verschlie\u00dfen. Geeignet f\u00fcr Versand und R\u00fccksendung von kleine und mittelgro\u00dfe Waren, Warensendung wie B\u00fccher, Korrespondenz, Rechnung, Brief, Infopost, Maxibrief, Kleidung, etc. Luftpolsterumschl\u00e4ge als Ersatz f\u00fcr Verpackungen wie kleine Schachteln, Verpackungskartons, Karton, Faltkarton, gro\u00dfe Kartons, Pakete<\/p>\n","protected":false},"featured_media":202493,"comment_status":"open","ping_status":"closed","template":"","meta":[],"product_brand":[],"product_cat":[504,8703],"product_tag":[],"class_list":{"0":"post-202492","1":"product","2":"type-product","3":"status-publish","4":"has-post-thumbnail","6":"product_cat-buerobedarf-schreibwaren","7":"product_cat-umschlaege-versandzubehoer","8":"pa_brand-enolenia","9":"pa_height-1-9685-zoll","10":"pa_length-5-9055-zoll","11":"pa_manufacturer-smart7-oue-rannaniidu-5-13516-tallinn","12":"pa_width-8-46455-zoll","14":"first","15":"instock","16":"shipping-taxable","17":"product-type-simple","18":"customify-col","19":"product-has-gallery"},"yoast_head":"<!-- This site is optimized with the Yoast SEO plugin v27.4 - https:\/\/yoast.com\/product\/yoast-seo-wordpress\/ -->\n<title>10 Luftpolster Versandtaschen haftklebend 3\/C - geeignet f\u00fcr DIN A5 \u2013 Recycling 150 x 215 mm rei\u00dffest - Markt-XXL<\/title>\n<meta name=\"description\" content=\"Markt-XXL 10 Luftpolster Versandtaschen haftklebend 3\/C - geeignet f\u00fcr DIN A5 \u2013 Recycling 150 x 215 mm rei\u00dffest\" \/>\n<meta name=\"robots\" content=\"index, follow, max-snippet:-1, max-image-preview:large, max-video-preview:-1\" \/>\n<link rel=\"canonical\" href=\"https:\/\/marktxxl.de\/markt\/produkt\/10-luftpolster-versandtaschen-haftklebend-3-c-geeignet-fuer-din-a5-recycling-150-x-215-mm-reissfest\/\" \/>\n<meta property=\"og:locale\" content=\"de_DE\" \/>\n<meta property=\"og:type\" content=\"article\" \/>\n<meta property=\"og:title\" content=\"10 Luftpolster Versandtaschen haftklebend 3\/C - geeignet f\u00fcr DIN A5 \u2013 Recycling 150 x 215 mm rei\u00dffest - Markt-XXL\" \/>\n<meta property=\"og:description\" content=\"Markt-XXL 10 Luftpolster Versandtaschen haftklebend 3\/C - geeignet f\u00fcr DIN A5 \u2013 Recycling 150 x 215 mm rei\u00dffest\" \/>\n<meta property=\"og:url\" content=\"https:\/\/marktxxl.de\/markt\/produkt\/10-luftpolster-versandtaschen-haftklebend-3-c-geeignet-fuer-din-a5-recycling-150-x-215-mm-reissfest\/\" \/>\n<meta property=\"og:site_name\" content=\"Markt-XXL\" \/>\n<meta name=\"twitter:card\" content=\"summary_large_image\" \/>\n<meta name=\"twitter:label1\" content=\"Gesch\u00e4tzte Lesezeit\" \/>\n\t<meta name=\"twitter:data1\" content=\"1\u00a0Minute\" \/>\n<script type=\"application\/ld+json\" class=\"yoast-schema-graph\">{\"@context\":\"https:\\\/\\\/schema.org\",\"@graph\":[{\"@type\":\"WebPage\",\"@id\":\"https:\\\/\\\/marktxxl.de\\\/markt\\\/produkt\\\/10-luftpolster-versandtaschen-haftklebend-3-c-geeignet-fuer-din-a5-recycling-150-x-215-mm-reissfest\\\/\",\"url\":\"https:\\\/\\\/marktxxl.de\\\/markt\\\/produkt\\\/10-luftpolster-versandtaschen-haftklebend-3-c-geeignet-fuer-din-a5-recycling-150-x-215-mm-reissfest\\\/\",\"name\":\"10 Luftpolster Versandtaschen haftklebend 3\\\/C - geeignet f\u00fcr DIN A5 \u2013 Recycling 150 x 215 mm rei\u00dffest - Markt-XXL\",\"isPartOf\":{\"@id\":\"https:\\\/\\\/marktxxl.de\\\/markt\\\/#website\"},\"primaryImageOfPage\":{\"@id\":\"https:\\\/\\\/marktxxl.de\\\/markt\\\/produkt\\\/10-luftpolster-versandtaschen-haftklebend-3-c-geeignet-fuer-din-a5-recycling-150-x-215-mm-reissfest\\\/#primaryimage\"},\"image\":{\"@id\":\"https:\\\/\\\/marktxxl.de\\\/markt\\\/produkt\\\/10-luftpolster-versandtaschen-haftklebend-3-c-geeignet-fuer-din-a5-recycling-150-x-215-mm-reissfest\\\/#primaryimage\"},\"thumbnailUrl\":\"https:\\\/\\\/m.media-amazon.com\\\/images\\\/I\\\/411cUbOLgfL._SL500_.jpg\",\"datePublished\":\"2023-04-10T13:14:16+00:00\",\"description\":\"Markt-XXL 10 Luftpolster Versandtaschen haftklebend 3\\\/C - geeignet f\u00fcr DIN A5 \u2013 Recycling 150 x 215 mm rei\u00dffest\",\"breadcrumb\":{\"@id\":\"https:\\\/\\\/marktxxl.de\\\/markt\\\/produkt\\\/10-luftpolster-versandtaschen-haftklebend-3-c-geeignet-fuer-din-a5-recycling-150-x-215-mm-reissfest\\\/#breadcrumb\"},\"inLanguage\":\"de\",\"potentialAction\":[{\"@type\":\"ReadAction\",\"target\":[\"https:\\\/\\\/marktxxl.de\\\/markt\\\/produkt\\\/10-luftpolster-versandtaschen-haftklebend-3-c-geeignet-fuer-din-a5-recycling-150-x-215-mm-reissfest\\\/\"]}]},{\"@type\":\"ImageObject\",\"inLanguage\":\"de\",\"@id\":\"https:\\\/\\\/marktxxl.de\\\/markt\\\/produkt\\\/10-luftpolster-versandtaschen-haftklebend-3-c-geeignet-fuer-din-a5-recycling-150-x-215-mm-reissfest\\\/#primaryimage\",\"url\":\"https:\\\/\\\/m.media-amazon.com\\\/images\\\/I\\\/411cUbOLgfL._SL500_.jpg\",\"contentUrl\":\"https:\\\/\\\/m.media-amazon.com\\\/images\\\/I\\\/411cUbOLgfL._SL500_.jpg\",\"width\":500,\"height\":500},{\"@type\":\"BreadcrumbList\",\"@id\":\"https:\\\/\\\/marktxxl.de\\\/markt\\\/produkt\\\/10-luftpolster-versandtaschen-haftklebend-3-c-geeignet-fuer-din-a5-recycling-150-x-215-mm-reissfest\\\/#breadcrumb\",\"itemListElement\":[{\"@type\":\"ListItem\",\"position\":1,\"name\":\"Startseite\",\"item\":\"https:\\\/\\\/marktxxl.de\\\/markt\\\/\"},{\"@type\":\"ListItem\",\"position\":2,\"name\":\"Markt\",\"item\":\"https:\\\/\\\/marktxxl.de\\\/markt\\\/\"},{\"@type\":\"ListItem\",\"position\":3,\"name\":\"10 Luftpolster Versandtaschen haftklebend 3\\\/C &#8211; geeignet f\u00fcr DIN A5 \u2013 Recycling 150 x 215 mm rei\u00dffest\"}]},{\"@type\":\"WebSite\",\"@id\":\"https:\\\/\\\/marktxxl.de\\\/markt\\\/#website\",\"url\":\"https:\\\/\\\/marktxxl.de\\\/markt\\\/\",\"name\":\"Markt-XXL\",\"description\":\"Ihr Markt Online\",\"publisher\":{\"@id\":\"https:\\\/\\\/marktxxl.de\\\/markt\\\/#organization\"},\"potentialAction\":[{\"@type\":\"SearchAction\",\"target\":{\"@type\":\"EntryPoint\",\"urlTemplate\":\"https:\\\/\\\/marktxxl.de\\\/markt\\\/?s={search_term_string}\"},\"query-input\":{\"@type\":\"PropertyValueSpecification\",\"valueRequired\":true,\"valueName\":\"search_term_string\"}}],\"inLanguage\":\"de\"},{\"@type\":\"Organization\",\"@id\":\"https:\\\/\\\/marktxxl.de\\\/markt\\\/#organization\",\"name\":\"Markt-XXL\",\"url\":\"https:\\\/\\\/marktxxl.de\\\/markt\\\/\",\"logo\":{\"@type\":\"ImageObject\",\"inLanguage\":\"de\",\"@id\":\"https:\\\/\\\/marktxxl.de\\\/markt\\\/#\\\/schema\\\/logo\\\/image\\\/\",\"url\":\"https:\\\/\\\/marktxxl.de\\\/markt\\\/wp-content\\\/uploads\\\/sites\\\/3\\\/2020\\\/12\\\/logo.png\",\"contentUrl\":\"https:\\\/\\\/marktxxl.de\\\/markt\\\/wp-content\\\/uploads\\\/sites\\\/3\\\/2020\\\/12\\\/logo.png\",\"width\":200,\"height\":70,\"caption\":\"Markt-XXL\"},\"image\":{\"@id\":\"https:\\\/\\\/marktxxl.de\\\/markt\\\/#\\\/schema\\\/logo\\\/image\\\/\"}}]}<\/script>\n<!-- \/ Yoast SEO plugin. -->","yoast_head_json":{"title":"10 Luftpolster Versandtaschen haftklebend 3\/C - geeignet f\u00fcr DIN A5 \u2013 Recycling 150 x 215 mm rei\u00dffest - Markt-XXL","description":"Markt-XXL 10 Luftpolster Versandtaschen haftklebend 3\/C - geeignet f\u00fcr DIN A5 \u2013 Recycling 150 x 215 mm rei\u00dffest","robots":{"index":"index","follow":"follow","max-snippet":"max-snippet:-1","max-image-preview":"max-image-preview:large","max-video-preview":"max-video-preview:-1"},"canonical":"https:\/\/marktxxl.de\/markt\/produkt\/10-luftpolster-versandtaschen-haftklebend-3-c-geeignet-fuer-din-a5-recycling-150-x-215-mm-reissfest\/","og_locale":"de_DE","og_type":"article","og_title":"10 Luftpolster Versandtaschen haftklebend 3\/C - geeignet f\u00fcr DIN A5 \u2013 Recycling 150 x 215 mm rei\u00dffest - Markt-XXL","og_description":"Markt-XXL 10 Luftpolster Versandtaschen haftklebend 3\/C - geeignet f\u00fcr DIN A5 \u2013 Recycling 150 x 215 mm rei\u00dffest","og_url":"https:\/\/marktxxl.de\/markt\/produkt\/10-luftpolster-versandtaschen-haftklebend-3-c-geeignet-fuer-din-a5-recycling-150-x-215-mm-reissfest\/","og_site_name":"Markt-XXL","twitter_card":"summary_large_image","twitter_misc":{"Gesch\u00e4tzte Lesezeit":"1\u00a0Minute"},"schema":{"@context":"https:\/\/schema.org","@graph":[{"@type":"WebPage","@id":"https:\/\/marktxxl.de\/markt\/produkt\/10-luftpolster-versandtaschen-haftklebend-3-c-geeignet-fuer-din-a5-recycling-150-x-215-mm-reissfest\/","url":"https:\/\/marktxxl.de\/markt\/produkt\/10-luftpolster-versandtaschen-haftklebend-3-c-geeignet-fuer-din-a5-recycling-150-x-215-mm-reissfest\/","name":"10 Luftpolster Versandtaschen haftklebend 3\/C - geeignet f\u00fcr DIN A5 \u2013 Recycling 150 x 215 mm rei\u00dffest - Markt-XXL","isPartOf":{"@id":"https:\/\/marktxxl.de\/markt\/#website"},"primaryImageOfPage":{"@id":"https:\/\/marktxxl.de\/markt\/produkt\/10-luftpolster-versandtaschen-haftklebend-3-c-geeignet-fuer-din-a5-recycling-150-x-215-mm-reissfest\/#primaryimage"},"image":{"@id":"https:\/\/marktxxl.de\/markt\/produkt\/10-luftpolster-versandtaschen-haftklebend-3-c-geeignet-fuer-din-a5-recycling-150-x-215-mm-reissfest\/#primaryimage"},"thumbnailUrl":"https:\/\/m.media-amazon.com\/images\/I\/411cUbOLgfL._SL500_.jpg","datePublished":"2023-04-10T13:14:16+00:00","description":"Markt-XXL 10 Luftpolster Versandtaschen haftklebend 3\/C - geeignet f\u00fcr DIN A5 \u2013 Recycling 150 x 215 mm rei\u00dffest","breadcrumb":{"@id":"https:\/\/marktxxl.de\/markt\/produkt\/10-luftpolster-versandtaschen-haftklebend-3-c-geeignet-fuer-din-a5-recycling-150-x-215-mm-reissfest\/#breadcrumb"},"inLanguage":"de","potentialAction":[{"@type":"ReadAction","target":["https:\/\/marktxxl.de\/markt\/produkt\/10-luftpolster-versandtaschen-haftklebend-3-c-geeignet-fuer-din-a5-recycling-150-x-215-mm-reissfest\/"]}]},{"@type":"ImageObject","inLanguage":"de","@id":"https:\/\/marktxxl.de\/markt\/produkt\/10-luftpolster-versandtaschen-haftklebend-3-c-geeignet-fuer-din-a5-recycling-150-x-215-mm-reissfest\/#primaryimage","url":"https:\/\/m.media-amazon.com\/images\/I\/411cUbOLgfL._SL500_.jpg","contentUrl":"https:\/\/m.media-amazon.com\/images\/I\/411cUbOLgfL._SL500_.jpg","width":500,"height":500},{"@type":"BreadcrumbList","@id":"https:\/\/marktxxl.de\/markt\/produkt\/10-luftpolster-versandtaschen-haftklebend-3-c-geeignet-fuer-din-a5-recycling-150-x-215-mm-reissfest\/#breadcrumb","itemListElement":[{"@type":"ListItem","position":1,"name":"Startseite","item":"https:\/\/marktxxl.de\/markt\/"},{"@type":"ListItem","position":2,"name":"Markt","item":"https:\/\/marktxxl.de\/markt\/"},{"@type":"ListItem","position":3,"name":"10 Luftpolster Versandtaschen haftklebend 3\/C &#8211; geeignet f\u00fcr DIN A5 \u2013 Recycling 150 x 215 mm rei\u00dffest"}]},{"@type":"WebSite","@id":"https:\/\/marktxxl.de\/markt\/#website","url":"https:\/\/marktxxl.de\/markt\/","name":"Markt-XXL","description":"Ihr Markt Online","publisher":{"@id":"https:\/\/marktxxl.de\/markt\/#organization"},"potentialAction":[{"@type":"SearchAction","target":{"@type":"EntryPoint","urlTemplate":"https:\/\/marktxxl.de\/markt\/?s={search_term_string}"},"query-input":{"@type":"PropertyValueSpecification","valueRequired":true,"valueName":"search_term_string"}}],"inLanguage":"de"},{"@type":"Organization","@id":"https:\/\/marktxxl.de\/markt\/#organization","name":"Markt-XXL","url":"https:\/\/marktxxl.de\/markt\/","logo":{"@type":"ImageObject","inLanguage":"de","@id":"https:\/\/marktxxl.de\/markt\/#\/schema\/logo\/image\/","url":"https:\/\/marktxxl.de\/markt\/wp-content\/uploads\/sites\/3\/2020\/12\/logo.png","contentUrl":"https:\/\/marktxxl.de\/markt\/wp-content\/uploads\/sites\/3\/2020\/12\/logo.png","width":200,"height":70,"caption":"Markt-XXL"},"image":{"@id":"https:\/\/marktxxl.de\/markt\/#\/schema\/logo\/image\/"}}]}},"_links":{"self":[{"href":"https:\/\/marktxxl.de\/markt\/wp-json\/wp\/v2\/product\/202492","targetHints":{"allow":["GET"]}}],"collection":[{"href":"https:\/\/marktxxl.de\/markt\/wp-json\/wp\/v2\/product"}],"about":[{"href":"https:\/\/marktxxl.de\/markt\/wp-json\/wp\/v2\/types\/product"}],"replies":[{"embeddable":true,"href":"https:\/\/marktxxl.de\/markt\/wp-json\/wp\/v2\/comments?post=202492"}],"wp:featuredmedia":[{"embeddable":true,"href":"https:\/\/marktxxl.de\/markt\/wp-json\/wp\/v2\/media\/202493"}],"wp:attachment":[{"href":"https:\/\/marktxxl.de\/markt\/wp-json\/wp\/v2\/media?parent=202492"}],"wp:term":[{"taxonomy":"product_brand","embeddable":true,"href":"https:\/\/marktxxl.de\/markt\/wp-json\/wp\/v2\/product_brand?post=202492"},{"taxonomy":"product_cat","embeddable":true,"href":"https:\/\/marktxxl.de\/markt\/wp-json\/wp\/v2\/product_cat?post=202492"},{"taxonomy":"product_tag","embeddable":true,"href":"https:\/\/marktxxl.de\/markt\/wp-json\/wp\/v2\/product_tag?post=202492"}],"curies":[{"name":"wp","href":"https:\/\/api.w.org\/{rel}","templated":true}]}}