{"id":202490,"date":"2023-04-10T15:14:02","date_gmt":"2023-04-10T13:14:02","guid":{"rendered":"https:\/\/marktxxl.de\/markt\/produkt\/bogg-bag-original-x-large-wasserdicht-waschbar-tip-proof-durable-open-tote-bag-fuer-strand-boot-pool-sport-19x15x9-5\/"},"modified":"2023-04-10T15:14:02","modified_gmt":"2023-04-10T13:14:02","slug":"bogg-bag-original-x-large-wasserdicht-waschbar-tip-proof-durable-open-tote-bag-fuer-strand-boot-pool-sport-19x15x9-5","status":"publish","type":"product","link":"https:\/\/marktxxl.de\/markt\/produkt\/bogg-bag-original-x-large-wasserdicht-waschbar-tip-proof-durable-open-tote-bag-fuer-strand-boot-pool-sport-19x15x9-5\/","title":{"rendered":"BOGG BAG Original X Large Wasserdicht Waschbar Tip Proof Durable Open Tote Bag f\u00fcr Strand Boot Pool Sport 19x15x9.5"},"content":{"rendered":"<p>Verdrehte Gurte bei Lieferung? Es ist v\u00f6llig normal, wenn sich die Bogg Bog Gurte beim Versuch, sie aufrecht zu stellen. Das ist \u00fcblich und bedeutet nicht, dass Ihre Tasche defekt ist. Um die Gurte zu entwirren, drehen Sie den Gurt einfach an der Basis des &#8220;b&#8221;-Knopfes, bis er einrastet. Bitte sehen Sie sich das Video in unserem Angebot an, das auch zeigt, wie Sie Ihre Gurte entwirren<br \/>\nPatentiertes Produkt: Jede Original Bogg Bag ist patentiert, Mutter erfunden, Familiendesign und preisgekr\u00f6nt. Wir sind so froh, dass unsere Liebe zum Strand so ein tolles Produkt inspiriert hat, dass so viele andere Familien auf der ganzen Welt auf ihren eigenen Abenteuern nutzen und lieben, und wir hoffen, dass Sie es auch lieben<br \/>\nWasserdicht und waschbar: Original Bogg Bag ist die perfekte Tragetasche f\u00fcr Strand, Boot, Pool, See, Camping, Sportveranstaltungen, Markt, Picknick, Arbeit und mehr. Egal zu welchem Anlass, eine strapazierf\u00e4hige, praktische, stilvolle Tragetasche ist erforderlich und wir haben die richtige L\u00f6sung.<br \/>\nArtikelspezifikationen: Original Bogg-Beutel sind kippsicher, ausgestattet mit stabilen Seiten und aus strapazierf\u00e4higem EVA-Material. Die Tragetasche verf\u00fcgt \u00fcber eine rutschfeste Unterseite, weiche Schultergurte und die M\u00f6glichkeit, Ihre Tasche mit Bogg Bits individuell zu gestalten (separat erh\u00e4ltlich).<br \/>\nThe Experts Agree: Bogg Bag wurde auf The Today Show und Fox vorgestellt. Sie haben vielleicht auch Bogg Bags in Better, Homes and Gardens, Caribbean Life, USA Today, (201) Magazine, The Asbury Park Press, NJ Monthly, Charleston Magazine und mehr gesehen.<br \/>\n<div class=\"main-cross-sell\" data-asin=\"B07TBG4ZX9\">\n\n\t<div class=\"WooZone-cross-sell-loader\">\n\t\t<div>\n\t\t\t<div id=\"floatingBarsG\">\n\t\t\t\t<div class=\"blockG\" id=\"rotateG_01\"><\/div>\n\t\t\t\t<div class=\"blockG\" id=\"rotateG_02\"><\/div>\n\t\t\t\t<div class=\"blockG\" id=\"rotateG_03\"><\/div>\n\t\t\t\t<div class=\"blockG\" id=\"rotateG_04\"><\/div>\n\t\t\t\t<div class=\"blockG\" id=\"rotateG_05\"><\/div>\n\t\t\t\t<div class=\"blockG\" id=\"rotateG_06\"><\/div>\n\t\t\t\t<div class=\"blockG\" id=\"rotateG_07\"><\/div>\n\t\t\t\t<div class=\"blockG\" id=\"rotateG_08\"><\/div>\n\t\t\t<\/div>\n\t\t\t<div class=\"WooZone-cross-sell-loader-text\"><\/div>\n\t\t<\/div>\n\t<\/div>\n\n\t\t\n<\/div>\n<div style=\"clear:both;\"><\/div><\/p>\n","protected":false},"excerpt":{"rendered":"<p>Verdrehte Gurte bei Lieferung? Es ist v\u00f6llig normal, wenn sich die Bogg Bog Gurte beim Versuch, sie aufrecht zu stellen. Das ist \u00fcblich und bedeutet nicht, dass Ihre Tasche defekt ist. Um die Gurte zu entwirren, drehen Sie den Gurt einfach an der Basis des &#8220;b&#8221;-Knopfes, bis er einrastet. Bitte sehen Sie sich das Video in unserem Angebot an, das auch zeigt, wie Sie Ihre Gurte entwirren<br \/>\nPatentiertes Produkt: Jede Original Bogg Bag ist patentiert, Mutter erfunden, Familiendesign und preisgekr\u00f6nt. Wir sind so froh, dass unsere Liebe zum Strand so ein tolles Produkt inspiriert hat, dass so viele andere Familien auf der ganzen Welt auf ihren eigenen Abenteuern nutzen und lieben, und wir hoffen, dass Sie es auch lieben<br \/>\nWasserdicht und waschbar: Original Bogg Bag ist die perfekte Tragetasche f\u00fcr Strand, Boot, Pool, See, Camping, Sportveranstaltungen, Markt, Picknick, Arbeit und mehr. Egal zu welchem Anlass, eine strapazierf\u00e4hige, praktische, stilvolle Tragetasche ist erforderlich und wir haben die richtige L\u00f6sung.<\/p>\n","protected":false},"featured_media":202491,"comment_status":"open","ping_status":"closed","template":"","meta":[],"product_brand":[],"product_cat":[504,8703],"product_tag":[],"class_list":{"0":"post-202490","1":"product","2":"type-product","3":"status-publish","4":"has-post-thumbnail","6":"product_cat-buerobedarf-schreibwaren","7":"product_cat-umschlaege-versandzubehoer","8":"pa_binding-textilien","9":"pa_brand-bogg-bag","10":"pa_height-15-zoll","11":"pa_length-19-5-zoll","12":"pa_manufacturer-bogg-bag","13":"pa_model-bogg-bag-original","14":"pa_size-xl","15":"pa_weight-3-pfund","16":"pa_width-9-5-zoll","18":"first","19":"instock","20":"shipping-taxable","21":"product-type-simple","22":"customify-col","23":"product-has-gallery"},"yoast_head":"<!-- This site is optimized with the Yoast SEO plugin v27.3 - https:\/\/yoast.com\/product\/yoast-seo-wordpress\/ -->\n<title>BOGG BAG Original X Large Wasserdicht Waschbar Tip Proof Durable Open Tote Bag f\u00fcr Strand Boot Pool Sport 19x15x9.5 - Markt-XXL<\/title>\n<meta name=\"description\" content=\"Markt-XXL BOGG BAG Original X Large Wasserdicht Waschbar Tip Proof Durable Open Tote Bag f\u00fcr Strand Boot Pool Sport 19x15x9.5\" \/>\n<meta name=\"robots\" content=\"index, follow, max-snippet:-1, max-image-preview:large, max-video-preview:-1\" \/>\n<link rel=\"canonical\" href=\"https:\/\/marktxxl.de\/markt\/produkt\/bogg-bag-original-x-large-wasserdicht-waschbar-tip-proof-durable-open-tote-bag-fuer-strand-boot-pool-sport-19x15x9-5\/\" \/>\n<meta property=\"og:locale\" content=\"de_DE\" \/>\n<meta property=\"og:type\" content=\"article\" \/>\n<meta property=\"og:title\" content=\"BOGG BAG Original X Large Wasserdicht Waschbar Tip Proof Durable Open Tote Bag f\u00fcr Strand Boot Pool Sport 19x15x9.5 - Markt-XXL\" \/>\n<meta property=\"og:description\" content=\"Markt-XXL BOGG BAG Original X Large Wasserdicht Waschbar Tip Proof Durable Open Tote Bag f\u00fcr Strand Boot Pool Sport 19x15x9.5\" \/>\n<meta property=\"og:url\" content=\"https:\/\/marktxxl.de\/markt\/produkt\/bogg-bag-original-x-large-wasserdicht-waschbar-tip-proof-durable-open-tote-bag-fuer-strand-boot-pool-sport-19x15x9-5\/\" \/>\n<meta property=\"og:site_name\" content=\"Markt-XXL\" \/>\n<meta name=\"twitter:card\" content=\"summary_large_image\" \/>\n<meta name=\"twitter:label1\" content=\"Gesch\u00e4tzte Lesezeit\" \/>\n\t<meta name=\"twitter:data1\" content=\"1\u00a0Minute\" \/>\n<script type=\"application\/ld+json\" class=\"yoast-schema-graph\">{\"@context\":\"https:\\\/\\\/schema.org\",\"@graph\":[{\"@type\":\"WebPage\",\"@id\":\"https:\\\/\\\/marktxxl.de\\\/markt\\\/produkt\\\/bogg-bag-original-x-large-wasserdicht-waschbar-tip-proof-durable-open-tote-bag-fuer-strand-boot-pool-sport-19x15x9-5\\\/\",\"url\":\"https:\\\/\\\/marktxxl.de\\\/markt\\\/produkt\\\/bogg-bag-original-x-large-wasserdicht-waschbar-tip-proof-durable-open-tote-bag-fuer-strand-boot-pool-sport-19x15x9-5\\\/\",\"name\":\"BOGG BAG Original X Large Wasserdicht Waschbar Tip Proof Durable Open Tote Bag f\u00fcr Strand Boot Pool Sport 19x15x9.5 - Markt-XXL\",\"isPartOf\":{\"@id\":\"https:\\\/\\\/marktxxl.de\\\/markt\\\/#website\"},\"primaryImageOfPage\":{\"@id\":\"https:\\\/\\\/marktxxl.de\\\/markt\\\/produkt\\\/bogg-bag-original-x-large-wasserdicht-waschbar-tip-proof-durable-open-tote-bag-fuer-strand-boot-pool-sport-19x15x9-5\\\/#primaryimage\"},\"image\":{\"@id\":\"https:\\\/\\\/marktxxl.de\\\/markt\\\/produkt\\\/bogg-bag-original-x-large-wasserdicht-waschbar-tip-proof-durable-open-tote-bag-fuer-strand-boot-pool-sport-19x15x9-5\\\/#primaryimage\"},\"thumbnailUrl\":\"https:\\\/\\\/m.media-amazon.com\\\/images\\\/I\\\/31NpBY5bQDS._SL500_.jpg\",\"datePublished\":\"2023-04-10T13:14:02+00:00\",\"description\":\"Markt-XXL BOGG BAG Original X Large Wasserdicht Waschbar Tip Proof Durable Open Tote Bag f\u00fcr Strand Boot Pool Sport 19x15x9.5\",\"breadcrumb\":{\"@id\":\"https:\\\/\\\/marktxxl.de\\\/markt\\\/produkt\\\/bogg-bag-original-x-large-wasserdicht-waschbar-tip-proof-durable-open-tote-bag-fuer-strand-boot-pool-sport-19x15x9-5\\\/#breadcrumb\"},\"inLanguage\":\"de\",\"potentialAction\":[{\"@type\":\"ReadAction\",\"target\":[\"https:\\\/\\\/marktxxl.de\\\/markt\\\/produkt\\\/bogg-bag-original-x-large-wasserdicht-waschbar-tip-proof-durable-open-tote-bag-fuer-strand-boot-pool-sport-19x15x9-5\\\/\"]}]},{\"@type\":\"ImageObject\",\"inLanguage\":\"de\",\"@id\":\"https:\\\/\\\/marktxxl.de\\\/markt\\\/produkt\\\/bogg-bag-original-x-large-wasserdicht-waschbar-tip-proof-durable-open-tote-bag-fuer-strand-boot-pool-sport-19x15x9-5\\\/#primaryimage\",\"url\":\"https:\\\/\\\/m.media-amazon.com\\\/images\\\/I\\\/31NpBY5bQDS._SL500_.jpg\",\"contentUrl\":\"https:\\\/\\\/m.media-amazon.com\\\/images\\\/I\\\/31NpBY5bQDS._SL500_.jpg\",\"width\":500,\"height\":479},{\"@type\":\"BreadcrumbList\",\"@id\":\"https:\\\/\\\/marktxxl.de\\\/markt\\\/produkt\\\/bogg-bag-original-x-large-wasserdicht-waschbar-tip-proof-durable-open-tote-bag-fuer-strand-boot-pool-sport-19x15x9-5\\\/#breadcrumb\",\"itemListElement\":[{\"@type\":\"ListItem\",\"position\":1,\"name\":\"Startseite\",\"item\":\"https:\\\/\\\/marktxxl.de\\\/markt\\\/\"},{\"@type\":\"ListItem\",\"position\":2,\"name\":\"Markt\",\"item\":\"https:\\\/\\\/marktxxl.de\\\/markt\\\/\"},{\"@type\":\"ListItem\",\"position\":3,\"name\":\"BOGG BAG Original X Large Wasserdicht Waschbar Tip Proof Durable Open Tote Bag f\u00fcr Strand Boot Pool Sport 19x15x9.5\"}]},{\"@type\":\"WebSite\",\"@id\":\"https:\\\/\\\/marktxxl.de\\\/markt\\\/#website\",\"url\":\"https:\\\/\\\/marktxxl.de\\\/markt\\\/\",\"name\":\"Markt-XXL\",\"description\":\"Ihr Markt Online\",\"publisher\":{\"@id\":\"https:\\\/\\\/marktxxl.de\\\/markt\\\/#organization\"},\"potentialAction\":[{\"@type\":\"SearchAction\",\"target\":{\"@type\":\"EntryPoint\",\"urlTemplate\":\"https:\\\/\\\/marktxxl.de\\\/markt\\\/?s={search_term_string}\"},\"query-input\":{\"@type\":\"PropertyValueSpecification\",\"valueRequired\":true,\"valueName\":\"search_term_string\"}}],\"inLanguage\":\"de\"},{\"@type\":\"Organization\",\"@id\":\"https:\\\/\\\/marktxxl.de\\\/markt\\\/#organization\",\"name\":\"Markt-XXL\",\"url\":\"https:\\\/\\\/marktxxl.de\\\/markt\\\/\",\"logo\":{\"@type\":\"ImageObject\",\"inLanguage\":\"de\",\"@id\":\"https:\\\/\\\/marktxxl.de\\\/markt\\\/#\\\/schema\\\/logo\\\/image\\\/\",\"url\":\"https:\\\/\\\/marktxxl.de\\\/markt\\\/wp-content\\\/uploads\\\/sites\\\/3\\\/2020\\\/12\\\/logo.png\",\"contentUrl\":\"https:\\\/\\\/marktxxl.de\\\/markt\\\/wp-content\\\/uploads\\\/sites\\\/3\\\/2020\\\/12\\\/logo.png\",\"width\":200,\"height\":70,\"caption\":\"Markt-XXL\"},\"image\":{\"@id\":\"https:\\\/\\\/marktxxl.de\\\/markt\\\/#\\\/schema\\\/logo\\\/image\\\/\"}}]}<\/script>\n<!-- \/ Yoast SEO plugin. -->","yoast_head_json":{"title":"BOGG BAG Original X Large Wasserdicht Waschbar Tip Proof Durable Open Tote Bag f\u00fcr Strand Boot Pool Sport 19x15x9.5 - Markt-XXL","description":"Markt-XXL BOGG BAG Original X Large Wasserdicht Waschbar Tip Proof Durable Open Tote Bag f\u00fcr Strand Boot Pool Sport 19x15x9.5","robots":{"index":"index","follow":"follow","max-snippet":"max-snippet:-1","max-image-preview":"max-image-preview:large","max-video-preview":"max-video-preview:-1"},"canonical":"https:\/\/marktxxl.de\/markt\/produkt\/bogg-bag-original-x-large-wasserdicht-waschbar-tip-proof-durable-open-tote-bag-fuer-strand-boot-pool-sport-19x15x9-5\/","og_locale":"de_DE","og_type":"article","og_title":"BOGG BAG Original X Large Wasserdicht Waschbar Tip Proof Durable Open Tote Bag f\u00fcr Strand Boot Pool Sport 19x15x9.5 - Markt-XXL","og_description":"Markt-XXL BOGG BAG Original X Large Wasserdicht Waschbar Tip Proof Durable Open Tote Bag f\u00fcr Strand Boot Pool Sport 19x15x9.5","og_url":"https:\/\/marktxxl.de\/markt\/produkt\/bogg-bag-original-x-large-wasserdicht-waschbar-tip-proof-durable-open-tote-bag-fuer-strand-boot-pool-sport-19x15x9-5\/","og_site_name":"Markt-XXL","twitter_card":"summary_large_image","twitter_misc":{"Gesch\u00e4tzte Lesezeit":"1\u00a0Minute"},"schema":{"@context":"https:\/\/schema.org","@graph":[{"@type":"WebPage","@id":"https:\/\/marktxxl.de\/markt\/produkt\/bogg-bag-original-x-large-wasserdicht-waschbar-tip-proof-durable-open-tote-bag-fuer-strand-boot-pool-sport-19x15x9-5\/","url":"https:\/\/marktxxl.de\/markt\/produkt\/bogg-bag-original-x-large-wasserdicht-waschbar-tip-proof-durable-open-tote-bag-fuer-strand-boot-pool-sport-19x15x9-5\/","name":"BOGG BAG Original X Large Wasserdicht Waschbar Tip Proof Durable Open Tote Bag f\u00fcr Strand Boot Pool Sport 19x15x9.5 - Markt-XXL","isPartOf":{"@id":"https:\/\/marktxxl.de\/markt\/#website"},"primaryImageOfPage":{"@id":"https:\/\/marktxxl.de\/markt\/produkt\/bogg-bag-original-x-large-wasserdicht-waschbar-tip-proof-durable-open-tote-bag-fuer-strand-boot-pool-sport-19x15x9-5\/#primaryimage"},"image":{"@id":"https:\/\/marktxxl.de\/markt\/produkt\/bogg-bag-original-x-large-wasserdicht-waschbar-tip-proof-durable-open-tote-bag-fuer-strand-boot-pool-sport-19x15x9-5\/#primaryimage"},"thumbnailUrl":"https:\/\/m.media-amazon.com\/images\/I\/31NpBY5bQDS._SL500_.jpg","datePublished":"2023-04-10T13:14:02+00:00","description":"Markt-XXL BOGG BAG Original X Large Wasserdicht Waschbar Tip Proof Durable Open Tote Bag f\u00fcr Strand Boot Pool Sport 19x15x9.5","breadcrumb":{"@id":"https:\/\/marktxxl.de\/markt\/produkt\/bogg-bag-original-x-large-wasserdicht-waschbar-tip-proof-durable-open-tote-bag-fuer-strand-boot-pool-sport-19x15x9-5\/#breadcrumb"},"inLanguage":"de","potentialAction":[{"@type":"ReadAction","target":["https:\/\/marktxxl.de\/markt\/produkt\/bogg-bag-original-x-large-wasserdicht-waschbar-tip-proof-durable-open-tote-bag-fuer-strand-boot-pool-sport-19x15x9-5\/"]}]},{"@type":"ImageObject","inLanguage":"de","@id":"https:\/\/marktxxl.de\/markt\/produkt\/bogg-bag-original-x-large-wasserdicht-waschbar-tip-proof-durable-open-tote-bag-fuer-strand-boot-pool-sport-19x15x9-5\/#primaryimage","url":"https:\/\/m.media-amazon.com\/images\/I\/31NpBY5bQDS._SL500_.jpg","contentUrl":"https:\/\/m.media-amazon.com\/images\/I\/31NpBY5bQDS._SL500_.jpg","width":500,"height":479},{"@type":"BreadcrumbList","@id":"https:\/\/marktxxl.de\/markt\/produkt\/bogg-bag-original-x-large-wasserdicht-waschbar-tip-proof-durable-open-tote-bag-fuer-strand-boot-pool-sport-19x15x9-5\/#breadcrumb","itemListElement":[{"@type":"ListItem","position":1,"name":"Startseite","item":"https:\/\/marktxxl.de\/markt\/"},{"@type":"ListItem","position":2,"name":"Markt","item":"https:\/\/marktxxl.de\/markt\/"},{"@type":"ListItem","position":3,"name":"BOGG BAG Original X Large Wasserdicht Waschbar Tip Proof Durable Open Tote Bag f\u00fcr Strand Boot Pool Sport 19x15x9.5"}]},{"@type":"WebSite","@id":"https:\/\/marktxxl.de\/markt\/#website","url":"https:\/\/marktxxl.de\/markt\/","name":"Markt-XXL","description":"Ihr Markt Online","publisher":{"@id":"https:\/\/marktxxl.de\/markt\/#organization"},"potentialAction":[{"@type":"SearchAction","target":{"@type":"EntryPoint","urlTemplate":"https:\/\/marktxxl.de\/markt\/?s={search_term_string}"},"query-input":{"@type":"PropertyValueSpecification","valueRequired":true,"valueName":"search_term_string"}}],"inLanguage":"de"},{"@type":"Organization","@id":"https:\/\/marktxxl.de\/markt\/#organization","name":"Markt-XXL","url":"https:\/\/marktxxl.de\/markt\/","logo":{"@type":"ImageObject","inLanguage":"de","@id":"https:\/\/marktxxl.de\/markt\/#\/schema\/logo\/image\/","url":"https:\/\/marktxxl.de\/markt\/wp-content\/uploads\/sites\/3\/2020\/12\/logo.png","contentUrl":"https:\/\/marktxxl.de\/markt\/wp-content\/uploads\/sites\/3\/2020\/12\/logo.png","width":200,"height":70,"caption":"Markt-XXL"},"image":{"@id":"https:\/\/marktxxl.de\/markt\/#\/schema\/logo\/image\/"}}]}},"_links":{"self":[{"href":"https:\/\/marktxxl.de\/markt\/wp-json\/wp\/v2\/product\/202490","targetHints":{"allow":["GET"]}}],"collection":[{"href":"https:\/\/marktxxl.de\/markt\/wp-json\/wp\/v2\/product"}],"about":[{"href":"https:\/\/marktxxl.de\/markt\/wp-json\/wp\/v2\/types\/product"}],"replies":[{"embeddable":true,"href":"https:\/\/marktxxl.de\/markt\/wp-json\/wp\/v2\/comments?post=202490"}],"wp:featuredmedia":[{"embeddable":true,"href":"https:\/\/marktxxl.de\/markt\/wp-json\/wp\/v2\/media\/202491"}],"wp:attachment":[{"href":"https:\/\/marktxxl.de\/markt\/wp-json\/wp\/v2\/media?parent=202490"}],"wp:term":[{"taxonomy":"product_brand","embeddable":true,"href":"https:\/\/marktxxl.de\/markt\/wp-json\/wp\/v2\/product_brand?post=202490"},{"taxonomy":"product_cat","embeddable":true,"href":"https:\/\/marktxxl.de\/markt\/wp-json\/wp\/v2\/product_cat?post=202490"},{"taxonomy":"product_tag","embeddable":true,"href":"https:\/\/marktxxl.de\/markt\/wp-json\/wp\/v2\/product_tag?post=202490"}],"curies":[{"name":"wp","href":"https:\/\/api.w.org\/{rel}","templated":true}]}}