{"id":202419,"date":"2023-04-10T15:11:22","date_gmt":"2023-04-10T13:11:22","guid":{"rendered":"https:\/\/marktxxl.de\/markt\/produkt\/100-stueck-mini-kabelclips-kabelklemme-fuer-schreibtisch-outdoor-kabelhalter-mit-starken-selbstklebend-pads-fuer-die-befestigung-von-ladekabel-lichterkette-und-dekoartikelklar\/"},"modified":"2023-04-10T15:11:22","modified_gmt":"2023-04-10T13:11:22","slug":"100-stueck-mini-kabelclips-kabelklemme-fuer-schreibtisch-outdoor-kabelhalter-mit-starken-selbstklebend-pads-fuer-die-befestigung-von-ladekabel-lichterkette-und-dekoartikelklar","status":"publish","type":"product","link":"https:\/\/marktxxl.de\/markt\/produkt\/100-stueck-mini-kabelclips-kabelklemme-fuer-schreibtisch-outdoor-kabelhalter-mit-starken-selbstklebend-pads-fuer-die-befestigung-von-ladekabel-lichterkette-und-dekoartikelklar\/","title":{"rendered":"100 St\u00fcck Mini Kabelclips, Kabelklemme f\u00fcr Schreibtisch, Outdoor Kabelhalter mit Starken Selbstklebend Pads, f\u00fcr die Befestigung von Ladekabel, Lichterkette und Dekoartikel(Klar)"},"content":{"rendered":"<p>Mini-Kabelklemme Spezifikationen: Einzelgr\u00f6\u00dfe: 14*14*10 mm, 100 St\u00fcck Kabelklemmen f\u00fcr feine Kabel mit einem Durchmesser von weniger als 6 mm.<br \/>\nWasserdicht und stark: Die Kabelklemmen sind f\u00fcr versiegelte, glatte Oberfl\u00e4chen im Freien geeignet; furchtlos vor Regen, Schnee und hei\u00dfem und feuchtem Wetter, funktionieren sie sehr gut bei der Befestigung von Lichterketten, Solarstreifen, Weihnachtsbeleuchtung und anderen Kabelstr\u00e4ngen.<br \/>\nEinfach zu installieren: Die Mini-Kabelklemme ist stark haftend und l\u00e4sst sich ohne Werkzeug leicht anbringen und entfernen. Wenn Sie Ihre Kabel neu verlegen m\u00fcssen, lassen sie sich r\u00fcckstandslos entfernen, ohne die urspr\u00fcngliche \u00c4sthetik zu beeintr\u00e4chtigen.<br \/>\nVorsichtsma\u00dfnahmen f\u00fcr die Verwendung: Bitte reinigen Sie die Oberfl\u00e4che vor der Installation von Schmutz, Staub, Fett usw.; es wird empfohlen, sie nach 24 Stunden nach der Installation zu verwenden (das doppelseitige Klebepad erreicht die st\u00e4rkste Haftung), um bessere Ergebnisse zu erzielen.<br \/>\nVielf\u00e4ltige Anwendungsm\u00f6glichkeiten: Neben dem Kabelmanagement kann die Kabelklemme auch zur Dekoration Ihres Zuhauses zu Thanksgiving, Weihnachten, Halloween und zum Aufh\u00e4ngen von Wohnaccessoires verwendet werden.<br \/>\n<div class=\"main-cross-sell\" data-asin=\"B0BXF4JSF5\">\n\n\t<div class=\"WooZone-cross-sell-loader\">\n\t\t<div>\n\t\t\t<div id=\"floatingBarsG\">\n\t\t\t\t<div class=\"blockG\" id=\"rotateG_01\"><\/div>\n\t\t\t\t<div class=\"blockG\" id=\"rotateG_02\"><\/div>\n\t\t\t\t<div class=\"blockG\" id=\"rotateG_03\"><\/div>\n\t\t\t\t<div class=\"blockG\" id=\"rotateG_04\"><\/div>\n\t\t\t\t<div class=\"blockG\" id=\"rotateG_05\"><\/div>\n\t\t\t\t<div class=\"blockG\" id=\"rotateG_06\"><\/div>\n\t\t\t\t<div class=\"blockG\" id=\"rotateG_07\"><\/div>\n\t\t\t\t<div class=\"blockG\" id=\"rotateG_08\"><\/div>\n\t\t\t<\/div>\n\t\t\t<div class=\"WooZone-cross-sell-loader-text\"><\/div>\n\t\t<\/div>\n\t<\/div>\n\n\t\t\n<\/div>\n<div style=\"clear:both;\"><\/div><\/p>\n","protected":false},"excerpt":{"rendered":"<p>Mini-Kabelklemme Spezifikationen: Einzelgr\u00f6\u00dfe: 14*14*10 mm, 100 St\u00fcck Kabelklemmen f\u00fcr feine Kabel mit einem Durchmesser von weniger als 6 mm.<br \/>\nWasserdicht und stark: Die Kabelklemmen sind f\u00fcr versiegelte, glatte Oberfl\u00e4chen im Freien geeignet; furchtlos vor Regen, Schnee und hei\u00dfem und feuchtem Wetter, funktionieren sie sehr gut bei der Befestigung von Lichterketten, Solarstreifen, Weihnachtsbeleuchtung und anderen Kabelstr\u00e4ngen.<br \/>\nEinfach zu installieren: Die Mini-Kabelklemme ist stark haftend und l\u00e4sst sich ohne Werkzeug leicht anbringen und entfernen. Wenn Sie Ihre Kabel neu verlegen m\u00fcssen, lassen sie sich r\u00fcckstandslos entfernen, ohne die urspr\u00fcngliche \u00c4sthetik zu beeintr\u00e4chtigen.<\/p>\n","protected":false},"featured_media":202420,"comment_status":"open","ping_status":"closed","template":"","meta":[],"product_brand":[],"product_cat":[863],"product_tag":[],"class_list":{"0":"post-202419","1":"product","2":"type-product","3":"status-publish","4":"has-post-thumbnail","6":"product_cat-computer-zubehoer","7":"pa_brand-sosayet","8":"pa_height-0-3937-zoll","9":"pa_length-0-55118-zoll","10":"pa_manufacturer-sosayet","11":"pa_width-0-55118-zoll","13":"first","14":"instock","15":"shipping-taxable","16":"purchasable","17":"product-type-simple","18":"customify-col","19":"product-has-gallery"},"yoast_head":"<!-- This site is optimized with the Yoast SEO plugin v27.4 - https:\/\/yoast.com\/product\/yoast-seo-wordpress\/ -->\n<title>100 St\u00fcck Mini Kabelclips, Kabelklemme f\u00fcr Schreibtisch, Outdoor Kabelhalter mit Starken Selbstklebend Pads, f\u00fcr die Befestigung von Ladekabel, Lichterkette und Dekoartikel(Klar) - Markt-XXL<\/title>\n<meta name=\"description\" content=\"Markt-XXL 100 St\u00fcck Mini Kabelclips, Kabelklemme f\u00fcr Schreibtisch, Outdoor Kabelhalter mit Starken Selbstklebend Pads, f\u00fcr die Befestigung von Ladekabel, Lichterkette und Dekoartikel(Klar)\" \/>\n<meta name=\"robots\" content=\"index, follow, max-snippet:-1, max-image-preview:large, max-video-preview:-1\" \/>\n<link rel=\"canonical\" href=\"https:\/\/marktxxl.de\/markt\/produkt\/100-stueck-mini-kabelclips-kabelklemme-fuer-schreibtisch-outdoor-kabelhalter-mit-starken-selbstklebend-pads-fuer-die-befestigung-von-ladekabel-lichterkette-und-dekoartikelklar\/\" \/>\n<meta property=\"og:locale\" content=\"de_DE\" \/>\n<meta property=\"og:type\" content=\"article\" \/>\n<meta property=\"og:title\" content=\"100 St\u00fcck Mini Kabelclips, Kabelklemme f\u00fcr Schreibtisch, Outdoor Kabelhalter mit Starken Selbstklebend Pads, f\u00fcr die Befestigung von Ladekabel, Lichterkette und Dekoartikel(Klar) - Markt-XXL\" \/>\n<meta property=\"og:description\" content=\"Markt-XXL 100 St\u00fcck Mini Kabelclips, Kabelklemme f\u00fcr Schreibtisch, Outdoor Kabelhalter mit Starken Selbstklebend Pads, f\u00fcr die Befestigung von Ladekabel, Lichterkette und Dekoartikel(Klar)\" \/>\n<meta property=\"og:url\" content=\"https:\/\/marktxxl.de\/markt\/produkt\/100-stueck-mini-kabelclips-kabelklemme-fuer-schreibtisch-outdoor-kabelhalter-mit-starken-selbstklebend-pads-fuer-die-befestigung-von-ladekabel-lichterkette-und-dekoartikelklar\/\" \/>\n<meta property=\"og:site_name\" content=\"Markt-XXL\" \/>\n<meta name=\"twitter:card\" content=\"summary_large_image\" \/>\n<meta name=\"twitter:label1\" content=\"Gesch\u00e4tzte Lesezeit\" \/>\n\t<meta name=\"twitter:data1\" content=\"1\u00a0Minute\" \/>\n<script type=\"application\/ld+json\" class=\"yoast-schema-graph\">{\"@context\":\"https:\\\/\\\/schema.org\",\"@graph\":[{\"@type\":\"WebPage\",\"@id\":\"https:\\\/\\\/marktxxl.de\\\/markt\\\/produkt\\\/100-stueck-mini-kabelclips-kabelklemme-fuer-schreibtisch-outdoor-kabelhalter-mit-starken-selbstklebend-pads-fuer-die-befestigung-von-ladekabel-lichterkette-und-dekoartikelklar\\\/\",\"url\":\"https:\\\/\\\/marktxxl.de\\\/markt\\\/produkt\\\/100-stueck-mini-kabelclips-kabelklemme-fuer-schreibtisch-outdoor-kabelhalter-mit-starken-selbstklebend-pads-fuer-die-befestigung-von-ladekabel-lichterkette-und-dekoartikelklar\\\/\",\"name\":\"100 St\u00fcck Mini Kabelclips, Kabelklemme f\u00fcr Schreibtisch, Outdoor Kabelhalter mit Starken Selbstklebend Pads, f\u00fcr die Befestigung von Ladekabel, Lichterkette und Dekoartikel(Klar) - Markt-XXL\",\"isPartOf\":{\"@id\":\"https:\\\/\\\/marktxxl.de\\\/markt\\\/#website\"},\"primaryImageOfPage\":{\"@id\":\"https:\\\/\\\/marktxxl.de\\\/markt\\\/produkt\\\/100-stueck-mini-kabelclips-kabelklemme-fuer-schreibtisch-outdoor-kabelhalter-mit-starken-selbstklebend-pads-fuer-die-befestigung-von-ladekabel-lichterkette-und-dekoartikelklar\\\/#primaryimage\"},\"image\":{\"@id\":\"https:\\\/\\\/marktxxl.de\\\/markt\\\/produkt\\\/100-stueck-mini-kabelclips-kabelklemme-fuer-schreibtisch-outdoor-kabelhalter-mit-starken-selbstklebend-pads-fuer-die-befestigung-von-ladekabel-lichterkette-und-dekoartikelklar\\\/#primaryimage\"},\"thumbnailUrl\":\"https:\\\/\\\/m.media-amazon.com\\\/images\\\/I\\\/41GZuaM0nPL._SL500_.jpg\",\"datePublished\":\"2023-04-10T13:11:22+00:00\",\"description\":\"Markt-XXL 100 St\u00fcck Mini Kabelclips, Kabelklemme f\u00fcr Schreibtisch, Outdoor Kabelhalter mit Starken Selbstklebend Pads, f\u00fcr die Befestigung von Ladekabel, Lichterkette und Dekoartikel(Klar)\",\"breadcrumb\":{\"@id\":\"https:\\\/\\\/marktxxl.de\\\/markt\\\/produkt\\\/100-stueck-mini-kabelclips-kabelklemme-fuer-schreibtisch-outdoor-kabelhalter-mit-starken-selbstklebend-pads-fuer-die-befestigung-von-ladekabel-lichterkette-und-dekoartikelklar\\\/#breadcrumb\"},\"inLanguage\":\"de\",\"potentialAction\":[{\"@type\":\"ReadAction\",\"target\":[\"https:\\\/\\\/marktxxl.de\\\/markt\\\/produkt\\\/100-stueck-mini-kabelclips-kabelklemme-fuer-schreibtisch-outdoor-kabelhalter-mit-starken-selbstklebend-pads-fuer-die-befestigung-von-ladekabel-lichterkette-und-dekoartikelklar\\\/\"]}]},{\"@type\":\"ImageObject\",\"inLanguage\":\"de\",\"@id\":\"https:\\\/\\\/marktxxl.de\\\/markt\\\/produkt\\\/100-stueck-mini-kabelclips-kabelklemme-fuer-schreibtisch-outdoor-kabelhalter-mit-starken-selbstklebend-pads-fuer-die-befestigung-von-ladekabel-lichterkette-und-dekoartikelklar\\\/#primaryimage\",\"url\":\"https:\\\/\\\/m.media-amazon.com\\\/images\\\/I\\\/41GZuaM0nPL._SL500_.jpg\",\"contentUrl\":\"https:\\\/\\\/m.media-amazon.com\\\/images\\\/I\\\/41GZuaM0nPL._SL500_.jpg\",\"width\":500,\"height\":500},{\"@type\":\"BreadcrumbList\",\"@id\":\"https:\\\/\\\/marktxxl.de\\\/markt\\\/produkt\\\/100-stueck-mini-kabelclips-kabelklemme-fuer-schreibtisch-outdoor-kabelhalter-mit-starken-selbstklebend-pads-fuer-die-befestigung-von-ladekabel-lichterkette-und-dekoartikelklar\\\/#breadcrumb\",\"itemListElement\":[{\"@type\":\"ListItem\",\"position\":1,\"name\":\"Startseite\",\"item\":\"https:\\\/\\\/marktxxl.de\\\/markt\\\/\"},{\"@type\":\"ListItem\",\"position\":2,\"name\":\"Markt\",\"item\":\"https:\\\/\\\/marktxxl.de\\\/markt\\\/\"},{\"@type\":\"ListItem\",\"position\":3,\"name\":\"100 St\u00fcck Mini Kabelclips, Kabelklemme f\u00fcr Schreibtisch, Outdoor Kabelhalter mit Starken Selbstklebend Pads, f\u00fcr die Befestigung von Ladekabel, Lichterkette und Dekoartikel(Klar)\"}]},{\"@type\":\"WebSite\",\"@id\":\"https:\\\/\\\/marktxxl.de\\\/markt\\\/#website\",\"url\":\"https:\\\/\\\/marktxxl.de\\\/markt\\\/\",\"name\":\"Markt-XXL\",\"description\":\"Ihr Markt Online\",\"publisher\":{\"@id\":\"https:\\\/\\\/marktxxl.de\\\/markt\\\/#organization\"},\"potentialAction\":[{\"@type\":\"SearchAction\",\"target\":{\"@type\":\"EntryPoint\",\"urlTemplate\":\"https:\\\/\\\/marktxxl.de\\\/markt\\\/?s={search_term_string}\"},\"query-input\":{\"@type\":\"PropertyValueSpecification\",\"valueRequired\":true,\"valueName\":\"search_term_string\"}}],\"inLanguage\":\"de\"},{\"@type\":\"Organization\",\"@id\":\"https:\\\/\\\/marktxxl.de\\\/markt\\\/#organization\",\"name\":\"Markt-XXL\",\"url\":\"https:\\\/\\\/marktxxl.de\\\/markt\\\/\",\"logo\":{\"@type\":\"ImageObject\",\"inLanguage\":\"de\",\"@id\":\"https:\\\/\\\/marktxxl.de\\\/markt\\\/#\\\/schema\\\/logo\\\/image\\\/\",\"url\":\"https:\\\/\\\/marktxxl.de\\\/markt\\\/wp-content\\\/uploads\\\/sites\\\/3\\\/2020\\\/12\\\/logo.png\",\"contentUrl\":\"https:\\\/\\\/marktxxl.de\\\/markt\\\/wp-content\\\/uploads\\\/sites\\\/3\\\/2020\\\/12\\\/logo.png\",\"width\":200,\"height\":70,\"caption\":\"Markt-XXL\"},\"image\":{\"@id\":\"https:\\\/\\\/marktxxl.de\\\/markt\\\/#\\\/schema\\\/logo\\\/image\\\/\"}}]}<\/script>\n<!-- \/ Yoast SEO plugin. -->","yoast_head_json":{"title":"100 St\u00fcck Mini Kabelclips, Kabelklemme f\u00fcr Schreibtisch, Outdoor Kabelhalter mit Starken Selbstklebend Pads, f\u00fcr die Befestigung von Ladekabel, Lichterkette und Dekoartikel(Klar) - Markt-XXL","description":"Markt-XXL 100 St\u00fcck Mini Kabelclips, Kabelklemme f\u00fcr Schreibtisch, Outdoor Kabelhalter mit Starken Selbstklebend Pads, f\u00fcr die Befestigung von Ladekabel, Lichterkette und Dekoartikel(Klar)","robots":{"index":"index","follow":"follow","max-snippet":"max-snippet:-1","max-image-preview":"max-image-preview:large","max-video-preview":"max-video-preview:-1"},"canonical":"https:\/\/marktxxl.de\/markt\/produkt\/100-stueck-mini-kabelclips-kabelklemme-fuer-schreibtisch-outdoor-kabelhalter-mit-starken-selbstklebend-pads-fuer-die-befestigung-von-ladekabel-lichterkette-und-dekoartikelklar\/","og_locale":"de_DE","og_type":"article","og_title":"100 St\u00fcck Mini Kabelclips, Kabelklemme f\u00fcr Schreibtisch, Outdoor Kabelhalter mit Starken Selbstklebend Pads, f\u00fcr die Befestigung von Ladekabel, Lichterkette und Dekoartikel(Klar) - Markt-XXL","og_description":"Markt-XXL 100 St\u00fcck Mini Kabelclips, Kabelklemme f\u00fcr Schreibtisch, Outdoor Kabelhalter mit Starken Selbstklebend Pads, f\u00fcr die Befestigung von Ladekabel, Lichterkette und Dekoartikel(Klar)","og_url":"https:\/\/marktxxl.de\/markt\/produkt\/100-stueck-mini-kabelclips-kabelklemme-fuer-schreibtisch-outdoor-kabelhalter-mit-starken-selbstklebend-pads-fuer-die-befestigung-von-ladekabel-lichterkette-und-dekoartikelklar\/","og_site_name":"Markt-XXL","twitter_card":"summary_large_image","twitter_misc":{"Gesch\u00e4tzte Lesezeit":"1\u00a0Minute"},"schema":{"@context":"https:\/\/schema.org","@graph":[{"@type":"WebPage","@id":"https:\/\/marktxxl.de\/markt\/produkt\/100-stueck-mini-kabelclips-kabelklemme-fuer-schreibtisch-outdoor-kabelhalter-mit-starken-selbstklebend-pads-fuer-die-befestigung-von-ladekabel-lichterkette-und-dekoartikelklar\/","url":"https:\/\/marktxxl.de\/markt\/produkt\/100-stueck-mini-kabelclips-kabelklemme-fuer-schreibtisch-outdoor-kabelhalter-mit-starken-selbstklebend-pads-fuer-die-befestigung-von-ladekabel-lichterkette-und-dekoartikelklar\/","name":"100 St\u00fcck Mini Kabelclips, Kabelklemme f\u00fcr Schreibtisch, Outdoor Kabelhalter mit Starken Selbstklebend Pads, f\u00fcr die Befestigung von Ladekabel, Lichterkette und Dekoartikel(Klar) - Markt-XXL","isPartOf":{"@id":"https:\/\/marktxxl.de\/markt\/#website"},"primaryImageOfPage":{"@id":"https:\/\/marktxxl.de\/markt\/produkt\/100-stueck-mini-kabelclips-kabelklemme-fuer-schreibtisch-outdoor-kabelhalter-mit-starken-selbstklebend-pads-fuer-die-befestigung-von-ladekabel-lichterkette-und-dekoartikelklar\/#primaryimage"},"image":{"@id":"https:\/\/marktxxl.de\/markt\/produkt\/100-stueck-mini-kabelclips-kabelklemme-fuer-schreibtisch-outdoor-kabelhalter-mit-starken-selbstklebend-pads-fuer-die-befestigung-von-ladekabel-lichterkette-und-dekoartikelklar\/#primaryimage"},"thumbnailUrl":"https:\/\/m.media-amazon.com\/images\/I\/41GZuaM0nPL._SL500_.jpg","datePublished":"2023-04-10T13:11:22+00:00","description":"Markt-XXL 100 St\u00fcck Mini Kabelclips, Kabelklemme f\u00fcr Schreibtisch, Outdoor Kabelhalter mit Starken Selbstklebend Pads, f\u00fcr die Befestigung von Ladekabel, Lichterkette und Dekoartikel(Klar)","breadcrumb":{"@id":"https:\/\/marktxxl.de\/markt\/produkt\/100-stueck-mini-kabelclips-kabelklemme-fuer-schreibtisch-outdoor-kabelhalter-mit-starken-selbstklebend-pads-fuer-die-befestigung-von-ladekabel-lichterkette-und-dekoartikelklar\/#breadcrumb"},"inLanguage":"de","potentialAction":[{"@type":"ReadAction","target":["https:\/\/marktxxl.de\/markt\/produkt\/100-stueck-mini-kabelclips-kabelklemme-fuer-schreibtisch-outdoor-kabelhalter-mit-starken-selbstklebend-pads-fuer-die-befestigung-von-ladekabel-lichterkette-und-dekoartikelklar\/"]}]},{"@type":"ImageObject","inLanguage":"de","@id":"https:\/\/marktxxl.de\/markt\/produkt\/100-stueck-mini-kabelclips-kabelklemme-fuer-schreibtisch-outdoor-kabelhalter-mit-starken-selbstklebend-pads-fuer-die-befestigung-von-ladekabel-lichterkette-und-dekoartikelklar\/#primaryimage","url":"https:\/\/m.media-amazon.com\/images\/I\/41GZuaM0nPL._SL500_.jpg","contentUrl":"https:\/\/m.media-amazon.com\/images\/I\/41GZuaM0nPL._SL500_.jpg","width":500,"height":500},{"@type":"BreadcrumbList","@id":"https:\/\/marktxxl.de\/markt\/produkt\/100-stueck-mini-kabelclips-kabelklemme-fuer-schreibtisch-outdoor-kabelhalter-mit-starken-selbstklebend-pads-fuer-die-befestigung-von-ladekabel-lichterkette-und-dekoartikelklar\/#breadcrumb","itemListElement":[{"@type":"ListItem","position":1,"name":"Startseite","item":"https:\/\/marktxxl.de\/markt\/"},{"@type":"ListItem","position":2,"name":"Markt","item":"https:\/\/marktxxl.de\/markt\/"},{"@type":"ListItem","position":3,"name":"100 St\u00fcck Mini Kabelclips, Kabelklemme f\u00fcr Schreibtisch, Outdoor Kabelhalter mit Starken Selbstklebend Pads, f\u00fcr die Befestigung von Ladekabel, Lichterkette und Dekoartikel(Klar)"}]},{"@type":"WebSite","@id":"https:\/\/marktxxl.de\/markt\/#website","url":"https:\/\/marktxxl.de\/markt\/","name":"Markt-XXL","description":"Ihr Markt Online","publisher":{"@id":"https:\/\/marktxxl.de\/markt\/#organization"},"potentialAction":[{"@type":"SearchAction","target":{"@type":"EntryPoint","urlTemplate":"https:\/\/marktxxl.de\/markt\/?s={search_term_string}"},"query-input":{"@type":"PropertyValueSpecification","valueRequired":true,"valueName":"search_term_string"}}],"inLanguage":"de"},{"@type":"Organization","@id":"https:\/\/marktxxl.de\/markt\/#organization","name":"Markt-XXL","url":"https:\/\/marktxxl.de\/markt\/","logo":{"@type":"ImageObject","inLanguage":"de","@id":"https:\/\/marktxxl.de\/markt\/#\/schema\/logo\/image\/","url":"https:\/\/marktxxl.de\/markt\/wp-content\/uploads\/sites\/3\/2020\/12\/logo.png","contentUrl":"https:\/\/marktxxl.de\/markt\/wp-content\/uploads\/sites\/3\/2020\/12\/logo.png","width":200,"height":70,"caption":"Markt-XXL"},"image":{"@id":"https:\/\/marktxxl.de\/markt\/#\/schema\/logo\/image\/"}}]}},"_links":{"self":[{"href":"https:\/\/marktxxl.de\/markt\/wp-json\/wp\/v2\/product\/202419","targetHints":{"allow":["GET"]}}],"collection":[{"href":"https:\/\/marktxxl.de\/markt\/wp-json\/wp\/v2\/product"}],"about":[{"href":"https:\/\/marktxxl.de\/markt\/wp-json\/wp\/v2\/types\/product"}],"replies":[{"embeddable":true,"href":"https:\/\/marktxxl.de\/markt\/wp-json\/wp\/v2\/comments?post=202419"}],"wp:featuredmedia":[{"embeddable":true,"href":"https:\/\/marktxxl.de\/markt\/wp-json\/wp\/v2\/media\/202420"}],"wp:attachment":[{"href":"https:\/\/marktxxl.de\/markt\/wp-json\/wp\/v2\/media?parent=202419"}],"wp:term":[{"taxonomy":"product_brand","embeddable":true,"href":"https:\/\/marktxxl.de\/markt\/wp-json\/wp\/v2\/product_brand?post=202419"},{"taxonomy":"product_cat","embeddable":true,"href":"https:\/\/marktxxl.de\/markt\/wp-json\/wp\/v2\/product_cat?post=202419"},{"taxonomy":"product_tag","embeddable":true,"href":"https:\/\/marktxxl.de\/markt\/wp-json\/wp\/v2\/product_tag?post=202419"}],"curies":[{"name":"wp","href":"https:\/\/api.w.org\/{rel}","templated":true}]}}