{"id":202366,"date":"2023-04-10T15:08:52","date_gmt":"2023-04-10T13:08:52","guid":{"rendered":"https:\/\/marktxxl.de\/markt\/produkt\/anker-usb-c-hub-fuer-macbook-anker-547-usb-c-hub-7-in-2-kompatibel-mit-thunderbolt-4-usb-c-port-4k-hdmi-usb-c-und-2-usb-a-datenschluss-fuer-macbook-pro-13-zoll-macbook-air-m1-m2-und-weitere\/"},"modified":"2023-04-10T15:08:52","modified_gmt":"2023-04-10T13:08:52","slug":"anker-usb-c-hub-fuer-macbook-anker-547-usb-c-hub-7-in-2-kompatibel-mit-thunderbolt-4-usb-c-port-4k-hdmi-usb-c-und-2-usb-a-datenschluss-fuer-macbook-pro-13-zoll-macbook-air-m1-m2-und-weitere","status":"publish","type":"product","link":"https:\/\/marktxxl.de\/markt\/produkt\/anker-usb-c-hub-fuer-macbook-anker-547-usb-c-hub-7-in-2-kompatibel-mit-thunderbolt-4-usb-c-port-4k-hdmi-usb-c-und-2-usb-a-datenschluss-fuer-macbook-pro-13-zoll-macbook-air-m1-m2-und-weitere\/","title":{"rendered":"Anker USB C Hub f\u00fcr MacBook, Anker 547 USB-C Hub (7-in-2), Kompatibel mit Thunderbolt 4 USB C Port, 4K HDMI, USB C und 2 USB A Datenschluss f\u00fcr MacBook Pro 13 Zoll, MacBook Air M1 \/ M2 und weitere"},"content":{"rendered":"<p>F\u00dcR AKTUELLE MACBOOKS: Funktioniert mit den neuesten MacBook Air und MacBook Pro und wurde speziell entwickelt, um den MagSafe-Anschluss deines MacBooks nicht zu blockieren.<br \/>\nMASSIVE ERWEITERUNG: Erweitere die 2 USB-C-Anschl\u00fcsse deines MacBooks um 1 Multifunktions-USB-C-Anschluss, 1 USB-C-Datenanschluss, 2 USB-A-Anschluss, 1 HDMI-Anschluss, 1 SD-Kartenslot und 1 microSD-Kartenslot \u2013 mit einem einzigen, kompakten Hub.<br \/>\nHIGH-SPEED, HIGH-DEFINITION: Ein multifunktionaler USB-C-Anschluss unterst\u00fctzt eine enorme Aufladeleistung von bis zu 100W, eine Daten\u00fcbertragung von bis zu 40 Gbit\/s und die Darstellung von Medien mit Aufl\u00f6sungen von bis zu 5K.<br \/>\nMULTI-MONITOR: Der HDMI-Anschluss unterst\u00fctzt eine Aufl\u00f6sung von 4K@60Hz, w\u00e4hrend der Multifunktionsanschluss 5K@60Hz unterst\u00fctzt. Verbinde beide Anschl\u00fcsse gleichzeitig und genie\u00dfe kristallklares Streaming oder Spiegeln auf 2 Bildschirmen. Hinweis: MacBook M1 und M2 unterst\u00fctzen keine dualen externen Displays.<br \/>\nLIEFERUMFANG: Anker 547 USB-C Hub (7-in-2, f\u00fcr MacBook), Anleitung, 18 Monate Garantie und einen freundlichen Kundenservice.<br \/>\n<div class=\"main-cross-sell\" data-asin=\"B0BNZ5V1TF\">\n\n\t<div class=\"WooZone-cross-sell-loader\">\n\t\t<div>\n\t\t\t<div id=\"floatingBarsG\">\n\t\t\t\t<div class=\"blockG\" id=\"rotateG_01\"><\/div>\n\t\t\t\t<div class=\"blockG\" id=\"rotateG_02\"><\/div>\n\t\t\t\t<div class=\"blockG\" id=\"rotateG_03\"><\/div>\n\t\t\t\t<div class=\"blockG\" id=\"rotateG_04\"><\/div>\n\t\t\t\t<div class=\"blockG\" id=\"rotateG_05\"><\/div>\n\t\t\t\t<div class=\"blockG\" id=\"rotateG_06\"><\/div>\n\t\t\t\t<div class=\"blockG\" id=\"rotateG_07\"><\/div>\n\t\t\t\t<div class=\"blockG\" id=\"rotateG_08\"><\/div>\n\t\t\t<\/div>\n\t\t\t<div class=\"WooZone-cross-sell-loader-text\"><\/div>\n\t\t<\/div>\n\t<\/div>\n\n\t\t\n<\/div>\n<div style=\"clear:both;\"><\/div><\/p>\n","protected":false},"excerpt":{"rendered":"<p>F\u00dcR AKTUELLE MACBOOKS: Funktioniert mit den neuesten MacBook Air und MacBook Pro und wurde speziell entwickelt, um den MagSafe-Anschluss deines MacBooks nicht zu blockieren.<br \/>\nMASSIVE ERWEITERUNG: Erweitere die 2 USB-C-Anschl\u00fcsse deines MacBooks um 1 Multifunktions-USB-C-Anschluss, 1 USB-C-Datenanschluss, 2 USB-A-Anschluss, 1 HDMI-Anschluss, 1 SD-Kartenslot und 1 microSD-Kartenslot \u2013 mit einem einzigen, kompakten Hub.<br \/>\nHIGH-SPEED, HIGH-DEFINITION: Ein multifunktionaler USB-C-Anschluss unterst\u00fctzt eine enorme Aufladeleistung von bis zu 100W, eine Daten\u00fcbertragung von bis zu 40 Gbit\/s und die Darstellung von Medien mit Aufl\u00f6sungen von bis zu 5K.<\/p>\n","protected":false},"featured_media":202367,"comment_status":"open","ping_status":"closed","template":"","meta":[],"product_brand":[],"product_cat":[863],"product_tag":[],"class_list":{"0":"post-202366","1":"product","2":"type-product","3":"status-publish","4":"has-post-thumbnail","6":"product_cat-computer-zubehoer","7":"pa_brand-anker","8":"pa_color-gray","9":"pa_height-0-0003937-zoll","10":"pa_length-0-0003937-zoll","11":"pa_manufacturer-anker","12":"pa_model-a83540a1","13":"pa_width-0-0003937-zoll","15":"first","16":"instock","17":"sale","18":"shipping-taxable","19":"purchasable","20":"product-type-simple","21":"customify-col","22":"product-has-gallery"},"yoast_head":"<!-- This site is optimized with the Yoast SEO plugin v27.3 - https:\/\/yoast.com\/product\/yoast-seo-wordpress\/ -->\n<title>Anker USB C Hub f\u00fcr MacBook, Anker 547 USB-C Hub (7-in-2), Kompatibel mit Thunderbolt 4 USB C Port, 4K HDMI, USB C und 2 USB A Datenschluss f\u00fcr MacBook Pro 13 Zoll, MacBook Air M1 \/ M2 und weitere - Markt-XXL<\/title>\n<meta name=\"description\" content=\"Markt-XXL Anker USB C Hub f\u00fcr MacBook, Anker 547 USB-C Hub (7-in-2), Kompatibel mit Thunderbolt 4 USB C Port, 4K HDMI, USB C und 2 USB A Datenschluss f\u00fcr MacBook Pro 13 Zoll, MacBook Air M1 \/ M2 und weitere\" \/>\n<meta name=\"robots\" content=\"index, follow, max-snippet:-1, max-image-preview:large, max-video-preview:-1\" \/>\n<link rel=\"canonical\" href=\"https:\/\/marktxxl.de\/markt\/produkt\/anker-usb-c-hub-fuer-macbook-anker-547-usb-c-hub-7-in-2-kompatibel-mit-thunderbolt-4-usb-c-port-4k-hdmi-usb-c-und-2-usb-a-datenschluss-fuer-macbook-pro-13-zoll-macbook-air-m1-m2-und-weitere\/\" \/>\n<meta property=\"og:locale\" content=\"de_DE\" \/>\n<meta property=\"og:type\" content=\"article\" \/>\n<meta property=\"og:title\" content=\"Anker USB C Hub f\u00fcr MacBook, Anker 547 USB-C Hub (7-in-2), Kompatibel mit Thunderbolt 4 USB C Port, 4K HDMI, USB C und 2 USB A Datenschluss f\u00fcr MacBook Pro 13 Zoll, MacBook Air M1 \/ M2 und weitere - Markt-XXL\" \/>\n<meta property=\"og:description\" content=\"Markt-XXL Anker USB C Hub f\u00fcr MacBook, Anker 547 USB-C Hub (7-in-2), Kompatibel mit Thunderbolt 4 USB C Port, 4K HDMI, USB C und 2 USB A Datenschluss f\u00fcr MacBook Pro 13 Zoll, MacBook Air M1 \/ M2 und weitere\" \/>\n<meta property=\"og:url\" content=\"https:\/\/marktxxl.de\/markt\/produkt\/anker-usb-c-hub-fuer-macbook-anker-547-usb-c-hub-7-in-2-kompatibel-mit-thunderbolt-4-usb-c-port-4k-hdmi-usb-c-und-2-usb-a-datenschluss-fuer-macbook-pro-13-zoll-macbook-air-m1-m2-und-weitere\/\" \/>\n<meta property=\"og:site_name\" content=\"Markt-XXL\" \/>\n<meta name=\"twitter:card\" content=\"summary_large_image\" \/>\n<meta name=\"twitter:label1\" content=\"Gesch\u00e4tzte Lesezeit\" \/>\n\t<meta name=\"twitter:data1\" content=\"1\u00a0Minute\" \/>\n<script type=\"application\/ld+json\" class=\"yoast-schema-graph\">{\"@context\":\"https:\\\/\\\/schema.org\",\"@graph\":[{\"@type\":\"WebPage\",\"@id\":\"https:\\\/\\\/marktxxl.de\\\/markt\\\/produkt\\\/anker-usb-c-hub-fuer-macbook-anker-547-usb-c-hub-7-in-2-kompatibel-mit-thunderbolt-4-usb-c-port-4k-hdmi-usb-c-und-2-usb-a-datenschluss-fuer-macbook-pro-13-zoll-macbook-air-m1-m2-und-weitere\\\/\",\"url\":\"https:\\\/\\\/marktxxl.de\\\/markt\\\/produkt\\\/anker-usb-c-hub-fuer-macbook-anker-547-usb-c-hub-7-in-2-kompatibel-mit-thunderbolt-4-usb-c-port-4k-hdmi-usb-c-und-2-usb-a-datenschluss-fuer-macbook-pro-13-zoll-macbook-air-m1-m2-und-weitere\\\/\",\"name\":\"Anker USB C Hub f\u00fcr MacBook, Anker 547 USB-C Hub (7-in-2), Kompatibel mit Thunderbolt 4 USB C Port, 4K HDMI, USB C und 2 USB A Datenschluss f\u00fcr MacBook Pro 13 Zoll, MacBook Air M1 \\\/ M2 und weitere - Markt-XXL\",\"isPartOf\":{\"@id\":\"https:\\\/\\\/marktxxl.de\\\/markt\\\/#website\"},\"primaryImageOfPage\":{\"@id\":\"https:\\\/\\\/marktxxl.de\\\/markt\\\/produkt\\\/anker-usb-c-hub-fuer-macbook-anker-547-usb-c-hub-7-in-2-kompatibel-mit-thunderbolt-4-usb-c-port-4k-hdmi-usb-c-und-2-usb-a-datenschluss-fuer-macbook-pro-13-zoll-macbook-air-m1-m2-und-weitere\\\/#primaryimage\"},\"image\":{\"@id\":\"https:\\\/\\\/marktxxl.de\\\/markt\\\/produkt\\\/anker-usb-c-hub-fuer-macbook-anker-547-usb-c-hub-7-in-2-kompatibel-mit-thunderbolt-4-usb-c-port-4k-hdmi-usb-c-und-2-usb-a-datenschluss-fuer-macbook-pro-13-zoll-macbook-air-m1-m2-und-weitere\\\/#primaryimage\"},\"thumbnailUrl\":\"https:\\\/\\\/m.media-amazon.com\\\/images\\\/I\\\/21-HOOJ-aRL._SL500_.jpg\",\"datePublished\":\"2023-04-10T13:08:52+00:00\",\"description\":\"Markt-XXL Anker USB C Hub f\u00fcr MacBook, Anker 547 USB-C Hub (7-in-2), Kompatibel mit Thunderbolt 4 USB C Port, 4K HDMI, USB C und 2 USB A Datenschluss f\u00fcr MacBook Pro 13 Zoll, MacBook Air M1 \\\/ M2 und weitere\",\"breadcrumb\":{\"@id\":\"https:\\\/\\\/marktxxl.de\\\/markt\\\/produkt\\\/anker-usb-c-hub-fuer-macbook-anker-547-usb-c-hub-7-in-2-kompatibel-mit-thunderbolt-4-usb-c-port-4k-hdmi-usb-c-und-2-usb-a-datenschluss-fuer-macbook-pro-13-zoll-macbook-air-m1-m2-und-weitere\\\/#breadcrumb\"},\"inLanguage\":\"de\",\"potentialAction\":[{\"@type\":\"ReadAction\",\"target\":[\"https:\\\/\\\/marktxxl.de\\\/markt\\\/produkt\\\/anker-usb-c-hub-fuer-macbook-anker-547-usb-c-hub-7-in-2-kompatibel-mit-thunderbolt-4-usb-c-port-4k-hdmi-usb-c-und-2-usb-a-datenschluss-fuer-macbook-pro-13-zoll-macbook-air-m1-m2-und-weitere\\\/\"]}]},{\"@type\":\"ImageObject\",\"inLanguage\":\"de\",\"@id\":\"https:\\\/\\\/marktxxl.de\\\/markt\\\/produkt\\\/anker-usb-c-hub-fuer-macbook-anker-547-usb-c-hub-7-in-2-kompatibel-mit-thunderbolt-4-usb-c-port-4k-hdmi-usb-c-und-2-usb-a-datenschluss-fuer-macbook-pro-13-zoll-macbook-air-m1-m2-und-weitere\\\/#primaryimage\",\"url\":\"https:\\\/\\\/m.media-amazon.com\\\/images\\\/I\\\/21-HOOJ-aRL._SL500_.jpg\",\"contentUrl\":\"https:\\\/\\\/m.media-amazon.com\\\/images\\\/I\\\/21-HOOJ-aRL._SL500_.jpg\",\"width\":400,\"height\":500},{\"@type\":\"BreadcrumbList\",\"@id\":\"https:\\\/\\\/marktxxl.de\\\/markt\\\/produkt\\\/anker-usb-c-hub-fuer-macbook-anker-547-usb-c-hub-7-in-2-kompatibel-mit-thunderbolt-4-usb-c-port-4k-hdmi-usb-c-und-2-usb-a-datenschluss-fuer-macbook-pro-13-zoll-macbook-air-m1-m2-und-weitere\\\/#breadcrumb\",\"itemListElement\":[{\"@type\":\"ListItem\",\"position\":1,\"name\":\"Startseite\",\"item\":\"https:\\\/\\\/marktxxl.de\\\/markt\\\/\"},{\"@type\":\"ListItem\",\"position\":2,\"name\":\"Markt\",\"item\":\"https:\\\/\\\/marktxxl.de\\\/markt\\\/\"},{\"@type\":\"ListItem\",\"position\":3,\"name\":\"Anker USB C Hub f\u00fcr MacBook, Anker 547 USB-C Hub (7-in-2), Kompatibel mit Thunderbolt 4 USB C Port, 4K HDMI, USB C und 2 USB A Datenschluss f\u00fcr MacBook Pro 13 Zoll, MacBook Air M1 \\\/ M2 und weitere\"}]},{\"@type\":\"WebSite\",\"@id\":\"https:\\\/\\\/marktxxl.de\\\/markt\\\/#website\",\"url\":\"https:\\\/\\\/marktxxl.de\\\/markt\\\/\",\"name\":\"Markt-XXL\",\"description\":\"Ihr Markt Online\",\"publisher\":{\"@id\":\"https:\\\/\\\/marktxxl.de\\\/markt\\\/#organization\"},\"potentialAction\":[{\"@type\":\"SearchAction\",\"target\":{\"@type\":\"EntryPoint\",\"urlTemplate\":\"https:\\\/\\\/marktxxl.de\\\/markt\\\/?s={search_term_string}\"},\"query-input\":{\"@type\":\"PropertyValueSpecification\",\"valueRequired\":true,\"valueName\":\"search_term_string\"}}],\"inLanguage\":\"de\"},{\"@type\":\"Organization\",\"@id\":\"https:\\\/\\\/marktxxl.de\\\/markt\\\/#organization\",\"name\":\"Markt-XXL\",\"url\":\"https:\\\/\\\/marktxxl.de\\\/markt\\\/\",\"logo\":{\"@type\":\"ImageObject\",\"inLanguage\":\"de\",\"@id\":\"https:\\\/\\\/marktxxl.de\\\/markt\\\/#\\\/schema\\\/logo\\\/image\\\/\",\"url\":\"https:\\\/\\\/marktxxl.de\\\/markt\\\/wp-content\\\/uploads\\\/sites\\\/3\\\/2020\\\/12\\\/logo.png\",\"contentUrl\":\"https:\\\/\\\/marktxxl.de\\\/markt\\\/wp-content\\\/uploads\\\/sites\\\/3\\\/2020\\\/12\\\/logo.png\",\"width\":200,\"height\":70,\"caption\":\"Markt-XXL\"},\"image\":{\"@id\":\"https:\\\/\\\/marktxxl.de\\\/markt\\\/#\\\/schema\\\/logo\\\/image\\\/\"}}]}<\/script>\n<!-- \/ Yoast SEO plugin. -->","yoast_head_json":{"title":"Anker USB C Hub f\u00fcr MacBook, Anker 547 USB-C Hub (7-in-2), Kompatibel mit Thunderbolt 4 USB C Port, 4K HDMI, USB C und 2 USB A Datenschluss f\u00fcr MacBook Pro 13 Zoll, MacBook Air M1 \/ M2 und weitere - Markt-XXL","description":"Markt-XXL Anker USB C Hub f\u00fcr MacBook, Anker 547 USB-C Hub (7-in-2), Kompatibel mit Thunderbolt 4 USB C Port, 4K HDMI, USB C und 2 USB A Datenschluss f\u00fcr MacBook Pro 13 Zoll, MacBook Air M1 \/ M2 und weitere","robots":{"index":"index","follow":"follow","max-snippet":"max-snippet:-1","max-image-preview":"max-image-preview:large","max-video-preview":"max-video-preview:-1"},"canonical":"https:\/\/marktxxl.de\/markt\/produkt\/anker-usb-c-hub-fuer-macbook-anker-547-usb-c-hub-7-in-2-kompatibel-mit-thunderbolt-4-usb-c-port-4k-hdmi-usb-c-und-2-usb-a-datenschluss-fuer-macbook-pro-13-zoll-macbook-air-m1-m2-und-weitere\/","og_locale":"de_DE","og_type":"article","og_title":"Anker USB C Hub f\u00fcr MacBook, Anker 547 USB-C Hub (7-in-2), Kompatibel mit Thunderbolt 4 USB C Port, 4K HDMI, USB C und 2 USB A Datenschluss f\u00fcr MacBook Pro 13 Zoll, MacBook Air M1 \/ M2 und weitere - Markt-XXL","og_description":"Markt-XXL Anker USB C Hub f\u00fcr MacBook, Anker 547 USB-C Hub (7-in-2), Kompatibel mit Thunderbolt 4 USB C Port, 4K HDMI, USB C und 2 USB A Datenschluss f\u00fcr MacBook Pro 13 Zoll, MacBook Air M1 \/ M2 und weitere","og_url":"https:\/\/marktxxl.de\/markt\/produkt\/anker-usb-c-hub-fuer-macbook-anker-547-usb-c-hub-7-in-2-kompatibel-mit-thunderbolt-4-usb-c-port-4k-hdmi-usb-c-und-2-usb-a-datenschluss-fuer-macbook-pro-13-zoll-macbook-air-m1-m2-und-weitere\/","og_site_name":"Markt-XXL","twitter_card":"summary_large_image","twitter_misc":{"Gesch\u00e4tzte Lesezeit":"1\u00a0Minute"},"schema":{"@context":"https:\/\/schema.org","@graph":[{"@type":"WebPage","@id":"https:\/\/marktxxl.de\/markt\/produkt\/anker-usb-c-hub-fuer-macbook-anker-547-usb-c-hub-7-in-2-kompatibel-mit-thunderbolt-4-usb-c-port-4k-hdmi-usb-c-und-2-usb-a-datenschluss-fuer-macbook-pro-13-zoll-macbook-air-m1-m2-und-weitere\/","url":"https:\/\/marktxxl.de\/markt\/produkt\/anker-usb-c-hub-fuer-macbook-anker-547-usb-c-hub-7-in-2-kompatibel-mit-thunderbolt-4-usb-c-port-4k-hdmi-usb-c-und-2-usb-a-datenschluss-fuer-macbook-pro-13-zoll-macbook-air-m1-m2-und-weitere\/","name":"Anker USB C Hub f\u00fcr MacBook, Anker 547 USB-C Hub (7-in-2), Kompatibel mit Thunderbolt 4 USB C Port, 4K HDMI, USB C und 2 USB A Datenschluss f\u00fcr MacBook Pro 13 Zoll, MacBook Air M1 \/ M2 und weitere - Markt-XXL","isPartOf":{"@id":"https:\/\/marktxxl.de\/markt\/#website"},"primaryImageOfPage":{"@id":"https:\/\/marktxxl.de\/markt\/produkt\/anker-usb-c-hub-fuer-macbook-anker-547-usb-c-hub-7-in-2-kompatibel-mit-thunderbolt-4-usb-c-port-4k-hdmi-usb-c-und-2-usb-a-datenschluss-fuer-macbook-pro-13-zoll-macbook-air-m1-m2-und-weitere\/#primaryimage"},"image":{"@id":"https:\/\/marktxxl.de\/markt\/produkt\/anker-usb-c-hub-fuer-macbook-anker-547-usb-c-hub-7-in-2-kompatibel-mit-thunderbolt-4-usb-c-port-4k-hdmi-usb-c-und-2-usb-a-datenschluss-fuer-macbook-pro-13-zoll-macbook-air-m1-m2-und-weitere\/#primaryimage"},"thumbnailUrl":"https:\/\/m.media-amazon.com\/images\/I\/21-HOOJ-aRL._SL500_.jpg","datePublished":"2023-04-10T13:08:52+00:00","description":"Markt-XXL Anker USB C Hub f\u00fcr MacBook, Anker 547 USB-C Hub (7-in-2), Kompatibel mit Thunderbolt 4 USB C Port, 4K HDMI, USB C und 2 USB A Datenschluss f\u00fcr MacBook Pro 13 Zoll, MacBook Air M1 \/ M2 und weitere","breadcrumb":{"@id":"https:\/\/marktxxl.de\/markt\/produkt\/anker-usb-c-hub-fuer-macbook-anker-547-usb-c-hub-7-in-2-kompatibel-mit-thunderbolt-4-usb-c-port-4k-hdmi-usb-c-und-2-usb-a-datenschluss-fuer-macbook-pro-13-zoll-macbook-air-m1-m2-und-weitere\/#breadcrumb"},"inLanguage":"de","potentialAction":[{"@type":"ReadAction","target":["https:\/\/marktxxl.de\/markt\/produkt\/anker-usb-c-hub-fuer-macbook-anker-547-usb-c-hub-7-in-2-kompatibel-mit-thunderbolt-4-usb-c-port-4k-hdmi-usb-c-und-2-usb-a-datenschluss-fuer-macbook-pro-13-zoll-macbook-air-m1-m2-und-weitere\/"]}]},{"@type":"ImageObject","inLanguage":"de","@id":"https:\/\/marktxxl.de\/markt\/produkt\/anker-usb-c-hub-fuer-macbook-anker-547-usb-c-hub-7-in-2-kompatibel-mit-thunderbolt-4-usb-c-port-4k-hdmi-usb-c-und-2-usb-a-datenschluss-fuer-macbook-pro-13-zoll-macbook-air-m1-m2-und-weitere\/#primaryimage","url":"https:\/\/m.media-amazon.com\/images\/I\/21-HOOJ-aRL._SL500_.jpg","contentUrl":"https:\/\/m.media-amazon.com\/images\/I\/21-HOOJ-aRL._SL500_.jpg","width":400,"height":500},{"@type":"BreadcrumbList","@id":"https:\/\/marktxxl.de\/markt\/produkt\/anker-usb-c-hub-fuer-macbook-anker-547-usb-c-hub-7-in-2-kompatibel-mit-thunderbolt-4-usb-c-port-4k-hdmi-usb-c-und-2-usb-a-datenschluss-fuer-macbook-pro-13-zoll-macbook-air-m1-m2-und-weitere\/#breadcrumb","itemListElement":[{"@type":"ListItem","position":1,"name":"Startseite","item":"https:\/\/marktxxl.de\/markt\/"},{"@type":"ListItem","position":2,"name":"Markt","item":"https:\/\/marktxxl.de\/markt\/"},{"@type":"ListItem","position":3,"name":"Anker USB C Hub f\u00fcr MacBook, Anker 547 USB-C Hub (7-in-2), Kompatibel mit Thunderbolt 4 USB C Port, 4K HDMI, USB C und 2 USB A Datenschluss f\u00fcr MacBook Pro 13 Zoll, MacBook Air M1 \/ M2 und weitere"}]},{"@type":"WebSite","@id":"https:\/\/marktxxl.de\/markt\/#website","url":"https:\/\/marktxxl.de\/markt\/","name":"Markt-XXL","description":"Ihr Markt Online","publisher":{"@id":"https:\/\/marktxxl.de\/markt\/#organization"},"potentialAction":[{"@type":"SearchAction","target":{"@type":"EntryPoint","urlTemplate":"https:\/\/marktxxl.de\/markt\/?s={search_term_string}"},"query-input":{"@type":"PropertyValueSpecification","valueRequired":true,"valueName":"search_term_string"}}],"inLanguage":"de"},{"@type":"Organization","@id":"https:\/\/marktxxl.de\/markt\/#organization","name":"Markt-XXL","url":"https:\/\/marktxxl.de\/markt\/","logo":{"@type":"ImageObject","inLanguage":"de","@id":"https:\/\/marktxxl.de\/markt\/#\/schema\/logo\/image\/","url":"https:\/\/marktxxl.de\/markt\/wp-content\/uploads\/sites\/3\/2020\/12\/logo.png","contentUrl":"https:\/\/marktxxl.de\/markt\/wp-content\/uploads\/sites\/3\/2020\/12\/logo.png","width":200,"height":70,"caption":"Markt-XXL"},"image":{"@id":"https:\/\/marktxxl.de\/markt\/#\/schema\/logo\/image\/"}}]}},"_links":{"self":[{"href":"https:\/\/marktxxl.de\/markt\/wp-json\/wp\/v2\/product\/202366","targetHints":{"allow":["GET"]}}],"collection":[{"href":"https:\/\/marktxxl.de\/markt\/wp-json\/wp\/v2\/product"}],"about":[{"href":"https:\/\/marktxxl.de\/markt\/wp-json\/wp\/v2\/types\/product"}],"replies":[{"embeddable":true,"href":"https:\/\/marktxxl.de\/markt\/wp-json\/wp\/v2\/comments?post=202366"}],"wp:featuredmedia":[{"embeddable":true,"href":"https:\/\/marktxxl.de\/markt\/wp-json\/wp\/v2\/media\/202367"}],"wp:attachment":[{"href":"https:\/\/marktxxl.de\/markt\/wp-json\/wp\/v2\/media?parent=202366"}],"wp:term":[{"taxonomy":"product_brand","embeddable":true,"href":"https:\/\/marktxxl.de\/markt\/wp-json\/wp\/v2\/product_brand?post=202366"},{"taxonomy":"product_cat","embeddable":true,"href":"https:\/\/marktxxl.de\/markt\/wp-json\/wp\/v2\/product_cat?post=202366"},{"taxonomy":"product_tag","embeddable":true,"href":"https:\/\/marktxxl.de\/markt\/wp-json\/wp\/v2\/product_tag?post=202366"}],"curies":[{"name":"wp","href":"https:\/\/api.w.org\/{rel}","templated":true}]}}