{"id":202359,"date":"2023-04-10T15:08:39","date_gmt":"2023-04-10T13:08:39","guid":{"rendered":"https:\/\/marktxxl.de\/markt\/produkt\/18xl-multipack-druckerpatronen-kompatibel-fuer-epson-18xl-18-fuer-epson-xp-322-druckerpatronen-fuer-epson-xp-305-xp-215-xp-225-xp-412-xp-422-xp-325-xp-312-xp-315-xp-205-xp-415-xp-4255er-pack\/"},"modified":"2023-04-10T15:08:39","modified_gmt":"2023-04-10T13:08:39","slug":"18xl-multipack-druckerpatronen-kompatibel-fuer-epson-18xl-18-fuer-epson-xp-322-druckerpatronen-fuer-epson-xp-305-xp-215-xp-225-xp-412-xp-422-xp-325-xp-312-xp-315-xp-205-xp-415-xp-4255er-pack","status":"publish","type":"product","link":"https:\/\/marktxxl.de\/markt\/produkt\/18xl-multipack-druckerpatronen-kompatibel-fuer-epson-18xl-18-fuer-epson-xp-322-druckerpatronen-fuer-epson-xp-305-xp-215-xp-225-xp-412-xp-422-xp-325-xp-312-xp-315-xp-205-xp-415-xp-4255er-pack\/","title":{"rendered":"18XL Multipack Druckerpatronen Kompatibel f\u00fcr Epson 18XL 18 f\u00fcr Epson XP 322 Druckerpatronen f\u00fcr Epson XP-305 XP-215 XP-225 XP-412 XP-422 XP-325 XP-312 XP-315 XP-205 XP-415 XP-425(5er-Pack"},"content":{"rendered":"<p>18 xl Multipack druckerpatronen f\u00fcr Epson 18XL Multipack patronen, Nicht Original (Die Produktverpackung ist sowohl in der alten als auch in der neuen Version erh\u00e4ltlich und die tats\u00e4chliche Verpackung kann von den Abbildungen abweichen)<br \/>\n18 18XL multipack Kompatibl f\u00fcr Epson Expression Home XP-322 Patronen,f\u00fcr Epson Expression Home XP-205,f\u00fcr Epson Expression Home XP-212,f\u00fcr Epson Expression Home XP-215, f\u00fcr Epson Expression Home XP-202 XP-205 XP-212 XP-215 XP-225 XP-305 XP-312 XP-315 XP-322 XP-325 XP-405 XP-412 XP-415 XP-422 XP-425 XP-405WH XP-102 XP-30 Drucker<br \/>\nSeitenleistung f\u00fcr Epson XP 322 Druckerpatronen: 470 Seiten pro f\u00fcr Epson XP 322 Druckerpatronen 18XL Schwarzer Patronen und 450 Seiten pro f\u00fcr Epson XP 312 Druckerpatronen 18XL Farbiger Druckerpatronen, f\u00fcr Epson XP305 Patronen (Letter \/ A4, bei 5% Deckung)<br \/>\nLieferumfang f\u00fcr Epson XP 322 305 215 Druckerpatronen: 1Schwarz f\u00fcr Epson 18xl multipack, 1 Gelb f\u00fcr Epson Multipack 18 XL, 1 Magenta f\u00fcr Epson 18 XL, 1 Cyan f\u00fcr Epson druckerpatronen 18 xl (Nicht Original)<br \/>\nGrund f\u00fcr die Wahl f\u00fcr Epson xp 322 Druckerpatronen: Der Einsatz von HALLELUX f\u00fcr epson xp 305 tintenpatronen Marken-Tintenersatz sorgt f\u00fcr einen exquisiten Druckeffekt. Es ist eine ideale Wahl f\u00fcr Ihren t\u00e4glichen Gebrauch. Wir werden unser Bestes geben, um Ihre Bed\u00fcrfnisse zu erf\u00fcllen, f\u00fcr Epson 18XL Multipack Druckerpatronen 18 XL<br \/>\n<div class=\"main-cross-sell\" data-asin=\"B0BZ8R8T8F\">\n\n\t<div class=\"WooZone-cross-sell-loader\">\n\t\t<div>\n\t\t\t<div id=\"floatingBarsG\">\n\t\t\t\t<div class=\"blockG\" id=\"rotateG_01\"><\/div>\n\t\t\t\t<div class=\"blockG\" id=\"rotateG_02\"><\/div>\n\t\t\t\t<div class=\"blockG\" id=\"rotateG_03\"><\/div>\n\t\t\t\t<div class=\"blockG\" id=\"rotateG_04\"><\/div>\n\t\t\t\t<div class=\"blockG\" id=\"rotateG_05\"><\/div>\n\t\t\t\t<div class=\"blockG\" id=\"rotateG_06\"><\/div>\n\t\t\t\t<div class=\"blockG\" id=\"rotateG_07\"><\/div>\n\t\t\t\t<div class=\"blockG\" id=\"rotateG_08\"><\/div>\n\t\t\t<\/div>\n\t\t\t<div class=\"WooZone-cross-sell-loader-text\"><\/div>\n\t\t<\/div>\n\t<\/div>\n\n\t\t\n<\/div>\n<div style=\"clear:both;\"><\/div><\/p>\n","protected":false},"excerpt":{"rendered":"<p>18 xl Multipack druckerpatronen f\u00fcr Epson 18XL Multipack patronen, Nicht Original (Die Produktverpackung ist sowohl in der alten als auch in der neuen Version erh\u00e4ltlich und die tats\u00e4chliche Verpackung kann von den Abbildungen abweichen)<br \/>\n18 18XL multipack Kompatibl f\u00fcr Epson Expression Home XP-322 Patronen,f\u00fcr Epson Expression Home XP-205,f\u00fcr Epson Expression Home XP-212,f\u00fcr Epson Expression Home XP-215, f\u00fcr Epson Expression Home XP-202 XP-205 XP-212 XP-215 XP-225 XP-305 XP-312 XP-315 XP-322 XP-325 XP-405 XP-412 XP-415 XP-422 XP-425 XP-405WH XP-102 XP-30 Drucker<br \/>\nSeitenleistung f\u00fcr Epson XP 322 Druckerpatronen: 470 Seiten pro f\u00fcr Epson XP 322 Druckerpatronen 18XL Schwarzer Patronen und 450 Seiten pro f\u00fcr Epson XP 312 Druckerpatronen 18XL Farbiger Druckerpatronen, f\u00fcr Epson XP305 Patronen (Letter \/ A4, bei 5% Deckung)<\/p>\n","protected":false},"featured_media":202360,"comment_status":"open","ping_status":"closed","template":"","meta":[],"product_brand":[],"product_cat":[863],"product_tag":[],"class_list":{"0":"post-202359","1":"product","2":"type-product","3":"status-publish","4":"has-post-thumbnail","6":"product_cat-computer-zubehoer","7":"pa_brand-hallolux","8":"pa_color-schwarz-cyan-magenta-gelb","9":"pa_height-0-393700787-zoll","10":"pa_length-0-393700787-zoll","11":"pa_manufacturer-hallolux-fuer-epson-18xl-18","12":"pa_model-6690","13":"pa_size-x-large","14":"pa_warranty-2-year-limited-warranty","15":"pa_width-0-393700787-zoll","17":"first","18":"instock","19":"shipping-taxable","20":"purchasable","21":"product-type-simple","22":"customify-col","23":"product-has-gallery"},"yoast_head":"<!-- This site is optimized with the Yoast SEO plugin v27.4 - https:\/\/yoast.com\/product\/yoast-seo-wordpress\/ -->\n<title>18XL Multipack Druckerpatronen Kompatibel f\u00fcr Epson 18XL 18 f\u00fcr Epson XP 322 Druckerpatronen f\u00fcr Epson XP-305 XP-215 XP-225 XP-412 XP-422 XP-325 XP-312 XP-315 XP-205 XP-415 XP-425(5er-Pack - Markt-XXL<\/title>\n<meta name=\"description\" content=\"Markt-XXL 18XL Multipack Druckerpatronen Kompatibel f\u00fcr Epson 18XL 18 f\u00fcr Epson XP 322 Druckerpatronen f\u00fcr Epson XP-305 XP-215 XP-225 XP-412 XP-422 XP-325 XP-312 XP-315 XP-205 XP-415 XP-425(5er-Pack\" \/>\n<meta name=\"robots\" content=\"index, follow, max-snippet:-1, max-image-preview:large, max-video-preview:-1\" \/>\n<link rel=\"canonical\" href=\"https:\/\/marktxxl.de\/markt\/produkt\/18xl-multipack-druckerpatronen-kompatibel-fuer-epson-18xl-18-fuer-epson-xp-322-druckerpatronen-fuer-epson-xp-305-xp-215-xp-225-xp-412-xp-422-xp-325-xp-312-xp-315-xp-205-xp-415-xp-4255er-pack\/\" \/>\n<meta property=\"og:locale\" content=\"de_DE\" \/>\n<meta property=\"og:type\" content=\"article\" \/>\n<meta property=\"og:title\" content=\"18XL Multipack Druckerpatronen Kompatibel f\u00fcr Epson 18XL 18 f\u00fcr Epson XP 322 Druckerpatronen f\u00fcr Epson XP-305 XP-215 XP-225 XP-412 XP-422 XP-325 XP-312 XP-315 XP-205 XP-415 XP-425(5er-Pack - Markt-XXL\" \/>\n<meta property=\"og:description\" content=\"Markt-XXL 18XL Multipack Druckerpatronen Kompatibel f\u00fcr Epson 18XL 18 f\u00fcr Epson XP 322 Druckerpatronen f\u00fcr Epson XP-305 XP-215 XP-225 XP-412 XP-422 XP-325 XP-312 XP-315 XP-205 XP-415 XP-425(5er-Pack\" \/>\n<meta property=\"og:url\" content=\"https:\/\/marktxxl.de\/markt\/produkt\/18xl-multipack-druckerpatronen-kompatibel-fuer-epson-18xl-18-fuer-epson-xp-322-druckerpatronen-fuer-epson-xp-305-xp-215-xp-225-xp-412-xp-422-xp-325-xp-312-xp-315-xp-205-xp-415-xp-4255er-pack\/\" \/>\n<meta property=\"og:site_name\" content=\"Markt-XXL\" \/>\n<meta name=\"twitter:card\" content=\"summary_large_image\" \/>\n<meta name=\"twitter:label1\" content=\"Gesch\u00e4tzte Lesezeit\" \/>\n\t<meta name=\"twitter:data1\" content=\"1\u00a0Minute\" \/>\n<script type=\"application\/ld+json\" class=\"yoast-schema-graph\">{\"@context\":\"https:\\\/\\\/schema.org\",\"@graph\":[{\"@type\":\"WebPage\",\"@id\":\"https:\\\/\\\/marktxxl.de\\\/markt\\\/produkt\\\/18xl-multipack-druckerpatronen-kompatibel-fuer-epson-18xl-18-fuer-epson-xp-322-druckerpatronen-fuer-epson-xp-305-xp-215-xp-225-xp-412-xp-422-xp-325-xp-312-xp-315-xp-205-xp-415-xp-4255er-pack\\\/\",\"url\":\"https:\\\/\\\/marktxxl.de\\\/markt\\\/produkt\\\/18xl-multipack-druckerpatronen-kompatibel-fuer-epson-18xl-18-fuer-epson-xp-322-druckerpatronen-fuer-epson-xp-305-xp-215-xp-225-xp-412-xp-422-xp-325-xp-312-xp-315-xp-205-xp-415-xp-4255er-pack\\\/\",\"name\":\"18XL Multipack Druckerpatronen Kompatibel f\u00fcr Epson 18XL 18 f\u00fcr Epson XP 322 Druckerpatronen f\u00fcr Epson XP-305 XP-215 XP-225 XP-412 XP-422 XP-325 XP-312 XP-315 XP-205 XP-415 XP-425(5er-Pack - Markt-XXL\",\"isPartOf\":{\"@id\":\"https:\\\/\\\/marktxxl.de\\\/markt\\\/#website\"},\"primaryImageOfPage\":{\"@id\":\"https:\\\/\\\/marktxxl.de\\\/markt\\\/produkt\\\/18xl-multipack-druckerpatronen-kompatibel-fuer-epson-18xl-18-fuer-epson-xp-322-druckerpatronen-fuer-epson-xp-305-xp-215-xp-225-xp-412-xp-422-xp-325-xp-312-xp-315-xp-205-xp-415-xp-4255er-pack\\\/#primaryimage\"},\"image\":{\"@id\":\"https:\\\/\\\/marktxxl.de\\\/markt\\\/produkt\\\/18xl-multipack-druckerpatronen-kompatibel-fuer-epson-18xl-18-fuer-epson-xp-322-druckerpatronen-fuer-epson-xp-305-xp-215-xp-225-xp-412-xp-422-xp-325-xp-312-xp-315-xp-205-xp-415-xp-4255er-pack\\\/#primaryimage\"},\"thumbnailUrl\":\"https:\\\/\\\/m.media-amazon.com\\\/images\\\/I\\\/41JzYL3sK1L._SL500_.jpg\",\"datePublished\":\"2023-04-10T13:08:39+00:00\",\"description\":\"Markt-XXL 18XL Multipack Druckerpatronen Kompatibel f\u00fcr Epson 18XL 18 f\u00fcr Epson XP 322 Druckerpatronen f\u00fcr Epson XP-305 XP-215 XP-225 XP-412 XP-422 XP-325 XP-312 XP-315 XP-205 XP-415 XP-425(5er-Pack\",\"breadcrumb\":{\"@id\":\"https:\\\/\\\/marktxxl.de\\\/markt\\\/produkt\\\/18xl-multipack-druckerpatronen-kompatibel-fuer-epson-18xl-18-fuer-epson-xp-322-druckerpatronen-fuer-epson-xp-305-xp-215-xp-225-xp-412-xp-422-xp-325-xp-312-xp-315-xp-205-xp-415-xp-4255er-pack\\\/#breadcrumb\"},\"inLanguage\":\"de\",\"potentialAction\":[{\"@type\":\"ReadAction\",\"target\":[\"https:\\\/\\\/marktxxl.de\\\/markt\\\/produkt\\\/18xl-multipack-druckerpatronen-kompatibel-fuer-epson-18xl-18-fuer-epson-xp-322-druckerpatronen-fuer-epson-xp-305-xp-215-xp-225-xp-412-xp-422-xp-325-xp-312-xp-315-xp-205-xp-415-xp-4255er-pack\\\/\"]}]},{\"@type\":\"ImageObject\",\"inLanguage\":\"de\",\"@id\":\"https:\\\/\\\/marktxxl.de\\\/markt\\\/produkt\\\/18xl-multipack-druckerpatronen-kompatibel-fuer-epson-18xl-18-fuer-epson-xp-322-druckerpatronen-fuer-epson-xp-305-xp-215-xp-225-xp-412-xp-422-xp-325-xp-312-xp-315-xp-205-xp-415-xp-4255er-pack\\\/#primaryimage\",\"url\":\"https:\\\/\\\/m.media-amazon.com\\\/images\\\/I\\\/41JzYL3sK1L._SL500_.jpg\",\"contentUrl\":\"https:\\\/\\\/m.media-amazon.com\\\/images\\\/I\\\/41JzYL3sK1L._SL500_.jpg\",\"width\":500,\"height\":500},{\"@type\":\"BreadcrumbList\",\"@id\":\"https:\\\/\\\/marktxxl.de\\\/markt\\\/produkt\\\/18xl-multipack-druckerpatronen-kompatibel-fuer-epson-18xl-18-fuer-epson-xp-322-druckerpatronen-fuer-epson-xp-305-xp-215-xp-225-xp-412-xp-422-xp-325-xp-312-xp-315-xp-205-xp-415-xp-4255er-pack\\\/#breadcrumb\",\"itemListElement\":[{\"@type\":\"ListItem\",\"position\":1,\"name\":\"Startseite\",\"item\":\"https:\\\/\\\/marktxxl.de\\\/markt\\\/\"},{\"@type\":\"ListItem\",\"position\":2,\"name\":\"Markt\",\"item\":\"https:\\\/\\\/marktxxl.de\\\/markt\\\/\"},{\"@type\":\"ListItem\",\"position\":3,\"name\":\"18XL Multipack Druckerpatronen Kompatibel f\u00fcr Epson 18XL 18 f\u00fcr Epson XP 322 Druckerpatronen f\u00fcr Epson XP-305 XP-215 XP-225 XP-412 XP-422 XP-325 XP-312 XP-315 XP-205 XP-415 XP-425(5er-Pack\"}]},{\"@type\":\"WebSite\",\"@id\":\"https:\\\/\\\/marktxxl.de\\\/markt\\\/#website\",\"url\":\"https:\\\/\\\/marktxxl.de\\\/markt\\\/\",\"name\":\"Markt-XXL\",\"description\":\"Ihr Markt Online\",\"publisher\":{\"@id\":\"https:\\\/\\\/marktxxl.de\\\/markt\\\/#organization\"},\"potentialAction\":[{\"@type\":\"SearchAction\",\"target\":{\"@type\":\"EntryPoint\",\"urlTemplate\":\"https:\\\/\\\/marktxxl.de\\\/markt\\\/?s={search_term_string}\"},\"query-input\":{\"@type\":\"PropertyValueSpecification\",\"valueRequired\":true,\"valueName\":\"search_term_string\"}}],\"inLanguage\":\"de\"},{\"@type\":\"Organization\",\"@id\":\"https:\\\/\\\/marktxxl.de\\\/markt\\\/#organization\",\"name\":\"Markt-XXL\",\"url\":\"https:\\\/\\\/marktxxl.de\\\/markt\\\/\",\"logo\":{\"@type\":\"ImageObject\",\"inLanguage\":\"de\",\"@id\":\"https:\\\/\\\/marktxxl.de\\\/markt\\\/#\\\/schema\\\/logo\\\/image\\\/\",\"url\":\"https:\\\/\\\/marktxxl.de\\\/markt\\\/wp-content\\\/uploads\\\/sites\\\/3\\\/2020\\\/12\\\/logo.png\",\"contentUrl\":\"https:\\\/\\\/marktxxl.de\\\/markt\\\/wp-content\\\/uploads\\\/sites\\\/3\\\/2020\\\/12\\\/logo.png\",\"width\":200,\"height\":70,\"caption\":\"Markt-XXL\"},\"image\":{\"@id\":\"https:\\\/\\\/marktxxl.de\\\/markt\\\/#\\\/schema\\\/logo\\\/image\\\/\"}}]}<\/script>\n<!-- \/ Yoast SEO plugin. -->","yoast_head_json":{"title":"18XL Multipack Druckerpatronen Kompatibel f\u00fcr Epson 18XL 18 f\u00fcr Epson XP 322 Druckerpatronen f\u00fcr Epson XP-305 XP-215 XP-225 XP-412 XP-422 XP-325 XP-312 XP-315 XP-205 XP-415 XP-425(5er-Pack - Markt-XXL","description":"Markt-XXL 18XL Multipack Druckerpatronen Kompatibel f\u00fcr Epson 18XL 18 f\u00fcr Epson XP 322 Druckerpatronen f\u00fcr Epson XP-305 XP-215 XP-225 XP-412 XP-422 XP-325 XP-312 XP-315 XP-205 XP-415 XP-425(5er-Pack","robots":{"index":"index","follow":"follow","max-snippet":"max-snippet:-1","max-image-preview":"max-image-preview:large","max-video-preview":"max-video-preview:-1"},"canonical":"https:\/\/marktxxl.de\/markt\/produkt\/18xl-multipack-druckerpatronen-kompatibel-fuer-epson-18xl-18-fuer-epson-xp-322-druckerpatronen-fuer-epson-xp-305-xp-215-xp-225-xp-412-xp-422-xp-325-xp-312-xp-315-xp-205-xp-415-xp-4255er-pack\/","og_locale":"de_DE","og_type":"article","og_title":"18XL Multipack Druckerpatronen Kompatibel f\u00fcr Epson 18XL 18 f\u00fcr Epson XP 322 Druckerpatronen f\u00fcr Epson XP-305 XP-215 XP-225 XP-412 XP-422 XP-325 XP-312 XP-315 XP-205 XP-415 XP-425(5er-Pack - Markt-XXL","og_description":"Markt-XXL 18XL Multipack Druckerpatronen Kompatibel f\u00fcr Epson 18XL 18 f\u00fcr Epson XP 322 Druckerpatronen f\u00fcr Epson XP-305 XP-215 XP-225 XP-412 XP-422 XP-325 XP-312 XP-315 XP-205 XP-415 XP-425(5er-Pack","og_url":"https:\/\/marktxxl.de\/markt\/produkt\/18xl-multipack-druckerpatronen-kompatibel-fuer-epson-18xl-18-fuer-epson-xp-322-druckerpatronen-fuer-epson-xp-305-xp-215-xp-225-xp-412-xp-422-xp-325-xp-312-xp-315-xp-205-xp-415-xp-4255er-pack\/","og_site_name":"Markt-XXL","twitter_card":"summary_large_image","twitter_misc":{"Gesch\u00e4tzte Lesezeit":"1\u00a0Minute"},"schema":{"@context":"https:\/\/schema.org","@graph":[{"@type":"WebPage","@id":"https:\/\/marktxxl.de\/markt\/produkt\/18xl-multipack-druckerpatronen-kompatibel-fuer-epson-18xl-18-fuer-epson-xp-322-druckerpatronen-fuer-epson-xp-305-xp-215-xp-225-xp-412-xp-422-xp-325-xp-312-xp-315-xp-205-xp-415-xp-4255er-pack\/","url":"https:\/\/marktxxl.de\/markt\/produkt\/18xl-multipack-druckerpatronen-kompatibel-fuer-epson-18xl-18-fuer-epson-xp-322-druckerpatronen-fuer-epson-xp-305-xp-215-xp-225-xp-412-xp-422-xp-325-xp-312-xp-315-xp-205-xp-415-xp-4255er-pack\/","name":"18XL Multipack Druckerpatronen Kompatibel f\u00fcr Epson 18XL 18 f\u00fcr Epson XP 322 Druckerpatronen f\u00fcr Epson XP-305 XP-215 XP-225 XP-412 XP-422 XP-325 XP-312 XP-315 XP-205 XP-415 XP-425(5er-Pack - Markt-XXL","isPartOf":{"@id":"https:\/\/marktxxl.de\/markt\/#website"},"primaryImageOfPage":{"@id":"https:\/\/marktxxl.de\/markt\/produkt\/18xl-multipack-druckerpatronen-kompatibel-fuer-epson-18xl-18-fuer-epson-xp-322-druckerpatronen-fuer-epson-xp-305-xp-215-xp-225-xp-412-xp-422-xp-325-xp-312-xp-315-xp-205-xp-415-xp-4255er-pack\/#primaryimage"},"image":{"@id":"https:\/\/marktxxl.de\/markt\/produkt\/18xl-multipack-druckerpatronen-kompatibel-fuer-epson-18xl-18-fuer-epson-xp-322-druckerpatronen-fuer-epson-xp-305-xp-215-xp-225-xp-412-xp-422-xp-325-xp-312-xp-315-xp-205-xp-415-xp-4255er-pack\/#primaryimage"},"thumbnailUrl":"https:\/\/m.media-amazon.com\/images\/I\/41JzYL3sK1L._SL500_.jpg","datePublished":"2023-04-10T13:08:39+00:00","description":"Markt-XXL 18XL Multipack Druckerpatronen Kompatibel f\u00fcr Epson 18XL 18 f\u00fcr Epson XP 322 Druckerpatronen f\u00fcr Epson XP-305 XP-215 XP-225 XP-412 XP-422 XP-325 XP-312 XP-315 XP-205 XP-415 XP-425(5er-Pack","breadcrumb":{"@id":"https:\/\/marktxxl.de\/markt\/produkt\/18xl-multipack-druckerpatronen-kompatibel-fuer-epson-18xl-18-fuer-epson-xp-322-druckerpatronen-fuer-epson-xp-305-xp-215-xp-225-xp-412-xp-422-xp-325-xp-312-xp-315-xp-205-xp-415-xp-4255er-pack\/#breadcrumb"},"inLanguage":"de","potentialAction":[{"@type":"ReadAction","target":["https:\/\/marktxxl.de\/markt\/produkt\/18xl-multipack-druckerpatronen-kompatibel-fuer-epson-18xl-18-fuer-epson-xp-322-druckerpatronen-fuer-epson-xp-305-xp-215-xp-225-xp-412-xp-422-xp-325-xp-312-xp-315-xp-205-xp-415-xp-4255er-pack\/"]}]},{"@type":"ImageObject","inLanguage":"de","@id":"https:\/\/marktxxl.de\/markt\/produkt\/18xl-multipack-druckerpatronen-kompatibel-fuer-epson-18xl-18-fuer-epson-xp-322-druckerpatronen-fuer-epson-xp-305-xp-215-xp-225-xp-412-xp-422-xp-325-xp-312-xp-315-xp-205-xp-415-xp-4255er-pack\/#primaryimage","url":"https:\/\/m.media-amazon.com\/images\/I\/41JzYL3sK1L._SL500_.jpg","contentUrl":"https:\/\/m.media-amazon.com\/images\/I\/41JzYL3sK1L._SL500_.jpg","width":500,"height":500},{"@type":"BreadcrumbList","@id":"https:\/\/marktxxl.de\/markt\/produkt\/18xl-multipack-druckerpatronen-kompatibel-fuer-epson-18xl-18-fuer-epson-xp-322-druckerpatronen-fuer-epson-xp-305-xp-215-xp-225-xp-412-xp-422-xp-325-xp-312-xp-315-xp-205-xp-415-xp-4255er-pack\/#breadcrumb","itemListElement":[{"@type":"ListItem","position":1,"name":"Startseite","item":"https:\/\/marktxxl.de\/markt\/"},{"@type":"ListItem","position":2,"name":"Markt","item":"https:\/\/marktxxl.de\/markt\/"},{"@type":"ListItem","position":3,"name":"18XL Multipack Druckerpatronen Kompatibel f\u00fcr Epson 18XL 18 f\u00fcr Epson XP 322 Druckerpatronen f\u00fcr Epson XP-305 XP-215 XP-225 XP-412 XP-422 XP-325 XP-312 XP-315 XP-205 XP-415 XP-425(5er-Pack"}]},{"@type":"WebSite","@id":"https:\/\/marktxxl.de\/markt\/#website","url":"https:\/\/marktxxl.de\/markt\/","name":"Markt-XXL","description":"Ihr Markt Online","publisher":{"@id":"https:\/\/marktxxl.de\/markt\/#organization"},"potentialAction":[{"@type":"SearchAction","target":{"@type":"EntryPoint","urlTemplate":"https:\/\/marktxxl.de\/markt\/?s={search_term_string}"},"query-input":{"@type":"PropertyValueSpecification","valueRequired":true,"valueName":"search_term_string"}}],"inLanguage":"de"},{"@type":"Organization","@id":"https:\/\/marktxxl.de\/markt\/#organization","name":"Markt-XXL","url":"https:\/\/marktxxl.de\/markt\/","logo":{"@type":"ImageObject","inLanguage":"de","@id":"https:\/\/marktxxl.de\/markt\/#\/schema\/logo\/image\/","url":"https:\/\/marktxxl.de\/markt\/wp-content\/uploads\/sites\/3\/2020\/12\/logo.png","contentUrl":"https:\/\/marktxxl.de\/markt\/wp-content\/uploads\/sites\/3\/2020\/12\/logo.png","width":200,"height":70,"caption":"Markt-XXL"},"image":{"@id":"https:\/\/marktxxl.de\/markt\/#\/schema\/logo\/image\/"}}]}},"_links":{"self":[{"href":"https:\/\/marktxxl.de\/markt\/wp-json\/wp\/v2\/product\/202359","targetHints":{"allow":["GET"]}}],"collection":[{"href":"https:\/\/marktxxl.de\/markt\/wp-json\/wp\/v2\/product"}],"about":[{"href":"https:\/\/marktxxl.de\/markt\/wp-json\/wp\/v2\/types\/product"}],"replies":[{"embeddable":true,"href":"https:\/\/marktxxl.de\/markt\/wp-json\/wp\/v2\/comments?post=202359"}],"wp:featuredmedia":[{"embeddable":true,"href":"https:\/\/marktxxl.de\/markt\/wp-json\/wp\/v2\/media\/202360"}],"wp:attachment":[{"href":"https:\/\/marktxxl.de\/markt\/wp-json\/wp\/v2\/media?parent=202359"}],"wp:term":[{"taxonomy":"product_brand","embeddable":true,"href":"https:\/\/marktxxl.de\/markt\/wp-json\/wp\/v2\/product_brand?post=202359"},{"taxonomy":"product_cat","embeddable":true,"href":"https:\/\/marktxxl.de\/markt\/wp-json\/wp\/v2\/product_cat?post=202359"},{"taxonomy":"product_tag","embeddable":true,"href":"https:\/\/marktxxl.de\/markt\/wp-json\/wp\/v2\/product_tag?post=202359"}],"curies":[{"name":"wp","href":"https:\/\/api.w.org\/{rel}","templated":true}]}}