{"id":202304,"date":"2023-04-10T15:07:23","date_gmt":"2023-04-10T13:07:23","guid":{"rendered":"https:\/\/marktxxl.de\/markt\/produkt\/ugreen-nexode-usb-c-ladegeraet-65w-usb-c-netzteil-3-port-gan-pd-charger-pps-kompatibel-mit-macbook-pro-air-iphone-14-pro-max-14-iphone-13-ipad-pro-galaxy-s22-s21-steam-deck\/"},"modified":"2023-04-10T15:07:23","modified_gmt":"2023-04-10T13:07:23","slug":"ugreen-nexode-usb-c-ladegeraet-65w-usb-c-netzteil-3-port-gan-pd-charger-pps-kompatibel-mit-macbook-pro-air-iphone-14-pro-max-14-iphone-13-ipad-pro-galaxy-s22-s21-steam-deck","status":"publish","type":"product","link":"https:\/\/marktxxl.de\/markt\/produkt\/ugreen-nexode-usb-c-ladegeraet-65w-usb-c-netzteil-3-port-gan-pd-charger-pps-kompatibel-mit-macbook-pro-air-iphone-14-pro-max-14-iphone-13-ipad-pro-galaxy-s22-s21-steam-deck\/","title":{"rendered":"UGREEN Nexode USB C Ladeger\u00e4t 65W USB C Netzteil 3-Port GaN PD Charger PPS kompatibel mit MacBook Pro\/Air, iPhone 14 Pro Max, 14, iPhone 13, iPad Pro, Galaxy S22, S21, Steam Deck."},"content":{"rendered":"<p>UGREEN Nexode 65W Ladeger\u00e4t: UGREEN 65W GaN USB C Ladeger\u00e4t kann Ihr MacBook eine Einzelport-Ausgangsleistung von bis zu 65W an C1-Port versorgen. MacBook Pro 13&#8243; wird mit H\u00f6chstgeschwindigkeit von 0-100% in nur 1,8 Std. v\u00f6llig aufgeladen. Dieses USB-C PD Ladeger\u00e4t unterst\u00fctzt Multi-Schnellladeprotokolle wie PD 3.0, QC 4.0+\/3.0 SCP, AFC, 5V\/2.4A, Galaxy Super Fast Charging 1.0 und PPS adaptive Ladung.<br \/>\nEin f\u00fcr alle: Mit 2x USB-C und 1x USB-A Port kann dieses USB C Schnellladeger\u00e4t gleichzeitig 3 Ger\u00e4te wie MacBook, iPhone 14, AirPods blitzschnell aufladen. Dieses funktionale und kompakte GaN Ladeger\u00e4t ist bestimmt ein idealer Begleiter f\u00fcr B\u00fcro, Zuhause und unterwegs. Ein Ladeger\u00e4t f\u00fcr alle Ladeprobleme!<br \/>\nBreite Kompatibilit\u00e4t: Der USB C Netzteil ist mit fast alle Ger\u00e4te kompatibel, z. B. Kompatibel mit MacBook Pro 13&#8243; 2022 M2, MacBook Pro M1 16&#8243;\/14&#8243; und 13&#8243;, MacBook Air 13&#8243;, HP Spectre, Huawei MateBook, Chromebook, iPad Pro M1\/ Air und Tablets; iPhone 14\/ 14 Plus\/ 14 Pro Max\/ 13 Pro \/ 13, iPhone 12 \/ 12Pro \/ 12 Mini \/ 12Pro Max \/11, SE 2022\/2020, AirPods Pro, MagSafe und Galaxy S22 \/ S21 \/ S20 \/ M32 \/ S10 \/ Note 10, Pixel 7 Pro, Pixel 6, Pixel 5, Pixel 4 usw.<br \/>\nKompaktes Design: Kleiner aber m\u00e4chtiger! Mit einem leichten, winzigen Design nimmt das GaN USB-C Ladeger\u00e4t weniger Platz ein und kann aber genug m\u00e4chtige Ladeleistung f\u00fcr alles versorgen, von einem Handy \u00fcber ein Tablet bis hin zu einem Laptop.<br \/>\nNeue GaN II Technologie: Eine neue Generation der GaN-Technologie bietet Ihnen ein schnelleres und st\u00e4rkeres Ladeerlebnis und durch den verbauten intelligenten Chip Ihren Ger\u00e4ten vor Kurzschluss, \u00dcberspannung, \u00dcberhitzung und \u00dcberstrom sch\u00fctzen.<br \/>\n<div class=\"main-cross-sell\" data-asin=\"B0BXKV76QQ\">\n\n\t<div class=\"WooZone-cross-sell-loader\">\n\t\t<div>\n\t\t\t<div id=\"floatingBarsG\">\n\t\t\t\t<div class=\"blockG\" id=\"rotateG_01\"><\/div>\n\t\t\t\t<div class=\"blockG\" id=\"rotateG_02\"><\/div>\n\t\t\t\t<div class=\"blockG\" id=\"rotateG_03\"><\/div>\n\t\t\t\t<div class=\"blockG\" id=\"rotateG_04\"><\/div>\n\t\t\t\t<div class=\"blockG\" id=\"rotateG_05\"><\/div>\n\t\t\t\t<div class=\"blockG\" id=\"rotateG_06\"><\/div>\n\t\t\t\t<div class=\"blockG\" id=\"rotateG_07\"><\/div>\n\t\t\t\t<div class=\"blockG\" id=\"rotateG_08\"><\/div>\n\t\t\t<\/div>\n\t\t\t<div class=\"WooZone-cross-sell-loader-text\"><\/div>\n\t\t<\/div>\n\t<\/div>\n\n\t\t\n<\/div>\n<div style=\"clear:both;\"><\/div><\/p>\n","protected":false},"excerpt":{"rendered":"<p>UGREEN Nexode 65W Ladeger\u00e4t: UGREEN 65W GaN USB C Ladeger\u00e4t kann Ihr MacBook eine Einzelport-Ausgangsleistung von bis zu 65W an C1-Port versorgen. MacBook Pro 13&#8243; wird mit H\u00f6chstgeschwindigkeit von 0-100% in nur 1,8 Std. v\u00f6llig aufgeladen. Dieses USB-C PD Ladeger\u00e4t unterst\u00fctzt Multi-Schnellladeprotokolle wie PD 3.0, QC 4.0+\/3.0 SCP, AFC, 5V\/2.4A, Galaxy Super Fast Charging 1.0 und PPS adaptive Ladung.<br \/>\nEin f\u00fcr alle: Mit 2x USB-C und 1x USB-A Port kann dieses USB C Schnellladeger\u00e4t gleichzeitig 3 Ger\u00e4te wie MacBook, iPhone 14, AirPods blitzschnell aufladen. Dieses funktionale und kompakte GaN Ladeger\u00e4t ist bestimmt ein idealer Begleiter f\u00fcr B\u00fcro, Zuhause und unterwegs. Ein Ladeger\u00e4t f\u00fcr alle Ladeprobleme!<br \/>\nBreite Kompatibilit\u00e4t: Der USB C Netzteil ist mit fast alle Ger\u00e4te kompatibel, z. B. Kompatibel mit MacBook Pro 13&#8243; 2022 M2, MacBook Pro M1 16&#8243;\/14&#8243; und 13&#8243;, MacBook Air 13&#8243;, HP Spectre, Huawei MateBook, Chromebook, iPad Pro M1\/ Air und Tablets; iPhone 14\/ 14 Plus\/ 14 Pro Max\/ 13 Pro \/ 13, iPhone 12 \/ 12Pro \/ 12 Mini \/ 12Pro Max \/11, SE 2022\/2020, AirPods Pro, MagSafe und Galaxy S22 \/ S21 \/ S20 \/ M32 \/ S10 \/ Note 10, Pixel 7 Pro, Pixel 6, Pixel 5, Pixel 4 usw.<\/p>\n","protected":false},"featured_media":202305,"comment_status":"open","ping_status":"closed","template":"","meta":[],"product_brand":[],"product_cat":[863],"product_tag":[],"class_list":{"0":"post-202304","1":"product","2":"type-product","3":"status-publish","4":"has-post-thumbnail","6":"product_cat-computer-zubehoer","7":"pa_brand-ugreen","8":"pa_manufacturer-ugreen-group-limited","10":"first","11":"instock","12":"shipping-taxable","13":"product-type-simple","14":"customify-col","15":"product-has-gallery"},"yoast_head":"<!-- This site is optimized with the Yoast SEO plugin v27.4 - https:\/\/yoast.com\/product\/yoast-seo-wordpress\/ -->\n<title>UGREEN Nexode USB C Ladeger\u00e4t 65W USB C Netzteil 3-Port GaN PD Charger PPS kompatibel mit MacBook Pro\/Air, iPhone 14 Pro Max, 14, iPhone 13, iPad Pro, Galaxy S22, S21, Steam Deck. - Markt-XXL<\/title>\n<meta name=\"description\" content=\"Markt-XXL UGREEN Nexode USB C Ladeger\u00e4t 65W USB C Netzteil 3-Port GaN PD Charger PPS kompatibel mit MacBook Pro\/Air, iPhone 14 Pro Max, 14, iPhone 13, iPad Pro, Galaxy S22, S21, Steam Deck.\" \/>\n<meta name=\"robots\" content=\"index, follow, max-snippet:-1, max-image-preview:large, max-video-preview:-1\" \/>\n<link rel=\"canonical\" href=\"https:\/\/marktxxl.de\/markt\/produkt\/ugreen-nexode-usb-c-ladegeraet-65w-usb-c-netzteil-3-port-gan-pd-charger-pps-kompatibel-mit-macbook-pro-air-iphone-14-pro-max-14-iphone-13-ipad-pro-galaxy-s22-s21-steam-deck\/\" \/>\n<meta property=\"og:locale\" content=\"de_DE\" \/>\n<meta property=\"og:type\" content=\"article\" \/>\n<meta property=\"og:title\" content=\"UGREEN Nexode USB C Ladeger\u00e4t 65W USB C Netzteil 3-Port GaN PD Charger PPS kompatibel mit MacBook Pro\/Air, iPhone 14 Pro Max, 14, iPhone 13, iPad Pro, Galaxy S22, S21, Steam Deck. - Markt-XXL\" \/>\n<meta property=\"og:description\" content=\"Markt-XXL UGREEN Nexode USB C Ladeger\u00e4t 65W USB C Netzteil 3-Port GaN PD Charger PPS kompatibel mit MacBook Pro\/Air, iPhone 14 Pro Max, 14, iPhone 13, iPad Pro, Galaxy S22, S21, Steam Deck.\" \/>\n<meta property=\"og:url\" content=\"https:\/\/marktxxl.de\/markt\/produkt\/ugreen-nexode-usb-c-ladegeraet-65w-usb-c-netzteil-3-port-gan-pd-charger-pps-kompatibel-mit-macbook-pro-air-iphone-14-pro-max-14-iphone-13-ipad-pro-galaxy-s22-s21-steam-deck\/\" \/>\n<meta property=\"og:site_name\" content=\"Markt-XXL\" \/>\n<meta name=\"twitter:card\" content=\"summary_large_image\" \/>\n<meta name=\"twitter:label1\" content=\"Gesch\u00e4tzte Lesezeit\" \/>\n\t<meta name=\"twitter:data1\" content=\"1\u00a0Minute\" \/>\n<script type=\"application\/ld+json\" class=\"yoast-schema-graph\">{\"@context\":\"https:\\\/\\\/schema.org\",\"@graph\":[{\"@type\":\"WebPage\",\"@id\":\"https:\\\/\\\/marktxxl.de\\\/markt\\\/produkt\\\/ugreen-nexode-usb-c-ladegeraet-65w-usb-c-netzteil-3-port-gan-pd-charger-pps-kompatibel-mit-macbook-pro-air-iphone-14-pro-max-14-iphone-13-ipad-pro-galaxy-s22-s21-steam-deck\\\/\",\"url\":\"https:\\\/\\\/marktxxl.de\\\/markt\\\/produkt\\\/ugreen-nexode-usb-c-ladegeraet-65w-usb-c-netzteil-3-port-gan-pd-charger-pps-kompatibel-mit-macbook-pro-air-iphone-14-pro-max-14-iphone-13-ipad-pro-galaxy-s22-s21-steam-deck\\\/\",\"name\":\"UGREEN Nexode USB C Ladeger\u00e4t 65W USB C Netzteil 3-Port GaN PD Charger PPS kompatibel mit MacBook Pro\\\/Air, iPhone 14 Pro Max, 14, iPhone 13, iPad Pro, Galaxy S22, S21, Steam Deck. - Markt-XXL\",\"isPartOf\":{\"@id\":\"https:\\\/\\\/marktxxl.de\\\/markt\\\/#website\"},\"primaryImageOfPage\":{\"@id\":\"https:\\\/\\\/marktxxl.de\\\/markt\\\/produkt\\\/ugreen-nexode-usb-c-ladegeraet-65w-usb-c-netzteil-3-port-gan-pd-charger-pps-kompatibel-mit-macbook-pro-air-iphone-14-pro-max-14-iphone-13-ipad-pro-galaxy-s22-s21-steam-deck\\\/#primaryimage\"},\"image\":{\"@id\":\"https:\\\/\\\/marktxxl.de\\\/markt\\\/produkt\\\/ugreen-nexode-usb-c-ladegeraet-65w-usb-c-netzteil-3-port-gan-pd-charger-pps-kompatibel-mit-macbook-pro-air-iphone-14-pro-max-14-iphone-13-ipad-pro-galaxy-s22-s21-steam-deck\\\/#primaryimage\"},\"thumbnailUrl\":\"https:\\\/\\\/m.media-amazon.com\\\/images\\\/I\\\/31m3Z3KkSgL._SL500_.jpg\",\"datePublished\":\"2023-04-10T13:07:23+00:00\",\"description\":\"Markt-XXL UGREEN Nexode USB C Ladeger\u00e4t 65W USB C Netzteil 3-Port GaN PD Charger PPS kompatibel mit MacBook Pro\\\/Air, iPhone 14 Pro Max, 14, iPhone 13, iPad Pro, Galaxy S22, S21, Steam Deck.\",\"breadcrumb\":{\"@id\":\"https:\\\/\\\/marktxxl.de\\\/markt\\\/produkt\\\/ugreen-nexode-usb-c-ladegeraet-65w-usb-c-netzteil-3-port-gan-pd-charger-pps-kompatibel-mit-macbook-pro-air-iphone-14-pro-max-14-iphone-13-ipad-pro-galaxy-s22-s21-steam-deck\\\/#breadcrumb\"},\"inLanguage\":\"de\",\"potentialAction\":[{\"@type\":\"ReadAction\",\"target\":[\"https:\\\/\\\/marktxxl.de\\\/markt\\\/produkt\\\/ugreen-nexode-usb-c-ladegeraet-65w-usb-c-netzteil-3-port-gan-pd-charger-pps-kompatibel-mit-macbook-pro-air-iphone-14-pro-max-14-iphone-13-ipad-pro-galaxy-s22-s21-steam-deck\\\/\"]}]},{\"@type\":\"ImageObject\",\"inLanguage\":\"de\",\"@id\":\"https:\\\/\\\/marktxxl.de\\\/markt\\\/produkt\\\/ugreen-nexode-usb-c-ladegeraet-65w-usb-c-netzteil-3-port-gan-pd-charger-pps-kompatibel-mit-macbook-pro-air-iphone-14-pro-max-14-iphone-13-ipad-pro-galaxy-s22-s21-steam-deck\\\/#primaryimage\",\"url\":\"https:\\\/\\\/m.media-amazon.com\\\/images\\\/I\\\/31m3Z3KkSgL._SL500_.jpg\",\"contentUrl\":\"https:\\\/\\\/m.media-amazon.com\\\/images\\\/I\\\/31m3Z3KkSgL._SL500_.jpg\",\"width\":400,\"height\":500},{\"@type\":\"BreadcrumbList\",\"@id\":\"https:\\\/\\\/marktxxl.de\\\/markt\\\/produkt\\\/ugreen-nexode-usb-c-ladegeraet-65w-usb-c-netzteil-3-port-gan-pd-charger-pps-kompatibel-mit-macbook-pro-air-iphone-14-pro-max-14-iphone-13-ipad-pro-galaxy-s22-s21-steam-deck\\\/#breadcrumb\",\"itemListElement\":[{\"@type\":\"ListItem\",\"position\":1,\"name\":\"Startseite\",\"item\":\"https:\\\/\\\/marktxxl.de\\\/markt\\\/\"},{\"@type\":\"ListItem\",\"position\":2,\"name\":\"Markt\",\"item\":\"https:\\\/\\\/marktxxl.de\\\/markt\\\/\"},{\"@type\":\"ListItem\",\"position\":3,\"name\":\"UGREEN Nexode USB C Ladeger\u00e4t 65W USB C Netzteil 3-Port GaN PD Charger PPS kompatibel mit MacBook Pro\\\/Air, iPhone 14 Pro Max, 14, iPhone 13, iPad Pro, Galaxy S22, S21, Steam Deck.\"}]},{\"@type\":\"WebSite\",\"@id\":\"https:\\\/\\\/marktxxl.de\\\/markt\\\/#website\",\"url\":\"https:\\\/\\\/marktxxl.de\\\/markt\\\/\",\"name\":\"Markt-XXL\",\"description\":\"Ihr Markt Online\",\"publisher\":{\"@id\":\"https:\\\/\\\/marktxxl.de\\\/markt\\\/#organization\"},\"potentialAction\":[{\"@type\":\"SearchAction\",\"target\":{\"@type\":\"EntryPoint\",\"urlTemplate\":\"https:\\\/\\\/marktxxl.de\\\/markt\\\/?s={search_term_string}\"},\"query-input\":{\"@type\":\"PropertyValueSpecification\",\"valueRequired\":true,\"valueName\":\"search_term_string\"}}],\"inLanguage\":\"de\"},{\"@type\":\"Organization\",\"@id\":\"https:\\\/\\\/marktxxl.de\\\/markt\\\/#organization\",\"name\":\"Markt-XXL\",\"url\":\"https:\\\/\\\/marktxxl.de\\\/markt\\\/\",\"logo\":{\"@type\":\"ImageObject\",\"inLanguage\":\"de\",\"@id\":\"https:\\\/\\\/marktxxl.de\\\/markt\\\/#\\\/schema\\\/logo\\\/image\\\/\",\"url\":\"https:\\\/\\\/marktxxl.de\\\/markt\\\/wp-content\\\/uploads\\\/sites\\\/3\\\/2020\\\/12\\\/logo.png\",\"contentUrl\":\"https:\\\/\\\/marktxxl.de\\\/markt\\\/wp-content\\\/uploads\\\/sites\\\/3\\\/2020\\\/12\\\/logo.png\",\"width\":200,\"height\":70,\"caption\":\"Markt-XXL\"},\"image\":{\"@id\":\"https:\\\/\\\/marktxxl.de\\\/markt\\\/#\\\/schema\\\/logo\\\/image\\\/\"}}]}<\/script>\n<!-- \/ Yoast SEO plugin. -->","yoast_head_json":{"title":"UGREEN Nexode USB C Ladeger\u00e4t 65W USB C Netzteil 3-Port GaN PD Charger PPS kompatibel mit MacBook Pro\/Air, iPhone 14 Pro Max, 14, iPhone 13, iPad Pro, Galaxy S22, S21, Steam Deck. - Markt-XXL","description":"Markt-XXL UGREEN Nexode USB C Ladeger\u00e4t 65W USB C Netzteil 3-Port GaN PD Charger PPS kompatibel mit MacBook Pro\/Air, iPhone 14 Pro Max, 14, iPhone 13, iPad Pro, Galaxy S22, S21, Steam Deck.","robots":{"index":"index","follow":"follow","max-snippet":"max-snippet:-1","max-image-preview":"max-image-preview:large","max-video-preview":"max-video-preview:-1"},"canonical":"https:\/\/marktxxl.de\/markt\/produkt\/ugreen-nexode-usb-c-ladegeraet-65w-usb-c-netzteil-3-port-gan-pd-charger-pps-kompatibel-mit-macbook-pro-air-iphone-14-pro-max-14-iphone-13-ipad-pro-galaxy-s22-s21-steam-deck\/","og_locale":"de_DE","og_type":"article","og_title":"UGREEN Nexode USB C Ladeger\u00e4t 65W USB C Netzteil 3-Port GaN PD Charger PPS kompatibel mit MacBook Pro\/Air, iPhone 14 Pro Max, 14, iPhone 13, iPad Pro, Galaxy S22, S21, Steam Deck. - Markt-XXL","og_description":"Markt-XXL UGREEN Nexode USB C Ladeger\u00e4t 65W USB C Netzteil 3-Port GaN PD Charger PPS kompatibel mit MacBook Pro\/Air, iPhone 14 Pro Max, 14, iPhone 13, iPad Pro, Galaxy S22, S21, Steam Deck.","og_url":"https:\/\/marktxxl.de\/markt\/produkt\/ugreen-nexode-usb-c-ladegeraet-65w-usb-c-netzteil-3-port-gan-pd-charger-pps-kompatibel-mit-macbook-pro-air-iphone-14-pro-max-14-iphone-13-ipad-pro-galaxy-s22-s21-steam-deck\/","og_site_name":"Markt-XXL","twitter_card":"summary_large_image","twitter_misc":{"Gesch\u00e4tzte Lesezeit":"1\u00a0Minute"},"schema":{"@context":"https:\/\/schema.org","@graph":[{"@type":"WebPage","@id":"https:\/\/marktxxl.de\/markt\/produkt\/ugreen-nexode-usb-c-ladegeraet-65w-usb-c-netzteil-3-port-gan-pd-charger-pps-kompatibel-mit-macbook-pro-air-iphone-14-pro-max-14-iphone-13-ipad-pro-galaxy-s22-s21-steam-deck\/","url":"https:\/\/marktxxl.de\/markt\/produkt\/ugreen-nexode-usb-c-ladegeraet-65w-usb-c-netzteil-3-port-gan-pd-charger-pps-kompatibel-mit-macbook-pro-air-iphone-14-pro-max-14-iphone-13-ipad-pro-galaxy-s22-s21-steam-deck\/","name":"UGREEN Nexode USB C Ladeger\u00e4t 65W USB C Netzteil 3-Port GaN PD Charger PPS kompatibel mit MacBook Pro\/Air, iPhone 14 Pro Max, 14, iPhone 13, iPad Pro, Galaxy S22, S21, Steam Deck. - Markt-XXL","isPartOf":{"@id":"https:\/\/marktxxl.de\/markt\/#website"},"primaryImageOfPage":{"@id":"https:\/\/marktxxl.de\/markt\/produkt\/ugreen-nexode-usb-c-ladegeraet-65w-usb-c-netzteil-3-port-gan-pd-charger-pps-kompatibel-mit-macbook-pro-air-iphone-14-pro-max-14-iphone-13-ipad-pro-galaxy-s22-s21-steam-deck\/#primaryimage"},"image":{"@id":"https:\/\/marktxxl.de\/markt\/produkt\/ugreen-nexode-usb-c-ladegeraet-65w-usb-c-netzteil-3-port-gan-pd-charger-pps-kompatibel-mit-macbook-pro-air-iphone-14-pro-max-14-iphone-13-ipad-pro-galaxy-s22-s21-steam-deck\/#primaryimage"},"thumbnailUrl":"https:\/\/m.media-amazon.com\/images\/I\/31m3Z3KkSgL._SL500_.jpg","datePublished":"2023-04-10T13:07:23+00:00","description":"Markt-XXL UGREEN Nexode USB C Ladeger\u00e4t 65W USB C Netzteil 3-Port GaN PD Charger PPS kompatibel mit MacBook Pro\/Air, iPhone 14 Pro Max, 14, iPhone 13, iPad Pro, Galaxy S22, S21, Steam Deck.","breadcrumb":{"@id":"https:\/\/marktxxl.de\/markt\/produkt\/ugreen-nexode-usb-c-ladegeraet-65w-usb-c-netzteil-3-port-gan-pd-charger-pps-kompatibel-mit-macbook-pro-air-iphone-14-pro-max-14-iphone-13-ipad-pro-galaxy-s22-s21-steam-deck\/#breadcrumb"},"inLanguage":"de","potentialAction":[{"@type":"ReadAction","target":["https:\/\/marktxxl.de\/markt\/produkt\/ugreen-nexode-usb-c-ladegeraet-65w-usb-c-netzteil-3-port-gan-pd-charger-pps-kompatibel-mit-macbook-pro-air-iphone-14-pro-max-14-iphone-13-ipad-pro-galaxy-s22-s21-steam-deck\/"]}]},{"@type":"ImageObject","inLanguage":"de","@id":"https:\/\/marktxxl.de\/markt\/produkt\/ugreen-nexode-usb-c-ladegeraet-65w-usb-c-netzteil-3-port-gan-pd-charger-pps-kompatibel-mit-macbook-pro-air-iphone-14-pro-max-14-iphone-13-ipad-pro-galaxy-s22-s21-steam-deck\/#primaryimage","url":"https:\/\/m.media-amazon.com\/images\/I\/31m3Z3KkSgL._SL500_.jpg","contentUrl":"https:\/\/m.media-amazon.com\/images\/I\/31m3Z3KkSgL._SL500_.jpg","width":400,"height":500},{"@type":"BreadcrumbList","@id":"https:\/\/marktxxl.de\/markt\/produkt\/ugreen-nexode-usb-c-ladegeraet-65w-usb-c-netzteil-3-port-gan-pd-charger-pps-kompatibel-mit-macbook-pro-air-iphone-14-pro-max-14-iphone-13-ipad-pro-galaxy-s22-s21-steam-deck\/#breadcrumb","itemListElement":[{"@type":"ListItem","position":1,"name":"Startseite","item":"https:\/\/marktxxl.de\/markt\/"},{"@type":"ListItem","position":2,"name":"Markt","item":"https:\/\/marktxxl.de\/markt\/"},{"@type":"ListItem","position":3,"name":"UGREEN Nexode USB C Ladeger\u00e4t 65W USB C Netzteil 3-Port GaN PD Charger PPS kompatibel mit MacBook Pro\/Air, iPhone 14 Pro Max, 14, iPhone 13, iPad Pro, Galaxy S22, S21, Steam Deck."}]},{"@type":"WebSite","@id":"https:\/\/marktxxl.de\/markt\/#website","url":"https:\/\/marktxxl.de\/markt\/","name":"Markt-XXL","description":"Ihr Markt Online","publisher":{"@id":"https:\/\/marktxxl.de\/markt\/#organization"},"potentialAction":[{"@type":"SearchAction","target":{"@type":"EntryPoint","urlTemplate":"https:\/\/marktxxl.de\/markt\/?s={search_term_string}"},"query-input":{"@type":"PropertyValueSpecification","valueRequired":true,"valueName":"search_term_string"}}],"inLanguage":"de"},{"@type":"Organization","@id":"https:\/\/marktxxl.de\/markt\/#organization","name":"Markt-XXL","url":"https:\/\/marktxxl.de\/markt\/","logo":{"@type":"ImageObject","inLanguage":"de","@id":"https:\/\/marktxxl.de\/markt\/#\/schema\/logo\/image\/","url":"https:\/\/marktxxl.de\/markt\/wp-content\/uploads\/sites\/3\/2020\/12\/logo.png","contentUrl":"https:\/\/marktxxl.de\/markt\/wp-content\/uploads\/sites\/3\/2020\/12\/logo.png","width":200,"height":70,"caption":"Markt-XXL"},"image":{"@id":"https:\/\/marktxxl.de\/markt\/#\/schema\/logo\/image\/"}}]}},"_links":{"self":[{"href":"https:\/\/marktxxl.de\/markt\/wp-json\/wp\/v2\/product\/202304","targetHints":{"allow":["GET"]}}],"collection":[{"href":"https:\/\/marktxxl.de\/markt\/wp-json\/wp\/v2\/product"}],"about":[{"href":"https:\/\/marktxxl.de\/markt\/wp-json\/wp\/v2\/types\/product"}],"replies":[{"embeddable":true,"href":"https:\/\/marktxxl.de\/markt\/wp-json\/wp\/v2\/comments?post=202304"}],"wp:featuredmedia":[{"embeddable":true,"href":"https:\/\/marktxxl.de\/markt\/wp-json\/wp\/v2\/media\/202305"}],"wp:attachment":[{"href":"https:\/\/marktxxl.de\/markt\/wp-json\/wp\/v2\/media?parent=202304"}],"wp:term":[{"taxonomy":"product_brand","embeddable":true,"href":"https:\/\/marktxxl.de\/markt\/wp-json\/wp\/v2\/product_brand?post=202304"},{"taxonomy":"product_cat","embeddable":true,"href":"https:\/\/marktxxl.de\/markt\/wp-json\/wp\/v2\/product_cat?post=202304"},{"taxonomy":"product_tag","embeddable":true,"href":"https:\/\/marktxxl.de\/markt\/wp-json\/wp\/v2\/product_tag?post=202304"}],"curies":[{"name":"wp","href":"https:\/\/api.w.org\/{rel}","templated":true}]}}