{"id":202262,"date":"2023-04-10T15:05:08","date_gmt":"2023-04-10T13:05:08","guid":{"rendered":"https:\/\/marktxxl.de\/markt\/produkt\/mauspad-ledxxl-mousepad-800x300-mit-15w-schnellladung-qi-kabelloses-ladenfuer-handygamer-geschenkcomputerpc-gaming-accessories\/"},"modified":"2023-04-10T15:05:08","modified_gmt":"2023-04-10T13:05:08","slug":"mauspad-ledxxl-mousepad-800x300-mit-15w-schnellladung-qi-kabelloses-ladenfuer-handygamer-geschenkcomputerpc-gaming-accessories","status":"publish","type":"product","link":"https:\/\/marktxxl.de\/markt\/produkt\/mauspad-ledxxl-mousepad-800x300-mit-15w-schnellladung-qi-kabelloses-ladenfuer-handygamer-geschenkcomputerpc-gaming-accessories\/","title":{"rendered":"Mauspad Led,XXL Mousepad 800&#215;300 mit 15W Schnellladung Qi Kabelloses Laden,f\u00fcr Handy,Gamer Geschenk,Computer,PC Gaming Accessories"},"content":{"rendered":"<p>15W Qi Schnelllade Funktion:Dass ein 15W Schnelllade Panel im Mousepad integriert ist. Solange Ihre Kopfh\u00f6rer, Handy, Smart Watch Ger\u00e4te \u00fcber Qi Wireless Charging Funktion verf\u00fcgen, einfach platzieren und aufladen. Das integrierte Temperaturkontroll- und Kurzschlussschutzsystem bietet die ultimative Sicherheitsgarantie f\u00fcr Ihre Ger\u00e4te.<br \/>\nGlatt &amp; Wasserdichte Oberfl\u00e4che:Es verf\u00fcgt \u00fcber eine hochwertige mikrotexturierte verbessert Gaming-Erlebnis, so dass Sie die ultimative Pr\u00e4zision in der leidenschaftlichsten Spiel genie\u00dfen. Das Mauspad verf\u00fcgt \u00fcber eine wasserabweisende Beschichtung, um versehentliche Sch\u00e4den durch versch\u00fcttete Fl\u00fcssigkeit zu verhindern. Es ist leicht zu reinigen, wenn Fl\u00fcssigkeit auf dem Pad spritzt.<br \/>\n10 Beleuchtungsmodi &amp; Extra Gr\u00f6\u00dfe:Dieses extra dicke LED RGB Gaming Mauspad verf\u00fcgt \u00fcber 7 statische Lichtmodi und 3 dynamische Modi, das helle Licht macht Ihre Spielatmosph\u00e4re w\u00e4rmer und atmosph\u00e4rer. Die Gr\u00f6\u00dfe von 800 x 300 x 4mm passt zu allen Arten von Tastaturen und Maus und bietet viel Platz f\u00fcr Ihre Bedienung. Beste Idee f\u00fcr Spiel oder Arbeit.<br \/>\nPlug-and-Play &amp; Ein-Taste-Steuerung:Das RGB LED Mousepad ist durch einfaches Plug-In einfach zu verwenden, Stromversorgung durch USB. Steuern Sie das Ein\/AUS und Modiwechsel einfach per die Touch Taste auf der Steuerung am Mauspadrand. Dr\u00fccken Sie einmal, um den Beleuchtungsmodus zu \u00e4ndern, dr\u00fccken Sie zweimal, um die Helligkeit zu \u00e4ndern, dr\u00fccken und halten Sie etwa 5 Sekunden f\u00fcr Ein\/AUS.<br \/>\nRutschfest 4 mm Dick:Mit rutschfester Unterlage h\u00e4lt dieses Mauspad super fest auf dem Schreibtisch und bietet starken Halt. Professionelle Randn\u00e4hte in Kombination mit wasserfestem Material verhindern das Ausfransen und sorgen f\u00fcr eine l\u00e4ngere Lebensdauer. Die 4mm Dicke sorgt f\u00fcr seine Formstabilit\u00e4t.<br \/>\n<div class=\"main-cross-sell\" data-asin=\"B0BXSQNG4F\">\n\n\t<div class=\"WooZone-cross-sell-loader\">\n\t\t<div>\n\t\t\t<div id=\"floatingBarsG\">\n\t\t\t\t<div class=\"blockG\" id=\"rotateG_01\"><\/div>\n\t\t\t\t<div class=\"blockG\" id=\"rotateG_02\"><\/div>\n\t\t\t\t<div class=\"blockG\" id=\"rotateG_03\"><\/div>\n\t\t\t\t<div class=\"blockG\" id=\"rotateG_04\"><\/div>\n\t\t\t\t<div class=\"blockG\" id=\"rotateG_05\"><\/div>\n\t\t\t\t<div class=\"blockG\" id=\"rotateG_06\"><\/div>\n\t\t\t\t<div class=\"blockG\" id=\"rotateG_07\"><\/div>\n\t\t\t\t<div class=\"blockG\" id=\"rotateG_08\"><\/div>\n\t\t\t<\/div>\n\t\t\t<div class=\"WooZone-cross-sell-loader-text\"><\/div>\n\t\t<\/div>\n\t<\/div>\n\n\t\t\n<\/div>\n<div style=\"clear:both;\"><\/div><\/p>\n","protected":false},"excerpt":{"rendered":"<p>15W Qi Schnelllade Funktion:Dass ein 15W Schnelllade Panel im Mousepad integriert ist. Solange Ihre Kopfh\u00f6rer, Handy, Smart Watch Ger\u00e4te \u00fcber Qi Wireless Charging Funktion verf\u00fcgen, einfach platzieren und aufladen. Das integrierte Temperaturkontroll- und Kurzschlussschutzsystem bietet die ultimative Sicherheitsgarantie f\u00fcr Ihre Ger\u00e4te.<br \/>\nGlatt &amp; Wasserdichte Oberfl\u00e4che:Es verf\u00fcgt \u00fcber eine hochwertige mikrotexturierte verbessert Gaming-Erlebnis, so dass Sie die ultimative Pr\u00e4zision in der leidenschaftlichsten Spiel genie\u00dfen. Das Mauspad verf\u00fcgt \u00fcber eine wasserabweisende Beschichtung, um versehentliche Sch\u00e4den durch versch\u00fcttete Fl\u00fcssigkeit zu verhindern. Es ist leicht zu reinigen, wenn Fl\u00fcssigkeit auf dem Pad spritzt.<br \/>\n10 Beleuchtungsmodi &amp; Extra Gr\u00f6\u00dfe:Dieses extra dicke LED RGB Gaming Mauspad verf\u00fcgt \u00fcber 7 statische Lichtmodi und 3 dynamische Modi, das helle Licht macht Ihre Spielatmosph\u00e4re w\u00e4rmer und atmosph\u00e4rer. Die Gr\u00f6\u00dfe von 800 x 300 x 4mm passt zu allen Arten von Tastaturen und Maus und bietet viel Platz f\u00fcr Ihre Bedienung. Beste Idee f\u00fcr Spiel oder Arbeit.<\/p>\n","protected":false},"featured_media":202263,"comment_status":"open","ping_status":"closed","template":"","meta":[],"product_brand":[],"product_cat":[863],"product_tag":[],"class_list":{"0":"post-202262","1":"product","2":"type-product","3":"status-publish","4":"has-post-thumbnail","6":"product_cat-computer-zubehoer","7":"pa_binding-elektronik","8":"pa_brand-azamp","9":"pa_color-schwarz","10":"pa_height-31-49606296-zoll","11":"pa_languages-unbekannt-englisch","12":"pa_length-11-81102361-zoll","13":"pa_manufacturer-azamp","14":"pa_model-as1","15":"pa_size-extended-xxl","16":"pa_warranty-1013","17":"pa_weight-1-763698096-pfund","18":"pa_width-0-1574803148-zoll","20":"first","21":"instock","22":"shipping-taxable","23":"purchasable","24":"product-type-simple","25":"customify-col","26":"product-has-gallery"},"yoast_head":"<!-- This site is optimized with the Yoast SEO plugin v27.4 - https:\/\/yoast.com\/product\/yoast-seo-wordpress\/ -->\n<title>Mauspad Led,XXL Mousepad 800x300 mit 15W Schnellladung Qi Kabelloses Laden,f\u00fcr Handy,Gamer Geschenk,Computer,PC Gaming Accessories - Markt-XXL<\/title>\n<meta name=\"description\" content=\"Markt-XXL Mauspad Led,XXL Mousepad 800x300 mit 15W Schnellladung Qi Kabelloses Laden,f\u00fcr Handy,Gamer Geschenk,Computer,PC Gaming Accessories\" \/>\n<meta name=\"robots\" content=\"index, follow, max-snippet:-1, max-image-preview:large, max-video-preview:-1\" \/>\n<link rel=\"canonical\" href=\"https:\/\/marktxxl.de\/markt\/produkt\/mauspad-ledxxl-mousepad-800x300-mit-15w-schnellladung-qi-kabelloses-ladenfuer-handygamer-geschenkcomputerpc-gaming-accessories\/\" \/>\n<meta property=\"og:locale\" content=\"de_DE\" \/>\n<meta property=\"og:type\" content=\"article\" \/>\n<meta property=\"og:title\" content=\"Mauspad Led,XXL Mousepad 800x300 mit 15W Schnellladung Qi Kabelloses Laden,f\u00fcr Handy,Gamer Geschenk,Computer,PC Gaming Accessories - Markt-XXL\" \/>\n<meta property=\"og:description\" content=\"Markt-XXL Mauspad Led,XXL Mousepad 800x300 mit 15W Schnellladung Qi Kabelloses Laden,f\u00fcr Handy,Gamer Geschenk,Computer,PC Gaming Accessories\" \/>\n<meta property=\"og:url\" content=\"https:\/\/marktxxl.de\/markt\/produkt\/mauspad-ledxxl-mousepad-800x300-mit-15w-schnellladung-qi-kabelloses-ladenfuer-handygamer-geschenkcomputerpc-gaming-accessories\/\" \/>\n<meta property=\"og:site_name\" content=\"Markt-XXL\" \/>\n<meta name=\"twitter:card\" content=\"summary_large_image\" \/>\n<meta name=\"twitter:label1\" content=\"Gesch\u00e4tzte Lesezeit\" \/>\n\t<meta name=\"twitter:data1\" content=\"1\u00a0Minute\" \/>\n<script type=\"application\/ld+json\" class=\"yoast-schema-graph\">{\"@context\":\"https:\\\/\\\/schema.org\",\"@graph\":[{\"@type\":\"WebPage\",\"@id\":\"https:\\\/\\\/marktxxl.de\\\/markt\\\/produkt\\\/mauspad-ledxxl-mousepad-800x300-mit-15w-schnellladung-qi-kabelloses-ladenfuer-handygamer-geschenkcomputerpc-gaming-accessories\\\/\",\"url\":\"https:\\\/\\\/marktxxl.de\\\/markt\\\/produkt\\\/mauspad-ledxxl-mousepad-800x300-mit-15w-schnellladung-qi-kabelloses-ladenfuer-handygamer-geschenkcomputerpc-gaming-accessories\\\/\",\"name\":\"Mauspad Led,XXL Mousepad 800x300 mit 15W Schnellladung Qi Kabelloses Laden,f\u00fcr Handy,Gamer Geschenk,Computer,PC Gaming Accessories - Markt-XXL\",\"isPartOf\":{\"@id\":\"https:\\\/\\\/marktxxl.de\\\/markt\\\/#website\"},\"primaryImageOfPage\":{\"@id\":\"https:\\\/\\\/marktxxl.de\\\/markt\\\/produkt\\\/mauspad-ledxxl-mousepad-800x300-mit-15w-schnellladung-qi-kabelloses-ladenfuer-handygamer-geschenkcomputerpc-gaming-accessories\\\/#primaryimage\"},\"image\":{\"@id\":\"https:\\\/\\\/marktxxl.de\\\/markt\\\/produkt\\\/mauspad-ledxxl-mousepad-800x300-mit-15w-schnellladung-qi-kabelloses-ladenfuer-handygamer-geschenkcomputerpc-gaming-accessories\\\/#primaryimage\"},\"thumbnailUrl\":\"https:\\\/\\\/m.media-amazon.com\\\/images\\\/I\\\/31J7JSfvlsL._SL500_.jpg\",\"datePublished\":\"2023-04-10T13:05:08+00:00\",\"description\":\"Markt-XXL Mauspad Led,XXL Mousepad 800x300 mit 15W Schnellladung Qi Kabelloses Laden,f\u00fcr Handy,Gamer Geschenk,Computer,PC Gaming Accessories\",\"breadcrumb\":{\"@id\":\"https:\\\/\\\/marktxxl.de\\\/markt\\\/produkt\\\/mauspad-ledxxl-mousepad-800x300-mit-15w-schnellladung-qi-kabelloses-ladenfuer-handygamer-geschenkcomputerpc-gaming-accessories\\\/#breadcrumb\"},\"inLanguage\":\"de\",\"potentialAction\":[{\"@type\":\"ReadAction\",\"target\":[\"https:\\\/\\\/marktxxl.de\\\/markt\\\/produkt\\\/mauspad-ledxxl-mousepad-800x300-mit-15w-schnellladung-qi-kabelloses-ladenfuer-handygamer-geschenkcomputerpc-gaming-accessories\\\/\"]}]},{\"@type\":\"ImageObject\",\"inLanguage\":\"de\",\"@id\":\"https:\\\/\\\/marktxxl.de\\\/markt\\\/produkt\\\/mauspad-ledxxl-mousepad-800x300-mit-15w-schnellladung-qi-kabelloses-ladenfuer-handygamer-geschenkcomputerpc-gaming-accessories\\\/#primaryimage\",\"url\":\"https:\\\/\\\/m.media-amazon.com\\\/images\\\/I\\\/31J7JSfvlsL._SL500_.jpg\",\"contentUrl\":\"https:\\\/\\\/m.media-amazon.com\\\/images\\\/I\\\/31J7JSfvlsL._SL500_.jpg\",\"width\":500,\"height\":500},{\"@type\":\"BreadcrumbList\",\"@id\":\"https:\\\/\\\/marktxxl.de\\\/markt\\\/produkt\\\/mauspad-ledxxl-mousepad-800x300-mit-15w-schnellladung-qi-kabelloses-ladenfuer-handygamer-geschenkcomputerpc-gaming-accessories\\\/#breadcrumb\",\"itemListElement\":[{\"@type\":\"ListItem\",\"position\":1,\"name\":\"Startseite\",\"item\":\"https:\\\/\\\/marktxxl.de\\\/markt\\\/\"},{\"@type\":\"ListItem\",\"position\":2,\"name\":\"Markt\",\"item\":\"https:\\\/\\\/marktxxl.de\\\/markt\\\/\"},{\"@type\":\"ListItem\",\"position\":3,\"name\":\"Mauspad Led,XXL Mousepad 800&#215;300 mit 15W Schnellladung Qi Kabelloses Laden,f\u00fcr Handy,Gamer Geschenk,Computer,PC Gaming Accessories\"}]},{\"@type\":\"WebSite\",\"@id\":\"https:\\\/\\\/marktxxl.de\\\/markt\\\/#website\",\"url\":\"https:\\\/\\\/marktxxl.de\\\/markt\\\/\",\"name\":\"Markt-XXL\",\"description\":\"Ihr Markt Online\",\"publisher\":{\"@id\":\"https:\\\/\\\/marktxxl.de\\\/markt\\\/#organization\"},\"potentialAction\":[{\"@type\":\"SearchAction\",\"target\":{\"@type\":\"EntryPoint\",\"urlTemplate\":\"https:\\\/\\\/marktxxl.de\\\/markt\\\/?s={search_term_string}\"},\"query-input\":{\"@type\":\"PropertyValueSpecification\",\"valueRequired\":true,\"valueName\":\"search_term_string\"}}],\"inLanguage\":\"de\"},{\"@type\":\"Organization\",\"@id\":\"https:\\\/\\\/marktxxl.de\\\/markt\\\/#organization\",\"name\":\"Markt-XXL\",\"url\":\"https:\\\/\\\/marktxxl.de\\\/markt\\\/\",\"logo\":{\"@type\":\"ImageObject\",\"inLanguage\":\"de\",\"@id\":\"https:\\\/\\\/marktxxl.de\\\/markt\\\/#\\\/schema\\\/logo\\\/image\\\/\",\"url\":\"https:\\\/\\\/marktxxl.de\\\/markt\\\/wp-content\\\/uploads\\\/sites\\\/3\\\/2020\\\/12\\\/logo.png\",\"contentUrl\":\"https:\\\/\\\/marktxxl.de\\\/markt\\\/wp-content\\\/uploads\\\/sites\\\/3\\\/2020\\\/12\\\/logo.png\",\"width\":200,\"height\":70,\"caption\":\"Markt-XXL\"},\"image\":{\"@id\":\"https:\\\/\\\/marktxxl.de\\\/markt\\\/#\\\/schema\\\/logo\\\/image\\\/\"}}]}<\/script>\n<!-- \/ Yoast SEO plugin. -->","yoast_head_json":{"title":"Mauspad Led,XXL Mousepad 800x300 mit 15W Schnellladung Qi Kabelloses Laden,f\u00fcr Handy,Gamer Geschenk,Computer,PC Gaming Accessories - Markt-XXL","description":"Markt-XXL Mauspad Led,XXL Mousepad 800x300 mit 15W Schnellladung Qi Kabelloses Laden,f\u00fcr Handy,Gamer Geschenk,Computer,PC Gaming Accessories","robots":{"index":"index","follow":"follow","max-snippet":"max-snippet:-1","max-image-preview":"max-image-preview:large","max-video-preview":"max-video-preview:-1"},"canonical":"https:\/\/marktxxl.de\/markt\/produkt\/mauspad-ledxxl-mousepad-800x300-mit-15w-schnellladung-qi-kabelloses-ladenfuer-handygamer-geschenkcomputerpc-gaming-accessories\/","og_locale":"de_DE","og_type":"article","og_title":"Mauspad Led,XXL Mousepad 800x300 mit 15W Schnellladung Qi Kabelloses Laden,f\u00fcr Handy,Gamer Geschenk,Computer,PC Gaming Accessories - Markt-XXL","og_description":"Markt-XXL Mauspad Led,XXL Mousepad 800x300 mit 15W Schnellladung Qi Kabelloses Laden,f\u00fcr Handy,Gamer Geschenk,Computer,PC Gaming Accessories","og_url":"https:\/\/marktxxl.de\/markt\/produkt\/mauspad-ledxxl-mousepad-800x300-mit-15w-schnellladung-qi-kabelloses-ladenfuer-handygamer-geschenkcomputerpc-gaming-accessories\/","og_site_name":"Markt-XXL","twitter_card":"summary_large_image","twitter_misc":{"Gesch\u00e4tzte Lesezeit":"1\u00a0Minute"},"schema":{"@context":"https:\/\/schema.org","@graph":[{"@type":"WebPage","@id":"https:\/\/marktxxl.de\/markt\/produkt\/mauspad-ledxxl-mousepad-800x300-mit-15w-schnellladung-qi-kabelloses-ladenfuer-handygamer-geschenkcomputerpc-gaming-accessories\/","url":"https:\/\/marktxxl.de\/markt\/produkt\/mauspad-ledxxl-mousepad-800x300-mit-15w-schnellladung-qi-kabelloses-ladenfuer-handygamer-geschenkcomputerpc-gaming-accessories\/","name":"Mauspad Led,XXL Mousepad 800x300 mit 15W Schnellladung Qi Kabelloses Laden,f\u00fcr Handy,Gamer Geschenk,Computer,PC Gaming Accessories - Markt-XXL","isPartOf":{"@id":"https:\/\/marktxxl.de\/markt\/#website"},"primaryImageOfPage":{"@id":"https:\/\/marktxxl.de\/markt\/produkt\/mauspad-ledxxl-mousepad-800x300-mit-15w-schnellladung-qi-kabelloses-ladenfuer-handygamer-geschenkcomputerpc-gaming-accessories\/#primaryimage"},"image":{"@id":"https:\/\/marktxxl.de\/markt\/produkt\/mauspad-ledxxl-mousepad-800x300-mit-15w-schnellladung-qi-kabelloses-ladenfuer-handygamer-geschenkcomputerpc-gaming-accessories\/#primaryimage"},"thumbnailUrl":"https:\/\/m.media-amazon.com\/images\/I\/31J7JSfvlsL._SL500_.jpg","datePublished":"2023-04-10T13:05:08+00:00","description":"Markt-XXL Mauspad Led,XXL Mousepad 800x300 mit 15W Schnellladung Qi Kabelloses Laden,f\u00fcr Handy,Gamer Geschenk,Computer,PC Gaming Accessories","breadcrumb":{"@id":"https:\/\/marktxxl.de\/markt\/produkt\/mauspad-ledxxl-mousepad-800x300-mit-15w-schnellladung-qi-kabelloses-ladenfuer-handygamer-geschenkcomputerpc-gaming-accessories\/#breadcrumb"},"inLanguage":"de","potentialAction":[{"@type":"ReadAction","target":["https:\/\/marktxxl.de\/markt\/produkt\/mauspad-ledxxl-mousepad-800x300-mit-15w-schnellladung-qi-kabelloses-ladenfuer-handygamer-geschenkcomputerpc-gaming-accessories\/"]}]},{"@type":"ImageObject","inLanguage":"de","@id":"https:\/\/marktxxl.de\/markt\/produkt\/mauspad-ledxxl-mousepad-800x300-mit-15w-schnellladung-qi-kabelloses-ladenfuer-handygamer-geschenkcomputerpc-gaming-accessories\/#primaryimage","url":"https:\/\/m.media-amazon.com\/images\/I\/31J7JSfvlsL._SL500_.jpg","contentUrl":"https:\/\/m.media-amazon.com\/images\/I\/31J7JSfvlsL._SL500_.jpg","width":500,"height":500},{"@type":"BreadcrumbList","@id":"https:\/\/marktxxl.de\/markt\/produkt\/mauspad-ledxxl-mousepad-800x300-mit-15w-schnellladung-qi-kabelloses-ladenfuer-handygamer-geschenkcomputerpc-gaming-accessories\/#breadcrumb","itemListElement":[{"@type":"ListItem","position":1,"name":"Startseite","item":"https:\/\/marktxxl.de\/markt\/"},{"@type":"ListItem","position":2,"name":"Markt","item":"https:\/\/marktxxl.de\/markt\/"},{"@type":"ListItem","position":3,"name":"Mauspad Led,XXL Mousepad 800&#215;300 mit 15W Schnellladung Qi Kabelloses Laden,f\u00fcr Handy,Gamer Geschenk,Computer,PC Gaming Accessories"}]},{"@type":"WebSite","@id":"https:\/\/marktxxl.de\/markt\/#website","url":"https:\/\/marktxxl.de\/markt\/","name":"Markt-XXL","description":"Ihr Markt Online","publisher":{"@id":"https:\/\/marktxxl.de\/markt\/#organization"},"potentialAction":[{"@type":"SearchAction","target":{"@type":"EntryPoint","urlTemplate":"https:\/\/marktxxl.de\/markt\/?s={search_term_string}"},"query-input":{"@type":"PropertyValueSpecification","valueRequired":true,"valueName":"search_term_string"}}],"inLanguage":"de"},{"@type":"Organization","@id":"https:\/\/marktxxl.de\/markt\/#organization","name":"Markt-XXL","url":"https:\/\/marktxxl.de\/markt\/","logo":{"@type":"ImageObject","inLanguage":"de","@id":"https:\/\/marktxxl.de\/markt\/#\/schema\/logo\/image\/","url":"https:\/\/marktxxl.de\/markt\/wp-content\/uploads\/sites\/3\/2020\/12\/logo.png","contentUrl":"https:\/\/marktxxl.de\/markt\/wp-content\/uploads\/sites\/3\/2020\/12\/logo.png","width":200,"height":70,"caption":"Markt-XXL"},"image":{"@id":"https:\/\/marktxxl.de\/markt\/#\/schema\/logo\/image\/"}}]}},"_links":{"self":[{"href":"https:\/\/marktxxl.de\/markt\/wp-json\/wp\/v2\/product\/202262","targetHints":{"allow":["GET"]}}],"collection":[{"href":"https:\/\/marktxxl.de\/markt\/wp-json\/wp\/v2\/product"}],"about":[{"href":"https:\/\/marktxxl.de\/markt\/wp-json\/wp\/v2\/types\/product"}],"replies":[{"embeddable":true,"href":"https:\/\/marktxxl.de\/markt\/wp-json\/wp\/v2\/comments?post=202262"}],"wp:featuredmedia":[{"embeddable":true,"href":"https:\/\/marktxxl.de\/markt\/wp-json\/wp\/v2\/media\/202263"}],"wp:attachment":[{"href":"https:\/\/marktxxl.de\/markt\/wp-json\/wp\/v2\/media?parent=202262"}],"wp:term":[{"taxonomy":"product_brand","embeddable":true,"href":"https:\/\/marktxxl.de\/markt\/wp-json\/wp\/v2\/product_brand?post=202262"},{"taxonomy":"product_cat","embeddable":true,"href":"https:\/\/marktxxl.de\/markt\/wp-json\/wp\/v2\/product_cat?post=202262"},{"taxonomy":"product_tag","embeddable":true,"href":"https:\/\/marktxxl.de\/markt\/wp-json\/wp\/v2\/product_tag?post=202262"}],"curies":[{"name":"wp","href":"https:\/\/api.w.org\/{rel}","templated":true}]}}