{"id":202203,"date":"2023-04-10T14:47:42","date_gmt":"2023-04-10T12:47:42","guid":{"rendered":"https:\/\/marktxxl.de\/markt\/produkt\/ipad-ladekabel-mit-netzteil-usb-c-dual-port-40w-ladegeraet-mit-2m-kabel-typ-c-schnellladegeraet-adapter-fast-ladestecker-adapter-plug-stecker-fuer-ipad-pro-12-9-11-inch-2021-2018-air-4th-2020-mini\/"},"modified":"2023-04-10T14:47:42","modified_gmt":"2023-04-10T12:47:42","slug":"ipad-ladekabel-mit-netzteil-usb-c-dual-port-40w-ladegeraet-mit-2m-kabel-typ-c-schnellladegeraet-adapter-fast-ladestecker-adapter-plug-stecker-fuer-ipad-pro-12-9-11-inch-2021-2018-air-4th-2020-mini","status":"publish","type":"product","link":"https:\/\/marktxxl.de\/markt\/produkt\/ipad-ladekabel-mit-netzteil-usb-c-dual-port-40w-ladegeraet-mit-2m-kabel-typ-c-schnellladegeraet-adapter-fast-ladestecker-adapter-plug-stecker-fuer-ipad-pro-12-9-11-inch-2021-2018-air-4th-2020-mini\/","title":{"rendered":"iPad Ladekabel mit Netzteil USB C, Dual Port 40W Ladeger\u00e4t mit 2M Kabel, Typ C Schnellladeger\u00e4t Adapter, Fast Ladestecker Adapter Plug Stecker f\u00fcr iPad Pro 12.9\/11 inch 2021\/2018\/Air 4th 2020\/Mini 6"},"content":{"rendered":"<p>\u3010iPad Schnellladeger\u00e4t\u3011: speziell entwickelt f\u00fcr iPad serie iPad 40W USB C Ladeger\u00e4t mit 2M Ladekabel bietet eine maximale ausgangsleistung von 40W und l\u00e4dt Ihr ger\u00e4t dreimal schneller als das urspr\u00fcngliche 5W ladeger\u00e4t. iPad bis zu 50% Ungef\u00e4hr in nur 30 minuten, was mehr als 1 stunde f\u00fcr sie spart, verglichen mit dem 5W original iPad ladekabel,40W USB-C-Ladestecker Doppelter PD Schnittstelle helfen Sie effizient zu arbeiten.<br \/>\n\u3010Sicher und Zuverl\u00e4ssig\u3011: iPad Ladeger\u00e4t verf\u00fcgt \u00fcber ein integriertes Mehrfachschutzsystem, um Probleme wie \u00fcberspannung, \u00fcberladung, kurzschluss, \u00fcberhitzung usw. zu vermeiden, ger\u00e4t schnell, sicher aufzuladen und die akkulaufzeit zu maximieren. Hitzebest\u00e4ndiges und anti wurf Design, mit flammhemmendem ABS Material bedeckt, das offene Flammen effektiv vermeiden kann und sorgt f\u00fcr sicheres Laden \u00fcber Nacht.der Ihr Ger\u00e4t vor \u00fcberm\u00e4\u00dfigem Strom, \u00dcberhitzung und \u00dcberladung sch\u00fctzen kann.<br \/>\n\u3010Hochwertiges iPad-Ladekabel\u3011: Hochwertiges thermoplastisches elastisches TPE- und PVC-Material kann ein Verheddern des Drahtes vermeiden. Der neu aktualisierte Blitzladeanschluss ist langlebig, Best\u00e4tigt durch strenge Labortests, um bis zu 12.000 Biegungen zu widerstehen. Die Haltbarkeit ist dreimal so lang wie bei gew\u00f6hnlichen Ladekabeln.Die maximale Ladegeschwindigkeit betr\u00e4gt bis zu 60W. Dies ist schneller als die meisten Standardkabel.<br \/>\n\u3010Doppelte Schnittstelle PD-Schnellladekabel\u3011: Das USB-C-Kabel kann ein schnelles Aufladen, und die L\u00e4nge von 2 m stellt sicher, dass sich Ihr Ger\u00e4t w\u00e4hrend des Ladevorgangs flexibel bewegen kann, um den Anforderungen des t\u00e4glichen Lebens und der Arbeit gerecht zu werden. Die Daten\u00fcbertragung zwischen iPad und USB-C-Laptop oder -Desktop wird ebenfalls unterst\u00fctzt.Daten\u00fcbertragungsrate bis zu 480Mbps.<br \/>\n\u3010Universelle Kompatibilit\u00e4t\u3011: iPad usb c netzteil mit 2M USB C lightning kabel f\u00fcr USB C iPad Ladeger\u00e4t kompatibel f\u00fcr iPad Pro 11 3rd (2021), iPad Pro 11 2nd (2020), iPad Pro 11 (2018), iPad Pro 12.9 in 5th (2021), iPad Pro 12.9 in 4th (2020), iPad Pro 12.9 in 3rd (2018), iPad mini 6 (2021), iPad Air 5 (2022), iPad Air 4\uff082020). um alle USB- und USB-C-Mobilger\u00e4te wie MacBook, Handys, Tablets oder andere Ger\u00e4te aufzuladen. Bitte best\u00e4tigen Sie Ihr iPad-Modell vor dem Kauf.<br \/>\n<div class=\"main-cross-sell\" data-asin=\"B0BYCQ9NNV\">\n\n\t<div class=\"WooZone-cross-sell-loader\">\n\t\t<div>\n\t\t\t<div id=\"floatingBarsG\">\n\t\t\t\t<div class=\"blockG\" id=\"rotateG_01\"><\/div>\n\t\t\t\t<div class=\"blockG\" id=\"rotateG_02\"><\/div>\n\t\t\t\t<div class=\"blockG\" id=\"rotateG_03\"><\/div>\n\t\t\t\t<div class=\"blockG\" id=\"rotateG_04\"><\/div>\n\t\t\t\t<div class=\"blockG\" id=\"rotateG_05\"><\/div>\n\t\t\t\t<div class=\"blockG\" id=\"rotateG_06\"><\/div>\n\t\t\t\t<div class=\"blockG\" id=\"rotateG_07\"><\/div>\n\t\t\t\t<div class=\"blockG\" id=\"rotateG_08\"><\/div>\n\t\t\t<\/div>\n\t\t\t<div class=\"WooZone-cross-sell-loader-text\"><\/div>\n\t\t<\/div>\n\t<\/div>\n\n\t\t\n<\/div>\n<div style=\"clear:both;\"><\/div><\/p>\n","protected":false},"excerpt":{"rendered":"<p>\u3010iPad Schnellladeger\u00e4t\u3011: speziell entwickelt f\u00fcr iPad serie iPad 40W USB C Ladeger\u00e4t mit 2M Ladekabel bietet eine maximale ausgangsleistung von 40W und l\u00e4dt Ihr ger\u00e4t dreimal schneller als das urspr\u00fcngliche 5W ladeger\u00e4t. iPad bis zu 50% Ungef\u00e4hr in nur 30 minuten, was mehr als 1 stunde f\u00fcr sie spart, verglichen mit dem 5W original iPad ladekabel,40W USB-C-Ladestecker Doppelter PD Schnittstelle helfen Sie effizient zu arbeiten.<br \/>\n\u3010Sicher und Zuverl\u00e4ssig\u3011: iPad Ladeger\u00e4t verf\u00fcgt \u00fcber ein integriertes Mehrfachschutzsystem, um Probleme wie \u00fcberspannung, \u00fcberladung, kurzschluss, \u00fcberhitzung usw. zu vermeiden, ger\u00e4t schnell, sicher aufzuladen und die akkulaufzeit zu maximieren. Hitzebest\u00e4ndiges und anti wurf Design, mit flammhemmendem ABS Material bedeckt, das offene Flammen effektiv vermeiden kann und sorgt f\u00fcr sicheres Laden \u00fcber Nacht.der Ihr Ger\u00e4t vor \u00fcberm\u00e4\u00dfigem Strom, \u00dcberhitzung und \u00dcberladung sch\u00fctzen kann.<br \/>\n\u3010Hochwertiges iPad-Ladekabel\u3011: Hochwertiges thermoplastisches elastisches TPE- und PVC-Material kann ein Verheddern des Drahtes vermeiden. Der neu aktualisierte Blitzladeanschluss ist langlebig, Best\u00e4tigt durch strenge Labortests, um bis zu 12.000 Biegungen zu widerstehen. Die Haltbarkeit ist dreimal so lang wie bei gew\u00f6hnlichen Ladekabeln.Die maximale Ladegeschwindigkeit betr\u00e4gt bis zu 60W. Dies ist schneller als die meisten Standardkabel.<\/p>\n","protected":false},"featured_media":202204,"comment_status":"open","ping_status":"closed","template":"","meta":[],"product_brand":[],"product_cat":[863],"product_tag":[],"class_list":{"0":"post-202203","1":"product","2":"type-product","3":"status-publish","4":"has-post-thumbnail","6":"product_cat-computer-zubehoer","7":"pa_brand-cooncxen","8":"pa_color-weiss","9":"pa_manufacturer-cooncxen","10":"pa_warranty-no","12":"first","13":"instock","14":"shipping-taxable","15":"purchasable","16":"product-type-simple","17":"customify-col","18":"product-has-gallery"},"yoast_head":"<!-- This site is optimized with the Yoast SEO plugin v27.4 - https:\/\/yoast.com\/product\/yoast-seo-wordpress\/ -->\n<title>iPad Ladekabel mit Netzteil USB C, Dual Port 40W Ladeger\u00e4t mit 2M Kabel, Typ C Schnellladeger\u00e4t Adapter, Fast Ladestecker Adapter Plug Stecker f\u00fcr iPad Pro 12.9\/11 inch 2021\/2018\/Air 4th 2020\/Mini 6 - Markt-XXL<\/title>\n<meta name=\"description\" content=\"Markt-XXL iPad Ladekabel mit Netzteil USB C, Dual Port 40W Ladeger\u00e4t mit 2M Kabel, Typ C Schnellladeger\u00e4t Adapter, Fast Ladestecker Adapter Plug Stecker f\u00fcr iPad Pro 12.9\/11 inch 2021\/2018\/Air 4th 2020\/Mini 6\" \/>\n<meta name=\"robots\" content=\"index, follow, max-snippet:-1, max-image-preview:large, max-video-preview:-1\" \/>\n<link rel=\"canonical\" href=\"https:\/\/marktxxl.de\/markt\/produkt\/ipad-ladekabel-mit-netzteil-usb-c-dual-port-40w-ladegeraet-mit-2m-kabel-typ-c-schnellladegeraet-adapter-fast-ladestecker-adapter-plug-stecker-fuer-ipad-pro-12-9-11-inch-2021-2018-air-4th-2020-mini\/\" \/>\n<meta property=\"og:locale\" content=\"de_DE\" \/>\n<meta property=\"og:type\" content=\"article\" \/>\n<meta property=\"og:title\" content=\"iPad Ladekabel mit Netzteil USB C, Dual Port 40W Ladeger\u00e4t mit 2M Kabel, Typ C Schnellladeger\u00e4t Adapter, Fast Ladestecker Adapter Plug Stecker f\u00fcr iPad Pro 12.9\/11 inch 2021\/2018\/Air 4th 2020\/Mini 6 - Markt-XXL\" \/>\n<meta property=\"og:description\" content=\"Markt-XXL iPad Ladekabel mit Netzteil USB C, Dual Port 40W Ladeger\u00e4t mit 2M Kabel, Typ C Schnellladeger\u00e4t Adapter, Fast Ladestecker Adapter Plug Stecker f\u00fcr iPad Pro 12.9\/11 inch 2021\/2018\/Air 4th 2020\/Mini 6\" \/>\n<meta property=\"og:url\" content=\"https:\/\/marktxxl.de\/markt\/produkt\/ipad-ladekabel-mit-netzteil-usb-c-dual-port-40w-ladegeraet-mit-2m-kabel-typ-c-schnellladegeraet-adapter-fast-ladestecker-adapter-plug-stecker-fuer-ipad-pro-12-9-11-inch-2021-2018-air-4th-2020-mini\/\" \/>\n<meta property=\"og:site_name\" content=\"Markt-XXL\" \/>\n<meta name=\"twitter:card\" content=\"summary_large_image\" \/>\n<meta name=\"twitter:label1\" content=\"Gesch\u00e4tzte Lesezeit\" \/>\n\t<meta name=\"twitter:data1\" content=\"2\u00a0Minuten\" \/>\n<script type=\"application\/ld+json\" class=\"yoast-schema-graph\">{\"@context\":\"https:\\\/\\\/schema.org\",\"@graph\":[{\"@type\":\"WebPage\",\"@id\":\"https:\\\/\\\/marktxxl.de\\\/markt\\\/produkt\\\/ipad-ladekabel-mit-netzteil-usb-c-dual-port-40w-ladegeraet-mit-2m-kabel-typ-c-schnellladegeraet-adapter-fast-ladestecker-adapter-plug-stecker-fuer-ipad-pro-12-9-11-inch-2021-2018-air-4th-2020-mini\\\/\",\"url\":\"https:\\\/\\\/marktxxl.de\\\/markt\\\/produkt\\\/ipad-ladekabel-mit-netzteil-usb-c-dual-port-40w-ladegeraet-mit-2m-kabel-typ-c-schnellladegeraet-adapter-fast-ladestecker-adapter-plug-stecker-fuer-ipad-pro-12-9-11-inch-2021-2018-air-4th-2020-mini\\\/\",\"name\":\"iPad Ladekabel mit Netzteil USB C, Dual Port 40W Ladeger\u00e4t mit 2M Kabel, Typ C Schnellladeger\u00e4t Adapter, Fast Ladestecker Adapter Plug Stecker f\u00fcr iPad Pro 12.9\\\/11 inch 2021\\\/2018\\\/Air 4th 2020\\\/Mini 6 - Markt-XXL\",\"isPartOf\":{\"@id\":\"https:\\\/\\\/marktxxl.de\\\/markt\\\/#website\"},\"primaryImageOfPage\":{\"@id\":\"https:\\\/\\\/marktxxl.de\\\/markt\\\/produkt\\\/ipad-ladekabel-mit-netzteil-usb-c-dual-port-40w-ladegeraet-mit-2m-kabel-typ-c-schnellladegeraet-adapter-fast-ladestecker-adapter-plug-stecker-fuer-ipad-pro-12-9-11-inch-2021-2018-air-4th-2020-mini\\\/#primaryimage\"},\"image\":{\"@id\":\"https:\\\/\\\/marktxxl.de\\\/markt\\\/produkt\\\/ipad-ladekabel-mit-netzteil-usb-c-dual-port-40w-ladegeraet-mit-2m-kabel-typ-c-schnellladegeraet-adapter-fast-ladestecker-adapter-plug-stecker-fuer-ipad-pro-12-9-11-inch-2021-2018-air-4th-2020-mini\\\/#primaryimage\"},\"thumbnailUrl\":\"https:\\\/\\\/m.media-amazon.com\\\/images\\\/I\\\/31vjqKD3YcL._SL500_.jpg\",\"datePublished\":\"2023-04-10T12:47:42+00:00\",\"description\":\"Markt-XXL iPad Ladekabel mit Netzteil USB C, Dual Port 40W Ladeger\u00e4t mit 2M Kabel, Typ C Schnellladeger\u00e4t Adapter, Fast Ladestecker Adapter Plug Stecker f\u00fcr iPad Pro 12.9\\\/11 inch 2021\\\/2018\\\/Air 4th 2020\\\/Mini 6\",\"breadcrumb\":{\"@id\":\"https:\\\/\\\/marktxxl.de\\\/markt\\\/produkt\\\/ipad-ladekabel-mit-netzteil-usb-c-dual-port-40w-ladegeraet-mit-2m-kabel-typ-c-schnellladegeraet-adapter-fast-ladestecker-adapter-plug-stecker-fuer-ipad-pro-12-9-11-inch-2021-2018-air-4th-2020-mini\\\/#breadcrumb\"},\"inLanguage\":\"de\",\"potentialAction\":[{\"@type\":\"ReadAction\",\"target\":[\"https:\\\/\\\/marktxxl.de\\\/markt\\\/produkt\\\/ipad-ladekabel-mit-netzteil-usb-c-dual-port-40w-ladegeraet-mit-2m-kabel-typ-c-schnellladegeraet-adapter-fast-ladestecker-adapter-plug-stecker-fuer-ipad-pro-12-9-11-inch-2021-2018-air-4th-2020-mini\\\/\"]}]},{\"@type\":\"ImageObject\",\"inLanguage\":\"de\",\"@id\":\"https:\\\/\\\/marktxxl.de\\\/markt\\\/produkt\\\/ipad-ladekabel-mit-netzteil-usb-c-dual-port-40w-ladegeraet-mit-2m-kabel-typ-c-schnellladegeraet-adapter-fast-ladestecker-adapter-plug-stecker-fuer-ipad-pro-12-9-11-inch-2021-2018-air-4th-2020-mini\\\/#primaryimage\",\"url\":\"https:\\\/\\\/m.media-amazon.com\\\/images\\\/I\\\/31vjqKD3YcL._SL500_.jpg\",\"contentUrl\":\"https:\\\/\\\/m.media-amazon.com\\\/images\\\/I\\\/31vjqKD3YcL._SL500_.jpg\",\"width\":500,\"height\":500},{\"@type\":\"BreadcrumbList\",\"@id\":\"https:\\\/\\\/marktxxl.de\\\/markt\\\/produkt\\\/ipad-ladekabel-mit-netzteil-usb-c-dual-port-40w-ladegeraet-mit-2m-kabel-typ-c-schnellladegeraet-adapter-fast-ladestecker-adapter-plug-stecker-fuer-ipad-pro-12-9-11-inch-2021-2018-air-4th-2020-mini\\\/#breadcrumb\",\"itemListElement\":[{\"@type\":\"ListItem\",\"position\":1,\"name\":\"Startseite\",\"item\":\"https:\\\/\\\/marktxxl.de\\\/markt\\\/\"},{\"@type\":\"ListItem\",\"position\":2,\"name\":\"Markt\",\"item\":\"https:\\\/\\\/marktxxl.de\\\/markt\\\/\"},{\"@type\":\"ListItem\",\"position\":3,\"name\":\"iPad Ladekabel mit Netzteil USB C, Dual Port 40W Ladeger\u00e4t mit 2M Kabel, Typ C Schnellladeger\u00e4t Adapter, Fast Ladestecker Adapter Plug Stecker f\u00fcr iPad Pro 12.9\\\/11 inch 2021\\\/2018\\\/Air 4th 2020\\\/Mini 6\"}]},{\"@type\":\"WebSite\",\"@id\":\"https:\\\/\\\/marktxxl.de\\\/markt\\\/#website\",\"url\":\"https:\\\/\\\/marktxxl.de\\\/markt\\\/\",\"name\":\"Markt-XXL\",\"description\":\"Ihr Markt Online\",\"publisher\":{\"@id\":\"https:\\\/\\\/marktxxl.de\\\/markt\\\/#organization\"},\"potentialAction\":[{\"@type\":\"SearchAction\",\"target\":{\"@type\":\"EntryPoint\",\"urlTemplate\":\"https:\\\/\\\/marktxxl.de\\\/markt\\\/?s={search_term_string}\"},\"query-input\":{\"@type\":\"PropertyValueSpecification\",\"valueRequired\":true,\"valueName\":\"search_term_string\"}}],\"inLanguage\":\"de\"},{\"@type\":\"Organization\",\"@id\":\"https:\\\/\\\/marktxxl.de\\\/markt\\\/#organization\",\"name\":\"Markt-XXL\",\"url\":\"https:\\\/\\\/marktxxl.de\\\/markt\\\/\",\"logo\":{\"@type\":\"ImageObject\",\"inLanguage\":\"de\",\"@id\":\"https:\\\/\\\/marktxxl.de\\\/markt\\\/#\\\/schema\\\/logo\\\/image\\\/\",\"url\":\"https:\\\/\\\/marktxxl.de\\\/markt\\\/wp-content\\\/uploads\\\/sites\\\/3\\\/2020\\\/12\\\/logo.png\",\"contentUrl\":\"https:\\\/\\\/marktxxl.de\\\/markt\\\/wp-content\\\/uploads\\\/sites\\\/3\\\/2020\\\/12\\\/logo.png\",\"width\":200,\"height\":70,\"caption\":\"Markt-XXL\"},\"image\":{\"@id\":\"https:\\\/\\\/marktxxl.de\\\/markt\\\/#\\\/schema\\\/logo\\\/image\\\/\"}}]}<\/script>\n<!-- \/ Yoast SEO plugin. -->","yoast_head_json":{"title":"iPad Ladekabel mit Netzteil USB C, Dual Port 40W Ladeger\u00e4t mit 2M Kabel, Typ C Schnellladeger\u00e4t Adapter, Fast Ladestecker Adapter Plug Stecker f\u00fcr iPad Pro 12.9\/11 inch 2021\/2018\/Air 4th 2020\/Mini 6 - Markt-XXL","description":"Markt-XXL iPad Ladekabel mit Netzteil USB C, Dual Port 40W Ladeger\u00e4t mit 2M Kabel, Typ C Schnellladeger\u00e4t Adapter, Fast Ladestecker Adapter Plug Stecker f\u00fcr iPad Pro 12.9\/11 inch 2021\/2018\/Air 4th 2020\/Mini 6","robots":{"index":"index","follow":"follow","max-snippet":"max-snippet:-1","max-image-preview":"max-image-preview:large","max-video-preview":"max-video-preview:-1"},"canonical":"https:\/\/marktxxl.de\/markt\/produkt\/ipad-ladekabel-mit-netzteil-usb-c-dual-port-40w-ladegeraet-mit-2m-kabel-typ-c-schnellladegeraet-adapter-fast-ladestecker-adapter-plug-stecker-fuer-ipad-pro-12-9-11-inch-2021-2018-air-4th-2020-mini\/","og_locale":"de_DE","og_type":"article","og_title":"iPad Ladekabel mit Netzteil USB C, Dual Port 40W Ladeger\u00e4t mit 2M Kabel, Typ C Schnellladeger\u00e4t Adapter, Fast Ladestecker Adapter Plug Stecker f\u00fcr iPad Pro 12.9\/11 inch 2021\/2018\/Air 4th 2020\/Mini 6 - Markt-XXL","og_description":"Markt-XXL iPad Ladekabel mit Netzteil USB C, Dual Port 40W Ladeger\u00e4t mit 2M Kabel, Typ C Schnellladeger\u00e4t Adapter, Fast Ladestecker Adapter Plug Stecker f\u00fcr iPad Pro 12.9\/11 inch 2021\/2018\/Air 4th 2020\/Mini 6","og_url":"https:\/\/marktxxl.de\/markt\/produkt\/ipad-ladekabel-mit-netzteil-usb-c-dual-port-40w-ladegeraet-mit-2m-kabel-typ-c-schnellladegeraet-adapter-fast-ladestecker-adapter-plug-stecker-fuer-ipad-pro-12-9-11-inch-2021-2018-air-4th-2020-mini\/","og_site_name":"Markt-XXL","twitter_card":"summary_large_image","twitter_misc":{"Gesch\u00e4tzte Lesezeit":"2\u00a0Minuten"},"schema":{"@context":"https:\/\/schema.org","@graph":[{"@type":"WebPage","@id":"https:\/\/marktxxl.de\/markt\/produkt\/ipad-ladekabel-mit-netzteil-usb-c-dual-port-40w-ladegeraet-mit-2m-kabel-typ-c-schnellladegeraet-adapter-fast-ladestecker-adapter-plug-stecker-fuer-ipad-pro-12-9-11-inch-2021-2018-air-4th-2020-mini\/","url":"https:\/\/marktxxl.de\/markt\/produkt\/ipad-ladekabel-mit-netzteil-usb-c-dual-port-40w-ladegeraet-mit-2m-kabel-typ-c-schnellladegeraet-adapter-fast-ladestecker-adapter-plug-stecker-fuer-ipad-pro-12-9-11-inch-2021-2018-air-4th-2020-mini\/","name":"iPad Ladekabel mit Netzteil USB C, Dual Port 40W Ladeger\u00e4t mit 2M Kabel, Typ C Schnellladeger\u00e4t Adapter, Fast Ladestecker Adapter Plug Stecker f\u00fcr iPad Pro 12.9\/11 inch 2021\/2018\/Air 4th 2020\/Mini 6 - Markt-XXL","isPartOf":{"@id":"https:\/\/marktxxl.de\/markt\/#website"},"primaryImageOfPage":{"@id":"https:\/\/marktxxl.de\/markt\/produkt\/ipad-ladekabel-mit-netzteil-usb-c-dual-port-40w-ladegeraet-mit-2m-kabel-typ-c-schnellladegeraet-adapter-fast-ladestecker-adapter-plug-stecker-fuer-ipad-pro-12-9-11-inch-2021-2018-air-4th-2020-mini\/#primaryimage"},"image":{"@id":"https:\/\/marktxxl.de\/markt\/produkt\/ipad-ladekabel-mit-netzteil-usb-c-dual-port-40w-ladegeraet-mit-2m-kabel-typ-c-schnellladegeraet-adapter-fast-ladestecker-adapter-plug-stecker-fuer-ipad-pro-12-9-11-inch-2021-2018-air-4th-2020-mini\/#primaryimage"},"thumbnailUrl":"https:\/\/m.media-amazon.com\/images\/I\/31vjqKD3YcL._SL500_.jpg","datePublished":"2023-04-10T12:47:42+00:00","description":"Markt-XXL iPad Ladekabel mit Netzteil USB C, Dual Port 40W Ladeger\u00e4t mit 2M Kabel, Typ C Schnellladeger\u00e4t Adapter, Fast Ladestecker Adapter Plug Stecker f\u00fcr iPad Pro 12.9\/11 inch 2021\/2018\/Air 4th 2020\/Mini 6","breadcrumb":{"@id":"https:\/\/marktxxl.de\/markt\/produkt\/ipad-ladekabel-mit-netzteil-usb-c-dual-port-40w-ladegeraet-mit-2m-kabel-typ-c-schnellladegeraet-adapter-fast-ladestecker-adapter-plug-stecker-fuer-ipad-pro-12-9-11-inch-2021-2018-air-4th-2020-mini\/#breadcrumb"},"inLanguage":"de","potentialAction":[{"@type":"ReadAction","target":["https:\/\/marktxxl.de\/markt\/produkt\/ipad-ladekabel-mit-netzteil-usb-c-dual-port-40w-ladegeraet-mit-2m-kabel-typ-c-schnellladegeraet-adapter-fast-ladestecker-adapter-plug-stecker-fuer-ipad-pro-12-9-11-inch-2021-2018-air-4th-2020-mini\/"]}]},{"@type":"ImageObject","inLanguage":"de","@id":"https:\/\/marktxxl.de\/markt\/produkt\/ipad-ladekabel-mit-netzteil-usb-c-dual-port-40w-ladegeraet-mit-2m-kabel-typ-c-schnellladegeraet-adapter-fast-ladestecker-adapter-plug-stecker-fuer-ipad-pro-12-9-11-inch-2021-2018-air-4th-2020-mini\/#primaryimage","url":"https:\/\/m.media-amazon.com\/images\/I\/31vjqKD3YcL._SL500_.jpg","contentUrl":"https:\/\/m.media-amazon.com\/images\/I\/31vjqKD3YcL._SL500_.jpg","width":500,"height":500},{"@type":"BreadcrumbList","@id":"https:\/\/marktxxl.de\/markt\/produkt\/ipad-ladekabel-mit-netzteil-usb-c-dual-port-40w-ladegeraet-mit-2m-kabel-typ-c-schnellladegeraet-adapter-fast-ladestecker-adapter-plug-stecker-fuer-ipad-pro-12-9-11-inch-2021-2018-air-4th-2020-mini\/#breadcrumb","itemListElement":[{"@type":"ListItem","position":1,"name":"Startseite","item":"https:\/\/marktxxl.de\/markt\/"},{"@type":"ListItem","position":2,"name":"Markt","item":"https:\/\/marktxxl.de\/markt\/"},{"@type":"ListItem","position":3,"name":"iPad Ladekabel mit Netzteil USB C, Dual Port 40W Ladeger\u00e4t mit 2M Kabel, Typ C Schnellladeger\u00e4t Adapter, Fast Ladestecker Adapter Plug Stecker f\u00fcr iPad Pro 12.9\/11 inch 2021\/2018\/Air 4th 2020\/Mini 6"}]},{"@type":"WebSite","@id":"https:\/\/marktxxl.de\/markt\/#website","url":"https:\/\/marktxxl.de\/markt\/","name":"Markt-XXL","description":"Ihr Markt Online","publisher":{"@id":"https:\/\/marktxxl.de\/markt\/#organization"},"potentialAction":[{"@type":"SearchAction","target":{"@type":"EntryPoint","urlTemplate":"https:\/\/marktxxl.de\/markt\/?s={search_term_string}"},"query-input":{"@type":"PropertyValueSpecification","valueRequired":true,"valueName":"search_term_string"}}],"inLanguage":"de"},{"@type":"Organization","@id":"https:\/\/marktxxl.de\/markt\/#organization","name":"Markt-XXL","url":"https:\/\/marktxxl.de\/markt\/","logo":{"@type":"ImageObject","inLanguage":"de","@id":"https:\/\/marktxxl.de\/markt\/#\/schema\/logo\/image\/","url":"https:\/\/marktxxl.de\/markt\/wp-content\/uploads\/sites\/3\/2020\/12\/logo.png","contentUrl":"https:\/\/marktxxl.de\/markt\/wp-content\/uploads\/sites\/3\/2020\/12\/logo.png","width":200,"height":70,"caption":"Markt-XXL"},"image":{"@id":"https:\/\/marktxxl.de\/markt\/#\/schema\/logo\/image\/"}}]}},"_links":{"self":[{"href":"https:\/\/marktxxl.de\/markt\/wp-json\/wp\/v2\/product\/202203","targetHints":{"allow":["GET"]}}],"collection":[{"href":"https:\/\/marktxxl.de\/markt\/wp-json\/wp\/v2\/product"}],"about":[{"href":"https:\/\/marktxxl.de\/markt\/wp-json\/wp\/v2\/types\/product"}],"replies":[{"embeddable":true,"href":"https:\/\/marktxxl.de\/markt\/wp-json\/wp\/v2\/comments?post=202203"}],"wp:featuredmedia":[{"embeddable":true,"href":"https:\/\/marktxxl.de\/markt\/wp-json\/wp\/v2\/media\/202204"}],"wp:attachment":[{"href":"https:\/\/marktxxl.de\/markt\/wp-json\/wp\/v2\/media?parent=202203"}],"wp:term":[{"taxonomy":"product_brand","embeddable":true,"href":"https:\/\/marktxxl.de\/markt\/wp-json\/wp\/v2\/product_brand?post=202203"},{"taxonomy":"product_cat","embeddable":true,"href":"https:\/\/marktxxl.de\/markt\/wp-json\/wp\/v2\/product_cat?post=202203"},{"taxonomy":"product_tag","embeddable":true,"href":"https:\/\/marktxxl.de\/markt\/wp-json\/wp\/v2\/product_tag?post=202203"}],"curies":[{"name":"wp","href":"https:\/\/api.w.org\/{rel}","templated":true}]}}