{"id":202195,"date":"2023-04-10T14:47:29","date_gmt":"2023-04-10T12:47:29","guid":{"rendered":"https:\/\/marktxxl.de\/markt\/produkt\/roebow-usb-stick-982gb-high-speed-speicherstick-wasserdichter-usb-3-0-memory-stick-tragbares-metall-usb-flash-laufwerk-982gb-flash-drive-mit-schluesselring-fuer-datenspeicherung\/"},"modified":"2023-04-10T14:47:29","modified_gmt":"2023-04-10T12:47:29","slug":"roebow-usb-stick-982gb-high-speed-speicherstick-wasserdichter-usb-3-0-memory-stick-tragbares-metall-usb-flash-laufwerk-982gb-flash-drive-mit-schluesselring-fuer-datenspeicherung","status":"publish","type":"product","link":"https:\/\/marktxxl.de\/markt\/produkt\/roebow-usb-stick-982gb-high-speed-speicherstick-wasserdichter-usb-3-0-memory-stick-tragbares-metall-usb-flash-laufwerk-982gb-flash-drive-mit-schluesselring-fuer-datenspeicherung\/","title":{"rendered":"roebow USB Stick 982GB High Speed Speicherstick Wasserdichter USB 3.0 Memory Stick Tragbares Metall USB-Flash-Laufwerk 982GB Flash Drive mit Schl\u00fcsselring f\u00fcr Datenspeicherung"},"content":{"rendered":"<p>\u3010Massendatenspeicherung\u3011Dieser 982 GB USB Speicherstick k\u00f6nnen das Problem des unzureichenden Speichers perfekt l\u00f6sen. Unterst\u00fctzen Sie mehrere musik, fotos, filme, handb\u00fccher, programme, handouts und andere daten speichern usw. Mit dem 982 GB Memory Stick haben Sie viel Speicherplatz um Ihre Daten zu sichern. Es ist praktisch f\u00fcr den t\u00e4glichen Gebrauch und die B\u00fcroarbeit.<br \/>\n\u3010Sehr Kompatibel\u3011Der Memory Stick ist mit allen Betriebssystemen wie Windows 7\/8\/10\/Vista\/XP Linux\/Mac OS kompatibel und wird nicht nur h\u00e4ufig f\u00fcr Computer, Laptops und Tablets verwendet, sondern passt auch gut zu Autoradios, Lautsprechern und anderen elektronischen Ger\u00e4ten USB-Schnittstelle.<br \/>\n\u3010Exquisites Schl\u00fcsselanh\u00e4nger-Design\u3011 Das kompakte Design des USB-Flash-Laufwerks wiegt nur 10 Gramm, wodurch es so klein und leicht ist, dass es in eine Tasche oder einen Beutel passt, und ist mit einem gro\u00dfen Schl\u00fcsselring ausgestattet, damit Sie es einfach an Ihrem befestigen k\u00f6nnen Laptop oder Autoschl\u00fcssel, behalten Sie Ihre Daten bei sich.<br \/>\n\u3010Zuverl\u00e4ssig und Langlebig\u3011: Speicherstick wird durch mehrere komplexe prozesse aus einer metallh\u00fclle und einem fortschrittlichen chip zusammengesetzt und weist eine hervorragende leistung in bezug auf wasserdichtigkeit, temperaturbest\u00e4ndigkeit, staubdichtigkeit, antimagnetik, anti-r\u00f6ntgenstrahlung usw. auf. Robust und sicher zum schutz Ihrer dateidaten.<br \/>\n\u3010Plug and Play\u3011 Das USB 3.0-Flash-Laufwerk ist einfach und benutzerfreundlich, Sie m\u00fcssen keine APP herunterladen oder komplizierte Anweisungen lesen. Schlie\u00dfen Sie es einfach an einen USB-Anschluss Ihres Computers oder eines anderen Ger\u00e4ts an und beginnen Sie mit der Datenspeicherung, -sicherung und -\u00fcbertragung.<br \/>\n<div class=\"main-cross-sell\" data-asin=\"B0BYD41KLV\">\n\n\t<div class=\"WooZone-cross-sell-loader\">\n\t\t<div>\n\t\t\t<div id=\"floatingBarsG\">\n\t\t\t\t<div class=\"blockG\" id=\"rotateG_01\"><\/div>\n\t\t\t\t<div class=\"blockG\" id=\"rotateG_02\"><\/div>\n\t\t\t\t<div class=\"blockG\" id=\"rotateG_03\"><\/div>\n\t\t\t\t<div class=\"blockG\" id=\"rotateG_04\"><\/div>\n\t\t\t\t<div class=\"blockG\" id=\"rotateG_05\"><\/div>\n\t\t\t\t<div class=\"blockG\" id=\"rotateG_06\"><\/div>\n\t\t\t\t<div class=\"blockG\" id=\"rotateG_07\"><\/div>\n\t\t\t\t<div class=\"blockG\" id=\"rotateG_08\"><\/div>\n\t\t\t<\/div>\n\t\t\t<div class=\"WooZone-cross-sell-loader-text\"><\/div>\n\t\t<\/div>\n\t<\/div>\n\n\t\t\n<\/div>\n<div style=\"clear:both;\"><\/div><\/p>\n","protected":false},"excerpt":{"rendered":"<p>\u3010Massendatenspeicherung\u3011Dieser 982 GB USB Speicherstick k\u00f6nnen das Problem des unzureichenden Speichers perfekt l\u00f6sen. Unterst\u00fctzen Sie mehrere musik, fotos, filme, handb\u00fccher, programme, handouts und andere daten speichern usw. Mit dem 982 GB Memory Stick haben Sie viel Speicherplatz um Ihre Daten zu sichern. Es ist praktisch f\u00fcr den t\u00e4glichen Gebrauch und die B\u00fcroarbeit.<br \/>\n\u3010Sehr Kompatibel\u3011Der Memory Stick ist mit allen Betriebssystemen wie Windows 7\/8\/10\/Vista\/XP Linux\/Mac OS kompatibel und wird nicht nur h\u00e4ufig f\u00fcr Computer, Laptops und Tablets verwendet, sondern passt auch gut zu Autoradios, Lautsprechern und anderen elektronischen Ger\u00e4ten USB-Schnittstelle.<br \/>\n\u3010Exquisites Schl\u00fcsselanh\u00e4nger-Design\u3011 Das kompakte Design des USB-Flash-Laufwerks wiegt nur 10 Gramm, wodurch es so klein und leicht ist, dass es in eine Tasche oder einen Beutel passt, und ist mit einem gro\u00dfen Schl\u00fcsselring ausgestattet, damit Sie es einfach an Ihrem befestigen k\u00f6nnen Laptop oder Autoschl\u00fcssel, behalten Sie Ihre Daten bei sich.<\/p>\n","protected":false},"featured_media":202196,"comment_status":"open","ping_status":"closed","template":"","meta":[],"product_brand":[],"product_cat":[863],"product_tag":[],"class_list":{"0":"post-202195","1":"product","2":"type-product","3":"status-publish","4":"has-post-thumbnail","6":"product_cat-computer-zubehoer","7":"pa_binding-personal-computers","8":"pa_brand-roebow","9":"pa_manufacturer-roebow","10":"pa_warranty-no","12":"first","13":"instock","14":"shipping-taxable","15":"purchasable","16":"product-type-simple","17":"customify-col","18":"product-has-gallery"},"yoast_head":"<!-- This site is optimized with the Yoast SEO plugin v27.4 - https:\/\/yoast.com\/product\/yoast-seo-wordpress\/ -->\n<title>roebow USB Stick 982GB High Speed Speicherstick Wasserdichter USB 3.0 Memory Stick Tragbares Metall USB-Flash-Laufwerk 982GB Flash Drive mit Schl\u00fcsselring f\u00fcr Datenspeicherung - Markt-XXL<\/title>\n<meta name=\"description\" content=\"Markt-XXL roebow USB Stick 982GB High Speed Speicherstick Wasserdichter USB 3.0 Memory Stick Tragbares Metall USB-Flash-Laufwerk 982GB Flash Drive mit Schl\u00fcsselring f\u00fcr Datenspeicherung\" \/>\n<meta name=\"robots\" content=\"index, follow, max-snippet:-1, max-image-preview:large, max-video-preview:-1\" \/>\n<link rel=\"canonical\" href=\"https:\/\/marktxxl.de\/markt\/produkt\/roebow-usb-stick-982gb-high-speed-speicherstick-wasserdichter-usb-3-0-memory-stick-tragbares-metall-usb-flash-laufwerk-982gb-flash-drive-mit-schluesselring-fuer-datenspeicherung\/\" \/>\n<meta property=\"og:locale\" content=\"de_DE\" \/>\n<meta property=\"og:type\" content=\"article\" \/>\n<meta property=\"og:title\" content=\"roebow USB Stick 982GB High Speed Speicherstick Wasserdichter USB 3.0 Memory Stick Tragbares Metall USB-Flash-Laufwerk 982GB Flash Drive mit Schl\u00fcsselring f\u00fcr Datenspeicherung - Markt-XXL\" \/>\n<meta property=\"og:description\" content=\"Markt-XXL roebow USB Stick 982GB High Speed Speicherstick Wasserdichter USB 3.0 Memory Stick Tragbares Metall USB-Flash-Laufwerk 982GB Flash Drive mit Schl\u00fcsselring f\u00fcr Datenspeicherung\" \/>\n<meta property=\"og:url\" content=\"https:\/\/marktxxl.de\/markt\/produkt\/roebow-usb-stick-982gb-high-speed-speicherstick-wasserdichter-usb-3-0-memory-stick-tragbares-metall-usb-flash-laufwerk-982gb-flash-drive-mit-schluesselring-fuer-datenspeicherung\/\" \/>\n<meta property=\"og:site_name\" content=\"Markt-XXL\" \/>\n<meta name=\"twitter:card\" content=\"summary_large_image\" \/>\n<meta name=\"twitter:label1\" content=\"Gesch\u00e4tzte Lesezeit\" \/>\n\t<meta name=\"twitter:data1\" content=\"1\u00a0Minute\" \/>\n<script type=\"application\/ld+json\" class=\"yoast-schema-graph\">{\"@context\":\"https:\\\/\\\/schema.org\",\"@graph\":[{\"@type\":\"WebPage\",\"@id\":\"https:\\\/\\\/marktxxl.de\\\/markt\\\/produkt\\\/roebow-usb-stick-982gb-high-speed-speicherstick-wasserdichter-usb-3-0-memory-stick-tragbares-metall-usb-flash-laufwerk-982gb-flash-drive-mit-schluesselring-fuer-datenspeicherung\\\/\",\"url\":\"https:\\\/\\\/marktxxl.de\\\/markt\\\/produkt\\\/roebow-usb-stick-982gb-high-speed-speicherstick-wasserdichter-usb-3-0-memory-stick-tragbares-metall-usb-flash-laufwerk-982gb-flash-drive-mit-schluesselring-fuer-datenspeicherung\\\/\",\"name\":\"roebow USB Stick 982GB High Speed Speicherstick Wasserdichter USB 3.0 Memory Stick Tragbares Metall USB-Flash-Laufwerk 982GB Flash Drive mit Schl\u00fcsselring f\u00fcr Datenspeicherung - Markt-XXL\",\"isPartOf\":{\"@id\":\"https:\\\/\\\/marktxxl.de\\\/markt\\\/#website\"},\"primaryImageOfPage\":{\"@id\":\"https:\\\/\\\/marktxxl.de\\\/markt\\\/produkt\\\/roebow-usb-stick-982gb-high-speed-speicherstick-wasserdichter-usb-3-0-memory-stick-tragbares-metall-usb-flash-laufwerk-982gb-flash-drive-mit-schluesselring-fuer-datenspeicherung\\\/#primaryimage\"},\"image\":{\"@id\":\"https:\\\/\\\/marktxxl.de\\\/markt\\\/produkt\\\/roebow-usb-stick-982gb-high-speed-speicherstick-wasserdichter-usb-3-0-memory-stick-tragbares-metall-usb-flash-laufwerk-982gb-flash-drive-mit-schluesselring-fuer-datenspeicherung\\\/#primaryimage\"},\"thumbnailUrl\":\"https:\\\/\\\/m.media-amazon.com\\\/images\\\/I\\\/31sTmgfhPAL._SL500_.jpg\",\"datePublished\":\"2023-04-10T12:47:29+00:00\",\"description\":\"Markt-XXL roebow USB Stick 982GB High Speed Speicherstick Wasserdichter USB 3.0 Memory Stick Tragbares Metall USB-Flash-Laufwerk 982GB Flash Drive mit Schl\u00fcsselring f\u00fcr Datenspeicherung\",\"breadcrumb\":{\"@id\":\"https:\\\/\\\/marktxxl.de\\\/markt\\\/produkt\\\/roebow-usb-stick-982gb-high-speed-speicherstick-wasserdichter-usb-3-0-memory-stick-tragbares-metall-usb-flash-laufwerk-982gb-flash-drive-mit-schluesselring-fuer-datenspeicherung\\\/#breadcrumb\"},\"inLanguage\":\"de\",\"potentialAction\":[{\"@type\":\"ReadAction\",\"target\":[\"https:\\\/\\\/marktxxl.de\\\/markt\\\/produkt\\\/roebow-usb-stick-982gb-high-speed-speicherstick-wasserdichter-usb-3-0-memory-stick-tragbares-metall-usb-flash-laufwerk-982gb-flash-drive-mit-schluesselring-fuer-datenspeicherung\\\/\"]}]},{\"@type\":\"ImageObject\",\"inLanguage\":\"de\",\"@id\":\"https:\\\/\\\/marktxxl.de\\\/markt\\\/produkt\\\/roebow-usb-stick-982gb-high-speed-speicherstick-wasserdichter-usb-3-0-memory-stick-tragbares-metall-usb-flash-laufwerk-982gb-flash-drive-mit-schluesselring-fuer-datenspeicherung\\\/#primaryimage\",\"url\":\"https:\\\/\\\/m.media-amazon.com\\\/images\\\/I\\\/31sTmgfhPAL._SL500_.jpg\",\"contentUrl\":\"https:\\\/\\\/m.media-amazon.com\\\/images\\\/I\\\/31sTmgfhPAL._SL500_.jpg\",\"width\":500,\"height\":500},{\"@type\":\"BreadcrumbList\",\"@id\":\"https:\\\/\\\/marktxxl.de\\\/markt\\\/produkt\\\/roebow-usb-stick-982gb-high-speed-speicherstick-wasserdichter-usb-3-0-memory-stick-tragbares-metall-usb-flash-laufwerk-982gb-flash-drive-mit-schluesselring-fuer-datenspeicherung\\\/#breadcrumb\",\"itemListElement\":[{\"@type\":\"ListItem\",\"position\":1,\"name\":\"Startseite\",\"item\":\"https:\\\/\\\/marktxxl.de\\\/markt\\\/\"},{\"@type\":\"ListItem\",\"position\":2,\"name\":\"Markt\",\"item\":\"https:\\\/\\\/marktxxl.de\\\/markt\\\/\"},{\"@type\":\"ListItem\",\"position\":3,\"name\":\"roebow USB Stick 982GB High Speed Speicherstick Wasserdichter USB 3.0 Memory Stick Tragbares Metall USB-Flash-Laufwerk 982GB Flash Drive mit Schl\u00fcsselring f\u00fcr Datenspeicherung\"}]},{\"@type\":\"WebSite\",\"@id\":\"https:\\\/\\\/marktxxl.de\\\/markt\\\/#website\",\"url\":\"https:\\\/\\\/marktxxl.de\\\/markt\\\/\",\"name\":\"Markt-XXL\",\"description\":\"Ihr Markt Online\",\"publisher\":{\"@id\":\"https:\\\/\\\/marktxxl.de\\\/markt\\\/#organization\"},\"potentialAction\":[{\"@type\":\"SearchAction\",\"target\":{\"@type\":\"EntryPoint\",\"urlTemplate\":\"https:\\\/\\\/marktxxl.de\\\/markt\\\/?s={search_term_string}\"},\"query-input\":{\"@type\":\"PropertyValueSpecification\",\"valueRequired\":true,\"valueName\":\"search_term_string\"}}],\"inLanguage\":\"de\"},{\"@type\":\"Organization\",\"@id\":\"https:\\\/\\\/marktxxl.de\\\/markt\\\/#organization\",\"name\":\"Markt-XXL\",\"url\":\"https:\\\/\\\/marktxxl.de\\\/markt\\\/\",\"logo\":{\"@type\":\"ImageObject\",\"inLanguage\":\"de\",\"@id\":\"https:\\\/\\\/marktxxl.de\\\/markt\\\/#\\\/schema\\\/logo\\\/image\\\/\",\"url\":\"https:\\\/\\\/marktxxl.de\\\/markt\\\/wp-content\\\/uploads\\\/sites\\\/3\\\/2020\\\/12\\\/logo.png\",\"contentUrl\":\"https:\\\/\\\/marktxxl.de\\\/markt\\\/wp-content\\\/uploads\\\/sites\\\/3\\\/2020\\\/12\\\/logo.png\",\"width\":200,\"height\":70,\"caption\":\"Markt-XXL\"},\"image\":{\"@id\":\"https:\\\/\\\/marktxxl.de\\\/markt\\\/#\\\/schema\\\/logo\\\/image\\\/\"}}]}<\/script>\n<!-- \/ Yoast SEO plugin. -->","yoast_head_json":{"title":"roebow USB Stick 982GB High Speed Speicherstick Wasserdichter USB 3.0 Memory Stick Tragbares Metall USB-Flash-Laufwerk 982GB Flash Drive mit Schl\u00fcsselring f\u00fcr Datenspeicherung - Markt-XXL","description":"Markt-XXL roebow USB Stick 982GB High Speed Speicherstick Wasserdichter USB 3.0 Memory Stick Tragbares Metall USB-Flash-Laufwerk 982GB Flash Drive mit Schl\u00fcsselring f\u00fcr Datenspeicherung","robots":{"index":"index","follow":"follow","max-snippet":"max-snippet:-1","max-image-preview":"max-image-preview:large","max-video-preview":"max-video-preview:-1"},"canonical":"https:\/\/marktxxl.de\/markt\/produkt\/roebow-usb-stick-982gb-high-speed-speicherstick-wasserdichter-usb-3-0-memory-stick-tragbares-metall-usb-flash-laufwerk-982gb-flash-drive-mit-schluesselring-fuer-datenspeicherung\/","og_locale":"de_DE","og_type":"article","og_title":"roebow USB Stick 982GB High Speed Speicherstick Wasserdichter USB 3.0 Memory Stick Tragbares Metall USB-Flash-Laufwerk 982GB Flash Drive mit Schl\u00fcsselring f\u00fcr Datenspeicherung - Markt-XXL","og_description":"Markt-XXL roebow USB Stick 982GB High Speed Speicherstick Wasserdichter USB 3.0 Memory Stick Tragbares Metall USB-Flash-Laufwerk 982GB Flash Drive mit Schl\u00fcsselring f\u00fcr Datenspeicherung","og_url":"https:\/\/marktxxl.de\/markt\/produkt\/roebow-usb-stick-982gb-high-speed-speicherstick-wasserdichter-usb-3-0-memory-stick-tragbares-metall-usb-flash-laufwerk-982gb-flash-drive-mit-schluesselring-fuer-datenspeicherung\/","og_site_name":"Markt-XXL","twitter_card":"summary_large_image","twitter_misc":{"Gesch\u00e4tzte Lesezeit":"1\u00a0Minute"},"schema":{"@context":"https:\/\/schema.org","@graph":[{"@type":"WebPage","@id":"https:\/\/marktxxl.de\/markt\/produkt\/roebow-usb-stick-982gb-high-speed-speicherstick-wasserdichter-usb-3-0-memory-stick-tragbares-metall-usb-flash-laufwerk-982gb-flash-drive-mit-schluesselring-fuer-datenspeicherung\/","url":"https:\/\/marktxxl.de\/markt\/produkt\/roebow-usb-stick-982gb-high-speed-speicherstick-wasserdichter-usb-3-0-memory-stick-tragbares-metall-usb-flash-laufwerk-982gb-flash-drive-mit-schluesselring-fuer-datenspeicherung\/","name":"roebow USB Stick 982GB High Speed Speicherstick Wasserdichter USB 3.0 Memory Stick Tragbares Metall USB-Flash-Laufwerk 982GB Flash Drive mit Schl\u00fcsselring f\u00fcr Datenspeicherung - Markt-XXL","isPartOf":{"@id":"https:\/\/marktxxl.de\/markt\/#website"},"primaryImageOfPage":{"@id":"https:\/\/marktxxl.de\/markt\/produkt\/roebow-usb-stick-982gb-high-speed-speicherstick-wasserdichter-usb-3-0-memory-stick-tragbares-metall-usb-flash-laufwerk-982gb-flash-drive-mit-schluesselring-fuer-datenspeicherung\/#primaryimage"},"image":{"@id":"https:\/\/marktxxl.de\/markt\/produkt\/roebow-usb-stick-982gb-high-speed-speicherstick-wasserdichter-usb-3-0-memory-stick-tragbares-metall-usb-flash-laufwerk-982gb-flash-drive-mit-schluesselring-fuer-datenspeicherung\/#primaryimage"},"thumbnailUrl":"https:\/\/m.media-amazon.com\/images\/I\/31sTmgfhPAL._SL500_.jpg","datePublished":"2023-04-10T12:47:29+00:00","description":"Markt-XXL roebow USB Stick 982GB High Speed Speicherstick Wasserdichter USB 3.0 Memory Stick Tragbares Metall USB-Flash-Laufwerk 982GB Flash Drive mit Schl\u00fcsselring f\u00fcr Datenspeicherung","breadcrumb":{"@id":"https:\/\/marktxxl.de\/markt\/produkt\/roebow-usb-stick-982gb-high-speed-speicherstick-wasserdichter-usb-3-0-memory-stick-tragbares-metall-usb-flash-laufwerk-982gb-flash-drive-mit-schluesselring-fuer-datenspeicherung\/#breadcrumb"},"inLanguage":"de","potentialAction":[{"@type":"ReadAction","target":["https:\/\/marktxxl.de\/markt\/produkt\/roebow-usb-stick-982gb-high-speed-speicherstick-wasserdichter-usb-3-0-memory-stick-tragbares-metall-usb-flash-laufwerk-982gb-flash-drive-mit-schluesselring-fuer-datenspeicherung\/"]}]},{"@type":"ImageObject","inLanguage":"de","@id":"https:\/\/marktxxl.de\/markt\/produkt\/roebow-usb-stick-982gb-high-speed-speicherstick-wasserdichter-usb-3-0-memory-stick-tragbares-metall-usb-flash-laufwerk-982gb-flash-drive-mit-schluesselring-fuer-datenspeicherung\/#primaryimage","url":"https:\/\/m.media-amazon.com\/images\/I\/31sTmgfhPAL._SL500_.jpg","contentUrl":"https:\/\/m.media-amazon.com\/images\/I\/31sTmgfhPAL._SL500_.jpg","width":500,"height":500},{"@type":"BreadcrumbList","@id":"https:\/\/marktxxl.de\/markt\/produkt\/roebow-usb-stick-982gb-high-speed-speicherstick-wasserdichter-usb-3-0-memory-stick-tragbares-metall-usb-flash-laufwerk-982gb-flash-drive-mit-schluesselring-fuer-datenspeicherung\/#breadcrumb","itemListElement":[{"@type":"ListItem","position":1,"name":"Startseite","item":"https:\/\/marktxxl.de\/markt\/"},{"@type":"ListItem","position":2,"name":"Markt","item":"https:\/\/marktxxl.de\/markt\/"},{"@type":"ListItem","position":3,"name":"roebow USB Stick 982GB High Speed Speicherstick Wasserdichter USB 3.0 Memory Stick Tragbares Metall USB-Flash-Laufwerk 982GB Flash Drive mit Schl\u00fcsselring f\u00fcr Datenspeicherung"}]},{"@type":"WebSite","@id":"https:\/\/marktxxl.de\/markt\/#website","url":"https:\/\/marktxxl.de\/markt\/","name":"Markt-XXL","description":"Ihr Markt Online","publisher":{"@id":"https:\/\/marktxxl.de\/markt\/#organization"},"potentialAction":[{"@type":"SearchAction","target":{"@type":"EntryPoint","urlTemplate":"https:\/\/marktxxl.de\/markt\/?s={search_term_string}"},"query-input":{"@type":"PropertyValueSpecification","valueRequired":true,"valueName":"search_term_string"}}],"inLanguage":"de"},{"@type":"Organization","@id":"https:\/\/marktxxl.de\/markt\/#organization","name":"Markt-XXL","url":"https:\/\/marktxxl.de\/markt\/","logo":{"@type":"ImageObject","inLanguage":"de","@id":"https:\/\/marktxxl.de\/markt\/#\/schema\/logo\/image\/","url":"https:\/\/marktxxl.de\/markt\/wp-content\/uploads\/sites\/3\/2020\/12\/logo.png","contentUrl":"https:\/\/marktxxl.de\/markt\/wp-content\/uploads\/sites\/3\/2020\/12\/logo.png","width":200,"height":70,"caption":"Markt-XXL"},"image":{"@id":"https:\/\/marktxxl.de\/markt\/#\/schema\/logo\/image\/"}}]}},"_links":{"self":[{"href":"https:\/\/marktxxl.de\/markt\/wp-json\/wp\/v2\/product\/202195","targetHints":{"allow":["GET"]}}],"collection":[{"href":"https:\/\/marktxxl.de\/markt\/wp-json\/wp\/v2\/product"}],"about":[{"href":"https:\/\/marktxxl.de\/markt\/wp-json\/wp\/v2\/types\/product"}],"replies":[{"embeddable":true,"href":"https:\/\/marktxxl.de\/markt\/wp-json\/wp\/v2\/comments?post=202195"}],"wp:featuredmedia":[{"embeddable":true,"href":"https:\/\/marktxxl.de\/markt\/wp-json\/wp\/v2\/media\/202196"}],"wp:attachment":[{"href":"https:\/\/marktxxl.de\/markt\/wp-json\/wp\/v2\/media?parent=202195"}],"wp:term":[{"taxonomy":"product_brand","embeddable":true,"href":"https:\/\/marktxxl.de\/markt\/wp-json\/wp\/v2\/product_brand?post=202195"},{"taxonomy":"product_cat","embeddable":true,"href":"https:\/\/marktxxl.de\/markt\/wp-json\/wp\/v2\/product_cat?post=202195"},{"taxonomy":"product_tag","embeddable":true,"href":"https:\/\/marktxxl.de\/markt\/wp-json\/wp\/v2\/product_tag?post=202195"}],"curies":[{"name":"wp","href":"https:\/\/api.w.org\/{rel}","templated":true}]}}