{"id":202141,"date":"2023-04-10T14:21:24","date_gmt":"2023-04-10T12:21:24","guid":{"rendered":"https:\/\/marktxxl.de\/markt\/produkt\/samsung-galaxy-tab-a8-huelle-mit-tastatur-wireless-bluetooth-tastatur-fuer-tab-a8-zoll-2022sm-x200-x205-x207105-magnetische-tastatur-mit-abdeckung-qwertz-layout-blue\/"},"modified":"2023-04-10T14:21:24","modified_gmt":"2023-04-10T12:21:24","slug":"samsung-galaxy-tab-a8-huelle-mit-tastatur-wireless-bluetooth-tastatur-fuer-tab-a8-zoll-2022sm-x200-x205-x207105-magnetische-tastatur-mit-abdeckung-qwertz-layout-blue","status":"publish","type":"product","link":"https:\/\/marktxxl.de\/markt\/produkt\/samsung-galaxy-tab-a8-huelle-mit-tastatur-wireless-bluetooth-tastatur-fuer-tab-a8-zoll-2022sm-x200-x205-x207105-magnetische-tastatur-mit-abdeckung-qwertz-layout-blue\/","title":{"rendered":"Samsung Galaxy Tab A8 H\u00fclle mit Tastatur, Wireless Bluetooth Tastatur f\u00fcr Tab A8, Zoll, 2022(SM-X200\/X205\/X207),10,5&#8221; Magnetische Tastatur mit Abdeckung QWERTZ Layout, Blue"},"content":{"rendered":"<p>\u3010Perfekte Kompatibilit\u00e4t\u3011Diese H\u00fclle ist exklusiv entworfen fu\u0308r das Samsung Galaxy Tab A8 10.5 2021\/2022 SM-T200\/T205 Tablet-PC. Die H\u00fclle sch\u00fctzt Ihr tablet mit elegantem Design vor Kratzern und Fallen.NICHT geeignet f\u00fcr anderen Samsung Galaxy Tablet Modellen. Bitte \u00fcberpr\u00fcfen Sie die Modellnummer des Tablette vor dem Kauf.<br \/>\n\u3010Abnehmbare Bluetooth-Tastatur\u3011Neues Design bunte Tasten sind sehr niedlich und stilvoll, machen Ihr Galaxy-Tablet bunter und machen Ihre Arbeit und Studium gl\u00fccklicher.Ein Federmechanismus unter jeder Taste sorgt f\u00fcr eine taktile Reaktion mit jedem Schlag, hilft Ihnen, schneller und mit weniger Fehler als auf einem Touchscreen zu tippen.<br \/>\n\u3010Doppelter Schutz\u3011Die strapazierf\u00e4hige PU-Lederh\u00fclle und die rutschfeste, gummierte Innenseite bieten vollen Schutz f\u00fcr Ihr Tablet. Die Premium-Polycarbonat-Schale h\u00e4lt Ihr Tablet an Ort und Stelle und absorbiert St\u00fcrze und St\u00f6\u00dfe. Die Aussparungen f\u00fcr die Kamera, die Lautsprecher und die Lautst\u00e4rketasten sind alle perfekt ausgerichtet. Alle Tasten sind leicht zug\u00e4nglich.<br \/>\n\u3010Lange Akkulaufzeit\u3011Eingebauter Premium-Li-Ionen-Akku mit Energiesparmodus, der eine kontinuierliche Betriebszeit von mindestens 72 Stunden und eine Standby-Zeit von 100 Tagen bei voller Belastung bietet. (Zur Erinnerung: Laden Sie die Tastatur vor der ersten Verwendung ca. 2-3 Stunden lang auf).<br \/>\n\u3010Abnehmbare Tastatur\u3011 Die Tastatur ist drahtlos \u00fcber Bluetooth verbunden und kann zur unabh\u00e4ngigen Nutzung abgenommen werden. Das Tastenmaterial ist sehr weich und sto\u00dffest, um die Ger\u00e4usche zu reduzieren, wodurch sie sich ideal f\u00fcr ruhige Orte wie zu Hause oder \u00f6ffentliche Orte wie das B\u00fcro eignet. Sie ist sehr d\u00fcnn und leicht und die hintere.<br \/>\n<div class=\"main-cross-sell\" data-asin=\"B0BV94WGYY\">\n\n\t<div class=\"WooZone-cross-sell-loader\">\n\t\t<div>\n\t\t\t<div id=\"floatingBarsG\">\n\t\t\t\t<div class=\"blockG\" id=\"rotateG_01\"><\/div>\n\t\t\t\t<div class=\"blockG\" id=\"rotateG_02\"><\/div>\n\t\t\t\t<div class=\"blockG\" id=\"rotateG_03\"><\/div>\n\t\t\t\t<div class=\"blockG\" id=\"rotateG_04\"><\/div>\n\t\t\t\t<div class=\"blockG\" id=\"rotateG_05\"><\/div>\n\t\t\t\t<div class=\"blockG\" id=\"rotateG_06\"><\/div>\n\t\t\t\t<div class=\"blockG\" id=\"rotateG_07\"><\/div>\n\t\t\t\t<div class=\"blockG\" id=\"rotateG_08\"><\/div>\n\t\t\t<\/div>\n\t\t\t<div class=\"WooZone-cross-sell-loader-text\"><\/div>\n\t\t<\/div>\n\t<\/div>\n\n\t\t\n<\/div>\n<div style=\"clear:both;\"><\/div><\/p>\n","protected":false},"excerpt":{"rendered":"<p>\u3010Perfekte Kompatibilit\u00e4t\u3011Diese H\u00fclle ist exklusiv entworfen fu\u0308r das Samsung Galaxy Tab A8 10.5 2021\/2022 SM-T200\/T205 Tablet-PC. Die H\u00fclle sch\u00fctzt Ihr tablet mit elegantem Design vor Kratzern und Fallen.NICHT geeignet f\u00fcr anderen Samsung Galaxy Tablet Modellen. Bitte \u00fcberpr\u00fcfen Sie die Modellnummer des Tablette vor dem Kauf.<br \/>\n\u3010Abnehmbare Bluetooth-Tastatur\u3011Neues Design bunte Tasten sind sehr niedlich und stilvoll, machen Ihr Galaxy-Tablet bunter und machen Ihre Arbeit und Studium gl\u00fccklicher.Ein Federmechanismus unter jeder Taste sorgt f\u00fcr eine taktile Reaktion mit jedem Schlag, hilft Ihnen, schneller und mit weniger Fehler als auf einem Touchscreen zu tippen.<br \/>\n\u3010Doppelter Schutz\u3011Die strapazierf\u00e4hige PU-Lederh\u00fclle und die rutschfeste, gummierte Innenseite bieten vollen Schutz f\u00fcr Ihr Tablet. Die Premium-Polycarbonat-Schale h\u00e4lt Ihr Tablet an Ort und Stelle und absorbiert St\u00fcrze und St\u00f6\u00dfe. Die Aussparungen f\u00fcr die Kamera, die Lautsprecher und die Lautst\u00e4rketasten sind alle perfekt ausgerichtet. Alle Tasten sind leicht zug\u00e4nglich.<\/p>\n","protected":false},"featured_media":202142,"comment_status":"open","ping_status":"closed","template":"","meta":[],"product_brand":[],"product_cat":[863],"product_tag":[],"class_list":{"0":"post-202141","1":"product","2":"type-product","3":"status-publish","4":"has-post-thumbnail","6":"product_cat-computer-zubehoer","7":"pa_brand-zabatoco","8":"pa_languages-originalsprache-deutsch","9":"pa_manufacturer-zabatoco","10":"pa_warranty-12-monate-garantie","12":"first","13":"instock","14":"shipping-taxable","15":"purchasable","16":"product-type-simple","17":"customify-col","18":"product-has-gallery"},"yoast_head":"<!-- This site is optimized with the Yoast SEO plugin v27.4 - https:\/\/yoast.com\/product\/yoast-seo-wordpress\/ -->\n<title>Samsung Galaxy Tab A8 H\u00fclle mit Tastatur, Wireless Bluetooth Tastatur f\u00fcr Tab A8, Zoll, 2022(SM-X200\/X205\/X207),10,5&#039;&#039; Magnetische Tastatur mit Abdeckung QWERTZ Layout, Blue - Markt-XXL<\/title>\n<meta name=\"description\" content=\"Markt-XXL Samsung Galaxy Tab A8 H\u00fclle mit Tastatur, Wireless Bluetooth Tastatur f\u00fcr Tab A8, Zoll, 2022(SM-X200\/X205\/X207),10,5&#039;&#039; Magnetische Tastatur mit Abdeckung QWERTZ Layout, Blue\" \/>\n<meta name=\"robots\" content=\"index, follow, max-snippet:-1, max-image-preview:large, max-video-preview:-1\" \/>\n<link rel=\"canonical\" href=\"https:\/\/marktxxl.de\/markt\/produkt\/samsung-galaxy-tab-a8-huelle-mit-tastatur-wireless-bluetooth-tastatur-fuer-tab-a8-zoll-2022sm-x200-x205-x207105-magnetische-tastatur-mit-abdeckung-qwertz-layout-blue\/\" \/>\n<meta property=\"og:locale\" content=\"de_DE\" \/>\n<meta property=\"og:type\" content=\"article\" \/>\n<meta property=\"og:title\" content=\"Samsung Galaxy Tab A8 H\u00fclle mit Tastatur, Wireless Bluetooth Tastatur f\u00fcr Tab A8, Zoll, 2022(SM-X200\/X205\/X207),10,5&#039;&#039; Magnetische Tastatur mit Abdeckung QWERTZ Layout, Blue - Markt-XXL\" \/>\n<meta property=\"og:description\" content=\"Markt-XXL Samsung Galaxy Tab A8 H\u00fclle mit Tastatur, Wireless Bluetooth Tastatur f\u00fcr Tab A8, Zoll, 2022(SM-X200\/X205\/X207),10,5&#039;&#039; Magnetische Tastatur mit Abdeckung QWERTZ Layout, Blue\" \/>\n<meta property=\"og:url\" content=\"https:\/\/marktxxl.de\/markt\/produkt\/samsung-galaxy-tab-a8-huelle-mit-tastatur-wireless-bluetooth-tastatur-fuer-tab-a8-zoll-2022sm-x200-x205-x207105-magnetische-tastatur-mit-abdeckung-qwertz-layout-blue\/\" \/>\n<meta property=\"og:site_name\" content=\"Markt-XXL\" \/>\n<meta name=\"twitter:card\" content=\"summary_large_image\" \/>\n<meta name=\"twitter:label1\" content=\"Gesch\u00e4tzte Lesezeit\" \/>\n\t<meta name=\"twitter:data1\" content=\"1\u00a0Minute\" \/>\n<script type=\"application\/ld+json\" class=\"yoast-schema-graph\">{\"@context\":\"https:\\\/\\\/schema.org\",\"@graph\":[{\"@type\":\"WebPage\",\"@id\":\"https:\\\/\\\/marktxxl.de\\\/markt\\\/produkt\\\/samsung-galaxy-tab-a8-huelle-mit-tastatur-wireless-bluetooth-tastatur-fuer-tab-a8-zoll-2022sm-x200-x205-x207105-magnetische-tastatur-mit-abdeckung-qwertz-layout-blue\\\/\",\"url\":\"https:\\\/\\\/marktxxl.de\\\/markt\\\/produkt\\\/samsung-galaxy-tab-a8-huelle-mit-tastatur-wireless-bluetooth-tastatur-fuer-tab-a8-zoll-2022sm-x200-x205-x207105-magnetische-tastatur-mit-abdeckung-qwertz-layout-blue\\\/\",\"name\":\"Samsung Galaxy Tab A8 H\u00fclle mit Tastatur, Wireless Bluetooth Tastatur f\u00fcr Tab A8, Zoll, 2022(SM-X200\\\/X205\\\/X207),10,5'' Magnetische Tastatur mit Abdeckung QWERTZ Layout, Blue - Markt-XXL\",\"isPartOf\":{\"@id\":\"https:\\\/\\\/marktxxl.de\\\/markt\\\/#website\"},\"primaryImageOfPage\":{\"@id\":\"https:\\\/\\\/marktxxl.de\\\/markt\\\/produkt\\\/samsung-galaxy-tab-a8-huelle-mit-tastatur-wireless-bluetooth-tastatur-fuer-tab-a8-zoll-2022sm-x200-x205-x207105-magnetische-tastatur-mit-abdeckung-qwertz-layout-blue\\\/#primaryimage\"},\"image\":{\"@id\":\"https:\\\/\\\/marktxxl.de\\\/markt\\\/produkt\\\/samsung-galaxy-tab-a8-huelle-mit-tastatur-wireless-bluetooth-tastatur-fuer-tab-a8-zoll-2022sm-x200-x205-x207105-magnetische-tastatur-mit-abdeckung-qwertz-layout-blue\\\/#primaryimage\"},\"thumbnailUrl\":\"https:\\\/\\\/m.media-amazon.com\\\/images\\\/I\\\/51558xiaa-L._SL500_.jpg\",\"datePublished\":\"2023-04-10T12:21:24+00:00\",\"description\":\"Markt-XXL Samsung Galaxy Tab A8 H\u00fclle mit Tastatur, Wireless Bluetooth Tastatur f\u00fcr Tab A8, Zoll, 2022(SM-X200\\\/X205\\\/X207),10,5'' Magnetische Tastatur mit Abdeckung QWERTZ Layout, Blue\",\"breadcrumb\":{\"@id\":\"https:\\\/\\\/marktxxl.de\\\/markt\\\/produkt\\\/samsung-galaxy-tab-a8-huelle-mit-tastatur-wireless-bluetooth-tastatur-fuer-tab-a8-zoll-2022sm-x200-x205-x207105-magnetische-tastatur-mit-abdeckung-qwertz-layout-blue\\\/#breadcrumb\"},\"inLanguage\":\"de\",\"potentialAction\":[{\"@type\":\"ReadAction\",\"target\":[\"https:\\\/\\\/marktxxl.de\\\/markt\\\/produkt\\\/samsung-galaxy-tab-a8-huelle-mit-tastatur-wireless-bluetooth-tastatur-fuer-tab-a8-zoll-2022sm-x200-x205-x207105-magnetische-tastatur-mit-abdeckung-qwertz-layout-blue\\\/\"]}]},{\"@type\":\"ImageObject\",\"inLanguage\":\"de\",\"@id\":\"https:\\\/\\\/marktxxl.de\\\/markt\\\/produkt\\\/samsung-galaxy-tab-a8-huelle-mit-tastatur-wireless-bluetooth-tastatur-fuer-tab-a8-zoll-2022sm-x200-x205-x207105-magnetische-tastatur-mit-abdeckung-qwertz-layout-blue\\\/#primaryimage\",\"url\":\"https:\\\/\\\/m.media-amazon.com\\\/images\\\/I\\\/51558xiaa-L._SL500_.jpg\",\"contentUrl\":\"https:\\\/\\\/m.media-amazon.com\\\/images\\\/I\\\/51558xiaa-L._SL500_.jpg\",\"width\":500,\"height\":500},{\"@type\":\"BreadcrumbList\",\"@id\":\"https:\\\/\\\/marktxxl.de\\\/markt\\\/produkt\\\/samsung-galaxy-tab-a8-huelle-mit-tastatur-wireless-bluetooth-tastatur-fuer-tab-a8-zoll-2022sm-x200-x205-x207105-magnetische-tastatur-mit-abdeckung-qwertz-layout-blue\\\/#breadcrumb\",\"itemListElement\":[{\"@type\":\"ListItem\",\"position\":1,\"name\":\"Startseite\",\"item\":\"https:\\\/\\\/marktxxl.de\\\/markt\\\/\"},{\"@type\":\"ListItem\",\"position\":2,\"name\":\"Markt\",\"item\":\"https:\\\/\\\/marktxxl.de\\\/markt\\\/\"},{\"@type\":\"ListItem\",\"position\":3,\"name\":\"Samsung Galaxy Tab A8 H\u00fclle mit Tastatur, Wireless Bluetooth Tastatur f\u00fcr Tab A8, Zoll, 2022(SM-X200\\\/X205\\\/X207),10,5&#8221; Magnetische Tastatur mit Abdeckung QWERTZ Layout, Blue\"}]},{\"@type\":\"WebSite\",\"@id\":\"https:\\\/\\\/marktxxl.de\\\/markt\\\/#website\",\"url\":\"https:\\\/\\\/marktxxl.de\\\/markt\\\/\",\"name\":\"Markt-XXL\",\"description\":\"Ihr Markt Online\",\"publisher\":{\"@id\":\"https:\\\/\\\/marktxxl.de\\\/markt\\\/#organization\"},\"potentialAction\":[{\"@type\":\"SearchAction\",\"target\":{\"@type\":\"EntryPoint\",\"urlTemplate\":\"https:\\\/\\\/marktxxl.de\\\/markt\\\/?s={search_term_string}\"},\"query-input\":{\"@type\":\"PropertyValueSpecification\",\"valueRequired\":true,\"valueName\":\"search_term_string\"}}],\"inLanguage\":\"de\"},{\"@type\":\"Organization\",\"@id\":\"https:\\\/\\\/marktxxl.de\\\/markt\\\/#organization\",\"name\":\"Markt-XXL\",\"url\":\"https:\\\/\\\/marktxxl.de\\\/markt\\\/\",\"logo\":{\"@type\":\"ImageObject\",\"inLanguage\":\"de\",\"@id\":\"https:\\\/\\\/marktxxl.de\\\/markt\\\/#\\\/schema\\\/logo\\\/image\\\/\",\"url\":\"https:\\\/\\\/marktxxl.de\\\/markt\\\/wp-content\\\/uploads\\\/sites\\\/3\\\/2020\\\/12\\\/logo.png\",\"contentUrl\":\"https:\\\/\\\/marktxxl.de\\\/markt\\\/wp-content\\\/uploads\\\/sites\\\/3\\\/2020\\\/12\\\/logo.png\",\"width\":200,\"height\":70,\"caption\":\"Markt-XXL\"},\"image\":{\"@id\":\"https:\\\/\\\/marktxxl.de\\\/markt\\\/#\\\/schema\\\/logo\\\/image\\\/\"}}]}<\/script>\n<!-- \/ Yoast SEO plugin. -->","yoast_head_json":{"title":"Samsung Galaxy Tab A8 H\u00fclle mit Tastatur, Wireless Bluetooth Tastatur f\u00fcr Tab A8, Zoll, 2022(SM-X200\/X205\/X207),10,5'' Magnetische Tastatur mit Abdeckung QWERTZ Layout, Blue - Markt-XXL","description":"Markt-XXL Samsung Galaxy Tab A8 H\u00fclle mit Tastatur, Wireless Bluetooth Tastatur f\u00fcr Tab A8, Zoll, 2022(SM-X200\/X205\/X207),10,5'' Magnetische Tastatur mit Abdeckung QWERTZ Layout, Blue","robots":{"index":"index","follow":"follow","max-snippet":"max-snippet:-1","max-image-preview":"max-image-preview:large","max-video-preview":"max-video-preview:-1"},"canonical":"https:\/\/marktxxl.de\/markt\/produkt\/samsung-galaxy-tab-a8-huelle-mit-tastatur-wireless-bluetooth-tastatur-fuer-tab-a8-zoll-2022sm-x200-x205-x207105-magnetische-tastatur-mit-abdeckung-qwertz-layout-blue\/","og_locale":"de_DE","og_type":"article","og_title":"Samsung Galaxy Tab A8 H\u00fclle mit Tastatur, Wireless Bluetooth Tastatur f\u00fcr Tab A8, Zoll, 2022(SM-X200\/X205\/X207),10,5'' Magnetische Tastatur mit Abdeckung QWERTZ Layout, Blue - Markt-XXL","og_description":"Markt-XXL Samsung Galaxy Tab A8 H\u00fclle mit Tastatur, Wireless Bluetooth Tastatur f\u00fcr Tab A8, Zoll, 2022(SM-X200\/X205\/X207),10,5'' Magnetische Tastatur mit Abdeckung QWERTZ Layout, Blue","og_url":"https:\/\/marktxxl.de\/markt\/produkt\/samsung-galaxy-tab-a8-huelle-mit-tastatur-wireless-bluetooth-tastatur-fuer-tab-a8-zoll-2022sm-x200-x205-x207105-magnetische-tastatur-mit-abdeckung-qwertz-layout-blue\/","og_site_name":"Markt-XXL","twitter_card":"summary_large_image","twitter_misc":{"Gesch\u00e4tzte Lesezeit":"1\u00a0Minute"},"schema":{"@context":"https:\/\/schema.org","@graph":[{"@type":"WebPage","@id":"https:\/\/marktxxl.de\/markt\/produkt\/samsung-galaxy-tab-a8-huelle-mit-tastatur-wireless-bluetooth-tastatur-fuer-tab-a8-zoll-2022sm-x200-x205-x207105-magnetische-tastatur-mit-abdeckung-qwertz-layout-blue\/","url":"https:\/\/marktxxl.de\/markt\/produkt\/samsung-galaxy-tab-a8-huelle-mit-tastatur-wireless-bluetooth-tastatur-fuer-tab-a8-zoll-2022sm-x200-x205-x207105-magnetische-tastatur-mit-abdeckung-qwertz-layout-blue\/","name":"Samsung Galaxy Tab A8 H\u00fclle mit Tastatur, Wireless Bluetooth Tastatur f\u00fcr Tab A8, Zoll, 2022(SM-X200\/X205\/X207),10,5'' Magnetische Tastatur mit Abdeckung QWERTZ Layout, Blue - Markt-XXL","isPartOf":{"@id":"https:\/\/marktxxl.de\/markt\/#website"},"primaryImageOfPage":{"@id":"https:\/\/marktxxl.de\/markt\/produkt\/samsung-galaxy-tab-a8-huelle-mit-tastatur-wireless-bluetooth-tastatur-fuer-tab-a8-zoll-2022sm-x200-x205-x207105-magnetische-tastatur-mit-abdeckung-qwertz-layout-blue\/#primaryimage"},"image":{"@id":"https:\/\/marktxxl.de\/markt\/produkt\/samsung-galaxy-tab-a8-huelle-mit-tastatur-wireless-bluetooth-tastatur-fuer-tab-a8-zoll-2022sm-x200-x205-x207105-magnetische-tastatur-mit-abdeckung-qwertz-layout-blue\/#primaryimage"},"thumbnailUrl":"https:\/\/m.media-amazon.com\/images\/I\/51558xiaa-L._SL500_.jpg","datePublished":"2023-04-10T12:21:24+00:00","description":"Markt-XXL Samsung Galaxy Tab A8 H\u00fclle mit Tastatur, Wireless Bluetooth Tastatur f\u00fcr Tab A8, Zoll, 2022(SM-X200\/X205\/X207),10,5'' Magnetische Tastatur mit Abdeckung QWERTZ Layout, Blue","breadcrumb":{"@id":"https:\/\/marktxxl.de\/markt\/produkt\/samsung-galaxy-tab-a8-huelle-mit-tastatur-wireless-bluetooth-tastatur-fuer-tab-a8-zoll-2022sm-x200-x205-x207105-magnetische-tastatur-mit-abdeckung-qwertz-layout-blue\/#breadcrumb"},"inLanguage":"de","potentialAction":[{"@type":"ReadAction","target":["https:\/\/marktxxl.de\/markt\/produkt\/samsung-galaxy-tab-a8-huelle-mit-tastatur-wireless-bluetooth-tastatur-fuer-tab-a8-zoll-2022sm-x200-x205-x207105-magnetische-tastatur-mit-abdeckung-qwertz-layout-blue\/"]}]},{"@type":"ImageObject","inLanguage":"de","@id":"https:\/\/marktxxl.de\/markt\/produkt\/samsung-galaxy-tab-a8-huelle-mit-tastatur-wireless-bluetooth-tastatur-fuer-tab-a8-zoll-2022sm-x200-x205-x207105-magnetische-tastatur-mit-abdeckung-qwertz-layout-blue\/#primaryimage","url":"https:\/\/m.media-amazon.com\/images\/I\/51558xiaa-L._SL500_.jpg","contentUrl":"https:\/\/m.media-amazon.com\/images\/I\/51558xiaa-L._SL500_.jpg","width":500,"height":500},{"@type":"BreadcrumbList","@id":"https:\/\/marktxxl.de\/markt\/produkt\/samsung-galaxy-tab-a8-huelle-mit-tastatur-wireless-bluetooth-tastatur-fuer-tab-a8-zoll-2022sm-x200-x205-x207105-magnetische-tastatur-mit-abdeckung-qwertz-layout-blue\/#breadcrumb","itemListElement":[{"@type":"ListItem","position":1,"name":"Startseite","item":"https:\/\/marktxxl.de\/markt\/"},{"@type":"ListItem","position":2,"name":"Markt","item":"https:\/\/marktxxl.de\/markt\/"},{"@type":"ListItem","position":3,"name":"Samsung Galaxy Tab A8 H\u00fclle mit Tastatur, Wireless Bluetooth Tastatur f\u00fcr Tab A8, Zoll, 2022(SM-X200\/X205\/X207),10,5&#8221; Magnetische Tastatur mit Abdeckung QWERTZ Layout, Blue"}]},{"@type":"WebSite","@id":"https:\/\/marktxxl.de\/markt\/#website","url":"https:\/\/marktxxl.de\/markt\/","name":"Markt-XXL","description":"Ihr Markt Online","publisher":{"@id":"https:\/\/marktxxl.de\/markt\/#organization"},"potentialAction":[{"@type":"SearchAction","target":{"@type":"EntryPoint","urlTemplate":"https:\/\/marktxxl.de\/markt\/?s={search_term_string}"},"query-input":{"@type":"PropertyValueSpecification","valueRequired":true,"valueName":"search_term_string"}}],"inLanguage":"de"},{"@type":"Organization","@id":"https:\/\/marktxxl.de\/markt\/#organization","name":"Markt-XXL","url":"https:\/\/marktxxl.de\/markt\/","logo":{"@type":"ImageObject","inLanguage":"de","@id":"https:\/\/marktxxl.de\/markt\/#\/schema\/logo\/image\/","url":"https:\/\/marktxxl.de\/markt\/wp-content\/uploads\/sites\/3\/2020\/12\/logo.png","contentUrl":"https:\/\/marktxxl.de\/markt\/wp-content\/uploads\/sites\/3\/2020\/12\/logo.png","width":200,"height":70,"caption":"Markt-XXL"},"image":{"@id":"https:\/\/marktxxl.de\/markt\/#\/schema\/logo\/image\/"}}]}},"_links":{"self":[{"href":"https:\/\/marktxxl.de\/markt\/wp-json\/wp\/v2\/product\/202141","targetHints":{"allow":["GET"]}}],"collection":[{"href":"https:\/\/marktxxl.de\/markt\/wp-json\/wp\/v2\/product"}],"about":[{"href":"https:\/\/marktxxl.de\/markt\/wp-json\/wp\/v2\/types\/product"}],"replies":[{"embeddable":true,"href":"https:\/\/marktxxl.de\/markt\/wp-json\/wp\/v2\/comments?post=202141"}],"wp:featuredmedia":[{"embeddable":true,"href":"https:\/\/marktxxl.de\/markt\/wp-json\/wp\/v2\/media\/202142"}],"wp:attachment":[{"href":"https:\/\/marktxxl.de\/markt\/wp-json\/wp\/v2\/media?parent=202141"}],"wp:term":[{"taxonomy":"product_brand","embeddable":true,"href":"https:\/\/marktxxl.de\/markt\/wp-json\/wp\/v2\/product_brand?post=202141"},{"taxonomy":"product_cat","embeddable":true,"href":"https:\/\/marktxxl.de\/markt\/wp-json\/wp\/v2\/product_cat?post=202141"},{"taxonomy":"product_tag","embeddable":true,"href":"https:\/\/marktxxl.de\/markt\/wp-json\/wp\/v2\/product_tag?post=202141"}],"curies":[{"name":"wp","href":"https:\/\/api.w.org\/{rel}","templated":true}]}}