{"id":202072,"date":"2023-04-10T14:19:45","date_gmt":"2023-04-10T12:19:45","guid":{"rendered":"https:\/\/marktxxl.de\/markt\/produkt\/economink-pg-560xl-druckerpatronen-kompatible-fuer-canon-560-560xl-patronen-fuer-canon-ts5350-ts5351-ts7450-ts7451-ts5352-ts5353-1-schwarz\/"},"modified":"2023-04-10T14:19:45","modified_gmt":"2023-04-10T12:19:45","slug":"economink-pg-560xl-druckerpatronen-kompatible-fuer-canon-560-560xl-patronen-fuer-canon-ts5350-ts5351-ts7450-ts7451-ts5352-ts5353-1-schwarz","status":"publish","type":"product","link":"https:\/\/marktxxl.de\/markt\/produkt\/economink-pg-560xl-druckerpatronen-kompatible-fuer-canon-560-560xl-patronen-fuer-canon-ts5350-ts5351-ts7450-ts7451-ts5352-ts5353-1-schwarz\/","title":{"rendered":"Economink PG-560XL Druckerpatronen Kompatible f\u00fcr Canon 560 560XL Patronen f\u00fcr Canon TS5350 TS5351 TS7450 TS7451 TS5352 TS5353 (1 Schwarz)"},"content":{"rendered":"<p>Paket enth\u00e4lt: Economink 560 patronen xl kompatibel f\u00fcr canon druckerpatronen 560 xl. (1 x pg-560xl schwarz patronen).<br \/>\nGr\u00f6\u00dfere Kapazit\u00e4t, mehr Seiten: Bis zu 600 seiten pro druckerpatrone pg 560 schwarz, (A4-papier, 5% deckung), basierend auf iso\/iec-standards. *Hinweis: Wiederaufbereitete 560XL Patronen zeigen m\u00f6glicherweise nicht die genaue Menge an Tinte, dies ist derzeit der Fall f\u00fcr alle Produkte, kein Grund zur Sorge, die tats\u00e4chliche Menge an Tinte ist voll, so beachten Sie bitte<br \/>\nKompatibel Drucker: Pixma TS5350 TS7450 TS5351 TS5352 TS7450 TS5353. *Wenn ihr drucker nicht aufgef\u00fchrt ist, \u00fcberpr\u00fcfen sie bitte die vollst\u00e4ndige kompatibilit\u00e4tsliste im beschreibungsabschnitt. (diese patronen sind keine OEM-produkte)<br \/>\nHervorragende Qualit\u00e4t: Economink druckerpatrone 560 ersatz f\u00fcr canon 560 patronen schwarz, hochwertige tinte auf basis einer speziellen tintenformulierung erzeugt scharfe und klare texte und f\u00fchrt zu einer genauen und nat\u00fcrlichen farbwiedergabe.<br \/>\nPremium Qualit\u00e4tsgarantie: Jeder Economink 560 xl schwarz druckerpatronen kompatibel f\u00fcr canon druckerpatronen 560, ist einzeln vakuumversiegelt, vollst\u00e4ndig getestet und unter strenger Qualit\u00e4tskontrolle, um alle Ihre Bed\u00fcrfnisse zu erf\u00fcllen.<br \/>\n<div class=\"main-cross-sell\" data-asin=\"B0BTBKK6MT\">\n\n\t<div class=\"WooZone-cross-sell-loader\">\n\t\t<div>\n\t\t\t<div id=\"floatingBarsG\">\n\t\t\t\t<div class=\"blockG\" id=\"rotateG_01\"><\/div>\n\t\t\t\t<div class=\"blockG\" id=\"rotateG_02\"><\/div>\n\t\t\t\t<div class=\"blockG\" id=\"rotateG_03\"><\/div>\n\t\t\t\t<div class=\"blockG\" id=\"rotateG_04\"><\/div>\n\t\t\t\t<div class=\"blockG\" id=\"rotateG_05\"><\/div>\n\t\t\t\t<div class=\"blockG\" id=\"rotateG_06\"><\/div>\n\t\t\t\t<div class=\"blockG\" id=\"rotateG_07\"><\/div>\n\t\t\t\t<div class=\"blockG\" id=\"rotateG_08\"><\/div>\n\t\t\t<\/div>\n\t\t\t<div class=\"WooZone-cross-sell-loader-text\"><\/div>\n\t\t<\/div>\n\t<\/div>\n\n\t\t\n<\/div>\n<div style=\"clear:both;\"><\/div><\/p>\n","protected":false},"excerpt":{"rendered":"<p>Paket enth\u00e4lt: Economink 560 patronen xl kompatibel f\u00fcr canon druckerpatronen 560 xl. (1 x pg-560xl schwarz patronen).<br \/>\nGr\u00f6\u00dfere Kapazit\u00e4t, mehr Seiten: Bis zu 600 seiten pro druckerpatrone pg 560 schwarz, (A4-papier, 5% deckung), basierend auf iso\/iec-standards. *Hinweis: Wiederaufbereitete 560XL Patronen zeigen m\u00f6glicherweise nicht die genaue Menge an Tinte, dies ist derzeit der Fall f\u00fcr alle Produkte, kein Grund zur Sorge, die tats\u00e4chliche Menge an Tinte ist voll, so beachten Sie bitte<br \/>\nKompatibel Drucker: Pixma TS5350 TS7450 TS5351 TS5352 TS7450 TS5353. *Wenn ihr drucker nicht aufgef\u00fchrt ist, \u00fcberpr\u00fcfen sie bitte die vollst\u00e4ndige kompatibilit\u00e4tsliste im beschreibungsabschnitt. (diese patronen sind keine OEM-produkte)<\/p>\n","protected":false},"featured_media":202073,"comment_status":"open","ping_status":"closed","template":"","meta":[],"product_brand":[],"product_cat":[863],"product_tag":[],"class_list":{"0":"post-202072","1":"product","2":"type-product","3":"status-publish","4":"has-post-thumbnail","6":"product_cat-computer-zubehoer","7":"pa_brand-economink","8":"pa_color-pg-560-xl-schwarz","9":"pa_manufacturer-economink-non-canon-oem-fuer-560-xl-patronen-schwarz","10":"pa_model-pixma-ts5350","11":"pa_size-560-patronen","13":"first","14":"instock","15":"shipping-taxable","16":"purchasable","17":"product-type-simple","18":"customify-col","19":"product-has-gallery"},"yoast_head":"<!-- This site is optimized with the Yoast SEO plugin v27.4 - https:\/\/yoast.com\/product\/yoast-seo-wordpress\/ -->\n<title>Economink PG-560XL Druckerpatronen Kompatible f\u00fcr Canon 560 560XL Patronen f\u00fcr Canon TS5350 TS5351 TS7450 TS7451 TS5352 TS5353 (1 Schwarz) - Markt-XXL<\/title>\n<meta name=\"description\" content=\"Markt-XXL Economink PG-560XL Druckerpatronen Kompatible f\u00fcr Canon 560 560XL Patronen f\u00fcr Canon TS5350 TS5351 TS7450 TS7451 TS5352 TS5353 (1 Schwarz)\" \/>\n<meta name=\"robots\" content=\"index, follow, max-snippet:-1, max-image-preview:large, max-video-preview:-1\" \/>\n<link rel=\"canonical\" href=\"https:\/\/marktxxl.de\/markt\/produkt\/economink-pg-560xl-druckerpatronen-kompatible-fuer-canon-560-560xl-patronen-fuer-canon-ts5350-ts5351-ts7450-ts7451-ts5352-ts5353-1-schwarz\/\" \/>\n<meta property=\"og:locale\" content=\"de_DE\" \/>\n<meta property=\"og:type\" content=\"article\" \/>\n<meta property=\"og:title\" content=\"Economink PG-560XL Druckerpatronen Kompatible f\u00fcr Canon 560 560XL Patronen f\u00fcr Canon TS5350 TS5351 TS7450 TS7451 TS5352 TS5353 (1 Schwarz) - Markt-XXL\" \/>\n<meta property=\"og:description\" content=\"Markt-XXL Economink PG-560XL Druckerpatronen Kompatible f\u00fcr Canon 560 560XL Patronen f\u00fcr Canon TS5350 TS5351 TS7450 TS7451 TS5352 TS5353 (1 Schwarz)\" \/>\n<meta property=\"og:url\" content=\"https:\/\/marktxxl.de\/markt\/produkt\/economink-pg-560xl-druckerpatronen-kompatible-fuer-canon-560-560xl-patronen-fuer-canon-ts5350-ts5351-ts7450-ts7451-ts5352-ts5353-1-schwarz\/\" \/>\n<meta property=\"og:site_name\" content=\"Markt-XXL\" \/>\n<meta name=\"twitter:card\" content=\"summary_large_image\" \/>\n<meta name=\"twitter:label1\" content=\"Gesch\u00e4tzte Lesezeit\" \/>\n\t<meta name=\"twitter:data1\" content=\"1\u00a0Minute\" \/>\n<script type=\"application\/ld+json\" class=\"yoast-schema-graph\">{\"@context\":\"https:\\\/\\\/schema.org\",\"@graph\":[{\"@type\":\"WebPage\",\"@id\":\"https:\\\/\\\/marktxxl.de\\\/markt\\\/produkt\\\/economink-pg-560xl-druckerpatronen-kompatible-fuer-canon-560-560xl-patronen-fuer-canon-ts5350-ts5351-ts7450-ts7451-ts5352-ts5353-1-schwarz\\\/\",\"url\":\"https:\\\/\\\/marktxxl.de\\\/markt\\\/produkt\\\/economink-pg-560xl-druckerpatronen-kompatible-fuer-canon-560-560xl-patronen-fuer-canon-ts5350-ts5351-ts7450-ts7451-ts5352-ts5353-1-schwarz\\\/\",\"name\":\"Economink PG-560XL Druckerpatronen Kompatible f\u00fcr Canon 560 560XL Patronen f\u00fcr Canon TS5350 TS5351 TS7450 TS7451 TS5352 TS5353 (1 Schwarz) - Markt-XXL\",\"isPartOf\":{\"@id\":\"https:\\\/\\\/marktxxl.de\\\/markt\\\/#website\"},\"primaryImageOfPage\":{\"@id\":\"https:\\\/\\\/marktxxl.de\\\/markt\\\/produkt\\\/economink-pg-560xl-druckerpatronen-kompatible-fuer-canon-560-560xl-patronen-fuer-canon-ts5350-ts5351-ts7450-ts7451-ts5352-ts5353-1-schwarz\\\/#primaryimage\"},\"image\":{\"@id\":\"https:\\\/\\\/marktxxl.de\\\/markt\\\/produkt\\\/economink-pg-560xl-druckerpatronen-kompatible-fuer-canon-560-560xl-patronen-fuer-canon-ts5350-ts5351-ts7450-ts7451-ts5352-ts5353-1-schwarz\\\/#primaryimage\"},\"thumbnailUrl\":\"https:\\\/\\\/m.media-amazon.com\\\/images\\\/I\\\/411YFJgT06L._SL500_.jpg\",\"datePublished\":\"2023-04-10T12:19:45+00:00\",\"description\":\"Markt-XXL Economink PG-560XL Druckerpatronen Kompatible f\u00fcr Canon 560 560XL Patronen f\u00fcr Canon TS5350 TS5351 TS7450 TS7451 TS5352 TS5353 (1 Schwarz)\",\"breadcrumb\":{\"@id\":\"https:\\\/\\\/marktxxl.de\\\/markt\\\/produkt\\\/economink-pg-560xl-druckerpatronen-kompatible-fuer-canon-560-560xl-patronen-fuer-canon-ts5350-ts5351-ts7450-ts7451-ts5352-ts5353-1-schwarz\\\/#breadcrumb\"},\"inLanguage\":\"de\",\"potentialAction\":[{\"@type\":\"ReadAction\",\"target\":[\"https:\\\/\\\/marktxxl.de\\\/markt\\\/produkt\\\/economink-pg-560xl-druckerpatronen-kompatible-fuer-canon-560-560xl-patronen-fuer-canon-ts5350-ts5351-ts7450-ts7451-ts5352-ts5353-1-schwarz\\\/\"]}]},{\"@type\":\"ImageObject\",\"inLanguage\":\"de\",\"@id\":\"https:\\\/\\\/marktxxl.de\\\/markt\\\/produkt\\\/economink-pg-560xl-druckerpatronen-kompatible-fuer-canon-560-560xl-patronen-fuer-canon-ts5350-ts5351-ts7450-ts7451-ts5352-ts5353-1-schwarz\\\/#primaryimage\",\"url\":\"https:\\\/\\\/m.media-amazon.com\\\/images\\\/I\\\/411YFJgT06L._SL500_.jpg\",\"contentUrl\":\"https:\\\/\\\/m.media-amazon.com\\\/images\\\/I\\\/411YFJgT06L._SL500_.jpg\",\"width\":500,\"height\":500},{\"@type\":\"BreadcrumbList\",\"@id\":\"https:\\\/\\\/marktxxl.de\\\/markt\\\/produkt\\\/economink-pg-560xl-druckerpatronen-kompatible-fuer-canon-560-560xl-patronen-fuer-canon-ts5350-ts5351-ts7450-ts7451-ts5352-ts5353-1-schwarz\\\/#breadcrumb\",\"itemListElement\":[{\"@type\":\"ListItem\",\"position\":1,\"name\":\"Startseite\",\"item\":\"https:\\\/\\\/marktxxl.de\\\/markt\\\/\"},{\"@type\":\"ListItem\",\"position\":2,\"name\":\"Markt\",\"item\":\"https:\\\/\\\/marktxxl.de\\\/markt\\\/\"},{\"@type\":\"ListItem\",\"position\":3,\"name\":\"Economink PG-560XL Druckerpatronen Kompatible f\u00fcr Canon 560 560XL Patronen f\u00fcr Canon TS5350 TS5351 TS7450 TS7451 TS5352 TS5353 (1 Schwarz)\"}]},{\"@type\":\"WebSite\",\"@id\":\"https:\\\/\\\/marktxxl.de\\\/markt\\\/#website\",\"url\":\"https:\\\/\\\/marktxxl.de\\\/markt\\\/\",\"name\":\"Markt-XXL\",\"description\":\"Ihr Markt Online\",\"publisher\":{\"@id\":\"https:\\\/\\\/marktxxl.de\\\/markt\\\/#organization\"},\"potentialAction\":[{\"@type\":\"SearchAction\",\"target\":{\"@type\":\"EntryPoint\",\"urlTemplate\":\"https:\\\/\\\/marktxxl.de\\\/markt\\\/?s={search_term_string}\"},\"query-input\":{\"@type\":\"PropertyValueSpecification\",\"valueRequired\":true,\"valueName\":\"search_term_string\"}}],\"inLanguage\":\"de\"},{\"@type\":\"Organization\",\"@id\":\"https:\\\/\\\/marktxxl.de\\\/markt\\\/#organization\",\"name\":\"Markt-XXL\",\"url\":\"https:\\\/\\\/marktxxl.de\\\/markt\\\/\",\"logo\":{\"@type\":\"ImageObject\",\"inLanguage\":\"de\",\"@id\":\"https:\\\/\\\/marktxxl.de\\\/markt\\\/#\\\/schema\\\/logo\\\/image\\\/\",\"url\":\"https:\\\/\\\/marktxxl.de\\\/markt\\\/wp-content\\\/uploads\\\/sites\\\/3\\\/2020\\\/12\\\/logo.png\",\"contentUrl\":\"https:\\\/\\\/marktxxl.de\\\/markt\\\/wp-content\\\/uploads\\\/sites\\\/3\\\/2020\\\/12\\\/logo.png\",\"width\":200,\"height\":70,\"caption\":\"Markt-XXL\"},\"image\":{\"@id\":\"https:\\\/\\\/marktxxl.de\\\/markt\\\/#\\\/schema\\\/logo\\\/image\\\/\"}}]}<\/script>\n<!-- \/ Yoast SEO plugin. -->","yoast_head_json":{"title":"Economink PG-560XL Druckerpatronen Kompatible f\u00fcr Canon 560 560XL Patronen f\u00fcr Canon TS5350 TS5351 TS7450 TS7451 TS5352 TS5353 (1 Schwarz) - Markt-XXL","description":"Markt-XXL Economink PG-560XL Druckerpatronen Kompatible f\u00fcr Canon 560 560XL Patronen f\u00fcr Canon TS5350 TS5351 TS7450 TS7451 TS5352 TS5353 (1 Schwarz)","robots":{"index":"index","follow":"follow","max-snippet":"max-snippet:-1","max-image-preview":"max-image-preview:large","max-video-preview":"max-video-preview:-1"},"canonical":"https:\/\/marktxxl.de\/markt\/produkt\/economink-pg-560xl-druckerpatronen-kompatible-fuer-canon-560-560xl-patronen-fuer-canon-ts5350-ts5351-ts7450-ts7451-ts5352-ts5353-1-schwarz\/","og_locale":"de_DE","og_type":"article","og_title":"Economink PG-560XL Druckerpatronen Kompatible f\u00fcr Canon 560 560XL Patronen f\u00fcr Canon TS5350 TS5351 TS7450 TS7451 TS5352 TS5353 (1 Schwarz) - Markt-XXL","og_description":"Markt-XXL Economink PG-560XL Druckerpatronen Kompatible f\u00fcr Canon 560 560XL Patronen f\u00fcr Canon TS5350 TS5351 TS7450 TS7451 TS5352 TS5353 (1 Schwarz)","og_url":"https:\/\/marktxxl.de\/markt\/produkt\/economink-pg-560xl-druckerpatronen-kompatible-fuer-canon-560-560xl-patronen-fuer-canon-ts5350-ts5351-ts7450-ts7451-ts5352-ts5353-1-schwarz\/","og_site_name":"Markt-XXL","twitter_card":"summary_large_image","twitter_misc":{"Gesch\u00e4tzte Lesezeit":"1\u00a0Minute"},"schema":{"@context":"https:\/\/schema.org","@graph":[{"@type":"WebPage","@id":"https:\/\/marktxxl.de\/markt\/produkt\/economink-pg-560xl-druckerpatronen-kompatible-fuer-canon-560-560xl-patronen-fuer-canon-ts5350-ts5351-ts7450-ts7451-ts5352-ts5353-1-schwarz\/","url":"https:\/\/marktxxl.de\/markt\/produkt\/economink-pg-560xl-druckerpatronen-kompatible-fuer-canon-560-560xl-patronen-fuer-canon-ts5350-ts5351-ts7450-ts7451-ts5352-ts5353-1-schwarz\/","name":"Economink PG-560XL Druckerpatronen Kompatible f\u00fcr Canon 560 560XL Patronen f\u00fcr Canon TS5350 TS5351 TS7450 TS7451 TS5352 TS5353 (1 Schwarz) - Markt-XXL","isPartOf":{"@id":"https:\/\/marktxxl.de\/markt\/#website"},"primaryImageOfPage":{"@id":"https:\/\/marktxxl.de\/markt\/produkt\/economink-pg-560xl-druckerpatronen-kompatible-fuer-canon-560-560xl-patronen-fuer-canon-ts5350-ts5351-ts7450-ts7451-ts5352-ts5353-1-schwarz\/#primaryimage"},"image":{"@id":"https:\/\/marktxxl.de\/markt\/produkt\/economink-pg-560xl-druckerpatronen-kompatible-fuer-canon-560-560xl-patronen-fuer-canon-ts5350-ts5351-ts7450-ts7451-ts5352-ts5353-1-schwarz\/#primaryimage"},"thumbnailUrl":"https:\/\/m.media-amazon.com\/images\/I\/411YFJgT06L._SL500_.jpg","datePublished":"2023-04-10T12:19:45+00:00","description":"Markt-XXL Economink PG-560XL Druckerpatronen Kompatible f\u00fcr Canon 560 560XL Patronen f\u00fcr Canon TS5350 TS5351 TS7450 TS7451 TS5352 TS5353 (1 Schwarz)","breadcrumb":{"@id":"https:\/\/marktxxl.de\/markt\/produkt\/economink-pg-560xl-druckerpatronen-kompatible-fuer-canon-560-560xl-patronen-fuer-canon-ts5350-ts5351-ts7450-ts7451-ts5352-ts5353-1-schwarz\/#breadcrumb"},"inLanguage":"de","potentialAction":[{"@type":"ReadAction","target":["https:\/\/marktxxl.de\/markt\/produkt\/economink-pg-560xl-druckerpatronen-kompatible-fuer-canon-560-560xl-patronen-fuer-canon-ts5350-ts5351-ts7450-ts7451-ts5352-ts5353-1-schwarz\/"]}]},{"@type":"ImageObject","inLanguage":"de","@id":"https:\/\/marktxxl.de\/markt\/produkt\/economink-pg-560xl-druckerpatronen-kompatible-fuer-canon-560-560xl-patronen-fuer-canon-ts5350-ts5351-ts7450-ts7451-ts5352-ts5353-1-schwarz\/#primaryimage","url":"https:\/\/m.media-amazon.com\/images\/I\/411YFJgT06L._SL500_.jpg","contentUrl":"https:\/\/m.media-amazon.com\/images\/I\/411YFJgT06L._SL500_.jpg","width":500,"height":500},{"@type":"BreadcrumbList","@id":"https:\/\/marktxxl.de\/markt\/produkt\/economink-pg-560xl-druckerpatronen-kompatible-fuer-canon-560-560xl-patronen-fuer-canon-ts5350-ts5351-ts7450-ts7451-ts5352-ts5353-1-schwarz\/#breadcrumb","itemListElement":[{"@type":"ListItem","position":1,"name":"Startseite","item":"https:\/\/marktxxl.de\/markt\/"},{"@type":"ListItem","position":2,"name":"Markt","item":"https:\/\/marktxxl.de\/markt\/"},{"@type":"ListItem","position":3,"name":"Economink PG-560XL Druckerpatronen Kompatible f\u00fcr Canon 560 560XL Patronen f\u00fcr Canon TS5350 TS5351 TS7450 TS7451 TS5352 TS5353 (1 Schwarz)"}]},{"@type":"WebSite","@id":"https:\/\/marktxxl.de\/markt\/#website","url":"https:\/\/marktxxl.de\/markt\/","name":"Markt-XXL","description":"Ihr Markt Online","publisher":{"@id":"https:\/\/marktxxl.de\/markt\/#organization"},"potentialAction":[{"@type":"SearchAction","target":{"@type":"EntryPoint","urlTemplate":"https:\/\/marktxxl.de\/markt\/?s={search_term_string}"},"query-input":{"@type":"PropertyValueSpecification","valueRequired":true,"valueName":"search_term_string"}}],"inLanguage":"de"},{"@type":"Organization","@id":"https:\/\/marktxxl.de\/markt\/#organization","name":"Markt-XXL","url":"https:\/\/marktxxl.de\/markt\/","logo":{"@type":"ImageObject","inLanguage":"de","@id":"https:\/\/marktxxl.de\/markt\/#\/schema\/logo\/image\/","url":"https:\/\/marktxxl.de\/markt\/wp-content\/uploads\/sites\/3\/2020\/12\/logo.png","contentUrl":"https:\/\/marktxxl.de\/markt\/wp-content\/uploads\/sites\/3\/2020\/12\/logo.png","width":200,"height":70,"caption":"Markt-XXL"},"image":{"@id":"https:\/\/marktxxl.de\/markt\/#\/schema\/logo\/image\/"}}]}},"_links":{"self":[{"href":"https:\/\/marktxxl.de\/markt\/wp-json\/wp\/v2\/product\/202072","targetHints":{"allow":["GET"]}}],"collection":[{"href":"https:\/\/marktxxl.de\/markt\/wp-json\/wp\/v2\/product"}],"about":[{"href":"https:\/\/marktxxl.de\/markt\/wp-json\/wp\/v2\/types\/product"}],"replies":[{"embeddable":true,"href":"https:\/\/marktxxl.de\/markt\/wp-json\/wp\/v2\/comments?post=202072"}],"wp:featuredmedia":[{"embeddable":true,"href":"https:\/\/marktxxl.de\/markt\/wp-json\/wp\/v2\/media\/202073"}],"wp:attachment":[{"href":"https:\/\/marktxxl.de\/markt\/wp-json\/wp\/v2\/media?parent=202072"}],"wp:term":[{"taxonomy":"product_brand","embeddable":true,"href":"https:\/\/marktxxl.de\/markt\/wp-json\/wp\/v2\/product_brand?post=202072"},{"taxonomy":"product_cat","embeddable":true,"href":"https:\/\/marktxxl.de\/markt\/wp-json\/wp\/v2\/product_cat?post=202072"},{"taxonomy":"product_tag","embeddable":true,"href":"https:\/\/marktxxl.de\/markt\/wp-json\/wp\/v2\/product_tag?post=202072"}],"curies":[{"name":"wp","href":"https:\/\/api.w.org\/{rel}","templated":true}]}}