{"id":202062,"date":"2023-04-10T14:19:32","date_gmt":"2023-04-10T12:19:32","guid":{"rendered":"https:\/\/marktxxl.de\/markt\/produkt\/ugreen-hdmi-2-0-switch-usb-kvm-switch-2-port-usb-2-0-switch-mit-4k-60hz-hdmi-switch-2-pc-kompatibel-mit-tastatur-maus-und-einem-hd-monitor-unterstuetzt-3d-hdr-mit-2-usb-kabel-und-2-hdmi-kabel\/"},"modified":"2023-04-10T14:19:32","modified_gmt":"2023-04-10T12:19:32","slug":"ugreen-hdmi-2-0-switch-usb-kvm-switch-2-port-usb-2-0-switch-mit-4k-60hz-hdmi-switch-2-pc-kompatibel-mit-tastatur-maus-und-einem-hd-monitor-unterstuetzt-3d-hdr-mit-2-usb-kabel-und-2-hdmi-kabel","status":"publish","type":"product","link":"https:\/\/marktxxl.de\/markt\/produkt\/ugreen-hdmi-2-0-switch-usb-kvm-switch-2-port-usb-2-0-switch-mit-4k-60hz-hdmi-switch-2-pc-kompatibel-mit-tastatur-maus-und-einem-hd-monitor-unterstuetzt-3d-hdr-mit-2-usb-kabel-und-2-hdmi-kabel\/","title":{"rendered":"UGREEN HDMI 2.0 Switch USB KVM Switch 2 Port, USB 2.0 Switch mit 4K @ 60Hz HDMI Switch 2 PC Kompatibel mit Tastatur Maus und einem HD Monitor, unterst\u00fctzt 3D HDR, mit 2 USB Kabel und 2 HDMI Kabel."},"content":{"rendered":"<p>UGREEN HDMI 2.0 KVM Switch: UGREEN HDMI 2.0 KVM Switch k\u00f6nnen Sie 4 USB 2.0 Anschl\u00fcsse und 1 KVM Desktop Controller zwischen 2 Computern gemeinsam nutzen. Sie k\u00f6nnen Ger\u00e4te wie Tastatur, Maus, Drucker, Scanner, Kamera, externe USB Kartenleser und USB Flash Speicher zwischen 2 Computern mit einer \u00dcbertragungsrate von bis zu 480Mbps verwenden.<br \/>\n4K @ 60Hz Ultra HD: Dieser HDMI 2.0 KVM Switch unterst\u00fctzt eine Aufl\u00f6sung von bis zu 4K@60Hz, die Bildanzeige ist klarer und detaillierter mit lebendigen Farben. Und unterst\u00fctzt Abw\u00e4rtskompatibilit\u00e4t mit 4k@30Hz, 2560*1440@120Hz, 1920*1080@240Hz Aufl\u00f6sung.<br \/>\nUmschalten mit Einer Taste: Sie k\u00f6nnen schnell zwischen zwei Computern umschalten, indem Sie auf die Taste des HDMI KVM Umschalters oder des Desktop Controllers klicken. Die blaue LED Anzeige auf dem HDMI Switch zeigt an, welches angeschlossene Ger\u00e4t gerade arbeitet. Unterst\u00fctzt die Desktop Bildschirmhaltefunktion beim Umschalten, um Ihnen ein besseres Erlebnis und effizienteres Arbeiten zu erm\u00f6glichen (Hinweis: Hotkeys werden nicht unterst\u00fctzt).<br \/>\nBreite Kompatibilit\u00e4t: UGREEN HDMI KVM Switch ist kompatibel mit 11\/10\/8.1\/8\/7, Mac OS und Linux Systemen, Plug and Play. Der HDMI Anschluss unterst\u00fctzt viele Eingabeger\u00e4te, wie PS4\/PS3, PS4 Pro, Xbox One, TV Box, PC, Laptop, NS Switch und die meisten HDMI f\u00e4higen Ger\u00e4te.<br \/>\nPackungsliste: 1*HDMI 2.0 KVM Switch; 1*Desktop Controller (1.5M); 2*USB 2.0 A zu B Kabel (1.5M); 2*HDMI 2.0 Kabel (1M). Hinweis: Bitte schlie\u00dfen Sie das mitgelieferte USB Kabel an Ihr Host-Ger\u00e4t an, um Strom f\u00fcr den normalen Gebrauch zu erhalten.<br \/>\n<div class=\"main-cross-sell\" data-asin=\"B0BD4KX6WC\">\n\n\t<div class=\"WooZone-cross-sell-loader\">\n\t\t<div>\n\t\t\t<div id=\"floatingBarsG\">\n\t\t\t\t<div class=\"blockG\" id=\"rotateG_01\"><\/div>\n\t\t\t\t<div class=\"blockG\" id=\"rotateG_02\"><\/div>\n\t\t\t\t<div class=\"blockG\" id=\"rotateG_03\"><\/div>\n\t\t\t\t<div class=\"blockG\" id=\"rotateG_04\"><\/div>\n\t\t\t\t<div class=\"blockG\" id=\"rotateG_05\"><\/div>\n\t\t\t\t<div class=\"blockG\" id=\"rotateG_06\"><\/div>\n\t\t\t\t<div class=\"blockG\" id=\"rotateG_07\"><\/div>\n\t\t\t\t<div class=\"blockG\" id=\"rotateG_08\"><\/div>\n\t\t\t<\/div>\n\t\t\t<div class=\"WooZone-cross-sell-loader-text\"><\/div>\n\t\t<\/div>\n\t<\/div>\n\n\t\t\n<\/div>\n<div style=\"clear:both;\"><\/div><\/p>\n","protected":false},"excerpt":{"rendered":"<p>UGREEN HDMI 2.0 KVM Switch: UGREEN HDMI 2.0 KVM Switch k\u00f6nnen Sie 4 USB 2.0 Anschl\u00fcsse und 1 KVM Desktop Controller zwischen 2 Computern gemeinsam nutzen. Sie k\u00f6nnen Ger\u00e4te wie Tastatur, Maus, Drucker, Scanner, Kamera, externe USB Kartenleser und USB Flash Speicher zwischen 2 Computern mit einer \u00dcbertragungsrate von bis zu 480Mbps verwenden.<br \/>\n4K @ 60Hz Ultra HD: Dieser HDMI 2.0 KVM Switch unterst\u00fctzt eine Aufl\u00f6sung von bis zu 4K@60Hz, die Bildanzeige ist klarer und detaillierter mit lebendigen Farben. Und unterst\u00fctzt Abw\u00e4rtskompatibilit\u00e4t mit 4k@30Hz, 2560*1440@120Hz, 1920*1080@240Hz Aufl\u00f6sung.<br \/>\nUmschalten mit Einer Taste: Sie k\u00f6nnen schnell zwischen zwei Computern umschalten, indem Sie auf die Taste des HDMI KVM Umschalters oder des Desktop Controllers klicken. Die blaue LED Anzeige auf dem HDMI Switch zeigt an, welches angeschlossene Ger\u00e4t gerade arbeitet. Unterst\u00fctzt die Desktop Bildschirmhaltefunktion beim Umschalten, um Ihnen ein besseres Erlebnis und effizienteres Arbeiten zu erm\u00f6glichen (Hinweis: Hotkeys werden nicht unterst\u00fctzt).<\/p>\n","protected":false},"featured_media":202063,"comment_status":"open","ping_status":"closed","template":"","meta":[],"product_brand":[],"product_cat":[863],"product_tag":[],"class_list":{"0":"post-202062","1":"product","2":"type-product","3":"status-publish","4":"has-post-thumbnail","6":"product_cat-computer-zubehoer","7":"pa_brand-ugreen","8":"pa_manufacturer-ugreen-group-limited","9":"pa_model-51308","11":"first","12":"instock","13":"shipping-taxable","14":"purchasable","15":"product-type-simple","16":"customify-col","17":"product-has-gallery"},"yoast_head":"<!-- This site is optimized with the Yoast SEO plugin v27.4 - https:\/\/yoast.com\/product\/yoast-seo-wordpress\/ -->\n<title>UGREEN HDMI 2.0 Switch USB KVM Switch 2 Port, USB 2.0 Switch mit 4K @ 60Hz HDMI Switch 2 PC Kompatibel mit Tastatur Maus und einem HD Monitor, unterst\u00fctzt 3D HDR, mit 2 USB Kabel und 2 HDMI Kabel. - Markt-XXL<\/title>\n<meta name=\"description\" content=\"Markt-XXL UGREEN HDMI 2.0 Switch USB KVM Switch 2 Port, USB 2.0 Switch mit 4K @ 60Hz HDMI Switch 2 PC Kompatibel mit Tastatur Maus und einem HD Monitor, unterst\u00fctzt 3D HDR, mit 2 USB Kabel und 2 HDMI Kabel.\" \/>\n<meta name=\"robots\" content=\"index, follow, max-snippet:-1, max-image-preview:large, max-video-preview:-1\" \/>\n<link rel=\"canonical\" href=\"https:\/\/marktxxl.de\/markt\/produkt\/ugreen-hdmi-2-0-switch-usb-kvm-switch-2-port-usb-2-0-switch-mit-4k-60hz-hdmi-switch-2-pc-kompatibel-mit-tastatur-maus-und-einem-hd-monitor-unterstuetzt-3d-hdr-mit-2-usb-kabel-und-2-hdmi-kabel\/\" \/>\n<meta property=\"og:locale\" content=\"de_DE\" \/>\n<meta property=\"og:type\" content=\"article\" \/>\n<meta property=\"og:title\" content=\"UGREEN HDMI 2.0 Switch USB KVM Switch 2 Port, USB 2.0 Switch mit 4K @ 60Hz HDMI Switch 2 PC Kompatibel mit Tastatur Maus und einem HD Monitor, unterst\u00fctzt 3D HDR, mit 2 USB Kabel und 2 HDMI Kabel. - Markt-XXL\" \/>\n<meta property=\"og:description\" content=\"Markt-XXL UGREEN HDMI 2.0 Switch USB KVM Switch 2 Port, USB 2.0 Switch mit 4K @ 60Hz HDMI Switch 2 PC Kompatibel mit Tastatur Maus und einem HD Monitor, unterst\u00fctzt 3D HDR, mit 2 USB Kabel und 2 HDMI Kabel.\" \/>\n<meta property=\"og:url\" content=\"https:\/\/marktxxl.de\/markt\/produkt\/ugreen-hdmi-2-0-switch-usb-kvm-switch-2-port-usb-2-0-switch-mit-4k-60hz-hdmi-switch-2-pc-kompatibel-mit-tastatur-maus-und-einem-hd-monitor-unterstuetzt-3d-hdr-mit-2-usb-kabel-und-2-hdmi-kabel\/\" \/>\n<meta property=\"og:site_name\" content=\"Markt-XXL\" \/>\n<meta name=\"twitter:card\" content=\"summary_large_image\" \/>\n<meta name=\"twitter:label1\" content=\"Gesch\u00e4tzte Lesezeit\" \/>\n\t<meta name=\"twitter:data1\" content=\"1\u00a0Minute\" \/>\n<script type=\"application\/ld+json\" class=\"yoast-schema-graph\">{\"@context\":\"https:\\\/\\\/schema.org\",\"@graph\":[{\"@type\":\"WebPage\",\"@id\":\"https:\\\/\\\/marktxxl.de\\\/markt\\\/produkt\\\/ugreen-hdmi-2-0-switch-usb-kvm-switch-2-port-usb-2-0-switch-mit-4k-60hz-hdmi-switch-2-pc-kompatibel-mit-tastatur-maus-und-einem-hd-monitor-unterstuetzt-3d-hdr-mit-2-usb-kabel-und-2-hdmi-kabel\\\/\",\"url\":\"https:\\\/\\\/marktxxl.de\\\/markt\\\/produkt\\\/ugreen-hdmi-2-0-switch-usb-kvm-switch-2-port-usb-2-0-switch-mit-4k-60hz-hdmi-switch-2-pc-kompatibel-mit-tastatur-maus-und-einem-hd-monitor-unterstuetzt-3d-hdr-mit-2-usb-kabel-und-2-hdmi-kabel\\\/\",\"name\":\"UGREEN HDMI 2.0 Switch USB KVM Switch 2 Port, USB 2.0 Switch mit 4K @ 60Hz HDMI Switch 2 PC Kompatibel mit Tastatur Maus und einem HD Monitor, unterst\u00fctzt 3D HDR, mit 2 USB Kabel und 2 HDMI Kabel. - Markt-XXL\",\"isPartOf\":{\"@id\":\"https:\\\/\\\/marktxxl.de\\\/markt\\\/#website\"},\"primaryImageOfPage\":{\"@id\":\"https:\\\/\\\/marktxxl.de\\\/markt\\\/produkt\\\/ugreen-hdmi-2-0-switch-usb-kvm-switch-2-port-usb-2-0-switch-mit-4k-60hz-hdmi-switch-2-pc-kompatibel-mit-tastatur-maus-und-einem-hd-monitor-unterstuetzt-3d-hdr-mit-2-usb-kabel-und-2-hdmi-kabel\\\/#primaryimage\"},\"image\":{\"@id\":\"https:\\\/\\\/marktxxl.de\\\/markt\\\/produkt\\\/ugreen-hdmi-2-0-switch-usb-kvm-switch-2-port-usb-2-0-switch-mit-4k-60hz-hdmi-switch-2-pc-kompatibel-mit-tastatur-maus-und-einem-hd-monitor-unterstuetzt-3d-hdr-mit-2-usb-kabel-und-2-hdmi-kabel\\\/#primaryimage\"},\"thumbnailUrl\":\"https:\\\/\\\/m.media-amazon.com\\\/images\\\/I\\\/41XaqXavqwL._SL500_.jpg\",\"datePublished\":\"2023-04-10T12:19:32+00:00\",\"description\":\"Markt-XXL UGREEN HDMI 2.0 Switch USB KVM Switch 2 Port, USB 2.0 Switch mit 4K @ 60Hz HDMI Switch 2 PC Kompatibel mit Tastatur Maus und einem HD Monitor, unterst\u00fctzt 3D HDR, mit 2 USB Kabel und 2 HDMI Kabel.\",\"breadcrumb\":{\"@id\":\"https:\\\/\\\/marktxxl.de\\\/markt\\\/produkt\\\/ugreen-hdmi-2-0-switch-usb-kvm-switch-2-port-usb-2-0-switch-mit-4k-60hz-hdmi-switch-2-pc-kompatibel-mit-tastatur-maus-und-einem-hd-monitor-unterstuetzt-3d-hdr-mit-2-usb-kabel-und-2-hdmi-kabel\\\/#breadcrumb\"},\"inLanguage\":\"de\",\"potentialAction\":[{\"@type\":\"ReadAction\",\"target\":[\"https:\\\/\\\/marktxxl.de\\\/markt\\\/produkt\\\/ugreen-hdmi-2-0-switch-usb-kvm-switch-2-port-usb-2-0-switch-mit-4k-60hz-hdmi-switch-2-pc-kompatibel-mit-tastatur-maus-und-einem-hd-monitor-unterstuetzt-3d-hdr-mit-2-usb-kabel-und-2-hdmi-kabel\\\/\"]}]},{\"@type\":\"ImageObject\",\"inLanguage\":\"de\",\"@id\":\"https:\\\/\\\/marktxxl.de\\\/markt\\\/produkt\\\/ugreen-hdmi-2-0-switch-usb-kvm-switch-2-port-usb-2-0-switch-mit-4k-60hz-hdmi-switch-2-pc-kompatibel-mit-tastatur-maus-und-einem-hd-monitor-unterstuetzt-3d-hdr-mit-2-usb-kabel-und-2-hdmi-kabel\\\/#primaryimage\",\"url\":\"https:\\\/\\\/m.media-amazon.com\\\/images\\\/I\\\/41XaqXavqwL._SL500_.jpg\",\"contentUrl\":\"https:\\\/\\\/m.media-amazon.com\\\/images\\\/I\\\/41XaqXavqwL._SL500_.jpg\",\"width\":500,\"height\":400},{\"@type\":\"BreadcrumbList\",\"@id\":\"https:\\\/\\\/marktxxl.de\\\/markt\\\/produkt\\\/ugreen-hdmi-2-0-switch-usb-kvm-switch-2-port-usb-2-0-switch-mit-4k-60hz-hdmi-switch-2-pc-kompatibel-mit-tastatur-maus-und-einem-hd-monitor-unterstuetzt-3d-hdr-mit-2-usb-kabel-und-2-hdmi-kabel\\\/#breadcrumb\",\"itemListElement\":[{\"@type\":\"ListItem\",\"position\":1,\"name\":\"Startseite\",\"item\":\"https:\\\/\\\/marktxxl.de\\\/markt\\\/\"},{\"@type\":\"ListItem\",\"position\":2,\"name\":\"Markt\",\"item\":\"https:\\\/\\\/marktxxl.de\\\/markt\\\/\"},{\"@type\":\"ListItem\",\"position\":3,\"name\":\"UGREEN HDMI 2.0 Switch USB KVM Switch 2 Port, USB 2.0 Switch mit 4K @ 60Hz HDMI Switch 2 PC Kompatibel mit Tastatur Maus und einem HD Monitor, unterst\u00fctzt 3D HDR, mit 2 USB Kabel und 2 HDMI Kabel.\"}]},{\"@type\":\"WebSite\",\"@id\":\"https:\\\/\\\/marktxxl.de\\\/markt\\\/#website\",\"url\":\"https:\\\/\\\/marktxxl.de\\\/markt\\\/\",\"name\":\"Markt-XXL\",\"description\":\"Ihr Markt Online\",\"publisher\":{\"@id\":\"https:\\\/\\\/marktxxl.de\\\/markt\\\/#organization\"},\"potentialAction\":[{\"@type\":\"SearchAction\",\"target\":{\"@type\":\"EntryPoint\",\"urlTemplate\":\"https:\\\/\\\/marktxxl.de\\\/markt\\\/?s={search_term_string}\"},\"query-input\":{\"@type\":\"PropertyValueSpecification\",\"valueRequired\":true,\"valueName\":\"search_term_string\"}}],\"inLanguage\":\"de\"},{\"@type\":\"Organization\",\"@id\":\"https:\\\/\\\/marktxxl.de\\\/markt\\\/#organization\",\"name\":\"Markt-XXL\",\"url\":\"https:\\\/\\\/marktxxl.de\\\/markt\\\/\",\"logo\":{\"@type\":\"ImageObject\",\"inLanguage\":\"de\",\"@id\":\"https:\\\/\\\/marktxxl.de\\\/markt\\\/#\\\/schema\\\/logo\\\/image\\\/\",\"url\":\"https:\\\/\\\/marktxxl.de\\\/markt\\\/wp-content\\\/uploads\\\/sites\\\/3\\\/2020\\\/12\\\/logo.png\",\"contentUrl\":\"https:\\\/\\\/marktxxl.de\\\/markt\\\/wp-content\\\/uploads\\\/sites\\\/3\\\/2020\\\/12\\\/logo.png\",\"width\":200,\"height\":70,\"caption\":\"Markt-XXL\"},\"image\":{\"@id\":\"https:\\\/\\\/marktxxl.de\\\/markt\\\/#\\\/schema\\\/logo\\\/image\\\/\"}}]}<\/script>\n<!-- \/ Yoast SEO plugin. -->","yoast_head_json":{"title":"UGREEN HDMI 2.0 Switch USB KVM Switch 2 Port, USB 2.0 Switch mit 4K @ 60Hz HDMI Switch 2 PC Kompatibel mit Tastatur Maus und einem HD Monitor, unterst\u00fctzt 3D HDR, mit 2 USB Kabel und 2 HDMI Kabel. - Markt-XXL","description":"Markt-XXL UGREEN HDMI 2.0 Switch USB KVM Switch 2 Port, USB 2.0 Switch mit 4K @ 60Hz HDMI Switch 2 PC Kompatibel mit Tastatur Maus und einem HD Monitor, unterst\u00fctzt 3D HDR, mit 2 USB Kabel und 2 HDMI Kabel.","robots":{"index":"index","follow":"follow","max-snippet":"max-snippet:-1","max-image-preview":"max-image-preview:large","max-video-preview":"max-video-preview:-1"},"canonical":"https:\/\/marktxxl.de\/markt\/produkt\/ugreen-hdmi-2-0-switch-usb-kvm-switch-2-port-usb-2-0-switch-mit-4k-60hz-hdmi-switch-2-pc-kompatibel-mit-tastatur-maus-und-einem-hd-monitor-unterstuetzt-3d-hdr-mit-2-usb-kabel-und-2-hdmi-kabel\/","og_locale":"de_DE","og_type":"article","og_title":"UGREEN HDMI 2.0 Switch USB KVM Switch 2 Port, USB 2.0 Switch mit 4K @ 60Hz HDMI Switch 2 PC Kompatibel mit Tastatur Maus und einem HD Monitor, unterst\u00fctzt 3D HDR, mit 2 USB Kabel und 2 HDMI Kabel. - Markt-XXL","og_description":"Markt-XXL UGREEN HDMI 2.0 Switch USB KVM Switch 2 Port, USB 2.0 Switch mit 4K @ 60Hz HDMI Switch 2 PC Kompatibel mit Tastatur Maus und einem HD Monitor, unterst\u00fctzt 3D HDR, mit 2 USB Kabel und 2 HDMI Kabel.","og_url":"https:\/\/marktxxl.de\/markt\/produkt\/ugreen-hdmi-2-0-switch-usb-kvm-switch-2-port-usb-2-0-switch-mit-4k-60hz-hdmi-switch-2-pc-kompatibel-mit-tastatur-maus-und-einem-hd-monitor-unterstuetzt-3d-hdr-mit-2-usb-kabel-und-2-hdmi-kabel\/","og_site_name":"Markt-XXL","twitter_card":"summary_large_image","twitter_misc":{"Gesch\u00e4tzte Lesezeit":"1\u00a0Minute"},"schema":{"@context":"https:\/\/schema.org","@graph":[{"@type":"WebPage","@id":"https:\/\/marktxxl.de\/markt\/produkt\/ugreen-hdmi-2-0-switch-usb-kvm-switch-2-port-usb-2-0-switch-mit-4k-60hz-hdmi-switch-2-pc-kompatibel-mit-tastatur-maus-und-einem-hd-monitor-unterstuetzt-3d-hdr-mit-2-usb-kabel-und-2-hdmi-kabel\/","url":"https:\/\/marktxxl.de\/markt\/produkt\/ugreen-hdmi-2-0-switch-usb-kvm-switch-2-port-usb-2-0-switch-mit-4k-60hz-hdmi-switch-2-pc-kompatibel-mit-tastatur-maus-und-einem-hd-monitor-unterstuetzt-3d-hdr-mit-2-usb-kabel-und-2-hdmi-kabel\/","name":"UGREEN HDMI 2.0 Switch USB KVM Switch 2 Port, USB 2.0 Switch mit 4K @ 60Hz HDMI Switch 2 PC Kompatibel mit Tastatur Maus und einem HD Monitor, unterst\u00fctzt 3D HDR, mit 2 USB Kabel und 2 HDMI Kabel. - Markt-XXL","isPartOf":{"@id":"https:\/\/marktxxl.de\/markt\/#website"},"primaryImageOfPage":{"@id":"https:\/\/marktxxl.de\/markt\/produkt\/ugreen-hdmi-2-0-switch-usb-kvm-switch-2-port-usb-2-0-switch-mit-4k-60hz-hdmi-switch-2-pc-kompatibel-mit-tastatur-maus-und-einem-hd-monitor-unterstuetzt-3d-hdr-mit-2-usb-kabel-und-2-hdmi-kabel\/#primaryimage"},"image":{"@id":"https:\/\/marktxxl.de\/markt\/produkt\/ugreen-hdmi-2-0-switch-usb-kvm-switch-2-port-usb-2-0-switch-mit-4k-60hz-hdmi-switch-2-pc-kompatibel-mit-tastatur-maus-und-einem-hd-monitor-unterstuetzt-3d-hdr-mit-2-usb-kabel-und-2-hdmi-kabel\/#primaryimage"},"thumbnailUrl":"https:\/\/m.media-amazon.com\/images\/I\/41XaqXavqwL._SL500_.jpg","datePublished":"2023-04-10T12:19:32+00:00","description":"Markt-XXL UGREEN HDMI 2.0 Switch USB KVM Switch 2 Port, USB 2.0 Switch mit 4K @ 60Hz HDMI Switch 2 PC Kompatibel mit Tastatur Maus und einem HD Monitor, unterst\u00fctzt 3D HDR, mit 2 USB Kabel und 2 HDMI Kabel.","breadcrumb":{"@id":"https:\/\/marktxxl.de\/markt\/produkt\/ugreen-hdmi-2-0-switch-usb-kvm-switch-2-port-usb-2-0-switch-mit-4k-60hz-hdmi-switch-2-pc-kompatibel-mit-tastatur-maus-und-einem-hd-monitor-unterstuetzt-3d-hdr-mit-2-usb-kabel-und-2-hdmi-kabel\/#breadcrumb"},"inLanguage":"de","potentialAction":[{"@type":"ReadAction","target":["https:\/\/marktxxl.de\/markt\/produkt\/ugreen-hdmi-2-0-switch-usb-kvm-switch-2-port-usb-2-0-switch-mit-4k-60hz-hdmi-switch-2-pc-kompatibel-mit-tastatur-maus-und-einem-hd-monitor-unterstuetzt-3d-hdr-mit-2-usb-kabel-und-2-hdmi-kabel\/"]}]},{"@type":"ImageObject","inLanguage":"de","@id":"https:\/\/marktxxl.de\/markt\/produkt\/ugreen-hdmi-2-0-switch-usb-kvm-switch-2-port-usb-2-0-switch-mit-4k-60hz-hdmi-switch-2-pc-kompatibel-mit-tastatur-maus-und-einem-hd-monitor-unterstuetzt-3d-hdr-mit-2-usb-kabel-und-2-hdmi-kabel\/#primaryimage","url":"https:\/\/m.media-amazon.com\/images\/I\/41XaqXavqwL._SL500_.jpg","contentUrl":"https:\/\/m.media-amazon.com\/images\/I\/41XaqXavqwL._SL500_.jpg","width":500,"height":400},{"@type":"BreadcrumbList","@id":"https:\/\/marktxxl.de\/markt\/produkt\/ugreen-hdmi-2-0-switch-usb-kvm-switch-2-port-usb-2-0-switch-mit-4k-60hz-hdmi-switch-2-pc-kompatibel-mit-tastatur-maus-und-einem-hd-monitor-unterstuetzt-3d-hdr-mit-2-usb-kabel-und-2-hdmi-kabel\/#breadcrumb","itemListElement":[{"@type":"ListItem","position":1,"name":"Startseite","item":"https:\/\/marktxxl.de\/markt\/"},{"@type":"ListItem","position":2,"name":"Markt","item":"https:\/\/marktxxl.de\/markt\/"},{"@type":"ListItem","position":3,"name":"UGREEN HDMI 2.0 Switch USB KVM Switch 2 Port, USB 2.0 Switch mit 4K @ 60Hz HDMI Switch 2 PC Kompatibel mit Tastatur Maus und einem HD Monitor, unterst\u00fctzt 3D HDR, mit 2 USB Kabel und 2 HDMI Kabel."}]},{"@type":"WebSite","@id":"https:\/\/marktxxl.de\/markt\/#website","url":"https:\/\/marktxxl.de\/markt\/","name":"Markt-XXL","description":"Ihr Markt Online","publisher":{"@id":"https:\/\/marktxxl.de\/markt\/#organization"},"potentialAction":[{"@type":"SearchAction","target":{"@type":"EntryPoint","urlTemplate":"https:\/\/marktxxl.de\/markt\/?s={search_term_string}"},"query-input":{"@type":"PropertyValueSpecification","valueRequired":true,"valueName":"search_term_string"}}],"inLanguage":"de"},{"@type":"Organization","@id":"https:\/\/marktxxl.de\/markt\/#organization","name":"Markt-XXL","url":"https:\/\/marktxxl.de\/markt\/","logo":{"@type":"ImageObject","inLanguage":"de","@id":"https:\/\/marktxxl.de\/markt\/#\/schema\/logo\/image\/","url":"https:\/\/marktxxl.de\/markt\/wp-content\/uploads\/sites\/3\/2020\/12\/logo.png","contentUrl":"https:\/\/marktxxl.de\/markt\/wp-content\/uploads\/sites\/3\/2020\/12\/logo.png","width":200,"height":70,"caption":"Markt-XXL"},"image":{"@id":"https:\/\/marktxxl.de\/markt\/#\/schema\/logo\/image\/"}}]}},"_links":{"self":[{"href":"https:\/\/marktxxl.de\/markt\/wp-json\/wp\/v2\/product\/202062","targetHints":{"allow":["GET"]}}],"collection":[{"href":"https:\/\/marktxxl.de\/markt\/wp-json\/wp\/v2\/product"}],"about":[{"href":"https:\/\/marktxxl.de\/markt\/wp-json\/wp\/v2\/types\/product"}],"replies":[{"embeddable":true,"href":"https:\/\/marktxxl.de\/markt\/wp-json\/wp\/v2\/comments?post=202062"}],"wp:featuredmedia":[{"embeddable":true,"href":"https:\/\/marktxxl.de\/markt\/wp-json\/wp\/v2\/media\/202063"}],"wp:attachment":[{"href":"https:\/\/marktxxl.de\/markt\/wp-json\/wp\/v2\/media?parent=202062"}],"wp:term":[{"taxonomy":"product_brand","embeddable":true,"href":"https:\/\/marktxxl.de\/markt\/wp-json\/wp\/v2\/product_brand?post=202062"},{"taxonomy":"product_cat","embeddable":true,"href":"https:\/\/marktxxl.de\/markt\/wp-json\/wp\/v2\/product_cat?post=202062"},{"taxonomy":"product_tag","embeddable":true,"href":"https:\/\/marktxxl.de\/markt\/wp-json\/wp\/v2\/product_tag?post=202062"}],"curies":[{"name":"wp","href":"https:\/\/api.w.org\/{rel}","templated":true}]}}