{"id":201968,"date":"2023-04-10T14:14:42","date_gmt":"2023-04-10T12:14:42","guid":{"rendered":"https:\/\/marktxxl.de\/markt\/produkt\/4tb-tragbare-ssd-externe-festplatte-usb-3-1-usb-c-ssd-festplatte-4tb-externe-solid-state-drive-kompatibel-mit-mac-desktop-laptop-android-windows-linux-4tb-blau\/"},"modified":"2023-04-10T14:14:42","modified_gmt":"2023-04-10T12:14:42","slug":"4tb-tragbare-ssd-externe-festplatte-usb-3-1-usb-c-ssd-festplatte-4tb-externe-solid-state-drive-kompatibel-mit-mac-desktop-laptop-android-windows-linux-4tb-blau","status":"publish","type":"product","link":"https:\/\/marktxxl.de\/markt\/produkt\/4tb-tragbare-ssd-externe-festplatte-usb-3-1-usb-c-ssd-festplatte-4tb-externe-solid-state-drive-kompatibel-mit-mac-desktop-laptop-android-windows-linux-4tb-blau\/","title":{"rendered":"4TB tragbare SSD Externe Festplatte USB 3.1 USB-C SSD Festplatte 4TB Externe Solid State Drive kompatibel mit Mac\/Desktop\/Laptop\/Android\/Windows\/Linux (4TB, Blau)"},"content":{"rendered":"<p>\u3010Plug-and-Play\u3011 Die externe Festplatte ben\u00f6tigt keine externe Stromversorgung, Software Installation oder jedes Netzwerk, einfach in das Laufwerk einstecken und verwenden. Provide ideal additional storage space for your computer and game console.<br \/>\n\u3010Multi-Device Compatibility\u3011In Zusatz zu traditionellen Laptops und Desktop-Computern ist der mobile externe SSD Speicher auch kompatibel mit Smart TVs, PS5\/PS4, Xbox Series, Mac, Win 7 und h\u00f6her, und Some Android-Smartphones mit OTG-Funktion. Das externe SSD Produkt kommt mit einem USB A auf USB 3.1\/Type-C Datenkabel zum einfachen Verbinden Ihrer Ger\u00e4te.<br \/>\n\u3010Advanced Smart Chip\u3011Der externe solide State Drive adopts the advanced smart chip and cooperates with USB 3.1 interface protoccol provides fast-data transfer (up to 2-3x faster than normal external HDDs). Gute Idee f\u00fcr \u00dcbertragungsringe in gro\u00dfen Gr\u00f6\u00dfen inklusive 4 K Videos, hohe Aufl\u00f6sung von Fotos, Spielen und mehr.<br \/>\n\u3010Kompaktes und tragbares Design\u3011 Das sto\u00dffeste Metalldesign passt in die Handfl\u00e4che Ihrer Hand und ist leicht zu gleiten in Ihrer Tasche oder in der Hand, um Arbeit und Unterhaltung auf dem Go.<br \/>\n\u3010Product and Warranty\u3011- Wir bieten 3 Jahre Produktwarranty und freie Lebensdauer der technischen Unterst\u00fctzung. If you have any questions or suggestions about our product, please contact us directly, we will solve it for you in time. Lieferumfang: 1 x 4 TB tragbare externe Festplatte, 1 x USB 3.1\/USB-C Datenkabel, 2 x USB3.1\/USB-C Connectors zum Verbinden Ihrer Ger\u00e4te.<br \/>\n<div class=\"main-cross-sell\" data-asin=\"B0BVZX28N4\">\n\n\t<div class=\"WooZone-cross-sell-loader\">\n\t\t<div>\n\t\t\t<div id=\"floatingBarsG\">\n\t\t\t\t<div class=\"blockG\" id=\"rotateG_01\"><\/div>\n\t\t\t\t<div class=\"blockG\" id=\"rotateG_02\"><\/div>\n\t\t\t\t<div class=\"blockG\" id=\"rotateG_03\"><\/div>\n\t\t\t\t<div class=\"blockG\" id=\"rotateG_04\"><\/div>\n\t\t\t\t<div class=\"blockG\" id=\"rotateG_05\"><\/div>\n\t\t\t\t<div class=\"blockG\" id=\"rotateG_06\"><\/div>\n\t\t\t\t<div class=\"blockG\" id=\"rotateG_07\"><\/div>\n\t\t\t\t<div class=\"blockG\" id=\"rotateG_08\"><\/div>\n\t\t\t<\/div>\n\t\t\t<div class=\"WooZone-cross-sell-loader-text\"><\/div>\n\t\t<\/div>\n\t<\/div>\n\n\t\t\n<\/div>\n<div style=\"clear:both;\"><\/div><\/p>\n","protected":false},"excerpt":{"rendered":"<p>\u3010Plug-and-Play\u3011 Die externe Festplatte ben\u00f6tigt keine externe Stromversorgung, Software Installation oder jedes Netzwerk, einfach in das Laufwerk einstecken und verwenden. Provide ideal additional storage space for your computer and game console.<br \/>\n\u3010Multi-Device Compatibility\u3011In Zusatz zu traditionellen Laptops und Desktop-Computern ist der mobile externe SSD Speicher auch kompatibel mit Smart TVs, PS5\/PS4, Xbox Series, Mac, Win 7 und h\u00f6her, und Some Android-Smartphones mit OTG-Funktion. Das externe SSD Produkt kommt mit einem USB A auf USB 3.1\/Type-C Datenkabel zum einfachen Verbinden Ihrer Ger\u00e4te.<br \/>\n\u3010Advanced Smart Chip\u3011Der externe solide State Drive adopts the advanced smart chip and cooperates with USB 3.1 interface protoccol provides fast-data transfer (up to 2-3x faster than normal external HDDs). Gute Idee f\u00fcr \u00dcbertragungsringe in gro\u00dfen Gr\u00f6\u00dfen inklusive 4 K Videos, hohe Aufl\u00f6sung von Fotos, Spielen und mehr.<\/p>\n","protected":false},"featured_media":201969,"comment_status":"open","ping_status":"closed","template":"","meta":[],"product_brand":[],"product_cat":[863],"product_tag":[],"class_list":{"0":"post-201968","1":"product","2":"type-product","3":"status-publish","4":"has-post-thumbnail","6":"product_cat-computer-zubehoer","7":"pa_binding-elektronik","8":"pa_brand-generic","9":"pa_color-blau","10":"pa_height-0-5118110231-zoll","11":"pa_length-4-9606299162-zoll","12":"pa_manufacturer-generic","13":"pa_size-4tb","14":"pa_width-2-9527559025-zoll","16":"first","17":"instock","18":"shipping-taxable","19":"purchasable","20":"product-type-simple","21":"customify-col","22":"product-has-gallery"},"yoast_head":"<!-- This site is optimized with the Yoast SEO plugin v27.3 - https:\/\/yoast.com\/product\/yoast-seo-wordpress\/ -->\n<title>4TB tragbare SSD Externe Festplatte USB 3.1 USB-C SSD Festplatte 4TB Externe Solid State Drive kompatibel mit Mac\/Desktop\/Laptop\/Android\/Windows\/Linux (4TB, Blau) - Markt-XXL<\/title>\n<meta name=\"description\" content=\"Markt-XXL 4TB tragbare SSD Externe Festplatte USB 3.1 USB-C SSD Festplatte 4TB Externe Solid State Drive kompatibel mit Mac\/Desktop\/Laptop\/Android\/Windows\/Linux (4TB, Blau)\" \/>\n<meta name=\"robots\" content=\"index, follow, max-snippet:-1, max-image-preview:large, max-video-preview:-1\" \/>\n<link rel=\"canonical\" href=\"https:\/\/marktxxl.de\/markt\/produkt\/4tb-tragbare-ssd-externe-festplatte-usb-3-1-usb-c-ssd-festplatte-4tb-externe-solid-state-drive-kompatibel-mit-mac-desktop-laptop-android-windows-linux-4tb-blau\/\" \/>\n<meta property=\"og:locale\" content=\"de_DE\" \/>\n<meta property=\"og:type\" content=\"article\" \/>\n<meta property=\"og:title\" content=\"4TB tragbare SSD Externe Festplatte USB 3.1 USB-C SSD Festplatte 4TB Externe Solid State Drive kompatibel mit Mac\/Desktop\/Laptop\/Android\/Windows\/Linux (4TB, Blau) - Markt-XXL\" \/>\n<meta property=\"og:description\" content=\"Markt-XXL 4TB tragbare SSD Externe Festplatte USB 3.1 USB-C SSD Festplatte 4TB Externe Solid State Drive kompatibel mit Mac\/Desktop\/Laptop\/Android\/Windows\/Linux (4TB, Blau)\" \/>\n<meta property=\"og:url\" content=\"https:\/\/marktxxl.de\/markt\/produkt\/4tb-tragbare-ssd-externe-festplatte-usb-3-1-usb-c-ssd-festplatte-4tb-externe-solid-state-drive-kompatibel-mit-mac-desktop-laptop-android-windows-linux-4tb-blau\/\" \/>\n<meta property=\"og:site_name\" content=\"Markt-XXL\" \/>\n<meta name=\"twitter:card\" content=\"summary_large_image\" \/>\n<meta name=\"twitter:label1\" content=\"Gesch\u00e4tzte Lesezeit\" \/>\n\t<meta name=\"twitter:data1\" content=\"1\u00a0Minute\" \/>\n<script type=\"application\/ld+json\" class=\"yoast-schema-graph\">{\"@context\":\"https:\\\/\\\/schema.org\",\"@graph\":[{\"@type\":\"WebPage\",\"@id\":\"https:\\\/\\\/marktxxl.de\\\/markt\\\/produkt\\\/4tb-tragbare-ssd-externe-festplatte-usb-3-1-usb-c-ssd-festplatte-4tb-externe-solid-state-drive-kompatibel-mit-mac-desktop-laptop-android-windows-linux-4tb-blau\\\/\",\"url\":\"https:\\\/\\\/marktxxl.de\\\/markt\\\/produkt\\\/4tb-tragbare-ssd-externe-festplatte-usb-3-1-usb-c-ssd-festplatte-4tb-externe-solid-state-drive-kompatibel-mit-mac-desktop-laptop-android-windows-linux-4tb-blau\\\/\",\"name\":\"4TB tragbare SSD Externe Festplatte USB 3.1 USB-C SSD Festplatte 4TB Externe Solid State Drive kompatibel mit Mac\\\/Desktop\\\/Laptop\\\/Android\\\/Windows\\\/Linux (4TB, Blau) - Markt-XXL\",\"isPartOf\":{\"@id\":\"https:\\\/\\\/marktxxl.de\\\/markt\\\/#website\"},\"primaryImageOfPage\":{\"@id\":\"https:\\\/\\\/marktxxl.de\\\/markt\\\/produkt\\\/4tb-tragbare-ssd-externe-festplatte-usb-3-1-usb-c-ssd-festplatte-4tb-externe-solid-state-drive-kompatibel-mit-mac-desktop-laptop-android-windows-linux-4tb-blau\\\/#primaryimage\"},\"image\":{\"@id\":\"https:\\\/\\\/marktxxl.de\\\/markt\\\/produkt\\\/4tb-tragbare-ssd-externe-festplatte-usb-3-1-usb-c-ssd-festplatte-4tb-externe-solid-state-drive-kompatibel-mit-mac-desktop-laptop-android-windows-linux-4tb-blau\\\/#primaryimage\"},\"thumbnailUrl\":\"https:\\\/\\\/m.media-amazon.com\\\/images\\\/I\\\/51apO5DKMoL._SL500_.jpg\",\"datePublished\":\"2023-04-10T12:14:42+00:00\",\"description\":\"Markt-XXL 4TB tragbare SSD Externe Festplatte USB 3.1 USB-C SSD Festplatte 4TB Externe Solid State Drive kompatibel mit Mac\\\/Desktop\\\/Laptop\\\/Android\\\/Windows\\\/Linux (4TB, Blau)\",\"breadcrumb\":{\"@id\":\"https:\\\/\\\/marktxxl.de\\\/markt\\\/produkt\\\/4tb-tragbare-ssd-externe-festplatte-usb-3-1-usb-c-ssd-festplatte-4tb-externe-solid-state-drive-kompatibel-mit-mac-desktop-laptop-android-windows-linux-4tb-blau\\\/#breadcrumb\"},\"inLanguage\":\"de\",\"potentialAction\":[{\"@type\":\"ReadAction\",\"target\":[\"https:\\\/\\\/marktxxl.de\\\/markt\\\/produkt\\\/4tb-tragbare-ssd-externe-festplatte-usb-3-1-usb-c-ssd-festplatte-4tb-externe-solid-state-drive-kompatibel-mit-mac-desktop-laptop-android-windows-linux-4tb-blau\\\/\"]}]},{\"@type\":\"ImageObject\",\"inLanguage\":\"de\",\"@id\":\"https:\\\/\\\/marktxxl.de\\\/markt\\\/produkt\\\/4tb-tragbare-ssd-externe-festplatte-usb-3-1-usb-c-ssd-festplatte-4tb-externe-solid-state-drive-kompatibel-mit-mac-desktop-laptop-android-windows-linux-4tb-blau\\\/#primaryimage\",\"url\":\"https:\\\/\\\/m.media-amazon.com\\\/images\\\/I\\\/51apO5DKMoL._SL500_.jpg\",\"contentUrl\":\"https:\\\/\\\/m.media-amazon.com\\\/images\\\/I\\\/51apO5DKMoL._SL500_.jpg\",\"width\":401,\"height\":500},{\"@type\":\"BreadcrumbList\",\"@id\":\"https:\\\/\\\/marktxxl.de\\\/markt\\\/produkt\\\/4tb-tragbare-ssd-externe-festplatte-usb-3-1-usb-c-ssd-festplatte-4tb-externe-solid-state-drive-kompatibel-mit-mac-desktop-laptop-android-windows-linux-4tb-blau\\\/#breadcrumb\",\"itemListElement\":[{\"@type\":\"ListItem\",\"position\":1,\"name\":\"Startseite\",\"item\":\"https:\\\/\\\/marktxxl.de\\\/markt\\\/\"},{\"@type\":\"ListItem\",\"position\":2,\"name\":\"Markt\",\"item\":\"https:\\\/\\\/marktxxl.de\\\/markt\\\/\"},{\"@type\":\"ListItem\",\"position\":3,\"name\":\"4TB tragbare SSD Externe Festplatte USB 3.1 USB-C SSD Festplatte 4TB Externe Solid State Drive kompatibel mit Mac\\\/Desktop\\\/Laptop\\\/Android\\\/Windows\\\/Linux (4TB, Blau)\"}]},{\"@type\":\"WebSite\",\"@id\":\"https:\\\/\\\/marktxxl.de\\\/markt\\\/#website\",\"url\":\"https:\\\/\\\/marktxxl.de\\\/markt\\\/\",\"name\":\"Markt-XXL\",\"description\":\"Ihr Markt Online\",\"publisher\":{\"@id\":\"https:\\\/\\\/marktxxl.de\\\/markt\\\/#organization\"},\"potentialAction\":[{\"@type\":\"SearchAction\",\"target\":{\"@type\":\"EntryPoint\",\"urlTemplate\":\"https:\\\/\\\/marktxxl.de\\\/markt\\\/?s={search_term_string}\"},\"query-input\":{\"@type\":\"PropertyValueSpecification\",\"valueRequired\":true,\"valueName\":\"search_term_string\"}}],\"inLanguage\":\"de\"},{\"@type\":\"Organization\",\"@id\":\"https:\\\/\\\/marktxxl.de\\\/markt\\\/#organization\",\"name\":\"Markt-XXL\",\"url\":\"https:\\\/\\\/marktxxl.de\\\/markt\\\/\",\"logo\":{\"@type\":\"ImageObject\",\"inLanguage\":\"de\",\"@id\":\"https:\\\/\\\/marktxxl.de\\\/markt\\\/#\\\/schema\\\/logo\\\/image\\\/\",\"url\":\"https:\\\/\\\/marktxxl.de\\\/markt\\\/wp-content\\\/uploads\\\/sites\\\/3\\\/2020\\\/12\\\/logo.png\",\"contentUrl\":\"https:\\\/\\\/marktxxl.de\\\/markt\\\/wp-content\\\/uploads\\\/sites\\\/3\\\/2020\\\/12\\\/logo.png\",\"width\":200,\"height\":70,\"caption\":\"Markt-XXL\"},\"image\":{\"@id\":\"https:\\\/\\\/marktxxl.de\\\/markt\\\/#\\\/schema\\\/logo\\\/image\\\/\"}}]}<\/script>\n<!-- \/ Yoast SEO plugin. -->","yoast_head_json":{"title":"4TB tragbare SSD Externe Festplatte USB 3.1 USB-C SSD Festplatte 4TB Externe Solid State Drive kompatibel mit Mac\/Desktop\/Laptop\/Android\/Windows\/Linux (4TB, Blau) - Markt-XXL","description":"Markt-XXL 4TB tragbare SSD Externe Festplatte USB 3.1 USB-C SSD Festplatte 4TB Externe Solid State Drive kompatibel mit Mac\/Desktop\/Laptop\/Android\/Windows\/Linux (4TB, Blau)","robots":{"index":"index","follow":"follow","max-snippet":"max-snippet:-1","max-image-preview":"max-image-preview:large","max-video-preview":"max-video-preview:-1"},"canonical":"https:\/\/marktxxl.de\/markt\/produkt\/4tb-tragbare-ssd-externe-festplatte-usb-3-1-usb-c-ssd-festplatte-4tb-externe-solid-state-drive-kompatibel-mit-mac-desktop-laptop-android-windows-linux-4tb-blau\/","og_locale":"de_DE","og_type":"article","og_title":"4TB tragbare SSD Externe Festplatte USB 3.1 USB-C SSD Festplatte 4TB Externe Solid State Drive kompatibel mit Mac\/Desktop\/Laptop\/Android\/Windows\/Linux (4TB, Blau) - Markt-XXL","og_description":"Markt-XXL 4TB tragbare SSD Externe Festplatte USB 3.1 USB-C SSD Festplatte 4TB Externe Solid State Drive kompatibel mit Mac\/Desktop\/Laptop\/Android\/Windows\/Linux (4TB, Blau)","og_url":"https:\/\/marktxxl.de\/markt\/produkt\/4tb-tragbare-ssd-externe-festplatte-usb-3-1-usb-c-ssd-festplatte-4tb-externe-solid-state-drive-kompatibel-mit-mac-desktop-laptop-android-windows-linux-4tb-blau\/","og_site_name":"Markt-XXL","twitter_card":"summary_large_image","twitter_misc":{"Gesch\u00e4tzte Lesezeit":"1\u00a0Minute"},"schema":{"@context":"https:\/\/schema.org","@graph":[{"@type":"WebPage","@id":"https:\/\/marktxxl.de\/markt\/produkt\/4tb-tragbare-ssd-externe-festplatte-usb-3-1-usb-c-ssd-festplatte-4tb-externe-solid-state-drive-kompatibel-mit-mac-desktop-laptop-android-windows-linux-4tb-blau\/","url":"https:\/\/marktxxl.de\/markt\/produkt\/4tb-tragbare-ssd-externe-festplatte-usb-3-1-usb-c-ssd-festplatte-4tb-externe-solid-state-drive-kompatibel-mit-mac-desktop-laptop-android-windows-linux-4tb-blau\/","name":"4TB tragbare SSD Externe Festplatte USB 3.1 USB-C SSD Festplatte 4TB Externe Solid State Drive kompatibel mit Mac\/Desktop\/Laptop\/Android\/Windows\/Linux (4TB, Blau) - Markt-XXL","isPartOf":{"@id":"https:\/\/marktxxl.de\/markt\/#website"},"primaryImageOfPage":{"@id":"https:\/\/marktxxl.de\/markt\/produkt\/4tb-tragbare-ssd-externe-festplatte-usb-3-1-usb-c-ssd-festplatte-4tb-externe-solid-state-drive-kompatibel-mit-mac-desktop-laptop-android-windows-linux-4tb-blau\/#primaryimage"},"image":{"@id":"https:\/\/marktxxl.de\/markt\/produkt\/4tb-tragbare-ssd-externe-festplatte-usb-3-1-usb-c-ssd-festplatte-4tb-externe-solid-state-drive-kompatibel-mit-mac-desktop-laptop-android-windows-linux-4tb-blau\/#primaryimage"},"thumbnailUrl":"https:\/\/m.media-amazon.com\/images\/I\/51apO5DKMoL._SL500_.jpg","datePublished":"2023-04-10T12:14:42+00:00","description":"Markt-XXL 4TB tragbare SSD Externe Festplatte USB 3.1 USB-C SSD Festplatte 4TB Externe Solid State Drive kompatibel mit Mac\/Desktop\/Laptop\/Android\/Windows\/Linux (4TB, Blau)","breadcrumb":{"@id":"https:\/\/marktxxl.de\/markt\/produkt\/4tb-tragbare-ssd-externe-festplatte-usb-3-1-usb-c-ssd-festplatte-4tb-externe-solid-state-drive-kompatibel-mit-mac-desktop-laptop-android-windows-linux-4tb-blau\/#breadcrumb"},"inLanguage":"de","potentialAction":[{"@type":"ReadAction","target":["https:\/\/marktxxl.de\/markt\/produkt\/4tb-tragbare-ssd-externe-festplatte-usb-3-1-usb-c-ssd-festplatte-4tb-externe-solid-state-drive-kompatibel-mit-mac-desktop-laptop-android-windows-linux-4tb-blau\/"]}]},{"@type":"ImageObject","inLanguage":"de","@id":"https:\/\/marktxxl.de\/markt\/produkt\/4tb-tragbare-ssd-externe-festplatte-usb-3-1-usb-c-ssd-festplatte-4tb-externe-solid-state-drive-kompatibel-mit-mac-desktop-laptop-android-windows-linux-4tb-blau\/#primaryimage","url":"https:\/\/m.media-amazon.com\/images\/I\/51apO5DKMoL._SL500_.jpg","contentUrl":"https:\/\/m.media-amazon.com\/images\/I\/51apO5DKMoL._SL500_.jpg","width":401,"height":500},{"@type":"BreadcrumbList","@id":"https:\/\/marktxxl.de\/markt\/produkt\/4tb-tragbare-ssd-externe-festplatte-usb-3-1-usb-c-ssd-festplatte-4tb-externe-solid-state-drive-kompatibel-mit-mac-desktop-laptop-android-windows-linux-4tb-blau\/#breadcrumb","itemListElement":[{"@type":"ListItem","position":1,"name":"Startseite","item":"https:\/\/marktxxl.de\/markt\/"},{"@type":"ListItem","position":2,"name":"Markt","item":"https:\/\/marktxxl.de\/markt\/"},{"@type":"ListItem","position":3,"name":"4TB tragbare SSD Externe Festplatte USB 3.1 USB-C SSD Festplatte 4TB Externe Solid State Drive kompatibel mit Mac\/Desktop\/Laptop\/Android\/Windows\/Linux (4TB, Blau)"}]},{"@type":"WebSite","@id":"https:\/\/marktxxl.de\/markt\/#website","url":"https:\/\/marktxxl.de\/markt\/","name":"Markt-XXL","description":"Ihr Markt Online","publisher":{"@id":"https:\/\/marktxxl.de\/markt\/#organization"},"potentialAction":[{"@type":"SearchAction","target":{"@type":"EntryPoint","urlTemplate":"https:\/\/marktxxl.de\/markt\/?s={search_term_string}"},"query-input":{"@type":"PropertyValueSpecification","valueRequired":true,"valueName":"search_term_string"}}],"inLanguage":"de"},{"@type":"Organization","@id":"https:\/\/marktxxl.de\/markt\/#organization","name":"Markt-XXL","url":"https:\/\/marktxxl.de\/markt\/","logo":{"@type":"ImageObject","inLanguage":"de","@id":"https:\/\/marktxxl.de\/markt\/#\/schema\/logo\/image\/","url":"https:\/\/marktxxl.de\/markt\/wp-content\/uploads\/sites\/3\/2020\/12\/logo.png","contentUrl":"https:\/\/marktxxl.de\/markt\/wp-content\/uploads\/sites\/3\/2020\/12\/logo.png","width":200,"height":70,"caption":"Markt-XXL"},"image":{"@id":"https:\/\/marktxxl.de\/markt\/#\/schema\/logo\/image\/"}}]}},"_links":{"self":[{"href":"https:\/\/marktxxl.de\/markt\/wp-json\/wp\/v2\/product\/201968","targetHints":{"allow":["GET"]}}],"collection":[{"href":"https:\/\/marktxxl.de\/markt\/wp-json\/wp\/v2\/product"}],"about":[{"href":"https:\/\/marktxxl.de\/markt\/wp-json\/wp\/v2\/types\/product"}],"replies":[{"embeddable":true,"href":"https:\/\/marktxxl.de\/markt\/wp-json\/wp\/v2\/comments?post=201968"}],"wp:featuredmedia":[{"embeddable":true,"href":"https:\/\/marktxxl.de\/markt\/wp-json\/wp\/v2\/media\/201969"}],"wp:attachment":[{"href":"https:\/\/marktxxl.de\/markt\/wp-json\/wp\/v2\/media?parent=201968"}],"wp:term":[{"taxonomy":"product_brand","embeddable":true,"href":"https:\/\/marktxxl.de\/markt\/wp-json\/wp\/v2\/product_brand?post=201968"},{"taxonomy":"product_cat","embeddable":true,"href":"https:\/\/marktxxl.de\/markt\/wp-json\/wp\/v2\/product_cat?post=201968"},{"taxonomy":"product_tag","embeddable":true,"href":"https:\/\/marktxxl.de\/markt\/wp-json\/wp\/v2\/product_tag?post=201968"}],"curies":[{"name":"wp","href":"https:\/\/api.w.org\/{rel}","templated":true}]}}