{"id":201963,"date":"2023-04-10T14:14:30","date_gmt":"2023-04-10T12:14:30","guid":{"rendered":"https:\/\/marktxxl.de\/markt\/produkt\/amd-ryzen-7-7800x3d-prozessor-mit-3d-v-cache-technologie-8-kerne-16-verzerrte-threads-zen-4-architektur-104-m-cache-120-w-tdp-bis-zu-50-ghz-boost-frequenz-amd-5-ddr5-pcie-5-0\/"},"modified":"2023-04-10T14:14:30","modified_gmt":"2023-04-10T12:14:30","slug":"amd-ryzen-7-7800x3d-prozessor-mit-3d-v-cache-technologie-8-kerne-16-verzerrte-threads-zen-4-architektur-104-m-cache-120-w-tdp-bis-zu-50-ghz-boost-frequenz-amd-5-ddr5-pcie-5-0","status":"publish","type":"product","link":"https:\/\/marktxxl.de\/markt\/produkt\/amd-ryzen-7-7800x3d-prozessor-mit-3d-v-cache-technologie-8-kerne-16-verzerrte-threads-zen-4-architektur-104-m-cache-120-w-tdp-bis-zu-50-ghz-boost-frequenz-amd-5-ddr5-pcie-5-0\/","title":{"rendered":"AMD Ryzen 7 7800X3D Prozessor mit 3D V-Cache-Technologie, 8 Kerne\/16 verzerrte Threads, Zen 4-Architektur 104 M Cache, 120 W TDP, bis zu 5,0 GHz Boost-Frequenz, AMD 5, DDR5 &amp; PCIe 5.0"},"content":{"rendered":"<p>ZEN 4 ARCHITECTUR &#8211; Der neue Standard f\u00fcr Spieler und Designer. Erleben Sie unglaubliche Leistung sowie eine h\u00f6here Energieeffizienz dank der neuen AMD Zen 4 Architektur basierend auf einer 5nm Gravurfeinheit, einer Weltpremiere<br \/>\n8 Kerne und 16 Threads: Der Ryzen 7 7800X3D bietet unglaubliche Frequenzen (Base 4,2 GHz \/ Boost 5,0 GHz). \u00dcbertaktung ist nat\u00fcrlich m\u00f6glich, da alle Herzen ungedrosselt sind<br \/>\nFortschrittliche Eigenschaften \u2013 Mit einem TDP von 120 W und seinen 104 MB Cache, der die 3D-V-Cache-Technologie von AMD integriert, ist der Ryzen 7 7800X3D f\u00fcr au\u00dfergew\u00f6hnliche Gaming-Leistungen konzipiert. Es verf\u00fcgt auch \u00fcber einen integrierten AMD RDNA 2 Grafikchip<br \/>\nDDR5 und PCIe 5.0 Speicher &#8211; Ryzen 7000 Serie Prozessoren bieten die neuesten verf\u00fcgbaren Technologien. Genie\u00dfen Sie AMD EXPO f\u00fcr einfaches \u00dcbertakten von DDR5. Profitieren Sie von PCIe 5.0 auf GPU und NVMe SSD Speicher<br \/>\nSOCKET AM5 &#8211; Eine neue Plattform, die f\u00fcr mehrere Generationen gedacht ist. Finden Sie eine gro\u00dfe Auswahl an AMD 5 Motherboards f\u00fcr Ihre Bed\u00fcrfnisse. AM4 Refoizer bleiben kompatibel mit AM5<br \/>\n<div class=\"main-cross-sell\" data-asin=\"B0BTZB7F88\">\n\n\t<div class=\"WooZone-cross-sell-loader\">\n\t\t<div>\n\t\t\t<div id=\"floatingBarsG\">\n\t\t\t\t<div class=\"blockG\" id=\"rotateG_01\"><\/div>\n\t\t\t\t<div class=\"blockG\" id=\"rotateG_02\"><\/div>\n\t\t\t\t<div class=\"blockG\" id=\"rotateG_03\"><\/div>\n\t\t\t\t<div class=\"blockG\" id=\"rotateG_04\"><\/div>\n\t\t\t\t<div class=\"blockG\" id=\"rotateG_05\"><\/div>\n\t\t\t\t<div class=\"blockG\" id=\"rotateG_06\"><\/div>\n\t\t\t\t<div class=\"blockG\" id=\"rotateG_07\"><\/div>\n\t\t\t\t<div class=\"blockG\" id=\"rotateG_08\"><\/div>\n\t\t\t<\/div>\n\t\t\t<div class=\"WooZone-cross-sell-loader-text\"><\/div>\n\t\t<\/div>\n\t<\/div>\n\n\t\t\n<\/div>\n<div style=\"clear:both;\"><\/div><\/p>\n","protected":false},"excerpt":{"rendered":"<p>ZEN 4 ARCHITECTUR &#8211; Der neue Standard f\u00fcr Spieler und Designer. Erleben Sie unglaubliche Leistung sowie eine h\u00f6here Energieeffizienz dank der neuen AMD Zen 4 Architektur basierend auf einer 5nm Gravurfeinheit, einer Weltpremiere<br \/>\n8 Kerne und 16 Threads: Der Ryzen 7 7800X3D bietet unglaubliche Frequenzen (Base 4,2 GHz \/ Boost 5,0 GHz). \u00dcbertaktung ist nat\u00fcrlich m\u00f6glich, da alle Herzen ungedrosselt sind<br \/>\nFortschrittliche Eigenschaften \u2013 Mit einem TDP von 120 W und seinen 104 MB Cache, der die 3D-V-Cache-Technologie von AMD integriert, ist der Ryzen 7 7800X3D f\u00fcr au\u00dfergew\u00f6hnliche Gaming-Leistungen konzipiert. Es verf\u00fcgt auch \u00fcber einen integrierten AMD RDNA 2 Grafikchip<\/p>\n","protected":false},"featured_media":201964,"comment_status":"open","ping_status":"closed","template":"","meta":[],"product_brand":[],"product_cat":[863],"product_tag":[],"class_list":{"0":"post-201963","1":"product","2":"type-product","3":"status-publish","4":"has-post-thumbnail","6":"product_cat-computer-zubehoer","7":"pa_binding-personal-computers","8":"pa_brand-amd","9":"pa_color-schwarz","10":"pa_height-0-23622-zoll","11":"pa_length-1-5748-zoll","12":"pa_manufacturer-amd","13":"pa_model-amd-ryzen-7-7800x3d","14":"pa_warranty-2-jahre-herstellergarantie","15":"pa_weight-0-175-pfund","16":"pa_width-1-5748-zoll","18":"first","19":"instock","20":"shipping-taxable","21":"purchasable","22":"product-type-simple","23":"customify-col","24":"product-has-gallery"},"yoast_head":"<!-- This site is optimized with the Yoast SEO plugin v27.4 - https:\/\/yoast.com\/product\/yoast-seo-wordpress\/ -->\n<title>AMD Ryzen 7 7800X3D Prozessor mit 3D V-Cache-Technologie, 8 Kerne\/16 verzerrte Threads, Zen 4-Architektur 104 M Cache, 120 W TDP, bis zu 5,0 GHz Boost-Frequenz, AMD 5, DDR5 &amp; PCIe 5.0 - Markt-XXL<\/title>\n<meta name=\"description\" content=\"Markt-XXL AMD Ryzen 7 7800X3D Prozessor mit 3D V-Cache-Technologie, 8 Kerne\/16 verzerrte Threads, Zen 4-Architektur 104 M Cache, 120 W TDP, bis zu 5,0 GHz Boost-Frequenz, AMD 5, DDR5 &amp; PCIe 5.0\" \/>\n<meta name=\"robots\" content=\"index, follow, max-snippet:-1, max-image-preview:large, max-video-preview:-1\" \/>\n<link rel=\"canonical\" href=\"https:\/\/marktxxl.de\/markt\/produkt\/amd-ryzen-7-7800x3d-prozessor-mit-3d-v-cache-technologie-8-kerne-16-verzerrte-threads-zen-4-architektur-104-m-cache-120-w-tdp-bis-zu-50-ghz-boost-frequenz-amd-5-ddr5-pcie-5-0\/\" \/>\n<meta property=\"og:locale\" content=\"de_DE\" \/>\n<meta property=\"og:type\" content=\"article\" \/>\n<meta property=\"og:title\" content=\"AMD Ryzen 7 7800X3D Prozessor mit 3D V-Cache-Technologie, 8 Kerne\/16 verzerrte Threads, Zen 4-Architektur 104 M Cache, 120 W TDP, bis zu 5,0 GHz Boost-Frequenz, AMD 5, DDR5 &amp; PCIe 5.0 - Markt-XXL\" \/>\n<meta property=\"og:description\" content=\"Markt-XXL AMD Ryzen 7 7800X3D Prozessor mit 3D V-Cache-Technologie, 8 Kerne\/16 verzerrte Threads, Zen 4-Architektur 104 M Cache, 120 W TDP, bis zu 5,0 GHz Boost-Frequenz, AMD 5, DDR5 &amp; PCIe 5.0\" \/>\n<meta property=\"og:url\" content=\"https:\/\/marktxxl.de\/markt\/produkt\/amd-ryzen-7-7800x3d-prozessor-mit-3d-v-cache-technologie-8-kerne-16-verzerrte-threads-zen-4-architektur-104-m-cache-120-w-tdp-bis-zu-50-ghz-boost-frequenz-amd-5-ddr5-pcie-5-0\/\" \/>\n<meta property=\"og:site_name\" content=\"Markt-XXL\" \/>\n<meta name=\"twitter:card\" content=\"summary_large_image\" \/>\n<meta name=\"twitter:label1\" content=\"Gesch\u00e4tzte Lesezeit\" \/>\n\t<meta name=\"twitter:data1\" content=\"1\u00a0Minute\" \/>\n<script type=\"application\/ld+json\" class=\"yoast-schema-graph\">{\"@context\":\"https:\\\/\\\/schema.org\",\"@graph\":[{\"@type\":\"WebPage\",\"@id\":\"https:\\\/\\\/marktxxl.de\\\/markt\\\/produkt\\\/amd-ryzen-7-7800x3d-prozessor-mit-3d-v-cache-technologie-8-kerne-16-verzerrte-threads-zen-4-architektur-104-m-cache-120-w-tdp-bis-zu-50-ghz-boost-frequenz-amd-5-ddr5-pcie-5-0\\\/\",\"url\":\"https:\\\/\\\/marktxxl.de\\\/markt\\\/produkt\\\/amd-ryzen-7-7800x3d-prozessor-mit-3d-v-cache-technologie-8-kerne-16-verzerrte-threads-zen-4-architektur-104-m-cache-120-w-tdp-bis-zu-50-ghz-boost-frequenz-amd-5-ddr5-pcie-5-0\\\/\",\"name\":\"AMD Ryzen 7 7800X3D Prozessor mit 3D V-Cache-Technologie, 8 Kerne\\\/16 verzerrte Threads, Zen 4-Architektur 104 M Cache, 120 W TDP, bis zu 5,0 GHz Boost-Frequenz, AMD 5, DDR5 &amp; PCIe 5.0 - Markt-XXL\",\"isPartOf\":{\"@id\":\"https:\\\/\\\/marktxxl.de\\\/markt\\\/#website\"},\"primaryImageOfPage\":{\"@id\":\"https:\\\/\\\/marktxxl.de\\\/markt\\\/produkt\\\/amd-ryzen-7-7800x3d-prozessor-mit-3d-v-cache-technologie-8-kerne-16-verzerrte-threads-zen-4-architektur-104-m-cache-120-w-tdp-bis-zu-50-ghz-boost-frequenz-amd-5-ddr5-pcie-5-0\\\/#primaryimage\"},\"image\":{\"@id\":\"https:\\\/\\\/marktxxl.de\\\/markt\\\/produkt\\\/amd-ryzen-7-7800x3d-prozessor-mit-3d-v-cache-technologie-8-kerne-16-verzerrte-threads-zen-4-architektur-104-m-cache-120-w-tdp-bis-zu-50-ghz-boost-frequenz-amd-5-ddr5-pcie-5-0\\\/#primaryimage\"},\"thumbnailUrl\":\"https:\\\/\\\/m.media-amazon.com\\\/images\\\/I\\\/21KtytBd+kL._SL500_.jpg\",\"datePublished\":\"2023-04-10T12:14:30+00:00\",\"description\":\"Markt-XXL AMD Ryzen 7 7800X3D Prozessor mit 3D V-Cache-Technologie, 8 Kerne\\\/16 verzerrte Threads, Zen 4-Architektur 104 M Cache, 120 W TDP, bis zu 5,0 GHz Boost-Frequenz, AMD 5, DDR5 &amp; PCIe 5.0\",\"breadcrumb\":{\"@id\":\"https:\\\/\\\/marktxxl.de\\\/markt\\\/produkt\\\/amd-ryzen-7-7800x3d-prozessor-mit-3d-v-cache-technologie-8-kerne-16-verzerrte-threads-zen-4-architektur-104-m-cache-120-w-tdp-bis-zu-50-ghz-boost-frequenz-amd-5-ddr5-pcie-5-0\\\/#breadcrumb\"},\"inLanguage\":\"de\",\"potentialAction\":[{\"@type\":\"ReadAction\",\"target\":[\"https:\\\/\\\/marktxxl.de\\\/markt\\\/produkt\\\/amd-ryzen-7-7800x3d-prozessor-mit-3d-v-cache-technologie-8-kerne-16-verzerrte-threads-zen-4-architektur-104-m-cache-120-w-tdp-bis-zu-50-ghz-boost-frequenz-amd-5-ddr5-pcie-5-0\\\/\"]}]},{\"@type\":\"ImageObject\",\"inLanguage\":\"de\",\"@id\":\"https:\\\/\\\/marktxxl.de\\\/markt\\\/produkt\\\/amd-ryzen-7-7800x3d-prozessor-mit-3d-v-cache-technologie-8-kerne-16-verzerrte-threads-zen-4-architektur-104-m-cache-120-w-tdp-bis-zu-50-ghz-boost-frequenz-amd-5-ddr5-pcie-5-0\\\/#primaryimage\",\"url\":\"https:\\\/\\\/m.media-amazon.com\\\/images\\\/I\\\/21KtytBd+kL._SL500_.jpg\",\"contentUrl\":\"https:\\\/\\\/m.media-amazon.com\\\/images\\\/I\\\/21KtytBd+kL._SL500_.jpg\",\"width\":500,\"height\":323},{\"@type\":\"BreadcrumbList\",\"@id\":\"https:\\\/\\\/marktxxl.de\\\/markt\\\/produkt\\\/amd-ryzen-7-7800x3d-prozessor-mit-3d-v-cache-technologie-8-kerne-16-verzerrte-threads-zen-4-architektur-104-m-cache-120-w-tdp-bis-zu-50-ghz-boost-frequenz-amd-5-ddr5-pcie-5-0\\\/#breadcrumb\",\"itemListElement\":[{\"@type\":\"ListItem\",\"position\":1,\"name\":\"Startseite\",\"item\":\"https:\\\/\\\/marktxxl.de\\\/markt\\\/\"},{\"@type\":\"ListItem\",\"position\":2,\"name\":\"Markt\",\"item\":\"https:\\\/\\\/marktxxl.de\\\/markt\\\/\"},{\"@type\":\"ListItem\",\"position\":3,\"name\":\"AMD Ryzen 7 7800X3D Prozessor mit 3D V-Cache-Technologie, 8 Kerne\\\/16 verzerrte Threads, Zen 4-Architektur 104 M Cache, 120 W TDP, bis zu 5,0 GHz Boost-Frequenz, AMD 5, DDR5 &amp; PCIe 5.0\"}]},{\"@type\":\"WebSite\",\"@id\":\"https:\\\/\\\/marktxxl.de\\\/markt\\\/#website\",\"url\":\"https:\\\/\\\/marktxxl.de\\\/markt\\\/\",\"name\":\"Markt-XXL\",\"description\":\"Ihr Markt Online\",\"publisher\":{\"@id\":\"https:\\\/\\\/marktxxl.de\\\/markt\\\/#organization\"},\"potentialAction\":[{\"@type\":\"SearchAction\",\"target\":{\"@type\":\"EntryPoint\",\"urlTemplate\":\"https:\\\/\\\/marktxxl.de\\\/markt\\\/?s={search_term_string}\"},\"query-input\":{\"@type\":\"PropertyValueSpecification\",\"valueRequired\":true,\"valueName\":\"search_term_string\"}}],\"inLanguage\":\"de\"},{\"@type\":\"Organization\",\"@id\":\"https:\\\/\\\/marktxxl.de\\\/markt\\\/#organization\",\"name\":\"Markt-XXL\",\"url\":\"https:\\\/\\\/marktxxl.de\\\/markt\\\/\",\"logo\":{\"@type\":\"ImageObject\",\"inLanguage\":\"de\",\"@id\":\"https:\\\/\\\/marktxxl.de\\\/markt\\\/#\\\/schema\\\/logo\\\/image\\\/\",\"url\":\"https:\\\/\\\/marktxxl.de\\\/markt\\\/wp-content\\\/uploads\\\/sites\\\/3\\\/2020\\\/12\\\/logo.png\",\"contentUrl\":\"https:\\\/\\\/marktxxl.de\\\/markt\\\/wp-content\\\/uploads\\\/sites\\\/3\\\/2020\\\/12\\\/logo.png\",\"width\":200,\"height\":70,\"caption\":\"Markt-XXL\"},\"image\":{\"@id\":\"https:\\\/\\\/marktxxl.de\\\/markt\\\/#\\\/schema\\\/logo\\\/image\\\/\"}}]}<\/script>\n<!-- \/ Yoast SEO plugin. -->","yoast_head_json":{"title":"AMD Ryzen 7 7800X3D Prozessor mit 3D V-Cache-Technologie, 8 Kerne\/16 verzerrte Threads, Zen 4-Architektur 104 M Cache, 120 W TDP, bis zu 5,0 GHz Boost-Frequenz, AMD 5, DDR5 &amp; PCIe 5.0 - Markt-XXL","description":"Markt-XXL AMD Ryzen 7 7800X3D Prozessor mit 3D V-Cache-Technologie, 8 Kerne\/16 verzerrte Threads, Zen 4-Architektur 104 M Cache, 120 W TDP, bis zu 5,0 GHz Boost-Frequenz, AMD 5, DDR5 &amp; PCIe 5.0","robots":{"index":"index","follow":"follow","max-snippet":"max-snippet:-1","max-image-preview":"max-image-preview:large","max-video-preview":"max-video-preview:-1"},"canonical":"https:\/\/marktxxl.de\/markt\/produkt\/amd-ryzen-7-7800x3d-prozessor-mit-3d-v-cache-technologie-8-kerne-16-verzerrte-threads-zen-4-architektur-104-m-cache-120-w-tdp-bis-zu-50-ghz-boost-frequenz-amd-5-ddr5-pcie-5-0\/","og_locale":"de_DE","og_type":"article","og_title":"AMD Ryzen 7 7800X3D Prozessor mit 3D V-Cache-Technologie, 8 Kerne\/16 verzerrte Threads, Zen 4-Architektur 104 M Cache, 120 W TDP, bis zu 5,0 GHz Boost-Frequenz, AMD 5, DDR5 &amp; PCIe 5.0 - Markt-XXL","og_description":"Markt-XXL AMD Ryzen 7 7800X3D Prozessor mit 3D V-Cache-Technologie, 8 Kerne\/16 verzerrte Threads, Zen 4-Architektur 104 M Cache, 120 W TDP, bis zu 5,0 GHz Boost-Frequenz, AMD 5, DDR5 &amp; PCIe 5.0","og_url":"https:\/\/marktxxl.de\/markt\/produkt\/amd-ryzen-7-7800x3d-prozessor-mit-3d-v-cache-technologie-8-kerne-16-verzerrte-threads-zen-4-architektur-104-m-cache-120-w-tdp-bis-zu-50-ghz-boost-frequenz-amd-5-ddr5-pcie-5-0\/","og_site_name":"Markt-XXL","twitter_card":"summary_large_image","twitter_misc":{"Gesch\u00e4tzte Lesezeit":"1\u00a0Minute"},"schema":{"@context":"https:\/\/schema.org","@graph":[{"@type":"WebPage","@id":"https:\/\/marktxxl.de\/markt\/produkt\/amd-ryzen-7-7800x3d-prozessor-mit-3d-v-cache-technologie-8-kerne-16-verzerrte-threads-zen-4-architektur-104-m-cache-120-w-tdp-bis-zu-50-ghz-boost-frequenz-amd-5-ddr5-pcie-5-0\/","url":"https:\/\/marktxxl.de\/markt\/produkt\/amd-ryzen-7-7800x3d-prozessor-mit-3d-v-cache-technologie-8-kerne-16-verzerrte-threads-zen-4-architektur-104-m-cache-120-w-tdp-bis-zu-50-ghz-boost-frequenz-amd-5-ddr5-pcie-5-0\/","name":"AMD Ryzen 7 7800X3D Prozessor mit 3D V-Cache-Technologie, 8 Kerne\/16 verzerrte Threads, Zen 4-Architektur 104 M Cache, 120 W TDP, bis zu 5,0 GHz Boost-Frequenz, AMD 5, DDR5 &amp; PCIe 5.0 - Markt-XXL","isPartOf":{"@id":"https:\/\/marktxxl.de\/markt\/#website"},"primaryImageOfPage":{"@id":"https:\/\/marktxxl.de\/markt\/produkt\/amd-ryzen-7-7800x3d-prozessor-mit-3d-v-cache-technologie-8-kerne-16-verzerrte-threads-zen-4-architektur-104-m-cache-120-w-tdp-bis-zu-50-ghz-boost-frequenz-amd-5-ddr5-pcie-5-0\/#primaryimage"},"image":{"@id":"https:\/\/marktxxl.de\/markt\/produkt\/amd-ryzen-7-7800x3d-prozessor-mit-3d-v-cache-technologie-8-kerne-16-verzerrte-threads-zen-4-architektur-104-m-cache-120-w-tdp-bis-zu-50-ghz-boost-frequenz-amd-5-ddr5-pcie-5-0\/#primaryimage"},"thumbnailUrl":"https:\/\/m.media-amazon.com\/images\/I\/21KtytBd+kL._SL500_.jpg","datePublished":"2023-04-10T12:14:30+00:00","description":"Markt-XXL AMD Ryzen 7 7800X3D Prozessor mit 3D V-Cache-Technologie, 8 Kerne\/16 verzerrte Threads, Zen 4-Architektur 104 M Cache, 120 W TDP, bis zu 5,0 GHz Boost-Frequenz, AMD 5, DDR5 &amp; PCIe 5.0","breadcrumb":{"@id":"https:\/\/marktxxl.de\/markt\/produkt\/amd-ryzen-7-7800x3d-prozessor-mit-3d-v-cache-technologie-8-kerne-16-verzerrte-threads-zen-4-architektur-104-m-cache-120-w-tdp-bis-zu-50-ghz-boost-frequenz-amd-5-ddr5-pcie-5-0\/#breadcrumb"},"inLanguage":"de","potentialAction":[{"@type":"ReadAction","target":["https:\/\/marktxxl.de\/markt\/produkt\/amd-ryzen-7-7800x3d-prozessor-mit-3d-v-cache-technologie-8-kerne-16-verzerrte-threads-zen-4-architektur-104-m-cache-120-w-tdp-bis-zu-50-ghz-boost-frequenz-amd-5-ddr5-pcie-5-0\/"]}]},{"@type":"ImageObject","inLanguage":"de","@id":"https:\/\/marktxxl.de\/markt\/produkt\/amd-ryzen-7-7800x3d-prozessor-mit-3d-v-cache-technologie-8-kerne-16-verzerrte-threads-zen-4-architektur-104-m-cache-120-w-tdp-bis-zu-50-ghz-boost-frequenz-amd-5-ddr5-pcie-5-0\/#primaryimage","url":"https:\/\/m.media-amazon.com\/images\/I\/21KtytBd+kL._SL500_.jpg","contentUrl":"https:\/\/m.media-amazon.com\/images\/I\/21KtytBd+kL._SL500_.jpg","width":500,"height":323},{"@type":"BreadcrumbList","@id":"https:\/\/marktxxl.de\/markt\/produkt\/amd-ryzen-7-7800x3d-prozessor-mit-3d-v-cache-technologie-8-kerne-16-verzerrte-threads-zen-4-architektur-104-m-cache-120-w-tdp-bis-zu-50-ghz-boost-frequenz-amd-5-ddr5-pcie-5-0\/#breadcrumb","itemListElement":[{"@type":"ListItem","position":1,"name":"Startseite","item":"https:\/\/marktxxl.de\/markt\/"},{"@type":"ListItem","position":2,"name":"Markt","item":"https:\/\/marktxxl.de\/markt\/"},{"@type":"ListItem","position":3,"name":"AMD Ryzen 7 7800X3D Prozessor mit 3D V-Cache-Technologie, 8 Kerne\/16 verzerrte Threads, Zen 4-Architektur 104 M Cache, 120 W TDP, bis zu 5,0 GHz Boost-Frequenz, AMD 5, DDR5 &amp; PCIe 5.0"}]},{"@type":"WebSite","@id":"https:\/\/marktxxl.de\/markt\/#website","url":"https:\/\/marktxxl.de\/markt\/","name":"Markt-XXL","description":"Ihr Markt Online","publisher":{"@id":"https:\/\/marktxxl.de\/markt\/#organization"},"potentialAction":[{"@type":"SearchAction","target":{"@type":"EntryPoint","urlTemplate":"https:\/\/marktxxl.de\/markt\/?s={search_term_string}"},"query-input":{"@type":"PropertyValueSpecification","valueRequired":true,"valueName":"search_term_string"}}],"inLanguage":"de"},{"@type":"Organization","@id":"https:\/\/marktxxl.de\/markt\/#organization","name":"Markt-XXL","url":"https:\/\/marktxxl.de\/markt\/","logo":{"@type":"ImageObject","inLanguage":"de","@id":"https:\/\/marktxxl.de\/markt\/#\/schema\/logo\/image\/","url":"https:\/\/marktxxl.de\/markt\/wp-content\/uploads\/sites\/3\/2020\/12\/logo.png","contentUrl":"https:\/\/marktxxl.de\/markt\/wp-content\/uploads\/sites\/3\/2020\/12\/logo.png","width":200,"height":70,"caption":"Markt-XXL"},"image":{"@id":"https:\/\/marktxxl.de\/markt\/#\/schema\/logo\/image\/"}}]}},"_links":{"self":[{"href":"https:\/\/marktxxl.de\/markt\/wp-json\/wp\/v2\/product\/201963","targetHints":{"allow":["GET"]}}],"collection":[{"href":"https:\/\/marktxxl.de\/markt\/wp-json\/wp\/v2\/product"}],"about":[{"href":"https:\/\/marktxxl.de\/markt\/wp-json\/wp\/v2\/types\/product"}],"replies":[{"embeddable":true,"href":"https:\/\/marktxxl.de\/markt\/wp-json\/wp\/v2\/comments?post=201963"}],"wp:featuredmedia":[{"embeddable":true,"href":"https:\/\/marktxxl.de\/markt\/wp-json\/wp\/v2\/media\/201964"}],"wp:attachment":[{"href":"https:\/\/marktxxl.de\/markt\/wp-json\/wp\/v2\/media?parent=201963"}],"wp:term":[{"taxonomy":"product_brand","embeddable":true,"href":"https:\/\/marktxxl.de\/markt\/wp-json\/wp\/v2\/product_brand?post=201963"},{"taxonomy":"product_cat","embeddable":true,"href":"https:\/\/marktxxl.de\/markt\/wp-json\/wp\/v2\/product_cat?post=201963"},{"taxonomy":"product_tag","embeddable":true,"href":"https:\/\/marktxxl.de\/markt\/wp-json\/wp\/v2\/product_tag?post=201963"}],"curies":[{"name":"wp","href":"https:\/\/api.w.org\/{rel}","templated":true}]}}