{"id":201906,"date":"2023-04-10T14:12:00","date_gmt":"2023-04-10T12:12:00","guid":{"rendered":"https:\/\/marktxxl.de\/markt\/produkt\/lego-art-world-map-31203-building-kit-meaningful-collectible-wall-art-for-diy-and-map-enthusiasts-new-2021-11695-pieces\/"},"modified":"2023-04-10T14:12:00","modified_gmt":"2023-04-10T12:12:00","slug":"lego-art-world-map-31203-building-kit-meaningful-collectible-wall-art-for-diy-and-map-enthusiasts-new-2021-11695-pieces","status":"publish","type":"product","link":"https:\/\/marktxxl.de\/markt\/produkt\/lego-art-world-map-31203-building-kit-meaningful-collectible-wall-art-for-diy-and-map-enthusiasts-new-2021-11695-pieces\/","title":{"rendered":"LEGO Art World Map 31203 Building Kit; Meaningful, Collectible Wall Art for DIY and Map Enthusiasts; New 2021 (11,695\u00a0Pieces)"},"content":{"rendered":"<p>Befreien Sie Ihre Gedanken mit diesem 11.695-teiligen LEGO-Set f\u00fcr Schlafzimmer, Wohnzimmer oder B\u00fcro Heimdekoration voller \u00fcppiger, lebendiger Farben<br \/>\nDieses atemberaubende LEGO Art Weltkarten-Set f\u00fcr Erwachsene verf\u00fcgt \u00fcber Weltkarte mit Meerestiefen, die Ihnen 1 von 3 einzigartigen Kombinationen gleichzeitig bietet<br \/>\nMit dem bisher gr\u00f6\u00dften LEGO Set setzen Sie die Kontinente so ein, wie sie ist, der Welt zu passen oder passen Sie die Ozeane an, um der Karte eine pers\u00f6nlichere Note zu verleihen<br \/>\nW\u00e4hrend Sie bauen, tauchen Sie mit dem Soundtrack tiefer und genie\u00dfen Sie eine einzigartige Welttour. F\u00fcgen Sie Pins hinzu, um Erinnerungen hervorzuheben oder neue Orte zu sehen<br \/>\nEnth\u00e4lt 40 Leinwand-Wanddekorplatten, einen Ziegelrahmen, 2 einzigartige H\u00e4ngeelemente und ein Fliesenwerkzeug f\u00fcr leichteres Umbauen<br \/>\nDieses Kunstwerk bietet eine anspruchsvolle kreative Aktivit\u00e4t f\u00fcr Erwachsene, f\u00fcr Sie oder andere Kartenliebhaber in Ihrem Leben, die DIY-Projekte lieben<br \/>\nMehrteilige Leinwand-Sets f\u00fcr Erwachsene bieten ein DIY-Wanddekor-Poster zum Pr\u00e4sentieren und ein lohnendes Bauerlebnis zugleich<br \/>\n<div class=\"main-cross-sell\" data-asin=\"B08YP6XRP1\">\n\n\t<div class=\"WooZone-cross-sell-loader\">\n\t\t<div>\n\t\t\t<div id=\"floatingBarsG\">\n\t\t\t\t<div class=\"blockG\" id=\"rotateG_01\"><\/div>\n\t\t\t\t<div class=\"blockG\" id=\"rotateG_02\"><\/div>\n\t\t\t\t<div class=\"blockG\" id=\"rotateG_03\"><\/div>\n\t\t\t\t<div class=\"blockG\" id=\"rotateG_04\"><\/div>\n\t\t\t\t<div class=\"blockG\" id=\"rotateG_05\"><\/div>\n\t\t\t\t<div class=\"blockG\" id=\"rotateG_06\"><\/div>\n\t\t\t\t<div class=\"blockG\" id=\"rotateG_07\"><\/div>\n\t\t\t\t<div class=\"blockG\" id=\"rotateG_08\"><\/div>\n\t\t\t<\/div>\n\t\t\t<div class=\"WooZone-cross-sell-loader-text\"><\/div>\n\t\t<\/div>\n\t<\/div>\n\n\t\t\n<\/div>\n<div style=\"clear:both;\"><\/div><\/p>\n","protected":false},"excerpt":{"rendered":"<p>Befreien Sie Ihre Gedanken mit diesem 11.695-teiligen LEGO-Set f\u00fcr Schlafzimmer, Wohnzimmer oder B\u00fcro Heimdekoration voller \u00fcppiger, lebendiger Farben<br \/>\nDieses atemberaubende LEGO Art Weltkarten-Set f\u00fcr Erwachsene verf\u00fcgt \u00fcber Weltkarte mit Meerestiefen, die Ihnen 1 von 3 einzigartigen Kombinationen gleichzeitig bietet<br \/>\nMit dem bisher gr\u00f6\u00dften LEGO Set setzen Sie die Kontinente so ein, wie sie ist, der Welt zu passen oder passen Sie die Ozeane an, um der Karte eine pers\u00f6nlichere Note zu verleihen<\/p>\n","protected":false},"featured_media":201907,"comment_status":"open","ping_status":"closed","template":"","meta":[],"product_brand":[],"product_cat":[504,8631],"product_tag":[],"class_list":{"0":"post-201906","1":"product","2":"type-product","3":"status-publish","4":"has-post-thumbnail","6":"product_cat-buerobedarf-schreibwaren","7":"product_cat-schul-unibedarf","8":"pa_binding-spielzeug","9":"pa_brand-lego","10":"pa_brand-thames-hudson","11":"pa_height-5-984-zoll","12":"pa_length-21-732-zoll","13":"pa_manufacturer-lego","14":"pa_model-51278","15":"pa_size-standard","16":"pa_weight-14-pfund","17":"pa_width-15-118-zoll","19":"first","20":"instock","21":"shipping-taxable","22":"purchasable","23":"product-type-simple","24":"customify-col","25":"product-has-gallery"},"yoast_head":"<!-- This site is optimized with the Yoast SEO plugin v27.4 - https:\/\/yoast.com\/product\/yoast-seo-wordpress\/ -->\n<title>LEGO Art World Map 31203 Building Kit; Meaningful, Collectible Wall Art for DIY and Map Enthusiasts; New 2021 (11,695\u00a0Pieces) - Markt-XXL<\/title>\n<meta name=\"description\" content=\"Markt-XXL LEGO Art World Map 31203 Building Kit; Meaningful, Collectible Wall Art for DIY and Map Enthusiasts; New 2021 (11,695\u00a0Pieces)\" \/>\n<meta name=\"robots\" content=\"index, follow, max-snippet:-1, max-image-preview:large, max-video-preview:-1\" \/>\n<link rel=\"canonical\" href=\"https:\/\/marktxxl.de\/markt\/produkt\/lego-art-world-map-31203-building-kit-meaningful-collectible-wall-art-for-diy-and-map-enthusiasts-new-2021-11695-pieces\/\" \/>\n<meta property=\"og:locale\" content=\"de_DE\" \/>\n<meta property=\"og:type\" content=\"article\" \/>\n<meta property=\"og:title\" content=\"LEGO Art World Map 31203 Building Kit; Meaningful, Collectible Wall Art for DIY and Map Enthusiasts; New 2021 (11,695\u00a0Pieces) - Markt-XXL\" \/>\n<meta property=\"og:description\" content=\"Markt-XXL LEGO Art World Map 31203 Building Kit; Meaningful, Collectible Wall Art for DIY and Map Enthusiasts; New 2021 (11,695\u00a0Pieces)\" \/>\n<meta property=\"og:url\" content=\"https:\/\/marktxxl.de\/markt\/produkt\/lego-art-world-map-31203-building-kit-meaningful-collectible-wall-art-for-diy-and-map-enthusiasts-new-2021-11695-pieces\/\" \/>\n<meta property=\"og:site_name\" content=\"Markt-XXL\" \/>\n<meta name=\"twitter:card\" content=\"summary_large_image\" \/>\n<meta name=\"twitter:label1\" content=\"Gesch\u00e4tzte Lesezeit\" \/>\n\t<meta name=\"twitter:data1\" content=\"1\u00a0Minute\" \/>\n<script type=\"application\/ld+json\" class=\"yoast-schema-graph\">{\"@context\":\"https:\\\/\\\/schema.org\",\"@graph\":[{\"@type\":\"WebPage\",\"@id\":\"https:\\\/\\\/marktxxl.de\\\/markt\\\/produkt\\\/lego-art-world-map-31203-building-kit-meaningful-collectible-wall-art-for-diy-and-map-enthusiasts-new-2021-11695-pieces\\\/\",\"url\":\"https:\\\/\\\/marktxxl.de\\\/markt\\\/produkt\\\/lego-art-world-map-31203-building-kit-meaningful-collectible-wall-art-for-diy-and-map-enthusiasts-new-2021-11695-pieces\\\/\",\"name\":\"LEGO Art World Map 31203 Building Kit; Meaningful, Collectible Wall Art for DIY and Map Enthusiasts; New 2021 (11,695\u00a0Pieces) - Markt-XXL\",\"isPartOf\":{\"@id\":\"https:\\\/\\\/marktxxl.de\\\/markt\\\/#website\"},\"primaryImageOfPage\":{\"@id\":\"https:\\\/\\\/marktxxl.de\\\/markt\\\/produkt\\\/lego-art-world-map-31203-building-kit-meaningful-collectible-wall-art-for-diy-and-map-enthusiasts-new-2021-11695-pieces\\\/#primaryimage\"},\"image\":{\"@id\":\"https:\\\/\\\/marktxxl.de\\\/markt\\\/produkt\\\/lego-art-world-map-31203-building-kit-meaningful-collectible-wall-art-for-diy-and-map-enthusiasts-new-2021-11695-pieces\\\/#primaryimage\"},\"thumbnailUrl\":\"https:\\\/\\\/m.media-amazon.com\\\/images\\\/I\\\/61yLbhXzDYL._SL500_.jpg\",\"datePublished\":\"2023-04-10T12:12:00+00:00\",\"description\":\"Markt-XXL LEGO Art World Map 31203 Building Kit; Meaningful, Collectible Wall Art for DIY and Map Enthusiasts; New 2021 (11,695\u00a0Pieces)\",\"breadcrumb\":{\"@id\":\"https:\\\/\\\/marktxxl.de\\\/markt\\\/produkt\\\/lego-art-world-map-31203-building-kit-meaningful-collectible-wall-art-for-diy-and-map-enthusiasts-new-2021-11695-pieces\\\/#breadcrumb\"},\"inLanguage\":\"de\",\"potentialAction\":[{\"@type\":\"ReadAction\",\"target\":[\"https:\\\/\\\/marktxxl.de\\\/markt\\\/produkt\\\/lego-art-world-map-31203-building-kit-meaningful-collectible-wall-art-for-diy-and-map-enthusiasts-new-2021-11695-pieces\\\/\"]}]},{\"@type\":\"ImageObject\",\"inLanguage\":\"de\",\"@id\":\"https:\\\/\\\/marktxxl.de\\\/markt\\\/produkt\\\/lego-art-world-map-31203-building-kit-meaningful-collectible-wall-art-for-diy-and-map-enthusiasts-new-2021-11695-pieces\\\/#primaryimage\",\"url\":\"https:\\\/\\\/m.media-amazon.com\\\/images\\\/I\\\/61yLbhXzDYL._SL500_.jpg\",\"contentUrl\":\"https:\\\/\\\/m.media-amazon.com\\\/images\\\/I\\\/61yLbhXzDYL._SL500_.jpg\",\"width\":500,\"height\":500},{\"@type\":\"BreadcrumbList\",\"@id\":\"https:\\\/\\\/marktxxl.de\\\/markt\\\/produkt\\\/lego-art-world-map-31203-building-kit-meaningful-collectible-wall-art-for-diy-and-map-enthusiasts-new-2021-11695-pieces\\\/#breadcrumb\",\"itemListElement\":[{\"@type\":\"ListItem\",\"position\":1,\"name\":\"Startseite\",\"item\":\"https:\\\/\\\/marktxxl.de\\\/markt\\\/\"},{\"@type\":\"ListItem\",\"position\":2,\"name\":\"Markt\",\"item\":\"https:\\\/\\\/marktxxl.de\\\/markt\\\/\"},{\"@type\":\"ListItem\",\"position\":3,\"name\":\"LEGO Art World Map 31203 Building Kit; Meaningful, Collectible Wall Art for DIY and Map Enthusiasts; New 2021 (11,695\u00a0Pieces)\"}]},{\"@type\":\"WebSite\",\"@id\":\"https:\\\/\\\/marktxxl.de\\\/markt\\\/#website\",\"url\":\"https:\\\/\\\/marktxxl.de\\\/markt\\\/\",\"name\":\"Markt-XXL\",\"description\":\"Ihr Markt Online\",\"publisher\":{\"@id\":\"https:\\\/\\\/marktxxl.de\\\/markt\\\/#organization\"},\"potentialAction\":[{\"@type\":\"SearchAction\",\"target\":{\"@type\":\"EntryPoint\",\"urlTemplate\":\"https:\\\/\\\/marktxxl.de\\\/markt\\\/?s={search_term_string}\"},\"query-input\":{\"@type\":\"PropertyValueSpecification\",\"valueRequired\":true,\"valueName\":\"search_term_string\"}}],\"inLanguage\":\"de\"},{\"@type\":\"Organization\",\"@id\":\"https:\\\/\\\/marktxxl.de\\\/markt\\\/#organization\",\"name\":\"Markt-XXL\",\"url\":\"https:\\\/\\\/marktxxl.de\\\/markt\\\/\",\"logo\":{\"@type\":\"ImageObject\",\"inLanguage\":\"de\",\"@id\":\"https:\\\/\\\/marktxxl.de\\\/markt\\\/#\\\/schema\\\/logo\\\/image\\\/\",\"url\":\"https:\\\/\\\/marktxxl.de\\\/markt\\\/wp-content\\\/uploads\\\/sites\\\/3\\\/2020\\\/12\\\/logo.png\",\"contentUrl\":\"https:\\\/\\\/marktxxl.de\\\/markt\\\/wp-content\\\/uploads\\\/sites\\\/3\\\/2020\\\/12\\\/logo.png\",\"width\":200,\"height\":70,\"caption\":\"Markt-XXL\"},\"image\":{\"@id\":\"https:\\\/\\\/marktxxl.de\\\/markt\\\/#\\\/schema\\\/logo\\\/image\\\/\"}}]}<\/script>\n<!-- \/ Yoast SEO plugin. -->","yoast_head_json":{"title":"LEGO Art World Map 31203 Building Kit; Meaningful, Collectible Wall Art for DIY and Map Enthusiasts; New 2021 (11,695\u00a0Pieces) - Markt-XXL","description":"Markt-XXL LEGO Art World Map 31203 Building Kit; Meaningful, Collectible Wall Art for DIY and Map Enthusiasts; New 2021 (11,695\u00a0Pieces)","robots":{"index":"index","follow":"follow","max-snippet":"max-snippet:-1","max-image-preview":"max-image-preview:large","max-video-preview":"max-video-preview:-1"},"canonical":"https:\/\/marktxxl.de\/markt\/produkt\/lego-art-world-map-31203-building-kit-meaningful-collectible-wall-art-for-diy-and-map-enthusiasts-new-2021-11695-pieces\/","og_locale":"de_DE","og_type":"article","og_title":"LEGO Art World Map 31203 Building Kit; Meaningful, Collectible Wall Art for DIY and Map Enthusiasts; New 2021 (11,695\u00a0Pieces) - Markt-XXL","og_description":"Markt-XXL LEGO Art World Map 31203 Building Kit; Meaningful, Collectible Wall Art for DIY and Map Enthusiasts; New 2021 (11,695\u00a0Pieces)","og_url":"https:\/\/marktxxl.de\/markt\/produkt\/lego-art-world-map-31203-building-kit-meaningful-collectible-wall-art-for-diy-and-map-enthusiasts-new-2021-11695-pieces\/","og_site_name":"Markt-XXL","twitter_card":"summary_large_image","twitter_misc":{"Gesch\u00e4tzte Lesezeit":"1\u00a0Minute"},"schema":{"@context":"https:\/\/schema.org","@graph":[{"@type":"WebPage","@id":"https:\/\/marktxxl.de\/markt\/produkt\/lego-art-world-map-31203-building-kit-meaningful-collectible-wall-art-for-diy-and-map-enthusiasts-new-2021-11695-pieces\/","url":"https:\/\/marktxxl.de\/markt\/produkt\/lego-art-world-map-31203-building-kit-meaningful-collectible-wall-art-for-diy-and-map-enthusiasts-new-2021-11695-pieces\/","name":"LEGO Art World Map 31203 Building Kit; Meaningful, Collectible Wall Art for DIY and Map Enthusiasts; New 2021 (11,695\u00a0Pieces) - Markt-XXL","isPartOf":{"@id":"https:\/\/marktxxl.de\/markt\/#website"},"primaryImageOfPage":{"@id":"https:\/\/marktxxl.de\/markt\/produkt\/lego-art-world-map-31203-building-kit-meaningful-collectible-wall-art-for-diy-and-map-enthusiasts-new-2021-11695-pieces\/#primaryimage"},"image":{"@id":"https:\/\/marktxxl.de\/markt\/produkt\/lego-art-world-map-31203-building-kit-meaningful-collectible-wall-art-for-diy-and-map-enthusiasts-new-2021-11695-pieces\/#primaryimage"},"thumbnailUrl":"https:\/\/m.media-amazon.com\/images\/I\/61yLbhXzDYL._SL500_.jpg","datePublished":"2023-04-10T12:12:00+00:00","description":"Markt-XXL LEGO Art World Map 31203 Building Kit; Meaningful, Collectible Wall Art for DIY and Map Enthusiasts; New 2021 (11,695\u00a0Pieces)","breadcrumb":{"@id":"https:\/\/marktxxl.de\/markt\/produkt\/lego-art-world-map-31203-building-kit-meaningful-collectible-wall-art-for-diy-and-map-enthusiasts-new-2021-11695-pieces\/#breadcrumb"},"inLanguage":"de","potentialAction":[{"@type":"ReadAction","target":["https:\/\/marktxxl.de\/markt\/produkt\/lego-art-world-map-31203-building-kit-meaningful-collectible-wall-art-for-diy-and-map-enthusiasts-new-2021-11695-pieces\/"]}]},{"@type":"ImageObject","inLanguage":"de","@id":"https:\/\/marktxxl.de\/markt\/produkt\/lego-art-world-map-31203-building-kit-meaningful-collectible-wall-art-for-diy-and-map-enthusiasts-new-2021-11695-pieces\/#primaryimage","url":"https:\/\/m.media-amazon.com\/images\/I\/61yLbhXzDYL._SL500_.jpg","contentUrl":"https:\/\/m.media-amazon.com\/images\/I\/61yLbhXzDYL._SL500_.jpg","width":500,"height":500},{"@type":"BreadcrumbList","@id":"https:\/\/marktxxl.de\/markt\/produkt\/lego-art-world-map-31203-building-kit-meaningful-collectible-wall-art-for-diy-and-map-enthusiasts-new-2021-11695-pieces\/#breadcrumb","itemListElement":[{"@type":"ListItem","position":1,"name":"Startseite","item":"https:\/\/marktxxl.de\/markt\/"},{"@type":"ListItem","position":2,"name":"Markt","item":"https:\/\/marktxxl.de\/markt\/"},{"@type":"ListItem","position":3,"name":"LEGO Art World Map 31203 Building Kit; Meaningful, Collectible Wall Art for DIY and Map Enthusiasts; New 2021 (11,695\u00a0Pieces)"}]},{"@type":"WebSite","@id":"https:\/\/marktxxl.de\/markt\/#website","url":"https:\/\/marktxxl.de\/markt\/","name":"Markt-XXL","description":"Ihr Markt Online","publisher":{"@id":"https:\/\/marktxxl.de\/markt\/#organization"},"potentialAction":[{"@type":"SearchAction","target":{"@type":"EntryPoint","urlTemplate":"https:\/\/marktxxl.de\/markt\/?s={search_term_string}"},"query-input":{"@type":"PropertyValueSpecification","valueRequired":true,"valueName":"search_term_string"}}],"inLanguage":"de"},{"@type":"Organization","@id":"https:\/\/marktxxl.de\/markt\/#organization","name":"Markt-XXL","url":"https:\/\/marktxxl.de\/markt\/","logo":{"@type":"ImageObject","inLanguage":"de","@id":"https:\/\/marktxxl.de\/markt\/#\/schema\/logo\/image\/","url":"https:\/\/marktxxl.de\/markt\/wp-content\/uploads\/sites\/3\/2020\/12\/logo.png","contentUrl":"https:\/\/marktxxl.de\/markt\/wp-content\/uploads\/sites\/3\/2020\/12\/logo.png","width":200,"height":70,"caption":"Markt-XXL"},"image":{"@id":"https:\/\/marktxxl.de\/markt\/#\/schema\/logo\/image\/"}}]}},"_links":{"self":[{"href":"https:\/\/marktxxl.de\/markt\/wp-json\/wp\/v2\/product\/201906","targetHints":{"allow":["GET"]}}],"collection":[{"href":"https:\/\/marktxxl.de\/markt\/wp-json\/wp\/v2\/product"}],"about":[{"href":"https:\/\/marktxxl.de\/markt\/wp-json\/wp\/v2\/types\/product"}],"replies":[{"embeddable":true,"href":"https:\/\/marktxxl.de\/markt\/wp-json\/wp\/v2\/comments?post=201906"}],"wp:featuredmedia":[{"embeddable":true,"href":"https:\/\/marktxxl.de\/markt\/wp-json\/wp\/v2\/media\/201907"}],"wp:attachment":[{"href":"https:\/\/marktxxl.de\/markt\/wp-json\/wp\/v2\/media?parent=201906"}],"wp:term":[{"taxonomy":"product_brand","embeddable":true,"href":"https:\/\/marktxxl.de\/markt\/wp-json\/wp\/v2\/product_brand?post=201906"},{"taxonomy":"product_cat","embeddable":true,"href":"https:\/\/marktxxl.de\/markt\/wp-json\/wp\/v2\/product_cat?post=201906"},{"taxonomy":"product_tag","embeddable":true,"href":"https:\/\/marktxxl.de\/markt\/wp-json\/wp\/v2\/product_tag?post=201906"}],"curies":[{"name":"wp","href":"https:\/\/api.w.org\/{rel}","templated":true}]}}