{"id":201898,"date":"2023-04-10T14:11:47","date_gmt":"2023-04-10T12:11:47","guid":{"rendered":"https:\/\/marktxxl.de\/markt\/produkt\/wiederverwendbare-taschen-multipack-perfekt-fuer-die-klassenzimmer-extra-grosse-groesse\/"},"modified":"2023-04-10T14:11:47","modified_gmt":"2023-04-10T12:11:47","slug":"wiederverwendbare-taschen-multipack-perfekt-fuer-die-klassenzimmer-extra-grosse-groesse","status":"publish","type":"product","link":"https:\/\/marktxxl.de\/markt\/produkt\/wiederverwendbare-taschen-multipack-perfekt-fuer-die-klassenzimmer-extra-grosse-groesse\/","title":{"rendered":"Wiederverwendbare Taschen \u2013 Multipack \u2013 perfekt f\u00fcr die Klassenzimmer \u2013 Extra gro\u00dfe Gr\u00f6\u00dfe"},"content":{"rendered":"<p>Umweltfreundlich: Es besteht keine Notwendigkeit, die gleichen Papiere immer und immer wieder zu drucken, w\u00e4hrend Sie helfen, die Umwelt zu schonen. Unsere \u00fcbergro\u00dfen trocken abwischbaren wiederverwendbaren Taschen k\u00f6nnen immer wieder verwendet werden, was Ihnen dabei hilft, Zeit und Geld zu sparen.<br \/>\nH\u00e4lt Ihre Papiere ordentlich: Diese \u00fcbergro\u00dfen wiederverwendbaren trocken abwischbaren Taschen sorgen daf\u00fcr, dass alles, was Sie in sie aufbewahren m\u00f6chten, so ordentlich und sauber bleiben wie am Tag, an dem Sie sie eingelegt haben.<br \/>\n\u00dcbergro\u00dfe Taschen: Unsere \u00fcbergro\u00dfen wiederverwendbaren trocken abwischbaren Taschen sind 25,4 x 33 cm, was sie gr\u00f6\u00dfer als die meisten macht. So l\u00e4sst sich das Papier leichter in den Papieren gleiten, ohne sie einzudr\u00fccken, so dass das Papier in makellosem Zustand bleibt.<br \/>\n\u2705 Ein Platz, um Ihren Marker aufzubewahren: Wir verschwenden so viel Zeit auf der Suche nach unseren Markern. Diese \u00fcbergro\u00dfen wiederverwendbaren trocken abwischbaren Taschen haben einen Platz zum Verstauen Ihres Markers und sind so griffbereit, wenn Sie ihn brauchen.<br \/>\nIdeal f\u00fcr Erwachsene und Kinder: Diese \u00fcbergro\u00dfen wiederverwendbaren trocken abwischbaren Taschen machen es einfach, Ihre wertvollen Dokumente zu verstauen und Sie k\u00f6nnen Notizen darauf machen, ohne das Papier zu besch\u00e4digen. Robust, damit sie w\u00e4hrend der Benutzung mit Kindern lange Zeit bleiben.<br \/>\n<div class=\"main-cross-sell\" data-asin=\"B07HFFKQHW\">\n\n\t<div class=\"WooZone-cross-sell-loader\">\n\t\t<div>\n\t\t\t<div id=\"floatingBarsG\">\n\t\t\t\t<div class=\"blockG\" id=\"rotateG_01\"><\/div>\n\t\t\t\t<div class=\"blockG\" id=\"rotateG_02\"><\/div>\n\t\t\t\t<div class=\"blockG\" id=\"rotateG_03\"><\/div>\n\t\t\t\t<div class=\"blockG\" id=\"rotateG_04\"><\/div>\n\t\t\t\t<div class=\"blockG\" id=\"rotateG_05\"><\/div>\n\t\t\t\t<div class=\"blockG\" id=\"rotateG_06\"><\/div>\n\t\t\t\t<div class=\"blockG\" id=\"rotateG_07\"><\/div>\n\t\t\t\t<div class=\"blockG\" id=\"rotateG_08\"><\/div>\n\t\t\t<\/div>\n\t\t\t<div class=\"WooZone-cross-sell-loader-text\"><\/div>\n\t\t<\/div>\n\t<\/div>\n\n\t\t\n<\/div>\n<div style=\"clear:both;\"><\/div><\/p>\n","protected":false},"excerpt":{"rendered":"<p>Umweltfreundlich: Es besteht keine Notwendigkeit, die gleichen Papiere immer und immer wieder zu drucken, w\u00e4hrend Sie helfen, die Umwelt zu schonen. Unsere \u00fcbergro\u00dfen trocken abwischbaren wiederverwendbaren Taschen k\u00f6nnen immer wieder verwendet werden, was Ihnen dabei hilft, Zeit und Geld zu sparen.<br \/>\nH\u00e4lt Ihre Papiere ordentlich: Diese \u00fcbergro\u00dfen wiederverwendbaren trocken abwischbaren Taschen sorgen daf\u00fcr, dass alles, was Sie in sie aufbewahren m\u00f6chten, so ordentlich und sauber bleiben wie am Tag, an dem Sie sie eingelegt haben.<br \/>\n\u00dcbergro\u00dfe Taschen: Unsere \u00fcbergro\u00dfen wiederverwendbaren trocken abwischbaren Taschen sind 25,4 x 33 cm, was sie gr\u00f6\u00dfer als die meisten macht. So l\u00e4sst sich das Papier leichter in den Papieren gleiten, ohne sie einzudr\u00fccken, so dass das Papier in makellosem Zustand bleibt.<\/p>\n","protected":false},"featured_media":201899,"comment_status":"open","ping_status":"closed","template":"","meta":[],"product_brand":[],"product_cat":[504,8631],"product_tag":[],"class_list":{"0":"post-201898","1":"product","2":"type-product","3":"status-publish","4":"has-post-thumbnail","6":"product_cat-buerobedarf-schreibwaren","7":"product_cat-schul-unibedarf","8":"pa_binding-buerobedarf-schreibwaren","9":"pa_brand-jade-active","10":"pa_manufacturer-jade-active","12":"first","13":"instock","14":"shipping-taxable","15":"product-type-simple","16":"customify-col","17":"product-has-gallery"},"yoast_head":"<!-- This site is optimized with the Yoast SEO plugin v27.4 - https:\/\/yoast.com\/product\/yoast-seo-wordpress\/ -->\n<title>Wiederverwendbare Taschen \u2013 Multipack \u2013 perfekt f\u00fcr die Klassenzimmer \u2013 Extra gro\u00dfe Gr\u00f6\u00dfe - Markt-XXL<\/title>\n<meta name=\"description\" content=\"Markt-XXL Wiederverwendbare Taschen \u2013 Multipack \u2013 perfekt f\u00fcr die Klassenzimmer \u2013 Extra gro\u00dfe Gr\u00f6\u00dfe\" \/>\n<meta name=\"robots\" content=\"index, follow, max-snippet:-1, max-image-preview:large, max-video-preview:-1\" \/>\n<link rel=\"canonical\" href=\"https:\/\/marktxxl.de\/markt\/produkt\/wiederverwendbare-taschen-multipack-perfekt-fuer-die-klassenzimmer-extra-grosse-groesse\/\" \/>\n<meta property=\"og:locale\" content=\"de_DE\" \/>\n<meta property=\"og:type\" content=\"article\" \/>\n<meta property=\"og:title\" content=\"Wiederverwendbare Taschen \u2013 Multipack \u2013 perfekt f\u00fcr die Klassenzimmer \u2013 Extra gro\u00dfe Gr\u00f6\u00dfe - Markt-XXL\" \/>\n<meta property=\"og:description\" content=\"Markt-XXL Wiederverwendbare Taschen \u2013 Multipack \u2013 perfekt f\u00fcr die Klassenzimmer \u2013 Extra gro\u00dfe Gr\u00f6\u00dfe\" \/>\n<meta property=\"og:url\" content=\"https:\/\/marktxxl.de\/markt\/produkt\/wiederverwendbare-taschen-multipack-perfekt-fuer-die-klassenzimmer-extra-grosse-groesse\/\" \/>\n<meta property=\"og:site_name\" content=\"Markt-XXL\" \/>\n<meta name=\"twitter:card\" content=\"summary_large_image\" \/>\n<meta name=\"twitter:label1\" content=\"Gesch\u00e4tzte Lesezeit\" \/>\n\t<meta name=\"twitter:data1\" content=\"1\u00a0Minute\" \/>\n<script type=\"application\/ld+json\" class=\"yoast-schema-graph\">{\"@context\":\"https:\\\/\\\/schema.org\",\"@graph\":[{\"@type\":\"WebPage\",\"@id\":\"https:\\\/\\\/marktxxl.de\\\/markt\\\/produkt\\\/wiederverwendbare-taschen-multipack-perfekt-fuer-die-klassenzimmer-extra-grosse-groesse\\\/\",\"url\":\"https:\\\/\\\/marktxxl.de\\\/markt\\\/produkt\\\/wiederverwendbare-taschen-multipack-perfekt-fuer-die-klassenzimmer-extra-grosse-groesse\\\/\",\"name\":\"Wiederverwendbare Taschen \u2013 Multipack \u2013 perfekt f\u00fcr die Klassenzimmer \u2013 Extra gro\u00dfe Gr\u00f6\u00dfe - Markt-XXL\",\"isPartOf\":{\"@id\":\"https:\\\/\\\/marktxxl.de\\\/markt\\\/#website\"},\"primaryImageOfPage\":{\"@id\":\"https:\\\/\\\/marktxxl.de\\\/markt\\\/produkt\\\/wiederverwendbare-taschen-multipack-perfekt-fuer-die-klassenzimmer-extra-grosse-groesse\\\/#primaryimage\"},\"image\":{\"@id\":\"https:\\\/\\\/marktxxl.de\\\/markt\\\/produkt\\\/wiederverwendbare-taschen-multipack-perfekt-fuer-die-klassenzimmer-extra-grosse-groesse\\\/#primaryimage\"},\"thumbnailUrl\":\"https:\\\/\\\/m.media-amazon.com\\\/images\\\/I\\\/51otXX+DEvL._SL500_.jpg\",\"datePublished\":\"2023-04-10T12:11:47+00:00\",\"description\":\"Markt-XXL Wiederverwendbare Taschen \u2013 Multipack \u2013 perfekt f\u00fcr die Klassenzimmer \u2013 Extra gro\u00dfe Gr\u00f6\u00dfe\",\"breadcrumb\":{\"@id\":\"https:\\\/\\\/marktxxl.de\\\/markt\\\/produkt\\\/wiederverwendbare-taschen-multipack-perfekt-fuer-die-klassenzimmer-extra-grosse-groesse\\\/#breadcrumb\"},\"inLanguage\":\"de\",\"potentialAction\":[{\"@type\":\"ReadAction\",\"target\":[\"https:\\\/\\\/marktxxl.de\\\/markt\\\/produkt\\\/wiederverwendbare-taschen-multipack-perfekt-fuer-die-klassenzimmer-extra-grosse-groesse\\\/\"]}]},{\"@type\":\"ImageObject\",\"inLanguage\":\"de\",\"@id\":\"https:\\\/\\\/marktxxl.de\\\/markt\\\/produkt\\\/wiederverwendbare-taschen-multipack-perfekt-fuer-die-klassenzimmer-extra-grosse-groesse\\\/#primaryimage\",\"url\":\"https:\\\/\\\/m.media-amazon.com\\\/images\\\/I\\\/51otXX+DEvL._SL500_.jpg\",\"contentUrl\":\"https:\\\/\\\/m.media-amazon.com\\\/images\\\/I\\\/51otXX+DEvL._SL500_.jpg\",\"width\":500,\"height\":500},{\"@type\":\"BreadcrumbList\",\"@id\":\"https:\\\/\\\/marktxxl.de\\\/markt\\\/produkt\\\/wiederverwendbare-taschen-multipack-perfekt-fuer-die-klassenzimmer-extra-grosse-groesse\\\/#breadcrumb\",\"itemListElement\":[{\"@type\":\"ListItem\",\"position\":1,\"name\":\"Startseite\",\"item\":\"https:\\\/\\\/marktxxl.de\\\/markt\\\/\"},{\"@type\":\"ListItem\",\"position\":2,\"name\":\"Markt\",\"item\":\"https:\\\/\\\/marktxxl.de\\\/markt\\\/\"},{\"@type\":\"ListItem\",\"position\":3,\"name\":\"Wiederverwendbare Taschen \u2013 Multipack \u2013 perfekt f\u00fcr die Klassenzimmer \u2013 Extra gro\u00dfe Gr\u00f6\u00dfe\"}]},{\"@type\":\"WebSite\",\"@id\":\"https:\\\/\\\/marktxxl.de\\\/markt\\\/#website\",\"url\":\"https:\\\/\\\/marktxxl.de\\\/markt\\\/\",\"name\":\"Markt-XXL\",\"description\":\"Ihr Markt Online\",\"publisher\":{\"@id\":\"https:\\\/\\\/marktxxl.de\\\/markt\\\/#organization\"},\"potentialAction\":[{\"@type\":\"SearchAction\",\"target\":{\"@type\":\"EntryPoint\",\"urlTemplate\":\"https:\\\/\\\/marktxxl.de\\\/markt\\\/?s={search_term_string}\"},\"query-input\":{\"@type\":\"PropertyValueSpecification\",\"valueRequired\":true,\"valueName\":\"search_term_string\"}}],\"inLanguage\":\"de\"},{\"@type\":\"Organization\",\"@id\":\"https:\\\/\\\/marktxxl.de\\\/markt\\\/#organization\",\"name\":\"Markt-XXL\",\"url\":\"https:\\\/\\\/marktxxl.de\\\/markt\\\/\",\"logo\":{\"@type\":\"ImageObject\",\"inLanguage\":\"de\",\"@id\":\"https:\\\/\\\/marktxxl.de\\\/markt\\\/#\\\/schema\\\/logo\\\/image\\\/\",\"url\":\"https:\\\/\\\/marktxxl.de\\\/markt\\\/wp-content\\\/uploads\\\/sites\\\/3\\\/2020\\\/12\\\/logo.png\",\"contentUrl\":\"https:\\\/\\\/marktxxl.de\\\/markt\\\/wp-content\\\/uploads\\\/sites\\\/3\\\/2020\\\/12\\\/logo.png\",\"width\":200,\"height\":70,\"caption\":\"Markt-XXL\"},\"image\":{\"@id\":\"https:\\\/\\\/marktxxl.de\\\/markt\\\/#\\\/schema\\\/logo\\\/image\\\/\"}}]}<\/script>\n<!-- \/ Yoast SEO plugin. -->","yoast_head_json":{"title":"Wiederverwendbare Taschen \u2013 Multipack \u2013 perfekt f\u00fcr die Klassenzimmer \u2013 Extra gro\u00dfe Gr\u00f6\u00dfe - Markt-XXL","description":"Markt-XXL Wiederverwendbare Taschen \u2013 Multipack \u2013 perfekt f\u00fcr die Klassenzimmer \u2013 Extra gro\u00dfe Gr\u00f6\u00dfe","robots":{"index":"index","follow":"follow","max-snippet":"max-snippet:-1","max-image-preview":"max-image-preview:large","max-video-preview":"max-video-preview:-1"},"canonical":"https:\/\/marktxxl.de\/markt\/produkt\/wiederverwendbare-taschen-multipack-perfekt-fuer-die-klassenzimmer-extra-grosse-groesse\/","og_locale":"de_DE","og_type":"article","og_title":"Wiederverwendbare Taschen \u2013 Multipack \u2013 perfekt f\u00fcr die Klassenzimmer \u2013 Extra gro\u00dfe Gr\u00f6\u00dfe - Markt-XXL","og_description":"Markt-XXL Wiederverwendbare Taschen \u2013 Multipack \u2013 perfekt f\u00fcr die Klassenzimmer \u2013 Extra gro\u00dfe Gr\u00f6\u00dfe","og_url":"https:\/\/marktxxl.de\/markt\/produkt\/wiederverwendbare-taschen-multipack-perfekt-fuer-die-klassenzimmer-extra-grosse-groesse\/","og_site_name":"Markt-XXL","twitter_card":"summary_large_image","twitter_misc":{"Gesch\u00e4tzte Lesezeit":"1\u00a0Minute"},"schema":{"@context":"https:\/\/schema.org","@graph":[{"@type":"WebPage","@id":"https:\/\/marktxxl.de\/markt\/produkt\/wiederverwendbare-taschen-multipack-perfekt-fuer-die-klassenzimmer-extra-grosse-groesse\/","url":"https:\/\/marktxxl.de\/markt\/produkt\/wiederverwendbare-taschen-multipack-perfekt-fuer-die-klassenzimmer-extra-grosse-groesse\/","name":"Wiederverwendbare Taschen \u2013 Multipack \u2013 perfekt f\u00fcr die Klassenzimmer \u2013 Extra gro\u00dfe Gr\u00f6\u00dfe - Markt-XXL","isPartOf":{"@id":"https:\/\/marktxxl.de\/markt\/#website"},"primaryImageOfPage":{"@id":"https:\/\/marktxxl.de\/markt\/produkt\/wiederverwendbare-taschen-multipack-perfekt-fuer-die-klassenzimmer-extra-grosse-groesse\/#primaryimage"},"image":{"@id":"https:\/\/marktxxl.de\/markt\/produkt\/wiederverwendbare-taschen-multipack-perfekt-fuer-die-klassenzimmer-extra-grosse-groesse\/#primaryimage"},"thumbnailUrl":"https:\/\/m.media-amazon.com\/images\/I\/51otXX+DEvL._SL500_.jpg","datePublished":"2023-04-10T12:11:47+00:00","description":"Markt-XXL Wiederverwendbare Taschen \u2013 Multipack \u2013 perfekt f\u00fcr die Klassenzimmer \u2013 Extra gro\u00dfe Gr\u00f6\u00dfe","breadcrumb":{"@id":"https:\/\/marktxxl.de\/markt\/produkt\/wiederverwendbare-taschen-multipack-perfekt-fuer-die-klassenzimmer-extra-grosse-groesse\/#breadcrumb"},"inLanguage":"de","potentialAction":[{"@type":"ReadAction","target":["https:\/\/marktxxl.de\/markt\/produkt\/wiederverwendbare-taschen-multipack-perfekt-fuer-die-klassenzimmer-extra-grosse-groesse\/"]}]},{"@type":"ImageObject","inLanguage":"de","@id":"https:\/\/marktxxl.de\/markt\/produkt\/wiederverwendbare-taschen-multipack-perfekt-fuer-die-klassenzimmer-extra-grosse-groesse\/#primaryimage","url":"https:\/\/m.media-amazon.com\/images\/I\/51otXX+DEvL._SL500_.jpg","contentUrl":"https:\/\/m.media-amazon.com\/images\/I\/51otXX+DEvL._SL500_.jpg","width":500,"height":500},{"@type":"BreadcrumbList","@id":"https:\/\/marktxxl.de\/markt\/produkt\/wiederverwendbare-taschen-multipack-perfekt-fuer-die-klassenzimmer-extra-grosse-groesse\/#breadcrumb","itemListElement":[{"@type":"ListItem","position":1,"name":"Startseite","item":"https:\/\/marktxxl.de\/markt\/"},{"@type":"ListItem","position":2,"name":"Markt","item":"https:\/\/marktxxl.de\/markt\/"},{"@type":"ListItem","position":3,"name":"Wiederverwendbare Taschen \u2013 Multipack \u2013 perfekt f\u00fcr die Klassenzimmer \u2013 Extra gro\u00dfe Gr\u00f6\u00dfe"}]},{"@type":"WebSite","@id":"https:\/\/marktxxl.de\/markt\/#website","url":"https:\/\/marktxxl.de\/markt\/","name":"Markt-XXL","description":"Ihr Markt Online","publisher":{"@id":"https:\/\/marktxxl.de\/markt\/#organization"},"potentialAction":[{"@type":"SearchAction","target":{"@type":"EntryPoint","urlTemplate":"https:\/\/marktxxl.de\/markt\/?s={search_term_string}"},"query-input":{"@type":"PropertyValueSpecification","valueRequired":true,"valueName":"search_term_string"}}],"inLanguage":"de"},{"@type":"Organization","@id":"https:\/\/marktxxl.de\/markt\/#organization","name":"Markt-XXL","url":"https:\/\/marktxxl.de\/markt\/","logo":{"@type":"ImageObject","inLanguage":"de","@id":"https:\/\/marktxxl.de\/markt\/#\/schema\/logo\/image\/","url":"https:\/\/marktxxl.de\/markt\/wp-content\/uploads\/sites\/3\/2020\/12\/logo.png","contentUrl":"https:\/\/marktxxl.de\/markt\/wp-content\/uploads\/sites\/3\/2020\/12\/logo.png","width":200,"height":70,"caption":"Markt-XXL"},"image":{"@id":"https:\/\/marktxxl.de\/markt\/#\/schema\/logo\/image\/"}}]}},"_links":{"self":[{"href":"https:\/\/marktxxl.de\/markt\/wp-json\/wp\/v2\/product\/201898","targetHints":{"allow":["GET"]}}],"collection":[{"href":"https:\/\/marktxxl.de\/markt\/wp-json\/wp\/v2\/product"}],"about":[{"href":"https:\/\/marktxxl.de\/markt\/wp-json\/wp\/v2\/types\/product"}],"replies":[{"embeddable":true,"href":"https:\/\/marktxxl.de\/markt\/wp-json\/wp\/v2\/comments?post=201898"}],"wp:featuredmedia":[{"embeddable":true,"href":"https:\/\/marktxxl.de\/markt\/wp-json\/wp\/v2\/media\/201899"}],"wp:attachment":[{"href":"https:\/\/marktxxl.de\/markt\/wp-json\/wp\/v2\/media?parent=201898"}],"wp:term":[{"taxonomy":"product_brand","embeddable":true,"href":"https:\/\/marktxxl.de\/markt\/wp-json\/wp\/v2\/product_brand?post=201898"},{"taxonomy":"product_cat","embeddable":true,"href":"https:\/\/marktxxl.de\/markt\/wp-json\/wp\/v2\/product_cat?post=201898"},{"taxonomy":"product_tag","embeddable":true,"href":"https:\/\/marktxxl.de\/markt\/wp-json\/wp\/v2\/product_tag?post=201898"}],"curies":[{"name":"wp","href":"https:\/\/api.w.org\/{rel}","templated":true}]}}