{"id":201746,"date":"2023-04-10T14:04:26","date_gmt":"2023-04-10T12:04:26","guid":{"rendered":"https:\/\/marktxxl.de\/markt\/produkt\/hs-bambus-holz-buchstaender-faltbarer-und-tragbarer-buchhalter-lesestaender-verstellbarere-buchstuetze-auch-fuer-kinder-als-zubehoer-in-der-schule-oder-als-notenstaender-tisch\/"},"modified":"2023-04-10T14:04:26","modified_gmt":"2023-04-10T12:04:26","slug":"hs-bambus-holz-buchstaender-faltbarer-und-tragbarer-buchhalter-lesestaender-verstellbarere-buchstuetze-auch-fuer-kinder-als-zubehoer-in-der-schule-oder-als-notenstaender-tisch","status":"publish","type":"product","link":"https:\/\/marktxxl.de\/markt\/produkt\/hs-bambus-holz-buchstaender-faltbarer-und-tragbarer-buchhalter-lesestaender-verstellbarere-buchstuetze-auch-fuer-kinder-als-zubehoer-in-der-schule-oder-als-notenstaender-tisch\/","title":{"rendered":"H&amp;S Bambus Holz Buchst\u00e4nder &#8211; Faltbarer und Tragbarer Buchhalter &amp; Lesest\u00e4nder &#8211; Verstellbarere Buchst\u00fctze auch f\u00fcr Kinder als Zubeh\u00f6r in der Schule oder als Notenst\u00e4nder Tisch"},"content":{"rendered":"<p>100% Lasierter Bambus B\u00fccherst\u00e4nder: Unser lasierter B\u00fccherhalter aus Bambusholz verwandelt Ihr Buch in ein modernes Display. Er ist so konzipiert, dass er jedes Buch oder Tablet h\u00e4lt, da er 6 Einstellm\u00f6glichkeiten bietet, w\u00e4hrend er sicher steht<br \/>\nSolide &amp; Faltbar: Unser Buchaufsteller ist aus stabilem, hochwertigem Bambus gefertigt und bietet gen\u00fcgend Platz f\u00fcr alle Anwendungen. Au\u00dferdem l\u00e4sst er sich flach zusammenfalten und bequem aufbewahren<br \/>\nH\u00e4lt die Seiten Fest: Der Buch St\u00e4nder kann Seiten dank der Halterungen aufrecht und stabil halten. Au\u00dferdem erm\u00f6glicht er das Lesen in einer bequemen Position, um Nackenschmerzen zu vermeiden. Er kann leicht transportiert oder in eine einfach in eine Schublade gelegt werden<br \/>\nF\u00fcr Jedes Lesematerial: Diese Buch Halterung kann alles, von einem dicken Buch bis hin zu einem Tablet. Die stabile Frontablage garantiert sicheren Halt f\u00fcr verschiedene Buchgr\u00f6\u00dfen und -arten, Tablets, Zeitschriften oder Tischnotenst\u00e4nder<br \/>\nEine Perfekte Geschenkidee: Das Lesepult kann in der Schule, als B\u00fcroausstattung, in der Bibliothek oder gerne im Freien verwendet werden. Es ist eine durchdachte Geschenkidee f\u00fcr jede Gelegenheit oder f\u00fcr jemanden, der gerne im Bett liest<br \/>\n<div class=\"main-cross-sell\" data-asin=\"B016JQDRNU\">\n\n\t<div class=\"WooZone-cross-sell-loader\">\n\t\t<div>\n\t\t\t<div id=\"floatingBarsG\">\n\t\t\t\t<div class=\"blockG\" id=\"rotateG_01\"><\/div>\n\t\t\t\t<div class=\"blockG\" id=\"rotateG_02\"><\/div>\n\t\t\t\t<div class=\"blockG\" id=\"rotateG_03\"><\/div>\n\t\t\t\t<div class=\"blockG\" id=\"rotateG_04\"><\/div>\n\t\t\t\t<div class=\"blockG\" id=\"rotateG_05\"><\/div>\n\t\t\t\t<div class=\"blockG\" id=\"rotateG_06\"><\/div>\n\t\t\t\t<div class=\"blockG\" id=\"rotateG_07\"><\/div>\n\t\t\t\t<div class=\"blockG\" id=\"rotateG_08\"><\/div>\n\t\t\t<\/div>\n\t\t\t<div class=\"WooZone-cross-sell-loader-text\"><\/div>\n\t\t<\/div>\n\t<\/div>\n\n\t\t\n<\/div>\n<div style=\"clear:both;\"><\/div><\/p>\n","protected":false},"excerpt":{"rendered":"<p>100% Lasierter Bambus B\u00fccherst\u00e4nder: Unser lasierter B\u00fccherhalter aus Bambusholz verwandelt Ihr Buch in ein modernes Display. Er ist so konzipiert, dass er jedes Buch oder Tablet h\u00e4lt, da er 6 Einstellm\u00f6glichkeiten bietet, w\u00e4hrend er sicher steht<br \/>\nSolide &amp; Faltbar: Unser Buchaufsteller ist aus stabilem, hochwertigem Bambus gefertigt und bietet gen\u00fcgend Platz f\u00fcr alle Anwendungen. Au\u00dferdem l\u00e4sst er sich flach zusammenfalten und bequem aufbewahren<br \/>\nH\u00e4lt die Seiten Fest: Der Buch St\u00e4nder kann Seiten dank der Halterungen aufrecht und stabil halten. Au\u00dferdem erm\u00f6glicht er das Lesen in einer bequemen Position, um Nackenschmerzen zu vermeiden. Er kann leicht transportiert oder in eine einfach in eine Schublade gelegt werden<\/p>\n","protected":false},"featured_media":201747,"comment_status":"open","ping_status":"closed","template":"","meta":[],"product_brand":[],"product_cat":[504,8284],"product_tag":[],"class_list":{"0":"post-201746","1":"product","2":"type-product","3":"status-publish","4":"has-post-thumbnail","6":"product_cat-buerobedarf-schreibwaren","7":"product_cat-bueromaterial","8":"pa_binding-buerobedarf-schreibwaren","9":"pa_brand-hs","10":"pa_color-hautfarben","11":"pa_height-9-448818888-zoll","12":"pa_length-13-385826758-zoll","13":"pa_manufacturer-hs-alliance-uk-ltd","14":"pa_weight-1-84526913294-pfund","15":"pa_width-0-4330708657-zoll","17":"first","18":"instock","19":"shipping-taxable","20":"purchasable","21":"product-type-simple","22":"customify-col","23":"product-has-gallery"},"yoast_head":"<!-- This site is optimized with the Yoast SEO plugin v27.4 - https:\/\/yoast.com\/product\/yoast-seo-wordpress\/ -->\n<title>H&amp;S Bambus Holz Buchst\u00e4nder - Faltbarer und Tragbarer Buchhalter &amp; Lesest\u00e4nder - Verstellbarere Buchst\u00fctze auch f\u00fcr Kinder als Zubeh\u00f6r in der Schule oder als Notenst\u00e4nder Tisch - Markt-XXL<\/title>\n<meta name=\"description\" content=\"Markt-XXL H&amp;S Bambus Holz Buchst\u00e4nder - Faltbarer und Tragbarer Buchhalter &amp; Lesest\u00e4nder - Verstellbarere Buchst\u00fctze auch f\u00fcr Kinder als Zubeh\u00f6r in der Schule oder als Notenst\u00e4nder Tisch\" \/>\n<meta name=\"robots\" content=\"index, follow, max-snippet:-1, max-image-preview:large, max-video-preview:-1\" \/>\n<link rel=\"canonical\" href=\"https:\/\/marktxxl.de\/markt\/produkt\/hs-bambus-holz-buchstaender-faltbarer-und-tragbarer-buchhalter-lesestaender-verstellbarere-buchstuetze-auch-fuer-kinder-als-zubehoer-in-der-schule-oder-als-notenstaender-tisch\/\" \/>\n<meta property=\"og:locale\" content=\"de_DE\" \/>\n<meta property=\"og:type\" content=\"article\" \/>\n<meta property=\"og:title\" content=\"H&amp;S Bambus Holz Buchst\u00e4nder - Faltbarer und Tragbarer Buchhalter &amp; Lesest\u00e4nder - Verstellbarere Buchst\u00fctze auch f\u00fcr Kinder als Zubeh\u00f6r in der Schule oder als Notenst\u00e4nder Tisch - Markt-XXL\" \/>\n<meta property=\"og:description\" content=\"Markt-XXL H&amp;S Bambus Holz Buchst\u00e4nder - Faltbarer und Tragbarer Buchhalter &amp; Lesest\u00e4nder - Verstellbarere Buchst\u00fctze auch f\u00fcr Kinder als Zubeh\u00f6r in der Schule oder als Notenst\u00e4nder Tisch\" \/>\n<meta property=\"og:url\" content=\"https:\/\/marktxxl.de\/markt\/produkt\/hs-bambus-holz-buchstaender-faltbarer-und-tragbarer-buchhalter-lesestaender-verstellbarere-buchstuetze-auch-fuer-kinder-als-zubehoer-in-der-schule-oder-als-notenstaender-tisch\/\" \/>\n<meta property=\"og:site_name\" content=\"Markt-XXL\" \/>\n<meta name=\"twitter:card\" content=\"summary_large_image\" \/>\n<meta name=\"twitter:label1\" content=\"Gesch\u00e4tzte Lesezeit\" \/>\n\t<meta name=\"twitter:data1\" content=\"1\u00a0Minute\" \/>\n<script type=\"application\/ld+json\" class=\"yoast-schema-graph\">{\"@context\":\"https:\\\/\\\/schema.org\",\"@graph\":[{\"@type\":\"WebPage\",\"@id\":\"https:\\\/\\\/marktxxl.de\\\/markt\\\/produkt\\\/hs-bambus-holz-buchstaender-faltbarer-und-tragbarer-buchhalter-lesestaender-verstellbarere-buchstuetze-auch-fuer-kinder-als-zubehoer-in-der-schule-oder-als-notenstaender-tisch\\\/\",\"url\":\"https:\\\/\\\/marktxxl.de\\\/markt\\\/produkt\\\/hs-bambus-holz-buchstaender-faltbarer-und-tragbarer-buchhalter-lesestaender-verstellbarere-buchstuetze-auch-fuer-kinder-als-zubehoer-in-der-schule-oder-als-notenstaender-tisch\\\/\",\"name\":\"H&amp;S Bambus Holz Buchst\u00e4nder - Faltbarer und Tragbarer Buchhalter &amp; Lesest\u00e4nder - Verstellbarere Buchst\u00fctze auch f\u00fcr Kinder als Zubeh\u00f6r in der Schule oder als Notenst\u00e4nder Tisch - Markt-XXL\",\"isPartOf\":{\"@id\":\"https:\\\/\\\/marktxxl.de\\\/markt\\\/#website\"},\"primaryImageOfPage\":{\"@id\":\"https:\\\/\\\/marktxxl.de\\\/markt\\\/produkt\\\/hs-bambus-holz-buchstaender-faltbarer-und-tragbarer-buchhalter-lesestaender-verstellbarere-buchstuetze-auch-fuer-kinder-als-zubehoer-in-der-schule-oder-als-notenstaender-tisch\\\/#primaryimage\"},\"image\":{\"@id\":\"https:\\\/\\\/marktxxl.de\\\/markt\\\/produkt\\\/hs-bambus-holz-buchstaender-faltbarer-und-tragbarer-buchhalter-lesestaender-verstellbarere-buchstuetze-auch-fuer-kinder-als-zubehoer-in-der-schule-oder-als-notenstaender-tisch\\\/#primaryimage\"},\"thumbnailUrl\":\"https:\\\/\\\/m.media-amazon.com\\\/images\\\/I\\\/51oze9quUoL._SL500_.jpg\",\"datePublished\":\"2023-04-10T12:04:26+00:00\",\"description\":\"Markt-XXL H&amp;S Bambus Holz Buchst\u00e4nder - Faltbarer und Tragbarer Buchhalter &amp; Lesest\u00e4nder - Verstellbarere Buchst\u00fctze auch f\u00fcr Kinder als Zubeh\u00f6r in der Schule oder als Notenst\u00e4nder Tisch\",\"breadcrumb\":{\"@id\":\"https:\\\/\\\/marktxxl.de\\\/markt\\\/produkt\\\/hs-bambus-holz-buchstaender-faltbarer-und-tragbarer-buchhalter-lesestaender-verstellbarere-buchstuetze-auch-fuer-kinder-als-zubehoer-in-der-schule-oder-als-notenstaender-tisch\\\/#breadcrumb\"},\"inLanguage\":\"de\",\"potentialAction\":[{\"@type\":\"ReadAction\",\"target\":[\"https:\\\/\\\/marktxxl.de\\\/markt\\\/produkt\\\/hs-bambus-holz-buchstaender-faltbarer-und-tragbarer-buchhalter-lesestaender-verstellbarere-buchstuetze-auch-fuer-kinder-als-zubehoer-in-der-schule-oder-als-notenstaender-tisch\\\/\"]}]},{\"@type\":\"ImageObject\",\"inLanguage\":\"de\",\"@id\":\"https:\\\/\\\/marktxxl.de\\\/markt\\\/produkt\\\/hs-bambus-holz-buchstaender-faltbarer-und-tragbarer-buchhalter-lesestaender-verstellbarere-buchstuetze-auch-fuer-kinder-als-zubehoer-in-der-schule-oder-als-notenstaender-tisch\\\/#primaryimage\",\"url\":\"https:\\\/\\\/m.media-amazon.com\\\/images\\\/I\\\/51oze9quUoL._SL500_.jpg\",\"contentUrl\":\"https:\\\/\\\/m.media-amazon.com\\\/images\\\/I\\\/51oze9quUoL._SL500_.jpg\",\"width\":500,\"height\":500},{\"@type\":\"BreadcrumbList\",\"@id\":\"https:\\\/\\\/marktxxl.de\\\/markt\\\/produkt\\\/hs-bambus-holz-buchstaender-faltbarer-und-tragbarer-buchhalter-lesestaender-verstellbarere-buchstuetze-auch-fuer-kinder-als-zubehoer-in-der-schule-oder-als-notenstaender-tisch\\\/#breadcrumb\",\"itemListElement\":[{\"@type\":\"ListItem\",\"position\":1,\"name\":\"Startseite\",\"item\":\"https:\\\/\\\/marktxxl.de\\\/markt\\\/\"},{\"@type\":\"ListItem\",\"position\":2,\"name\":\"Markt\",\"item\":\"https:\\\/\\\/marktxxl.de\\\/markt\\\/\"},{\"@type\":\"ListItem\",\"position\":3,\"name\":\"H&amp;S Bambus Holz Buchst\u00e4nder &#8211; Faltbarer und Tragbarer Buchhalter &amp; Lesest\u00e4nder &#8211; Verstellbarere Buchst\u00fctze auch f\u00fcr Kinder als Zubeh\u00f6r in der Schule oder als Notenst\u00e4nder Tisch\"}]},{\"@type\":\"WebSite\",\"@id\":\"https:\\\/\\\/marktxxl.de\\\/markt\\\/#website\",\"url\":\"https:\\\/\\\/marktxxl.de\\\/markt\\\/\",\"name\":\"Markt-XXL\",\"description\":\"Ihr Markt Online\",\"publisher\":{\"@id\":\"https:\\\/\\\/marktxxl.de\\\/markt\\\/#organization\"},\"potentialAction\":[{\"@type\":\"SearchAction\",\"target\":{\"@type\":\"EntryPoint\",\"urlTemplate\":\"https:\\\/\\\/marktxxl.de\\\/markt\\\/?s={search_term_string}\"},\"query-input\":{\"@type\":\"PropertyValueSpecification\",\"valueRequired\":true,\"valueName\":\"search_term_string\"}}],\"inLanguage\":\"de\"},{\"@type\":\"Organization\",\"@id\":\"https:\\\/\\\/marktxxl.de\\\/markt\\\/#organization\",\"name\":\"Markt-XXL\",\"url\":\"https:\\\/\\\/marktxxl.de\\\/markt\\\/\",\"logo\":{\"@type\":\"ImageObject\",\"inLanguage\":\"de\",\"@id\":\"https:\\\/\\\/marktxxl.de\\\/markt\\\/#\\\/schema\\\/logo\\\/image\\\/\",\"url\":\"https:\\\/\\\/marktxxl.de\\\/markt\\\/wp-content\\\/uploads\\\/sites\\\/3\\\/2020\\\/12\\\/logo.png\",\"contentUrl\":\"https:\\\/\\\/marktxxl.de\\\/markt\\\/wp-content\\\/uploads\\\/sites\\\/3\\\/2020\\\/12\\\/logo.png\",\"width\":200,\"height\":70,\"caption\":\"Markt-XXL\"},\"image\":{\"@id\":\"https:\\\/\\\/marktxxl.de\\\/markt\\\/#\\\/schema\\\/logo\\\/image\\\/\"}}]}<\/script>\n<!-- \/ Yoast SEO plugin. -->","yoast_head_json":{"title":"H&amp;S Bambus Holz Buchst\u00e4nder - Faltbarer und Tragbarer Buchhalter &amp; Lesest\u00e4nder - Verstellbarere Buchst\u00fctze auch f\u00fcr Kinder als Zubeh\u00f6r in der Schule oder als Notenst\u00e4nder Tisch - Markt-XXL","description":"Markt-XXL H&amp;S Bambus Holz Buchst\u00e4nder - Faltbarer und Tragbarer Buchhalter &amp; Lesest\u00e4nder - Verstellbarere Buchst\u00fctze auch f\u00fcr Kinder als Zubeh\u00f6r in der Schule oder als Notenst\u00e4nder Tisch","robots":{"index":"index","follow":"follow","max-snippet":"max-snippet:-1","max-image-preview":"max-image-preview:large","max-video-preview":"max-video-preview:-1"},"canonical":"https:\/\/marktxxl.de\/markt\/produkt\/hs-bambus-holz-buchstaender-faltbarer-und-tragbarer-buchhalter-lesestaender-verstellbarere-buchstuetze-auch-fuer-kinder-als-zubehoer-in-der-schule-oder-als-notenstaender-tisch\/","og_locale":"de_DE","og_type":"article","og_title":"H&amp;S Bambus Holz Buchst\u00e4nder - Faltbarer und Tragbarer Buchhalter &amp; Lesest\u00e4nder - Verstellbarere Buchst\u00fctze auch f\u00fcr Kinder als Zubeh\u00f6r in der Schule oder als Notenst\u00e4nder Tisch - Markt-XXL","og_description":"Markt-XXL H&amp;S Bambus Holz Buchst\u00e4nder - Faltbarer und Tragbarer Buchhalter &amp; Lesest\u00e4nder - Verstellbarere Buchst\u00fctze auch f\u00fcr Kinder als Zubeh\u00f6r in der Schule oder als Notenst\u00e4nder Tisch","og_url":"https:\/\/marktxxl.de\/markt\/produkt\/hs-bambus-holz-buchstaender-faltbarer-und-tragbarer-buchhalter-lesestaender-verstellbarere-buchstuetze-auch-fuer-kinder-als-zubehoer-in-der-schule-oder-als-notenstaender-tisch\/","og_site_name":"Markt-XXL","twitter_card":"summary_large_image","twitter_misc":{"Gesch\u00e4tzte Lesezeit":"1\u00a0Minute"},"schema":{"@context":"https:\/\/schema.org","@graph":[{"@type":"WebPage","@id":"https:\/\/marktxxl.de\/markt\/produkt\/hs-bambus-holz-buchstaender-faltbarer-und-tragbarer-buchhalter-lesestaender-verstellbarere-buchstuetze-auch-fuer-kinder-als-zubehoer-in-der-schule-oder-als-notenstaender-tisch\/","url":"https:\/\/marktxxl.de\/markt\/produkt\/hs-bambus-holz-buchstaender-faltbarer-und-tragbarer-buchhalter-lesestaender-verstellbarere-buchstuetze-auch-fuer-kinder-als-zubehoer-in-der-schule-oder-als-notenstaender-tisch\/","name":"H&amp;S Bambus Holz Buchst\u00e4nder - Faltbarer und Tragbarer Buchhalter &amp; Lesest\u00e4nder - Verstellbarere Buchst\u00fctze auch f\u00fcr Kinder als Zubeh\u00f6r in der Schule oder als Notenst\u00e4nder Tisch - Markt-XXL","isPartOf":{"@id":"https:\/\/marktxxl.de\/markt\/#website"},"primaryImageOfPage":{"@id":"https:\/\/marktxxl.de\/markt\/produkt\/hs-bambus-holz-buchstaender-faltbarer-und-tragbarer-buchhalter-lesestaender-verstellbarere-buchstuetze-auch-fuer-kinder-als-zubehoer-in-der-schule-oder-als-notenstaender-tisch\/#primaryimage"},"image":{"@id":"https:\/\/marktxxl.de\/markt\/produkt\/hs-bambus-holz-buchstaender-faltbarer-und-tragbarer-buchhalter-lesestaender-verstellbarere-buchstuetze-auch-fuer-kinder-als-zubehoer-in-der-schule-oder-als-notenstaender-tisch\/#primaryimage"},"thumbnailUrl":"https:\/\/m.media-amazon.com\/images\/I\/51oze9quUoL._SL500_.jpg","datePublished":"2023-04-10T12:04:26+00:00","description":"Markt-XXL H&amp;S Bambus Holz Buchst\u00e4nder - Faltbarer und Tragbarer Buchhalter &amp; Lesest\u00e4nder - Verstellbarere Buchst\u00fctze auch f\u00fcr Kinder als Zubeh\u00f6r in der Schule oder als Notenst\u00e4nder Tisch","breadcrumb":{"@id":"https:\/\/marktxxl.de\/markt\/produkt\/hs-bambus-holz-buchstaender-faltbarer-und-tragbarer-buchhalter-lesestaender-verstellbarere-buchstuetze-auch-fuer-kinder-als-zubehoer-in-der-schule-oder-als-notenstaender-tisch\/#breadcrumb"},"inLanguage":"de","potentialAction":[{"@type":"ReadAction","target":["https:\/\/marktxxl.de\/markt\/produkt\/hs-bambus-holz-buchstaender-faltbarer-und-tragbarer-buchhalter-lesestaender-verstellbarere-buchstuetze-auch-fuer-kinder-als-zubehoer-in-der-schule-oder-als-notenstaender-tisch\/"]}]},{"@type":"ImageObject","inLanguage":"de","@id":"https:\/\/marktxxl.de\/markt\/produkt\/hs-bambus-holz-buchstaender-faltbarer-und-tragbarer-buchhalter-lesestaender-verstellbarere-buchstuetze-auch-fuer-kinder-als-zubehoer-in-der-schule-oder-als-notenstaender-tisch\/#primaryimage","url":"https:\/\/m.media-amazon.com\/images\/I\/51oze9quUoL._SL500_.jpg","contentUrl":"https:\/\/m.media-amazon.com\/images\/I\/51oze9quUoL._SL500_.jpg","width":500,"height":500},{"@type":"BreadcrumbList","@id":"https:\/\/marktxxl.de\/markt\/produkt\/hs-bambus-holz-buchstaender-faltbarer-und-tragbarer-buchhalter-lesestaender-verstellbarere-buchstuetze-auch-fuer-kinder-als-zubehoer-in-der-schule-oder-als-notenstaender-tisch\/#breadcrumb","itemListElement":[{"@type":"ListItem","position":1,"name":"Startseite","item":"https:\/\/marktxxl.de\/markt\/"},{"@type":"ListItem","position":2,"name":"Markt","item":"https:\/\/marktxxl.de\/markt\/"},{"@type":"ListItem","position":3,"name":"H&amp;S Bambus Holz Buchst\u00e4nder &#8211; Faltbarer und Tragbarer Buchhalter &amp; Lesest\u00e4nder &#8211; Verstellbarere Buchst\u00fctze auch f\u00fcr Kinder als Zubeh\u00f6r in der Schule oder als Notenst\u00e4nder Tisch"}]},{"@type":"WebSite","@id":"https:\/\/marktxxl.de\/markt\/#website","url":"https:\/\/marktxxl.de\/markt\/","name":"Markt-XXL","description":"Ihr Markt Online","publisher":{"@id":"https:\/\/marktxxl.de\/markt\/#organization"},"potentialAction":[{"@type":"SearchAction","target":{"@type":"EntryPoint","urlTemplate":"https:\/\/marktxxl.de\/markt\/?s={search_term_string}"},"query-input":{"@type":"PropertyValueSpecification","valueRequired":true,"valueName":"search_term_string"}}],"inLanguage":"de"},{"@type":"Organization","@id":"https:\/\/marktxxl.de\/markt\/#organization","name":"Markt-XXL","url":"https:\/\/marktxxl.de\/markt\/","logo":{"@type":"ImageObject","inLanguage":"de","@id":"https:\/\/marktxxl.de\/markt\/#\/schema\/logo\/image\/","url":"https:\/\/marktxxl.de\/markt\/wp-content\/uploads\/sites\/3\/2020\/12\/logo.png","contentUrl":"https:\/\/marktxxl.de\/markt\/wp-content\/uploads\/sites\/3\/2020\/12\/logo.png","width":200,"height":70,"caption":"Markt-XXL"},"image":{"@id":"https:\/\/marktxxl.de\/markt\/#\/schema\/logo\/image\/"}}]}},"_links":{"self":[{"href":"https:\/\/marktxxl.de\/markt\/wp-json\/wp\/v2\/product\/201746","targetHints":{"allow":["GET"]}}],"collection":[{"href":"https:\/\/marktxxl.de\/markt\/wp-json\/wp\/v2\/product"}],"about":[{"href":"https:\/\/marktxxl.de\/markt\/wp-json\/wp\/v2\/types\/product"}],"replies":[{"embeddable":true,"href":"https:\/\/marktxxl.de\/markt\/wp-json\/wp\/v2\/comments?post=201746"}],"wp:featuredmedia":[{"embeddable":true,"href":"https:\/\/marktxxl.de\/markt\/wp-json\/wp\/v2\/media\/201747"}],"wp:attachment":[{"href":"https:\/\/marktxxl.de\/markt\/wp-json\/wp\/v2\/media?parent=201746"}],"wp:term":[{"taxonomy":"product_brand","embeddable":true,"href":"https:\/\/marktxxl.de\/markt\/wp-json\/wp\/v2\/product_brand?post=201746"},{"taxonomy":"product_cat","embeddable":true,"href":"https:\/\/marktxxl.de\/markt\/wp-json\/wp\/v2\/product_cat?post=201746"},{"taxonomy":"product_tag","embeddable":true,"href":"https:\/\/marktxxl.de\/markt\/wp-json\/wp\/v2\/product_tag?post=201746"}],"curies":[{"name":"wp","href":"https:\/\/api.w.org\/{rel}","templated":true}]}}