{"id":201722,"date":"2023-04-10T13:47:40","date_gmt":"2023-04-10T11:47:40","guid":{"rendered":"https:\/\/marktxxl.de\/markt\/produkt\/munbyn-3-x-2-fragile-aufkleber-fuer-den-versand-handle-with-care-aufkleber-starke-selbstklebende-rote-fragile-etiketten-fuer-den-umzug-500-etiketten-1-rolle\/"},"modified":"2023-04-10T13:47:40","modified_gmt":"2023-04-10T11:47:40","slug":"munbyn-3-x-2-fragile-aufkleber-fuer-den-versand-handle-with-care-aufkleber-starke-selbstklebende-rote-fragile-etiketten-fuer-den-umzug-500-etiketten-1-rolle","status":"publish","type":"product","link":"https:\/\/marktxxl.de\/markt\/produkt\/munbyn-3-x-2-fragile-aufkleber-fuer-den-versand-handle-with-care-aufkleber-starke-selbstklebende-rote-fragile-etiketten-fuer-den-umzug-500-etiketten-1-rolle\/","title":{"rendered":"MUNBYN 3&#8243; x 2&#8243; Fragile Aufkleber f\u00fcr den Versand, Handle with Care Aufkleber, Starke Selbstklebende Rote Fragile Etiketten f\u00fcr den Umzug (500 Etiketten\/1 Rolle )"},"content":{"rendered":"<p>[Spezifikationen]: Authentische MUNBYN Aufkleber &#8211; 3&#8243; X 2&#8243; (500 Etiketten\/1 Rolle, rot).<br \/>\n[Verwendungsszenarien]: Warn-Etiketten f\u00fcr die Lagerung, Verpackung, Kisten, B\u00fccher, Glas, schwere Gep\u00e4ckst\u00fccke, Blumen, Umzug Versand, etc.<br \/>\n[Gutes Haftverm\u00f6gen]: Stark selbstklebend, Sie k\u00f6nnen es auf Luftpolsterversandtaschen, Umschl\u00e4ge, Wellpappkartons, Kunststofff\u00e4sser, Stahlf\u00e4sser und Paletten kleben.<br \/>\n[leuchtendes, helles Rot]: Die zerbrechlichen Umzugsaufkleber k\u00f6nnen schnell gesehen werden, so dass Ihr Paket von den Umzugsunternehmen im Transportprozess mehr gesch\u00e4tzt wird.<br \/>\n[Use Advantage Collection]: MUNBYN zerbrechliche Aufkleber mit klarem Druck, wasserdicht und \u00f6lbest\u00e4ndig Eigenschaften. Ausgezeichnete gesch\u00e4ftliche und pers\u00f6nliche Assistent.<br \/>\n[Technische Unterst\u00fctzung]: MUNBYN bietet einen kostenlosen, lebenslangen Kundenservice f\u00fcr alle Produktprobleme durch Live-Chat, Telefonanrufe und E-Mails, sowie Remote-Desktop-Betriebssupport nach Bedarf.<br \/>\n<div class=\"main-cross-sell\" data-asin=\"B0B1HCHWJR\">\n\n\t<div class=\"WooZone-cross-sell-loader\">\n\t\t<div>\n\t\t\t<div id=\"floatingBarsG\">\n\t\t\t\t<div class=\"blockG\" id=\"rotateG_01\"><\/div>\n\t\t\t\t<div class=\"blockG\" id=\"rotateG_02\"><\/div>\n\t\t\t\t<div class=\"blockG\" id=\"rotateG_03\"><\/div>\n\t\t\t\t<div class=\"blockG\" id=\"rotateG_04\"><\/div>\n\t\t\t\t<div class=\"blockG\" id=\"rotateG_05\"><\/div>\n\t\t\t\t<div class=\"blockG\" id=\"rotateG_06\"><\/div>\n\t\t\t\t<div class=\"blockG\" id=\"rotateG_07\"><\/div>\n\t\t\t\t<div class=\"blockG\" id=\"rotateG_08\"><\/div>\n\t\t\t<\/div>\n\t\t\t<div class=\"WooZone-cross-sell-loader-text\"><\/div>\n\t\t<\/div>\n\t<\/div>\n\n\t\t\n<\/div>\n<div style=\"clear:both;\"><\/div><\/p>\n","protected":false},"excerpt":{"rendered":"<p>[Spezifikationen]: Authentische MUNBYN Aufkleber &#8211; 3&#8243; X 2&#8243; (500 Etiketten\/1 Rolle, rot).<br \/>\n[Verwendungsszenarien]: Warn-Etiketten f\u00fcr die Lagerung, Verpackung, Kisten, B\u00fccher, Glas, schwere Gep\u00e4ckst\u00fccke, Blumen, Umzug Versand, etc.<br \/>\n[Gutes Haftverm\u00f6gen]: Stark selbstklebend, Sie k\u00f6nnen es auf Luftpolsterversandtaschen, Umschl\u00e4ge, Wellpappkartons, Kunststofff\u00e4sser, Stahlf\u00e4sser und Paletten kleben.<\/p>\n","protected":false},"featured_media":201723,"comment_status":"open","ping_status":"closed","template":"","meta":[],"product_brand":[],"product_cat":[504,8284],"product_tag":[],"class_list":{"0":"post-201722","1":"product","2":"type-product","3":"status-publish","4":"has-post-thumbnail","6":"product_cat-buerobedarf-schreibwaren","7":"product_cat-bueromaterial","8":"pa_brand-munbyn","9":"pa_manufacturer-munbyn","11":"first","12":"instock","13":"shipping-taxable","14":"purchasable","15":"product-type-simple","16":"customify-col","17":"product-has-gallery"},"yoast_head":"<!-- This site is optimized with the Yoast SEO plugin v27.4 - https:\/\/yoast.com\/product\/yoast-seo-wordpress\/ -->\n<title>MUNBYN 3&quot; x 2&quot; Fragile Aufkleber f\u00fcr den Versand, Handle with Care Aufkleber, Starke Selbstklebende Rote Fragile Etiketten f\u00fcr den Umzug (500 Etiketten\/1 Rolle ) - Markt-XXL<\/title>\n<meta name=\"description\" content=\"Markt-XXL MUNBYN 3&quot; x 2&quot; Fragile Aufkleber f\u00fcr den Versand, Handle with Care Aufkleber, Starke Selbstklebende Rote Fragile Etiketten f\u00fcr den Umzug (500 Etiketten\/1 Rolle )\" \/>\n<meta name=\"robots\" content=\"index, follow, max-snippet:-1, max-image-preview:large, max-video-preview:-1\" \/>\n<link rel=\"canonical\" href=\"https:\/\/marktxxl.de\/markt\/produkt\/munbyn-3-x-2-fragile-aufkleber-fuer-den-versand-handle-with-care-aufkleber-starke-selbstklebende-rote-fragile-etiketten-fuer-den-umzug-500-etiketten-1-rolle\/\" \/>\n<meta property=\"og:locale\" content=\"de_DE\" \/>\n<meta property=\"og:type\" content=\"article\" \/>\n<meta property=\"og:title\" content=\"MUNBYN 3&quot; x 2&quot; Fragile Aufkleber f\u00fcr den Versand, Handle with Care Aufkleber, Starke Selbstklebende Rote Fragile Etiketten f\u00fcr den Umzug (500 Etiketten\/1 Rolle ) - Markt-XXL\" \/>\n<meta property=\"og:description\" content=\"Markt-XXL MUNBYN 3&quot; x 2&quot; Fragile Aufkleber f\u00fcr den Versand, Handle with Care Aufkleber, Starke Selbstklebende Rote Fragile Etiketten f\u00fcr den Umzug (500 Etiketten\/1 Rolle )\" \/>\n<meta property=\"og:url\" content=\"https:\/\/marktxxl.de\/markt\/produkt\/munbyn-3-x-2-fragile-aufkleber-fuer-den-versand-handle-with-care-aufkleber-starke-selbstklebende-rote-fragile-etiketten-fuer-den-umzug-500-etiketten-1-rolle\/\" \/>\n<meta property=\"og:site_name\" content=\"Markt-XXL\" \/>\n<meta name=\"twitter:card\" content=\"summary_large_image\" \/>\n<meta name=\"twitter:label1\" content=\"Gesch\u00e4tzte Lesezeit\" \/>\n\t<meta name=\"twitter:data1\" content=\"1\u00a0Minute\" \/>\n<script type=\"application\/ld+json\" class=\"yoast-schema-graph\">{\"@context\":\"https:\\\/\\\/schema.org\",\"@graph\":[{\"@type\":\"WebPage\",\"@id\":\"https:\\\/\\\/marktxxl.de\\\/markt\\\/produkt\\\/munbyn-3-x-2-fragile-aufkleber-fuer-den-versand-handle-with-care-aufkleber-starke-selbstklebende-rote-fragile-etiketten-fuer-den-umzug-500-etiketten-1-rolle\\\/\",\"url\":\"https:\\\/\\\/marktxxl.de\\\/markt\\\/produkt\\\/munbyn-3-x-2-fragile-aufkleber-fuer-den-versand-handle-with-care-aufkleber-starke-selbstklebende-rote-fragile-etiketten-fuer-den-umzug-500-etiketten-1-rolle\\\/\",\"name\":\"MUNBYN 3\\\" x 2\\\" Fragile Aufkleber f\u00fcr den Versand, Handle with Care Aufkleber, Starke Selbstklebende Rote Fragile Etiketten f\u00fcr den Umzug (500 Etiketten\\\/1 Rolle ) - Markt-XXL\",\"isPartOf\":{\"@id\":\"https:\\\/\\\/marktxxl.de\\\/markt\\\/#website\"},\"primaryImageOfPage\":{\"@id\":\"https:\\\/\\\/marktxxl.de\\\/markt\\\/produkt\\\/munbyn-3-x-2-fragile-aufkleber-fuer-den-versand-handle-with-care-aufkleber-starke-selbstklebende-rote-fragile-etiketten-fuer-den-umzug-500-etiketten-1-rolle\\\/#primaryimage\"},\"image\":{\"@id\":\"https:\\\/\\\/marktxxl.de\\\/markt\\\/produkt\\\/munbyn-3-x-2-fragile-aufkleber-fuer-den-versand-handle-with-care-aufkleber-starke-selbstklebende-rote-fragile-etiketten-fuer-den-umzug-500-etiketten-1-rolle\\\/#primaryimage\"},\"thumbnailUrl\":\"https:\\\/\\\/m.media-amazon.com\\\/images\\\/I\\\/51MR2MeubhL._SL500_.jpg\",\"datePublished\":\"2023-04-10T11:47:40+00:00\",\"description\":\"Markt-XXL MUNBYN 3\\\" x 2\\\" Fragile Aufkleber f\u00fcr den Versand, Handle with Care Aufkleber, Starke Selbstklebende Rote Fragile Etiketten f\u00fcr den Umzug (500 Etiketten\\\/1 Rolle )\",\"breadcrumb\":{\"@id\":\"https:\\\/\\\/marktxxl.de\\\/markt\\\/produkt\\\/munbyn-3-x-2-fragile-aufkleber-fuer-den-versand-handle-with-care-aufkleber-starke-selbstklebende-rote-fragile-etiketten-fuer-den-umzug-500-etiketten-1-rolle\\\/#breadcrumb\"},\"inLanguage\":\"de\",\"potentialAction\":[{\"@type\":\"ReadAction\",\"target\":[\"https:\\\/\\\/marktxxl.de\\\/markt\\\/produkt\\\/munbyn-3-x-2-fragile-aufkleber-fuer-den-versand-handle-with-care-aufkleber-starke-selbstklebende-rote-fragile-etiketten-fuer-den-umzug-500-etiketten-1-rolle\\\/\"]}]},{\"@type\":\"ImageObject\",\"inLanguage\":\"de\",\"@id\":\"https:\\\/\\\/marktxxl.de\\\/markt\\\/produkt\\\/munbyn-3-x-2-fragile-aufkleber-fuer-den-versand-handle-with-care-aufkleber-starke-selbstklebende-rote-fragile-etiketten-fuer-den-umzug-500-etiketten-1-rolle\\\/#primaryimage\",\"url\":\"https:\\\/\\\/m.media-amazon.com\\\/images\\\/I\\\/51MR2MeubhL._SL500_.jpg\",\"contentUrl\":\"https:\\\/\\\/m.media-amazon.com\\\/images\\\/I\\\/51MR2MeubhL._SL500_.jpg\",\"width\":500,\"height\":500},{\"@type\":\"BreadcrumbList\",\"@id\":\"https:\\\/\\\/marktxxl.de\\\/markt\\\/produkt\\\/munbyn-3-x-2-fragile-aufkleber-fuer-den-versand-handle-with-care-aufkleber-starke-selbstklebende-rote-fragile-etiketten-fuer-den-umzug-500-etiketten-1-rolle\\\/#breadcrumb\",\"itemListElement\":[{\"@type\":\"ListItem\",\"position\":1,\"name\":\"Startseite\",\"item\":\"https:\\\/\\\/marktxxl.de\\\/markt\\\/\"},{\"@type\":\"ListItem\",\"position\":2,\"name\":\"Markt\",\"item\":\"https:\\\/\\\/marktxxl.de\\\/markt\\\/\"},{\"@type\":\"ListItem\",\"position\":3,\"name\":\"MUNBYN 3&#8243; x 2&#8243; Fragile Aufkleber f\u00fcr den Versand, Handle with Care Aufkleber, Starke Selbstklebende Rote Fragile Etiketten f\u00fcr den Umzug (500 Etiketten\\\/1 Rolle )\"}]},{\"@type\":\"WebSite\",\"@id\":\"https:\\\/\\\/marktxxl.de\\\/markt\\\/#website\",\"url\":\"https:\\\/\\\/marktxxl.de\\\/markt\\\/\",\"name\":\"Markt-XXL\",\"description\":\"Ihr Markt Online\",\"publisher\":{\"@id\":\"https:\\\/\\\/marktxxl.de\\\/markt\\\/#organization\"},\"potentialAction\":[{\"@type\":\"SearchAction\",\"target\":{\"@type\":\"EntryPoint\",\"urlTemplate\":\"https:\\\/\\\/marktxxl.de\\\/markt\\\/?s={search_term_string}\"},\"query-input\":{\"@type\":\"PropertyValueSpecification\",\"valueRequired\":true,\"valueName\":\"search_term_string\"}}],\"inLanguage\":\"de\"},{\"@type\":\"Organization\",\"@id\":\"https:\\\/\\\/marktxxl.de\\\/markt\\\/#organization\",\"name\":\"Markt-XXL\",\"url\":\"https:\\\/\\\/marktxxl.de\\\/markt\\\/\",\"logo\":{\"@type\":\"ImageObject\",\"inLanguage\":\"de\",\"@id\":\"https:\\\/\\\/marktxxl.de\\\/markt\\\/#\\\/schema\\\/logo\\\/image\\\/\",\"url\":\"https:\\\/\\\/marktxxl.de\\\/markt\\\/wp-content\\\/uploads\\\/sites\\\/3\\\/2020\\\/12\\\/logo.png\",\"contentUrl\":\"https:\\\/\\\/marktxxl.de\\\/markt\\\/wp-content\\\/uploads\\\/sites\\\/3\\\/2020\\\/12\\\/logo.png\",\"width\":200,\"height\":70,\"caption\":\"Markt-XXL\"},\"image\":{\"@id\":\"https:\\\/\\\/marktxxl.de\\\/markt\\\/#\\\/schema\\\/logo\\\/image\\\/\"}}]}<\/script>\n<!-- \/ Yoast SEO plugin. -->","yoast_head_json":{"title":"MUNBYN 3\" x 2\" Fragile Aufkleber f\u00fcr den Versand, Handle with Care Aufkleber, Starke Selbstklebende Rote Fragile Etiketten f\u00fcr den Umzug (500 Etiketten\/1 Rolle ) - Markt-XXL","description":"Markt-XXL MUNBYN 3\" x 2\" Fragile Aufkleber f\u00fcr den Versand, Handle with Care Aufkleber, Starke Selbstklebende Rote Fragile Etiketten f\u00fcr den Umzug (500 Etiketten\/1 Rolle )","robots":{"index":"index","follow":"follow","max-snippet":"max-snippet:-1","max-image-preview":"max-image-preview:large","max-video-preview":"max-video-preview:-1"},"canonical":"https:\/\/marktxxl.de\/markt\/produkt\/munbyn-3-x-2-fragile-aufkleber-fuer-den-versand-handle-with-care-aufkleber-starke-selbstklebende-rote-fragile-etiketten-fuer-den-umzug-500-etiketten-1-rolle\/","og_locale":"de_DE","og_type":"article","og_title":"MUNBYN 3\" x 2\" Fragile Aufkleber f\u00fcr den Versand, Handle with Care Aufkleber, Starke Selbstklebende Rote Fragile Etiketten f\u00fcr den Umzug (500 Etiketten\/1 Rolle ) - Markt-XXL","og_description":"Markt-XXL MUNBYN 3\" x 2\" Fragile Aufkleber f\u00fcr den Versand, Handle with Care Aufkleber, Starke Selbstklebende Rote Fragile Etiketten f\u00fcr den Umzug (500 Etiketten\/1 Rolle )","og_url":"https:\/\/marktxxl.de\/markt\/produkt\/munbyn-3-x-2-fragile-aufkleber-fuer-den-versand-handle-with-care-aufkleber-starke-selbstklebende-rote-fragile-etiketten-fuer-den-umzug-500-etiketten-1-rolle\/","og_site_name":"Markt-XXL","twitter_card":"summary_large_image","twitter_misc":{"Gesch\u00e4tzte Lesezeit":"1\u00a0Minute"},"schema":{"@context":"https:\/\/schema.org","@graph":[{"@type":"WebPage","@id":"https:\/\/marktxxl.de\/markt\/produkt\/munbyn-3-x-2-fragile-aufkleber-fuer-den-versand-handle-with-care-aufkleber-starke-selbstklebende-rote-fragile-etiketten-fuer-den-umzug-500-etiketten-1-rolle\/","url":"https:\/\/marktxxl.de\/markt\/produkt\/munbyn-3-x-2-fragile-aufkleber-fuer-den-versand-handle-with-care-aufkleber-starke-selbstklebende-rote-fragile-etiketten-fuer-den-umzug-500-etiketten-1-rolle\/","name":"MUNBYN 3\" x 2\" Fragile Aufkleber f\u00fcr den Versand, Handle with Care Aufkleber, Starke Selbstklebende Rote Fragile Etiketten f\u00fcr den Umzug (500 Etiketten\/1 Rolle ) - Markt-XXL","isPartOf":{"@id":"https:\/\/marktxxl.de\/markt\/#website"},"primaryImageOfPage":{"@id":"https:\/\/marktxxl.de\/markt\/produkt\/munbyn-3-x-2-fragile-aufkleber-fuer-den-versand-handle-with-care-aufkleber-starke-selbstklebende-rote-fragile-etiketten-fuer-den-umzug-500-etiketten-1-rolle\/#primaryimage"},"image":{"@id":"https:\/\/marktxxl.de\/markt\/produkt\/munbyn-3-x-2-fragile-aufkleber-fuer-den-versand-handle-with-care-aufkleber-starke-selbstklebende-rote-fragile-etiketten-fuer-den-umzug-500-etiketten-1-rolle\/#primaryimage"},"thumbnailUrl":"https:\/\/m.media-amazon.com\/images\/I\/51MR2MeubhL._SL500_.jpg","datePublished":"2023-04-10T11:47:40+00:00","description":"Markt-XXL MUNBYN 3\" x 2\" Fragile Aufkleber f\u00fcr den Versand, Handle with Care Aufkleber, Starke Selbstklebende Rote Fragile Etiketten f\u00fcr den Umzug (500 Etiketten\/1 Rolle )","breadcrumb":{"@id":"https:\/\/marktxxl.de\/markt\/produkt\/munbyn-3-x-2-fragile-aufkleber-fuer-den-versand-handle-with-care-aufkleber-starke-selbstklebende-rote-fragile-etiketten-fuer-den-umzug-500-etiketten-1-rolle\/#breadcrumb"},"inLanguage":"de","potentialAction":[{"@type":"ReadAction","target":["https:\/\/marktxxl.de\/markt\/produkt\/munbyn-3-x-2-fragile-aufkleber-fuer-den-versand-handle-with-care-aufkleber-starke-selbstklebende-rote-fragile-etiketten-fuer-den-umzug-500-etiketten-1-rolle\/"]}]},{"@type":"ImageObject","inLanguage":"de","@id":"https:\/\/marktxxl.de\/markt\/produkt\/munbyn-3-x-2-fragile-aufkleber-fuer-den-versand-handle-with-care-aufkleber-starke-selbstklebende-rote-fragile-etiketten-fuer-den-umzug-500-etiketten-1-rolle\/#primaryimage","url":"https:\/\/m.media-amazon.com\/images\/I\/51MR2MeubhL._SL500_.jpg","contentUrl":"https:\/\/m.media-amazon.com\/images\/I\/51MR2MeubhL._SL500_.jpg","width":500,"height":500},{"@type":"BreadcrumbList","@id":"https:\/\/marktxxl.de\/markt\/produkt\/munbyn-3-x-2-fragile-aufkleber-fuer-den-versand-handle-with-care-aufkleber-starke-selbstklebende-rote-fragile-etiketten-fuer-den-umzug-500-etiketten-1-rolle\/#breadcrumb","itemListElement":[{"@type":"ListItem","position":1,"name":"Startseite","item":"https:\/\/marktxxl.de\/markt\/"},{"@type":"ListItem","position":2,"name":"Markt","item":"https:\/\/marktxxl.de\/markt\/"},{"@type":"ListItem","position":3,"name":"MUNBYN 3&#8243; x 2&#8243; Fragile Aufkleber f\u00fcr den Versand, Handle with Care Aufkleber, Starke Selbstklebende Rote Fragile Etiketten f\u00fcr den Umzug (500 Etiketten\/1 Rolle )"}]},{"@type":"WebSite","@id":"https:\/\/marktxxl.de\/markt\/#website","url":"https:\/\/marktxxl.de\/markt\/","name":"Markt-XXL","description":"Ihr Markt Online","publisher":{"@id":"https:\/\/marktxxl.de\/markt\/#organization"},"potentialAction":[{"@type":"SearchAction","target":{"@type":"EntryPoint","urlTemplate":"https:\/\/marktxxl.de\/markt\/?s={search_term_string}"},"query-input":{"@type":"PropertyValueSpecification","valueRequired":true,"valueName":"search_term_string"}}],"inLanguage":"de"},{"@type":"Organization","@id":"https:\/\/marktxxl.de\/markt\/#organization","name":"Markt-XXL","url":"https:\/\/marktxxl.de\/markt\/","logo":{"@type":"ImageObject","inLanguage":"de","@id":"https:\/\/marktxxl.de\/markt\/#\/schema\/logo\/image\/","url":"https:\/\/marktxxl.de\/markt\/wp-content\/uploads\/sites\/3\/2020\/12\/logo.png","contentUrl":"https:\/\/marktxxl.de\/markt\/wp-content\/uploads\/sites\/3\/2020\/12\/logo.png","width":200,"height":70,"caption":"Markt-XXL"},"image":{"@id":"https:\/\/marktxxl.de\/markt\/#\/schema\/logo\/image\/"}}]}},"_links":{"self":[{"href":"https:\/\/marktxxl.de\/markt\/wp-json\/wp\/v2\/product\/201722","targetHints":{"allow":["GET"]}}],"collection":[{"href":"https:\/\/marktxxl.de\/markt\/wp-json\/wp\/v2\/product"}],"about":[{"href":"https:\/\/marktxxl.de\/markt\/wp-json\/wp\/v2\/types\/product"}],"replies":[{"embeddable":true,"href":"https:\/\/marktxxl.de\/markt\/wp-json\/wp\/v2\/comments?post=201722"}],"wp:featuredmedia":[{"embeddable":true,"href":"https:\/\/marktxxl.de\/markt\/wp-json\/wp\/v2\/media\/201723"}],"wp:attachment":[{"href":"https:\/\/marktxxl.de\/markt\/wp-json\/wp\/v2\/media?parent=201722"}],"wp:term":[{"taxonomy":"product_brand","embeddable":true,"href":"https:\/\/marktxxl.de\/markt\/wp-json\/wp\/v2\/product_brand?post=201722"},{"taxonomy":"product_cat","embeddable":true,"href":"https:\/\/marktxxl.de\/markt\/wp-json\/wp\/v2\/product_cat?post=201722"},{"taxonomy":"product_tag","embeddable":true,"href":"https:\/\/marktxxl.de\/markt\/wp-json\/wp\/v2\/product_tag?post=201722"}],"curies":[{"name":"wp","href":"https:\/\/api.w.org\/{rel}","templated":true}]}}