{"id":201578,"date":"2023-04-10T13:20:20","date_gmt":"2023-04-10T11:20:20","guid":{"rendered":"https:\/\/marktxxl.de\/markt\/produkt\/lukas-aquarell-1862-1-2-naepfchen\/"},"modified":"2023-04-10T13:20:20","modified_gmt":"2023-04-10T11:20:20","slug":"lukas-aquarell-1862-1-2-naepfchen","status":"publish","type":"product","link":"https:\/\/marktxxl.de\/markt\/produkt\/lukas-aquarell-1862-1-2-naepfchen\/","title":{"rendered":"LUKAS AQUARELL 1862 1\/2-N\u00e4pfchen"},"content":{"rendered":"<p>Ausgepr\u00e4gte Farbintensit\u00e4t \u2013 lebendige Farbintensit\u00e4t und hervorragende Transparenz zeichnen LUKAS Aquarell 1862 Aquarell von weniger Kontendern aus. Mit den feinsten Pigmenten in der h\u00f6chstm\u00f6glichen Konzentration kann LUKAS Aquarell mit hervorragenden Farbverlaufseigenschaften kreieren, vom reinsten Pigment bis zu den empfindlichsten Waschg\u00e4ngen.<br \/>\nAu\u00dfergew\u00f6hnliche Brillanz \u2013 selbst die anspruchsvollsten K\u00fcnstler werden von der au\u00dfergew\u00f6hnlichen Brillanz und der hervorragenden Mischf\u00e4higkeit der LUKAS 1862 Aquarell Aquarellfarben beeindruckt sein. Die 70 verf\u00fcgbaren Farben sind gro\u00dfz\u00fcgige 48 Ein-Pigment-T\u00f6ne, die eine lebendige Leuchtkraft und eine saubere, naturgetreue Farbmischung erm\u00f6glichen.<br \/>\nH\u00f6chste Lichtechtheit \u2013 alle klassischen und modernen Pigmente, die in LUKAS 1862 Aquarell Aquarell verwendet werden, entsprechen der h\u00f6chstm\u00f6glichen Lichtechtheit. Keine der Pigmente fallen auf der international standardisierten 8-stufigen blauen Wollskala von 6 bis 7. Eine Qualit\u00e4t wurde entwickelt, um die dauerhafte Best\u00e4ndigkeit Ihrer wertvollen Kunstwerke zu gew\u00e4hrleisten.<br \/>\nSuperior Color Lifting &#8211; Die exklusive Mischung aus N\u00e4ssemittel in LUKAS Aquarell 1862 Aquarell sorgt f\u00fcr eine &#8220;dauerhaft feuchte&#8221; Konsistenz. Dies verleiht den Farben nicht nur konsequent eine regenerative Qualit\u00e4t, sodass sie im trockenen Zustand leicht wieder benetzt werden k\u00f6nnen, sondern sorgt auch f\u00fcr verbesserte Farbabhebungen.<br \/>\nDeluxe Holzstaffelei Box 10er Set<br \/>\n<div class=\"main-cross-sell\" data-asin=\"B088HQCSPH\">\n\n\t<div class=\"WooZone-cross-sell-loader\">\n\t\t<div>\n\t\t\t<div id=\"floatingBarsG\">\n\t\t\t\t<div class=\"blockG\" id=\"rotateG_01\"><\/div>\n\t\t\t\t<div class=\"blockG\" id=\"rotateG_02\"><\/div>\n\t\t\t\t<div class=\"blockG\" id=\"rotateG_03\"><\/div>\n\t\t\t\t<div class=\"blockG\" id=\"rotateG_04\"><\/div>\n\t\t\t\t<div class=\"blockG\" id=\"rotateG_05\"><\/div>\n\t\t\t\t<div class=\"blockG\" id=\"rotateG_06\"><\/div>\n\t\t\t\t<div class=\"blockG\" id=\"rotateG_07\"><\/div>\n\t\t\t\t<div class=\"blockG\" id=\"rotateG_08\"><\/div>\n\t\t\t<\/div>\n\t\t\t<div class=\"WooZone-cross-sell-loader-text\"><\/div>\n\t\t<\/div>\n\t<\/div>\n\n\t\t\n<\/div>\n<div style=\"clear:both;\"><\/div><\/p>\n","protected":false},"excerpt":{"rendered":"<p>Ausgepr\u00e4gte Farbintensit\u00e4t \u2013 lebendige Farbintensit\u00e4t und hervorragende Transparenz zeichnen LUKAS Aquarell 1862 Aquarell von weniger Kontendern aus. Mit den feinsten Pigmenten in der h\u00f6chstm\u00f6glichen Konzentration kann LUKAS Aquarell mit hervorragenden Farbverlaufseigenschaften kreieren, vom reinsten Pigment bis zu den empfindlichsten Waschg\u00e4ngen.<br \/>\nAu\u00dfergew\u00f6hnliche Brillanz \u2013 selbst die anspruchsvollsten K\u00fcnstler werden von der au\u00dfergew\u00f6hnlichen Brillanz und der hervorragenden Mischf\u00e4higkeit der LUKAS 1862 Aquarell Aquarellfarben beeindruckt sein. Die 70 verf\u00fcgbaren Farben sind gro\u00dfz\u00fcgige 48 Ein-Pigment-T\u00f6ne, die eine lebendige Leuchtkraft und eine saubere, naturgetreue Farbmischung erm\u00f6glichen.<br \/>\nH\u00f6chste Lichtechtheit \u2013 alle klassischen und modernen Pigmente, die in LUKAS 1862 Aquarell Aquarell verwendet werden, entsprechen der h\u00f6chstm\u00f6glichen Lichtechtheit. Keine der Pigmente fallen auf der international standardisierten 8-stufigen blauen Wollskala von 6 bis 7. Eine Qualit\u00e4t wurde entwickelt, um die dauerhafte Best\u00e4ndigkeit Ihrer wertvollen Kunstwerke zu gew\u00e4hrleisten.<\/p>\n","protected":false},"featured_media":201579,"comment_status":"open","ping_status":"closed","template":"","meta":[],"product_brand":[],"product_cat":[504,8482],"product_tag":[],"class_list":{"0":"post-201578","1":"product","2":"type-product","3":"status-publish","4":"has-post-thumbnail","6":"product_cat-buerobedarf-schreibwaren","7":"product_cat-kuenstler-bastelbedarf","8":"pa_binding-buerobedarf-schreibwaren","9":"pa_brand-lukas-1862","10":"pa_manufacturer-lukas-1862","12":"first","13":"instock","14":"shipping-taxable","15":"product-type-simple","16":"customify-col","17":"product-has-gallery"},"yoast_head":"<!-- This site is optimized with the Yoast SEO plugin v27.3 - https:\/\/yoast.com\/product\/yoast-seo-wordpress\/ -->\n<title>LUKAS AQUARELL 1862 1\/2-N\u00e4pfchen - Markt-XXL<\/title>\n<meta name=\"description\" content=\"Markt-XXL LUKAS AQUARELL 1862 1\/2-N\u00e4pfchen\" \/>\n<meta name=\"robots\" content=\"index, follow, max-snippet:-1, max-image-preview:large, max-video-preview:-1\" \/>\n<link rel=\"canonical\" href=\"https:\/\/marktxxl.de\/markt\/produkt\/lukas-aquarell-1862-1-2-naepfchen\/\" \/>\n<meta property=\"og:locale\" content=\"de_DE\" \/>\n<meta property=\"og:type\" content=\"article\" \/>\n<meta property=\"og:title\" content=\"LUKAS AQUARELL 1862 1\/2-N\u00e4pfchen - Markt-XXL\" \/>\n<meta property=\"og:description\" content=\"Markt-XXL LUKAS AQUARELL 1862 1\/2-N\u00e4pfchen\" \/>\n<meta property=\"og:url\" content=\"https:\/\/marktxxl.de\/markt\/produkt\/lukas-aquarell-1862-1-2-naepfchen\/\" \/>\n<meta property=\"og:site_name\" content=\"Markt-XXL\" \/>\n<meta name=\"twitter:card\" content=\"summary_large_image\" \/>\n<meta name=\"twitter:label1\" content=\"Gesch\u00e4tzte Lesezeit\" \/>\n\t<meta name=\"twitter:data1\" content=\"1\u00a0Minute\" \/>\n<script type=\"application\/ld+json\" class=\"yoast-schema-graph\">{\"@context\":\"https:\\\/\\\/schema.org\",\"@graph\":[{\"@type\":\"WebPage\",\"@id\":\"https:\\\/\\\/marktxxl.de\\\/markt\\\/produkt\\\/lukas-aquarell-1862-1-2-naepfchen\\\/\",\"url\":\"https:\\\/\\\/marktxxl.de\\\/markt\\\/produkt\\\/lukas-aquarell-1862-1-2-naepfchen\\\/\",\"name\":\"LUKAS AQUARELL 1862 1\\\/2-N\u00e4pfchen - Markt-XXL\",\"isPartOf\":{\"@id\":\"https:\\\/\\\/marktxxl.de\\\/markt\\\/#website\"},\"primaryImageOfPage\":{\"@id\":\"https:\\\/\\\/marktxxl.de\\\/markt\\\/produkt\\\/lukas-aquarell-1862-1-2-naepfchen\\\/#primaryimage\"},\"image\":{\"@id\":\"https:\\\/\\\/marktxxl.de\\\/markt\\\/produkt\\\/lukas-aquarell-1862-1-2-naepfchen\\\/#primaryimage\"},\"thumbnailUrl\":\"https:\\\/\\\/m.media-amazon.com\\\/images\\\/I\\\/51p9mBzUR+L._SL500_.jpg\",\"datePublished\":\"2023-04-10T11:20:20+00:00\",\"description\":\"Markt-XXL LUKAS AQUARELL 1862 1\\\/2-N\u00e4pfchen\",\"breadcrumb\":{\"@id\":\"https:\\\/\\\/marktxxl.de\\\/markt\\\/produkt\\\/lukas-aquarell-1862-1-2-naepfchen\\\/#breadcrumb\"},\"inLanguage\":\"de\",\"potentialAction\":[{\"@type\":\"ReadAction\",\"target\":[\"https:\\\/\\\/marktxxl.de\\\/markt\\\/produkt\\\/lukas-aquarell-1862-1-2-naepfchen\\\/\"]}]},{\"@type\":\"ImageObject\",\"inLanguage\":\"de\",\"@id\":\"https:\\\/\\\/marktxxl.de\\\/markt\\\/produkt\\\/lukas-aquarell-1862-1-2-naepfchen\\\/#primaryimage\",\"url\":\"https:\\\/\\\/m.media-amazon.com\\\/images\\\/I\\\/51p9mBzUR+L._SL500_.jpg\",\"contentUrl\":\"https:\\\/\\\/m.media-amazon.com\\\/images\\\/I\\\/51p9mBzUR+L._SL500_.jpg\",\"width\":500,\"height\":500},{\"@type\":\"BreadcrumbList\",\"@id\":\"https:\\\/\\\/marktxxl.de\\\/markt\\\/produkt\\\/lukas-aquarell-1862-1-2-naepfchen\\\/#breadcrumb\",\"itemListElement\":[{\"@type\":\"ListItem\",\"position\":1,\"name\":\"Startseite\",\"item\":\"https:\\\/\\\/marktxxl.de\\\/markt\\\/\"},{\"@type\":\"ListItem\",\"position\":2,\"name\":\"Markt\",\"item\":\"https:\\\/\\\/marktxxl.de\\\/markt\\\/\"},{\"@type\":\"ListItem\",\"position\":3,\"name\":\"LUKAS AQUARELL 1862 1\\\/2-N\u00e4pfchen\"}]},{\"@type\":\"WebSite\",\"@id\":\"https:\\\/\\\/marktxxl.de\\\/markt\\\/#website\",\"url\":\"https:\\\/\\\/marktxxl.de\\\/markt\\\/\",\"name\":\"Markt-XXL\",\"description\":\"Ihr Markt Online\",\"publisher\":{\"@id\":\"https:\\\/\\\/marktxxl.de\\\/markt\\\/#organization\"},\"potentialAction\":[{\"@type\":\"SearchAction\",\"target\":{\"@type\":\"EntryPoint\",\"urlTemplate\":\"https:\\\/\\\/marktxxl.de\\\/markt\\\/?s={search_term_string}\"},\"query-input\":{\"@type\":\"PropertyValueSpecification\",\"valueRequired\":true,\"valueName\":\"search_term_string\"}}],\"inLanguage\":\"de\"},{\"@type\":\"Organization\",\"@id\":\"https:\\\/\\\/marktxxl.de\\\/markt\\\/#organization\",\"name\":\"Markt-XXL\",\"url\":\"https:\\\/\\\/marktxxl.de\\\/markt\\\/\",\"logo\":{\"@type\":\"ImageObject\",\"inLanguage\":\"de\",\"@id\":\"https:\\\/\\\/marktxxl.de\\\/markt\\\/#\\\/schema\\\/logo\\\/image\\\/\",\"url\":\"https:\\\/\\\/marktxxl.de\\\/markt\\\/wp-content\\\/uploads\\\/sites\\\/3\\\/2020\\\/12\\\/logo.png\",\"contentUrl\":\"https:\\\/\\\/marktxxl.de\\\/markt\\\/wp-content\\\/uploads\\\/sites\\\/3\\\/2020\\\/12\\\/logo.png\",\"width\":200,\"height\":70,\"caption\":\"Markt-XXL\"},\"image\":{\"@id\":\"https:\\\/\\\/marktxxl.de\\\/markt\\\/#\\\/schema\\\/logo\\\/image\\\/\"}}]}<\/script>\n<!-- \/ Yoast SEO plugin. -->","yoast_head_json":{"title":"LUKAS AQUARELL 1862 1\/2-N\u00e4pfchen - Markt-XXL","description":"Markt-XXL LUKAS AQUARELL 1862 1\/2-N\u00e4pfchen","robots":{"index":"index","follow":"follow","max-snippet":"max-snippet:-1","max-image-preview":"max-image-preview:large","max-video-preview":"max-video-preview:-1"},"canonical":"https:\/\/marktxxl.de\/markt\/produkt\/lukas-aquarell-1862-1-2-naepfchen\/","og_locale":"de_DE","og_type":"article","og_title":"LUKAS AQUARELL 1862 1\/2-N\u00e4pfchen - Markt-XXL","og_description":"Markt-XXL LUKAS AQUARELL 1862 1\/2-N\u00e4pfchen","og_url":"https:\/\/marktxxl.de\/markt\/produkt\/lukas-aquarell-1862-1-2-naepfchen\/","og_site_name":"Markt-XXL","twitter_card":"summary_large_image","twitter_misc":{"Gesch\u00e4tzte Lesezeit":"1\u00a0Minute"},"schema":{"@context":"https:\/\/schema.org","@graph":[{"@type":"WebPage","@id":"https:\/\/marktxxl.de\/markt\/produkt\/lukas-aquarell-1862-1-2-naepfchen\/","url":"https:\/\/marktxxl.de\/markt\/produkt\/lukas-aquarell-1862-1-2-naepfchen\/","name":"LUKAS AQUARELL 1862 1\/2-N\u00e4pfchen - Markt-XXL","isPartOf":{"@id":"https:\/\/marktxxl.de\/markt\/#website"},"primaryImageOfPage":{"@id":"https:\/\/marktxxl.de\/markt\/produkt\/lukas-aquarell-1862-1-2-naepfchen\/#primaryimage"},"image":{"@id":"https:\/\/marktxxl.de\/markt\/produkt\/lukas-aquarell-1862-1-2-naepfchen\/#primaryimage"},"thumbnailUrl":"https:\/\/m.media-amazon.com\/images\/I\/51p9mBzUR+L._SL500_.jpg","datePublished":"2023-04-10T11:20:20+00:00","description":"Markt-XXL LUKAS AQUARELL 1862 1\/2-N\u00e4pfchen","breadcrumb":{"@id":"https:\/\/marktxxl.de\/markt\/produkt\/lukas-aquarell-1862-1-2-naepfchen\/#breadcrumb"},"inLanguage":"de","potentialAction":[{"@type":"ReadAction","target":["https:\/\/marktxxl.de\/markt\/produkt\/lukas-aquarell-1862-1-2-naepfchen\/"]}]},{"@type":"ImageObject","inLanguage":"de","@id":"https:\/\/marktxxl.de\/markt\/produkt\/lukas-aquarell-1862-1-2-naepfchen\/#primaryimage","url":"https:\/\/m.media-amazon.com\/images\/I\/51p9mBzUR+L._SL500_.jpg","contentUrl":"https:\/\/m.media-amazon.com\/images\/I\/51p9mBzUR+L._SL500_.jpg","width":500,"height":500},{"@type":"BreadcrumbList","@id":"https:\/\/marktxxl.de\/markt\/produkt\/lukas-aquarell-1862-1-2-naepfchen\/#breadcrumb","itemListElement":[{"@type":"ListItem","position":1,"name":"Startseite","item":"https:\/\/marktxxl.de\/markt\/"},{"@type":"ListItem","position":2,"name":"Markt","item":"https:\/\/marktxxl.de\/markt\/"},{"@type":"ListItem","position":3,"name":"LUKAS AQUARELL 1862 1\/2-N\u00e4pfchen"}]},{"@type":"WebSite","@id":"https:\/\/marktxxl.de\/markt\/#website","url":"https:\/\/marktxxl.de\/markt\/","name":"Markt-XXL","description":"Ihr Markt Online","publisher":{"@id":"https:\/\/marktxxl.de\/markt\/#organization"},"potentialAction":[{"@type":"SearchAction","target":{"@type":"EntryPoint","urlTemplate":"https:\/\/marktxxl.de\/markt\/?s={search_term_string}"},"query-input":{"@type":"PropertyValueSpecification","valueRequired":true,"valueName":"search_term_string"}}],"inLanguage":"de"},{"@type":"Organization","@id":"https:\/\/marktxxl.de\/markt\/#organization","name":"Markt-XXL","url":"https:\/\/marktxxl.de\/markt\/","logo":{"@type":"ImageObject","inLanguage":"de","@id":"https:\/\/marktxxl.de\/markt\/#\/schema\/logo\/image\/","url":"https:\/\/marktxxl.de\/markt\/wp-content\/uploads\/sites\/3\/2020\/12\/logo.png","contentUrl":"https:\/\/marktxxl.de\/markt\/wp-content\/uploads\/sites\/3\/2020\/12\/logo.png","width":200,"height":70,"caption":"Markt-XXL"},"image":{"@id":"https:\/\/marktxxl.de\/markt\/#\/schema\/logo\/image\/"}}]}},"_links":{"self":[{"href":"https:\/\/marktxxl.de\/markt\/wp-json\/wp\/v2\/product\/201578","targetHints":{"allow":["GET"]}}],"collection":[{"href":"https:\/\/marktxxl.de\/markt\/wp-json\/wp\/v2\/product"}],"about":[{"href":"https:\/\/marktxxl.de\/markt\/wp-json\/wp\/v2\/types\/product"}],"replies":[{"embeddable":true,"href":"https:\/\/marktxxl.de\/markt\/wp-json\/wp\/v2\/comments?post=201578"}],"wp:featuredmedia":[{"embeddable":true,"href":"https:\/\/marktxxl.de\/markt\/wp-json\/wp\/v2\/media\/201579"}],"wp:attachment":[{"href":"https:\/\/marktxxl.de\/markt\/wp-json\/wp\/v2\/media?parent=201578"}],"wp:term":[{"taxonomy":"product_brand","embeddable":true,"href":"https:\/\/marktxxl.de\/markt\/wp-json\/wp\/v2\/product_brand?post=201578"},{"taxonomy":"product_cat","embeddable":true,"href":"https:\/\/marktxxl.de\/markt\/wp-json\/wp\/v2\/product_cat?post=201578"},{"taxonomy":"product_tag","embeddable":true,"href":"https:\/\/marktxxl.de\/markt\/wp-json\/wp\/v2\/product_tag?post=201578"}],"curies":[{"name":"wp","href":"https:\/\/api.w.org\/{rel}","templated":true}]}}