{"id":201548,"date":"2023-04-10T13:17:22","date_gmt":"2023-04-10T11:17:22","guid":{"rendered":"https:\/\/marktxxl.de\/markt\/produkt\/unbekannt-amsterdam-standard-acrylic-paint-120ml-carmine\/"},"modified":"2023-04-10T13:17:22","modified_gmt":"2023-04-10T11:17:22","slug":"unbekannt-amsterdam-standard-acrylic-paint-120ml-carmine","status":"publish","type":"product","link":"https:\/\/marktxxl.de\/markt\/produkt\/unbekannt-amsterdam-standard-acrylic-paint-120ml-carmine\/","title":{"rendered":"Unbekannt Amsterdam Standard Acrylic Paint 120ml-Carmine"},"content":{"rendered":"<p>Hergestellt in Holland<br \/>\nAcrylfarbe in Studentenqualit\u00e4t<br \/>\nIn 80 Farben erh\u00e4ltlich<br \/>\nPraktische Gr\u00f6\u00dfe, auch gr\u00f6\u00dfere Gr\u00f6\u00dfen erh\u00e4ltlich<br \/>\nTolles Preis-Leistungs-Verh\u00e4ltnis<br \/>\n<div class=\"main-cross-sell\" data-asin=\"B0014ZNHJQ\">\n\n\t<div class=\"WooZone-cross-sell-loader\">\n\t\t<div>\n\t\t\t<div id=\"floatingBarsG\">\n\t\t\t\t<div class=\"blockG\" id=\"rotateG_01\"><\/div>\n\t\t\t\t<div class=\"blockG\" id=\"rotateG_02\"><\/div>\n\t\t\t\t<div class=\"blockG\" id=\"rotateG_03\"><\/div>\n\t\t\t\t<div class=\"blockG\" id=\"rotateG_04\"><\/div>\n\t\t\t\t<div class=\"blockG\" id=\"rotateG_05\"><\/div>\n\t\t\t\t<div class=\"blockG\" id=\"rotateG_06\"><\/div>\n\t\t\t\t<div class=\"blockG\" id=\"rotateG_07\"><\/div>\n\t\t\t\t<div class=\"blockG\" id=\"rotateG_08\"><\/div>\n\t\t\t<\/div>\n\t\t\t<div class=\"WooZone-cross-sell-loader-text\"><\/div>\n\t\t<\/div>\n\t<\/div>\n\n\t\t\n<\/div>\n<div style=\"clear:both;\"><\/div><\/p>\n","protected":false},"excerpt":{"rendered":"<p>Hergestellt in Holland<br \/>\nAcrylfarbe in Studentenqualit\u00e4t<br \/>\nIn 80 Farben erh\u00e4ltlich<\/p>\n","protected":false},"featured_media":201549,"comment_status":"open","ping_status":"closed","template":"","meta":[],"product_brand":[],"product_cat":[504,8482],"product_tag":[],"class_list":{"0":"post-201548","1":"product","2":"type-product","3":"status-publish","4":"has-post-thumbnail","6":"product_cat-buerobedarf-schreibwaren","7":"product_cat-kuenstler-bastelbedarf","8":"pa_binding-spielzeug","9":"pa_brand-amsterdam","10":"pa_color-rot","11":"pa_height-1-181102361-zoll","12":"pa_languages-unbekannt-englisch-unbekannt-niederlaendisch-unbekannt-deutsch-unbekannt-franzoesisch-unbekannt-spanisch","13":"pa_length-1-574803148-zoll","14":"pa_model-t1709-318","15":"pa_weight-0-325402298712-pfund","16":"pa_width-1-968503935-zoll","18":"first","19":"instock","20":"sale","21":"shipping-taxable","22":"purchasable","23":"product-type-simple","24":"customify-col","25":"product-has-gallery"},"yoast_head":"<!-- This site is optimized with the Yoast SEO plugin v27.4 - https:\/\/yoast.com\/product\/yoast-seo-wordpress\/ -->\n<title>Unbekannt Amsterdam Standard Acrylic Paint 120ml-Carmine - Markt-XXL<\/title>\n<meta name=\"description\" content=\"Markt-XXL Unbekannt Amsterdam Standard Acrylic Paint 120ml-Carmine\" \/>\n<meta name=\"robots\" content=\"index, follow, max-snippet:-1, max-image-preview:large, max-video-preview:-1\" \/>\n<link rel=\"canonical\" href=\"https:\/\/marktxxl.de\/markt\/produkt\/unbekannt-amsterdam-standard-acrylic-paint-120ml-carmine\/\" \/>\n<meta property=\"og:locale\" content=\"de_DE\" \/>\n<meta property=\"og:type\" content=\"article\" \/>\n<meta property=\"og:title\" content=\"Unbekannt Amsterdam Standard Acrylic Paint 120ml-Carmine - Markt-XXL\" \/>\n<meta property=\"og:description\" content=\"Markt-XXL Unbekannt Amsterdam Standard Acrylic Paint 120ml-Carmine\" \/>\n<meta property=\"og:url\" content=\"https:\/\/marktxxl.de\/markt\/produkt\/unbekannt-amsterdam-standard-acrylic-paint-120ml-carmine\/\" \/>\n<meta property=\"og:site_name\" content=\"Markt-XXL\" \/>\n<meta name=\"twitter:card\" content=\"summary_large_image\" \/>\n<script type=\"application\/ld+json\" class=\"yoast-schema-graph\">{\"@context\":\"https:\\\/\\\/schema.org\",\"@graph\":[{\"@type\":\"WebPage\",\"@id\":\"https:\\\/\\\/marktxxl.de\\\/markt\\\/produkt\\\/unbekannt-amsterdam-standard-acrylic-paint-120ml-carmine\\\/\",\"url\":\"https:\\\/\\\/marktxxl.de\\\/markt\\\/produkt\\\/unbekannt-amsterdam-standard-acrylic-paint-120ml-carmine\\\/\",\"name\":\"Unbekannt Amsterdam Standard Acrylic Paint 120ml-Carmine - Markt-XXL\",\"isPartOf\":{\"@id\":\"https:\\\/\\\/marktxxl.de\\\/markt\\\/#website\"},\"primaryImageOfPage\":{\"@id\":\"https:\\\/\\\/marktxxl.de\\\/markt\\\/produkt\\\/unbekannt-amsterdam-standard-acrylic-paint-120ml-carmine\\\/#primaryimage\"},\"image\":{\"@id\":\"https:\\\/\\\/marktxxl.de\\\/markt\\\/produkt\\\/unbekannt-amsterdam-standard-acrylic-paint-120ml-carmine\\\/#primaryimage\"},\"thumbnailUrl\":\"https:\\\/\\\/m.media-amazon.com\\\/images\\\/I\\\/410x6a59W1L._SL500_.jpg\",\"datePublished\":\"2023-04-10T11:17:22+00:00\",\"description\":\"Markt-XXL Unbekannt Amsterdam Standard Acrylic Paint 120ml-Carmine\",\"breadcrumb\":{\"@id\":\"https:\\\/\\\/marktxxl.de\\\/markt\\\/produkt\\\/unbekannt-amsterdam-standard-acrylic-paint-120ml-carmine\\\/#breadcrumb\"},\"inLanguage\":\"de\",\"potentialAction\":[{\"@type\":\"ReadAction\",\"target\":[\"https:\\\/\\\/marktxxl.de\\\/markt\\\/produkt\\\/unbekannt-amsterdam-standard-acrylic-paint-120ml-carmine\\\/\"]}]},{\"@type\":\"ImageObject\",\"inLanguage\":\"de\",\"@id\":\"https:\\\/\\\/marktxxl.de\\\/markt\\\/produkt\\\/unbekannt-amsterdam-standard-acrylic-paint-120ml-carmine\\\/#primaryimage\",\"url\":\"https:\\\/\\\/m.media-amazon.com\\\/images\\\/I\\\/410x6a59W1L._SL500_.jpg\",\"contentUrl\":\"https:\\\/\\\/m.media-amazon.com\\\/images\\\/I\\\/410x6a59W1L._SL500_.jpg\",\"width\":500,\"height\":500},{\"@type\":\"BreadcrumbList\",\"@id\":\"https:\\\/\\\/marktxxl.de\\\/markt\\\/produkt\\\/unbekannt-amsterdam-standard-acrylic-paint-120ml-carmine\\\/#breadcrumb\",\"itemListElement\":[{\"@type\":\"ListItem\",\"position\":1,\"name\":\"Startseite\",\"item\":\"https:\\\/\\\/marktxxl.de\\\/markt\\\/\"},{\"@type\":\"ListItem\",\"position\":2,\"name\":\"Markt\",\"item\":\"https:\\\/\\\/marktxxl.de\\\/markt\\\/\"},{\"@type\":\"ListItem\",\"position\":3,\"name\":\"Unbekannt Amsterdam Standard Acrylic Paint 120ml-Carmine\"}]},{\"@type\":\"WebSite\",\"@id\":\"https:\\\/\\\/marktxxl.de\\\/markt\\\/#website\",\"url\":\"https:\\\/\\\/marktxxl.de\\\/markt\\\/\",\"name\":\"Markt-XXL\",\"description\":\"Ihr Markt Online\",\"publisher\":{\"@id\":\"https:\\\/\\\/marktxxl.de\\\/markt\\\/#organization\"},\"potentialAction\":[{\"@type\":\"SearchAction\",\"target\":{\"@type\":\"EntryPoint\",\"urlTemplate\":\"https:\\\/\\\/marktxxl.de\\\/markt\\\/?s={search_term_string}\"},\"query-input\":{\"@type\":\"PropertyValueSpecification\",\"valueRequired\":true,\"valueName\":\"search_term_string\"}}],\"inLanguage\":\"de\"},{\"@type\":\"Organization\",\"@id\":\"https:\\\/\\\/marktxxl.de\\\/markt\\\/#organization\",\"name\":\"Markt-XXL\",\"url\":\"https:\\\/\\\/marktxxl.de\\\/markt\\\/\",\"logo\":{\"@type\":\"ImageObject\",\"inLanguage\":\"de\",\"@id\":\"https:\\\/\\\/marktxxl.de\\\/markt\\\/#\\\/schema\\\/logo\\\/image\\\/\",\"url\":\"https:\\\/\\\/marktxxl.de\\\/markt\\\/wp-content\\\/uploads\\\/sites\\\/3\\\/2020\\\/12\\\/logo.png\",\"contentUrl\":\"https:\\\/\\\/marktxxl.de\\\/markt\\\/wp-content\\\/uploads\\\/sites\\\/3\\\/2020\\\/12\\\/logo.png\",\"width\":200,\"height\":70,\"caption\":\"Markt-XXL\"},\"image\":{\"@id\":\"https:\\\/\\\/marktxxl.de\\\/markt\\\/#\\\/schema\\\/logo\\\/image\\\/\"}}]}<\/script>\n<!-- \/ Yoast SEO plugin. -->","yoast_head_json":{"title":"Unbekannt Amsterdam Standard Acrylic Paint 120ml-Carmine - Markt-XXL","description":"Markt-XXL Unbekannt Amsterdam Standard Acrylic Paint 120ml-Carmine","robots":{"index":"index","follow":"follow","max-snippet":"max-snippet:-1","max-image-preview":"max-image-preview:large","max-video-preview":"max-video-preview:-1"},"canonical":"https:\/\/marktxxl.de\/markt\/produkt\/unbekannt-amsterdam-standard-acrylic-paint-120ml-carmine\/","og_locale":"de_DE","og_type":"article","og_title":"Unbekannt Amsterdam Standard Acrylic Paint 120ml-Carmine - Markt-XXL","og_description":"Markt-XXL Unbekannt Amsterdam Standard Acrylic Paint 120ml-Carmine","og_url":"https:\/\/marktxxl.de\/markt\/produkt\/unbekannt-amsterdam-standard-acrylic-paint-120ml-carmine\/","og_site_name":"Markt-XXL","twitter_card":"summary_large_image","schema":{"@context":"https:\/\/schema.org","@graph":[{"@type":"WebPage","@id":"https:\/\/marktxxl.de\/markt\/produkt\/unbekannt-amsterdam-standard-acrylic-paint-120ml-carmine\/","url":"https:\/\/marktxxl.de\/markt\/produkt\/unbekannt-amsterdam-standard-acrylic-paint-120ml-carmine\/","name":"Unbekannt Amsterdam Standard Acrylic Paint 120ml-Carmine - Markt-XXL","isPartOf":{"@id":"https:\/\/marktxxl.de\/markt\/#website"},"primaryImageOfPage":{"@id":"https:\/\/marktxxl.de\/markt\/produkt\/unbekannt-amsterdam-standard-acrylic-paint-120ml-carmine\/#primaryimage"},"image":{"@id":"https:\/\/marktxxl.de\/markt\/produkt\/unbekannt-amsterdam-standard-acrylic-paint-120ml-carmine\/#primaryimage"},"thumbnailUrl":"https:\/\/m.media-amazon.com\/images\/I\/410x6a59W1L._SL500_.jpg","datePublished":"2023-04-10T11:17:22+00:00","description":"Markt-XXL Unbekannt Amsterdam Standard Acrylic Paint 120ml-Carmine","breadcrumb":{"@id":"https:\/\/marktxxl.de\/markt\/produkt\/unbekannt-amsterdam-standard-acrylic-paint-120ml-carmine\/#breadcrumb"},"inLanguage":"de","potentialAction":[{"@type":"ReadAction","target":["https:\/\/marktxxl.de\/markt\/produkt\/unbekannt-amsterdam-standard-acrylic-paint-120ml-carmine\/"]}]},{"@type":"ImageObject","inLanguage":"de","@id":"https:\/\/marktxxl.de\/markt\/produkt\/unbekannt-amsterdam-standard-acrylic-paint-120ml-carmine\/#primaryimage","url":"https:\/\/m.media-amazon.com\/images\/I\/410x6a59W1L._SL500_.jpg","contentUrl":"https:\/\/m.media-amazon.com\/images\/I\/410x6a59W1L._SL500_.jpg","width":500,"height":500},{"@type":"BreadcrumbList","@id":"https:\/\/marktxxl.de\/markt\/produkt\/unbekannt-amsterdam-standard-acrylic-paint-120ml-carmine\/#breadcrumb","itemListElement":[{"@type":"ListItem","position":1,"name":"Startseite","item":"https:\/\/marktxxl.de\/markt\/"},{"@type":"ListItem","position":2,"name":"Markt","item":"https:\/\/marktxxl.de\/markt\/"},{"@type":"ListItem","position":3,"name":"Unbekannt Amsterdam Standard Acrylic Paint 120ml-Carmine"}]},{"@type":"WebSite","@id":"https:\/\/marktxxl.de\/markt\/#website","url":"https:\/\/marktxxl.de\/markt\/","name":"Markt-XXL","description":"Ihr Markt Online","publisher":{"@id":"https:\/\/marktxxl.de\/markt\/#organization"},"potentialAction":[{"@type":"SearchAction","target":{"@type":"EntryPoint","urlTemplate":"https:\/\/marktxxl.de\/markt\/?s={search_term_string}"},"query-input":{"@type":"PropertyValueSpecification","valueRequired":true,"valueName":"search_term_string"}}],"inLanguage":"de"},{"@type":"Organization","@id":"https:\/\/marktxxl.de\/markt\/#organization","name":"Markt-XXL","url":"https:\/\/marktxxl.de\/markt\/","logo":{"@type":"ImageObject","inLanguage":"de","@id":"https:\/\/marktxxl.de\/markt\/#\/schema\/logo\/image\/","url":"https:\/\/marktxxl.de\/markt\/wp-content\/uploads\/sites\/3\/2020\/12\/logo.png","contentUrl":"https:\/\/marktxxl.de\/markt\/wp-content\/uploads\/sites\/3\/2020\/12\/logo.png","width":200,"height":70,"caption":"Markt-XXL"},"image":{"@id":"https:\/\/marktxxl.de\/markt\/#\/schema\/logo\/image\/"}}]}},"_links":{"self":[{"href":"https:\/\/marktxxl.de\/markt\/wp-json\/wp\/v2\/product\/201548","targetHints":{"allow":["GET"]}}],"collection":[{"href":"https:\/\/marktxxl.de\/markt\/wp-json\/wp\/v2\/product"}],"about":[{"href":"https:\/\/marktxxl.de\/markt\/wp-json\/wp\/v2\/types\/product"}],"replies":[{"embeddable":true,"href":"https:\/\/marktxxl.de\/markt\/wp-json\/wp\/v2\/comments?post=201548"}],"wp:featuredmedia":[{"embeddable":true,"href":"https:\/\/marktxxl.de\/markt\/wp-json\/wp\/v2\/media\/201549"}],"wp:attachment":[{"href":"https:\/\/marktxxl.de\/markt\/wp-json\/wp\/v2\/media?parent=201548"}],"wp:term":[{"taxonomy":"product_brand","embeddable":true,"href":"https:\/\/marktxxl.de\/markt\/wp-json\/wp\/v2\/product_brand?post=201548"},{"taxonomy":"product_cat","embeddable":true,"href":"https:\/\/marktxxl.de\/markt\/wp-json\/wp\/v2\/product_cat?post=201548"},{"taxonomy":"product_tag","embeddable":true,"href":"https:\/\/marktxxl.de\/markt\/wp-json\/wp\/v2\/product_tag?post=201548"}],"curies":[{"name":"wp","href":"https:\/\/api.w.org\/{rel}","templated":true}]}}