{"id":201358,"date":"2023-04-10T12:49:05","date_gmt":"2023-04-10T10:49:05","guid":{"rendered":"https:\/\/marktxxl.de\/markt\/produkt\/willikiva-dinosaurier-kleinkind-mini-rucksack-kinder-baby-sicherheitsgeschirr-leine-wasserdicht-jungen-und-maedchen\/"},"modified":"2023-04-10T12:49:05","modified_gmt":"2023-04-10T10:49:05","slug":"willikiva-dinosaurier-kleinkind-mini-rucksack-kinder-baby-sicherheitsgeschirr-leine-wasserdicht-jungen-und-maedchen","status":"publish","type":"product","link":"https:\/\/marktxxl.de\/markt\/produkt\/willikiva-dinosaurier-kleinkind-mini-rucksack-kinder-baby-sicherheitsgeschirr-leine-wasserdicht-jungen-und-maedchen\/","title":{"rendered":"willikiva Dinosaurier Kleinkind Mini Rucksack Kinder Baby Sicherheitsgeschirr Leine Wasserdicht Jungen und M\u00e4dchen"},"content":{"rendered":"<p>Willikiva Rucksack ist Ihren Kauf wert.<br \/>\nMaterial: Polyester, wasserdicht, bedruckter Stern, leicht, nur 0,9 kg. Ungef\u00e4hre Ma\u00dfe (H x L x B): 31 x 24 x 13 cm<br \/>\nEs gibt Kinder Lieblings-Dinosaurier-Designs, sehr niedlich<br \/>\nSicherheitsgeschirr Leine Rucksack mit einer Anti-Verlust-Leine, h\u00e4lt Ihr Baby in Ihrem Sicherheitsabstand, die Brustfalle ist nicht leicht zu verrutschen.<br \/>\nDas Hauptfach bietet Platz f\u00fcr viele Dinge, wie ein iPad, eine Reihe von Kleidungsst\u00fccken, die nicht sehr dick sind, Obst, Essen, Obst, kleine B\u00fccher usw. und kleine Spielzeuge k\u00f6nnen auf die Vordertasche gelegt werden. Sie k\u00f6nnen das A4-Format Buch auflegen.<br \/>\n<div class=\"main-cross-sell\" data-asin=\"B08472GM95\">\n\n\t<div class=\"WooZone-cross-sell-loader\">\n\t\t<div>\n\t\t\t<div id=\"floatingBarsG\">\n\t\t\t\t<div class=\"blockG\" id=\"rotateG_01\"><\/div>\n\t\t\t\t<div class=\"blockG\" id=\"rotateG_02\"><\/div>\n\t\t\t\t<div class=\"blockG\" id=\"rotateG_03\"><\/div>\n\t\t\t\t<div class=\"blockG\" id=\"rotateG_04\"><\/div>\n\t\t\t\t<div class=\"blockG\" id=\"rotateG_05\"><\/div>\n\t\t\t\t<div class=\"blockG\" id=\"rotateG_06\"><\/div>\n\t\t\t\t<div class=\"blockG\" id=\"rotateG_07\"><\/div>\n\t\t\t\t<div class=\"blockG\" id=\"rotateG_08\"><\/div>\n\t\t\t<\/div>\n\t\t\t<div class=\"WooZone-cross-sell-loader-text\"><\/div>\n\t\t<\/div>\n\t<\/div>\n\n\t\t\n<\/div>\n<div style=\"clear:both;\"><\/div><\/p>\n","protected":false},"excerpt":{"rendered":"<p>Willikiva Rucksack ist Ihren Kauf wert.<br \/>\nMaterial: Polyester, wasserdicht, bedruckter Stern, leicht, nur 0,9 kg. Ungef\u00e4hre Ma\u00dfe (H x L x B): 31 x 24 x 13 cm<br \/>\nEs gibt Kinder Lieblings-Dinosaurier-Designs, sehr niedlich<\/p>\n","protected":false},"featured_media":201359,"comment_status":"open","ping_status":"closed","template":"","meta":[],"product_brand":[],"product_cat":[21,9378],"product_tag":[],"class_list":{"0":"post-201358","1":"product","2":"type-product","3":"status-publish","4":"has-post-thumbnail","6":"product_cat-baby","7":"product_cat-sicherheit-baby","8":"pa_brand-willikiva","10":"first","11":"instock","12":"shipping-taxable","13":"product-type-simple","14":"customify-col","15":"product-has-gallery"},"yoast_head":"<!-- This site is optimized with the Yoast SEO plugin v27.4 - https:\/\/yoast.com\/product\/yoast-seo-wordpress\/ -->\n<title>willikiva Dinosaurier Kleinkind Mini Rucksack Kinder Baby Sicherheitsgeschirr Leine Wasserdicht Jungen und M\u00e4dchen - Markt-XXL<\/title>\n<meta name=\"description\" content=\"Markt-XXL willikiva Dinosaurier Kleinkind Mini Rucksack Kinder Baby Sicherheitsgeschirr Leine Wasserdicht Jungen und M\u00e4dchen\" \/>\n<meta name=\"robots\" content=\"index, follow, max-snippet:-1, max-image-preview:large, max-video-preview:-1\" \/>\n<link rel=\"canonical\" href=\"https:\/\/marktxxl.de\/markt\/produkt\/willikiva-dinosaurier-kleinkind-mini-rucksack-kinder-baby-sicherheitsgeschirr-leine-wasserdicht-jungen-und-maedchen\/\" \/>\n<meta property=\"og:locale\" content=\"de_DE\" \/>\n<meta property=\"og:type\" content=\"article\" \/>\n<meta property=\"og:title\" content=\"willikiva Dinosaurier Kleinkind Mini Rucksack Kinder Baby Sicherheitsgeschirr Leine Wasserdicht Jungen und M\u00e4dchen - Markt-XXL\" \/>\n<meta property=\"og:description\" content=\"Markt-XXL willikiva Dinosaurier Kleinkind Mini Rucksack Kinder Baby Sicherheitsgeschirr Leine Wasserdicht Jungen und M\u00e4dchen\" \/>\n<meta property=\"og:url\" content=\"https:\/\/marktxxl.de\/markt\/produkt\/willikiva-dinosaurier-kleinkind-mini-rucksack-kinder-baby-sicherheitsgeschirr-leine-wasserdicht-jungen-und-maedchen\/\" \/>\n<meta property=\"og:site_name\" content=\"Markt-XXL\" \/>\n<meta name=\"twitter:card\" content=\"summary_large_image\" \/>\n<meta name=\"twitter:label1\" content=\"Gesch\u00e4tzte Lesezeit\" \/>\n\t<meta name=\"twitter:data1\" content=\"1\u00a0Minute\" \/>\n<script type=\"application\/ld+json\" class=\"yoast-schema-graph\">{\"@context\":\"https:\\\/\\\/schema.org\",\"@graph\":[{\"@type\":\"WebPage\",\"@id\":\"https:\\\/\\\/marktxxl.de\\\/markt\\\/produkt\\\/willikiva-dinosaurier-kleinkind-mini-rucksack-kinder-baby-sicherheitsgeschirr-leine-wasserdicht-jungen-und-maedchen\\\/\",\"url\":\"https:\\\/\\\/marktxxl.de\\\/markt\\\/produkt\\\/willikiva-dinosaurier-kleinkind-mini-rucksack-kinder-baby-sicherheitsgeschirr-leine-wasserdicht-jungen-und-maedchen\\\/\",\"name\":\"willikiva Dinosaurier Kleinkind Mini Rucksack Kinder Baby Sicherheitsgeschirr Leine Wasserdicht Jungen und M\u00e4dchen - Markt-XXL\",\"isPartOf\":{\"@id\":\"https:\\\/\\\/marktxxl.de\\\/markt\\\/#website\"},\"primaryImageOfPage\":{\"@id\":\"https:\\\/\\\/marktxxl.de\\\/markt\\\/produkt\\\/willikiva-dinosaurier-kleinkind-mini-rucksack-kinder-baby-sicherheitsgeschirr-leine-wasserdicht-jungen-und-maedchen\\\/#primaryimage\"},\"image\":{\"@id\":\"https:\\\/\\\/marktxxl.de\\\/markt\\\/produkt\\\/willikiva-dinosaurier-kleinkind-mini-rucksack-kinder-baby-sicherheitsgeschirr-leine-wasserdicht-jungen-und-maedchen\\\/#primaryimage\"},\"thumbnailUrl\":\"https:\\\/\\\/m.media-amazon.com\\\/images\\\/I\\\/51Gd+ItTxQL._SL500_.jpg\",\"datePublished\":\"2023-04-10T10:49:05+00:00\",\"description\":\"Markt-XXL willikiva Dinosaurier Kleinkind Mini Rucksack Kinder Baby Sicherheitsgeschirr Leine Wasserdicht Jungen und M\u00e4dchen\",\"breadcrumb\":{\"@id\":\"https:\\\/\\\/marktxxl.de\\\/markt\\\/produkt\\\/willikiva-dinosaurier-kleinkind-mini-rucksack-kinder-baby-sicherheitsgeschirr-leine-wasserdicht-jungen-und-maedchen\\\/#breadcrumb\"},\"inLanguage\":\"de\",\"potentialAction\":[{\"@type\":\"ReadAction\",\"target\":[\"https:\\\/\\\/marktxxl.de\\\/markt\\\/produkt\\\/willikiva-dinosaurier-kleinkind-mini-rucksack-kinder-baby-sicherheitsgeschirr-leine-wasserdicht-jungen-und-maedchen\\\/\"]}]},{\"@type\":\"ImageObject\",\"inLanguage\":\"de\",\"@id\":\"https:\\\/\\\/marktxxl.de\\\/markt\\\/produkt\\\/willikiva-dinosaurier-kleinkind-mini-rucksack-kinder-baby-sicherheitsgeschirr-leine-wasserdicht-jungen-und-maedchen\\\/#primaryimage\",\"url\":\"https:\\\/\\\/m.media-amazon.com\\\/images\\\/I\\\/51Gd+ItTxQL._SL500_.jpg\",\"contentUrl\":\"https:\\\/\\\/m.media-amazon.com\\\/images\\\/I\\\/51Gd+ItTxQL._SL500_.jpg\",\"width\":500,\"height\":500},{\"@type\":\"BreadcrumbList\",\"@id\":\"https:\\\/\\\/marktxxl.de\\\/markt\\\/produkt\\\/willikiva-dinosaurier-kleinkind-mini-rucksack-kinder-baby-sicherheitsgeschirr-leine-wasserdicht-jungen-und-maedchen\\\/#breadcrumb\",\"itemListElement\":[{\"@type\":\"ListItem\",\"position\":1,\"name\":\"Startseite\",\"item\":\"https:\\\/\\\/marktxxl.de\\\/markt\\\/\"},{\"@type\":\"ListItem\",\"position\":2,\"name\":\"Markt\",\"item\":\"https:\\\/\\\/marktxxl.de\\\/markt\\\/\"},{\"@type\":\"ListItem\",\"position\":3,\"name\":\"willikiva Dinosaurier Kleinkind Mini Rucksack Kinder Baby Sicherheitsgeschirr Leine Wasserdicht Jungen und M\u00e4dchen\"}]},{\"@type\":\"WebSite\",\"@id\":\"https:\\\/\\\/marktxxl.de\\\/markt\\\/#website\",\"url\":\"https:\\\/\\\/marktxxl.de\\\/markt\\\/\",\"name\":\"Markt-XXL\",\"description\":\"Ihr Markt Online\",\"publisher\":{\"@id\":\"https:\\\/\\\/marktxxl.de\\\/markt\\\/#organization\"},\"potentialAction\":[{\"@type\":\"SearchAction\",\"target\":{\"@type\":\"EntryPoint\",\"urlTemplate\":\"https:\\\/\\\/marktxxl.de\\\/markt\\\/?s={search_term_string}\"},\"query-input\":{\"@type\":\"PropertyValueSpecification\",\"valueRequired\":true,\"valueName\":\"search_term_string\"}}],\"inLanguage\":\"de\"},{\"@type\":\"Organization\",\"@id\":\"https:\\\/\\\/marktxxl.de\\\/markt\\\/#organization\",\"name\":\"Markt-XXL\",\"url\":\"https:\\\/\\\/marktxxl.de\\\/markt\\\/\",\"logo\":{\"@type\":\"ImageObject\",\"inLanguage\":\"de\",\"@id\":\"https:\\\/\\\/marktxxl.de\\\/markt\\\/#\\\/schema\\\/logo\\\/image\\\/\",\"url\":\"https:\\\/\\\/marktxxl.de\\\/markt\\\/wp-content\\\/uploads\\\/sites\\\/3\\\/2020\\\/12\\\/logo.png\",\"contentUrl\":\"https:\\\/\\\/marktxxl.de\\\/markt\\\/wp-content\\\/uploads\\\/sites\\\/3\\\/2020\\\/12\\\/logo.png\",\"width\":200,\"height\":70,\"caption\":\"Markt-XXL\"},\"image\":{\"@id\":\"https:\\\/\\\/marktxxl.de\\\/markt\\\/#\\\/schema\\\/logo\\\/image\\\/\"}}]}<\/script>\n<!-- \/ Yoast SEO plugin. -->","yoast_head_json":{"title":"willikiva Dinosaurier Kleinkind Mini Rucksack Kinder Baby Sicherheitsgeschirr Leine Wasserdicht Jungen und M\u00e4dchen - Markt-XXL","description":"Markt-XXL willikiva Dinosaurier Kleinkind Mini Rucksack Kinder Baby Sicherheitsgeschirr Leine Wasserdicht Jungen und M\u00e4dchen","robots":{"index":"index","follow":"follow","max-snippet":"max-snippet:-1","max-image-preview":"max-image-preview:large","max-video-preview":"max-video-preview:-1"},"canonical":"https:\/\/marktxxl.de\/markt\/produkt\/willikiva-dinosaurier-kleinkind-mini-rucksack-kinder-baby-sicherheitsgeschirr-leine-wasserdicht-jungen-und-maedchen\/","og_locale":"de_DE","og_type":"article","og_title":"willikiva Dinosaurier Kleinkind Mini Rucksack Kinder Baby Sicherheitsgeschirr Leine Wasserdicht Jungen und M\u00e4dchen - Markt-XXL","og_description":"Markt-XXL willikiva Dinosaurier Kleinkind Mini Rucksack Kinder Baby Sicherheitsgeschirr Leine Wasserdicht Jungen und M\u00e4dchen","og_url":"https:\/\/marktxxl.de\/markt\/produkt\/willikiva-dinosaurier-kleinkind-mini-rucksack-kinder-baby-sicherheitsgeschirr-leine-wasserdicht-jungen-und-maedchen\/","og_site_name":"Markt-XXL","twitter_card":"summary_large_image","twitter_misc":{"Gesch\u00e4tzte Lesezeit":"1\u00a0Minute"},"schema":{"@context":"https:\/\/schema.org","@graph":[{"@type":"WebPage","@id":"https:\/\/marktxxl.de\/markt\/produkt\/willikiva-dinosaurier-kleinkind-mini-rucksack-kinder-baby-sicherheitsgeschirr-leine-wasserdicht-jungen-und-maedchen\/","url":"https:\/\/marktxxl.de\/markt\/produkt\/willikiva-dinosaurier-kleinkind-mini-rucksack-kinder-baby-sicherheitsgeschirr-leine-wasserdicht-jungen-und-maedchen\/","name":"willikiva Dinosaurier Kleinkind Mini Rucksack Kinder Baby Sicherheitsgeschirr Leine Wasserdicht Jungen und M\u00e4dchen - Markt-XXL","isPartOf":{"@id":"https:\/\/marktxxl.de\/markt\/#website"},"primaryImageOfPage":{"@id":"https:\/\/marktxxl.de\/markt\/produkt\/willikiva-dinosaurier-kleinkind-mini-rucksack-kinder-baby-sicherheitsgeschirr-leine-wasserdicht-jungen-und-maedchen\/#primaryimage"},"image":{"@id":"https:\/\/marktxxl.de\/markt\/produkt\/willikiva-dinosaurier-kleinkind-mini-rucksack-kinder-baby-sicherheitsgeschirr-leine-wasserdicht-jungen-und-maedchen\/#primaryimage"},"thumbnailUrl":"https:\/\/m.media-amazon.com\/images\/I\/51Gd+ItTxQL._SL500_.jpg","datePublished":"2023-04-10T10:49:05+00:00","description":"Markt-XXL willikiva Dinosaurier Kleinkind Mini Rucksack Kinder Baby Sicherheitsgeschirr Leine Wasserdicht Jungen und M\u00e4dchen","breadcrumb":{"@id":"https:\/\/marktxxl.de\/markt\/produkt\/willikiva-dinosaurier-kleinkind-mini-rucksack-kinder-baby-sicherheitsgeschirr-leine-wasserdicht-jungen-und-maedchen\/#breadcrumb"},"inLanguage":"de","potentialAction":[{"@type":"ReadAction","target":["https:\/\/marktxxl.de\/markt\/produkt\/willikiva-dinosaurier-kleinkind-mini-rucksack-kinder-baby-sicherheitsgeschirr-leine-wasserdicht-jungen-und-maedchen\/"]}]},{"@type":"ImageObject","inLanguage":"de","@id":"https:\/\/marktxxl.de\/markt\/produkt\/willikiva-dinosaurier-kleinkind-mini-rucksack-kinder-baby-sicherheitsgeschirr-leine-wasserdicht-jungen-und-maedchen\/#primaryimage","url":"https:\/\/m.media-amazon.com\/images\/I\/51Gd+ItTxQL._SL500_.jpg","contentUrl":"https:\/\/m.media-amazon.com\/images\/I\/51Gd+ItTxQL._SL500_.jpg","width":500,"height":500},{"@type":"BreadcrumbList","@id":"https:\/\/marktxxl.de\/markt\/produkt\/willikiva-dinosaurier-kleinkind-mini-rucksack-kinder-baby-sicherheitsgeschirr-leine-wasserdicht-jungen-und-maedchen\/#breadcrumb","itemListElement":[{"@type":"ListItem","position":1,"name":"Startseite","item":"https:\/\/marktxxl.de\/markt\/"},{"@type":"ListItem","position":2,"name":"Markt","item":"https:\/\/marktxxl.de\/markt\/"},{"@type":"ListItem","position":3,"name":"willikiva Dinosaurier Kleinkind Mini Rucksack Kinder Baby Sicherheitsgeschirr Leine Wasserdicht Jungen und M\u00e4dchen"}]},{"@type":"WebSite","@id":"https:\/\/marktxxl.de\/markt\/#website","url":"https:\/\/marktxxl.de\/markt\/","name":"Markt-XXL","description":"Ihr Markt Online","publisher":{"@id":"https:\/\/marktxxl.de\/markt\/#organization"},"potentialAction":[{"@type":"SearchAction","target":{"@type":"EntryPoint","urlTemplate":"https:\/\/marktxxl.de\/markt\/?s={search_term_string}"},"query-input":{"@type":"PropertyValueSpecification","valueRequired":true,"valueName":"search_term_string"}}],"inLanguage":"de"},{"@type":"Organization","@id":"https:\/\/marktxxl.de\/markt\/#organization","name":"Markt-XXL","url":"https:\/\/marktxxl.de\/markt\/","logo":{"@type":"ImageObject","inLanguage":"de","@id":"https:\/\/marktxxl.de\/markt\/#\/schema\/logo\/image\/","url":"https:\/\/marktxxl.de\/markt\/wp-content\/uploads\/sites\/3\/2020\/12\/logo.png","contentUrl":"https:\/\/marktxxl.de\/markt\/wp-content\/uploads\/sites\/3\/2020\/12\/logo.png","width":200,"height":70,"caption":"Markt-XXL"},"image":{"@id":"https:\/\/marktxxl.de\/markt\/#\/schema\/logo\/image\/"}}]}},"_links":{"self":[{"href":"https:\/\/marktxxl.de\/markt\/wp-json\/wp\/v2\/product\/201358","targetHints":{"allow":["GET"]}}],"collection":[{"href":"https:\/\/marktxxl.de\/markt\/wp-json\/wp\/v2\/product"}],"about":[{"href":"https:\/\/marktxxl.de\/markt\/wp-json\/wp\/v2\/types\/product"}],"replies":[{"embeddable":true,"href":"https:\/\/marktxxl.de\/markt\/wp-json\/wp\/v2\/comments?post=201358"}],"wp:featuredmedia":[{"embeddable":true,"href":"https:\/\/marktxxl.de\/markt\/wp-json\/wp\/v2\/media\/201359"}],"wp:attachment":[{"href":"https:\/\/marktxxl.de\/markt\/wp-json\/wp\/v2\/media?parent=201358"}],"wp:term":[{"taxonomy":"product_brand","embeddable":true,"href":"https:\/\/marktxxl.de\/markt\/wp-json\/wp\/v2\/product_brand?post=201358"},{"taxonomy":"product_cat","embeddable":true,"href":"https:\/\/marktxxl.de\/markt\/wp-json\/wp\/v2\/product_cat?post=201358"},{"taxonomy":"product_tag","embeddable":true,"href":"https:\/\/marktxxl.de\/markt\/wp-json\/wp\/v2\/product_tag?post=201358"}],"curies":[{"name":"wp","href":"https:\/\/api.w.org\/{rel}","templated":true}]}}