{"id":201200,"date":"2023-04-10T12:02:33","date_gmt":"2023-04-10T10:02:33","guid":{"rendered":"https:\/\/marktxxl.de\/markt\/produkt\/kefflum-led-lichtschlauch-aussen-12mled-schlauch-lichterkette-licht-leiste-36leds-m-schlauch-fuer-innen-und-aussen-ip65-12m-warmweiss\/"},"modified":"2023-04-10T12:02:33","modified_gmt":"2023-04-10T10:02:33","slug":"kefflum-led-lichtschlauch-aussen-12mled-schlauch-lichterkette-licht-leiste-36leds-m-schlauch-fuer-innen-und-aussen-ip65-12m-warmweiss","status":"publish","type":"product","link":"https:\/\/marktxxl.de\/markt\/produkt\/kefflum-led-lichtschlauch-aussen-12mled-schlauch-lichterkette-licht-leiste-36leds-m-schlauch-fuer-innen-und-aussen-ip65-12m-warmweiss\/","title":{"rendered":"kefflum LED Lichtschlauch Au\u00dfen 12M,led schlauch, Lichterkette Licht Leiste 36LEDs\/M Schlauch f\u00fcr Innen und Au\u00dfen IP65 12M Warmwei\u00df"},"content":{"rendered":"<p>\u3010Lichtschlauch Au\u00dfen\u30118 Meter (Schlauch 8 Meter + 1.5 Meter Stromkabel und Netzstecker). Schlauch-Durchmesser \u00d8 ca. 13 mm. Stromversorgung: 230V,50Hz; Lichtfarbe: Kaltwei\u00df(11000-13000k). 36 LEDs pro Meter. LED lichtschlauch f\u00fcr aussen Haben Sie eine h\u00f6here Qualit\u00e4t, nicht leicht aufzuheizen<br \/>\n\u3010Ausziehbare L\u00e4nge\u3011LED Lichtschl\u00e4uche es gibt Schnittmarken alle 2 Meter, die geschnitten werden k\u00f6nnen, und mit einem Anschlussinstallationspaket ausgestattet, k\u00f6nnen Sie die passende L\u00e4nge entsprechend Ihren Bed\u00fcrfnissen schneiden. Welche L\u00e4nge Sie auch immer bevorzugen, Sie k\u00f6nnen es machen !<br \/>\n\u3010DIY Schlauchlicht\u3011Mit dem transparenten PVC thermoplastischen Sclauch, Flexibel. Sie k\u00f6nnen sie um fast alles biegen und formen. wie Weihnachtsb\u00e4um, Dach, Haus, Pflanzen, Garten, Schilder, Balkon usw. Sie kann je dekorationen f\u00fcr weihnachten, halloween und hochzeiten anfertigen. Nach dem Gebrauch kann Led Schlauchlicht aufgewickelt werden, um sie f\u00fcr den n\u00e4chsten Gebrauch sauber zu halten.<br \/>\n\u3010Anwendung\u3011Sie k\u00f6nnen bei einer Vielzahl von Anl\u00e4ssen gl\u00e4nzen (einschlie\u00dflich Hochzeiten, Weihnachten, Neujahr, Feiertagsfeiern, Geburtstagsfeiern, t\u00e4glichen Dekorationen) und jede Ecke neu aussehen lassen! Es ist ideal f\u00fcr Dekoration und Umgebungsbeleuchtung. Die warmwei\u00dfe Beleuchtung schafft eine romantische und warme Atmosph\u00e4re f\u00fcr Sie.<br \/>\n\u3010IP65 Wasserdicht\u3011Die beste Ausr\u00fcstung h\u00e4lt selbst dem rauesten Wetter stand, und die LED lichterschlauchlampe macht da keine Ausnahme. Der Leuchtschlauch ist nach IP65 spritzwassergesch\u00fctzt und f\u00fcr den Au\u00dfenbereich geeignet.<br \/>\n<div class=\"main-cross-sell\" data-asin=\"B086DJFW55\">\n\n\t<div class=\"WooZone-cross-sell-loader\">\n\t\t<div>\n\t\t\t<div id=\"floatingBarsG\">\n\t\t\t\t<div class=\"blockG\" id=\"rotateG_01\"><\/div>\n\t\t\t\t<div class=\"blockG\" id=\"rotateG_02\"><\/div>\n\t\t\t\t<div class=\"blockG\" id=\"rotateG_03\"><\/div>\n\t\t\t\t<div class=\"blockG\" id=\"rotateG_04\"><\/div>\n\t\t\t\t<div class=\"blockG\" id=\"rotateG_05\"><\/div>\n\t\t\t\t<div class=\"blockG\" id=\"rotateG_06\"><\/div>\n\t\t\t\t<div class=\"blockG\" id=\"rotateG_07\"><\/div>\n\t\t\t\t<div class=\"blockG\" id=\"rotateG_08\"><\/div>\n\t\t\t<\/div>\n\t\t\t<div class=\"WooZone-cross-sell-loader-text\"><\/div>\n\t\t<\/div>\n\t<\/div>\n\n\t\t\n<\/div>\n<div style=\"clear:both;\"><\/div><\/p>\n","protected":false},"excerpt":{"rendered":"<p>\u3010Lichtschlauch Au\u00dfen\u30118 Meter (Schlauch 8 Meter + 1.5 Meter Stromkabel und Netzstecker). Schlauch-Durchmesser \u00d8 ca. 13 mm. Stromversorgung: 230V,50Hz; Lichtfarbe: Kaltwei\u00df(11000-13000k). 36 LEDs pro Meter. LED lichtschlauch f\u00fcr aussen Haben Sie eine h\u00f6here Qualit\u00e4t, nicht leicht aufzuheizen<br \/>\n\u3010Ausziehbare L\u00e4nge\u3011LED Lichtschl\u00e4uche es gibt Schnittmarken alle 2 Meter, die geschnitten werden k\u00f6nnen, und mit einem Anschlussinstallationspaket ausgestattet, k\u00f6nnen Sie die passende L\u00e4nge entsprechend Ihren Bed\u00fcrfnissen schneiden. Welche L\u00e4nge Sie auch immer bevorzugen, Sie k\u00f6nnen es machen !<br \/>\n\u3010DIY Schlauchlicht\u3011Mit dem transparenten PVC thermoplastischen Sclauch, Flexibel. Sie k\u00f6nnen sie um fast alles biegen und formen. wie Weihnachtsb\u00e4um, Dach, Haus, Pflanzen, Garten, Schilder, Balkon usw. Sie kann je dekorationen f\u00fcr weihnachten, halloween und hochzeiten anfertigen. Nach dem Gebrauch kann Led Schlauchlicht aufgewickelt werden, um sie f\u00fcr den n\u00e4chsten Gebrauch sauber zu halten.<\/p>\n","protected":false},"featured_media":201201,"comment_status":"open","ping_status":"closed","template":"","meta":[],"product_brand":[],"product_cat":[2108,15623],"product_tag":[],"class_list":{"0":"post-201200","1":"product","2":"type-product","3":"status-publish","4":"has-post-thumbnail","6":"product_cat-beleuchtung","7":"product_cat-lichtschlaeuche","8":"pa_binding-werkzeug","9":"pa_brand-kefflum","10":"pa_height-3-543307083-zoll","11":"pa_length-12-992125971-zoll","12":"pa_manufacturer-zhongshan-chuansheng-lighting-co-ltd","13":"pa_model-led-chg-36p-ww","14":"pa_width-12-992125971-zoll","16":"first","17":"instock","18":"shipping-taxable","19":"purchasable","20":"product-type-simple","21":"customify-col","22":"product-has-gallery"},"yoast_head":"<!-- This site is optimized with the Yoast SEO plugin v27.3 - https:\/\/yoast.com\/product\/yoast-seo-wordpress\/ -->\n<title>kefflum LED Lichtschlauch Au\u00dfen 12M,led schlauch, Lichterkette Licht Leiste 36LEDs\/M Schlauch f\u00fcr Innen und Au\u00dfen IP65 12M Warmwei\u00df - Markt-XXL<\/title>\n<meta name=\"description\" content=\"Markt-XXL kefflum LED Lichtschlauch Au\u00dfen 12M,led schlauch, Lichterkette Licht Leiste 36LEDs\/M Schlauch f\u00fcr Innen und Au\u00dfen IP65 12M Warmwei\u00df\" \/>\n<meta name=\"robots\" content=\"index, follow, max-snippet:-1, max-image-preview:large, max-video-preview:-1\" \/>\n<link rel=\"canonical\" href=\"https:\/\/marktxxl.de\/markt\/produkt\/kefflum-led-lichtschlauch-aussen-12mled-schlauch-lichterkette-licht-leiste-36leds-m-schlauch-fuer-innen-und-aussen-ip65-12m-warmweiss\/\" \/>\n<meta property=\"og:locale\" content=\"de_DE\" \/>\n<meta property=\"og:type\" content=\"article\" \/>\n<meta property=\"og:title\" content=\"kefflum LED Lichtschlauch Au\u00dfen 12M,led schlauch, Lichterkette Licht Leiste 36LEDs\/M Schlauch f\u00fcr Innen und Au\u00dfen IP65 12M Warmwei\u00df - Markt-XXL\" \/>\n<meta property=\"og:description\" content=\"Markt-XXL kefflum LED Lichtschlauch Au\u00dfen 12M,led schlauch, Lichterkette Licht Leiste 36LEDs\/M Schlauch f\u00fcr Innen und Au\u00dfen IP65 12M Warmwei\u00df\" \/>\n<meta property=\"og:url\" content=\"https:\/\/marktxxl.de\/markt\/produkt\/kefflum-led-lichtschlauch-aussen-12mled-schlauch-lichterkette-licht-leiste-36leds-m-schlauch-fuer-innen-und-aussen-ip65-12m-warmweiss\/\" \/>\n<meta property=\"og:site_name\" content=\"Markt-XXL\" \/>\n<meta name=\"twitter:card\" content=\"summary_large_image\" \/>\n<meta name=\"twitter:label1\" content=\"Gesch\u00e4tzte Lesezeit\" \/>\n\t<meta name=\"twitter:data1\" content=\"1\u00a0Minute\" \/>\n<script type=\"application\/ld+json\" class=\"yoast-schema-graph\">{\"@context\":\"https:\\\/\\\/schema.org\",\"@graph\":[{\"@type\":\"WebPage\",\"@id\":\"https:\\\/\\\/marktxxl.de\\\/markt\\\/produkt\\\/kefflum-led-lichtschlauch-aussen-12mled-schlauch-lichterkette-licht-leiste-36leds-m-schlauch-fuer-innen-und-aussen-ip65-12m-warmweiss\\\/\",\"url\":\"https:\\\/\\\/marktxxl.de\\\/markt\\\/produkt\\\/kefflum-led-lichtschlauch-aussen-12mled-schlauch-lichterkette-licht-leiste-36leds-m-schlauch-fuer-innen-und-aussen-ip65-12m-warmweiss\\\/\",\"name\":\"kefflum LED Lichtschlauch Au\u00dfen 12M,led schlauch, Lichterkette Licht Leiste 36LEDs\\\/M Schlauch f\u00fcr Innen und Au\u00dfen IP65 12M Warmwei\u00df - Markt-XXL\",\"isPartOf\":{\"@id\":\"https:\\\/\\\/marktxxl.de\\\/markt\\\/#website\"},\"primaryImageOfPage\":{\"@id\":\"https:\\\/\\\/marktxxl.de\\\/markt\\\/produkt\\\/kefflum-led-lichtschlauch-aussen-12mled-schlauch-lichterkette-licht-leiste-36leds-m-schlauch-fuer-innen-und-aussen-ip65-12m-warmweiss\\\/#primaryimage\"},\"image\":{\"@id\":\"https:\\\/\\\/marktxxl.de\\\/markt\\\/produkt\\\/kefflum-led-lichtschlauch-aussen-12mled-schlauch-lichterkette-licht-leiste-36leds-m-schlauch-fuer-innen-und-aussen-ip65-12m-warmweiss\\\/#primaryimage\"},\"thumbnailUrl\":\"https:\\\/\\\/m.media-amazon.com\\\/images\\\/I\\\/51XFUtFvuwL._SL500_.jpg\",\"datePublished\":\"2023-04-10T10:02:33+00:00\",\"description\":\"Markt-XXL kefflum LED Lichtschlauch Au\u00dfen 12M,led schlauch, Lichterkette Licht Leiste 36LEDs\\\/M Schlauch f\u00fcr Innen und Au\u00dfen IP65 12M Warmwei\u00df\",\"breadcrumb\":{\"@id\":\"https:\\\/\\\/marktxxl.de\\\/markt\\\/produkt\\\/kefflum-led-lichtschlauch-aussen-12mled-schlauch-lichterkette-licht-leiste-36leds-m-schlauch-fuer-innen-und-aussen-ip65-12m-warmweiss\\\/#breadcrumb\"},\"inLanguage\":\"de\",\"potentialAction\":[{\"@type\":\"ReadAction\",\"target\":[\"https:\\\/\\\/marktxxl.de\\\/markt\\\/produkt\\\/kefflum-led-lichtschlauch-aussen-12mled-schlauch-lichterkette-licht-leiste-36leds-m-schlauch-fuer-innen-und-aussen-ip65-12m-warmweiss\\\/\"]}]},{\"@type\":\"ImageObject\",\"inLanguage\":\"de\",\"@id\":\"https:\\\/\\\/marktxxl.de\\\/markt\\\/produkt\\\/kefflum-led-lichtschlauch-aussen-12mled-schlauch-lichterkette-licht-leiste-36leds-m-schlauch-fuer-innen-und-aussen-ip65-12m-warmweiss\\\/#primaryimage\",\"url\":\"https:\\\/\\\/m.media-amazon.com\\\/images\\\/I\\\/51XFUtFvuwL._SL500_.jpg\",\"contentUrl\":\"https:\\\/\\\/m.media-amazon.com\\\/images\\\/I\\\/51XFUtFvuwL._SL500_.jpg\",\"width\":500,\"height\":500},{\"@type\":\"BreadcrumbList\",\"@id\":\"https:\\\/\\\/marktxxl.de\\\/markt\\\/produkt\\\/kefflum-led-lichtschlauch-aussen-12mled-schlauch-lichterkette-licht-leiste-36leds-m-schlauch-fuer-innen-und-aussen-ip65-12m-warmweiss\\\/#breadcrumb\",\"itemListElement\":[{\"@type\":\"ListItem\",\"position\":1,\"name\":\"Startseite\",\"item\":\"https:\\\/\\\/marktxxl.de\\\/markt\\\/\"},{\"@type\":\"ListItem\",\"position\":2,\"name\":\"Markt\",\"item\":\"https:\\\/\\\/marktxxl.de\\\/markt\\\/\"},{\"@type\":\"ListItem\",\"position\":3,\"name\":\"kefflum LED Lichtschlauch Au\u00dfen 12M,led schlauch, Lichterkette Licht Leiste 36LEDs\\\/M Schlauch f\u00fcr Innen und Au\u00dfen IP65 12M Warmwei\u00df\"}]},{\"@type\":\"WebSite\",\"@id\":\"https:\\\/\\\/marktxxl.de\\\/markt\\\/#website\",\"url\":\"https:\\\/\\\/marktxxl.de\\\/markt\\\/\",\"name\":\"Markt-XXL\",\"description\":\"Ihr Markt Online\",\"publisher\":{\"@id\":\"https:\\\/\\\/marktxxl.de\\\/markt\\\/#organization\"},\"potentialAction\":[{\"@type\":\"SearchAction\",\"target\":{\"@type\":\"EntryPoint\",\"urlTemplate\":\"https:\\\/\\\/marktxxl.de\\\/markt\\\/?s={search_term_string}\"},\"query-input\":{\"@type\":\"PropertyValueSpecification\",\"valueRequired\":true,\"valueName\":\"search_term_string\"}}],\"inLanguage\":\"de\"},{\"@type\":\"Organization\",\"@id\":\"https:\\\/\\\/marktxxl.de\\\/markt\\\/#organization\",\"name\":\"Markt-XXL\",\"url\":\"https:\\\/\\\/marktxxl.de\\\/markt\\\/\",\"logo\":{\"@type\":\"ImageObject\",\"inLanguage\":\"de\",\"@id\":\"https:\\\/\\\/marktxxl.de\\\/markt\\\/#\\\/schema\\\/logo\\\/image\\\/\",\"url\":\"https:\\\/\\\/marktxxl.de\\\/markt\\\/wp-content\\\/uploads\\\/sites\\\/3\\\/2020\\\/12\\\/logo.png\",\"contentUrl\":\"https:\\\/\\\/marktxxl.de\\\/markt\\\/wp-content\\\/uploads\\\/sites\\\/3\\\/2020\\\/12\\\/logo.png\",\"width\":200,\"height\":70,\"caption\":\"Markt-XXL\"},\"image\":{\"@id\":\"https:\\\/\\\/marktxxl.de\\\/markt\\\/#\\\/schema\\\/logo\\\/image\\\/\"}}]}<\/script>\n<!-- \/ Yoast SEO plugin. -->","yoast_head_json":{"title":"kefflum LED Lichtschlauch Au\u00dfen 12M,led schlauch, Lichterkette Licht Leiste 36LEDs\/M Schlauch f\u00fcr Innen und Au\u00dfen IP65 12M Warmwei\u00df - Markt-XXL","description":"Markt-XXL kefflum LED Lichtschlauch Au\u00dfen 12M,led schlauch, Lichterkette Licht Leiste 36LEDs\/M Schlauch f\u00fcr Innen und Au\u00dfen IP65 12M Warmwei\u00df","robots":{"index":"index","follow":"follow","max-snippet":"max-snippet:-1","max-image-preview":"max-image-preview:large","max-video-preview":"max-video-preview:-1"},"canonical":"https:\/\/marktxxl.de\/markt\/produkt\/kefflum-led-lichtschlauch-aussen-12mled-schlauch-lichterkette-licht-leiste-36leds-m-schlauch-fuer-innen-und-aussen-ip65-12m-warmweiss\/","og_locale":"de_DE","og_type":"article","og_title":"kefflum LED Lichtschlauch Au\u00dfen 12M,led schlauch, Lichterkette Licht Leiste 36LEDs\/M Schlauch f\u00fcr Innen und Au\u00dfen IP65 12M Warmwei\u00df - Markt-XXL","og_description":"Markt-XXL kefflum LED Lichtschlauch Au\u00dfen 12M,led schlauch, Lichterkette Licht Leiste 36LEDs\/M Schlauch f\u00fcr Innen und Au\u00dfen IP65 12M Warmwei\u00df","og_url":"https:\/\/marktxxl.de\/markt\/produkt\/kefflum-led-lichtschlauch-aussen-12mled-schlauch-lichterkette-licht-leiste-36leds-m-schlauch-fuer-innen-und-aussen-ip65-12m-warmweiss\/","og_site_name":"Markt-XXL","twitter_card":"summary_large_image","twitter_misc":{"Gesch\u00e4tzte Lesezeit":"1\u00a0Minute"},"schema":{"@context":"https:\/\/schema.org","@graph":[{"@type":"WebPage","@id":"https:\/\/marktxxl.de\/markt\/produkt\/kefflum-led-lichtschlauch-aussen-12mled-schlauch-lichterkette-licht-leiste-36leds-m-schlauch-fuer-innen-und-aussen-ip65-12m-warmweiss\/","url":"https:\/\/marktxxl.de\/markt\/produkt\/kefflum-led-lichtschlauch-aussen-12mled-schlauch-lichterkette-licht-leiste-36leds-m-schlauch-fuer-innen-und-aussen-ip65-12m-warmweiss\/","name":"kefflum LED Lichtschlauch Au\u00dfen 12M,led schlauch, Lichterkette Licht Leiste 36LEDs\/M Schlauch f\u00fcr Innen und Au\u00dfen IP65 12M Warmwei\u00df - Markt-XXL","isPartOf":{"@id":"https:\/\/marktxxl.de\/markt\/#website"},"primaryImageOfPage":{"@id":"https:\/\/marktxxl.de\/markt\/produkt\/kefflum-led-lichtschlauch-aussen-12mled-schlauch-lichterkette-licht-leiste-36leds-m-schlauch-fuer-innen-und-aussen-ip65-12m-warmweiss\/#primaryimage"},"image":{"@id":"https:\/\/marktxxl.de\/markt\/produkt\/kefflum-led-lichtschlauch-aussen-12mled-schlauch-lichterkette-licht-leiste-36leds-m-schlauch-fuer-innen-und-aussen-ip65-12m-warmweiss\/#primaryimage"},"thumbnailUrl":"https:\/\/m.media-amazon.com\/images\/I\/51XFUtFvuwL._SL500_.jpg","datePublished":"2023-04-10T10:02:33+00:00","description":"Markt-XXL kefflum LED Lichtschlauch Au\u00dfen 12M,led schlauch, Lichterkette Licht Leiste 36LEDs\/M Schlauch f\u00fcr Innen und Au\u00dfen IP65 12M Warmwei\u00df","breadcrumb":{"@id":"https:\/\/marktxxl.de\/markt\/produkt\/kefflum-led-lichtschlauch-aussen-12mled-schlauch-lichterkette-licht-leiste-36leds-m-schlauch-fuer-innen-und-aussen-ip65-12m-warmweiss\/#breadcrumb"},"inLanguage":"de","potentialAction":[{"@type":"ReadAction","target":["https:\/\/marktxxl.de\/markt\/produkt\/kefflum-led-lichtschlauch-aussen-12mled-schlauch-lichterkette-licht-leiste-36leds-m-schlauch-fuer-innen-und-aussen-ip65-12m-warmweiss\/"]}]},{"@type":"ImageObject","inLanguage":"de","@id":"https:\/\/marktxxl.de\/markt\/produkt\/kefflum-led-lichtschlauch-aussen-12mled-schlauch-lichterkette-licht-leiste-36leds-m-schlauch-fuer-innen-und-aussen-ip65-12m-warmweiss\/#primaryimage","url":"https:\/\/m.media-amazon.com\/images\/I\/51XFUtFvuwL._SL500_.jpg","contentUrl":"https:\/\/m.media-amazon.com\/images\/I\/51XFUtFvuwL._SL500_.jpg","width":500,"height":500},{"@type":"BreadcrumbList","@id":"https:\/\/marktxxl.de\/markt\/produkt\/kefflum-led-lichtschlauch-aussen-12mled-schlauch-lichterkette-licht-leiste-36leds-m-schlauch-fuer-innen-und-aussen-ip65-12m-warmweiss\/#breadcrumb","itemListElement":[{"@type":"ListItem","position":1,"name":"Startseite","item":"https:\/\/marktxxl.de\/markt\/"},{"@type":"ListItem","position":2,"name":"Markt","item":"https:\/\/marktxxl.de\/markt\/"},{"@type":"ListItem","position":3,"name":"kefflum LED Lichtschlauch Au\u00dfen 12M,led schlauch, Lichterkette Licht Leiste 36LEDs\/M Schlauch f\u00fcr Innen und Au\u00dfen IP65 12M Warmwei\u00df"}]},{"@type":"WebSite","@id":"https:\/\/marktxxl.de\/markt\/#website","url":"https:\/\/marktxxl.de\/markt\/","name":"Markt-XXL","description":"Ihr Markt Online","publisher":{"@id":"https:\/\/marktxxl.de\/markt\/#organization"},"potentialAction":[{"@type":"SearchAction","target":{"@type":"EntryPoint","urlTemplate":"https:\/\/marktxxl.de\/markt\/?s={search_term_string}"},"query-input":{"@type":"PropertyValueSpecification","valueRequired":true,"valueName":"search_term_string"}}],"inLanguage":"de"},{"@type":"Organization","@id":"https:\/\/marktxxl.de\/markt\/#organization","name":"Markt-XXL","url":"https:\/\/marktxxl.de\/markt\/","logo":{"@type":"ImageObject","inLanguage":"de","@id":"https:\/\/marktxxl.de\/markt\/#\/schema\/logo\/image\/","url":"https:\/\/marktxxl.de\/markt\/wp-content\/uploads\/sites\/3\/2020\/12\/logo.png","contentUrl":"https:\/\/marktxxl.de\/markt\/wp-content\/uploads\/sites\/3\/2020\/12\/logo.png","width":200,"height":70,"caption":"Markt-XXL"},"image":{"@id":"https:\/\/marktxxl.de\/markt\/#\/schema\/logo\/image\/"}}]}},"_links":{"self":[{"href":"https:\/\/marktxxl.de\/markt\/wp-json\/wp\/v2\/product\/201200","targetHints":{"allow":["GET"]}}],"collection":[{"href":"https:\/\/marktxxl.de\/markt\/wp-json\/wp\/v2\/product"}],"about":[{"href":"https:\/\/marktxxl.de\/markt\/wp-json\/wp\/v2\/types\/product"}],"replies":[{"embeddable":true,"href":"https:\/\/marktxxl.de\/markt\/wp-json\/wp\/v2\/comments?post=201200"}],"wp:featuredmedia":[{"embeddable":true,"href":"https:\/\/marktxxl.de\/markt\/wp-json\/wp\/v2\/media\/201201"}],"wp:attachment":[{"href":"https:\/\/marktxxl.de\/markt\/wp-json\/wp\/v2\/media?parent=201200"}],"wp:term":[{"taxonomy":"product_brand","embeddable":true,"href":"https:\/\/marktxxl.de\/markt\/wp-json\/wp\/v2\/product_brand?post=201200"},{"taxonomy":"product_cat","embeddable":true,"href":"https:\/\/marktxxl.de\/markt\/wp-json\/wp\/v2\/product_cat?post=201200"},{"taxonomy":"product_tag","embeddable":true,"href":"https:\/\/marktxxl.de\/markt\/wp-json\/wp\/v2\/product_tag?post=201200"}],"curies":[{"name":"wp","href":"https:\/\/api.w.org\/{rel}","templated":true}]}}