{"id":201136,"date":"2023-04-10T12:01:28","date_gmt":"2023-04-10T10:01:28","guid":{"rendered":"https:\/\/marktxxl.de\/markt\/produkt\/forever-speed-30m-led-lichterschlauch-aussen1080leds-wasserfest-led-lichtschlauc-schlauch-aussen-und-innen-fuer-weihnachten-hochzeit-dach-zaun-dekoration-beleuchtung-warmweiss-ip65\/"},"modified":"2023-04-10T12:01:28","modified_gmt":"2023-04-10T10:01:28","slug":"forever-speed-30m-led-lichterschlauch-aussen1080leds-wasserfest-led-lichtschlauc-schlauch-aussen-und-innen-fuer-weihnachten-hochzeit-dach-zaun-dekoration-beleuchtung-warmweiss-ip65","status":"publish","type":"product","link":"https:\/\/marktxxl.de\/markt\/produkt\/forever-speed-30m-led-lichterschlauch-aussen1080leds-wasserfest-led-lichtschlauc-schlauch-aussen-und-innen-fuer-weihnachten-hochzeit-dach-zaun-dekoration-beleuchtung-warmweiss-ip65\/","title":{"rendered":"Forever Speed 30M LED Lichterschlauch Au\u00dfen,1080LEDs Wasserfest LED Lichtschlauc Schlauch Au\u00dfen und Innen f\u00fcr Weihnachten, Hochzeit, Dach, Zaun Dekoration Beleuchtung WarmWei\u00df IP65"},"content":{"rendered":"<p>LED Lichterschlauch L\u00e4nge: 30M Schlauchl\u00e4nge + 1,5 Meter Netzkabel.LED Schlauch-Durchmesser \u00d8 ca. 13 mm.LED lichtschlauch f\u00fcr aussen Haben Sie eine h\u00f6here Qualit\u00e4t, nicht leicht aufzuheizen.<br \/>\nLED Lichterschlauch Lichtfarbe: Warmwei\u00df(2900-3100k) \uff1b36 LEDs pro Meter, Abstrahlwinkel: 360\u00b0 die Lampe ist warm und Nicht blendend, komfort.Insgesamt 1080 LEDs in 30m LED Lichterschlauch,Bringen Sie bessere Dekoration und Lichteffekte.Stromverbrauch\uff1aca. 99Watt. LED Lichtschl\u00e4uche Jede 2 Meter befindet sich eine Stelle f\u00fcrs Abscheiden, wo das Scherezeichen steht.<br \/>\nDer LED Leuchtschlauch wasserdicht ist nach IP65 spritzwassergesch\u00fctzt f\u00fcr kann drinnen und drau\u00dfen verwendet werden.(Der Stecker ist nicht wasserdicht)<br \/>\nF\u00fcr 230 V Betrieb geeignet (220 Volt bis 240 Volt 50Hz).LED Lichterschlauch f\u00fcr Weihnachten,Sie ist die ideale wahl. LED Lichterschlauch Warmwei\u00df Es ist einfach zu installieren f\u00fcr Outdoor-Dekoration verwendet F\u00fcr Terrassen,Weg, Zaun.lichtschlauch aussen es hat eine gewisse Flexibilit\u00e4t und kann f\u00fcr einfache Formen und Dekorationen verwendet werden.<br \/>\nDie LED lichterschlauch verf\u00fcgt \u00fcber eine gewisse flexibilit\u00e4t. Sie kann je nach bedarf dekorationen f\u00fcr weihnachten, halloween und hochzeiten anfertigen. Gleichzeitig kann sie die beleuchtungsanforderungen von Garten, dach und zaun erf\u00fcllen.<br \/>\n<div class=\"main-cross-sell\" data-asin=\"B01E6RKOKI\">\n\n\t<div class=\"WooZone-cross-sell-loader\">\n\t\t<div>\n\t\t\t<div id=\"floatingBarsG\">\n\t\t\t\t<div class=\"blockG\" id=\"rotateG_01\"><\/div>\n\t\t\t\t<div class=\"blockG\" id=\"rotateG_02\"><\/div>\n\t\t\t\t<div class=\"blockG\" id=\"rotateG_03\"><\/div>\n\t\t\t\t<div class=\"blockG\" id=\"rotateG_04\"><\/div>\n\t\t\t\t<div class=\"blockG\" id=\"rotateG_05\"><\/div>\n\t\t\t\t<div class=\"blockG\" id=\"rotateG_06\"><\/div>\n\t\t\t\t<div class=\"blockG\" id=\"rotateG_07\"><\/div>\n\t\t\t\t<div class=\"blockG\" id=\"rotateG_08\"><\/div>\n\t\t\t<\/div>\n\t\t\t<div class=\"WooZone-cross-sell-loader-text\"><\/div>\n\t\t<\/div>\n\t<\/div>\n\n\t\t\n<\/div>\n<div style=\"clear:both;\"><\/div><\/p>\n","protected":false},"excerpt":{"rendered":"<p>LED Lichterschlauch L\u00e4nge: 30M Schlauchl\u00e4nge + 1,5 Meter Netzkabel.LED Schlauch-Durchmesser \u00d8 ca. 13 mm.LED lichtschlauch f\u00fcr aussen Haben Sie eine h\u00f6here Qualit\u00e4t, nicht leicht aufzuheizen.<br \/>\nLED Lichterschlauch Lichtfarbe: Warmwei\u00df(2900-3100k) \uff1b36 LEDs pro Meter, Abstrahlwinkel: 360\u00b0 die Lampe ist warm und Nicht blendend, komfort.Insgesamt 1080 LEDs in 30m LED Lichterschlauch,Bringen Sie bessere Dekoration und Lichteffekte.Stromverbrauch\uff1aca. 99Watt. LED Lichtschl\u00e4uche Jede 2 Meter befindet sich eine Stelle f\u00fcrs Abscheiden, wo das Scherezeichen steht.<br \/>\nDer LED Leuchtschlauch wasserdicht ist nach IP65 spritzwassergesch\u00fctzt f\u00fcr kann drinnen und drau\u00dfen verwendet werden.(Der Stecker ist nicht wasserdicht)<\/p>\n","protected":false},"featured_media":201137,"comment_status":"open","ping_status":"closed","template":"","meta":[],"product_brand":[],"product_cat":[2108,15623],"product_tag":[],"class_list":{"0":"post-201136","1":"product","2":"type-product","3":"status-publish","4":"has-post-thumbnail","6":"product_cat-beleuchtung","7":"product_cat-lichtschlaeuche","8":"pa_binding-werkzeug","9":"pa_brand-forever-speed","10":"pa_color-weiss","11":"pa_height-0-00051181-zoll","12":"pa_length-1181-1-zoll","13":"pa_model-bdc0030n-s","14":"pa_weight-11-0231131-pfund","15":"pa_width-0-00051181-zoll","17":"first","18":"instock","19":"shipping-taxable","20":"purchasable","21":"product-type-simple","22":"customify-col","23":"product-has-gallery"},"yoast_head":"<!-- This site is optimized with the Yoast SEO plugin v27.4 - https:\/\/yoast.com\/product\/yoast-seo-wordpress\/ -->\n<title>Forever Speed 30M LED Lichterschlauch Au\u00dfen,1080LEDs Wasserfest LED Lichtschlauc Schlauch Au\u00dfen und Innen f\u00fcr Weihnachten, Hochzeit, Dach, Zaun Dekoration Beleuchtung WarmWei\u00df IP65 - Markt-XXL<\/title>\n<meta name=\"description\" content=\"Markt-XXL Forever Speed 30M LED Lichterschlauch Au\u00dfen,1080LEDs Wasserfest LED Lichtschlauc Schlauch Au\u00dfen und Innen f\u00fcr Weihnachten, Hochzeit, Dach, Zaun Dekoration Beleuchtung WarmWei\u00df IP65\" \/>\n<meta name=\"robots\" content=\"index, follow, max-snippet:-1, max-image-preview:large, max-video-preview:-1\" \/>\n<link rel=\"canonical\" href=\"https:\/\/marktxxl.de\/markt\/produkt\/forever-speed-30m-led-lichterschlauch-aussen1080leds-wasserfest-led-lichtschlauc-schlauch-aussen-und-innen-fuer-weihnachten-hochzeit-dach-zaun-dekoration-beleuchtung-warmweiss-ip65\/\" \/>\n<meta property=\"og:locale\" content=\"de_DE\" \/>\n<meta property=\"og:type\" content=\"article\" \/>\n<meta property=\"og:title\" content=\"Forever Speed 30M LED Lichterschlauch Au\u00dfen,1080LEDs Wasserfest LED Lichtschlauc Schlauch Au\u00dfen und Innen f\u00fcr Weihnachten, Hochzeit, Dach, Zaun Dekoration Beleuchtung WarmWei\u00df IP65 - Markt-XXL\" \/>\n<meta property=\"og:description\" content=\"Markt-XXL Forever Speed 30M LED Lichterschlauch Au\u00dfen,1080LEDs Wasserfest LED Lichtschlauc Schlauch Au\u00dfen und Innen f\u00fcr Weihnachten, Hochzeit, Dach, Zaun Dekoration Beleuchtung WarmWei\u00df IP65\" \/>\n<meta property=\"og:url\" content=\"https:\/\/marktxxl.de\/markt\/produkt\/forever-speed-30m-led-lichterschlauch-aussen1080leds-wasserfest-led-lichtschlauc-schlauch-aussen-und-innen-fuer-weihnachten-hochzeit-dach-zaun-dekoration-beleuchtung-warmweiss-ip65\/\" \/>\n<meta property=\"og:site_name\" content=\"Markt-XXL\" \/>\n<meta name=\"twitter:card\" content=\"summary_large_image\" \/>\n<meta name=\"twitter:label1\" content=\"Gesch\u00e4tzte Lesezeit\" \/>\n\t<meta name=\"twitter:data1\" content=\"1\u00a0Minute\" \/>\n<script type=\"application\/ld+json\" class=\"yoast-schema-graph\">{\"@context\":\"https:\\\/\\\/schema.org\",\"@graph\":[{\"@type\":\"WebPage\",\"@id\":\"https:\\\/\\\/marktxxl.de\\\/markt\\\/produkt\\\/forever-speed-30m-led-lichterschlauch-aussen1080leds-wasserfest-led-lichtschlauc-schlauch-aussen-und-innen-fuer-weihnachten-hochzeit-dach-zaun-dekoration-beleuchtung-warmweiss-ip65\\\/\",\"url\":\"https:\\\/\\\/marktxxl.de\\\/markt\\\/produkt\\\/forever-speed-30m-led-lichterschlauch-aussen1080leds-wasserfest-led-lichtschlauc-schlauch-aussen-und-innen-fuer-weihnachten-hochzeit-dach-zaun-dekoration-beleuchtung-warmweiss-ip65\\\/\",\"name\":\"Forever Speed 30M LED Lichterschlauch Au\u00dfen,1080LEDs Wasserfest LED Lichtschlauc Schlauch Au\u00dfen und Innen f\u00fcr Weihnachten, Hochzeit, Dach, Zaun Dekoration Beleuchtung WarmWei\u00df IP65 - Markt-XXL\",\"isPartOf\":{\"@id\":\"https:\\\/\\\/marktxxl.de\\\/markt\\\/#website\"},\"primaryImageOfPage\":{\"@id\":\"https:\\\/\\\/marktxxl.de\\\/markt\\\/produkt\\\/forever-speed-30m-led-lichterschlauch-aussen1080leds-wasserfest-led-lichtschlauc-schlauch-aussen-und-innen-fuer-weihnachten-hochzeit-dach-zaun-dekoration-beleuchtung-warmweiss-ip65\\\/#primaryimage\"},\"image\":{\"@id\":\"https:\\\/\\\/marktxxl.de\\\/markt\\\/produkt\\\/forever-speed-30m-led-lichterschlauch-aussen1080leds-wasserfest-led-lichtschlauc-schlauch-aussen-und-innen-fuer-weihnachten-hochzeit-dach-zaun-dekoration-beleuchtung-warmweiss-ip65\\\/#primaryimage\"},\"thumbnailUrl\":\"https:\\\/\\\/m.media-amazon.com\\\/images\\\/I\\\/519WmbzZxjS._SL500_.jpg\",\"datePublished\":\"2023-04-10T10:01:28+00:00\",\"description\":\"Markt-XXL Forever Speed 30M LED Lichterschlauch Au\u00dfen,1080LEDs Wasserfest LED Lichtschlauc Schlauch Au\u00dfen und Innen f\u00fcr Weihnachten, Hochzeit, Dach, Zaun Dekoration Beleuchtung WarmWei\u00df IP65\",\"breadcrumb\":{\"@id\":\"https:\\\/\\\/marktxxl.de\\\/markt\\\/produkt\\\/forever-speed-30m-led-lichterschlauch-aussen1080leds-wasserfest-led-lichtschlauc-schlauch-aussen-und-innen-fuer-weihnachten-hochzeit-dach-zaun-dekoration-beleuchtung-warmweiss-ip65\\\/#breadcrumb\"},\"inLanguage\":\"de\",\"potentialAction\":[{\"@type\":\"ReadAction\",\"target\":[\"https:\\\/\\\/marktxxl.de\\\/markt\\\/produkt\\\/forever-speed-30m-led-lichterschlauch-aussen1080leds-wasserfest-led-lichtschlauc-schlauch-aussen-und-innen-fuer-weihnachten-hochzeit-dach-zaun-dekoration-beleuchtung-warmweiss-ip65\\\/\"]}]},{\"@type\":\"ImageObject\",\"inLanguage\":\"de\",\"@id\":\"https:\\\/\\\/marktxxl.de\\\/markt\\\/produkt\\\/forever-speed-30m-led-lichterschlauch-aussen1080leds-wasserfest-led-lichtschlauc-schlauch-aussen-und-innen-fuer-weihnachten-hochzeit-dach-zaun-dekoration-beleuchtung-warmweiss-ip65\\\/#primaryimage\",\"url\":\"https:\\\/\\\/m.media-amazon.com\\\/images\\\/I\\\/519WmbzZxjS._SL500_.jpg\",\"contentUrl\":\"https:\\\/\\\/m.media-amazon.com\\\/images\\\/I\\\/519WmbzZxjS._SL500_.jpg\",\"width\":500,\"height\":500},{\"@type\":\"BreadcrumbList\",\"@id\":\"https:\\\/\\\/marktxxl.de\\\/markt\\\/produkt\\\/forever-speed-30m-led-lichterschlauch-aussen1080leds-wasserfest-led-lichtschlauc-schlauch-aussen-und-innen-fuer-weihnachten-hochzeit-dach-zaun-dekoration-beleuchtung-warmweiss-ip65\\\/#breadcrumb\",\"itemListElement\":[{\"@type\":\"ListItem\",\"position\":1,\"name\":\"Startseite\",\"item\":\"https:\\\/\\\/marktxxl.de\\\/markt\\\/\"},{\"@type\":\"ListItem\",\"position\":2,\"name\":\"Markt\",\"item\":\"https:\\\/\\\/marktxxl.de\\\/markt\\\/\"},{\"@type\":\"ListItem\",\"position\":3,\"name\":\"Forever Speed 30M LED Lichterschlauch Au\u00dfen,1080LEDs Wasserfest LED Lichtschlauc Schlauch Au\u00dfen und Innen f\u00fcr Weihnachten, Hochzeit, Dach, Zaun Dekoration Beleuchtung WarmWei\u00df IP65\"}]},{\"@type\":\"WebSite\",\"@id\":\"https:\\\/\\\/marktxxl.de\\\/markt\\\/#website\",\"url\":\"https:\\\/\\\/marktxxl.de\\\/markt\\\/\",\"name\":\"Markt-XXL\",\"description\":\"Ihr Markt Online\",\"publisher\":{\"@id\":\"https:\\\/\\\/marktxxl.de\\\/markt\\\/#organization\"},\"potentialAction\":[{\"@type\":\"SearchAction\",\"target\":{\"@type\":\"EntryPoint\",\"urlTemplate\":\"https:\\\/\\\/marktxxl.de\\\/markt\\\/?s={search_term_string}\"},\"query-input\":{\"@type\":\"PropertyValueSpecification\",\"valueRequired\":true,\"valueName\":\"search_term_string\"}}],\"inLanguage\":\"de\"},{\"@type\":\"Organization\",\"@id\":\"https:\\\/\\\/marktxxl.de\\\/markt\\\/#organization\",\"name\":\"Markt-XXL\",\"url\":\"https:\\\/\\\/marktxxl.de\\\/markt\\\/\",\"logo\":{\"@type\":\"ImageObject\",\"inLanguage\":\"de\",\"@id\":\"https:\\\/\\\/marktxxl.de\\\/markt\\\/#\\\/schema\\\/logo\\\/image\\\/\",\"url\":\"https:\\\/\\\/marktxxl.de\\\/markt\\\/wp-content\\\/uploads\\\/sites\\\/3\\\/2020\\\/12\\\/logo.png\",\"contentUrl\":\"https:\\\/\\\/marktxxl.de\\\/markt\\\/wp-content\\\/uploads\\\/sites\\\/3\\\/2020\\\/12\\\/logo.png\",\"width\":200,\"height\":70,\"caption\":\"Markt-XXL\"},\"image\":{\"@id\":\"https:\\\/\\\/marktxxl.de\\\/markt\\\/#\\\/schema\\\/logo\\\/image\\\/\"}}]}<\/script>\n<!-- \/ Yoast SEO plugin. -->","yoast_head_json":{"title":"Forever Speed 30M LED Lichterschlauch Au\u00dfen,1080LEDs Wasserfest LED Lichtschlauc Schlauch Au\u00dfen und Innen f\u00fcr Weihnachten, Hochzeit, Dach, Zaun Dekoration Beleuchtung WarmWei\u00df IP65 - Markt-XXL","description":"Markt-XXL Forever Speed 30M LED Lichterschlauch Au\u00dfen,1080LEDs Wasserfest LED Lichtschlauc Schlauch Au\u00dfen und Innen f\u00fcr Weihnachten, Hochzeit, Dach, Zaun Dekoration Beleuchtung WarmWei\u00df IP65","robots":{"index":"index","follow":"follow","max-snippet":"max-snippet:-1","max-image-preview":"max-image-preview:large","max-video-preview":"max-video-preview:-1"},"canonical":"https:\/\/marktxxl.de\/markt\/produkt\/forever-speed-30m-led-lichterschlauch-aussen1080leds-wasserfest-led-lichtschlauc-schlauch-aussen-und-innen-fuer-weihnachten-hochzeit-dach-zaun-dekoration-beleuchtung-warmweiss-ip65\/","og_locale":"de_DE","og_type":"article","og_title":"Forever Speed 30M LED Lichterschlauch Au\u00dfen,1080LEDs Wasserfest LED Lichtschlauc Schlauch Au\u00dfen und Innen f\u00fcr Weihnachten, Hochzeit, Dach, Zaun Dekoration Beleuchtung WarmWei\u00df IP65 - Markt-XXL","og_description":"Markt-XXL Forever Speed 30M LED Lichterschlauch Au\u00dfen,1080LEDs Wasserfest LED Lichtschlauc Schlauch Au\u00dfen und Innen f\u00fcr Weihnachten, Hochzeit, Dach, Zaun Dekoration Beleuchtung WarmWei\u00df IP65","og_url":"https:\/\/marktxxl.de\/markt\/produkt\/forever-speed-30m-led-lichterschlauch-aussen1080leds-wasserfest-led-lichtschlauc-schlauch-aussen-und-innen-fuer-weihnachten-hochzeit-dach-zaun-dekoration-beleuchtung-warmweiss-ip65\/","og_site_name":"Markt-XXL","twitter_card":"summary_large_image","twitter_misc":{"Gesch\u00e4tzte Lesezeit":"1\u00a0Minute"},"schema":{"@context":"https:\/\/schema.org","@graph":[{"@type":"WebPage","@id":"https:\/\/marktxxl.de\/markt\/produkt\/forever-speed-30m-led-lichterschlauch-aussen1080leds-wasserfest-led-lichtschlauc-schlauch-aussen-und-innen-fuer-weihnachten-hochzeit-dach-zaun-dekoration-beleuchtung-warmweiss-ip65\/","url":"https:\/\/marktxxl.de\/markt\/produkt\/forever-speed-30m-led-lichterschlauch-aussen1080leds-wasserfest-led-lichtschlauc-schlauch-aussen-und-innen-fuer-weihnachten-hochzeit-dach-zaun-dekoration-beleuchtung-warmweiss-ip65\/","name":"Forever Speed 30M LED Lichterschlauch Au\u00dfen,1080LEDs Wasserfest LED Lichtschlauc Schlauch Au\u00dfen und Innen f\u00fcr Weihnachten, Hochzeit, Dach, Zaun Dekoration Beleuchtung WarmWei\u00df IP65 - Markt-XXL","isPartOf":{"@id":"https:\/\/marktxxl.de\/markt\/#website"},"primaryImageOfPage":{"@id":"https:\/\/marktxxl.de\/markt\/produkt\/forever-speed-30m-led-lichterschlauch-aussen1080leds-wasserfest-led-lichtschlauc-schlauch-aussen-und-innen-fuer-weihnachten-hochzeit-dach-zaun-dekoration-beleuchtung-warmweiss-ip65\/#primaryimage"},"image":{"@id":"https:\/\/marktxxl.de\/markt\/produkt\/forever-speed-30m-led-lichterschlauch-aussen1080leds-wasserfest-led-lichtschlauc-schlauch-aussen-und-innen-fuer-weihnachten-hochzeit-dach-zaun-dekoration-beleuchtung-warmweiss-ip65\/#primaryimage"},"thumbnailUrl":"https:\/\/m.media-amazon.com\/images\/I\/519WmbzZxjS._SL500_.jpg","datePublished":"2023-04-10T10:01:28+00:00","description":"Markt-XXL Forever Speed 30M LED Lichterschlauch Au\u00dfen,1080LEDs Wasserfest LED Lichtschlauc Schlauch Au\u00dfen und Innen f\u00fcr Weihnachten, Hochzeit, Dach, Zaun Dekoration Beleuchtung WarmWei\u00df IP65","breadcrumb":{"@id":"https:\/\/marktxxl.de\/markt\/produkt\/forever-speed-30m-led-lichterschlauch-aussen1080leds-wasserfest-led-lichtschlauc-schlauch-aussen-und-innen-fuer-weihnachten-hochzeit-dach-zaun-dekoration-beleuchtung-warmweiss-ip65\/#breadcrumb"},"inLanguage":"de","potentialAction":[{"@type":"ReadAction","target":["https:\/\/marktxxl.de\/markt\/produkt\/forever-speed-30m-led-lichterschlauch-aussen1080leds-wasserfest-led-lichtschlauc-schlauch-aussen-und-innen-fuer-weihnachten-hochzeit-dach-zaun-dekoration-beleuchtung-warmweiss-ip65\/"]}]},{"@type":"ImageObject","inLanguage":"de","@id":"https:\/\/marktxxl.de\/markt\/produkt\/forever-speed-30m-led-lichterschlauch-aussen1080leds-wasserfest-led-lichtschlauc-schlauch-aussen-und-innen-fuer-weihnachten-hochzeit-dach-zaun-dekoration-beleuchtung-warmweiss-ip65\/#primaryimage","url":"https:\/\/m.media-amazon.com\/images\/I\/519WmbzZxjS._SL500_.jpg","contentUrl":"https:\/\/m.media-amazon.com\/images\/I\/519WmbzZxjS._SL500_.jpg","width":500,"height":500},{"@type":"BreadcrumbList","@id":"https:\/\/marktxxl.de\/markt\/produkt\/forever-speed-30m-led-lichterschlauch-aussen1080leds-wasserfest-led-lichtschlauc-schlauch-aussen-und-innen-fuer-weihnachten-hochzeit-dach-zaun-dekoration-beleuchtung-warmweiss-ip65\/#breadcrumb","itemListElement":[{"@type":"ListItem","position":1,"name":"Startseite","item":"https:\/\/marktxxl.de\/markt\/"},{"@type":"ListItem","position":2,"name":"Markt","item":"https:\/\/marktxxl.de\/markt\/"},{"@type":"ListItem","position":3,"name":"Forever Speed 30M LED Lichterschlauch Au\u00dfen,1080LEDs Wasserfest LED Lichtschlauc Schlauch Au\u00dfen und Innen f\u00fcr Weihnachten, Hochzeit, Dach, Zaun Dekoration Beleuchtung WarmWei\u00df IP65"}]},{"@type":"WebSite","@id":"https:\/\/marktxxl.de\/markt\/#website","url":"https:\/\/marktxxl.de\/markt\/","name":"Markt-XXL","description":"Ihr Markt Online","publisher":{"@id":"https:\/\/marktxxl.de\/markt\/#organization"},"potentialAction":[{"@type":"SearchAction","target":{"@type":"EntryPoint","urlTemplate":"https:\/\/marktxxl.de\/markt\/?s={search_term_string}"},"query-input":{"@type":"PropertyValueSpecification","valueRequired":true,"valueName":"search_term_string"}}],"inLanguage":"de"},{"@type":"Organization","@id":"https:\/\/marktxxl.de\/markt\/#organization","name":"Markt-XXL","url":"https:\/\/marktxxl.de\/markt\/","logo":{"@type":"ImageObject","inLanguage":"de","@id":"https:\/\/marktxxl.de\/markt\/#\/schema\/logo\/image\/","url":"https:\/\/marktxxl.de\/markt\/wp-content\/uploads\/sites\/3\/2020\/12\/logo.png","contentUrl":"https:\/\/marktxxl.de\/markt\/wp-content\/uploads\/sites\/3\/2020\/12\/logo.png","width":200,"height":70,"caption":"Markt-XXL"},"image":{"@id":"https:\/\/marktxxl.de\/markt\/#\/schema\/logo\/image\/"}}]}},"_links":{"self":[{"href":"https:\/\/marktxxl.de\/markt\/wp-json\/wp\/v2\/product\/201136","targetHints":{"allow":["GET"]}}],"collection":[{"href":"https:\/\/marktxxl.de\/markt\/wp-json\/wp\/v2\/product"}],"about":[{"href":"https:\/\/marktxxl.de\/markt\/wp-json\/wp\/v2\/types\/product"}],"replies":[{"embeddable":true,"href":"https:\/\/marktxxl.de\/markt\/wp-json\/wp\/v2\/comments?post=201136"}],"wp:featuredmedia":[{"embeddable":true,"href":"https:\/\/marktxxl.de\/markt\/wp-json\/wp\/v2\/media\/201137"}],"wp:attachment":[{"href":"https:\/\/marktxxl.de\/markt\/wp-json\/wp\/v2\/media?parent=201136"}],"wp:term":[{"taxonomy":"product_brand","embeddable":true,"href":"https:\/\/marktxxl.de\/markt\/wp-json\/wp\/v2\/product_brand?post=201136"},{"taxonomy":"product_cat","embeddable":true,"href":"https:\/\/marktxxl.de\/markt\/wp-json\/wp\/v2\/product_cat?post=201136"},{"taxonomy":"product_tag","embeddable":true,"href":"https:\/\/marktxxl.de\/markt\/wp-json\/wp\/v2\/product_tag?post=201136"}],"curies":[{"name":"wp","href":"https:\/\/api.w.org\/{rel}","templated":true}]}}