{"id":201056,"date":"2023-04-10T11:56:04","date_gmt":"2023-04-10T09:56:04","guid":{"rendered":"https:\/\/marktxxl.de\/markt\/produkt\/hifairy-12awg-2-leiter-12-2-direct-grabkabel-fuer-niederspannung-landschaftsbeleuchtung-265ft\/"},"modified":"2023-04-10T11:56:04","modified_gmt":"2023-04-10T09:56:04","slug":"hifairy-12awg-2-leiter-12-2-direct-grabkabel-fuer-niederspannung-landschaftsbeleuchtung-265ft","status":"publish","type":"product","link":"https:\/\/marktxxl.de\/markt\/produkt\/hifairy-12awg-2-leiter-12-2-direct-grabkabel-fuer-niederspannung-landschaftsbeleuchtung-265ft\/","title":{"rendered":"HIFAIRY 12AWG 2-Leiter 12\/2 Direct Grabkabel f\u00fcr Niederspannung, Landschaftsbeleuchtung, 265ft"},"content":{"rendered":"<p>[Vielseitiges Niedrigspannungskabel 12\/2 f\u00fcr den Au\u00dfeneinsatz]: Ideal f\u00fcr Niederspannungs-Au\u00dfenanwendungen wie Spot-Leuchten, Downlights, Wegbeleuchtung, Fl\u00e4chenbeleuchtung, Flutlicht, Boden-\/Brunnenbeleuchtung, Deckleuchten, Stufenlichter, Hardscape-Lichter, Spezialbeleuchtung, Unterwasserbeleuchtung.<br \/>\n[Langlebiger, 100% reiner Bare-Kupferdraht: Erzeugt ein st\u00e4rkeres Signal mit gr\u00f6\u00dferer Leitf\u00e4higkeit und Flexibilit\u00e4t im Vergleich zu kupferbeschichtetem Aluminium (CCA). Strapazierf\u00e4hige Jacke zum Schutz vor Rei\u00dfen, Schnitten und Schrammen. Die Jacke ist flexibel f\u00fcr einfache Installation und bietet eine lange Lebensdauer.<br \/>\n[Direkte Beanspruchung \/ INDUSTRIAL-GRADE QUALIT\u00c4T: Es ist hergestellt, um Sonnenlicht, Staub und Feuchtigkeit zu widerstehen. Es ist robust bis extreme Umgebungen. Im Gegensatz zu typischen Lautsprecherdr\u00e4hten ist die direkte Beerdigung speziell f\u00fcr den Au\u00dfeneinsatz \u00fcber \/ unter der Erde oder im Kanal (auch f\u00fcr den Innenbereich geeignet). Tier-1-Herstellungsprozess, Zonegrace Outdoor-Kabel durchlaufen viele Testphasen, um die h\u00f6chste Leistung und Zuverl\u00e4ssigkeit der Produkte zu gew\u00e4hrleisten.<br \/>\n[ETL LISTED]: Nachweis der Einhaltung der nordamerikanischen Sicherheitsstandards und ein Hinweis auf ein Produkt von h\u00f6chster Qualit\u00e4t, das zahlreiche Tests bestanden hat, bevor die Genehmigung erhalten hat, was von den meisten Auftragnehmern und Elektrikern bevorzugt wird. Hervorragende Leistung: garantiert die anspruchsvollsten Qualit\u00e4tskontrollverfahren eingehalten.<br \/>\nLebenslange Zufriedenheitsgarantie: Wir stehen f\u00fcr die h\u00f6chste Qualit\u00e4t sorgenfreies Produkt und Kundenzufriedenheit. Wenn Sie mit unserem Produkt in irgendeiner Weise nicht zufrieden sind, bieten wir Ihnen eine einfache R\u00fcckgaberichtung.<br \/>\n<div class=\"main-cross-sell\" data-asin=\"B07VFLWTVY\">\n\n\t<div class=\"WooZone-cross-sell-loader\">\n\t\t<div>\n\t\t\t<div id=\"floatingBarsG\">\n\t\t\t\t<div class=\"blockG\" id=\"rotateG_01\"><\/div>\n\t\t\t\t<div class=\"blockG\" id=\"rotateG_02\"><\/div>\n\t\t\t\t<div class=\"blockG\" id=\"rotateG_03\"><\/div>\n\t\t\t\t<div class=\"blockG\" id=\"rotateG_04\"><\/div>\n\t\t\t\t<div class=\"blockG\" id=\"rotateG_05\"><\/div>\n\t\t\t\t<div class=\"blockG\" id=\"rotateG_06\"><\/div>\n\t\t\t\t<div class=\"blockG\" id=\"rotateG_07\"><\/div>\n\t\t\t\t<div class=\"blockG\" id=\"rotateG_08\"><\/div>\n\t\t\t<\/div>\n\t\t\t<div class=\"WooZone-cross-sell-loader-text\"><\/div>\n\t\t<\/div>\n\t<\/div>\n\n\t\t\n<\/div>\n<div style=\"clear:both;\"><\/div><\/p>\n","protected":false},"excerpt":{"rendered":"<p>[Vielseitiges Niedrigspannungskabel 12\/2 f\u00fcr den Au\u00dfeneinsatz]: Ideal f\u00fcr Niederspannungs-Au\u00dfenanwendungen wie Spot-Leuchten, Downlights, Wegbeleuchtung, Fl\u00e4chenbeleuchtung, Flutlicht, Boden-\/Brunnenbeleuchtung, Deckleuchten, Stufenlichter, Hardscape-Lichter, Spezialbeleuchtung, Unterwasserbeleuchtung.<br \/>\n[Langlebiger, 100% reiner Bare-Kupferdraht: Erzeugt ein st\u00e4rkeres Signal mit gr\u00f6\u00dferer Leitf\u00e4higkeit und Flexibilit\u00e4t im Vergleich zu kupferbeschichtetem Aluminium (CCA). Strapazierf\u00e4hige Jacke zum Schutz vor Rei\u00dfen, Schnitten und Schrammen. Die Jacke ist flexibel f\u00fcr einfache Installation und bietet eine lange Lebensdauer.<br \/>\n[Direkte Beanspruchung \/ INDUSTRIAL-GRADE QUALIT\u00c4T: Es ist hergestellt, um Sonnenlicht, Staub und Feuchtigkeit zu widerstehen. Es ist robust bis extreme Umgebungen. Im Gegensatz zu typischen Lautsprecherdr\u00e4hten ist die direkte Beerdigung speziell f\u00fcr den Au\u00dfeneinsatz \u00fcber \/ unter der Erde oder im Kanal (auch f\u00fcr den Innenbereich geeignet). Tier-1-Herstellungsprozess, Zonegrace Outdoor-Kabel durchlaufen viele Testphasen, um die h\u00f6chste Leistung und Zuverl\u00e4ssigkeit der Produkte zu gew\u00e4hrleisten.<\/p>\n","protected":false},"featured_media":201057,"comment_status":"open","ping_status":"closed","template":"","meta":[],"product_brand":[],"product_cat":[11446,2108],"product_tag":[],"class_list":{"0":"post-201056","1":"product","2":"type-product","3":"status-publish","4":"has-post-thumbnail","6":"product_cat-aussenbeleuchtung","7":"product_cat-beleuchtung","8":"pa_binding-unbekannter-einband","9":"pa_brand-zonegrace","10":"pa_color-xx3","11":"pa_manufacturer-hifairy","12":"pa_size-34895","14":"first","15":"instock","16":"shipping-taxable","17":"purchasable","18":"product-type-simple","19":"customify-col","20":"product-has-gallery"},"yoast_head":"<!-- This site is optimized with the Yoast SEO plugin v27.4 - https:\/\/yoast.com\/product\/yoast-seo-wordpress\/ -->\n<title>HIFAIRY 12AWG 2-Leiter 12\/2 Direct Grabkabel f\u00fcr Niederspannung, Landschaftsbeleuchtung, 265ft - Markt-XXL<\/title>\n<meta name=\"description\" content=\"Markt-XXL HIFAIRY 12AWG 2-Leiter 12\/2 Direct Grabkabel f\u00fcr Niederspannung, Landschaftsbeleuchtung, 265ft\" \/>\n<meta name=\"robots\" content=\"index, follow, max-snippet:-1, max-image-preview:large, max-video-preview:-1\" \/>\n<link rel=\"canonical\" href=\"https:\/\/marktxxl.de\/markt\/produkt\/hifairy-12awg-2-leiter-12-2-direct-grabkabel-fuer-niederspannung-landschaftsbeleuchtung-265ft\/\" \/>\n<meta property=\"og:locale\" content=\"de_DE\" \/>\n<meta property=\"og:type\" content=\"article\" \/>\n<meta property=\"og:title\" content=\"HIFAIRY 12AWG 2-Leiter 12\/2 Direct Grabkabel f\u00fcr Niederspannung, Landschaftsbeleuchtung, 265ft - Markt-XXL\" \/>\n<meta property=\"og:description\" content=\"Markt-XXL HIFAIRY 12AWG 2-Leiter 12\/2 Direct Grabkabel f\u00fcr Niederspannung, Landschaftsbeleuchtung, 265ft\" \/>\n<meta property=\"og:url\" content=\"https:\/\/marktxxl.de\/markt\/produkt\/hifairy-12awg-2-leiter-12-2-direct-grabkabel-fuer-niederspannung-landschaftsbeleuchtung-265ft\/\" \/>\n<meta property=\"og:site_name\" content=\"Markt-XXL\" \/>\n<meta name=\"twitter:card\" content=\"summary_large_image\" \/>\n<meta name=\"twitter:label1\" content=\"Gesch\u00e4tzte Lesezeit\" \/>\n\t<meta name=\"twitter:data1\" content=\"1\u00a0Minute\" \/>\n<script type=\"application\/ld+json\" class=\"yoast-schema-graph\">{\"@context\":\"https:\\\/\\\/schema.org\",\"@graph\":[{\"@type\":\"WebPage\",\"@id\":\"https:\\\/\\\/marktxxl.de\\\/markt\\\/produkt\\\/hifairy-12awg-2-leiter-12-2-direct-grabkabel-fuer-niederspannung-landschaftsbeleuchtung-265ft\\\/\",\"url\":\"https:\\\/\\\/marktxxl.de\\\/markt\\\/produkt\\\/hifairy-12awg-2-leiter-12-2-direct-grabkabel-fuer-niederspannung-landschaftsbeleuchtung-265ft\\\/\",\"name\":\"HIFAIRY 12AWG 2-Leiter 12\\\/2 Direct Grabkabel f\u00fcr Niederspannung, Landschaftsbeleuchtung, 265ft - Markt-XXL\",\"isPartOf\":{\"@id\":\"https:\\\/\\\/marktxxl.de\\\/markt\\\/#website\"},\"primaryImageOfPage\":{\"@id\":\"https:\\\/\\\/marktxxl.de\\\/markt\\\/produkt\\\/hifairy-12awg-2-leiter-12-2-direct-grabkabel-fuer-niederspannung-landschaftsbeleuchtung-265ft\\\/#primaryimage\"},\"image\":{\"@id\":\"https:\\\/\\\/marktxxl.de\\\/markt\\\/produkt\\\/hifairy-12awg-2-leiter-12-2-direct-grabkabel-fuer-niederspannung-landschaftsbeleuchtung-265ft\\\/#primaryimage\"},\"thumbnailUrl\":\"https:\\\/\\\/m.media-amazon.com\\\/images\\\/I\\\/512sc0DnvTL._SL500_.jpg\",\"datePublished\":\"2023-04-10T09:56:04+00:00\",\"description\":\"Markt-XXL HIFAIRY 12AWG 2-Leiter 12\\\/2 Direct Grabkabel f\u00fcr Niederspannung, Landschaftsbeleuchtung, 265ft\",\"breadcrumb\":{\"@id\":\"https:\\\/\\\/marktxxl.de\\\/markt\\\/produkt\\\/hifairy-12awg-2-leiter-12-2-direct-grabkabel-fuer-niederspannung-landschaftsbeleuchtung-265ft\\\/#breadcrumb\"},\"inLanguage\":\"de\",\"potentialAction\":[{\"@type\":\"ReadAction\",\"target\":[\"https:\\\/\\\/marktxxl.de\\\/markt\\\/produkt\\\/hifairy-12awg-2-leiter-12-2-direct-grabkabel-fuer-niederspannung-landschaftsbeleuchtung-265ft\\\/\"]}]},{\"@type\":\"ImageObject\",\"inLanguage\":\"de\",\"@id\":\"https:\\\/\\\/marktxxl.de\\\/markt\\\/produkt\\\/hifairy-12awg-2-leiter-12-2-direct-grabkabel-fuer-niederspannung-landschaftsbeleuchtung-265ft\\\/#primaryimage\",\"url\":\"https:\\\/\\\/m.media-amazon.com\\\/images\\\/I\\\/512sc0DnvTL._SL500_.jpg\",\"contentUrl\":\"https:\\\/\\\/m.media-amazon.com\\\/images\\\/I\\\/512sc0DnvTL._SL500_.jpg\",\"width\":500,\"height\":500},{\"@type\":\"BreadcrumbList\",\"@id\":\"https:\\\/\\\/marktxxl.de\\\/markt\\\/produkt\\\/hifairy-12awg-2-leiter-12-2-direct-grabkabel-fuer-niederspannung-landschaftsbeleuchtung-265ft\\\/#breadcrumb\",\"itemListElement\":[{\"@type\":\"ListItem\",\"position\":1,\"name\":\"Startseite\",\"item\":\"https:\\\/\\\/marktxxl.de\\\/markt\\\/\"},{\"@type\":\"ListItem\",\"position\":2,\"name\":\"Markt\",\"item\":\"https:\\\/\\\/marktxxl.de\\\/markt\\\/\"},{\"@type\":\"ListItem\",\"position\":3,\"name\":\"HIFAIRY 12AWG 2-Leiter 12\\\/2 Direct Grabkabel f\u00fcr Niederspannung, Landschaftsbeleuchtung, 265ft\"}]},{\"@type\":\"WebSite\",\"@id\":\"https:\\\/\\\/marktxxl.de\\\/markt\\\/#website\",\"url\":\"https:\\\/\\\/marktxxl.de\\\/markt\\\/\",\"name\":\"Markt-XXL\",\"description\":\"Ihr Markt Online\",\"publisher\":{\"@id\":\"https:\\\/\\\/marktxxl.de\\\/markt\\\/#organization\"},\"potentialAction\":[{\"@type\":\"SearchAction\",\"target\":{\"@type\":\"EntryPoint\",\"urlTemplate\":\"https:\\\/\\\/marktxxl.de\\\/markt\\\/?s={search_term_string}\"},\"query-input\":{\"@type\":\"PropertyValueSpecification\",\"valueRequired\":true,\"valueName\":\"search_term_string\"}}],\"inLanguage\":\"de\"},{\"@type\":\"Organization\",\"@id\":\"https:\\\/\\\/marktxxl.de\\\/markt\\\/#organization\",\"name\":\"Markt-XXL\",\"url\":\"https:\\\/\\\/marktxxl.de\\\/markt\\\/\",\"logo\":{\"@type\":\"ImageObject\",\"inLanguage\":\"de\",\"@id\":\"https:\\\/\\\/marktxxl.de\\\/markt\\\/#\\\/schema\\\/logo\\\/image\\\/\",\"url\":\"https:\\\/\\\/marktxxl.de\\\/markt\\\/wp-content\\\/uploads\\\/sites\\\/3\\\/2020\\\/12\\\/logo.png\",\"contentUrl\":\"https:\\\/\\\/marktxxl.de\\\/markt\\\/wp-content\\\/uploads\\\/sites\\\/3\\\/2020\\\/12\\\/logo.png\",\"width\":200,\"height\":70,\"caption\":\"Markt-XXL\"},\"image\":{\"@id\":\"https:\\\/\\\/marktxxl.de\\\/markt\\\/#\\\/schema\\\/logo\\\/image\\\/\"}}]}<\/script>\n<!-- \/ Yoast SEO plugin. -->","yoast_head_json":{"title":"HIFAIRY 12AWG 2-Leiter 12\/2 Direct Grabkabel f\u00fcr Niederspannung, Landschaftsbeleuchtung, 265ft - Markt-XXL","description":"Markt-XXL HIFAIRY 12AWG 2-Leiter 12\/2 Direct Grabkabel f\u00fcr Niederspannung, Landschaftsbeleuchtung, 265ft","robots":{"index":"index","follow":"follow","max-snippet":"max-snippet:-1","max-image-preview":"max-image-preview:large","max-video-preview":"max-video-preview:-1"},"canonical":"https:\/\/marktxxl.de\/markt\/produkt\/hifairy-12awg-2-leiter-12-2-direct-grabkabel-fuer-niederspannung-landschaftsbeleuchtung-265ft\/","og_locale":"de_DE","og_type":"article","og_title":"HIFAIRY 12AWG 2-Leiter 12\/2 Direct Grabkabel f\u00fcr Niederspannung, Landschaftsbeleuchtung, 265ft - Markt-XXL","og_description":"Markt-XXL HIFAIRY 12AWG 2-Leiter 12\/2 Direct Grabkabel f\u00fcr Niederspannung, Landschaftsbeleuchtung, 265ft","og_url":"https:\/\/marktxxl.de\/markt\/produkt\/hifairy-12awg-2-leiter-12-2-direct-grabkabel-fuer-niederspannung-landschaftsbeleuchtung-265ft\/","og_site_name":"Markt-XXL","twitter_card":"summary_large_image","twitter_misc":{"Gesch\u00e4tzte Lesezeit":"1\u00a0Minute"},"schema":{"@context":"https:\/\/schema.org","@graph":[{"@type":"WebPage","@id":"https:\/\/marktxxl.de\/markt\/produkt\/hifairy-12awg-2-leiter-12-2-direct-grabkabel-fuer-niederspannung-landschaftsbeleuchtung-265ft\/","url":"https:\/\/marktxxl.de\/markt\/produkt\/hifairy-12awg-2-leiter-12-2-direct-grabkabel-fuer-niederspannung-landschaftsbeleuchtung-265ft\/","name":"HIFAIRY 12AWG 2-Leiter 12\/2 Direct Grabkabel f\u00fcr Niederspannung, Landschaftsbeleuchtung, 265ft - Markt-XXL","isPartOf":{"@id":"https:\/\/marktxxl.de\/markt\/#website"},"primaryImageOfPage":{"@id":"https:\/\/marktxxl.de\/markt\/produkt\/hifairy-12awg-2-leiter-12-2-direct-grabkabel-fuer-niederspannung-landschaftsbeleuchtung-265ft\/#primaryimage"},"image":{"@id":"https:\/\/marktxxl.de\/markt\/produkt\/hifairy-12awg-2-leiter-12-2-direct-grabkabel-fuer-niederspannung-landschaftsbeleuchtung-265ft\/#primaryimage"},"thumbnailUrl":"https:\/\/m.media-amazon.com\/images\/I\/512sc0DnvTL._SL500_.jpg","datePublished":"2023-04-10T09:56:04+00:00","description":"Markt-XXL HIFAIRY 12AWG 2-Leiter 12\/2 Direct Grabkabel f\u00fcr Niederspannung, Landschaftsbeleuchtung, 265ft","breadcrumb":{"@id":"https:\/\/marktxxl.de\/markt\/produkt\/hifairy-12awg-2-leiter-12-2-direct-grabkabel-fuer-niederspannung-landschaftsbeleuchtung-265ft\/#breadcrumb"},"inLanguage":"de","potentialAction":[{"@type":"ReadAction","target":["https:\/\/marktxxl.de\/markt\/produkt\/hifairy-12awg-2-leiter-12-2-direct-grabkabel-fuer-niederspannung-landschaftsbeleuchtung-265ft\/"]}]},{"@type":"ImageObject","inLanguage":"de","@id":"https:\/\/marktxxl.de\/markt\/produkt\/hifairy-12awg-2-leiter-12-2-direct-grabkabel-fuer-niederspannung-landschaftsbeleuchtung-265ft\/#primaryimage","url":"https:\/\/m.media-amazon.com\/images\/I\/512sc0DnvTL._SL500_.jpg","contentUrl":"https:\/\/m.media-amazon.com\/images\/I\/512sc0DnvTL._SL500_.jpg","width":500,"height":500},{"@type":"BreadcrumbList","@id":"https:\/\/marktxxl.de\/markt\/produkt\/hifairy-12awg-2-leiter-12-2-direct-grabkabel-fuer-niederspannung-landschaftsbeleuchtung-265ft\/#breadcrumb","itemListElement":[{"@type":"ListItem","position":1,"name":"Startseite","item":"https:\/\/marktxxl.de\/markt\/"},{"@type":"ListItem","position":2,"name":"Markt","item":"https:\/\/marktxxl.de\/markt\/"},{"@type":"ListItem","position":3,"name":"HIFAIRY 12AWG 2-Leiter 12\/2 Direct Grabkabel f\u00fcr Niederspannung, Landschaftsbeleuchtung, 265ft"}]},{"@type":"WebSite","@id":"https:\/\/marktxxl.de\/markt\/#website","url":"https:\/\/marktxxl.de\/markt\/","name":"Markt-XXL","description":"Ihr Markt Online","publisher":{"@id":"https:\/\/marktxxl.de\/markt\/#organization"},"potentialAction":[{"@type":"SearchAction","target":{"@type":"EntryPoint","urlTemplate":"https:\/\/marktxxl.de\/markt\/?s={search_term_string}"},"query-input":{"@type":"PropertyValueSpecification","valueRequired":true,"valueName":"search_term_string"}}],"inLanguage":"de"},{"@type":"Organization","@id":"https:\/\/marktxxl.de\/markt\/#organization","name":"Markt-XXL","url":"https:\/\/marktxxl.de\/markt\/","logo":{"@type":"ImageObject","inLanguage":"de","@id":"https:\/\/marktxxl.de\/markt\/#\/schema\/logo\/image\/","url":"https:\/\/marktxxl.de\/markt\/wp-content\/uploads\/sites\/3\/2020\/12\/logo.png","contentUrl":"https:\/\/marktxxl.de\/markt\/wp-content\/uploads\/sites\/3\/2020\/12\/logo.png","width":200,"height":70,"caption":"Markt-XXL"},"image":{"@id":"https:\/\/marktxxl.de\/markt\/#\/schema\/logo\/image\/"}}]}},"_links":{"self":[{"href":"https:\/\/marktxxl.de\/markt\/wp-json\/wp\/v2\/product\/201056","targetHints":{"allow":["GET"]}}],"collection":[{"href":"https:\/\/marktxxl.de\/markt\/wp-json\/wp\/v2\/product"}],"about":[{"href":"https:\/\/marktxxl.de\/markt\/wp-json\/wp\/v2\/types\/product"}],"replies":[{"embeddable":true,"href":"https:\/\/marktxxl.de\/markt\/wp-json\/wp\/v2\/comments?post=201056"}],"wp:featuredmedia":[{"embeddable":true,"href":"https:\/\/marktxxl.de\/markt\/wp-json\/wp\/v2\/media\/201057"}],"wp:attachment":[{"href":"https:\/\/marktxxl.de\/markt\/wp-json\/wp\/v2\/media?parent=201056"}],"wp:term":[{"taxonomy":"product_brand","embeddable":true,"href":"https:\/\/marktxxl.de\/markt\/wp-json\/wp\/v2\/product_brand?post=201056"},{"taxonomy":"product_cat","embeddable":true,"href":"https:\/\/marktxxl.de\/markt\/wp-json\/wp\/v2\/product_cat?post=201056"},{"taxonomy":"product_tag","embeddable":true,"href":"https:\/\/marktxxl.de\/markt\/wp-json\/wp\/v2\/product_tag?post=201056"}],"curies":[{"name":"wp","href":"https:\/\/api.w.org\/{rel}","templated":true}]}}