{"id":200926,"date":"2023-04-10T11:17:40","date_gmt":"2023-04-10T09:17:40","guid":{"rendered":"https:\/\/marktxxl.de\/markt\/produkt\/timetex-magnetische-steine-schwarz-metallic-ca-20-mm-im-durchmesser-ca-20-stueck-93276\/"},"modified":"2023-04-10T11:17:40","modified_gmt":"2023-04-10T09:17:40","slug":"timetex-magnetische-steine-schwarz-metallic-ca-20-mm-im-durchmesser-ca-20-stueck-93276","status":"publish","type":"product","link":"https:\/\/marktxxl.de\/markt\/produkt\/timetex-magnetische-steine-schwarz-metallic-ca-20-mm-im-durchmesser-ca-20-stueck-93276\/","title":{"rendered":"TimeTEX Magnetische Steine &#8211; schwarz &#8211; metallic &#8211; ca. 20 mm im Durchmesser &#8211; ca. 20 St\u00fcck &#8211; 93276"},"content":{"rendered":"<p>Damit beeindrucken Sie nicht nur Ihre Sch\u00fcler. Die magnetischen Steine sind sehr zweckm\u00e4\u00dfig im t\u00e4glichen Einsatz. Die Oberfl\u00e4che der magnetischen Steine ist in schwarzer Metalloptik gehalten. Dadurch wirken sie sehr elegant und geheimnisvoll.<br \/>\nDank ihrer extra starken Magnetwirkung haften auch schwerere Objekte an der Stahlemaille-Tafel, Info-Boards und allen Metallfl\u00e4chen sicher und fest. Au\u00dferdem k\u00f6nnen mit den Steinen auch Figuren gestaltet werden &#8211; siehe Bild.<br \/>\nInhalt: ca. 20 Magnete &#8211; schwarz &#8211; metallic<br \/>\nLieferung in praktischer Kunststoff-Box<br \/>\n<div class=\"main-cross-sell\" data-asin=\"B085FTYWJH\">\n\n\t<div class=\"WooZone-cross-sell-loader\">\n\t\t<div>\n\t\t\t<div id=\"floatingBarsG\">\n\t\t\t\t<div class=\"blockG\" id=\"rotateG_01\"><\/div>\n\t\t\t\t<div class=\"blockG\" id=\"rotateG_02\"><\/div>\n\t\t\t\t<div class=\"blockG\" id=\"rotateG_03\"><\/div>\n\t\t\t\t<div class=\"blockG\" id=\"rotateG_04\"><\/div>\n\t\t\t\t<div class=\"blockG\" id=\"rotateG_05\"><\/div>\n\t\t\t\t<div class=\"blockG\" id=\"rotateG_06\"><\/div>\n\t\t\t\t<div class=\"blockG\" id=\"rotateG_07\"><\/div>\n\t\t\t\t<div class=\"blockG\" id=\"rotateG_08\"><\/div>\n\t\t\t<\/div>\n\t\t\t<div class=\"WooZone-cross-sell-loader-text\"><\/div>\n\t\t<\/div>\n\t<\/div>\n\n\t\t\n<\/div>\n<div style=\"clear:both;\"><\/div><\/p>\n","protected":false},"excerpt":{"rendered":"<p>Damit beeindrucken Sie nicht nur Ihre Sch\u00fcler. Die magnetischen Steine sind sehr zweckm\u00e4\u00dfig im t\u00e4glichen Einsatz. Die Oberfl\u00e4che der magnetischen Steine ist in schwarzer Metalloptik gehalten. Dadurch wirken sie sehr elegant und geheimnisvoll.<br \/>\nDank ihrer extra starken Magnetwirkung haften auch schwerere Objekte an der Stahlemaille-Tafel, Info-Boards und allen Metallfl\u00e4chen sicher und fest. Au\u00dferdem k\u00f6nnen mit den Steinen auch Figuren gestaltet werden &#8211; siehe Bild.<br \/>\nInhalt: ca. 20 Magnete &#8211; schwarz &#8211; metallic<\/p>\n","protected":false},"featured_media":200927,"comment_status":"open","ping_status":"closed","template":"","meta":[],"product_brand":[],"product_cat":[504],"product_tag":[],"class_list":{"0":"post-200926","1":"product","2":"type-product","3":"status-publish","4":"has-post-thumbnail","6":"product_cat-buerobedarf-schreibwaren","7":"pa_binding-buerobedarf-schreibwaren","8":"pa_brand-timetex","9":"pa_color-schwarz","10":"pa_manufacturer-timetex","11":"pa_model-timetex-93277","12":"pa_size-durchmesser-20mm","14":"first","15":"instock","16":"shipping-taxable","17":"purchasable","18":"product-type-simple","19":"customify-col","20":"product-has-gallery"},"yoast_head":"<!-- This site is optimized with the Yoast SEO plugin v27.4 - https:\/\/yoast.com\/product\/yoast-seo-wordpress\/ -->\n<title>TimeTEX Magnetische Steine - schwarz - metallic - ca. 20 mm im Durchmesser - ca. 20 St\u00fcck - 93276 - Markt-XXL<\/title>\n<meta name=\"description\" content=\"Markt-XXL TimeTEX Magnetische Steine - schwarz - metallic - ca. 20 mm im Durchmesser - ca. 20 St\u00fcck - 93276\" \/>\n<meta name=\"robots\" content=\"index, follow, max-snippet:-1, max-image-preview:large, max-video-preview:-1\" \/>\n<link rel=\"canonical\" href=\"https:\/\/marktxxl.de\/markt\/produkt\/timetex-magnetische-steine-schwarz-metallic-ca-20-mm-im-durchmesser-ca-20-stueck-93276\/\" \/>\n<meta property=\"og:locale\" content=\"de_DE\" \/>\n<meta property=\"og:type\" content=\"article\" \/>\n<meta property=\"og:title\" content=\"TimeTEX Magnetische Steine - schwarz - metallic - ca. 20 mm im Durchmesser - ca. 20 St\u00fcck - 93276 - Markt-XXL\" \/>\n<meta property=\"og:description\" content=\"Markt-XXL TimeTEX Magnetische Steine - schwarz - metallic - ca. 20 mm im Durchmesser - ca. 20 St\u00fcck - 93276\" \/>\n<meta property=\"og:url\" content=\"https:\/\/marktxxl.de\/markt\/produkt\/timetex-magnetische-steine-schwarz-metallic-ca-20-mm-im-durchmesser-ca-20-stueck-93276\/\" \/>\n<meta property=\"og:site_name\" content=\"Markt-XXL\" \/>\n<meta name=\"twitter:card\" content=\"summary_large_image\" \/>\n<script type=\"application\/ld+json\" class=\"yoast-schema-graph\">{\"@context\":\"https:\\\/\\\/schema.org\",\"@graph\":[{\"@type\":\"WebPage\",\"@id\":\"https:\\\/\\\/marktxxl.de\\\/markt\\\/produkt\\\/timetex-magnetische-steine-schwarz-metallic-ca-20-mm-im-durchmesser-ca-20-stueck-93276\\\/\",\"url\":\"https:\\\/\\\/marktxxl.de\\\/markt\\\/produkt\\\/timetex-magnetische-steine-schwarz-metallic-ca-20-mm-im-durchmesser-ca-20-stueck-93276\\\/\",\"name\":\"TimeTEX Magnetische Steine - schwarz - metallic - ca. 20 mm im Durchmesser - ca. 20 St\u00fcck - 93276 - Markt-XXL\",\"isPartOf\":{\"@id\":\"https:\\\/\\\/marktxxl.de\\\/markt\\\/#website\"},\"primaryImageOfPage\":{\"@id\":\"https:\\\/\\\/marktxxl.de\\\/markt\\\/produkt\\\/timetex-magnetische-steine-schwarz-metallic-ca-20-mm-im-durchmesser-ca-20-stueck-93276\\\/#primaryimage\"},\"image\":{\"@id\":\"https:\\\/\\\/marktxxl.de\\\/markt\\\/produkt\\\/timetex-magnetische-steine-schwarz-metallic-ca-20-mm-im-durchmesser-ca-20-stueck-93276\\\/#primaryimage\"},\"thumbnailUrl\":\"https:\\\/\\\/m.media-amazon.com\\\/images\\\/I\\\/31k-JqbnIoL._SL500_.jpg\",\"datePublished\":\"2023-04-10T09:17:40+00:00\",\"description\":\"Markt-XXL TimeTEX Magnetische Steine - schwarz - metallic - ca. 20 mm im Durchmesser - ca. 20 St\u00fcck - 93276\",\"breadcrumb\":{\"@id\":\"https:\\\/\\\/marktxxl.de\\\/markt\\\/produkt\\\/timetex-magnetische-steine-schwarz-metallic-ca-20-mm-im-durchmesser-ca-20-stueck-93276\\\/#breadcrumb\"},\"inLanguage\":\"de\",\"potentialAction\":[{\"@type\":\"ReadAction\",\"target\":[\"https:\\\/\\\/marktxxl.de\\\/markt\\\/produkt\\\/timetex-magnetische-steine-schwarz-metallic-ca-20-mm-im-durchmesser-ca-20-stueck-93276\\\/\"]}]},{\"@type\":\"ImageObject\",\"inLanguage\":\"de\",\"@id\":\"https:\\\/\\\/marktxxl.de\\\/markt\\\/produkt\\\/timetex-magnetische-steine-schwarz-metallic-ca-20-mm-im-durchmesser-ca-20-stueck-93276\\\/#primaryimage\",\"url\":\"https:\\\/\\\/m.media-amazon.com\\\/images\\\/I\\\/31k-JqbnIoL._SL500_.jpg\",\"contentUrl\":\"https:\\\/\\\/m.media-amazon.com\\\/images\\\/I\\\/31k-JqbnIoL._SL500_.jpg\",\"width\":210,\"height\":448},{\"@type\":\"BreadcrumbList\",\"@id\":\"https:\\\/\\\/marktxxl.de\\\/markt\\\/produkt\\\/timetex-magnetische-steine-schwarz-metallic-ca-20-mm-im-durchmesser-ca-20-stueck-93276\\\/#breadcrumb\",\"itemListElement\":[{\"@type\":\"ListItem\",\"position\":1,\"name\":\"Startseite\",\"item\":\"https:\\\/\\\/marktxxl.de\\\/markt\\\/\"},{\"@type\":\"ListItem\",\"position\":2,\"name\":\"Markt\",\"item\":\"https:\\\/\\\/marktxxl.de\\\/markt\\\/\"},{\"@type\":\"ListItem\",\"position\":3,\"name\":\"TimeTEX Magnetische Steine &#8211; schwarz &#8211; metallic &#8211; ca. 20 mm im Durchmesser &#8211; ca. 20 St\u00fcck &#8211; 93276\"}]},{\"@type\":\"WebSite\",\"@id\":\"https:\\\/\\\/marktxxl.de\\\/markt\\\/#website\",\"url\":\"https:\\\/\\\/marktxxl.de\\\/markt\\\/\",\"name\":\"Markt-XXL\",\"description\":\"Ihr Markt Online\",\"publisher\":{\"@id\":\"https:\\\/\\\/marktxxl.de\\\/markt\\\/#organization\"},\"potentialAction\":[{\"@type\":\"SearchAction\",\"target\":{\"@type\":\"EntryPoint\",\"urlTemplate\":\"https:\\\/\\\/marktxxl.de\\\/markt\\\/?s={search_term_string}\"},\"query-input\":{\"@type\":\"PropertyValueSpecification\",\"valueRequired\":true,\"valueName\":\"search_term_string\"}}],\"inLanguage\":\"de\"},{\"@type\":\"Organization\",\"@id\":\"https:\\\/\\\/marktxxl.de\\\/markt\\\/#organization\",\"name\":\"Markt-XXL\",\"url\":\"https:\\\/\\\/marktxxl.de\\\/markt\\\/\",\"logo\":{\"@type\":\"ImageObject\",\"inLanguage\":\"de\",\"@id\":\"https:\\\/\\\/marktxxl.de\\\/markt\\\/#\\\/schema\\\/logo\\\/image\\\/\",\"url\":\"https:\\\/\\\/marktxxl.de\\\/markt\\\/wp-content\\\/uploads\\\/sites\\\/3\\\/2020\\\/12\\\/logo.png\",\"contentUrl\":\"https:\\\/\\\/marktxxl.de\\\/markt\\\/wp-content\\\/uploads\\\/sites\\\/3\\\/2020\\\/12\\\/logo.png\",\"width\":200,\"height\":70,\"caption\":\"Markt-XXL\"},\"image\":{\"@id\":\"https:\\\/\\\/marktxxl.de\\\/markt\\\/#\\\/schema\\\/logo\\\/image\\\/\"}}]}<\/script>\n<!-- \/ Yoast SEO plugin. -->","yoast_head_json":{"title":"TimeTEX Magnetische Steine - schwarz - metallic - ca. 20 mm im Durchmesser - ca. 20 St\u00fcck - 93276 - Markt-XXL","description":"Markt-XXL TimeTEX Magnetische Steine - schwarz - metallic - ca. 20 mm im Durchmesser - ca. 20 St\u00fcck - 93276","robots":{"index":"index","follow":"follow","max-snippet":"max-snippet:-1","max-image-preview":"max-image-preview:large","max-video-preview":"max-video-preview:-1"},"canonical":"https:\/\/marktxxl.de\/markt\/produkt\/timetex-magnetische-steine-schwarz-metallic-ca-20-mm-im-durchmesser-ca-20-stueck-93276\/","og_locale":"de_DE","og_type":"article","og_title":"TimeTEX Magnetische Steine - schwarz - metallic - ca. 20 mm im Durchmesser - ca. 20 St\u00fcck - 93276 - Markt-XXL","og_description":"Markt-XXL TimeTEX Magnetische Steine - schwarz - metallic - ca. 20 mm im Durchmesser - ca. 20 St\u00fcck - 93276","og_url":"https:\/\/marktxxl.de\/markt\/produkt\/timetex-magnetische-steine-schwarz-metallic-ca-20-mm-im-durchmesser-ca-20-stueck-93276\/","og_site_name":"Markt-XXL","twitter_card":"summary_large_image","schema":{"@context":"https:\/\/schema.org","@graph":[{"@type":"WebPage","@id":"https:\/\/marktxxl.de\/markt\/produkt\/timetex-magnetische-steine-schwarz-metallic-ca-20-mm-im-durchmesser-ca-20-stueck-93276\/","url":"https:\/\/marktxxl.de\/markt\/produkt\/timetex-magnetische-steine-schwarz-metallic-ca-20-mm-im-durchmesser-ca-20-stueck-93276\/","name":"TimeTEX Magnetische Steine - schwarz - metallic - ca. 20 mm im Durchmesser - ca. 20 St\u00fcck - 93276 - Markt-XXL","isPartOf":{"@id":"https:\/\/marktxxl.de\/markt\/#website"},"primaryImageOfPage":{"@id":"https:\/\/marktxxl.de\/markt\/produkt\/timetex-magnetische-steine-schwarz-metallic-ca-20-mm-im-durchmesser-ca-20-stueck-93276\/#primaryimage"},"image":{"@id":"https:\/\/marktxxl.de\/markt\/produkt\/timetex-magnetische-steine-schwarz-metallic-ca-20-mm-im-durchmesser-ca-20-stueck-93276\/#primaryimage"},"thumbnailUrl":"https:\/\/m.media-amazon.com\/images\/I\/31k-JqbnIoL._SL500_.jpg","datePublished":"2023-04-10T09:17:40+00:00","description":"Markt-XXL TimeTEX Magnetische Steine - schwarz - metallic - ca. 20 mm im Durchmesser - ca. 20 St\u00fcck - 93276","breadcrumb":{"@id":"https:\/\/marktxxl.de\/markt\/produkt\/timetex-magnetische-steine-schwarz-metallic-ca-20-mm-im-durchmesser-ca-20-stueck-93276\/#breadcrumb"},"inLanguage":"de","potentialAction":[{"@type":"ReadAction","target":["https:\/\/marktxxl.de\/markt\/produkt\/timetex-magnetische-steine-schwarz-metallic-ca-20-mm-im-durchmesser-ca-20-stueck-93276\/"]}]},{"@type":"ImageObject","inLanguage":"de","@id":"https:\/\/marktxxl.de\/markt\/produkt\/timetex-magnetische-steine-schwarz-metallic-ca-20-mm-im-durchmesser-ca-20-stueck-93276\/#primaryimage","url":"https:\/\/m.media-amazon.com\/images\/I\/31k-JqbnIoL._SL500_.jpg","contentUrl":"https:\/\/m.media-amazon.com\/images\/I\/31k-JqbnIoL._SL500_.jpg","width":210,"height":448},{"@type":"BreadcrumbList","@id":"https:\/\/marktxxl.de\/markt\/produkt\/timetex-magnetische-steine-schwarz-metallic-ca-20-mm-im-durchmesser-ca-20-stueck-93276\/#breadcrumb","itemListElement":[{"@type":"ListItem","position":1,"name":"Startseite","item":"https:\/\/marktxxl.de\/markt\/"},{"@type":"ListItem","position":2,"name":"Markt","item":"https:\/\/marktxxl.de\/markt\/"},{"@type":"ListItem","position":3,"name":"TimeTEX Magnetische Steine &#8211; schwarz &#8211; metallic &#8211; ca. 20 mm im Durchmesser &#8211; ca. 20 St\u00fcck &#8211; 93276"}]},{"@type":"WebSite","@id":"https:\/\/marktxxl.de\/markt\/#website","url":"https:\/\/marktxxl.de\/markt\/","name":"Markt-XXL","description":"Ihr Markt Online","publisher":{"@id":"https:\/\/marktxxl.de\/markt\/#organization"},"potentialAction":[{"@type":"SearchAction","target":{"@type":"EntryPoint","urlTemplate":"https:\/\/marktxxl.de\/markt\/?s={search_term_string}"},"query-input":{"@type":"PropertyValueSpecification","valueRequired":true,"valueName":"search_term_string"}}],"inLanguage":"de"},{"@type":"Organization","@id":"https:\/\/marktxxl.de\/markt\/#organization","name":"Markt-XXL","url":"https:\/\/marktxxl.de\/markt\/","logo":{"@type":"ImageObject","inLanguage":"de","@id":"https:\/\/marktxxl.de\/markt\/#\/schema\/logo\/image\/","url":"https:\/\/marktxxl.de\/markt\/wp-content\/uploads\/sites\/3\/2020\/12\/logo.png","contentUrl":"https:\/\/marktxxl.de\/markt\/wp-content\/uploads\/sites\/3\/2020\/12\/logo.png","width":200,"height":70,"caption":"Markt-XXL"},"image":{"@id":"https:\/\/marktxxl.de\/markt\/#\/schema\/logo\/image\/"}}]}},"_links":{"self":[{"href":"https:\/\/marktxxl.de\/markt\/wp-json\/wp\/v2\/product\/200926","targetHints":{"allow":["GET"]}}],"collection":[{"href":"https:\/\/marktxxl.de\/markt\/wp-json\/wp\/v2\/product"}],"about":[{"href":"https:\/\/marktxxl.de\/markt\/wp-json\/wp\/v2\/types\/product"}],"replies":[{"embeddable":true,"href":"https:\/\/marktxxl.de\/markt\/wp-json\/wp\/v2\/comments?post=200926"}],"wp:featuredmedia":[{"embeddable":true,"href":"https:\/\/marktxxl.de\/markt\/wp-json\/wp\/v2\/media\/200927"}],"wp:attachment":[{"href":"https:\/\/marktxxl.de\/markt\/wp-json\/wp\/v2\/media?parent=200926"}],"wp:term":[{"taxonomy":"product_brand","embeddable":true,"href":"https:\/\/marktxxl.de\/markt\/wp-json\/wp\/v2\/product_brand?post=200926"},{"taxonomy":"product_cat","embeddable":true,"href":"https:\/\/marktxxl.de\/markt\/wp-json\/wp\/v2\/product_cat?post=200926"},{"taxonomy":"product_tag","embeddable":true,"href":"https:\/\/marktxxl.de\/markt\/wp-json\/wp\/v2\/product_tag?post=200926"}],"curies":[{"name":"wp","href":"https:\/\/api.w.org\/{rel}","templated":true}]}}