{"id":200773,"date":"2023-04-10T11:08:18","date_gmt":"2023-04-10T09:08:18","guid":{"rendered":"https:\/\/marktxxl.de\/markt\/produkt\/neonail-starter-set-adorable-pink-rot-beige\/"},"modified":"2023-04-10T11:08:18","modified_gmt":"2023-04-10T09:08:18","slug":"neonail-starter-set-adorable-pink-rot-beige","status":"publish","type":"product","link":"https:\/\/marktxxl.de\/markt\/produkt\/neonail-starter-set-adorable-pink-rot-beige\/","title":{"rendered":"NEONAIL Starter Set ADORABLE Pink, Rot, Beige"},"content":{"rendered":"<p>Du hast bereits ein Basic UV Nagellack Set, aber deine Produkte sind aufgebraucht oder du m\u00f6chtest deine LED-Lampe durch ein leistungsf\u00e4higeres Modell ersetzen? Oder m\u00f6chtest du das Styling direkt mit einem umfangreichen Starter Set erlernen, das dir zahlreiche M\u00f6glichkeiten bietet? Genau diese W\u00fcnsche erf\u00fcllt das STARTER SET ADORABLE!<br \/>\nInhalt: LED Lampe ECO 21W\/48 | 5x UV Nagellack 3 ml: Thistle , Silver Grey, Silky Nude, Rosy Memory, Forever Calm | Hard Base 7,2 ml | Hard Top 7,2 ml | Nail Cleaner 50 ml | Nagelfeile Trapez grau 100\/180 | Zelletten 12- Lagig, 250 Stk | UV Gel Polish Remover &#8211; Aceton 50ml | Poilerfeile 100\/180 | Geschenkbox<br \/>\n<div class=\"main-cross-sell\" data-asin=\"B092QNY8V6\">\n\n\t<div class=\"WooZone-cross-sell-loader\">\n\t\t<div>\n\t\t\t<div id=\"floatingBarsG\">\n\t\t\t\t<div class=\"blockG\" id=\"rotateG_01\"><\/div>\n\t\t\t\t<div class=\"blockG\" id=\"rotateG_02\"><\/div>\n\t\t\t\t<div class=\"blockG\" id=\"rotateG_03\"><\/div>\n\t\t\t\t<div class=\"blockG\" id=\"rotateG_04\"><\/div>\n\t\t\t\t<div class=\"blockG\" id=\"rotateG_05\"><\/div>\n\t\t\t\t<div class=\"blockG\" id=\"rotateG_06\"><\/div>\n\t\t\t\t<div class=\"blockG\" id=\"rotateG_07\"><\/div>\n\t\t\t\t<div class=\"blockG\" id=\"rotateG_08\"><\/div>\n\t\t\t<\/div>\n\t\t\t<div class=\"WooZone-cross-sell-loader-text\"><\/div>\n\t\t<\/div>\n\t<\/div>\n\n\t\t\n<\/div>\n<div style=\"clear:both;\"><\/div><\/p>\n","protected":false},"excerpt":{"rendered":"<p>Du hast bereits ein Basic UV Nagellack Set, aber deine Produkte sind aufgebraucht oder du m\u00f6chtest deine LED-Lampe durch ein leistungsf\u00e4higeres Modell ersetzen? Oder m\u00f6chtest du das Styling direkt mit einem umfangreichen Starter Set erlernen, das dir zahlreiche M\u00f6glichkeiten bietet? Genau diese W\u00fcnsche erf\u00fcllt das STARTER SET ADORABLE!<br \/>\nInhalt: LED Lampe ECO 21W\/48 | 5x UV Nagellack 3 ml: Thistle , Silver Grey, Silky Nude, Rosy Memory, Forever Calm | Hard Base 7,2 ml | Hard Top 7,2 ml | Nail Cleaner 50 ml | Nagelfeile Trapez grau 100\/180 | Zelletten 12- Lagig, 250 Stk | UV Gel Polish Remover &#8211; Aceton 50ml | Poilerfeile 100\/180 | Geschenkbox<\/p>\n","protected":false},"featured_media":200774,"comment_status":"open","ping_status":"closed","template":"","meta":[],"product_brand":[],"product_cat":[2858,7659],"product_tag":[],"class_list":{"0":"post-200773","1":"product","2":"type-product","3":"status-publish","4":"has-post-thumbnail","6":"product_cat-beauty","7":"product_cat-manikuere-pedikuere","8":"pa_binding-misc","9":"pa_brand-neonail","10":"pa_manufacturer-neonail","11":"pa_size-262-teiliges-set","13":"first","14":"instock","15":"shipping-taxable","16":"purchasable","17":"product-type-simple","18":"customify-col","19":"product-has-gallery"},"yoast_head":"<!-- This site is optimized with the Yoast SEO plugin v27.3 - https:\/\/yoast.com\/product\/yoast-seo-wordpress\/ -->\n<title>NEONAIL Starter Set ADORABLE Pink, Rot, Beige - Markt-XXL<\/title>\n<meta name=\"description\" content=\"Markt-XXL NEONAIL Starter Set ADORABLE Pink, Rot, Beige\" \/>\n<meta name=\"robots\" content=\"index, follow, max-snippet:-1, max-image-preview:large, max-video-preview:-1\" \/>\n<link rel=\"canonical\" href=\"https:\/\/marktxxl.de\/markt\/produkt\/neonail-starter-set-adorable-pink-rot-beige\/\" \/>\n<meta property=\"og:locale\" content=\"de_DE\" \/>\n<meta property=\"og:type\" content=\"article\" \/>\n<meta property=\"og:title\" content=\"NEONAIL Starter Set ADORABLE Pink, Rot, Beige - Markt-XXL\" \/>\n<meta property=\"og:description\" content=\"Markt-XXL NEONAIL Starter Set ADORABLE Pink, Rot, Beige\" \/>\n<meta property=\"og:url\" content=\"https:\/\/marktxxl.de\/markt\/produkt\/neonail-starter-set-adorable-pink-rot-beige\/\" \/>\n<meta property=\"og:site_name\" content=\"Markt-XXL\" \/>\n<meta name=\"twitter:card\" content=\"summary_large_image\" \/>\n<meta name=\"twitter:label1\" content=\"Gesch\u00e4tzte Lesezeit\" \/>\n\t<meta name=\"twitter:data1\" content=\"1\u00a0Minute\" \/>\n<script type=\"application\/ld+json\" class=\"yoast-schema-graph\">{\"@context\":\"https:\\\/\\\/schema.org\",\"@graph\":[{\"@type\":\"WebPage\",\"@id\":\"https:\\\/\\\/marktxxl.de\\\/markt\\\/produkt\\\/neonail-starter-set-adorable-pink-rot-beige\\\/\",\"url\":\"https:\\\/\\\/marktxxl.de\\\/markt\\\/produkt\\\/neonail-starter-set-adorable-pink-rot-beige\\\/\",\"name\":\"NEONAIL Starter Set ADORABLE Pink, Rot, Beige - Markt-XXL\",\"isPartOf\":{\"@id\":\"https:\\\/\\\/marktxxl.de\\\/markt\\\/#website\"},\"primaryImageOfPage\":{\"@id\":\"https:\\\/\\\/marktxxl.de\\\/markt\\\/produkt\\\/neonail-starter-set-adorable-pink-rot-beige\\\/#primaryimage\"},\"image\":{\"@id\":\"https:\\\/\\\/marktxxl.de\\\/markt\\\/produkt\\\/neonail-starter-set-adorable-pink-rot-beige\\\/#primaryimage\"},\"thumbnailUrl\":\"https:\\\/\\\/m.media-amazon.com\\\/images\\\/I\\\/51JpNI8x3tS._SL500_.jpg\",\"datePublished\":\"2023-04-10T09:08:18+00:00\",\"description\":\"Markt-XXL NEONAIL Starter Set ADORABLE Pink, Rot, Beige\",\"breadcrumb\":{\"@id\":\"https:\\\/\\\/marktxxl.de\\\/markt\\\/produkt\\\/neonail-starter-set-adorable-pink-rot-beige\\\/#breadcrumb\"},\"inLanguage\":\"de\",\"potentialAction\":[{\"@type\":\"ReadAction\",\"target\":[\"https:\\\/\\\/marktxxl.de\\\/markt\\\/produkt\\\/neonail-starter-set-adorable-pink-rot-beige\\\/\"]}]},{\"@type\":\"ImageObject\",\"inLanguage\":\"de\",\"@id\":\"https:\\\/\\\/marktxxl.de\\\/markt\\\/produkt\\\/neonail-starter-set-adorable-pink-rot-beige\\\/#primaryimage\",\"url\":\"https:\\\/\\\/m.media-amazon.com\\\/images\\\/I\\\/51JpNI8x3tS._SL500_.jpg\",\"contentUrl\":\"https:\\\/\\\/m.media-amazon.com\\\/images\\\/I\\\/51JpNI8x3tS._SL500_.jpg\",\"width\":500,\"height\":500},{\"@type\":\"BreadcrumbList\",\"@id\":\"https:\\\/\\\/marktxxl.de\\\/markt\\\/produkt\\\/neonail-starter-set-adorable-pink-rot-beige\\\/#breadcrumb\",\"itemListElement\":[{\"@type\":\"ListItem\",\"position\":1,\"name\":\"Startseite\",\"item\":\"https:\\\/\\\/marktxxl.de\\\/markt\\\/\"},{\"@type\":\"ListItem\",\"position\":2,\"name\":\"Markt\",\"item\":\"https:\\\/\\\/marktxxl.de\\\/markt\\\/\"},{\"@type\":\"ListItem\",\"position\":3,\"name\":\"NEONAIL Starter Set ADORABLE Pink, Rot, Beige\"}]},{\"@type\":\"WebSite\",\"@id\":\"https:\\\/\\\/marktxxl.de\\\/markt\\\/#website\",\"url\":\"https:\\\/\\\/marktxxl.de\\\/markt\\\/\",\"name\":\"Markt-XXL\",\"description\":\"Ihr Markt Online\",\"publisher\":{\"@id\":\"https:\\\/\\\/marktxxl.de\\\/markt\\\/#organization\"},\"potentialAction\":[{\"@type\":\"SearchAction\",\"target\":{\"@type\":\"EntryPoint\",\"urlTemplate\":\"https:\\\/\\\/marktxxl.de\\\/markt\\\/?s={search_term_string}\"},\"query-input\":{\"@type\":\"PropertyValueSpecification\",\"valueRequired\":true,\"valueName\":\"search_term_string\"}}],\"inLanguage\":\"de\"},{\"@type\":\"Organization\",\"@id\":\"https:\\\/\\\/marktxxl.de\\\/markt\\\/#organization\",\"name\":\"Markt-XXL\",\"url\":\"https:\\\/\\\/marktxxl.de\\\/markt\\\/\",\"logo\":{\"@type\":\"ImageObject\",\"inLanguage\":\"de\",\"@id\":\"https:\\\/\\\/marktxxl.de\\\/markt\\\/#\\\/schema\\\/logo\\\/image\\\/\",\"url\":\"https:\\\/\\\/marktxxl.de\\\/markt\\\/wp-content\\\/uploads\\\/sites\\\/3\\\/2020\\\/12\\\/logo.png\",\"contentUrl\":\"https:\\\/\\\/marktxxl.de\\\/markt\\\/wp-content\\\/uploads\\\/sites\\\/3\\\/2020\\\/12\\\/logo.png\",\"width\":200,\"height\":70,\"caption\":\"Markt-XXL\"},\"image\":{\"@id\":\"https:\\\/\\\/marktxxl.de\\\/markt\\\/#\\\/schema\\\/logo\\\/image\\\/\"}}]}<\/script>\n<!-- \/ Yoast SEO plugin. -->","yoast_head_json":{"title":"NEONAIL Starter Set ADORABLE Pink, Rot, Beige - Markt-XXL","description":"Markt-XXL NEONAIL Starter Set ADORABLE Pink, Rot, Beige","robots":{"index":"index","follow":"follow","max-snippet":"max-snippet:-1","max-image-preview":"max-image-preview:large","max-video-preview":"max-video-preview:-1"},"canonical":"https:\/\/marktxxl.de\/markt\/produkt\/neonail-starter-set-adorable-pink-rot-beige\/","og_locale":"de_DE","og_type":"article","og_title":"NEONAIL Starter Set ADORABLE Pink, Rot, Beige - Markt-XXL","og_description":"Markt-XXL NEONAIL Starter Set ADORABLE Pink, Rot, Beige","og_url":"https:\/\/marktxxl.de\/markt\/produkt\/neonail-starter-set-adorable-pink-rot-beige\/","og_site_name":"Markt-XXL","twitter_card":"summary_large_image","twitter_misc":{"Gesch\u00e4tzte Lesezeit":"1\u00a0Minute"},"schema":{"@context":"https:\/\/schema.org","@graph":[{"@type":"WebPage","@id":"https:\/\/marktxxl.de\/markt\/produkt\/neonail-starter-set-adorable-pink-rot-beige\/","url":"https:\/\/marktxxl.de\/markt\/produkt\/neonail-starter-set-adorable-pink-rot-beige\/","name":"NEONAIL Starter Set ADORABLE Pink, Rot, Beige - Markt-XXL","isPartOf":{"@id":"https:\/\/marktxxl.de\/markt\/#website"},"primaryImageOfPage":{"@id":"https:\/\/marktxxl.de\/markt\/produkt\/neonail-starter-set-adorable-pink-rot-beige\/#primaryimage"},"image":{"@id":"https:\/\/marktxxl.de\/markt\/produkt\/neonail-starter-set-adorable-pink-rot-beige\/#primaryimage"},"thumbnailUrl":"https:\/\/m.media-amazon.com\/images\/I\/51JpNI8x3tS._SL500_.jpg","datePublished":"2023-04-10T09:08:18+00:00","description":"Markt-XXL NEONAIL Starter Set ADORABLE Pink, Rot, Beige","breadcrumb":{"@id":"https:\/\/marktxxl.de\/markt\/produkt\/neonail-starter-set-adorable-pink-rot-beige\/#breadcrumb"},"inLanguage":"de","potentialAction":[{"@type":"ReadAction","target":["https:\/\/marktxxl.de\/markt\/produkt\/neonail-starter-set-adorable-pink-rot-beige\/"]}]},{"@type":"ImageObject","inLanguage":"de","@id":"https:\/\/marktxxl.de\/markt\/produkt\/neonail-starter-set-adorable-pink-rot-beige\/#primaryimage","url":"https:\/\/m.media-amazon.com\/images\/I\/51JpNI8x3tS._SL500_.jpg","contentUrl":"https:\/\/m.media-amazon.com\/images\/I\/51JpNI8x3tS._SL500_.jpg","width":500,"height":500},{"@type":"BreadcrumbList","@id":"https:\/\/marktxxl.de\/markt\/produkt\/neonail-starter-set-adorable-pink-rot-beige\/#breadcrumb","itemListElement":[{"@type":"ListItem","position":1,"name":"Startseite","item":"https:\/\/marktxxl.de\/markt\/"},{"@type":"ListItem","position":2,"name":"Markt","item":"https:\/\/marktxxl.de\/markt\/"},{"@type":"ListItem","position":3,"name":"NEONAIL Starter Set ADORABLE Pink, Rot, Beige"}]},{"@type":"WebSite","@id":"https:\/\/marktxxl.de\/markt\/#website","url":"https:\/\/marktxxl.de\/markt\/","name":"Markt-XXL","description":"Ihr Markt Online","publisher":{"@id":"https:\/\/marktxxl.de\/markt\/#organization"},"potentialAction":[{"@type":"SearchAction","target":{"@type":"EntryPoint","urlTemplate":"https:\/\/marktxxl.de\/markt\/?s={search_term_string}"},"query-input":{"@type":"PropertyValueSpecification","valueRequired":true,"valueName":"search_term_string"}}],"inLanguage":"de"},{"@type":"Organization","@id":"https:\/\/marktxxl.de\/markt\/#organization","name":"Markt-XXL","url":"https:\/\/marktxxl.de\/markt\/","logo":{"@type":"ImageObject","inLanguage":"de","@id":"https:\/\/marktxxl.de\/markt\/#\/schema\/logo\/image\/","url":"https:\/\/marktxxl.de\/markt\/wp-content\/uploads\/sites\/3\/2020\/12\/logo.png","contentUrl":"https:\/\/marktxxl.de\/markt\/wp-content\/uploads\/sites\/3\/2020\/12\/logo.png","width":200,"height":70,"caption":"Markt-XXL"},"image":{"@id":"https:\/\/marktxxl.de\/markt\/#\/schema\/logo\/image\/"}}]}},"_links":{"self":[{"href":"https:\/\/marktxxl.de\/markt\/wp-json\/wp\/v2\/product\/200773","targetHints":{"allow":["GET"]}}],"collection":[{"href":"https:\/\/marktxxl.de\/markt\/wp-json\/wp\/v2\/product"}],"about":[{"href":"https:\/\/marktxxl.de\/markt\/wp-json\/wp\/v2\/types\/product"}],"replies":[{"embeddable":true,"href":"https:\/\/marktxxl.de\/markt\/wp-json\/wp\/v2\/comments?post=200773"}],"wp:featuredmedia":[{"embeddable":true,"href":"https:\/\/marktxxl.de\/markt\/wp-json\/wp\/v2\/media\/200774"}],"wp:attachment":[{"href":"https:\/\/marktxxl.de\/markt\/wp-json\/wp\/v2\/media?parent=200773"}],"wp:term":[{"taxonomy":"product_brand","embeddable":true,"href":"https:\/\/marktxxl.de\/markt\/wp-json\/wp\/v2\/product_brand?post=200773"},{"taxonomy":"product_cat","embeddable":true,"href":"https:\/\/marktxxl.de\/markt\/wp-json\/wp\/v2\/product_cat?post=200773"},{"taxonomy":"product_tag","embeddable":true,"href":"https:\/\/marktxxl.de\/markt\/wp-json\/wp\/v2\/product_tag?post=200773"}],"curies":[{"name":"wp","href":"https:\/\/api.w.org\/{rel}","templated":true}]}}