{"id":200758,"date":"2023-04-10T11:07:51","date_gmt":"2023-04-10T09:07:51","guid":{"rendered":"https:\/\/marktxxl.de\/markt\/produkt\/2-pcs-magic-nagellackentferner-fuer-gelnaegel-gelnaegel-shellac-entferner-gel-nail-polish-remover-fuer-nail-art-der-das-infiltrierende-geloel-einfach-und-schnell-entfernt-schadet-dem-nagel-nicht\/"},"modified":"2023-04-10T11:07:51","modified_gmt":"2023-04-10T09:07:51","slug":"2-pcs-magic-nagellackentferner-fuer-gelnaegel-gelnaegel-shellac-entferner-gel-nail-polish-remover-fuer-nail-art-der-das-infiltrierende-geloel-einfach-und-schnell-entfernt-schadet-dem-nagel-nicht","status":"publish","type":"product","link":"https:\/\/marktxxl.de\/markt\/produkt\/2-pcs-magic-nagellackentferner-fuer-gelnaegel-gelnaegel-shellac-entferner-gel-nail-polish-remover-fuer-nail-art-der-das-infiltrierende-geloel-einfach-und-schnell-entfernt-schadet-dem-nagel-nicht\/","title":{"rendered":"2 PCS Magic Nagellackentferner F\u00fcr Geln\u00e4gel, Geln\u00e4gel Shellac Entferner, Gel Nail Polish Remover F\u00fcr Nail Art, Der Das Infiltrierende Gel\u00f6l Einfach Und Schnell Entfernt, Schadet Dem Nagel Nicht"},"content":{"rendered":"<p>Bester Gel-Nagellackentferner: Ein revolution\u00e4res Produkt, das Gel-Politur leicht von den N\u00e4geln entfernen kann. F\u00fcgen Sie einfach den magischen platzenden Nagellackentferner auf Ihre N\u00e4gel und warten Sie, bis das Gel zum Polieren entfernt ist. So sparen Sie die Notwendigkeit, Ihre N\u00e4gel und Folie ohne umst\u00e4ndliche Schritte zu polieren.<br \/>\nGeeignet f\u00fcr eine Vielzahl von N\u00e4geln: Dies ist ein magischer Nagellackentferner f\u00fcr UV-Kunststoffn\u00e4gel, Acryln\u00e4gel, nat\u00fcrliche N\u00e4gel usw. Um eine gl\u00e4nzende Nageloberfl\u00e4che zu schaffen, m\u00fcssen Sie nicht mehr in einen professionellen Nagelstudio gehen, um es abzuschlie\u00dfen. Entfernen Sie hartn\u00e4ckigen Nagellack in 3\u20135 Minuten, schnell und einfach.<br \/>\nSchnell und einfach: B\u00fcrsten Sie einfach Ihren magischen Nagellackreiniger auf Ihre N\u00e4gel und warten Sie 3-5 Minuten. Sie werden feststellen, dass der Nagellack abgezogen wird und der Nagellack auf nat\u00fcrliche Weise rei\u00dft. Danach sanft mit einem Papiertuch abwischen, um den Nagellack leicht zu entfernen. Es kann effektiv und schnell Nagelkleber entfernen und wertvolle Zeit sparen.<br \/>\nBequem zu tragen und guter Preis: Professioneller Nagellackentferner \u2013 nicht reizend, und so klein, dass er sehr bequem zu tragen ist.<br \/>\nHinweis: UV-Nagel, Verl\u00e4ngerungsnagel wird empfohlen, zuerst die Versiegelungsschicht zu entfernen, die Zeit zum Entladen des Nagels muss auch l\u00e4nger sein, die Nagelspitzen m\u00fcssen durch Nagellackentferner entfernt werden.<br \/>\n<div class=\"main-cross-sell\" data-asin=\"B0B2V7K4YX\">\n\n\t<div class=\"WooZone-cross-sell-loader\">\n\t\t<div>\n\t\t\t<div id=\"floatingBarsG\">\n\t\t\t\t<div class=\"blockG\" id=\"rotateG_01\"><\/div>\n\t\t\t\t<div class=\"blockG\" id=\"rotateG_02\"><\/div>\n\t\t\t\t<div class=\"blockG\" id=\"rotateG_03\"><\/div>\n\t\t\t\t<div class=\"blockG\" id=\"rotateG_04\"><\/div>\n\t\t\t\t<div class=\"blockG\" id=\"rotateG_05\"><\/div>\n\t\t\t\t<div class=\"blockG\" id=\"rotateG_06\"><\/div>\n\t\t\t\t<div class=\"blockG\" id=\"rotateG_07\"><\/div>\n\t\t\t\t<div class=\"blockG\" id=\"rotateG_08\"><\/div>\n\t\t\t<\/div>\n\t\t\t<div class=\"WooZone-cross-sell-loader-text\"><\/div>\n\t\t<\/div>\n\t<\/div>\n\n\t\t\n<\/div>\n<div style=\"clear:both;\"><\/div><\/p>\n","protected":false},"excerpt":{"rendered":"<p>Bester Gel-Nagellackentferner: Ein revolution\u00e4res Produkt, das Gel-Politur leicht von den N\u00e4geln entfernen kann. F\u00fcgen Sie einfach den magischen platzenden Nagellackentferner auf Ihre N\u00e4gel und warten Sie, bis das Gel zum Polieren entfernt ist. So sparen Sie die Notwendigkeit, Ihre N\u00e4gel und Folie ohne umst\u00e4ndliche Schritte zu polieren.<br \/>\nGeeignet f\u00fcr eine Vielzahl von N\u00e4geln: Dies ist ein magischer Nagellackentferner f\u00fcr UV-Kunststoffn\u00e4gel, Acryln\u00e4gel, nat\u00fcrliche N\u00e4gel usw. Um eine gl\u00e4nzende Nageloberfl\u00e4che zu schaffen, m\u00fcssen Sie nicht mehr in einen professionellen Nagelstudio gehen, um es abzuschlie\u00dfen. Entfernen Sie hartn\u00e4ckigen Nagellack in 3\u20135 Minuten, schnell und einfach.<br \/>\nSchnell und einfach: B\u00fcrsten Sie einfach Ihren magischen Nagellackreiniger auf Ihre N\u00e4gel und warten Sie 3-5 Minuten. Sie werden feststellen, dass der Nagellack abgezogen wird und der Nagellack auf nat\u00fcrliche Weise rei\u00dft. Danach sanft mit einem Papiertuch abwischen, um den Nagellack leicht zu entfernen. Es kann effektiv und schnell Nagelkleber entfernen und wertvolle Zeit sparen.<\/p>\n","protected":false},"featured_media":200759,"comment_status":"open","ping_status":"closed","template":"","meta":[],"product_brand":[],"product_cat":[2858,7659],"product_tag":[],"class_list":{"0":"post-200758","1":"product","2":"type-product","3":"status-publish","4":"has-post-thumbnail","6":"product_cat-beauty","7":"product_cat-manikuere-pedikuere","8":"pa_brand-bieyoc","9":"pa_color-gruen","10":"pa_manufacturer-bieyoc","11":"pa_size-15-ml-2er-pack","12":"pa_weight-0-0325-pfund","14":"first","15":"instock","16":"shipping-taxable","17":"purchasable","18":"product-type-simple","19":"customify-col","20":"product-has-gallery"},"yoast_head":"<!-- This site is optimized with the Yoast SEO plugin v27.4 - https:\/\/yoast.com\/product\/yoast-seo-wordpress\/ -->\n<title>2 PCS Magic Nagellackentferner F\u00fcr Geln\u00e4gel, Geln\u00e4gel Shellac Entferner, Gel Nail Polish Remover F\u00fcr Nail Art, Der Das Infiltrierende Gel\u00f6l Einfach Und Schnell Entfernt, Schadet Dem Nagel Nicht - Markt-XXL<\/title>\n<meta name=\"description\" content=\"Markt-XXL 2 PCS Magic Nagellackentferner F\u00fcr Geln\u00e4gel, Geln\u00e4gel Shellac Entferner, Gel Nail Polish Remover F\u00fcr Nail Art, Der Das Infiltrierende Gel\u00f6l Einfach Und Schnell Entfernt, Schadet Dem Nagel Nicht\" \/>\n<meta name=\"robots\" content=\"index, follow, max-snippet:-1, max-image-preview:large, max-video-preview:-1\" \/>\n<link rel=\"canonical\" href=\"https:\/\/marktxxl.de\/markt\/produkt\/2-pcs-magic-nagellackentferner-fuer-gelnaegel-gelnaegel-shellac-entferner-gel-nail-polish-remover-fuer-nail-art-der-das-infiltrierende-geloel-einfach-und-schnell-entfernt-schadet-dem-nagel-nicht\/\" \/>\n<meta property=\"og:locale\" content=\"de_DE\" \/>\n<meta property=\"og:type\" content=\"article\" \/>\n<meta property=\"og:title\" content=\"2 PCS Magic Nagellackentferner F\u00fcr Geln\u00e4gel, Geln\u00e4gel Shellac Entferner, Gel Nail Polish Remover F\u00fcr Nail Art, Der Das Infiltrierende Gel\u00f6l Einfach Und Schnell Entfernt, Schadet Dem Nagel Nicht - Markt-XXL\" \/>\n<meta property=\"og:description\" content=\"Markt-XXL 2 PCS Magic Nagellackentferner F\u00fcr Geln\u00e4gel, Geln\u00e4gel Shellac Entferner, Gel Nail Polish Remover F\u00fcr Nail Art, Der Das Infiltrierende Gel\u00f6l Einfach Und Schnell Entfernt, Schadet Dem Nagel Nicht\" \/>\n<meta property=\"og:url\" content=\"https:\/\/marktxxl.de\/markt\/produkt\/2-pcs-magic-nagellackentferner-fuer-gelnaegel-gelnaegel-shellac-entferner-gel-nail-polish-remover-fuer-nail-art-der-das-infiltrierende-geloel-einfach-und-schnell-entfernt-schadet-dem-nagel-nicht\/\" \/>\n<meta property=\"og:site_name\" content=\"Markt-XXL\" \/>\n<meta name=\"twitter:card\" content=\"summary_large_image\" \/>\n<meta name=\"twitter:label1\" content=\"Gesch\u00e4tzte Lesezeit\" \/>\n\t<meta name=\"twitter:data1\" content=\"1\u00a0Minute\" \/>\n<script type=\"application\/ld+json\" class=\"yoast-schema-graph\">{\"@context\":\"https:\\\/\\\/schema.org\",\"@graph\":[{\"@type\":\"WebPage\",\"@id\":\"https:\\\/\\\/marktxxl.de\\\/markt\\\/produkt\\\/2-pcs-magic-nagellackentferner-fuer-gelnaegel-gelnaegel-shellac-entferner-gel-nail-polish-remover-fuer-nail-art-der-das-infiltrierende-geloel-einfach-und-schnell-entfernt-schadet-dem-nagel-nicht\\\/\",\"url\":\"https:\\\/\\\/marktxxl.de\\\/markt\\\/produkt\\\/2-pcs-magic-nagellackentferner-fuer-gelnaegel-gelnaegel-shellac-entferner-gel-nail-polish-remover-fuer-nail-art-der-das-infiltrierende-geloel-einfach-und-schnell-entfernt-schadet-dem-nagel-nicht\\\/\",\"name\":\"2 PCS Magic Nagellackentferner F\u00fcr Geln\u00e4gel, Geln\u00e4gel Shellac Entferner, Gel Nail Polish Remover F\u00fcr Nail Art, Der Das Infiltrierende Gel\u00f6l Einfach Und Schnell Entfernt, Schadet Dem Nagel Nicht - Markt-XXL\",\"isPartOf\":{\"@id\":\"https:\\\/\\\/marktxxl.de\\\/markt\\\/#website\"},\"primaryImageOfPage\":{\"@id\":\"https:\\\/\\\/marktxxl.de\\\/markt\\\/produkt\\\/2-pcs-magic-nagellackentferner-fuer-gelnaegel-gelnaegel-shellac-entferner-gel-nail-polish-remover-fuer-nail-art-der-das-infiltrierende-geloel-einfach-und-schnell-entfernt-schadet-dem-nagel-nicht\\\/#primaryimage\"},\"image\":{\"@id\":\"https:\\\/\\\/marktxxl.de\\\/markt\\\/produkt\\\/2-pcs-magic-nagellackentferner-fuer-gelnaegel-gelnaegel-shellac-entferner-gel-nail-polish-remover-fuer-nail-art-der-das-infiltrierende-geloel-einfach-und-schnell-entfernt-schadet-dem-nagel-nicht\\\/#primaryimage\"},\"thumbnailUrl\":\"https:\\\/\\\/m.media-amazon.com\\\/images\\\/I\\\/51N4dNXsobL._SL500_.jpg\",\"datePublished\":\"2023-04-10T09:07:51+00:00\",\"description\":\"Markt-XXL 2 PCS Magic Nagellackentferner F\u00fcr Geln\u00e4gel, Geln\u00e4gel Shellac Entferner, Gel Nail Polish Remover F\u00fcr Nail Art, Der Das Infiltrierende Gel\u00f6l Einfach Und Schnell Entfernt, Schadet Dem Nagel Nicht\",\"breadcrumb\":{\"@id\":\"https:\\\/\\\/marktxxl.de\\\/markt\\\/produkt\\\/2-pcs-magic-nagellackentferner-fuer-gelnaegel-gelnaegel-shellac-entferner-gel-nail-polish-remover-fuer-nail-art-der-das-infiltrierende-geloel-einfach-und-schnell-entfernt-schadet-dem-nagel-nicht\\\/#breadcrumb\"},\"inLanguage\":\"de\",\"potentialAction\":[{\"@type\":\"ReadAction\",\"target\":[\"https:\\\/\\\/marktxxl.de\\\/markt\\\/produkt\\\/2-pcs-magic-nagellackentferner-fuer-gelnaegel-gelnaegel-shellac-entferner-gel-nail-polish-remover-fuer-nail-art-der-das-infiltrierende-geloel-einfach-und-schnell-entfernt-schadet-dem-nagel-nicht\\\/\"]}]},{\"@type\":\"ImageObject\",\"inLanguage\":\"de\",\"@id\":\"https:\\\/\\\/marktxxl.de\\\/markt\\\/produkt\\\/2-pcs-magic-nagellackentferner-fuer-gelnaegel-gelnaegel-shellac-entferner-gel-nail-polish-remover-fuer-nail-art-der-das-infiltrierende-geloel-einfach-und-schnell-entfernt-schadet-dem-nagel-nicht\\\/#primaryimage\",\"url\":\"https:\\\/\\\/m.media-amazon.com\\\/images\\\/I\\\/51N4dNXsobL._SL500_.jpg\",\"contentUrl\":\"https:\\\/\\\/m.media-amazon.com\\\/images\\\/I\\\/51N4dNXsobL._SL500_.jpg\",\"width\":500,\"height\":500},{\"@type\":\"BreadcrumbList\",\"@id\":\"https:\\\/\\\/marktxxl.de\\\/markt\\\/produkt\\\/2-pcs-magic-nagellackentferner-fuer-gelnaegel-gelnaegel-shellac-entferner-gel-nail-polish-remover-fuer-nail-art-der-das-infiltrierende-geloel-einfach-und-schnell-entfernt-schadet-dem-nagel-nicht\\\/#breadcrumb\",\"itemListElement\":[{\"@type\":\"ListItem\",\"position\":1,\"name\":\"Startseite\",\"item\":\"https:\\\/\\\/marktxxl.de\\\/markt\\\/\"},{\"@type\":\"ListItem\",\"position\":2,\"name\":\"Markt\",\"item\":\"https:\\\/\\\/marktxxl.de\\\/markt\\\/\"},{\"@type\":\"ListItem\",\"position\":3,\"name\":\"2 PCS Magic Nagellackentferner F\u00fcr Geln\u00e4gel, Geln\u00e4gel Shellac Entferner, Gel Nail Polish Remover F\u00fcr Nail Art, Der Das Infiltrierende Gel\u00f6l Einfach Und Schnell Entfernt, Schadet Dem Nagel Nicht\"}]},{\"@type\":\"WebSite\",\"@id\":\"https:\\\/\\\/marktxxl.de\\\/markt\\\/#website\",\"url\":\"https:\\\/\\\/marktxxl.de\\\/markt\\\/\",\"name\":\"Markt-XXL\",\"description\":\"Ihr Markt Online\",\"publisher\":{\"@id\":\"https:\\\/\\\/marktxxl.de\\\/markt\\\/#organization\"},\"potentialAction\":[{\"@type\":\"SearchAction\",\"target\":{\"@type\":\"EntryPoint\",\"urlTemplate\":\"https:\\\/\\\/marktxxl.de\\\/markt\\\/?s={search_term_string}\"},\"query-input\":{\"@type\":\"PropertyValueSpecification\",\"valueRequired\":true,\"valueName\":\"search_term_string\"}}],\"inLanguage\":\"de\"},{\"@type\":\"Organization\",\"@id\":\"https:\\\/\\\/marktxxl.de\\\/markt\\\/#organization\",\"name\":\"Markt-XXL\",\"url\":\"https:\\\/\\\/marktxxl.de\\\/markt\\\/\",\"logo\":{\"@type\":\"ImageObject\",\"inLanguage\":\"de\",\"@id\":\"https:\\\/\\\/marktxxl.de\\\/markt\\\/#\\\/schema\\\/logo\\\/image\\\/\",\"url\":\"https:\\\/\\\/marktxxl.de\\\/markt\\\/wp-content\\\/uploads\\\/sites\\\/3\\\/2020\\\/12\\\/logo.png\",\"contentUrl\":\"https:\\\/\\\/marktxxl.de\\\/markt\\\/wp-content\\\/uploads\\\/sites\\\/3\\\/2020\\\/12\\\/logo.png\",\"width\":200,\"height\":70,\"caption\":\"Markt-XXL\"},\"image\":{\"@id\":\"https:\\\/\\\/marktxxl.de\\\/markt\\\/#\\\/schema\\\/logo\\\/image\\\/\"}}]}<\/script>\n<!-- \/ Yoast SEO plugin. -->","yoast_head_json":{"title":"2 PCS Magic Nagellackentferner F\u00fcr Geln\u00e4gel, Geln\u00e4gel Shellac Entferner, Gel Nail Polish Remover F\u00fcr Nail Art, Der Das Infiltrierende Gel\u00f6l Einfach Und Schnell Entfernt, Schadet Dem Nagel Nicht - Markt-XXL","description":"Markt-XXL 2 PCS Magic Nagellackentferner F\u00fcr Geln\u00e4gel, Geln\u00e4gel Shellac Entferner, Gel Nail Polish Remover F\u00fcr Nail Art, Der Das Infiltrierende Gel\u00f6l Einfach Und Schnell Entfernt, Schadet Dem Nagel Nicht","robots":{"index":"index","follow":"follow","max-snippet":"max-snippet:-1","max-image-preview":"max-image-preview:large","max-video-preview":"max-video-preview:-1"},"canonical":"https:\/\/marktxxl.de\/markt\/produkt\/2-pcs-magic-nagellackentferner-fuer-gelnaegel-gelnaegel-shellac-entferner-gel-nail-polish-remover-fuer-nail-art-der-das-infiltrierende-geloel-einfach-und-schnell-entfernt-schadet-dem-nagel-nicht\/","og_locale":"de_DE","og_type":"article","og_title":"2 PCS Magic Nagellackentferner F\u00fcr Geln\u00e4gel, Geln\u00e4gel Shellac Entferner, Gel Nail Polish Remover F\u00fcr Nail Art, Der Das Infiltrierende Gel\u00f6l Einfach Und Schnell Entfernt, Schadet Dem Nagel Nicht - Markt-XXL","og_description":"Markt-XXL 2 PCS Magic Nagellackentferner F\u00fcr Geln\u00e4gel, Geln\u00e4gel Shellac Entferner, Gel Nail Polish Remover F\u00fcr Nail Art, Der Das Infiltrierende Gel\u00f6l Einfach Und Schnell Entfernt, Schadet Dem Nagel Nicht","og_url":"https:\/\/marktxxl.de\/markt\/produkt\/2-pcs-magic-nagellackentferner-fuer-gelnaegel-gelnaegel-shellac-entferner-gel-nail-polish-remover-fuer-nail-art-der-das-infiltrierende-geloel-einfach-und-schnell-entfernt-schadet-dem-nagel-nicht\/","og_site_name":"Markt-XXL","twitter_card":"summary_large_image","twitter_misc":{"Gesch\u00e4tzte Lesezeit":"1\u00a0Minute"},"schema":{"@context":"https:\/\/schema.org","@graph":[{"@type":"WebPage","@id":"https:\/\/marktxxl.de\/markt\/produkt\/2-pcs-magic-nagellackentferner-fuer-gelnaegel-gelnaegel-shellac-entferner-gel-nail-polish-remover-fuer-nail-art-der-das-infiltrierende-geloel-einfach-und-schnell-entfernt-schadet-dem-nagel-nicht\/","url":"https:\/\/marktxxl.de\/markt\/produkt\/2-pcs-magic-nagellackentferner-fuer-gelnaegel-gelnaegel-shellac-entferner-gel-nail-polish-remover-fuer-nail-art-der-das-infiltrierende-geloel-einfach-und-schnell-entfernt-schadet-dem-nagel-nicht\/","name":"2 PCS Magic Nagellackentferner F\u00fcr Geln\u00e4gel, Geln\u00e4gel Shellac Entferner, Gel Nail Polish Remover F\u00fcr Nail Art, Der Das Infiltrierende Gel\u00f6l Einfach Und Schnell Entfernt, Schadet Dem Nagel Nicht - Markt-XXL","isPartOf":{"@id":"https:\/\/marktxxl.de\/markt\/#website"},"primaryImageOfPage":{"@id":"https:\/\/marktxxl.de\/markt\/produkt\/2-pcs-magic-nagellackentferner-fuer-gelnaegel-gelnaegel-shellac-entferner-gel-nail-polish-remover-fuer-nail-art-der-das-infiltrierende-geloel-einfach-und-schnell-entfernt-schadet-dem-nagel-nicht\/#primaryimage"},"image":{"@id":"https:\/\/marktxxl.de\/markt\/produkt\/2-pcs-magic-nagellackentferner-fuer-gelnaegel-gelnaegel-shellac-entferner-gel-nail-polish-remover-fuer-nail-art-der-das-infiltrierende-geloel-einfach-und-schnell-entfernt-schadet-dem-nagel-nicht\/#primaryimage"},"thumbnailUrl":"https:\/\/m.media-amazon.com\/images\/I\/51N4dNXsobL._SL500_.jpg","datePublished":"2023-04-10T09:07:51+00:00","description":"Markt-XXL 2 PCS Magic Nagellackentferner F\u00fcr Geln\u00e4gel, Geln\u00e4gel Shellac Entferner, Gel Nail Polish Remover F\u00fcr Nail Art, Der Das Infiltrierende Gel\u00f6l Einfach Und Schnell Entfernt, Schadet Dem Nagel Nicht","breadcrumb":{"@id":"https:\/\/marktxxl.de\/markt\/produkt\/2-pcs-magic-nagellackentferner-fuer-gelnaegel-gelnaegel-shellac-entferner-gel-nail-polish-remover-fuer-nail-art-der-das-infiltrierende-geloel-einfach-und-schnell-entfernt-schadet-dem-nagel-nicht\/#breadcrumb"},"inLanguage":"de","potentialAction":[{"@type":"ReadAction","target":["https:\/\/marktxxl.de\/markt\/produkt\/2-pcs-magic-nagellackentferner-fuer-gelnaegel-gelnaegel-shellac-entferner-gel-nail-polish-remover-fuer-nail-art-der-das-infiltrierende-geloel-einfach-und-schnell-entfernt-schadet-dem-nagel-nicht\/"]}]},{"@type":"ImageObject","inLanguage":"de","@id":"https:\/\/marktxxl.de\/markt\/produkt\/2-pcs-magic-nagellackentferner-fuer-gelnaegel-gelnaegel-shellac-entferner-gel-nail-polish-remover-fuer-nail-art-der-das-infiltrierende-geloel-einfach-und-schnell-entfernt-schadet-dem-nagel-nicht\/#primaryimage","url":"https:\/\/m.media-amazon.com\/images\/I\/51N4dNXsobL._SL500_.jpg","contentUrl":"https:\/\/m.media-amazon.com\/images\/I\/51N4dNXsobL._SL500_.jpg","width":500,"height":500},{"@type":"BreadcrumbList","@id":"https:\/\/marktxxl.de\/markt\/produkt\/2-pcs-magic-nagellackentferner-fuer-gelnaegel-gelnaegel-shellac-entferner-gel-nail-polish-remover-fuer-nail-art-der-das-infiltrierende-geloel-einfach-und-schnell-entfernt-schadet-dem-nagel-nicht\/#breadcrumb","itemListElement":[{"@type":"ListItem","position":1,"name":"Startseite","item":"https:\/\/marktxxl.de\/markt\/"},{"@type":"ListItem","position":2,"name":"Markt","item":"https:\/\/marktxxl.de\/markt\/"},{"@type":"ListItem","position":3,"name":"2 PCS Magic Nagellackentferner F\u00fcr Geln\u00e4gel, Geln\u00e4gel Shellac Entferner, Gel Nail Polish Remover F\u00fcr Nail Art, Der Das Infiltrierende Gel\u00f6l Einfach Und Schnell Entfernt, Schadet Dem Nagel Nicht"}]},{"@type":"WebSite","@id":"https:\/\/marktxxl.de\/markt\/#website","url":"https:\/\/marktxxl.de\/markt\/","name":"Markt-XXL","description":"Ihr Markt Online","publisher":{"@id":"https:\/\/marktxxl.de\/markt\/#organization"},"potentialAction":[{"@type":"SearchAction","target":{"@type":"EntryPoint","urlTemplate":"https:\/\/marktxxl.de\/markt\/?s={search_term_string}"},"query-input":{"@type":"PropertyValueSpecification","valueRequired":true,"valueName":"search_term_string"}}],"inLanguage":"de"},{"@type":"Organization","@id":"https:\/\/marktxxl.de\/markt\/#organization","name":"Markt-XXL","url":"https:\/\/marktxxl.de\/markt\/","logo":{"@type":"ImageObject","inLanguage":"de","@id":"https:\/\/marktxxl.de\/markt\/#\/schema\/logo\/image\/","url":"https:\/\/marktxxl.de\/markt\/wp-content\/uploads\/sites\/3\/2020\/12\/logo.png","contentUrl":"https:\/\/marktxxl.de\/markt\/wp-content\/uploads\/sites\/3\/2020\/12\/logo.png","width":200,"height":70,"caption":"Markt-XXL"},"image":{"@id":"https:\/\/marktxxl.de\/markt\/#\/schema\/logo\/image\/"}}]}},"_links":{"self":[{"href":"https:\/\/marktxxl.de\/markt\/wp-json\/wp\/v2\/product\/200758","targetHints":{"allow":["GET"]}}],"collection":[{"href":"https:\/\/marktxxl.de\/markt\/wp-json\/wp\/v2\/product"}],"about":[{"href":"https:\/\/marktxxl.de\/markt\/wp-json\/wp\/v2\/types\/product"}],"replies":[{"embeddable":true,"href":"https:\/\/marktxxl.de\/markt\/wp-json\/wp\/v2\/comments?post=200758"}],"wp:featuredmedia":[{"embeddable":true,"href":"https:\/\/marktxxl.de\/markt\/wp-json\/wp\/v2\/media\/200759"}],"wp:attachment":[{"href":"https:\/\/marktxxl.de\/markt\/wp-json\/wp\/v2\/media?parent=200758"}],"wp:term":[{"taxonomy":"product_brand","embeddable":true,"href":"https:\/\/marktxxl.de\/markt\/wp-json\/wp\/v2\/product_brand?post=200758"},{"taxonomy":"product_cat","embeddable":true,"href":"https:\/\/marktxxl.de\/markt\/wp-json\/wp\/v2\/product_cat?post=200758"},{"taxonomy":"product_tag","embeddable":true,"href":"https:\/\/marktxxl.de\/markt\/wp-json\/wp\/v2\/product_tag?post=200758"}],"curies":[{"name":"wp","href":"https:\/\/api.w.org\/{rel}","templated":true}]}}