{"id":200722,"date":"2023-04-10T11:05:51","date_gmt":"2023-04-10T09:05:51","guid":{"rendered":"https:\/\/marktxxl.de\/markt\/produkt\/tomicca-nagelspitzen-und-nagelkleber-set-coffin-matte-soft-gel-nail-tips-mit-all-in-one-nagellampe-und-4-in-1-nagelkleber-verlaengerung-nagel-kit-fake-nailsgel-tips-nail-kit-fuer-nail-art-zu-hause\/"},"modified":"2023-04-10T11:05:51","modified_gmt":"2023-04-10T09:05:51","slug":"tomicca-nagelspitzen-und-nagelkleber-set-coffin-matte-soft-gel-nail-tips-mit-all-in-one-nagellampe-und-4-in-1-nagelkleber-verlaengerung-nagel-kit-fake-nailsgel-tips-nail-kit-fuer-nail-art-zu-hause","status":"publish","type":"product","link":"https:\/\/marktxxl.de\/markt\/produkt\/tomicca-nagelspitzen-und-nagelkleber-set-coffin-matte-soft-gel-nail-tips-mit-all-in-one-nagellampe-und-4-in-1-nagelkleber-verlaengerung-nagel-kit-fake-nailsgel-tips-nail-kit-fuer-nail-art-zu-hause\/","title":{"rendered":"TOMICCA Nagelspitzen und Nagelkleber Set-Coffin Matte Soft Gel Nail Tips mit All-in-One Nagellampe und 4 in 1 Nagelkleber, Verl\u00e4ngerung Nagel Kit Fake Nails,Gel Tips Nail Kit f\u00fcr Nail Art zu Hause"},"content":{"rendered":"<p>NEUE NAGELSPITZEN UND NAGELKLEBER SET &#8211; TOMICCA neuesten Nagelspitzen und Klebstoff Gel-Kit zur Verf\u00fcgung, um von Anf\u00e4ngern und Profis zu entsprechen. Diese Gel-Nagel-Kit enth\u00e4lt 240pcs Sarg weiche Gel-Nagelspitzen, all-in-one tragbare UV-Licht, 13ml Flasche 4-in-1 Nagelkleber und eine Nagelfeile. Die verbesserten matten Nagelspitzen, das UV-Licht und der Gel-Nagelkleber haben eine h\u00f6here Leistung und machen die Nagelkunst einfacher.<br \/>\nAUFGER\u00dcSTETES TRAGBARES UV-LICHT &#8211; Im Vergleich zu den traditionellen Single-Finger-Nagellampe, die Sie haben, um zwei UV-Licht verwenden, um Ihre Nagel art.TOMIICA&#8217;s neu aktualisierte tragbare UV-Licht kann helfen, alle h\u00e4rtenden Arbeiten zu tun! Gro\u00dfer Raum all-in-one tragbare UV-Licht, das einen oder mehrere Finger halten kann.24W Leistung kann schnell h\u00e4rten alle Gel-Nagelkleber, so dass es bequemer und weniger \u00c4rger als herk\u00f6mmliche tragbare Nagellampe.<br \/>\nNO NEED FILE AND BASE COAT &#8211; TOMICCA&#8217;s verbesserte voll gefrostete Gel-Nagelspitzen sind aus hochwertigem Soft-Gel-Material, das eine st\u00e4rkere Haftung und Z\u00e4higkeit als herk\u00f6mmliche falsche N\u00e4gel hat und schnell in die urspr\u00fcngliche Form zur\u00fcckkehren wird, egal wie es gedreht wird. Sie m\u00fcssen sich nicht mehr die Zeit nehmen, die Oberfl\u00e4che der N\u00e4gel zu polieren, denn die matte Oberfl\u00e4che der Nageltips erm\u00f6glicht es, dass sie nat\u00fcrlich und bequem wie Ihre N\u00e4gel aussehen.<br \/>\n15ML GROSSE KAPAZIT\u00c4T 4 in 1 Nagelkleber &#8211; Im Vergleich zu anderen 7ml Nagelkleber, hat TOMICCA&#8217;s Gelkleber eine gr\u00f6\u00dfere Kapazit\u00e4t und mehr Funktionen. Der Nagelkleber muss unter der UV-Lampe ausgeh\u00e4rtet werden, nur 60s, um die Nagelspitzen und Ihre N\u00e4gel fest zusammen zu kleben, mit nat\u00fcrlichem Anpassungseffekt, einfach anzuwenden und schnell trocknend. Dieser Nagelkleber kann auch als Unterlack, Strasskleber und Nagelverst\u00e4rker usw. verwendet werden.<br \/>\nWARME TIPPS &#8211; Bitte reinigen Sie die Oberfl\u00e4che jedes Nagels, um \u00fcbersch\u00fcssiges \u00d6l und Staub zu entfernen, bevor Sie die weichen Gel-Nagelspitzen verwenden.Wenn Sie die Nagelspitzen aush\u00e4rten, empfehlen wir Ihnen, das tragbare UV- Sie m\u00fcssen die Nagelspitzen mit der anderen Hand halten und sie unter das UV-Licht f\u00fcr 60-90s setzen, warten Sie, bis die Aush\u00e4rtung abgeschlossen ist, bevor Sie sie loslassen, so dass die Nagelspitzen fester sein werden.<br \/>\n<div class=\"main-cross-sell\" data-asin=\"B0B9MQ37TB\">\n\n\t<div class=\"WooZone-cross-sell-loader\">\n\t\t<div>\n\t\t\t<div id=\"floatingBarsG\">\n\t\t\t\t<div class=\"blockG\" id=\"rotateG_01\"><\/div>\n\t\t\t\t<div class=\"blockG\" id=\"rotateG_02\"><\/div>\n\t\t\t\t<div class=\"blockG\" id=\"rotateG_03\"><\/div>\n\t\t\t\t<div class=\"blockG\" id=\"rotateG_04\"><\/div>\n\t\t\t\t<div class=\"blockG\" id=\"rotateG_05\"><\/div>\n\t\t\t\t<div class=\"blockG\" id=\"rotateG_06\"><\/div>\n\t\t\t\t<div class=\"blockG\" id=\"rotateG_07\"><\/div>\n\t\t\t\t<div class=\"blockG\" id=\"rotateG_08\"><\/div>\n\t\t\t<\/div>\n\t\t\t<div class=\"WooZone-cross-sell-loader-text\"><\/div>\n\t\t<\/div>\n\t<\/div>\n\n\t\t\n<\/div>\n<div style=\"clear:both;\"><\/div><\/p>\n","protected":false},"excerpt":{"rendered":"<p>NEUE NAGELSPITZEN UND NAGELKLEBER SET &#8211; TOMICCA neuesten Nagelspitzen und Klebstoff Gel-Kit zur Verf\u00fcgung, um von Anf\u00e4ngern und Profis zu entsprechen. Diese Gel-Nagel-Kit enth\u00e4lt 240pcs Sarg weiche Gel-Nagelspitzen, all-in-one tragbare UV-Licht, 13ml Flasche 4-in-1 Nagelkleber und eine Nagelfeile. Die verbesserten matten Nagelspitzen, das UV-Licht und der Gel-Nagelkleber haben eine h\u00f6here Leistung und machen die Nagelkunst einfacher.<br \/>\nAUFGER\u00dcSTETES TRAGBARES UV-LICHT &#8211; Im Vergleich zu den traditionellen Single-Finger-Nagellampe, die Sie haben, um zwei UV-Licht verwenden, um Ihre Nagel art.TOMIICA&#8217;s neu aktualisierte tragbare UV-Licht kann helfen, alle h\u00e4rtenden Arbeiten zu tun! Gro\u00dfer Raum all-in-one tragbare UV-Licht, das einen oder mehrere Finger halten kann.24W Leistung kann schnell h\u00e4rten alle Gel-Nagelkleber, so dass es bequemer und weniger \u00c4rger als herk\u00f6mmliche tragbare Nagellampe.<br \/>\nNO NEED FILE AND BASE COAT &#8211; TOMICCA&#8217;s verbesserte voll gefrostete Gel-Nagelspitzen sind aus hochwertigem Soft-Gel-Material, das eine st\u00e4rkere Haftung und Z\u00e4higkeit als herk\u00f6mmliche falsche N\u00e4gel hat und schnell in die urspr\u00fcngliche Form zur\u00fcckkehren wird, egal wie es gedreht wird. Sie m\u00fcssen sich nicht mehr die Zeit nehmen, die Oberfl\u00e4che der N\u00e4gel zu polieren, denn die matte Oberfl\u00e4che der Nageltips erm\u00f6glicht es, dass sie nat\u00fcrlich und bequem wie Ihre N\u00e4gel aussehen.<\/p>\n","protected":false},"featured_media":200723,"comment_status":"open","ping_status":"closed","template":"","meta":[],"product_brand":[],"product_cat":[2858,7659],"product_tag":[],"class_list":{"0":"post-200722","1":"product","2":"type-product","3":"status-publish","4":"has-post-thumbnail","6":"product_cat-beauty","7":"product_cat-manikuere-pedikuere","8":"pa_brand-tomicca","9":"pa_color-13-nagelspitzen-und-nagelkleber-set","10":"pa_manufacturer-tomicca","11":"pa_size-4-teiliges-set","13":"first","14":"instock","15":"sale","16":"shipping-taxable","17":"purchasable","18":"product-type-simple","19":"customify-col","20":"product-has-gallery"},"yoast_head":"<!-- This site is optimized with the Yoast SEO plugin v27.3 - https:\/\/yoast.com\/product\/yoast-seo-wordpress\/ -->\n<title>TOMICCA Nagelspitzen und Nagelkleber Set-Coffin Matte Soft Gel Nail Tips mit All-in-One Nagellampe und 4 in 1 Nagelkleber, Verl\u00e4ngerung Nagel Kit Fake Nails,Gel Tips Nail Kit f\u00fcr Nail Art zu Hause - Markt-XXL<\/title>\n<meta name=\"description\" content=\"Markt-XXL TOMICCA Nagelspitzen und Nagelkleber Set-Coffin Matte Soft Gel Nail Tips mit All-in-One Nagellampe und 4 in 1 Nagelkleber, Verl\u00e4ngerung Nagel Kit Fake Nails,Gel Tips Nail Kit f\u00fcr Nail Art zu Hause\" \/>\n<meta name=\"robots\" content=\"index, follow, max-snippet:-1, max-image-preview:large, max-video-preview:-1\" \/>\n<link rel=\"canonical\" href=\"https:\/\/marktxxl.de\/markt\/produkt\/tomicca-nagelspitzen-und-nagelkleber-set-coffin-matte-soft-gel-nail-tips-mit-all-in-one-nagellampe-und-4-in-1-nagelkleber-verlaengerung-nagel-kit-fake-nailsgel-tips-nail-kit-fuer-nail-art-zu-hause\/\" \/>\n<meta property=\"og:locale\" content=\"de_DE\" \/>\n<meta property=\"og:type\" content=\"article\" \/>\n<meta property=\"og:title\" content=\"TOMICCA Nagelspitzen und Nagelkleber Set-Coffin Matte Soft Gel Nail Tips mit All-in-One Nagellampe und 4 in 1 Nagelkleber, Verl\u00e4ngerung Nagel Kit Fake Nails,Gel Tips Nail Kit f\u00fcr Nail Art zu Hause - Markt-XXL\" \/>\n<meta property=\"og:description\" content=\"Markt-XXL TOMICCA Nagelspitzen und Nagelkleber Set-Coffin Matte Soft Gel Nail Tips mit All-in-One Nagellampe und 4 in 1 Nagelkleber, Verl\u00e4ngerung Nagel Kit Fake Nails,Gel Tips Nail Kit f\u00fcr Nail Art zu Hause\" \/>\n<meta property=\"og:url\" content=\"https:\/\/marktxxl.de\/markt\/produkt\/tomicca-nagelspitzen-und-nagelkleber-set-coffin-matte-soft-gel-nail-tips-mit-all-in-one-nagellampe-und-4-in-1-nagelkleber-verlaengerung-nagel-kit-fake-nailsgel-tips-nail-kit-fuer-nail-art-zu-hause\/\" \/>\n<meta property=\"og:site_name\" content=\"Markt-XXL\" \/>\n<meta name=\"twitter:card\" content=\"summary_large_image\" \/>\n<meta name=\"twitter:label1\" content=\"Gesch\u00e4tzte Lesezeit\" \/>\n\t<meta name=\"twitter:data1\" content=\"2\u00a0Minuten\" \/>\n<script type=\"application\/ld+json\" class=\"yoast-schema-graph\">{\"@context\":\"https:\\\/\\\/schema.org\",\"@graph\":[{\"@type\":\"WebPage\",\"@id\":\"https:\\\/\\\/marktxxl.de\\\/markt\\\/produkt\\\/tomicca-nagelspitzen-und-nagelkleber-set-coffin-matte-soft-gel-nail-tips-mit-all-in-one-nagellampe-und-4-in-1-nagelkleber-verlaengerung-nagel-kit-fake-nailsgel-tips-nail-kit-fuer-nail-art-zu-hause\\\/\",\"url\":\"https:\\\/\\\/marktxxl.de\\\/markt\\\/produkt\\\/tomicca-nagelspitzen-und-nagelkleber-set-coffin-matte-soft-gel-nail-tips-mit-all-in-one-nagellampe-und-4-in-1-nagelkleber-verlaengerung-nagel-kit-fake-nailsgel-tips-nail-kit-fuer-nail-art-zu-hause\\\/\",\"name\":\"TOMICCA Nagelspitzen und Nagelkleber Set-Coffin Matte Soft Gel Nail Tips mit All-in-One Nagellampe und 4 in 1 Nagelkleber, Verl\u00e4ngerung Nagel Kit Fake Nails,Gel Tips Nail Kit f\u00fcr Nail Art zu Hause - Markt-XXL\",\"isPartOf\":{\"@id\":\"https:\\\/\\\/marktxxl.de\\\/markt\\\/#website\"},\"primaryImageOfPage\":{\"@id\":\"https:\\\/\\\/marktxxl.de\\\/markt\\\/produkt\\\/tomicca-nagelspitzen-und-nagelkleber-set-coffin-matte-soft-gel-nail-tips-mit-all-in-one-nagellampe-und-4-in-1-nagelkleber-verlaengerung-nagel-kit-fake-nailsgel-tips-nail-kit-fuer-nail-art-zu-hause\\\/#primaryimage\"},\"image\":{\"@id\":\"https:\\\/\\\/marktxxl.de\\\/markt\\\/produkt\\\/tomicca-nagelspitzen-und-nagelkleber-set-coffin-matte-soft-gel-nail-tips-mit-all-in-one-nagellampe-und-4-in-1-nagelkleber-verlaengerung-nagel-kit-fake-nailsgel-tips-nail-kit-fuer-nail-art-zu-hause\\\/#primaryimage\"},\"thumbnailUrl\":\"https:\\\/\\\/m.media-amazon.com\\\/images\\\/I\\\/519eUwY5jbL._SL500_.jpg\",\"datePublished\":\"2023-04-10T09:05:51+00:00\",\"description\":\"Markt-XXL TOMICCA Nagelspitzen und Nagelkleber Set-Coffin Matte Soft Gel Nail Tips mit All-in-One Nagellampe und 4 in 1 Nagelkleber, Verl\u00e4ngerung Nagel Kit Fake Nails,Gel Tips Nail Kit f\u00fcr Nail Art zu Hause\",\"breadcrumb\":{\"@id\":\"https:\\\/\\\/marktxxl.de\\\/markt\\\/produkt\\\/tomicca-nagelspitzen-und-nagelkleber-set-coffin-matte-soft-gel-nail-tips-mit-all-in-one-nagellampe-und-4-in-1-nagelkleber-verlaengerung-nagel-kit-fake-nailsgel-tips-nail-kit-fuer-nail-art-zu-hause\\\/#breadcrumb\"},\"inLanguage\":\"de\",\"potentialAction\":[{\"@type\":\"ReadAction\",\"target\":[\"https:\\\/\\\/marktxxl.de\\\/markt\\\/produkt\\\/tomicca-nagelspitzen-und-nagelkleber-set-coffin-matte-soft-gel-nail-tips-mit-all-in-one-nagellampe-und-4-in-1-nagelkleber-verlaengerung-nagel-kit-fake-nailsgel-tips-nail-kit-fuer-nail-art-zu-hause\\\/\"]}]},{\"@type\":\"ImageObject\",\"inLanguage\":\"de\",\"@id\":\"https:\\\/\\\/marktxxl.de\\\/markt\\\/produkt\\\/tomicca-nagelspitzen-und-nagelkleber-set-coffin-matte-soft-gel-nail-tips-mit-all-in-one-nagellampe-und-4-in-1-nagelkleber-verlaengerung-nagel-kit-fake-nailsgel-tips-nail-kit-fuer-nail-art-zu-hause\\\/#primaryimage\",\"url\":\"https:\\\/\\\/m.media-amazon.com\\\/images\\\/I\\\/519eUwY5jbL._SL500_.jpg\",\"contentUrl\":\"https:\\\/\\\/m.media-amazon.com\\\/images\\\/I\\\/519eUwY5jbL._SL500_.jpg\",\"width\":500,\"height\":500},{\"@type\":\"BreadcrumbList\",\"@id\":\"https:\\\/\\\/marktxxl.de\\\/markt\\\/produkt\\\/tomicca-nagelspitzen-und-nagelkleber-set-coffin-matte-soft-gel-nail-tips-mit-all-in-one-nagellampe-und-4-in-1-nagelkleber-verlaengerung-nagel-kit-fake-nailsgel-tips-nail-kit-fuer-nail-art-zu-hause\\\/#breadcrumb\",\"itemListElement\":[{\"@type\":\"ListItem\",\"position\":1,\"name\":\"Startseite\",\"item\":\"https:\\\/\\\/marktxxl.de\\\/markt\\\/\"},{\"@type\":\"ListItem\",\"position\":2,\"name\":\"Markt\",\"item\":\"https:\\\/\\\/marktxxl.de\\\/markt\\\/\"},{\"@type\":\"ListItem\",\"position\":3,\"name\":\"TOMICCA Nagelspitzen und Nagelkleber Set-Coffin Matte Soft Gel Nail Tips mit All-in-One Nagellampe und 4 in 1 Nagelkleber, Verl\u00e4ngerung Nagel Kit Fake Nails,Gel Tips Nail Kit f\u00fcr Nail Art zu Hause\"}]},{\"@type\":\"WebSite\",\"@id\":\"https:\\\/\\\/marktxxl.de\\\/markt\\\/#website\",\"url\":\"https:\\\/\\\/marktxxl.de\\\/markt\\\/\",\"name\":\"Markt-XXL\",\"description\":\"Ihr Markt Online\",\"publisher\":{\"@id\":\"https:\\\/\\\/marktxxl.de\\\/markt\\\/#organization\"},\"potentialAction\":[{\"@type\":\"SearchAction\",\"target\":{\"@type\":\"EntryPoint\",\"urlTemplate\":\"https:\\\/\\\/marktxxl.de\\\/markt\\\/?s={search_term_string}\"},\"query-input\":{\"@type\":\"PropertyValueSpecification\",\"valueRequired\":true,\"valueName\":\"search_term_string\"}}],\"inLanguage\":\"de\"},{\"@type\":\"Organization\",\"@id\":\"https:\\\/\\\/marktxxl.de\\\/markt\\\/#organization\",\"name\":\"Markt-XXL\",\"url\":\"https:\\\/\\\/marktxxl.de\\\/markt\\\/\",\"logo\":{\"@type\":\"ImageObject\",\"inLanguage\":\"de\",\"@id\":\"https:\\\/\\\/marktxxl.de\\\/markt\\\/#\\\/schema\\\/logo\\\/image\\\/\",\"url\":\"https:\\\/\\\/marktxxl.de\\\/markt\\\/wp-content\\\/uploads\\\/sites\\\/3\\\/2020\\\/12\\\/logo.png\",\"contentUrl\":\"https:\\\/\\\/marktxxl.de\\\/markt\\\/wp-content\\\/uploads\\\/sites\\\/3\\\/2020\\\/12\\\/logo.png\",\"width\":200,\"height\":70,\"caption\":\"Markt-XXL\"},\"image\":{\"@id\":\"https:\\\/\\\/marktxxl.de\\\/markt\\\/#\\\/schema\\\/logo\\\/image\\\/\"}}]}<\/script>\n<!-- \/ Yoast SEO plugin. -->","yoast_head_json":{"title":"TOMICCA Nagelspitzen und Nagelkleber Set-Coffin Matte Soft Gel Nail Tips mit All-in-One Nagellampe und 4 in 1 Nagelkleber, Verl\u00e4ngerung Nagel Kit Fake Nails,Gel Tips Nail Kit f\u00fcr Nail Art zu Hause - Markt-XXL","description":"Markt-XXL TOMICCA Nagelspitzen und Nagelkleber Set-Coffin Matte Soft Gel Nail Tips mit All-in-One Nagellampe und 4 in 1 Nagelkleber, Verl\u00e4ngerung Nagel Kit Fake Nails,Gel Tips Nail Kit f\u00fcr Nail Art zu Hause","robots":{"index":"index","follow":"follow","max-snippet":"max-snippet:-1","max-image-preview":"max-image-preview:large","max-video-preview":"max-video-preview:-1"},"canonical":"https:\/\/marktxxl.de\/markt\/produkt\/tomicca-nagelspitzen-und-nagelkleber-set-coffin-matte-soft-gel-nail-tips-mit-all-in-one-nagellampe-und-4-in-1-nagelkleber-verlaengerung-nagel-kit-fake-nailsgel-tips-nail-kit-fuer-nail-art-zu-hause\/","og_locale":"de_DE","og_type":"article","og_title":"TOMICCA Nagelspitzen und Nagelkleber Set-Coffin Matte Soft Gel Nail Tips mit All-in-One Nagellampe und 4 in 1 Nagelkleber, Verl\u00e4ngerung Nagel Kit Fake Nails,Gel Tips Nail Kit f\u00fcr Nail Art zu Hause - Markt-XXL","og_description":"Markt-XXL TOMICCA Nagelspitzen und Nagelkleber Set-Coffin Matte Soft Gel Nail Tips mit All-in-One Nagellampe und 4 in 1 Nagelkleber, Verl\u00e4ngerung Nagel Kit Fake Nails,Gel Tips Nail Kit f\u00fcr Nail Art zu Hause","og_url":"https:\/\/marktxxl.de\/markt\/produkt\/tomicca-nagelspitzen-und-nagelkleber-set-coffin-matte-soft-gel-nail-tips-mit-all-in-one-nagellampe-und-4-in-1-nagelkleber-verlaengerung-nagel-kit-fake-nailsgel-tips-nail-kit-fuer-nail-art-zu-hause\/","og_site_name":"Markt-XXL","twitter_card":"summary_large_image","twitter_misc":{"Gesch\u00e4tzte Lesezeit":"2\u00a0Minuten"},"schema":{"@context":"https:\/\/schema.org","@graph":[{"@type":"WebPage","@id":"https:\/\/marktxxl.de\/markt\/produkt\/tomicca-nagelspitzen-und-nagelkleber-set-coffin-matte-soft-gel-nail-tips-mit-all-in-one-nagellampe-und-4-in-1-nagelkleber-verlaengerung-nagel-kit-fake-nailsgel-tips-nail-kit-fuer-nail-art-zu-hause\/","url":"https:\/\/marktxxl.de\/markt\/produkt\/tomicca-nagelspitzen-und-nagelkleber-set-coffin-matte-soft-gel-nail-tips-mit-all-in-one-nagellampe-und-4-in-1-nagelkleber-verlaengerung-nagel-kit-fake-nailsgel-tips-nail-kit-fuer-nail-art-zu-hause\/","name":"TOMICCA Nagelspitzen und Nagelkleber Set-Coffin Matte Soft Gel Nail Tips mit All-in-One Nagellampe und 4 in 1 Nagelkleber, Verl\u00e4ngerung Nagel Kit Fake Nails,Gel Tips Nail Kit f\u00fcr Nail Art zu Hause - Markt-XXL","isPartOf":{"@id":"https:\/\/marktxxl.de\/markt\/#website"},"primaryImageOfPage":{"@id":"https:\/\/marktxxl.de\/markt\/produkt\/tomicca-nagelspitzen-und-nagelkleber-set-coffin-matte-soft-gel-nail-tips-mit-all-in-one-nagellampe-und-4-in-1-nagelkleber-verlaengerung-nagel-kit-fake-nailsgel-tips-nail-kit-fuer-nail-art-zu-hause\/#primaryimage"},"image":{"@id":"https:\/\/marktxxl.de\/markt\/produkt\/tomicca-nagelspitzen-und-nagelkleber-set-coffin-matte-soft-gel-nail-tips-mit-all-in-one-nagellampe-und-4-in-1-nagelkleber-verlaengerung-nagel-kit-fake-nailsgel-tips-nail-kit-fuer-nail-art-zu-hause\/#primaryimage"},"thumbnailUrl":"https:\/\/m.media-amazon.com\/images\/I\/519eUwY5jbL._SL500_.jpg","datePublished":"2023-04-10T09:05:51+00:00","description":"Markt-XXL TOMICCA Nagelspitzen und Nagelkleber Set-Coffin Matte Soft Gel Nail Tips mit All-in-One Nagellampe und 4 in 1 Nagelkleber, Verl\u00e4ngerung Nagel Kit Fake Nails,Gel Tips Nail Kit f\u00fcr Nail Art zu Hause","breadcrumb":{"@id":"https:\/\/marktxxl.de\/markt\/produkt\/tomicca-nagelspitzen-und-nagelkleber-set-coffin-matte-soft-gel-nail-tips-mit-all-in-one-nagellampe-und-4-in-1-nagelkleber-verlaengerung-nagel-kit-fake-nailsgel-tips-nail-kit-fuer-nail-art-zu-hause\/#breadcrumb"},"inLanguage":"de","potentialAction":[{"@type":"ReadAction","target":["https:\/\/marktxxl.de\/markt\/produkt\/tomicca-nagelspitzen-und-nagelkleber-set-coffin-matte-soft-gel-nail-tips-mit-all-in-one-nagellampe-und-4-in-1-nagelkleber-verlaengerung-nagel-kit-fake-nailsgel-tips-nail-kit-fuer-nail-art-zu-hause\/"]}]},{"@type":"ImageObject","inLanguage":"de","@id":"https:\/\/marktxxl.de\/markt\/produkt\/tomicca-nagelspitzen-und-nagelkleber-set-coffin-matte-soft-gel-nail-tips-mit-all-in-one-nagellampe-und-4-in-1-nagelkleber-verlaengerung-nagel-kit-fake-nailsgel-tips-nail-kit-fuer-nail-art-zu-hause\/#primaryimage","url":"https:\/\/m.media-amazon.com\/images\/I\/519eUwY5jbL._SL500_.jpg","contentUrl":"https:\/\/m.media-amazon.com\/images\/I\/519eUwY5jbL._SL500_.jpg","width":500,"height":500},{"@type":"BreadcrumbList","@id":"https:\/\/marktxxl.de\/markt\/produkt\/tomicca-nagelspitzen-und-nagelkleber-set-coffin-matte-soft-gel-nail-tips-mit-all-in-one-nagellampe-und-4-in-1-nagelkleber-verlaengerung-nagel-kit-fake-nailsgel-tips-nail-kit-fuer-nail-art-zu-hause\/#breadcrumb","itemListElement":[{"@type":"ListItem","position":1,"name":"Startseite","item":"https:\/\/marktxxl.de\/markt\/"},{"@type":"ListItem","position":2,"name":"Markt","item":"https:\/\/marktxxl.de\/markt\/"},{"@type":"ListItem","position":3,"name":"TOMICCA Nagelspitzen und Nagelkleber Set-Coffin Matte Soft Gel Nail Tips mit All-in-One Nagellampe und 4 in 1 Nagelkleber, Verl\u00e4ngerung Nagel Kit Fake Nails,Gel Tips Nail Kit f\u00fcr Nail Art zu Hause"}]},{"@type":"WebSite","@id":"https:\/\/marktxxl.de\/markt\/#website","url":"https:\/\/marktxxl.de\/markt\/","name":"Markt-XXL","description":"Ihr Markt Online","publisher":{"@id":"https:\/\/marktxxl.de\/markt\/#organization"},"potentialAction":[{"@type":"SearchAction","target":{"@type":"EntryPoint","urlTemplate":"https:\/\/marktxxl.de\/markt\/?s={search_term_string}"},"query-input":{"@type":"PropertyValueSpecification","valueRequired":true,"valueName":"search_term_string"}}],"inLanguage":"de"},{"@type":"Organization","@id":"https:\/\/marktxxl.de\/markt\/#organization","name":"Markt-XXL","url":"https:\/\/marktxxl.de\/markt\/","logo":{"@type":"ImageObject","inLanguage":"de","@id":"https:\/\/marktxxl.de\/markt\/#\/schema\/logo\/image\/","url":"https:\/\/marktxxl.de\/markt\/wp-content\/uploads\/sites\/3\/2020\/12\/logo.png","contentUrl":"https:\/\/marktxxl.de\/markt\/wp-content\/uploads\/sites\/3\/2020\/12\/logo.png","width":200,"height":70,"caption":"Markt-XXL"},"image":{"@id":"https:\/\/marktxxl.de\/markt\/#\/schema\/logo\/image\/"}}]}},"_links":{"self":[{"href":"https:\/\/marktxxl.de\/markt\/wp-json\/wp\/v2\/product\/200722","targetHints":{"allow":["GET"]}}],"collection":[{"href":"https:\/\/marktxxl.de\/markt\/wp-json\/wp\/v2\/product"}],"about":[{"href":"https:\/\/marktxxl.de\/markt\/wp-json\/wp\/v2\/types\/product"}],"replies":[{"embeddable":true,"href":"https:\/\/marktxxl.de\/markt\/wp-json\/wp\/v2\/comments?post=200722"}],"wp:featuredmedia":[{"embeddable":true,"href":"https:\/\/marktxxl.de\/markt\/wp-json\/wp\/v2\/media\/200723"}],"wp:attachment":[{"href":"https:\/\/marktxxl.de\/markt\/wp-json\/wp\/v2\/media?parent=200722"}],"wp:term":[{"taxonomy":"product_brand","embeddable":true,"href":"https:\/\/marktxxl.de\/markt\/wp-json\/wp\/v2\/product_brand?post=200722"},{"taxonomy":"product_cat","embeddable":true,"href":"https:\/\/marktxxl.de\/markt\/wp-json\/wp\/v2\/product_cat?post=200722"},{"taxonomy":"product_tag","embeddable":true,"href":"https:\/\/marktxxl.de\/markt\/wp-json\/wp\/v2\/product_tag?post=200722"}],"curies":[{"name":"wp","href":"https:\/\/api.w.org\/{rel}","templated":true}]}}