{"id":200633,"date":"2023-04-10T10:47:02","date_gmt":"2023-04-10T08:47:02","guid":{"rendered":"https:\/\/marktxxl.de\/markt\/produkt\/simply-kids-stoppersocken-kinder-9-paar-baby-socken-anti-rutsch-6-monate-3-jahre-antirutschsocken-kinder\/"},"modified":"2023-04-10T10:47:02","modified_gmt":"2023-04-10T08:47:02","slug":"simply-kids-stoppersocken-kinder-9-paar-baby-socken-anti-rutsch-6-monate-3-jahre-antirutschsocken-kinder","status":"publish","type":"product","link":"https:\/\/marktxxl.de\/markt\/produkt\/simply-kids-stoppersocken-kinder-9-paar-baby-socken-anti-rutsch-6-monate-3-jahre-antirutschsocken-kinder\/","title":{"rendered":"Simply Kids Stoppersocken Kinder (9 Paar) Baby Socken Anti Rutsch 6 monate &#8211; 3 Jahre Antirutschsocken Kinder"},"content":{"rendered":"<p>\ud835\uddd4\ud835\uddfb\ud835\ude01\ud835\uddf6-\ud835\udde5\ud835\ude02\ud835\ude01\ud835\ude00\ud835\uddf0\ud835\uddf5-\ud835\udde6\ud835\uddfc\ud835\uddf0\ud835\uddf8\ud835\uddf2\ud835\uddfb \ud835\uddf3\u00fc\ud835\uddff \ud835\uddf1\ud835\uddf6\ud835\uddf2 \ud835\udde6\ud835\uddf6\ud835\uddf0\ud835\uddf5\ud835\uddf2\ud835\uddff\ud835\uddf5\ud835\uddf2\ud835\uddf6\ud835\ude01 \ud835\udddc\ud835\uddf5\ud835\uddff\ud835\uddf2\ud835\ude00 \ud835\uddd5\ud835\uddee\ud835\uddef\ud835\ude06\ud835\ude00 &#8211; Diese quadratischen Stoppersocken bieten zus\u00e4tzlichen Halt und Stabilit\u00e4t, so dass Ihr Kind selbstbewusst seine ersten Schritte auf Holz- und Fliesenb\u00f6den machen kann.<br \/>\n\ud835\uddd4\ud835\ude02\ud835\ude00 \ud835\uddf5\ud835\uddfc\ud835\uddf0\ud835\uddf5\ud835\ude04\ud835\uddf2\ud835\uddff\ud835\ude01\ud835\uddf6\ud835\uddf4\ud835\uddf2\ud835\uddfa, \ud835\uddef\ud835\uddee\ud835\ude02\ud835\uddfa\ud835\ude04\ud835\uddfc\ud835\uddf9\ud835\uddf9\ud835\uddff\ud835\uddf2\ud835\uddf6\ud835\uddf0\ud835\uddf5\ud835\uddf2\ud835\uddfa \ud835\udde6\ud835\ude01\ud835\uddfc\ud835\uddf3\ud835\uddf3 &#8211; Die Materialien sind eine Mischung aus 80% Baumwolle, 18% Polyester und 2% Elasthan. Es wurde getestet, um ein weiches Gef\u00fchl, Komfort und eine perfekte Dehnbarkeit und Passform zu gew\u00e4hrleisten. Garantiert kein Einlaufen nach dem Waschen.<br \/>\n\ud835\uddd5\ud835\uddf9\ud835\uddf2\ud835\uddf6\ud835\uddef\ud835\ude01 \ud835\uddf1\ud835\uddff\ud835\uddee\ud835\uddfb \ud835\ude02\ud835\uddfb\ud835\uddf1 \ud835\uddf5\ud835\uddf6\ud835\uddfb\ud835\ude01\ud835\uddf2\ud835\uddff\ud835\uddf9\u00e4\ud835\ude00\ud835\ude00\ud835\ude01 \ud835\uddf8\ud835\uddf2\ud835\uddf6\ud835\uddfb\ud835\uddf2 \ud835\udde6\ud835\uddfd\ud835\ude02\ud835\uddff\ud835\uddf2\ud835\uddfb &#8211; Der Bund wurde mit gef\u00fchlvollen N\u00e4hten und 30 Jahren Webkunst entworfen. Er ist sehr dehnbar und 2x elastisch, damit er nicht herunterrutscht und keine Spuren auf der Haut Ihres Babys hinterl\u00e4sst.<br \/>\n\ud835\uddde\ud835\uddfc\ud835\ude00\ud835\ude01\ud835\uddf2\ud835\uddfb\ud835\uddf9\ud835\uddfc\ud835\ude00\ud835\uddf2\ud835\uddff \ud835\uddea\u00e4\ud835\ude00\ud835\uddf0\ud835\uddf5\ud835\uddf2\ud835\uddef\ud835\uddf2\ud835\ude02\ud835\ude01\ud835\uddf2\ud835\uddf9 \ud835\ude02\ud835\uddfb\ud835\uddf1 \ud835\uddda\ud835\uddf2\ud835\ude00\ud835\uddf0\ud835\uddf5\ud835\uddf2\ud835\uddfb\ud835\uddf8\ud835\uddef\ud835\uddfc\ud835\ude05 &#8211; Wir wissen, wie schwer es ist, die winzigen S\u00f6ckchen Ihres Babys zu waschen, und das Problem des verlorenen Sockenpaars ist gel\u00f6st! Mit einem W\u00e4schebeutel zum einfachen Waschen und einer niedlichen Geschenkbox, die Kinder sicher lieben werden.<br \/>\n\ud835\uddda\ud835\uddff\u00fc\ud835\uddfb\ud835\uddf1\ud835\uddf9\ud835\uddf6\ud835\uddf0\ud835\uddf5 \ud835\uddf4\ud835\uddf2\ud835\ude01\ud835\uddf2\ud835\ude00\ud835\ude01\ud835\uddf2\ud835\ude01 \ud835\ude02\ud835\uddfb\ud835\uddf1 \ud835\uddf4\ud835\uddf2\ud835\uddfd\ud835\uddff\u00fc\ud835\uddf3\ud835\ude01 &#8211; Das Hauptziel von Simply Kids ist es, Produkte zu entwickeln, die Ihren Kleinen die gr\u00f6\u00dftm\u00f6gliche Sicherheit bieten. Alle Materialien sind BFA-frei und von der CFSIA gepr\u00fcft, zugelassen und zertifiziert.<br \/>\n<div class=\"main-cross-sell\" data-asin=\"B0BRXP4MQP\">\n\n\t<div class=\"WooZone-cross-sell-loader\">\n\t\t<div>\n\t\t\t<div id=\"floatingBarsG\">\n\t\t\t\t<div class=\"blockG\" id=\"rotateG_01\"><\/div>\n\t\t\t\t<div class=\"blockG\" id=\"rotateG_02\"><\/div>\n\t\t\t\t<div class=\"blockG\" id=\"rotateG_03\"><\/div>\n\t\t\t\t<div class=\"blockG\" id=\"rotateG_04\"><\/div>\n\t\t\t\t<div class=\"blockG\" id=\"rotateG_05\"><\/div>\n\t\t\t\t<div class=\"blockG\" id=\"rotateG_06\"><\/div>\n\t\t\t\t<div class=\"blockG\" id=\"rotateG_07\"><\/div>\n\t\t\t\t<div class=\"blockG\" id=\"rotateG_08\"><\/div>\n\t\t\t<\/div>\n\t\t\t<div class=\"WooZone-cross-sell-loader-text\"><\/div>\n\t\t<\/div>\n\t<\/div>\n\n\t\t\n<\/div>\n<div style=\"clear:both;\"><\/div><\/p>\n","protected":false},"excerpt":{"rendered":"<p>\ud835\uddd4\ud835\uddfb\ud835\ude01\ud835\uddf6-\ud835\udde5\ud835\ude02\ud835\ude01\ud835\ude00\ud835\uddf0\ud835\uddf5-\ud835\udde6\ud835\uddfc\ud835\uddf0\ud835\uddf8\ud835\uddf2\ud835\uddfb \ud835\uddf3\u00fc\ud835\uddff \ud835\uddf1\ud835\uddf6\ud835\uddf2 \ud835\udde6\ud835\uddf6\ud835\uddf0\ud835\uddf5\ud835\uddf2\ud835\uddff\ud835\uddf5\ud835\uddf2\ud835\uddf6\ud835\ude01 \ud835\udddc\ud835\uddf5\ud835\uddff\ud835\uddf2\ud835\ude00 \ud835\uddd5\ud835\uddee\ud835\uddef\ud835\ude06\ud835\ude00 &#8211; Diese quadratischen Stoppersocken bieten zus\u00e4tzlichen Halt und Stabilit\u00e4t, so dass Ihr Kind selbstbewusst seine ersten Schritte auf Holz- und Fliesenb\u00f6den machen kann.<br \/>\n\ud835\uddd4\ud835\ude02\ud835\ude00 \ud835\uddf5\ud835\uddfc\ud835\uddf0\ud835\uddf5\ud835\ude04\ud835\uddf2\ud835\uddff\ud835\ude01\ud835\uddf6\ud835\uddf4\ud835\uddf2\ud835\uddfa, \ud835\uddef\ud835\uddee\ud835\ude02\ud835\uddfa\ud835\ude04\ud835\uddfc\ud835\uddf9\ud835\uddf9\ud835\uddff\ud835\uddf2\ud835\uddf6\ud835\uddf0\ud835\uddf5\ud835\uddf2\ud835\uddfa \ud835\udde6\ud835\ude01\ud835\uddfc\ud835\uddf3\ud835\uddf3 &#8211; Die Materialien sind eine Mischung aus 80% Baumwolle, 18% Polyester und 2% Elasthan. Es wurde getestet, um ein weiches Gef\u00fchl, Komfort und eine perfekte Dehnbarkeit und Passform zu gew\u00e4hrleisten. Garantiert kein Einlaufen nach dem Waschen.<br \/>\n\ud835\uddd5\ud835\uddf9\ud835\uddf2\ud835\uddf6\ud835\uddef\ud835\ude01 \ud835\uddf1\ud835\uddff\ud835\uddee\ud835\uddfb \ud835\ude02\ud835\uddfb\ud835\uddf1 \ud835\uddf5\ud835\uddf6\ud835\uddfb\ud835\ude01\ud835\uddf2\ud835\uddff\ud835\uddf9\u00e4\ud835\ude00\ud835\ude00\ud835\ude01 \ud835\uddf8\ud835\uddf2\ud835\uddf6\ud835\uddfb\ud835\uddf2 \ud835\udde6\ud835\uddfd\ud835\ude02\ud835\uddff\ud835\uddf2\ud835\uddfb &#8211; Der Bund wurde mit gef\u00fchlvollen N\u00e4hten und 30 Jahren Webkunst entworfen. Er ist sehr dehnbar und 2x elastisch, damit er nicht herunterrutscht und keine Spuren auf der Haut Ihres Babys hinterl\u00e4sst.<\/p>\n","protected":false},"featured_media":200634,"comment_status":"open","ping_status":"closed","template":"","meta":[],"product_brand":[],"product_cat":[4054,1186],"product_tag":[],"class_list":{"0":"post-200633","1":"product","2":"type-product","3":"status-publish","4":"has-post-thumbnail","6":"product_cat-baby-bekleidung","7":"product_cat-bekleidung","8":"pa_brand-simply-kids","9":"pa_manufacturer-simply-kids","11":"first","12":"instock","13":"shipping-taxable","14":"product-type-simple","15":"customify-col","16":"product-has-gallery"},"yoast_head":"<!-- This site is optimized with the Yoast SEO plugin v27.4 - https:\/\/yoast.com\/product\/yoast-seo-wordpress\/ -->\n<title>Simply Kids Stoppersocken Kinder (9 Paar) Baby Socken Anti Rutsch 6 monate - 3 Jahre Antirutschsocken Kinder - Markt-XXL<\/title>\n<meta name=\"description\" content=\"Markt-XXL Simply Kids Stoppersocken Kinder (9 Paar) Baby Socken Anti Rutsch 6 monate - 3 Jahre Antirutschsocken Kinder\" \/>\n<meta name=\"robots\" content=\"index, follow, max-snippet:-1, max-image-preview:large, max-video-preview:-1\" \/>\n<link rel=\"canonical\" href=\"https:\/\/marktxxl.de\/markt\/produkt\/simply-kids-stoppersocken-kinder-9-paar-baby-socken-anti-rutsch-6-monate-3-jahre-antirutschsocken-kinder\/\" \/>\n<meta property=\"og:locale\" content=\"de_DE\" \/>\n<meta property=\"og:type\" content=\"article\" \/>\n<meta property=\"og:title\" content=\"Simply Kids Stoppersocken Kinder (9 Paar) Baby Socken Anti Rutsch 6 monate - 3 Jahre Antirutschsocken Kinder - Markt-XXL\" \/>\n<meta property=\"og:description\" content=\"Markt-XXL Simply Kids Stoppersocken Kinder (9 Paar) Baby Socken Anti Rutsch 6 monate - 3 Jahre Antirutschsocken Kinder\" \/>\n<meta property=\"og:url\" content=\"https:\/\/marktxxl.de\/markt\/produkt\/simply-kids-stoppersocken-kinder-9-paar-baby-socken-anti-rutsch-6-monate-3-jahre-antirutschsocken-kinder\/\" \/>\n<meta property=\"og:site_name\" content=\"Markt-XXL\" \/>\n<meta name=\"twitter:card\" content=\"summary_large_image\" \/>\n<meta name=\"twitter:label1\" content=\"Gesch\u00e4tzte Lesezeit\" \/>\n\t<meta name=\"twitter:data1\" content=\"1\u00a0Minute\" \/>\n<script type=\"application\/ld+json\" class=\"yoast-schema-graph\">{\"@context\":\"https:\\\/\\\/schema.org\",\"@graph\":[{\"@type\":\"WebPage\",\"@id\":\"https:\\\/\\\/marktxxl.de\\\/markt\\\/produkt\\\/simply-kids-stoppersocken-kinder-9-paar-baby-socken-anti-rutsch-6-monate-3-jahre-antirutschsocken-kinder\\\/\",\"url\":\"https:\\\/\\\/marktxxl.de\\\/markt\\\/produkt\\\/simply-kids-stoppersocken-kinder-9-paar-baby-socken-anti-rutsch-6-monate-3-jahre-antirutschsocken-kinder\\\/\",\"name\":\"Simply Kids Stoppersocken Kinder (9 Paar) Baby Socken Anti Rutsch 6 monate - 3 Jahre Antirutschsocken Kinder - Markt-XXL\",\"isPartOf\":{\"@id\":\"https:\\\/\\\/marktxxl.de\\\/markt\\\/#website\"},\"primaryImageOfPage\":{\"@id\":\"https:\\\/\\\/marktxxl.de\\\/markt\\\/produkt\\\/simply-kids-stoppersocken-kinder-9-paar-baby-socken-anti-rutsch-6-monate-3-jahre-antirutschsocken-kinder\\\/#primaryimage\"},\"image\":{\"@id\":\"https:\\\/\\\/marktxxl.de\\\/markt\\\/produkt\\\/simply-kids-stoppersocken-kinder-9-paar-baby-socken-anti-rutsch-6-monate-3-jahre-antirutschsocken-kinder\\\/#primaryimage\"},\"thumbnailUrl\":\"https:\\\/\\\/m.media-amazon.com\\\/images\\\/I\\\/51tB4LrzRrL._SL500_.jpg\",\"datePublished\":\"2023-04-10T08:47:02+00:00\",\"description\":\"Markt-XXL Simply Kids Stoppersocken Kinder (9 Paar) Baby Socken Anti Rutsch 6 monate - 3 Jahre Antirutschsocken Kinder\",\"breadcrumb\":{\"@id\":\"https:\\\/\\\/marktxxl.de\\\/markt\\\/produkt\\\/simply-kids-stoppersocken-kinder-9-paar-baby-socken-anti-rutsch-6-monate-3-jahre-antirutschsocken-kinder\\\/#breadcrumb\"},\"inLanguage\":\"de\",\"potentialAction\":[{\"@type\":\"ReadAction\",\"target\":[\"https:\\\/\\\/marktxxl.de\\\/markt\\\/produkt\\\/simply-kids-stoppersocken-kinder-9-paar-baby-socken-anti-rutsch-6-monate-3-jahre-antirutschsocken-kinder\\\/\"]}]},{\"@type\":\"ImageObject\",\"inLanguage\":\"de\",\"@id\":\"https:\\\/\\\/marktxxl.de\\\/markt\\\/produkt\\\/simply-kids-stoppersocken-kinder-9-paar-baby-socken-anti-rutsch-6-monate-3-jahre-antirutschsocken-kinder\\\/#primaryimage\",\"url\":\"https:\\\/\\\/m.media-amazon.com\\\/images\\\/I\\\/51tB4LrzRrL._SL500_.jpg\",\"contentUrl\":\"https:\\\/\\\/m.media-amazon.com\\\/images\\\/I\\\/51tB4LrzRrL._SL500_.jpg\",\"width\":435,\"height\":500},{\"@type\":\"BreadcrumbList\",\"@id\":\"https:\\\/\\\/marktxxl.de\\\/markt\\\/produkt\\\/simply-kids-stoppersocken-kinder-9-paar-baby-socken-anti-rutsch-6-monate-3-jahre-antirutschsocken-kinder\\\/#breadcrumb\",\"itemListElement\":[{\"@type\":\"ListItem\",\"position\":1,\"name\":\"Startseite\",\"item\":\"https:\\\/\\\/marktxxl.de\\\/markt\\\/\"},{\"@type\":\"ListItem\",\"position\":2,\"name\":\"Markt\",\"item\":\"https:\\\/\\\/marktxxl.de\\\/markt\\\/\"},{\"@type\":\"ListItem\",\"position\":3,\"name\":\"Simply Kids Stoppersocken Kinder (9 Paar) Baby Socken Anti Rutsch 6 monate &#8211; 3 Jahre Antirutschsocken Kinder\"}]},{\"@type\":\"WebSite\",\"@id\":\"https:\\\/\\\/marktxxl.de\\\/markt\\\/#website\",\"url\":\"https:\\\/\\\/marktxxl.de\\\/markt\\\/\",\"name\":\"Markt-XXL\",\"description\":\"Ihr Markt Online\",\"publisher\":{\"@id\":\"https:\\\/\\\/marktxxl.de\\\/markt\\\/#organization\"},\"potentialAction\":[{\"@type\":\"SearchAction\",\"target\":{\"@type\":\"EntryPoint\",\"urlTemplate\":\"https:\\\/\\\/marktxxl.de\\\/markt\\\/?s={search_term_string}\"},\"query-input\":{\"@type\":\"PropertyValueSpecification\",\"valueRequired\":true,\"valueName\":\"search_term_string\"}}],\"inLanguage\":\"de\"},{\"@type\":\"Organization\",\"@id\":\"https:\\\/\\\/marktxxl.de\\\/markt\\\/#organization\",\"name\":\"Markt-XXL\",\"url\":\"https:\\\/\\\/marktxxl.de\\\/markt\\\/\",\"logo\":{\"@type\":\"ImageObject\",\"inLanguage\":\"de\",\"@id\":\"https:\\\/\\\/marktxxl.de\\\/markt\\\/#\\\/schema\\\/logo\\\/image\\\/\",\"url\":\"https:\\\/\\\/marktxxl.de\\\/markt\\\/wp-content\\\/uploads\\\/sites\\\/3\\\/2020\\\/12\\\/logo.png\",\"contentUrl\":\"https:\\\/\\\/marktxxl.de\\\/markt\\\/wp-content\\\/uploads\\\/sites\\\/3\\\/2020\\\/12\\\/logo.png\",\"width\":200,\"height\":70,\"caption\":\"Markt-XXL\"},\"image\":{\"@id\":\"https:\\\/\\\/marktxxl.de\\\/markt\\\/#\\\/schema\\\/logo\\\/image\\\/\"}}]}<\/script>\n<!-- \/ Yoast SEO plugin. -->","yoast_head_json":{"title":"Simply Kids Stoppersocken Kinder (9 Paar) Baby Socken Anti Rutsch 6 monate - 3 Jahre Antirutschsocken Kinder - Markt-XXL","description":"Markt-XXL Simply Kids Stoppersocken Kinder (9 Paar) Baby Socken Anti Rutsch 6 monate - 3 Jahre Antirutschsocken Kinder","robots":{"index":"index","follow":"follow","max-snippet":"max-snippet:-1","max-image-preview":"max-image-preview:large","max-video-preview":"max-video-preview:-1"},"canonical":"https:\/\/marktxxl.de\/markt\/produkt\/simply-kids-stoppersocken-kinder-9-paar-baby-socken-anti-rutsch-6-monate-3-jahre-antirutschsocken-kinder\/","og_locale":"de_DE","og_type":"article","og_title":"Simply Kids Stoppersocken Kinder (9 Paar) Baby Socken Anti Rutsch 6 monate - 3 Jahre Antirutschsocken Kinder - Markt-XXL","og_description":"Markt-XXL Simply Kids Stoppersocken Kinder (9 Paar) Baby Socken Anti Rutsch 6 monate - 3 Jahre Antirutschsocken Kinder","og_url":"https:\/\/marktxxl.de\/markt\/produkt\/simply-kids-stoppersocken-kinder-9-paar-baby-socken-anti-rutsch-6-monate-3-jahre-antirutschsocken-kinder\/","og_site_name":"Markt-XXL","twitter_card":"summary_large_image","twitter_misc":{"Gesch\u00e4tzte Lesezeit":"1\u00a0Minute"},"schema":{"@context":"https:\/\/schema.org","@graph":[{"@type":"WebPage","@id":"https:\/\/marktxxl.de\/markt\/produkt\/simply-kids-stoppersocken-kinder-9-paar-baby-socken-anti-rutsch-6-monate-3-jahre-antirutschsocken-kinder\/","url":"https:\/\/marktxxl.de\/markt\/produkt\/simply-kids-stoppersocken-kinder-9-paar-baby-socken-anti-rutsch-6-monate-3-jahre-antirutschsocken-kinder\/","name":"Simply Kids Stoppersocken Kinder (9 Paar) Baby Socken Anti Rutsch 6 monate - 3 Jahre Antirutschsocken Kinder - Markt-XXL","isPartOf":{"@id":"https:\/\/marktxxl.de\/markt\/#website"},"primaryImageOfPage":{"@id":"https:\/\/marktxxl.de\/markt\/produkt\/simply-kids-stoppersocken-kinder-9-paar-baby-socken-anti-rutsch-6-monate-3-jahre-antirutschsocken-kinder\/#primaryimage"},"image":{"@id":"https:\/\/marktxxl.de\/markt\/produkt\/simply-kids-stoppersocken-kinder-9-paar-baby-socken-anti-rutsch-6-monate-3-jahre-antirutschsocken-kinder\/#primaryimage"},"thumbnailUrl":"https:\/\/m.media-amazon.com\/images\/I\/51tB4LrzRrL._SL500_.jpg","datePublished":"2023-04-10T08:47:02+00:00","description":"Markt-XXL Simply Kids Stoppersocken Kinder (9 Paar) Baby Socken Anti Rutsch 6 monate - 3 Jahre Antirutschsocken Kinder","breadcrumb":{"@id":"https:\/\/marktxxl.de\/markt\/produkt\/simply-kids-stoppersocken-kinder-9-paar-baby-socken-anti-rutsch-6-monate-3-jahre-antirutschsocken-kinder\/#breadcrumb"},"inLanguage":"de","potentialAction":[{"@type":"ReadAction","target":["https:\/\/marktxxl.de\/markt\/produkt\/simply-kids-stoppersocken-kinder-9-paar-baby-socken-anti-rutsch-6-monate-3-jahre-antirutschsocken-kinder\/"]}]},{"@type":"ImageObject","inLanguage":"de","@id":"https:\/\/marktxxl.de\/markt\/produkt\/simply-kids-stoppersocken-kinder-9-paar-baby-socken-anti-rutsch-6-monate-3-jahre-antirutschsocken-kinder\/#primaryimage","url":"https:\/\/m.media-amazon.com\/images\/I\/51tB4LrzRrL._SL500_.jpg","contentUrl":"https:\/\/m.media-amazon.com\/images\/I\/51tB4LrzRrL._SL500_.jpg","width":435,"height":500},{"@type":"BreadcrumbList","@id":"https:\/\/marktxxl.de\/markt\/produkt\/simply-kids-stoppersocken-kinder-9-paar-baby-socken-anti-rutsch-6-monate-3-jahre-antirutschsocken-kinder\/#breadcrumb","itemListElement":[{"@type":"ListItem","position":1,"name":"Startseite","item":"https:\/\/marktxxl.de\/markt\/"},{"@type":"ListItem","position":2,"name":"Markt","item":"https:\/\/marktxxl.de\/markt\/"},{"@type":"ListItem","position":3,"name":"Simply Kids Stoppersocken Kinder (9 Paar) Baby Socken Anti Rutsch 6 monate &#8211; 3 Jahre Antirutschsocken Kinder"}]},{"@type":"WebSite","@id":"https:\/\/marktxxl.de\/markt\/#website","url":"https:\/\/marktxxl.de\/markt\/","name":"Markt-XXL","description":"Ihr Markt Online","publisher":{"@id":"https:\/\/marktxxl.de\/markt\/#organization"},"potentialAction":[{"@type":"SearchAction","target":{"@type":"EntryPoint","urlTemplate":"https:\/\/marktxxl.de\/markt\/?s={search_term_string}"},"query-input":{"@type":"PropertyValueSpecification","valueRequired":true,"valueName":"search_term_string"}}],"inLanguage":"de"},{"@type":"Organization","@id":"https:\/\/marktxxl.de\/markt\/#organization","name":"Markt-XXL","url":"https:\/\/marktxxl.de\/markt\/","logo":{"@type":"ImageObject","inLanguage":"de","@id":"https:\/\/marktxxl.de\/markt\/#\/schema\/logo\/image\/","url":"https:\/\/marktxxl.de\/markt\/wp-content\/uploads\/sites\/3\/2020\/12\/logo.png","contentUrl":"https:\/\/marktxxl.de\/markt\/wp-content\/uploads\/sites\/3\/2020\/12\/logo.png","width":200,"height":70,"caption":"Markt-XXL"},"image":{"@id":"https:\/\/marktxxl.de\/markt\/#\/schema\/logo\/image\/"}}]}},"_links":{"self":[{"href":"https:\/\/marktxxl.de\/markt\/wp-json\/wp\/v2\/product\/200633","targetHints":{"allow":["GET"]}}],"collection":[{"href":"https:\/\/marktxxl.de\/markt\/wp-json\/wp\/v2\/product"}],"about":[{"href":"https:\/\/marktxxl.de\/markt\/wp-json\/wp\/v2\/types\/product"}],"replies":[{"embeddable":true,"href":"https:\/\/marktxxl.de\/markt\/wp-json\/wp\/v2\/comments?post=200633"}],"wp:featuredmedia":[{"embeddable":true,"href":"https:\/\/marktxxl.de\/markt\/wp-json\/wp\/v2\/media\/200634"}],"wp:attachment":[{"href":"https:\/\/marktxxl.de\/markt\/wp-json\/wp\/v2\/media?parent=200633"}],"wp:term":[{"taxonomy":"product_brand","embeddable":true,"href":"https:\/\/marktxxl.de\/markt\/wp-json\/wp\/v2\/product_brand?post=200633"},{"taxonomy":"product_cat","embeddable":true,"href":"https:\/\/marktxxl.de\/markt\/wp-json\/wp\/v2\/product_cat?post=200633"},{"taxonomy":"product_tag","embeddable":true,"href":"https:\/\/marktxxl.de\/markt\/wp-json\/wp\/v2\/product_tag?post=200633"}],"curies":[{"name":"wp","href":"https:\/\/api.w.org\/{rel}","templated":true}]}}