{"id":200577,"date":"2023-04-10T10:29:26","date_gmt":"2023-04-10T08:29:26","guid":{"rendered":"https:\/\/marktxxl.de\/markt\/produkt\/invi-nano-black-edition-shisha-set\/"},"modified":"2023-04-10T10:29:26","modified_gmt":"2023-04-10T08:29:26","slug":"invi-nano-black-edition-shisha-set","status":"publish","type":"product","link":"https:\/\/marktxxl.de\/markt\/produkt\/invi-nano-black-edition-shisha-set\/","title":{"rendered":"INVI\u00ae Nano Black Edition Shisha Set"},"content":{"rendered":"<p>PERFEKTE REISESHISHA \u2013 Die INVI Nano Edelstahl ist deine perfekte Begleiterin auf Reisen denn alle mitgelieferten Teile passen in die praktische und kompakte Transporttasche.<br \/>\nSICHERE CONNECTION &#8211; Glas und Rauchbase der INVI Nano lassen sich mit einem Gewinde ordentlich verschrauben. Somit zieht die Shisha keine Nebenluft und die Rauchbase kann nicht versehentlich heruntergerissen werden.<br \/>\n20 CM K\u00d6NNEN AUSREICHEND SEIN &#8211; Das in der Mitte trennbare Mundst\u00fcck ist durchzugsoptimiert und es kann sowohl mit einem langen, als auch mit einem kurzen Hygienemundst\u00fcck verwendet werden.<br \/>\nKLEIN ABER OHO \u2013 Die INVI Nano Edelstahl z\u00e4hlt mit ihren 19 cm zwar eher zu den kleineren Shishas, aber die Rauchentwicklung wird dich begeistern, da sie locker mit den \u201eGro\u00dfen\u201c mithalten kann.<br \/>\nABNEHMBARER DIFFUSOR &#8211; Das Wasserrohr kommt mit einem Diffusor der die Ger\u00e4usch- und Vibrationsentwicklung beim Rauchen deutlich reduziert.<br \/>\n<div class=\"main-cross-sell\" data-asin=\"B07MVLSSL4\">\n\n\t<div class=\"WooZone-cross-sell-loader\">\n\t\t<div>\n\t\t\t<div id=\"floatingBarsG\">\n\t\t\t\t<div class=\"blockG\" id=\"rotateG_01\"><\/div>\n\t\t\t\t<div class=\"blockG\" id=\"rotateG_02\"><\/div>\n\t\t\t\t<div class=\"blockG\" id=\"rotateG_03\"><\/div>\n\t\t\t\t<div class=\"blockG\" id=\"rotateG_04\"><\/div>\n\t\t\t\t<div class=\"blockG\" id=\"rotateG_05\"><\/div>\n\t\t\t\t<div class=\"blockG\" id=\"rotateG_06\"><\/div>\n\t\t\t\t<div class=\"blockG\" id=\"rotateG_07\"><\/div>\n\t\t\t\t<div class=\"blockG\" id=\"rotateG_08\"><\/div>\n\t\t\t<\/div>\n\t\t\t<div class=\"WooZone-cross-sell-loader-text\"><\/div>\n\t\t<\/div>\n\t<\/div>\n\n\t\t\n<\/div>\n<div style=\"clear:both;\"><\/div><\/p>\n","protected":false},"excerpt":{"rendered":"<p>PERFEKTE REISESHISHA \u2013 Die INVI Nano Edelstahl ist deine perfekte Begleiterin auf Reisen denn alle mitgelieferten Teile passen in die praktische und kompakte Transporttasche.<br \/>\nSICHERE CONNECTION &#8211; Glas und Rauchbase der INVI Nano lassen sich mit einem Gewinde ordentlich verschrauben. Somit zieht die Shisha keine Nebenluft und die Rauchbase kann nicht versehentlich heruntergerissen werden.<br \/>\n20 CM K\u00d6NNEN AUSREICHEND SEIN &#8211; Das in der Mitte trennbare Mundst\u00fcck ist durchzugsoptimiert und es kann sowohl mit einem langen, als auch mit einem kurzen Hygienemundst\u00fcck verwendet werden.<\/p>\n","protected":false},"featured_media":200578,"comment_status":"open","ping_status":"closed","template":"","meta":[],"product_brand":[],"product_cat":[566,5626],"product_tag":[],"class_list":{"0":"post-200577","1":"product","2":"type-product","3":"status-publish","4":"has-post-thumbnail","6":"product_cat-drogerie-koerperpflege","7":"product_cat-elektronische-zigaretten-shishas-zubehoer","8":"pa_brand-invi","9":"pa_manufacturer-emtrada-gmbh","11":"first","12":"instock","13":"shipping-taxable","14":"product-type-simple","15":"customify-col","16":"product-has-gallery"},"yoast_head":"<!-- This site is optimized with the Yoast SEO plugin v27.3 - https:\/\/yoast.com\/product\/yoast-seo-wordpress\/ -->\n<title>INVI\u00ae Nano Black Edition Shisha Set - Markt-XXL<\/title>\n<meta name=\"description\" content=\"Markt-XXL INVI\u00ae Nano Black Edition Shisha Set\" \/>\n<meta name=\"robots\" content=\"index, follow, max-snippet:-1, max-image-preview:large, max-video-preview:-1\" \/>\n<link rel=\"canonical\" href=\"https:\/\/marktxxl.de\/markt\/produkt\/invi-nano-black-edition-shisha-set\/\" \/>\n<meta property=\"og:locale\" content=\"de_DE\" \/>\n<meta property=\"og:type\" content=\"article\" \/>\n<meta property=\"og:title\" content=\"INVI\u00ae Nano Black Edition Shisha Set - Markt-XXL\" \/>\n<meta property=\"og:description\" content=\"Markt-XXL INVI\u00ae Nano Black Edition Shisha Set\" \/>\n<meta property=\"og:url\" content=\"https:\/\/marktxxl.de\/markt\/produkt\/invi-nano-black-edition-shisha-set\/\" \/>\n<meta property=\"og:site_name\" content=\"Markt-XXL\" \/>\n<meta name=\"twitter:card\" content=\"summary_large_image\" \/>\n<meta name=\"twitter:label1\" content=\"Gesch\u00e4tzte Lesezeit\" \/>\n\t<meta name=\"twitter:data1\" content=\"1\u00a0Minute\" \/>\n<script type=\"application\/ld+json\" class=\"yoast-schema-graph\">{\"@context\":\"https:\\\/\\\/schema.org\",\"@graph\":[{\"@type\":\"WebPage\",\"@id\":\"https:\\\/\\\/marktxxl.de\\\/markt\\\/produkt\\\/invi-nano-black-edition-shisha-set\\\/\",\"url\":\"https:\\\/\\\/marktxxl.de\\\/markt\\\/produkt\\\/invi-nano-black-edition-shisha-set\\\/\",\"name\":\"INVI\u00ae Nano Black Edition Shisha Set - Markt-XXL\",\"isPartOf\":{\"@id\":\"https:\\\/\\\/marktxxl.de\\\/markt\\\/#website\"},\"primaryImageOfPage\":{\"@id\":\"https:\\\/\\\/marktxxl.de\\\/markt\\\/produkt\\\/invi-nano-black-edition-shisha-set\\\/#primaryimage\"},\"image\":{\"@id\":\"https:\\\/\\\/marktxxl.de\\\/markt\\\/produkt\\\/invi-nano-black-edition-shisha-set\\\/#primaryimage\"},\"thumbnailUrl\":\"https:\\\/\\\/m.media-amazon.com\\\/images\\\/I\\\/31p+ayyAf9L._SL500_.jpg\",\"datePublished\":\"2023-04-10T08:29:26+00:00\",\"description\":\"Markt-XXL INVI\u00ae Nano Black Edition Shisha Set\",\"breadcrumb\":{\"@id\":\"https:\\\/\\\/marktxxl.de\\\/markt\\\/produkt\\\/invi-nano-black-edition-shisha-set\\\/#breadcrumb\"},\"inLanguage\":\"de\",\"potentialAction\":[{\"@type\":\"ReadAction\",\"target\":[\"https:\\\/\\\/marktxxl.de\\\/markt\\\/produkt\\\/invi-nano-black-edition-shisha-set\\\/\"]}]},{\"@type\":\"ImageObject\",\"inLanguage\":\"de\",\"@id\":\"https:\\\/\\\/marktxxl.de\\\/markt\\\/produkt\\\/invi-nano-black-edition-shisha-set\\\/#primaryimage\",\"url\":\"https:\\\/\\\/m.media-amazon.com\\\/images\\\/I\\\/31p+ayyAf9L._SL500_.jpg\",\"contentUrl\":\"https:\\\/\\\/m.media-amazon.com\\\/images\\\/I\\\/31p+ayyAf9L._SL500_.jpg\",\"width\":333,\"height\":500},{\"@type\":\"BreadcrumbList\",\"@id\":\"https:\\\/\\\/marktxxl.de\\\/markt\\\/produkt\\\/invi-nano-black-edition-shisha-set\\\/#breadcrumb\",\"itemListElement\":[{\"@type\":\"ListItem\",\"position\":1,\"name\":\"Startseite\",\"item\":\"https:\\\/\\\/marktxxl.de\\\/markt\\\/\"},{\"@type\":\"ListItem\",\"position\":2,\"name\":\"Markt\",\"item\":\"https:\\\/\\\/marktxxl.de\\\/markt\\\/\"},{\"@type\":\"ListItem\",\"position\":3,\"name\":\"INVI\u00ae Nano Black Edition Shisha Set\"}]},{\"@type\":\"WebSite\",\"@id\":\"https:\\\/\\\/marktxxl.de\\\/markt\\\/#website\",\"url\":\"https:\\\/\\\/marktxxl.de\\\/markt\\\/\",\"name\":\"Markt-XXL\",\"description\":\"Ihr Markt Online\",\"publisher\":{\"@id\":\"https:\\\/\\\/marktxxl.de\\\/markt\\\/#organization\"},\"potentialAction\":[{\"@type\":\"SearchAction\",\"target\":{\"@type\":\"EntryPoint\",\"urlTemplate\":\"https:\\\/\\\/marktxxl.de\\\/markt\\\/?s={search_term_string}\"},\"query-input\":{\"@type\":\"PropertyValueSpecification\",\"valueRequired\":true,\"valueName\":\"search_term_string\"}}],\"inLanguage\":\"de\"},{\"@type\":\"Organization\",\"@id\":\"https:\\\/\\\/marktxxl.de\\\/markt\\\/#organization\",\"name\":\"Markt-XXL\",\"url\":\"https:\\\/\\\/marktxxl.de\\\/markt\\\/\",\"logo\":{\"@type\":\"ImageObject\",\"inLanguage\":\"de\",\"@id\":\"https:\\\/\\\/marktxxl.de\\\/markt\\\/#\\\/schema\\\/logo\\\/image\\\/\",\"url\":\"https:\\\/\\\/marktxxl.de\\\/markt\\\/wp-content\\\/uploads\\\/sites\\\/3\\\/2020\\\/12\\\/logo.png\",\"contentUrl\":\"https:\\\/\\\/marktxxl.de\\\/markt\\\/wp-content\\\/uploads\\\/sites\\\/3\\\/2020\\\/12\\\/logo.png\",\"width\":200,\"height\":70,\"caption\":\"Markt-XXL\"},\"image\":{\"@id\":\"https:\\\/\\\/marktxxl.de\\\/markt\\\/#\\\/schema\\\/logo\\\/image\\\/\"}}]}<\/script>\n<!-- \/ Yoast SEO plugin. -->","yoast_head_json":{"title":"INVI\u00ae Nano Black Edition Shisha Set - Markt-XXL","description":"Markt-XXL INVI\u00ae Nano Black Edition Shisha Set","robots":{"index":"index","follow":"follow","max-snippet":"max-snippet:-1","max-image-preview":"max-image-preview:large","max-video-preview":"max-video-preview:-1"},"canonical":"https:\/\/marktxxl.de\/markt\/produkt\/invi-nano-black-edition-shisha-set\/","og_locale":"de_DE","og_type":"article","og_title":"INVI\u00ae Nano Black Edition Shisha Set - Markt-XXL","og_description":"Markt-XXL INVI\u00ae Nano Black Edition Shisha Set","og_url":"https:\/\/marktxxl.de\/markt\/produkt\/invi-nano-black-edition-shisha-set\/","og_site_name":"Markt-XXL","twitter_card":"summary_large_image","twitter_misc":{"Gesch\u00e4tzte Lesezeit":"1\u00a0Minute"},"schema":{"@context":"https:\/\/schema.org","@graph":[{"@type":"WebPage","@id":"https:\/\/marktxxl.de\/markt\/produkt\/invi-nano-black-edition-shisha-set\/","url":"https:\/\/marktxxl.de\/markt\/produkt\/invi-nano-black-edition-shisha-set\/","name":"INVI\u00ae Nano Black Edition Shisha Set - Markt-XXL","isPartOf":{"@id":"https:\/\/marktxxl.de\/markt\/#website"},"primaryImageOfPage":{"@id":"https:\/\/marktxxl.de\/markt\/produkt\/invi-nano-black-edition-shisha-set\/#primaryimage"},"image":{"@id":"https:\/\/marktxxl.de\/markt\/produkt\/invi-nano-black-edition-shisha-set\/#primaryimage"},"thumbnailUrl":"https:\/\/m.media-amazon.com\/images\/I\/31p+ayyAf9L._SL500_.jpg","datePublished":"2023-04-10T08:29:26+00:00","description":"Markt-XXL INVI\u00ae Nano Black Edition Shisha Set","breadcrumb":{"@id":"https:\/\/marktxxl.de\/markt\/produkt\/invi-nano-black-edition-shisha-set\/#breadcrumb"},"inLanguage":"de","potentialAction":[{"@type":"ReadAction","target":["https:\/\/marktxxl.de\/markt\/produkt\/invi-nano-black-edition-shisha-set\/"]}]},{"@type":"ImageObject","inLanguage":"de","@id":"https:\/\/marktxxl.de\/markt\/produkt\/invi-nano-black-edition-shisha-set\/#primaryimage","url":"https:\/\/m.media-amazon.com\/images\/I\/31p+ayyAf9L._SL500_.jpg","contentUrl":"https:\/\/m.media-amazon.com\/images\/I\/31p+ayyAf9L._SL500_.jpg","width":333,"height":500},{"@type":"BreadcrumbList","@id":"https:\/\/marktxxl.de\/markt\/produkt\/invi-nano-black-edition-shisha-set\/#breadcrumb","itemListElement":[{"@type":"ListItem","position":1,"name":"Startseite","item":"https:\/\/marktxxl.de\/markt\/"},{"@type":"ListItem","position":2,"name":"Markt","item":"https:\/\/marktxxl.de\/markt\/"},{"@type":"ListItem","position":3,"name":"INVI\u00ae Nano Black Edition Shisha Set"}]},{"@type":"WebSite","@id":"https:\/\/marktxxl.de\/markt\/#website","url":"https:\/\/marktxxl.de\/markt\/","name":"Markt-XXL","description":"Ihr Markt Online","publisher":{"@id":"https:\/\/marktxxl.de\/markt\/#organization"},"potentialAction":[{"@type":"SearchAction","target":{"@type":"EntryPoint","urlTemplate":"https:\/\/marktxxl.de\/markt\/?s={search_term_string}"},"query-input":{"@type":"PropertyValueSpecification","valueRequired":true,"valueName":"search_term_string"}}],"inLanguage":"de"},{"@type":"Organization","@id":"https:\/\/marktxxl.de\/markt\/#organization","name":"Markt-XXL","url":"https:\/\/marktxxl.de\/markt\/","logo":{"@type":"ImageObject","inLanguage":"de","@id":"https:\/\/marktxxl.de\/markt\/#\/schema\/logo\/image\/","url":"https:\/\/marktxxl.de\/markt\/wp-content\/uploads\/sites\/3\/2020\/12\/logo.png","contentUrl":"https:\/\/marktxxl.de\/markt\/wp-content\/uploads\/sites\/3\/2020\/12\/logo.png","width":200,"height":70,"caption":"Markt-XXL"},"image":{"@id":"https:\/\/marktxxl.de\/markt\/#\/schema\/logo\/image\/"}}]}},"_links":{"self":[{"href":"https:\/\/marktxxl.de\/markt\/wp-json\/wp\/v2\/product\/200577","targetHints":{"allow":["GET"]}}],"collection":[{"href":"https:\/\/marktxxl.de\/markt\/wp-json\/wp\/v2\/product"}],"about":[{"href":"https:\/\/marktxxl.de\/markt\/wp-json\/wp\/v2\/types\/product"}],"replies":[{"embeddable":true,"href":"https:\/\/marktxxl.de\/markt\/wp-json\/wp\/v2\/comments?post=200577"}],"wp:featuredmedia":[{"embeddable":true,"href":"https:\/\/marktxxl.de\/markt\/wp-json\/wp\/v2\/media\/200578"}],"wp:attachment":[{"href":"https:\/\/marktxxl.de\/markt\/wp-json\/wp\/v2\/media?parent=200577"}],"wp:term":[{"taxonomy":"product_brand","embeddable":true,"href":"https:\/\/marktxxl.de\/markt\/wp-json\/wp\/v2\/product_brand?post=200577"},{"taxonomy":"product_cat","embeddable":true,"href":"https:\/\/marktxxl.de\/markt\/wp-json\/wp\/v2\/product_cat?post=200577"},{"taxonomy":"product_tag","embeddable":true,"href":"https:\/\/marktxxl.de\/markt\/wp-json\/wp\/v2\/product_tag?post=200577"}],"curies":[{"name":"wp","href":"https:\/\/api.w.org\/{rel}","templated":true}]}}