{"id":200454,"date":"2023-04-10T10:05:11","date_gmt":"2023-04-10T08:05:11","guid":{"rendered":"https:\/\/marktxxl.de\/markt\/produkt\/teliser-solarlampen-fuer-aussen-solar-flammenlicht-33-led-solarleuchten-fuer-garten-solar-gartenleuchten-mit-flammeneffekt-ip65-wasserdicht-solarfackel-lampe-fuer-terrasse-rasen-hinterhoefe-und\/"},"modified":"2023-04-10T10:05:11","modified_gmt":"2023-04-10T08:05:11","slug":"teliser-solarlampen-fuer-aussen-solar-flammenlicht-33-led-solarleuchten-fuer-garten-solar-gartenleuchten-mit-flammeneffekt-ip65-wasserdicht-solarfackel-lampe-fuer-terrasse-rasen-hinterhoefe-und","status":"publish","type":"product","link":"https:\/\/marktxxl.de\/markt\/produkt\/teliser-solarlampen-fuer-aussen-solar-flammenlicht-33-led-solarleuchten-fuer-garten-solar-gartenleuchten-mit-flammeneffekt-ip65-wasserdicht-solarfackel-lampe-fuer-terrasse-rasen-hinterhoefe-und\/","title":{"rendered":"Teliser Solarlampen f\u00fcr Au\u00dfen, Solar Flammenlicht, 33 LED Solarleuchten f\u00fcr Garten, Solar Gartenleuchten mit Flammeneffekt, IP65 wasserdicht, Solarfackel Lampe f\u00fcr Terrasse, Rasen, Hinterh\u00f6fe und Wege"},"content":{"rendered":"<p>\u3010Solarlampen f\u00fcr Au\u00dfen mit Tanzflammeneffekt \u3011Solar Flammenlicht verf\u00fcgt \u00fcber einen sch\u00f6nen tanzenden Flammeneffekt, der eine warme, romanische Atmosph\u00e4re schafft. Mit der hellen Strahlung ist sie ein optimaler Begleiter f\u00fcr die Veranstaltungen im Freien wie die Familienfeiern, Grillpartys und Campings.<br \/>\n\u3010600mAh Batterie &amp; lange Betriebszeit\u3011Die Solarlampen f\u00fcr Au\u00dfen ist mit einer 600 mAh Solarbatterie ausgestattet, die 600mAh Baterrie kann 6-8 Stunden Beleuchtungszeit in den Sommer und 4-5 Stunden in den Winter gew\u00e4hrleisten.<br \/>\n\u3010Automatischer D\u00e4mmerungssensor &amp; Umweltschutz\u3011Die Solarlampe verf\u00fcgt \u00fcber einen EIN\/AUS-Schalter und einen D\u00e4mmerungssensor. Die Solarleuchte wird sich tages\u00fcber automatisch aufladen und in der Nacht automatisch beleuchten. Sir brauchen keine Energiekosten bezahlen und es ist auch umweltfreundlich.<br \/>\n\u3010Aus ABS Matrial &amp; IP65 Wasserdicht\u3011 Die Gartenleuchten sind aus hochwertigem ABS Kunststof hergestellt und die kompakten Solar Gartenfackeln sind wasserdicht und wetterungsbest\u00e4ndig. Durch das IP65 Wasserdichte Design kann die Solarlampe unter verschiedenen Wetter ( sonniger Tag \/ Regen \/ Schnee) verwendet werden. So sind die Leuchten besonders geeignet f\u00fcr die Au\u00dfenbreiche wie Garten, Balkon und Terrasse.<br \/>\n\u3010Einfache Installation &amp; Produktsgarantie\u3011 Vor dem Einsetzen in den Boden dr\u00fccken Sie bitte die Taste &#8220;ON&#8221; auf der R\u00fcckseite, einfach installieren die Solarfackeln Gartenleuchten \u00fcberall, dank des Erdspie\u00dfes lassen sich die Solarleuchten an der gew\u00fcnschten Stelle fest im Erdreich verankern. Wir bieten 60 Tage Geldzur\u00fcck und 1 Jahr Produktsgarantie, Wenn Sie jede Frage haben, stehen wir gern zur Verf\u00fcgung.<br \/>\n<div class=\"main-cross-sell\" data-asin=\"B0BTP2RKW4\">\n\n\t<div class=\"WooZone-cross-sell-loader\">\n\t\t<div>\n\t\t\t<div id=\"floatingBarsG\">\n\t\t\t\t<div class=\"blockG\" id=\"rotateG_01\"><\/div>\n\t\t\t\t<div class=\"blockG\" id=\"rotateG_02\"><\/div>\n\t\t\t\t<div class=\"blockG\" id=\"rotateG_03\"><\/div>\n\t\t\t\t<div class=\"blockG\" id=\"rotateG_04\"><\/div>\n\t\t\t\t<div class=\"blockG\" id=\"rotateG_05\"><\/div>\n\t\t\t\t<div class=\"blockG\" id=\"rotateG_06\"><\/div>\n\t\t\t\t<div class=\"blockG\" id=\"rotateG_07\"><\/div>\n\t\t\t\t<div class=\"blockG\" id=\"rotateG_08\"><\/div>\n\t\t\t<\/div>\n\t\t\t<div class=\"WooZone-cross-sell-loader-text\"><\/div>\n\t\t<\/div>\n\t<\/div>\n\n\t\t\n<\/div>\n<div style=\"clear:both;\"><\/div><\/p>\n","protected":false},"excerpt":{"rendered":"<p>\u3010Solarlampen f\u00fcr Au\u00dfen mit Tanzflammeneffekt \u3011Solar Flammenlicht verf\u00fcgt \u00fcber einen sch\u00f6nen tanzenden Flammeneffekt, der eine warme, romanische Atmosph\u00e4re schafft. Mit der hellen Strahlung ist sie ein optimaler Begleiter f\u00fcr die Veranstaltungen im Freien wie die Familienfeiern, Grillpartys und Campings.<br \/>\n\u3010600mAh Batterie &amp; lange Betriebszeit\u3011Die Solarlampen f\u00fcr Au\u00dfen ist mit einer 600 mAh Solarbatterie ausgestattet, die 600mAh Baterrie kann 6-8 Stunden Beleuchtungszeit in den Sommer und 4-5 Stunden in den Winter gew\u00e4hrleisten.<br \/>\n\u3010Automatischer D\u00e4mmerungssensor &amp; Umweltschutz\u3011Die Solarlampe verf\u00fcgt \u00fcber einen EIN\/AUS-Schalter und einen D\u00e4mmerungssensor. Die Solarleuchte wird sich tages\u00fcber automatisch aufladen und in der Nacht automatisch beleuchten. Sir brauchen keine Energiekosten bezahlen und es ist auch umweltfreundlich.<\/p>\n","protected":false},"featured_media":200455,"comment_status":"open","ping_status":"closed","template":"","meta":[],"product_brand":[],"product_cat":[2108],"product_tag":[],"class_list":{"0":"post-200454","1":"product","2":"type-product","3":"status-publish","4":"has-post-thumbnail","6":"product_cat-beleuchtung","7":"pa_binding-gartenartikel","8":"pa_brand-teliser","9":"pa_height-3-149606296-zoll","10":"pa_length-23-0314960395-zoll","11":"pa_manufacturer-ninghai-bayhong-electric-appliance-factory","12":"pa_model-25199","13":"pa_model-mas-sj7-332","14":"pa_warranty-1-year","15":"pa_weight-1-763698096-pfund","16":"pa_width-3-149606296-zoll","18":"first","19":"instock","20":"sale","21":"shipping-taxable","22":"purchasable","23":"product-type-simple","24":"customify-col","25":"product-has-gallery"},"yoast_head":"<!-- This site is optimized with the Yoast SEO plugin v27.4 - https:\/\/yoast.com\/product\/yoast-seo-wordpress\/ -->\n<title>Teliser Solarlampen f\u00fcr Au\u00dfen, Solar Flammenlicht, 33 LED Solarleuchten f\u00fcr Garten, Solar Gartenleuchten mit Flammeneffekt, IP65 wasserdicht, Solarfackel Lampe f\u00fcr Terrasse, Rasen, Hinterh\u00f6fe und Wege - Markt-XXL<\/title>\n<meta name=\"description\" content=\"Markt-XXL Teliser Solarlampen f\u00fcr Au\u00dfen, Solar Flammenlicht, 33 LED Solarleuchten f\u00fcr Garten, Solar Gartenleuchten mit Flammeneffekt, IP65 wasserdicht, Solarfackel Lampe f\u00fcr Terrasse, Rasen, Hinterh\u00f6fe und Wege\" \/>\n<meta name=\"robots\" content=\"index, follow, max-snippet:-1, max-image-preview:large, max-video-preview:-1\" \/>\n<link rel=\"canonical\" href=\"https:\/\/marktxxl.de\/markt\/produkt\/teliser-solarlampen-fuer-aussen-solar-flammenlicht-33-led-solarleuchten-fuer-garten-solar-gartenleuchten-mit-flammeneffekt-ip65-wasserdicht-solarfackel-lampe-fuer-terrasse-rasen-hinterhoefe-und\/\" \/>\n<meta property=\"og:locale\" content=\"de_DE\" \/>\n<meta property=\"og:type\" content=\"article\" \/>\n<meta property=\"og:title\" content=\"Teliser Solarlampen f\u00fcr Au\u00dfen, Solar Flammenlicht, 33 LED Solarleuchten f\u00fcr Garten, Solar Gartenleuchten mit Flammeneffekt, IP65 wasserdicht, Solarfackel Lampe f\u00fcr Terrasse, Rasen, Hinterh\u00f6fe und Wege - Markt-XXL\" \/>\n<meta property=\"og:description\" content=\"Markt-XXL Teliser Solarlampen f\u00fcr Au\u00dfen, Solar Flammenlicht, 33 LED Solarleuchten f\u00fcr Garten, Solar Gartenleuchten mit Flammeneffekt, IP65 wasserdicht, Solarfackel Lampe f\u00fcr Terrasse, Rasen, Hinterh\u00f6fe und Wege\" \/>\n<meta property=\"og:url\" content=\"https:\/\/marktxxl.de\/markt\/produkt\/teliser-solarlampen-fuer-aussen-solar-flammenlicht-33-led-solarleuchten-fuer-garten-solar-gartenleuchten-mit-flammeneffekt-ip65-wasserdicht-solarfackel-lampe-fuer-terrasse-rasen-hinterhoefe-und\/\" \/>\n<meta property=\"og:site_name\" content=\"Markt-XXL\" \/>\n<meta name=\"twitter:card\" content=\"summary_large_image\" \/>\n<meta name=\"twitter:label1\" content=\"Gesch\u00e4tzte Lesezeit\" \/>\n\t<meta name=\"twitter:data1\" content=\"1\u00a0Minute\" \/>\n<script type=\"application\/ld+json\" class=\"yoast-schema-graph\">{\"@context\":\"https:\\\/\\\/schema.org\",\"@graph\":[{\"@type\":\"WebPage\",\"@id\":\"https:\\\/\\\/marktxxl.de\\\/markt\\\/produkt\\\/teliser-solarlampen-fuer-aussen-solar-flammenlicht-33-led-solarleuchten-fuer-garten-solar-gartenleuchten-mit-flammeneffekt-ip65-wasserdicht-solarfackel-lampe-fuer-terrasse-rasen-hinterhoefe-und\\\/\",\"url\":\"https:\\\/\\\/marktxxl.de\\\/markt\\\/produkt\\\/teliser-solarlampen-fuer-aussen-solar-flammenlicht-33-led-solarleuchten-fuer-garten-solar-gartenleuchten-mit-flammeneffekt-ip65-wasserdicht-solarfackel-lampe-fuer-terrasse-rasen-hinterhoefe-und\\\/\",\"name\":\"Teliser Solarlampen f\u00fcr Au\u00dfen, Solar Flammenlicht, 33 LED Solarleuchten f\u00fcr Garten, Solar Gartenleuchten mit Flammeneffekt, IP65 wasserdicht, Solarfackel Lampe f\u00fcr Terrasse, Rasen, Hinterh\u00f6fe und Wege - Markt-XXL\",\"isPartOf\":{\"@id\":\"https:\\\/\\\/marktxxl.de\\\/markt\\\/#website\"},\"primaryImageOfPage\":{\"@id\":\"https:\\\/\\\/marktxxl.de\\\/markt\\\/produkt\\\/teliser-solarlampen-fuer-aussen-solar-flammenlicht-33-led-solarleuchten-fuer-garten-solar-gartenleuchten-mit-flammeneffekt-ip65-wasserdicht-solarfackel-lampe-fuer-terrasse-rasen-hinterhoefe-und\\\/#primaryimage\"},\"image\":{\"@id\":\"https:\\\/\\\/marktxxl.de\\\/markt\\\/produkt\\\/teliser-solarlampen-fuer-aussen-solar-flammenlicht-33-led-solarleuchten-fuer-garten-solar-gartenleuchten-mit-flammeneffekt-ip65-wasserdicht-solarfackel-lampe-fuer-terrasse-rasen-hinterhoefe-und\\\/#primaryimage\"},\"thumbnailUrl\":\"https:\\\/\\\/m.media-amazon.com\\\/images\\\/I\\\/51uFVlSJ-WL._SL500_.jpg\",\"datePublished\":\"2023-04-10T08:05:11+00:00\",\"description\":\"Markt-XXL Teliser Solarlampen f\u00fcr Au\u00dfen, Solar Flammenlicht, 33 LED Solarleuchten f\u00fcr Garten, Solar Gartenleuchten mit Flammeneffekt, IP65 wasserdicht, Solarfackel Lampe f\u00fcr Terrasse, Rasen, Hinterh\u00f6fe und Wege\",\"breadcrumb\":{\"@id\":\"https:\\\/\\\/marktxxl.de\\\/markt\\\/produkt\\\/teliser-solarlampen-fuer-aussen-solar-flammenlicht-33-led-solarleuchten-fuer-garten-solar-gartenleuchten-mit-flammeneffekt-ip65-wasserdicht-solarfackel-lampe-fuer-terrasse-rasen-hinterhoefe-und\\\/#breadcrumb\"},\"inLanguage\":\"de\",\"potentialAction\":[{\"@type\":\"ReadAction\",\"target\":[\"https:\\\/\\\/marktxxl.de\\\/markt\\\/produkt\\\/teliser-solarlampen-fuer-aussen-solar-flammenlicht-33-led-solarleuchten-fuer-garten-solar-gartenleuchten-mit-flammeneffekt-ip65-wasserdicht-solarfackel-lampe-fuer-terrasse-rasen-hinterhoefe-und\\\/\"]}]},{\"@type\":\"ImageObject\",\"inLanguage\":\"de\",\"@id\":\"https:\\\/\\\/marktxxl.de\\\/markt\\\/produkt\\\/teliser-solarlampen-fuer-aussen-solar-flammenlicht-33-led-solarleuchten-fuer-garten-solar-gartenleuchten-mit-flammeneffekt-ip65-wasserdicht-solarfackel-lampe-fuer-terrasse-rasen-hinterhoefe-und\\\/#primaryimage\",\"url\":\"https:\\\/\\\/m.media-amazon.com\\\/images\\\/I\\\/51uFVlSJ-WL._SL500_.jpg\",\"contentUrl\":\"https:\\\/\\\/m.media-amazon.com\\\/images\\\/I\\\/51uFVlSJ-WL._SL500_.jpg\",\"width\":495,\"height\":500},{\"@type\":\"BreadcrumbList\",\"@id\":\"https:\\\/\\\/marktxxl.de\\\/markt\\\/produkt\\\/teliser-solarlampen-fuer-aussen-solar-flammenlicht-33-led-solarleuchten-fuer-garten-solar-gartenleuchten-mit-flammeneffekt-ip65-wasserdicht-solarfackel-lampe-fuer-terrasse-rasen-hinterhoefe-und\\\/#breadcrumb\",\"itemListElement\":[{\"@type\":\"ListItem\",\"position\":1,\"name\":\"Startseite\",\"item\":\"https:\\\/\\\/marktxxl.de\\\/markt\\\/\"},{\"@type\":\"ListItem\",\"position\":2,\"name\":\"Markt\",\"item\":\"https:\\\/\\\/marktxxl.de\\\/markt\\\/\"},{\"@type\":\"ListItem\",\"position\":3,\"name\":\"Teliser Solarlampen f\u00fcr Au\u00dfen, Solar Flammenlicht, 33 LED Solarleuchten f\u00fcr Garten, Solar Gartenleuchten mit Flammeneffekt, IP65 wasserdicht, Solarfackel Lampe f\u00fcr Terrasse, Rasen, Hinterh\u00f6fe und Wege\"}]},{\"@type\":\"WebSite\",\"@id\":\"https:\\\/\\\/marktxxl.de\\\/markt\\\/#website\",\"url\":\"https:\\\/\\\/marktxxl.de\\\/markt\\\/\",\"name\":\"Markt-XXL\",\"description\":\"Ihr Markt Online\",\"publisher\":{\"@id\":\"https:\\\/\\\/marktxxl.de\\\/markt\\\/#organization\"},\"potentialAction\":[{\"@type\":\"SearchAction\",\"target\":{\"@type\":\"EntryPoint\",\"urlTemplate\":\"https:\\\/\\\/marktxxl.de\\\/markt\\\/?s={search_term_string}\"},\"query-input\":{\"@type\":\"PropertyValueSpecification\",\"valueRequired\":true,\"valueName\":\"search_term_string\"}}],\"inLanguage\":\"de\"},{\"@type\":\"Organization\",\"@id\":\"https:\\\/\\\/marktxxl.de\\\/markt\\\/#organization\",\"name\":\"Markt-XXL\",\"url\":\"https:\\\/\\\/marktxxl.de\\\/markt\\\/\",\"logo\":{\"@type\":\"ImageObject\",\"inLanguage\":\"de\",\"@id\":\"https:\\\/\\\/marktxxl.de\\\/markt\\\/#\\\/schema\\\/logo\\\/image\\\/\",\"url\":\"https:\\\/\\\/marktxxl.de\\\/markt\\\/wp-content\\\/uploads\\\/sites\\\/3\\\/2020\\\/12\\\/logo.png\",\"contentUrl\":\"https:\\\/\\\/marktxxl.de\\\/markt\\\/wp-content\\\/uploads\\\/sites\\\/3\\\/2020\\\/12\\\/logo.png\",\"width\":200,\"height\":70,\"caption\":\"Markt-XXL\"},\"image\":{\"@id\":\"https:\\\/\\\/marktxxl.de\\\/markt\\\/#\\\/schema\\\/logo\\\/image\\\/\"}}]}<\/script>\n<!-- \/ Yoast SEO plugin. -->","yoast_head_json":{"title":"Teliser Solarlampen f\u00fcr Au\u00dfen, Solar Flammenlicht, 33 LED Solarleuchten f\u00fcr Garten, Solar Gartenleuchten mit Flammeneffekt, IP65 wasserdicht, Solarfackel Lampe f\u00fcr Terrasse, Rasen, Hinterh\u00f6fe und Wege - Markt-XXL","description":"Markt-XXL Teliser Solarlampen f\u00fcr Au\u00dfen, Solar Flammenlicht, 33 LED Solarleuchten f\u00fcr Garten, Solar Gartenleuchten mit Flammeneffekt, IP65 wasserdicht, Solarfackel Lampe f\u00fcr Terrasse, Rasen, Hinterh\u00f6fe und Wege","robots":{"index":"index","follow":"follow","max-snippet":"max-snippet:-1","max-image-preview":"max-image-preview:large","max-video-preview":"max-video-preview:-1"},"canonical":"https:\/\/marktxxl.de\/markt\/produkt\/teliser-solarlampen-fuer-aussen-solar-flammenlicht-33-led-solarleuchten-fuer-garten-solar-gartenleuchten-mit-flammeneffekt-ip65-wasserdicht-solarfackel-lampe-fuer-terrasse-rasen-hinterhoefe-und\/","og_locale":"de_DE","og_type":"article","og_title":"Teliser Solarlampen f\u00fcr Au\u00dfen, Solar Flammenlicht, 33 LED Solarleuchten f\u00fcr Garten, Solar Gartenleuchten mit Flammeneffekt, IP65 wasserdicht, Solarfackel Lampe f\u00fcr Terrasse, Rasen, Hinterh\u00f6fe und Wege - Markt-XXL","og_description":"Markt-XXL Teliser Solarlampen f\u00fcr Au\u00dfen, Solar Flammenlicht, 33 LED Solarleuchten f\u00fcr Garten, Solar Gartenleuchten mit Flammeneffekt, IP65 wasserdicht, Solarfackel Lampe f\u00fcr Terrasse, Rasen, Hinterh\u00f6fe und Wege","og_url":"https:\/\/marktxxl.de\/markt\/produkt\/teliser-solarlampen-fuer-aussen-solar-flammenlicht-33-led-solarleuchten-fuer-garten-solar-gartenleuchten-mit-flammeneffekt-ip65-wasserdicht-solarfackel-lampe-fuer-terrasse-rasen-hinterhoefe-und\/","og_site_name":"Markt-XXL","twitter_card":"summary_large_image","twitter_misc":{"Gesch\u00e4tzte Lesezeit":"1\u00a0Minute"},"schema":{"@context":"https:\/\/schema.org","@graph":[{"@type":"WebPage","@id":"https:\/\/marktxxl.de\/markt\/produkt\/teliser-solarlampen-fuer-aussen-solar-flammenlicht-33-led-solarleuchten-fuer-garten-solar-gartenleuchten-mit-flammeneffekt-ip65-wasserdicht-solarfackel-lampe-fuer-terrasse-rasen-hinterhoefe-und\/","url":"https:\/\/marktxxl.de\/markt\/produkt\/teliser-solarlampen-fuer-aussen-solar-flammenlicht-33-led-solarleuchten-fuer-garten-solar-gartenleuchten-mit-flammeneffekt-ip65-wasserdicht-solarfackel-lampe-fuer-terrasse-rasen-hinterhoefe-und\/","name":"Teliser Solarlampen f\u00fcr Au\u00dfen, Solar Flammenlicht, 33 LED Solarleuchten f\u00fcr Garten, Solar Gartenleuchten mit Flammeneffekt, IP65 wasserdicht, Solarfackel Lampe f\u00fcr Terrasse, Rasen, Hinterh\u00f6fe und Wege - Markt-XXL","isPartOf":{"@id":"https:\/\/marktxxl.de\/markt\/#website"},"primaryImageOfPage":{"@id":"https:\/\/marktxxl.de\/markt\/produkt\/teliser-solarlampen-fuer-aussen-solar-flammenlicht-33-led-solarleuchten-fuer-garten-solar-gartenleuchten-mit-flammeneffekt-ip65-wasserdicht-solarfackel-lampe-fuer-terrasse-rasen-hinterhoefe-und\/#primaryimage"},"image":{"@id":"https:\/\/marktxxl.de\/markt\/produkt\/teliser-solarlampen-fuer-aussen-solar-flammenlicht-33-led-solarleuchten-fuer-garten-solar-gartenleuchten-mit-flammeneffekt-ip65-wasserdicht-solarfackel-lampe-fuer-terrasse-rasen-hinterhoefe-und\/#primaryimage"},"thumbnailUrl":"https:\/\/m.media-amazon.com\/images\/I\/51uFVlSJ-WL._SL500_.jpg","datePublished":"2023-04-10T08:05:11+00:00","description":"Markt-XXL Teliser Solarlampen f\u00fcr Au\u00dfen, Solar Flammenlicht, 33 LED Solarleuchten f\u00fcr Garten, Solar Gartenleuchten mit Flammeneffekt, IP65 wasserdicht, Solarfackel Lampe f\u00fcr Terrasse, Rasen, Hinterh\u00f6fe und Wege","breadcrumb":{"@id":"https:\/\/marktxxl.de\/markt\/produkt\/teliser-solarlampen-fuer-aussen-solar-flammenlicht-33-led-solarleuchten-fuer-garten-solar-gartenleuchten-mit-flammeneffekt-ip65-wasserdicht-solarfackel-lampe-fuer-terrasse-rasen-hinterhoefe-und\/#breadcrumb"},"inLanguage":"de","potentialAction":[{"@type":"ReadAction","target":["https:\/\/marktxxl.de\/markt\/produkt\/teliser-solarlampen-fuer-aussen-solar-flammenlicht-33-led-solarleuchten-fuer-garten-solar-gartenleuchten-mit-flammeneffekt-ip65-wasserdicht-solarfackel-lampe-fuer-terrasse-rasen-hinterhoefe-und\/"]}]},{"@type":"ImageObject","inLanguage":"de","@id":"https:\/\/marktxxl.de\/markt\/produkt\/teliser-solarlampen-fuer-aussen-solar-flammenlicht-33-led-solarleuchten-fuer-garten-solar-gartenleuchten-mit-flammeneffekt-ip65-wasserdicht-solarfackel-lampe-fuer-terrasse-rasen-hinterhoefe-und\/#primaryimage","url":"https:\/\/m.media-amazon.com\/images\/I\/51uFVlSJ-WL._SL500_.jpg","contentUrl":"https:\/\/m.media-amazon.com\/images\/I\/51uFVlSJ-WL._SL500_.jpg","width":495,"height":500},{"@type":"BreadcrumbList","@id":"https:\/\/marktxxl.de\/markt\/produkt\/teliser-solarlampen-fuer-aussen-solar-flammenlicht-33-led-solarleuchten-fuer-garten-solar-gartenleuchten-mit-flammeneffekt-ip65-wasserdicht-solarfackel-lampe-fuer-terrasse-rasen-hinterhoefe-und\/#breadcrumb","itemListElement":[{"@type":"ListItem","position":1,"name":"Startseite","item":"https:\/\/marktxxl.de\/markt\/"},{"@type":"ListItem","position":2,"name":"Markt","item":"https:\/\/marktxxl.de\/markt\/"},{"@type":"ListItem","position":3,"name":"Teliser Solarlampen f\u00fcr Au\u00dfen, Solar Flammenlicht, 33 LED Solarleuchten f\u00fcr Garten, Solar Gartenleuchten mit Flammeneffekt, IP65 wasserdicht, Solarfackel Lampe f\u00fcr Terrasse, Rasen, Hinterh\u00f6fe und Wege"}]},{"@type":"WebSite","@id":"https:\/\/marktxxl.de\/markt\/#website","url":"https:\/\/marktxxl.de\/markt\/","name":"Markt-XXL","description":"Ihr Markt Online","publisher":{"@id":"https:\/\/marktxxl.de\/markt\/#organization"},"potentialAction":[{"@type":"SearchAction","target":{"@type":"EntryPoint","urlTemplate":"https:\/\/marktxxl.de\/markt\/?s={search_term_string}"},"query-input":{"@type":"PropertyValueSpecification","valueRequired":true,"valueName":"search_term_string"}}],"inLanguage":"de"},{"@type":"Organization","@id":"https:\/\/marktxxl.de\/markt\/#organization","name":"Markt-XXL","url":"https:\/\/marktxxl.de\/markt\/","logo":{"@type":"ImageObject","inLanguage":"de","@id":"https:\/\/marktxxl.de\/markt\/#\/schema\/logo\/image\/","url":"https:\/\/marktxxl.de\/markt\/wp-content\/uploads\/sites\/3\/2020\/12\/logo.png","contentUrl":"https:\/\/marktxxl.de\/markt\/wp-content\/uploads\/sites\/3\/2020\/12\/logo.png","width":200,"height":70,"caption":"Markt-XXL"},"image":{"@id":"https:\/\/marktxxl.de\/markt\/#\/schema\/logo\/image\/"}}]}},"_links":{"self":[{"href":"https:\/\/marktxxl.de\/markt\/wp-json\/wp\/v2\/product\/200454","targetHints":{"allow":["GET"]}}],"collection":[{"href":"https:\/\/marktxxl.de\/markt\/wp-json\/wp\/v2\/product"}],"about":[{"href":"https:\/\/marktxxl.de\/markt\/wp-json\/wp\/v2\/types\/product"}],"replies":[{"embeddable":true,"href":"https:\/\/marktxxl.de\/markt\/wp-json\/wp\/v2\/comments?post=200454"}],"wp:featuredmedia":[{"embeddable":true,"href":"https:\/\/marktxxl.de\/markt\/wp-json\/wp\/v2\/media\/200455"}],"wp:attachment":[{"href":"https:\/\/marktxxl.de\/markt\/wp-json\/wp\/v2\/media?parent=200454"}],"wp:term":[{"taxonomy":"product_brand","embeddable":true,"href":"https:\/\/marktxxl.de\/markt\/wp-json\/wp\/v2\/product_brand?post=200454"},{"taxonomy":"product_cat","embeddable":true,"href":"https:\/\/marktxxl.de\/markt\/wp-json\/wp\/v2\/product_cat?post=200454"},{"taxonomy":"product_tag","embeddable":true,"href":"https:\/\/marktxxl.de\/markt\/wp-json\/wp\/v2\/product_tag?post=200454"}],"curies":[{"name":"wp","href":"https:\/\/api.w.org\/{rel}","templated":true}]}}