{"id":200446,"date":"2023-04-10T10:04:58","date_gmt":"2023-04-10T08:04:58","guid":{"rendered":"https:\/\/marktxxl.de\/markt\/produkt\/realplus-campinglaterne-mit-camping-tool-kit-led-campinglampe-und-camping-haeufig-verwendete-werkzeugpakete-batteriebetrieben-notfallleuchte-fuer-camping-angeln-stromausfaellen-geschenke-maenner\/"},"modified":"2023-04-10T10:04:58","modified_gmt":"2023-04-10T08:04:58","slug":"realplus-campinglaterne-mit-camping-tool-kit-led-campinglampe-und-camping-haeufig-verwendete-werkzeugpakete-batteriebetrieben-notfallleuchte-fuer-camping-angeln-stromausfaellen-geschenke-maenner","status":"publish","type":"product","link":"https:\/\/marktxxl.de\/markt\/produkt\/realplus-campinglaterne-mit-camping-tool-kit-led-campinglampe-und-camping-haeufig-verwendete-werkzeugpakete-batteriebetrieben-notfallleuchte-fuer-camping-angeln-stromausfaellen-geschenke-maenner\/","title":{"rendered":"RealPlus Campinglaterne mit Camping Tool Kit, LED Campinglampe und Camping H\u00e4ufig verwendete Werkzeugpakete, Batteriebetrieben Notfallleuchte f\u00fcr Camping, Angeln, Stromausf\u00e4llen, Geschenke M\u00e4nner"},"content":{"rendered":"<p>[Camping Multi-Tools] Das Werkzeugset verf\u00fcgt \u00fcber integrierte Schraubendrehergriffe, Steckn\u00fcsse, Schraubenk\u00f6pfe, Lineale, Allzweckmesser und andere Werkzeuge, die einfach zu bedienen sind. LED-Campinglichter haben eine Beleuchtung mit 360-Grad-Abstrahlwinkel. Es verf\u00fcgt \u00fcber zwei Modi f\u00fcr die Wei\u00dflichtbeleuchtung und den Rotlichtnotfall, die f\u00fcr den Innen- und Au\u00dfenbereich geeignet sind.<br \/>\n[Hochwertige Materialien] Diese LED-Campinglight besteht aus wasserdichtem Material in Milit\u00e4rqualit\u00e4t. Es ist au\u00dferdem sto\u00df- und rutschfest. Sie sind sehr langlebig. Gebogenes Griffdesign, ergonomisch. Die camping licht hat einen Griff, der sehr tragbar ist. Es kann an ein Zelt, einen Ast oder einen St\u00e4nder geh\u00e4ngt werden, um Ihre H\u00e4nde freizugeben.<br \/>\n[Stromausfall-Notbeleuchtung]Campinglampe h\u00e4lt es mit 3 AA-Batterien lange und muss nicht oft ausgetauscht werden. (Dieses Produkt enth\u00e4lt keine Batterien),Camping lampe f\u00fcr verschiedene Zwecke geeignet: Er eignet sich f\u00fcr Outdoor-Camping, Leselampe, Wartungsbeleuchtung, Stromausfall-Notbeleuchtung.<br \/>\n[Geschenk f\u00fcr Papa] Suchen Sie ein einzigartiges und cooles Geschenk f\u00fcr M\u00e4nner? Dieses 2-in-1-Campingprodukt ist sowohl eine Campinglampe als auch ein Gebrauchsset.Das clevere Design und die sch\u00f6ne Geschenkbox machen es zu einem exquisiten Geschenk. Einfach zu verstauen und wenig Platz zu beanspruchen. Diese LED Laterne ist nicht nur ideal f\u00fcr Ausfl\u00fcge oder Notf\u00e4lle im Freien, sondern auch das perfekte Campinggeschenk f\u00fcr M\u00e4nner, Frauen, Kinder, Familie und Freunde.<br \/>\n[Produktinhalt] Diese Campinglaterne ist mit 2 * Inbusschl\u00fcsseln ausgestattet; 2 * Pr\u00e4zisionsschraubendreher; 1 * Schraubendrehergriff; 6 * Schraubendreher-Bits; 2 * Steckkopf; 1 * Kartonschneider; 1 * Ma\u00dfband.Wir bieten 30 Tage kostenlose R\u00fcckgabe und 18 Monate Garantie an, sodass Sie sich jederzeit an uns wenden k\u00f6nnen.<br \/>\n<div class=\"main-cross-sell\" data-asin=\"B09F9C67MJ\">\n\n\t<div class=\"WooZone-cross-sell-loader\">\n\t\t<div>\n\t\t\t<div id=\"floatingBarsG\">\n\t\t\t\t<div class=\"blockG\" id=\"rotateG_01\"><\/div>\n\t\t\t\t<div class=\"blockG\" id=\"rotateG_02\"><\/div>\n\t\t\t\t<div class=\"blockG\" id=\"rotateG_03\"><\/div>\n\t\t\t\t<div class=\"blockG\" id=\"rotateG_04\"><\/div>\n\t\t\t\t<div class=\"blockG\" id=\"rotateG_05\"><\/div>\n\t\t\t\t<div class=\"blockG\" id=\"rotateG_06\"><\/div>\n\t\t\t\t<div class=\"blockG\" id=\"rotateG_07\"><\/div>\n\t\t\t\t<div class=\"blockG\" id=\"rotateG_08\"><\/div>\n\t\t\t<\/div>\n\t\t\t<div class=\"WooZone-cross-sell-loader-text\"><\/div>\n\t\t<\/div>\n\t<\/div>\n\n\t\t\n<\/div>\n<div style=\"clear:both;\"><\/div><\/p>\n","protected":false},"excerpt":{"rendered":"<p>[Camping Multi-Tools] Das Werkzeugset verf\u00fcgt \u00fcber integrierte Schraubendrehergriffe, Steckn\u00fcsse, Schraubenk\u00f6pfe, Lineale, Allzweckmesser und andere Werkzeuge, die einfach zu bedienen sind. LED-Campinglichter haben eine Beleuchtung mit 360-Grad-Abstrahlwinkel. Es verf\u00fcgt \u00fcber zwei Modi f\u00fcr die Wei\u00dflichtbeleuchtung und den Rotlichtnotfall, die f\u00fcr den Innen- und Au\u00dfenbereich geeignet sind.<br \/>\n[Hochwertige Materialien] Diese LED-Campinglight besteht aus wasserdichtem Material in Milit\u00e4rqualit\u00e4t. Es ist au\u00dferdem sto\u00df- und rutschfest. Sie sind sehr langlebig. Gebogenes Griffdesign, ergonomisch. Die camping licht hat einen Griff, der sehr tragbar ist. Es kann an ein Zelt, einen Ast oder einen St\u00e4nder geh\u00e4ngt werden, um Ihre H\u00e4nde freizugeben.<br \/>\n[Stromausfall-Notbeleuchtung]Campinglampe h\u00e4lt es mit 3 AA-Batterien lange und muss nicht oft ausgetauscht werden. (Dieses Produkt enth\u00e4lt keine Batterien),Camping lampe f\u00fcr verschiedene Zwecke geeignet: Er eignet sich f\u00fcr Outdoor-Camping, Leselampe, Wartungsbeleuchtung, Stromausfall-Notbeleuchtung.<\/p>\n","protected":false},"featured_media":200447,"comment_status":"open","ping_status":"closed","template":"","meta":[],"product_brand":[],"product_cat":[2108],"product_tag":[],"class_list":{"0":"post-200446","1":"product","2":"type-product","3":"status-publish","4":"has-post-thumbnail","6":"product_cat-beleuchtung","7":"pa_brand-realplus","8":"pa_color-weiss-opulenter-garten","9":"pa_manufacturer-realplus","10":"pa_model-wld-s12","12":"first","13":"instock","14":"shipping-taxable","15":"purchasable","16":"product-type-simple","17":"customify-col","18":"product-has-gallery"},"yoast_head":"<!-- This site is optimized with the Yoast SEO plugin v27.4 - https:\/\/yoast.com\/product\/yoast-seo-wordpress\/ -->\n<title>RealPlus Campinglaterne mit Camping Tool Kit, LED Campinglampe und Camping H\u00e4ufig verwendete Werkzeugpakete, Batteriebetrieben Notfallleuchte f\u00fcr Camping, Angeln, Stromausf\u00e4llen, Geschenke M\u00e4nner - Markt-XXL<\/title>\n<meta name=\"description\" content=\"Markt-XXL RealPlus Campinglaterne mit Camping Tool Kit, LED Campinglampe und Camping H\u00e4ufig verwendete Werkzeugpakete, Batteriebetrieben Notfallleuchte f\u00fcr Camping, Angeln, Stromausf\u00e4llen, Geschenke M\u00e4nner\" \/>\n<meta name=\"robots\" content=\"index, follow, max-snippet:-1, max-image-preview:large, max-video-preview:-1\" \/>\n<link rel=\"canonical\" href=\"https:\/\/marktxxl.de\/markt\/produkt\/realplus-campinglaterne-mit-camping-tool-kit-led-campinglampe-und-camping-haeufig-verwendete-werkzeugpakete-batteriebetrieben-notfallleuchte-fuer-camping-angeln-stromausfaellen-geschenke-maenner\/\" \/>\n<meta property=\"og:locale\" content=\"de_DE\" \/>\n<meta property=\"og:type\" content=\"article\" \/>\n<meta property=\"og:title\" content=\"RealPlus Campinglaterne mit Camping Tool Kit, LED Campinglampe und Camping H\u00e4ufig verwendete Werkzeugpakete, Batteriebetrieben Notfallleuchte f\u00fcr Camping, Angeln, Stromausf\u00e4llen, Geschenke M\u00e4nner - Markt-XXL\" \/>\n<meta property=\"og:description\" content=\"Markt-XXL RealPlus Campinglaterne mit Camping Tool Kit, LED Campinglampe und Camping H\u00e4ufig verwendete Werkzeugpakete, Batteriebetrieben Notfallleuchte f\u00fcr Camping, Angeln, Stromausf\u00e4llen, Geschenke M\u00e4nner\" \/>\n<meta property=\"og:url\" content=\"https:\/\/marktxxl.de\/markt\/produkt\/realplus-campinglaterne-mit-camping-tool-kit-led-campinglampe-und-camping-haeufig-verwendete-werkzeugpakete-batteriebetrieben-notfallleuchte-fuer-camping-angeln-stromausfaellen-geschenke-maenner\/\" \/>\n<meta property=\"og:site_name\" content=\"Markt-XXL\" \/>\n<meta name=\"twitter:card\" content=\"summary_large_image\" \/>\n<meta name=\"twitter:label1\" content=\"Gesch\u00e4tzte Lesezeit\" \/>\n\t<meta name=\"twitter:data1\" content=\"1\u00a0Minute\" \/>\n<script type=\"application\/ld+json\" class=\"yoast-schema-graph\">{\"@context\":\"https:\\\/\\\/schema.org\",\"@graph\":[{\"@type\":\"WebPage\",\"@id\":\"https:\\\/\\\/marktxxl.de\\\/markt\\\/produkt\\\/realplus-campinglaterne-mit-camping-tool-kit-led-campinglampe-und-camping-haeufig-verwendete-werkzeugpakete-batteriebetrieben-notfallleuchte-fuer-camping-angeln-stromausfaellen-geschenke-maenner\\\/\",\"url\":\"https:\\\/\\\/marktxxl.de\\\/markt\\\/produkt\\\/realplus-campinglaterne-mit-camping-tool-kit-led-campinglampe-und-camping-haeufig-verwendete-werkzeugpakete-batteriebetrieben-notfallleuchte-fuer-camping-angeln-stromausfaellen-geschenke-maenner\\\/\",\"name\":\"RealPlus Campinglaterne mit Camping Tool Kit, LED Campinglampe und Camping H\u00e4ufig verwendete Werkzeugpakete, Batteriebetrieben Notfallleuchte f\u00fcr Camping, Angeln, Stromausf\u00e4llen, Geschenke M\u00e4nner - Markt-XXL\",\"isPartOf\":{\"@id\":\"https:\\\/\\\/marktxxl.de\\\/markt\\\/#website\"},\"primaryImageOfPage\":{\"@id\":\"https:\\\/\\\/marktxxl.de\\\/markt\\\/produkt\\\/realplus-campinglaterne-mit-camping-tool-kit-led-campinglampe-und-camping-haeufig-verwendete-werkzeugpakete-batteriebetrieben-notfallleuchte-fuer-camping-angeln-stromausfaellen-geschenke-maenner\\\/#primaryimage\"},\"image\":{\"@id\":\"https:\\\/\\\/marktxxl.de\\\/markt\\\/produkt\\\/realplus-campinglaterne-mit-camping-tool-kit-led-campinglampe-und-camping-haeufig-verwendete-werkzeugpakete-batteriebetrieben-notfallleuchte-fuer-camping-angeln-stromausfaellen-geschenke-maenner\\\/#primaryimage\"},\"thumbnailUrl\":\"https:\\\/\\\/m.media-amazon.com\\\/images\\\/I\\\/410d60Wg5DL._SL500_.jpg\",\"datePublished\":\"2023-04-10T08:04:58+00:00\",\"description\":\"Markt-XXL RealPlus Campinglaterne mit Camping Tool Kit, LED Campinglampe und Camping H\u00e4ufig verwendete Werkzeugpakete, Batteriebetrieben Notfallleuchte f\u00fcr Camping, Angeln, Stromausf\u00e4llen, Geschenke M\u00e4nner\",\"breadcrumb\":{\"@id\":\"https:\\\/\\\/marktxxl.de\\\/markt\\\/produkt\\\/realplus-campinglaterne-mit-camping-tool-kit-led-campinglampe-und-camping-haeufig-verwendete-werkzeugpakete-batteriebetrieben-notfallleuchte-fuer-camping-angeln-stromausfaellen-geschenke-maenner\\\/#breadcrumb\"},\"inLanguage\":\"de\",\"potentialAction\":[{\"@type\":\"ReadAction\",\"target\":[\"https:\\\/\\\/marktxxl.de\\\/markt\\\/produkt\\\/realplus-campinglaterne-mit-camping-tool-kit-led-campinglampe-und-camping-haeufig-verwendete-werkzeugpakete-batteriebetrieben-notfallleuchte-fuer-camping-angeln-stromausfaellen-geschenke-maenner\\\/\"]}]},{\"@type\":\"ImageObject\",\"inLanguage\":\"de\",\"@id\":\"https:\\\/\\\/marktxxl.de\\\/markt\\\/produkt\\\/realplus-campinglaterne-mit-camping-tool-kit-led-campinglampe-und-camping-haeufig-verwendete-werkzeugpakete-batteriebetrieben-notfallleuchte-fuer-camping-angeln-stromausfaellen-geschenke-maenner\\\/#primaryimage\",\"url\":\"https:\\\/\\\/m.media-amazon.com\\\/images\\\/I\\\/410d60Wg5DL._SL500_.jpg\",\"contentUrl\":\"https:\\\/\\\/m.media-amazon.com\\\/images\\\/I\\\/410d60Wg5DL._SL500_.jpg\",\"width\":500,\"height\":500},{\"@type\":\"BreadcrumbList\",\"@id\":\"https:\\\/\\\/marktxxl.de\\\/markt\\\/produkt\\\/realplus-campinglaterne-mit-camping-tool-kit-led-campinglampe-und-camping-haeufig-verwendete-werkzeugpakete-batteriebetrieben-notfallleuchte-fuer-camping-angeln-stromausfaellen-geschenke-maenner\\\/#breadcrumb\",\"itemListElement\":[{\"@type\":\"ListItem\",\"position\":1,\"name\":\"Startseite\",\"item\":\"https:\\\/\\\/marktxxl.de\\\/markt\\\/\"},{\"@type\":\"ListItem\",\"position\":2,\"name\":\"Markt\",\"item\":\"https:\\\/\\\/marktxxl.de\\\/markt\\\/\"},{\"@type\":\"ListItem\",\"position\":3,\"name\":\"RealPlus Campinglaterne mit Camping Tool Kit, LED Campinglampe und Camping H\u00e4ufig verwendete Werkzeugpakete, Batteriebetrieben Notfallleuchte f\u00fcr Camping, Angeln, Stromausf\u00e4llen, Geschenke M\u00e4nner\"}]},{\"@type\":\"WebSite\",\"@id\":\"https:\\\/\\\/marktxxl.de\\\/markt\\\/#website\",\"url\":\"https:\\\/\\\/marktxxl.de\\\/markt\\\/\",\"name\":\"Markt-XXL\",\"description\":\"Ihr Markt Online\",\"publisher\":{\"@id\":\"https:\\\/\\\/marktxxl.de\\\/markt\\\/#organization\"},\"potentialAction\":[{\"@type\":\"SearchAction\",\"target\":{\"@type\":\"EntryPoint\",\"urlTemplate\":\"https:\\\/\\\/marktxxl.de\\\/markt\\\/?s={search_term_string}\"},\"query-input\":{\"@type\":\"PropertyValueSpecification\",\"valueRequired\":true,\"valueName\":\"search_term_string\"}}],\"inLanguage\":\"de\"},{\"@type\":\"Organization\",\"@id\":\"https:\\\/\\\/marktxxl.de\\\/markt\\\/#organization\",\"name\":\"Markt-XXL\",\"url\":\"https:\\\/\\\/marktxxl.de\\\/markt\\\/\",\"logo\":{\"@type\":\"ImageObject\",\"inLanguage\":\"de\",\"@id\":\"https:\\\/\\\/marktxxl.de\\\/markt\\\/#\\\/schema\\\/logo\\\/image\\\/\",\"url\":\"https:\\\/\\\/marktxxl.de\\\/markt\\\/wp-content\\\/uploads\\\/sites\\\/3\\\/2020\\\/12\\\/logo.png\",\"contentUrl\":\"https:\\\/\\\/marktxxl.de\\\/markt\\\/wp-content\\\/uploads\\\/sites\\\/3\\\/2020\\\/12\\\/logo.png\",\"width\":200,\"height\":70,\"caption\":\"Markt-XXL\"},\"image\":{\"@id\":\"https:\\\/\\\/marktxxl.de\\\/markt\\\/#\\\/schema\\\/logo\\\/image\\\/\"}}]}<\/script>\n<!-- \/ Yoast SEO plugin. -->","yoast_head_json":{"title":"RealPlus Campinglaterne mit Camping Tool Kit, LED Campinglampe und Camping H\u00e4ufig verwendete Werkzeugpakete, Batteriebetrieben Notfallleuchte f\u00fcr Camping, Angeln, Stromausf\u00e4llen, Geschenke M\u00e4nner - Markt-XXL","description":"Markt-XXL RealPlus Campinglaterne mit Camping Tool Kit, LED Campinglampe und Camping H\u00e4ufig verwendete Werkzeugpakete, Batteriebetrieben Notfallleuchte f\u00fcr Camping, Angeln, Stromausf\u00e4llen, Geschenke M\u00e4nner","robots":{"index":"index","follow":"follow","max-snippet":"max-snippet:-1","max-image-preview":"max-image-preview:large","max-video-preview":"max-video-preview:-1"},"canonical":"https:\/\/marktxxl.de\/markt\/produkt\/realplus-campinglaterne-mit-camping-tool-kit-led-campinglampe-und-camping-haeufig-verwendete-werkzeugpakete-batteriebetrieben-notfallleuchte-fuer-camping-angeln-stromausfaellen-geschenke-maenner\/","og_locale":"de_DE","og_type":"article","og_title":"RealPlus Campinglaterne mit Camping Tool Kit, LED Campinglampe und Camping H\u00e4ufig verwendete Werkzeugpakete, Batteriebetrieben Notfallleuchte f\u00fcr Camping, Angeln, Stromausf\u00e4llen, Geschenke M\u00e4nner - Markt-XXL","og_description":"Markt-XXL RealPlus Campinglaterne mit Camping Tool Kit, LED Campinglampe und Camping H\u00e4ufig verwendete Werkzeugpakete, Batteriebetrieben Notfallleuchte f\u00fcr Camping, Angeln, Stromausf\u00e4llen, Geschenke M\u00e4nner","og_url":"https:\/\/marktxxl.de\/markt\/produkt\/realplus-campinglaterne-mit-camping-tool-kit-led-campinglampe-und-camping-haeufig-verwendete-werkzeugpakete-batteriebetrieben-notfallleuchte-fuer-camping-angeln-stromausfaellen-geschenke-maenner\/","og_site_name":"Markt-XXL","twitter_card":"summary_large_image","twitter_misc":{"Gesch\u00e4tzte Lesezeit":"1\u00a0Minute"},"schema":{"@context":"https:\/\/schema.org","@graph":[{"@type":"WebPage","@id":"https:\/\/marktxxl.de\/markt\/produkt\/realplus-campinglaterne-mit-camping-tool-kit-led-campinglampe-und-camping-haeufig-verwendete-werkzeugpakete-batteriebetrieben-notfallleuchte-fuer-camping-angeln-stromausfaellen-geschenke-maenner\/","url":"https:\/\/marktxxl.de\/markt\/produkt\/realplus-campinglaterne-mit-camping-tool-kit-led-campinglampe-und-camping-haeufig-verwendete-werkzeugpakete-batteriebetrieben-notfallleuchte-fuer-camping-angeln-stromausfaellen-geschenke-maenner\/","name":"RealPlus Campinglaterne mit Camping Tool Kit, LED Campinglampe und Camping H\u00e4ufig verwendete Werkzeugpakete, Batteriebetrieben Notfallleuchte f\u00fcr Camping, Angeln, Stromausf\u00e4llen, Geschenke M\u00e4nner - Markt-XXL","isPartOf":{"@id":"https:\/\/marktxxl.de\/markt\/#website"},"primaryImageOfPage":{"@id":"https:\/\/marktxxl.de\/markt\/produkt\/realplus-campinglaterne-mit-camping-tool-kit-led-campinglampe-und-camping-haeufig-verwendete-werkzeugpakete-batteriebetrieben-notfallleuchte-fuer-camping-angeln-stromausfaellen-geschenke-maenner\/#primaryimage"},"image":{"@id":"https:\/\/marktxxl.de\/markt\/produkt\/realplus-campinglaterne-mit-camping-tool-kit-led-campinglampe-und-camping-haeufig-verwendete-werkzeugpakete-batteriebetrieben-notfallleuchte-fuer-camping-angeln-stromausfaellen-geschenke-maenner\/#primaryimage"},"thumbnailUrl":"https:\/\/m.media-amazon.com\/images\/I\/410d60Wg5DL._SL500_.jpg","datePublished":"2023-04-10T08:04:58+00:00","description":"Markt-XXL RealPlus Campinglaterne mit Camping Tool Kit, LED Campinglampe und Camping H\u00e4ufig verwendete Werkzeugpakete, Batteriebetrieben Notfallleuchte f\u00fcr Camping, Angeln, Stromausf\u00e4llen, Geschenke M\u00e4nner","breadcrumb":{"@id":"https:\/\/marktxxl.de\/markt\/produkt\/realplus-campinglaterne-mit-camping-tool-kit-led-campinglampe-und-camping-haeufig-verwendete-werkzeugpakete-batteriebetrieben-notfallleuchte-fuer-camping-angeln-stromausfaellen-geschenke-maenner\/#breadcrumb"},"inLanguage":"de","potentialAction":[{"@type":"ReadAction","target":["https:\/\/marktxxl.de\/markt\/produkt\/realplus-campinglaterne-mit-camping-tool-kit-led-campinglampe-und-camping-haeufig-verwendete-werkzeugpakete-batteriebetrieben-notfallleuchte-fuer-camping-angeln-stromausfaellen-geschenke-maenner\/"]}]},{"@type":"ImageObject","inLanguage":"de","@id":"https:\/\/marktxxl.de\/markt\/produkt\/realplus-campinglaterne-mit-camping-tool-kit-led-campinglampe-und-camping-haeufig-verwendete-werkzeugpakete-batteriebetrieben-notfallleuchte-fuer-camping-angeln-stromausfaellen-geschenke-maenner\/#primaryimage","url":"https:\/\/m.media-amazon.com\/images\/I\/410d60Wg5DL._SL500_.jpg","contentUrl":"https:\/\/m.media-amazon.com\/images\/I\/410d60Wg5DL._SL500_.jpg","width":500,"height":500},{"@type":"BreadcrumbList","@id":"https:\/\/marktxxl.de\/markt\/produkt\/realplus-campinglaterne-mit-camping-tool-kit-led-campinglampe-und-camping-haeufig-verwendete-werkzeugpakete-batteriebetrieben-notfallleuchte-fuer-camping-angeln-stromausfaellen-geschenke-maenner\/#breadcrumb","itemListElement":[{"@type":"ListItem","position":1,"name":"Startseite","item":"https:\/\/marktxxl.de\/markt\/"},{"@type":"ListItem","position":2,"name":"Markt","item":"https:\/\/marktxxl.de\/markt\/"},{"@type":"ListItem","position":3,"name":"RealPlus Campinglaterne mit Camping Tool Kit, LED Campinglampe und Camping H\u00e4ufig verwendete Werkzeugpakete, Batteriebetrieben Notfallleuchte f\u00fcr Camping, Angeln, Stromausf\u00e4llen, Geschenke M\u00e4nner"}]},{"@type":"WebSite","@id":"https:\/\/marktxxl.de\/markt\/#website","url":"https:\/\/marktxxl.de\/markt\/","name":"Markt-XXL","description":"Ihr Markt Online","publisher":{"@id":"https:\/\/marktxxl.de\/markt\/#organization"},"potentialAction":[{"@type":"SearchAction","target":{"@type":"EntryPoint","urlTemplate":"https:\/\/marktxxl.de\/markt\/?s={search_term_string}"},"query-input":{"@type":"PropertyValueSpecification","valueRequired":true,"valueName":"search_term_string"}}],"inLanguage":"de"},{"@type":"Organization","@id":"https:\/\/marktxxl.de\/markt\/#organization","name":"Markt-XXL","url":"https:\/\/marktxxl.de\/markt\/","logo":{"@type":"ImageObject","inLanguage":"de","@id":"https:\/\/marktxxl.de\/markt\/#\/schema\/logo\/image\/","url":"https:\/\/marktxxl.de\/markt\/wp-content\/uploads\/sites\/3\/2020\/12\/logo.png","contentUrl":"https:\/\/marktxxl.de\/markt\/wp-content\/uploads\/sites\/3\/2020\/12\/logo.png","width":200,"height":70,"caption":"Markt-XXL"},"image":{"@id":"https:\/\/marktxxl.de\/markt\/#\/schema\/logo\/image\/"}}]}},"_links":{"self":[{"href":"https:\/\/marktxxl.de\/markt\/wp-json\/wp\/v2\/product\/200446","targetHints":{"allow":["GET"]}}],"collection":[{"href":"https:\/\/marktxxl.de\/markt\/wp-json\/wp\/v2\/product"}],"about":[{"href":"https:\/\/marktxxl.de\/markt\/wp-json\/wp\/v2\/types\/product"}],"replies":[{"embeddable":true,"href":"https:\/\/marktxxl.de\/markt\/wp-json\/wp\/v2\/comments?post=200446"}],"wp:featuredmedia":[{"embeddable":true,"href":"https:\/\/marktxxl.de\/markt\/wp-json\/wp\/v2\/media\/200447"}],"wp:attachment":[{"href":"https:\/\/marktxxl.de\/markt\/wp-json\/wp\/v2\/media?parent=200446"}],"wp:term":[{"taxonomy":"product_brand","embeddable":true,"href":"https:\/\/marktxxl.de\/markt\/wp-json\/wp\/v2\/product_brand?post=200446"},{"taxonomy":"product_cat","embeddable":true,"href":"https:\/\/marktxxl.de\/markt\/wp-json\/wp\/v2\/product_cat?post=200446"},{"taxonomy":"product_tag","embeddable":true,"href":"https:\/\/marktxxl.de\/markt\/wp-json\/wp\/v2\/product_tag?post=200446"}],"curies":[{"name":"wp","href":"https:\/\/api.w.org\/{rel}","templated":true}]}}