{"id":200436,"date":"2023-04-10T10:04:45","date_gmt":"2023-04-10T08:04:45","guid":{"rendered":"https:\/\/marktxxl.de\/markt\/produkt\/campinglampe-led-wiederaufladbare-hitonass-1000lm-superhell-suchscheinwerfer-camping-licht-mit-4-helligkeiten-dimmbar-notfallleuchte-mit-buegel-und-haken-fuer-stromausfaellen-wandern-notfall-us\/"},"modified":"2023-04-10T10:04:45","modified_gmt":"2023-04-10T08:04:45","slug":"campinglampe-led-wiederaufladbare-hitonass-1000lm-superhell-suchscheinwerfer-camping-licht-mit-4-helligkeiten-dimmbar-notfallleuchte-mit-buegel-und-haken-fuer-stromausfaellen-wandern-notfall-us","status":"publish","type":"product","link":"https:\/\/marktxxl.de\/markt\/produkt\/campinglampe-led-wiederaufladbare-hitonass-1000lm-superhell-suchscheinwerfer-camping-licht-mit-4-helligkeiten-dimmbar-notfallleuchte-mit-buegel-und-haken-fuer-stromausfaellen-wandern-notfall-us\/","title":{"rendered":"Campinglampe LED Wiederaufladbare Hitonass , 1000lm Superhell Suchscheinwerfer, Camping Licht mit 4 Helligkeiten Dimmbar, Notfallleuchte mit B\u00fcgel und Haken f\u00fcr Stromausf\u00e4llen, Wandern, Notfall, usw."},"content":{"rendered":"<p>Super Hell: Mit einem robusten PC-Kunststoffgeh\u00e4use, langlebig und wasserfest, einer maximalen Helligkeit von 1000 Lumen, ist diese Campinglampe f\u00fcr den Innen- oder Au\u00dfenbereich geeignet. Mit einem Griff an der Oberseite und einem Haken an der Unterseite, ist es der perfekte Begleiter f\u00fcr Ihre Zusammenk\u00fcnfte mit Familie und Freunden oder Camping-Aktivit\u00e4ten.<br \/>\n4 Lichtmodi: Zus\u00e4tzlich zu den drei festen Leuchtmodi mit unterschiedlichen Farbtemperaturen (Kombinationslicht 1000lm, Wei\u00dflicht 700lm, Warmlicht 300lm), um Ihren Beleuchtungsbed\u00fcrfnissen gerecht zu werden, gibt es auch einen Blinkmodus, um andere in Notf\u00e4llen zu warnen. Es ist einfach zu bedienen, da Sie nur einen Knopf dr\u00fccken m\u00fcssen, um den Lichtmodus zu \u00e4ndern.<br \/>\nZwei Verwendungsm\u00f6glichkeiten: h\u00e4ngend oder tragbar, mit einem Tragegriff an der Oberseite und einem Haken an der Unterseite, so dass Sie je nach Bedarf oder Umgebungsbedingungen zwischen h\u00e4ngend und tragbar w\u00e4hlen k\u00f6nnen. Der abnehmbare Schirm macht es au\u00dferdem einfach, ein helleres Licht zu erhalten.<br \/>\nIP44 Wasserdicht: Das spritzwassergesch\u00fctzte Design erm\u00f6glicht es Ihnen, auch bei Regen oder Schnee ordentliche Outdoor-Aktivit\u00e4ten durchzuf\u00fchren.<br \/>\n\u00dcber USB Wiederaufladbar: Mit dem eingebauten Akku k\u00f6nnen Sie die Lampe zu Hause selbst aufladen (USB-Kabel im Lieferumfang enthalten) und sparen so die Kosten f\u00fcr h\u00e4ufige Batteriek\u00e4ufe. Im Notfall kann sie auch als Powerbank verwendet werden, um Ihr Smartphone oder Ihren Laptop aufzuladen &#8211; ein kleiner Helfer f\u00fcr Ihre Outdoor-Aktivit\u00e4ten.<br \/>\n<div class=\"main-cross-sell\" data-asin=\"B0BL73Q9KD\">\n\n\t<div class=\"WooZone-cross-sell-loader\">\n\t\t<div>\n\t\t\t<div id=\"floatingBarsG\">\n\t\t\t\t<div class=\"blockG\" id=\"rotateG_01\"><\/div>\n\t\t\t\t<div class=\"blockG\" id=\"rotateG_02\"><\/div>\n\t\t\t\t<div class=\"blockG\" id=\"rotateG_03\"><\/div>\n\t\t\t\t<div class=\"blockG\" id=\"rotateG_04\"><\/div>\n\t\t\t\t<div class=\"blockG\" id=\"rotateG_05\"><\/div>\n\t\t\t\t<div class=\"blockG\" id=\"rotateG_06\"><\/div>\n\t\t\t\t<div class=\"blockG\" id=\"rotateG_07\"><\/div>\n\t\t\t\t<div class=\"blockG\" id=\"rotateG_08\"><\/div>\n\t\t\t<\/div>\n\t\t\t<div class=\"WooZone-cross-sell-loader-text\"><\/div>\n\t\t<\/div>\n\t<\/div>\n\n\t\t\n<\/div>\n<div style=\"clear:both;\"><\/div><\/p>\n","protected":false},"excerpt":{"rendered":"<p>Super Hell: Mit einem robusten PC-Kunststoffgeh\u00e4use, langlebig und wasserfest, einer maximalen Helligkeit von 1000 Lumen, ist diese Campinglampe f\u00fcr den Innen- oder Au\u00dfenbereich geeignet. Mit einem Griff an der Oberseite und einem Haken an der Unterseite, ist es der perfekte Begleiter f\u00fcr Ihre Zusammenk\u00fcnfte mit Familie und Freunden oder Camping-Aktivit\u00e4ten.<br \/>\n4 Lichtmodi: Zus\u00e4tzlich zu den drei festen Leuchtmodi mit unterschiedlichen Farbtemperaturen (Kombinationslicht 1000lm, Wei\u00dflicht 700lm, Warmlicht 300lm), um Ihren Beleuchtungsbed\u00fcrfnissen gerecht zu werden, gibt es auch einen Blinkmodus, um andere in Notf\u00e4llen zu warnen. Es ist einfach zu bedienen, da Sie nur einen Knopf dr\u00fccken m\u00fcssen, um den Lichtmodus zu \u00e4ndern.<br \/>\nZwei Verwendungsm\u00f6glichkeiten: h\u00e4ngend oder tragbar, mit einem Tragegriff an der Oberseite und einem Haken an der Unterseite, so dass Sie je nach Bedarf oder Umgebungsbedingungen zwischen h\u00e4ngend und tragbar w\u00e4hlen k\u00f6nnen. Der abnehmbare Schirm macht es au\u00dferdem einfach, ein helleres Licht zu erhalten.<\/p>\n","protected":false},"featured_media":200437,"comment_status":"open","ping_status":"closed","template":"","meta":[],"product_brand":[],"product_cat":[2108],"product_tag":[],"class_list":{"0":"post-200436","1":"product","2":"type-product","3":"status-publish","4":"has-post-thumbnail","6":"product_cat-beleuchtung","7":"pa_binding-werkzeug","8":"pa_brand-hitonass","9":"pa_color-gruen","10":"pa_manufacturer-hitonass","11":"pa_model-m9101","12":"pa_weight-1-0582188576-pfund","14":"first","15":"instock","16":"shipping-taxable","17":"purchasable","18":"product-type-simple","19":"customify-col","20":"product-has-gallery"},"yoast_head":"<!-- This site is optimized with the Yoast SEO plugin v27.4 - https:\/\/yoast.com\/product\/yoast-seo-wordpress\/ -->\n<title>Campinglampe LED Wiederaufladbare Hitonass , 1000lm Superhell Suchscheinwerfer, Camping Licht mit 4 Helligkeiten Dimmbar, Notfallleuchte mit B\u00fcgel und Haken f\u00fcr Stromausf\u00e4llen, Wandern, Notfall, usw. - Markt-XXL<\/title>\n<meta name=\"description\" content=\"Markt-XXL Campinglampe LED Wiederaufladbare Hitonass , 1000lm Superhell Suchscheinwerfer, Camping Licht mit 4 Helligkeiten Dimmbar, Notfallleuchte mit B\u00fcgel und Haken f\u00fcr Stromausf\u00e4llen, Wandern, Notfall, usw.\" \/>\n<meta name=\"robots\" content=\"index, follow, max-snippet:-1, max-image-preview:large, max-video-preview:-1\" \/>\n<link rel=\"canonical\" href=\"https:\/\/marktxxl.de\/markt\/produkt\/campinglampe-led-wiederaufladbare-hitonass-1000lm-superhell-suchscheinwerfer-camping-licht-mit-4-helligkeiten-dimmbar-notfallleuchte-mit-buegel-und-haken-fuer-stromausfaellen-wandern-notfall-us\/\" \/>\n<meta property=\"og:locale\" content=\"de_DE\" \/>\n<meta property=\"og:type\" content=\"article\" \/>\n<meta property=\"og:title\" content=\"Campinglampe LED Wiederaufladbare Hitonass , 1000lm Superhell Suchscheinwerfer, Camping Licht mit 4 Helligkeiten Dimmbar, Notfallleuchte mit B\u00fcgel und Haken f\u00fcr Stromausf\u00e4llen, Wandern, Notfall, usw. - Markt-XXL\" \/>\n<meta property=\"og:description\" content=\"Markt-XXL Campinglampe LED Wiederaufladbare Hitonass , 1000lm Superhell Suchscheinwerfer, Camping Licht mit 4 Helligkeiten Dimmbar, Notfallleuchte mit B\u00fcgel und Haken f\u00fcr Stromausf\u00e4llen, Wandern, Notfall, usw.\" \/>\n<meta property=\"og:url\" content=\"https:\/\/marktxxl.de\/markt\/produkt\/campinglampe-led-wiederaufladbare-hitonass-1000lm-superhell-suchscheinwerfer-camping-licht-mit-4-helligkeiten-dimmbar-notfallleuchte-mit-buegel-und-haken-fuer-stromausfaellen-wandern-notfall-us\/\" \/>\n<meta property=\"og:site_name\" content=\"Markt-XXL\" \/>\n<meta name=\"twitter:card\" content=\"summary_large_image\" \/>\n<meta name=\"twitter:label1\" content=\"Gesch\u00e4tzte Lesezeit\" \/>\n\t<meta name=\"twitter:data1\" content=\"1\u00a0Minute\" \/>\n<script type=\"application\/ld+json\" class=\"yoast-schema-graph\">{\"@context\":\"https:\\\/\\\/schema.org\",\"@graph\":[{\"@type\":\"WebPage\",\"@id\":\"https:\\\/\\\/marktxxl.de\\\/markt\\\/produkt\\\/campinglampe-led-wiederaufladbare-hitonass-1000lm-superhell-suchscheinwerfer-camping-licht-mit-4-helligkeiten-dimmbar-notfallleuchte-mit-buegel-und-haken-fuer-stromausfaellen-wandern-notfall-us\\\/\",\"url\":\"https:\\\/\\\/marktxxl.de\\\/markt\\\/produkt\\\/campinglampe-led-wiederaufladbare-hitonass-1000lm-superhell-suchscheinwerfer-camping-licht-mit-4-helligkeiten-dimmbar-notfallleuchte-mit-buegel-und-haken-fuer-stromausfaellen-wandern-notfall-us\\\/\",\"name\":\"Campinglampe LED Wiederaufladbare Hitonass , 1000lm Superhell Suchscheinwerfer, Camping Licht mit 4 Helligkeiten Dimmbar, Notfallleuchte mit B\u00fcgel und Haken f\u00fcr Stromausf\u00e4llen, Wandern, Notfall, usw. - Markt-XXL\",\"isPartOf\":{\"@id\":\"https:\\\/\\\/marktxxl.de\\\/markt\\\/#website\"},\"primaryImageOfPage\":{\"@id\":\"https:\\\/\\\/marktxxl.de\\\/markt\\\/produkt\\\/campinglampe-led-wiederaufladbare-hitonass-1000lm-superhell-suchscheinwerfer-camping-licht-mit-4-helligkeiten-dimmbar-notfallleuchte-mit-buegel-und-haken-fuer-stromausfaellen-wandern-notfall-us\\\/#primaryimage\"},\"image\":{\"@id\":\"https:\\\/\\\/marktxxl.de\\\/markt\\\/produkt\\\/campinglampe-led-wiederaufladbare-hitonass-1000lm-superhell-suchscheinwerfer-camping-licht-mit-4-helligkeiten-dimmbar-notfallleuchte-mit-buegel-und-haken-fuer-stromausfaellen-wandern-notfall-us\\\/#primaryimage\"},\"thumbnailUrl\":\"https:\\\/\\\/m.media-amazon.com\\\/images\\\/I\\\/31spR6nkqnL._SL500_.jpg\",\"datePublished\":\"2023-04-10T08:04:45+00:00\",\"description\":\"Markt-XXL Campinglampe LED Wiederaufladbare Hitonass , 1000lm Superhell Suchscheinwerfer, Camping Licht mit 4 Helligkeiten Dimmbar, Notfallleuchte mit B\u00fcgel und Haken f\u00fcr Stromausf\u00e4llen, Wandern, Notfall, usw.\",\"breadcrumb\":{\"@id\":\"https:\\\/\\\/marktxxl.de\\\/markt\\\/produkt\\\/campinglampe-led-wiederaufladbare-hitonass-1000lm-superhell-suchscheinwerfer-camping-licht-mit-4-helligkeiten-dimmbar-notfallleuchte-mit-buegel-und-haken-fuer-stromausfaellen-wandern-notfall-us\\\/#breadcrumb\"},\"inLanguage\":\"de\",\"potentialAction\":[{\"@type\":\"ReadAction\",\"target\":[\"https:\\\/\\\/marktxxl.de\\\/markt\\\/produkt\\\/campinglampe-led-wiederaufladbare-hitonass-1000lm-superhell-suchscheinwerfer-camping-licht-mit-4-helligkeiten-dimmbar-notfallleuchte-mit-buegel-und-haken-fuer-stromausfaellen-wandern-notfall-us\\\/\"]}]},{\"@type\":\"ImageObject\",\"inLanguage\":\"de\",\"@id\":\"https:\\\/\\\/marktxxl.de\\\/markt\\\/produkt\\\/campinglampe-led-wiederaufladbare-hitonass-1000lm-superhell-suchscheinwerfer-camping-licht-mit-4-helligkeiten-dimmbar-notfallleuchte-mit-buegel-und-haken-fuer-stromausfaellen-wandern-notfall-us\\\/#primaryimage\",\"url\":\"https:\\\/\\\/m.media-amazon.com\\\/images\\\/I\\\/31spR6nkqnL._SL500_.jpg\",\"contentUrl\":\"https:\\\/\\\/m.media-amazon.com\\\/images\\\/I\\\/31spR6nkqnL._SL500_.jpg\",\"width\":500,\"height\":500},{\"@type\":\"BreadcrumbList\",\"@id\":\"https:\\\/\\\/marktxxl.de\\\/markt\\\/produkt\\\/campinglampe-led-wiederaufladbare-hitonass-1000lm-superhell-suchscheinwerfer-camping-licht-mit-4-helligkeiten-dimmbar-notfallleuchte-mit-buegel-und-haken-fuer-stromausfaellen-wandern-notfall-us\\\/#breadcrumb\",\"itemListElement\":[{\"@type\":\"ListItem\",\"position\":1,\"name\":\"Startseite\",\"item\":\"https:\\\/\\\/marktxxl.de\\\/markt\\\/\"},{\"@type\":\"ListItem\",\"position\":2,\"name\":\"Markt\",\"item\":\"https:\\\/\\\/marktxxl.de\\\/markt\\\/\"},{\"@type\":\"ListItem\",\"position\":3,\"name\":\"Campinglampe LED Wiederaufladbare Hitonass , 1000lm Superhell Suchscheinwerfer, Camping Licht mit 4 Helligkeiten Dimmbar, Notfallleuchte mit B\u00fcgel und Haken f\u00fcr Stromausf\u00e4llen, Wandern, Notfall, usw.\"}]},{\"@type\":\"WebSite\",\"@id\":\"https:\\\/\\\/marktxxl.de\\\/markt\\\/#website\",\"url\":\"https:\\\/\\\/marktxxl.de\\\/markt\\\/\",\"name\":\"Markt-XXL\",\"description\":\"Ihr Markt Online\",\"publisher\":{\"@id\":\"https:\\\/\\\/marktxxl.de\\\/markt\\\/#organization\"},\"potentialAction\":[{\"@type\":\"SearchAction\",\"target\":{\"@type\":\"EntryPoint\",\"urlTemplate\":\"https:\\\/\\\/marktxxl.de\\\/markt\\\/?s={search_term_string}\"},\"query-input\":{\"@type\":\"PropertyValueSpecification\",\"valueRequired\":true,\"valueName\":\"search_term_string\"}}],\"inLanguage\":\"de\"},{\"@type\":\"Organization\",\"@id\":\"https:\\\/\\\/marktxxl.de\\\/markt\\\/#organization\",\"name\":\"Markt-XXL\",\"url\":\"https:\\\/\\\/marktxxl.de\\\/markt\\\/\",\"logo\":{\"@type\":\"ImageObject\",\"inLanguage\":\"de\",\"@id\":\"https:\\\/\\\/marktxxl.de\\\/markt\\\/#\\\/schema\\\/logo\\\/image\\\/\",\"url\":\"https:\\\/\\\/marktxxl.de\\\/markt\\\/wp-content\\\/uploads\\\/sites\\\/3\\\/2020\\\/12\\\/logo.png\",\"contentUrl\":\"https:\\\/\\\/marktxxl.de\\\/markt\\\/wp-content\\\/uploads\\\/sites\\\/3\\\/2020\\\/12\\\/logo.png\",\"width\":200,\"height\":70,\"caption\":\"Markt-XXL\"},\"image\":{\"@id\":\"https:\\\/\\\/marktxxl.de\\\/markt\\\/#\\\/schema\\\/logo\\\/image\\\/\"}}]}<\/script>\n<!-- \/ Yoast SEO plugin. -->","yoast_head_json":{"title":"Campinglampe LED Wiederaufladbare Hitonass , 1000lm Superhell Suchscheinwerfer, Camping Licht mit 4 Helligkeiten Dimmbar, Notfallleuchte mit B\u00fcgel und Haken f\u00fcr Stromausf\u00e4llen, Wandern, Notfall, usw. - Markt-XXL","description":"Markt-XXL Campinglampe LED Wiederaufladbare Hitonass , 1000lm Superhell Suchscheinwerfer, Camping Licht mit 4 Helligkeiten Dimmbar, Notfallleuchte mit B\u00fcgel und Haken f\u00fcr Stromausf\u00e4llen, Wandern, Notfall, usw.","robots":{"index":"index","follow":"follow","max-snippet":"max-snippet:-1","max-image-preview":"max-image-preview:large","max-video-preview":"max-video-preview:-1"},"canonical":"https:\/\/marktxxl.de\/markt\/produkt\/campinglampe-led-wiederaufladbare-hitonass-1000lm-superhell-suchscheinwerfer-camping-licht-mit-4-helligkeiten-dimmbar-notfallleuchte-mit-buegel-und-haken-fuer-stromausfaellen-wandern-notfall-us\/","og_locale":"de_DE","og_type":"article","og_title":"Campinglampe LED Wiederaufladbare Hitonass , 1000lm Superhell Suchscheinwerfer, Camping Licht mit 4 Helligkeiten Dimmbar, Notfallleuchte mit B\u00fcgel und Haken f\u00fcr Stromausf\u00e4llen, Wandern, Notfall, usw. - Markt-XXL","og_description":"Markt-XXL Campinglampe LED Wiederaufladbare Hitonass , 1000lm Superhell Suchscheinwerfer, Camping Licht mit 4 Helligkeiten Dimmbar, Notfallleuchte mit B\u00fcgel und Haken f\u00fcr Stromausf\u00e4llen, Wandern, Notfall, usw.","og_url":"https:\/\/marktxxl.de\/markt\/produkt\/campinglampe-led-wiederaufladbare-hitonass-1000lm-superhell-suchscheinwerfer-camping-licht-mit-4-helligkeiten-dimmbar-notfallleuchte-mit-buegel-und-haken-fuer-stromausfaellen-wandern-notfall-us\/","og_site_name":"Markt-XXL","twitter_card":"summary_large_image","twitter_misc":{"Gesch\u00e4tzte Lesezeit":"1\u00a0Minute"},"schema":{"@context":"https:\/\/schema.org","@graph":[{"@type":"WebPage","@id":"https:\/\/marktxxl.de\/markt\/produkt\/campinglampe-led-wiederaufladbare-hitonass-1000lm-superhell-suchscheinwerfer-camping-licht-mit-4-helligkeiten-dimmbar-notfallleuchte-mit-buegel-und-haken-fuer-stromausfaellen-wandern-notfall-us\/","url":"https:\/\/marktxxl.de\/markt\/produkt\/campinglampe-led-wiederaufladbare-hitonass-1000lm-superhell-suchscheinwerfer-camping-licht-mit-4-helligkeiten-dimmbar-notfallleuchte-mit-buegel-und-haken-fuer-stromausfaellen-wandern-notfall-us\/","name":"Campinglampe LED Wiederaufladbare Hitonass , 1000lm Superhell Suchscheinwerfer, Camping Licht mit 4 Helligkeiten Dimmbar, Notfallleuchte mit B\u00fcgel und Haken f\u00fcr Stromausf\u00e4llen, Wandern, Notfall, usw. - Markt-XXL","isPartOf":{"@id":"https:\/\/marktxxl.de\/markt\/#website"},"primaryImageOfPage":{"@id":"https:\/\/marktxxl.de\/markt\/produkt\/campinglampe-led-wiederaufladbare-hitonass-1000lm-superhell-suchscheinwerfer-camping-licht-mit-4-helligkeiten-dimmbar-notfallleuchte-mit-buegel-und-haken-fuer-stromausfaellen-wandern-notfall-us\/#primaryimage"},"image":{"@id":"https:\/\/marktxxl.de\/markt\/produkt\/campinglampe-led-wiederaufladbare-hitonass-1000lm-superhell-suchscheinwerfer-camping-licht-mit-4-helligkeiten-dimmbar-notfallleuchte-mit-buegel-und-haken-fuer-stromausfaellen-wandern-notfall-us\/#primaryimage"},"thumbnailUrl":"https:\/\/m.media-amazon.com\/images\/I\/31spR6nkqnL._SL500_.jpg","datePublished":"2023-04-10T08:04:45+00:00","description":"Markt-XXL Campinglampe LED Wiederaufladbare Hitonass , 1000lm Superhell Suchscheinwerfer, Camping Licht mit 4 Helligkeiten Dimmbar, Notfallleuchte mit B\u00fcgel und Haken f\u00fcr Stromausf\u00e4llen, Wandern, Notfall, usw.","breadcrumb":{"@id":"https:\/\/marktxxl.de\/markt\/produkt\/campinglampe-led-wiederaufladbare-hitonass-1000lm-superhell-suchscheinwerfer-camping-licht-mit-4-helligkeiten-dimmbar-notfallleuchte-mit-buegel-und-haken-fuer-stromausfaellen-wandern-notfall-us\/#breadcrumb"},"inLanguage":"de","potentialAction":[{"@type":"ReadAction","target":["https:\/\/marktxxl.de\/markt\/produkt\/campinglampe-led-wiederaufladbare-hitonass-1000lm-superhell-suchscheinwerfer-camping-licht-mit-4-helligkeiten-dimmbar-notfallleuchte-mit-buegel-und-haken-fuer-stromausfaellen-wandern-notfall-us\/"]}]},{"@type":"ImageObject","inLanguage":"de","@id":"https:\/\/marktxxl.de\/markt\/produkt\/campinglampe-led-wiederaufladbare-hitonass-1000lm-superhell-suchscheinwerfer-camping-licht-mit-4-helligkeiten-dimmbar-notfallleuchte-mit-buegel-und-haken-fuer-stromausfaellen-wandern-notfall-us\/#primaryimage","url":"https:\/\/m.media-amazon.com\/images\/I\/31spR6nkqnL._SL500_.jpg","contentUrl":"https:\/\/m.media-amazon.com\/images\/I\/31spR6nkqnL._SL500_.jpg","width":500,"height":500},{"@type":"BreadcrumbList","@id":"https:\/\/marktxxl.de\/markt\/produkt\/campinglampe-led-wiederaufladbare-hitonass-1000lm-superhell-suchscheinwerfer-camping-licht-mit-4-helligkeiten-dimmbar-notfallleuchte-mit-buegel-und-haken-fuer-stromausfaellen-wandern-notfall-us\/#breadcrumb","itemListElement":[{"@type":"ListItem","position":1,"name":"Startseite","item":"https:\/\/marktxxl.de\/markt\/"},{"@type":"ListItem","position":2,"name":"Markt","item":"https:\/\/marktxxl.de\/markt\/"},{"@type":"ListItem","position":3,"name":"Campinglampe LED Wiederaufladbare Hitonass , 1000lm Superhell Suchscheinwerfer, Camping Licht mit 4 Helligkeiten Dimmbar, Notfallleuchte mit B\u00fcgel und Haken f\u00fcr Stromausf\u00e4llen, Wandern, Notfall, usw."}]},{"@type":"WebSite","@id":"https:\/\/marktxxl.de\/markt\/#website","url":"https:\/\/marktxxl.de\/markt\/","name":"Markt-XXL","description":"Ihr Markt Online","publisher":{"@id":"https:\/\/marktxxl.de\/markt\/#organization"},"potentialAction":[{"@type":"SearchAction","target":{"@type":"EntryPoint","urlTemplate":"https:\/\/marktxxl.de\/markt\/?s={search_term_string}"},"query-input":{"@type":"PropertyValueSpecification","valueRequired":true,"valueName":"search_term_string"}}],"inLanguage":"de"},{"@type":"Organization","@id":"https:\/\/marktxxl.de\/markt\/#organization","name":"Markt-XXL","url":"https:\/\/marktxxl.de\/markt\/","logo":{"@type":"ImageObject","inLanguage":"de","@id":"https:\/\/marktxxl.de\/markt\/#\/schema\/logo\/image\/","url":"https:\/\/marktxxl.de\/markt\/wp-content\/uploads\/sites\/3\/2020\/12\/logo.png","contentUrl":"https:\/\/marktxxl.de\/markt\/wp-content\/uploads\/sites\/3\/2020\/12\/logo.png","width":200,"height":70,"caption":"Markt-XXL"},"image":{"@id":"https:\/\/marktxxl.de\/markt\/#\/schema\/logo\/image\/"}}]}},"_links":{"self":[{"href":"https:\/\/marktxxl.de\/markt\/wp-json\/wp\/v2\/product\/200436","targetHints":{"allow":["GET"]}}],"collection":[{"href":"https:\/\/marktxxl.de\/markt\/wp-json\/wp\/v2\/product"}],"about":[{"href":"https:\/\/marktxxl.de\/markt\/wp-json\/wp\/v2\/types\/product"}],"replies":[{"embeddable":true,"href":"https:\/\/marktxxl.de\/markt\/wp-json\/wp\/v2\/comments?post=200436"}],"wp:featuredmedia":[{"embeddable":true,"href":"https:\/\/marktxxl.de\/markt\/wp-json\/wp\/v2\/media\/200437"}],"wp:attachment":[{"href":"https:\/\/marktxxl.de\/markt\/wp-json\/wp\/v2\/media?parent=200436"}],"wp:term":[{"taxonomy":"product_brand","embeddable":true,"href":"https:\/\/marktxxl.de\/markt\/wp-json\/wp\/v2\/product_brand?post=200436"},{"taxonomy":"product_cat","embeddable":true,"href":"https:\/\/marktxxl.de\/markt\/wp-json\/wp\/v2\/product_cat?post=200436"},{"taxonomy":"product_tag","embeddable":true,"href":"https:\/\/marktxxl.de\/markt\/wp-json\/wp\/v2\/product_tag?post=200436"}],"curies":[{"name":"wp","href":"https:\/\/api.w.org\/{rel}","templated":true}]}}