{"id":200322,"date":"2023-04-10T09:20:35","date_gmt":"2023-04-10T07:20:35","guid":{"rendered":"https:\/\/marktxxl.de\/markt\/produkt\/auauy-make-up-schwamm-set-foundation-blending-beauty-sponge-makeup-schwaemme-beauty-makeup-sponge-blender-fuer-fluessiges-foundation-puder-sonnenschutz-und-creme\/"},"modified":"2023-04-10T09:20:35","modified_gmt":"2023-04-10T07:20:35","slug":"auauy-make-up-schwamm-set-foundation-blending-beauty-sponge-makeup-schwaemme-beauty-makeup-sponge-blender-fuer-fluessiges-foundation-puder-sonnenschutz-und-creme","status":"publish","type":"product","link":"https:\/\/marktxxl.de\/markt\/produkt\/auauy-make-up-schwamm-set-foundation-blending-beauty-sponge-makeup-schwaemme-beauty-makeup-sponge-blender-fuer-fluessiges-foundation-puder-sonnenschutz-und-creme\/","title":{"rendered":"AUAUY Make up Schwamm Set, Foundation Blending Beauty Sponge, Makeup Schw\u00e4mme, Beauty makeup sponge Blender f\u00fcr fl\u00fcssiges Foundation Puder Sonnenschutz und Creme"},"content":{"rendered":"<p>\ud83e\uddfd\u3010HAUTFREUNDLICHER SCHWAMM\u3011 Der Make-up-Schwamm besteht aus einem latexfreien Schwamm, aus hochwertigem hydrophilem Polyurethanmaterial, f\u00fchlt sich weich an, hat eine hervorragende Elastizit\u00e4t, ist leicht zu unterscheiden, hautfreundlich und 100% nicht reizend empfindliche Haut, zarte Haut, geeignet f\u00fcr alle Altersgruppen und Sex-Make-up-Liebhaber. Erinnerung: Das Produkt wird w\u00e4hrend des Extrusionsprozesses verformt und kann nach dem Einweichen in Wasser wiederhergestellt werden.<br \/>\n\ud83d\udc95\u3010NASS- UND TROCKENDESIGN\u3011Unser Make-up-Schwamm kann nass oder trocken verwendet werden, der weiche und elastische latexfreie Schwamm wird gr\u00f6\u00dfer, wenn er nass wird; geeignet f\u00fcr losen Puder, Lidschatten, Lippenstift, Brauenpuder; F\u00fcr ein makelloses und elegantes Finish einfach gleichm\u00e4\u00dfig einklopfen.<br \/>\n\ud83e\udd70\u3010INTIMES AUSSEHENSDESIGN\u3011Die abgerundeten Kanten des Make-up-Schwammsets eignen sich f\u00fcr gro\u00dfe Bereiche des Gesichts, die scharfen Kanten eignen sich zum Abdecken von Sch\u00f6nheitsfehlern und die flachen Kanten eignen sich f\u00fcr die Konturen um Augen und Nase.Das durchdachte Design erm\u00f6glicht es Ihnen, Make-up schnell und gleichm\u00e4\u00dfig auf das gesamte Gesicht aufzutragen, und es absorbiert Ihr Make-up nicht, wodurch Sie Geld sparen und Abfall vermeiden.<br \/>\n\u270c\u3010EINFACH ZU VERWENDEN\u3011 Unser Make-up-Schwamm hat eine einheitliche Porengr\u00f6\u00dfe und ist nicht leicht zu pudern. Wenn es auf Wasser trifft, wird es gr\u00f6\u00dfer und hilft der Foundation, sich besser und glatter zu verteilen, Trockenheit und Abbl\u00e4ttern zu reduzieren und einen gleichm\u00e4\u00dfigen und charmanten Make-up-Look zu kreieren! Egal, ob Sie ein Profi oder ein Anf\u00e4nger sind, diese Make-up-Schw\u00e4mme passen problemlos in Ihre Routine!<br \/>\n\ud83c\udf81\u3010BESTE WAHL\u3011 Dieser Make-up-Schwamm ist leicht zu tragen und f\u00fcr den Langzeitgebrauch geeignet. Dieses Make-up-Set ist auch ein perfektes Geschenk f\u00fcr Make-up-Liebhaber zu Weihnachten, Geburtstagen und anderen Feiertagen.<br \/>\n<div class=\"main-cross-sell\" data-asin=\"B0BMVN23FY\">\n\n\t<div class=\"WooZone-cross-sell-loader\">\n\t\t<div>\n\t\t\t<div id=\"floatingBarsG\">\n\t\t\t\t<div class=\"blockG\" id=\"rotateG_01\"><\/div>\n\t\t\t\t<div class=\"blockG\" id=\"rotateG_02\"><\/div>\n\t\t\t\t<div class=\"blockG\" id=\"rotateG_03\"><\/div>\n\t\t\t\t<div class=\"blockG\" id=\"rotateG_04\"><\/div>\n\t\t\t\t<div class=\"blockG\" id=\"rotateG_05\"><\/div>\n\t\t\t\t<div class=\"blockG\" id=\"rotateG_06\"><\/div>\n\t\t\t\t<div class=\"blockG\" id=\"rotateG_07\"><\/div>\n\t\t\t\t<div class=\"blockG\" id=\"rotateG_08\"><\/div>\n\t\t\t<\/div>\n\t\t\t<div class=\"WooZone-cross-sell-loader-text\"><\/div>\n\t\t<\/div>\n\t<\/div>\n\n\t\t\n<\/div>\n<div style=\"clear:both;\"><\/div><\/p>\n","protected":false},"excerpt":{"rendered":"<p>\ud83e\uddfd\u3010HAUTFREUNDLICHER SCHWAMM\u3011 Der Make-up-Schwamm besteht aus einem latexfreien Schwamm, aus hochwertigem hydrophilem Polyurethanmaterial, f\u00fchlt sich weich an, hat eine hervorragende Elastizit\u00e4t, ist leicht zu unterscheiden, hautfreundlich und 100% nicht reizend empfindliche Haut, zarte Haut, geeignet f\u00fcr alle Altersgruppen und Sex-Make-up-Liebhaber. Erinnerung: Das Produkt wird w\u00e4hrend des Extrusionsprozesses verformt und kann nach dem Einweichen in Wasser wiederhergestellt werden.<br \/>\n\ud83d\udc95\u3010NASS- UND TROCKENDESIGN\u3011Unser Make-up-Schwamm kann nass oder trocken verwendet werden, der weiche und elastische latexfreie Schwamm wird gr\u00f6\u00dfer, wenn er nass wird; geeignet f\u00fcr losen Puder, Lidschatten, Lippenstift, Brauenpuder; F\u00fcr ein makelloses und elegantes Finish einfach gleichm\u00e4\u00dfig einklopfen.<br \/>\n\ud83e\udd70\u3010INTIMES AUSSEHENSDESIGN\u3011Die abgerundeten Kanten des Make-up-Schwammsets eignen sich f\u00fcr gro\u00dfe Bereiche des Gesichts, die scharfen Kanten eignen sich zum Abdecken von Sch\u00f6nheitsfehlern und die flachen Kanten eignen sich f\u00fcr die Konturen um Augen und Nase.Das durchdachte Design erm\u00f6glicht es Ihnen, Make-up schnell und gleichm\u00e4\u00dfig auf das gesamte Gesicht aufzutragen, und es absorbiert Ihr Make-up nicht, wodurch Sie Geld sparen und Abfall vermeiden.<\/p>\n","protected":false},"featured_media":200323,"comment_status":"open","ping_status":"closed","template":"","meta":[],"product_brand":[],"product_cat":[2858,7726],"product_tag":[],"class_list":{"0":"post-200322","1":"product","2":"type-product","3":"status-publish","4":"has-post-thumbnail","6":"product_cat-beauty","7":"product_cat-zubehoer-beauty","8":"pa_brand-auauy","9":"pa_manufacturer-lairi","11":"first","12":"instock","13":"shipping-taxable","14":"product-type-simple","15":"customify-col","16":"product-has-gallery"},"yoast_head":"<!-- This site is optimized with the Yoast SEO plugin v27.4 - https:\/\/yoast.com\/product\/yoast-seo-wordpress\/ -->\n<title>AUAUY Make up Schwamm Set, Foundation Blending Beauty Sponge, Makeup Schw\u00e4mme, Beauty makeup sponge Blender f\u00fcr fl\u00fcssiges Foundation Puder Sonnenschutz und Creme - Markt-XXL<\/title>\n<meta name=\"description\" content=\"Markt-XXL AUAUY Make up Schwamm Set, Foundation Blending Beauty Sponge, Makeup Schw\u00e4mme, Beauty makeup sponge Blender f\u00fcr fl\u00fcssiges Foundation Puder Sonnenschutz und Creme\" \/>\n<meta name=\"robots\" content=\"index, follow, max-snippet:-1, max-image-preview:large, max-video-preview:-1\" \/>\n<link rel=\"canonical\" href=\"https:\/\/marktxxl.de\/markt\/produkt\/auauy-make-up-schwamm-set-foundation-blending-beauty-sponge-makeup-schwaemme-beauty-makeup-sponge-blender-fuer-fluessiges-foundation-puder-sonnenschutz-und-creme\/\" \/>\n<meta property=\"og:locale\" content=\"de_DE\" \/>\n<meta property=\"og:type\" content=\"article\" \/>\n<meta property=\"og:title\" content=\"AUAUY Make up Schwamm Set, Foundation Blending Beauty Sponge, Makeup Schw\u00e4mme, Beauty makeup sponge Blender f\u00fcr fl\u00fcssiges Foundation Puder Sonnenschutz und Creme - Markt-XXL\" \/>\n<meta property=\"og:description\" content=\"Markt-XXL AUAUY Make up Schwamm Set, Foundation Blending Beauty Sponge, Makeup Schw\u00e4mme, Beauty makeup sponge Blender f\u00fcr fl\u00fcssiges Foundation Puder Sonnenschutz und Creme\" \/>\n<meta property=\"og:url\" content=\"https:\/\/marktxxl.de\/markt\/produkt\/auauy-make-up-schwamm-set-foundation-blending-beauty-sponge-makeup-schwaemme-beauty-makeup-sponge-blender-fuer-fluessiges-foundation-puder-sonnenschutz-und-creme\/\" \/>\n<meta property=\"og:site_name\" content=\"Markt-XXL\" \/>\n<meta name=\"twitter:card\" content=\"summary_large_image\" \/>\n<meta name=\"twitter:label1\" content=\"Gesch\u00e4tzte Lesezeit\" \/>\n\t<meta name=\"twitter:data1\" content=\"1\u00a0Minute\" \/>\n<script type=\"application\/ld+json\" class=\"yoast-schema-graph\">{\"@context\":\"https:\\\/\\\/schema.org\",\"@graph\":[{\"@type\":\"WebPage\",\"@id\":\"https:\\\/\\\/marktxxl.de\\\/markt\\\/produkt\\\/auauy-make-up-schwamm-set-foundation-blending-beauty-sponge-makeup-schwaemme-beauty-makeup-sponge-blender-fuer-fluessiges-foundation-puder-sonnenschutz-und-creme\\\/\",\"url\":\"https:\\\/\\\/marktxxl.de\\\/markt\\\/produkt\\\/auauy-make-up-schwamm-set-foundation-blending-beauty-sponge-makeup-schwaemme-beauty-makeup-sponge-blender-fuer-fluessiges-foundation-puder-sonnenschutz-und-creme\\\/\",\"name\":\"AUAUY Make up Schwamm Set, Foundation Blending Beauty Sponge, Makeup Schw\u00e4mme, Beauty makeup sponge Blender f\u00fcr fl\u00fcssiges Foundation Puder Sonnenschutz und Creme - Markt-XXL\",\"isPartOf\":{\"@id\":\"https:\\\/\\\/marktxxl.de\\\/markt\\\/#website\"},\"primaryImageOfPage\":{\"@id\":\"https:\\\/\\\/marktxxl.de\\\/markt\\\/produkt\\\/auauy-make-up-schwamm-set-foundation-blending-beauty-sponge-makeup-schwaemme-beauty-makeup-sponge-blender-fuer-fluessiges-foundation-puder-sonnenschutz-und-creme\\\/#primaryimage\"},\"image\":{\"@id\":\"https:\\\/\\\/marktxxl.de\\\/markt\\\/produkt\\\/auauy-make-up-schwamm-set-foundation-blending-beauty-sponge-makeup-schwaemme-beauty-makeup-sponge-blender-fuer-fluessiges-foundation-puder-sonnenschutz-und-creme\\\/#primaryimage\"},\"thumbnailUrl\":\"https:\\\/\\\/m.media-amazon.com\\\/images\\\/I\\\/41ynQeR4zbL._SL500_.jpg\",\"datePublished\":\"2023-04-10T07:20:35+00:00\",\"description\":\"Markt-XXL AUAUY Make up Schwamm Set, Foundation Blending Beauty Sponge, Makeup Schw\u00e4mme, Beauty makeup sponge Blender f\u00fcr fl\u00fcssiges Foundation Puder Sonnenschutz und Creme\",\"breadcrumb\":{\"@id\":\"https:\\\/\\\/marktxxl.de\\\/markt\\\/produkt\\\/auauy-make-up-schwamm-set-foundation-blending-beauty-sponge-makeup-schwaemme-beauty-makeup-sponge-blender-fuer-fluessiges-foundation-puder-sonnenschutz-und-creme\\\/#breadcrumb\"},\"inLanguage\":\"de\",\"potentialAction\":[{\"@type\":\"ReadAction\",\"target\":[\"https:\\\/\\\/marktxxl.de\\\/markt\\\/produkt\\\/auauy-make-up-schwamm-set-foundation-blending-beauty-sponge-makeup-schwaemme-beauty-makeup-sponge-blender-fuer-fluessiges-foundation-puder-sonnenschutz-und-creme\\\/\"]}]},{\"@type\":\"ImageObject\",\"inLanguage\":\"de\",\"@id\":\"https:\\\/\\\/marktxxl.de\\\/markt\\\/produkt\\\/auauy-make-up-schwamm-set-foundation-blending-beauty-sponge-makeup-schwaemme-beauty-makeup-sponge-blender-fuer-fluessiges-foundation-puder-sonnenschutz-und-creme\\\/#primaryimage\",\"url\":\"https:\\\/\\\/m.media-amazon.com\\\/images\\\/I\\\/41ynQeR4zbL._SL500_.jpg\",\"contentUrl\":\"https:\\\/\\\/m.media-amazon.com\\\/images\\\/I\\\/41ynQeR4zbL._SL500_.jpg\",\"width\":500,\"height\":500},{\"@type\":\"BreadcrumbList\",\"@id\":\"https:\\\/\\\/marktxxl.de\\\/markt\\\/produkt\\\/auauy-make-up-schwamm-set-foundation-blending-beauty-sponge-makeup-schwaemme-beauty-makeup-sponge-blender-fuer-fluessiges-foundation-puder-sonnenschutz-und-creme\\\/#breadcrumb\",\"itemListElement\":[{\"@type\":\"ListItem\",\"position\":1,\"name\":\"Startseite\",\"item\":\"https:\\\/\\\/marktxxl.de\\\/markt\\\/\"},{\"@type\":\"ListItem\",\"position\":2,\"name\":\"Markt\",\"item\":\"https:\\\/\\\/marktxxl.de\\\/markt\\\/\"},{\"@type\":\"ListItem\",\"position\":3,\"name\":\"AUAUY Make up Schwamm Set, Foundation Blending Beauty Sponge, Makeup Schw\u00e4mme, Beauty makeup sponge Blender f\u00fcr fl\u00fcssiges Foundation Puder Sonnenschutz und Creme\"}]},{\"@type\":\"WebSite\",\"@id\":\"https:\\\/\\\/marktxxl.de\\\/markt\\\/#website\",\"url\":\"https:\\\/\\\/marktxxl.de\\\/markt\\\/\",\"name\":\"Markt-XXL\",\"description\":\"Ihr Markt Online\",\"publisher\":{\"@id\":\"https:\\\/\\\/marktxxl.de\\\/markt\\\/#organization\"},\"potentialAction\":[{\"@type\":\"SearchAction\",\"target\":{\"@type\":\"EntryPoint\",\"urlTemplate\":\"https:\\\/\\\/marktxxl.de\\\/markt\\\/?s={search_term_string}\"},\"query-input\":{\"@type\":\"PropertyValueSpecification\",\"valueRequired\":true,\"valueName\":\"search_term_string\"}}],\"inLanguage\":\"de\"},{\"@type\":\"Organization\",\"@id\":\"https:\\\/\\\/marktxxl.de\\\/markt\\\/#organization\",\"name\":\"Markt-XXL\",\"url\":\"https:\\\/\\\/marktxxl.de\\\/markt\\\/\",\"logo\":{\"@type\":\"ImageObject\",\"inLanguage\":\"de\",\"@id\":\"https:\\\/\\\/marktxxl.de\\\/markt\\\/#\\\/schema\\\/logo\\\/image\\\/\",\"url\":\"https:\\\/\\\/marktxxl.de\\\/markt\\\/wp-content\\\/uploads\\\/sites\\\/3\\\/2020\\\/12\\\/logo.png\",\"contentUrl\":\"https:\\\/\\\/marktxxl.de\\\/markt\\\/wp-content\\\/uploads\\\/sites\\\/3\\\/2020\\\/12\\\/logo.png\",\"width\":200,\"height\":70,\"caption\":\"Markt-XXL\"},\"image\":{\"@id\":\"https:\\\/\\\/marktxxl.de\\\/markt\\\/#\\\/schema\\\/logo\\\/image\\\/\"}}]}<\/script>\n<!-- \/ Yoast SEO plugin. -->","yoast_head_json":{"title":"AUAUY Make up Schwamm Set, Foundation Blending Beauty Sponge, Makeup Schw\u00e4mme, Beauty makeup sponge Blender f\u00fcr fl\u00fcssiges Foundation Puder Sonnenschutz und Creme - Markt-XXL","description":"Markt-XXL AUAUY Make up Schwamm Set, Foundation Blending Beauty Sponge, Makeup Schw\u00e4mme, Beauty makeup sponge Blender f\u00fcr fl\u00fcssiges Foundation Puder Sonnenschutz und Creme","robots":{"index":"index","follow":"follow","max-snippet":"max-snippet:-1","max-image-preview":"max-image-preview:large","max-video-preview":"max-video-preview:-1"},"canonical":"https:\/\/marktxxl.de\/markt\/produkt\/auauy-make-up-schwamm-set-foundation-blending-beauty-sponge-makeup-schwaemme-beauty-makeup-sponge-blender-fuer-fluessiges-foundation-puder-sonnenschutz-und-creme\/","og_locale":"de_DE","og_type":"article","og_title":"AUAUY Make up Schwamm Set, Foundation Blending Beauty Sponge, Makeup Schw\u00e4mme, Beauty makeup sponge Blender f\u00fcr fl\u00fcssiges Foundation Puder Sonnenschutz und Creme - Markt-XXL","og_description":"Markt-XXL AUAUY Make up Schwamm Set, Foundation Blending Beauty Sponge, Makeup Schw\u00e4mme, Beauty makeup sponge Blender f\u00fcr fl\u00fcssiges Foundation Puder Sonnenschutz und Creme","og_url":"https:\/\/marktxxl.de\/markt\/produkt\/auauy-make-up-schwamm-set-foundation-blending-beauty-sponge-makeup-schwaemme-beauty-makeup-sponge-blender-fuer-fluessiges-foundation-puder-sonnenschutz-und-creme\/","og_site_name":"Markt-XXL","twitter_card":"summary_large_image","twitter_misc":{"Gesch\u00e4tzte Lesezeit":"1\u00a0Minute"},"schema":{"@context":"https:\/\/schema.org","@graph":[{"@type":"WebPage","@id":"https:\/\/marktxxl.de\/markt\/produkt\/auauy-make-up-schwamm-set-foundation-blending-beauty-sponge-makeup-schwaemme-beauty-makeup-sponge-blender-fuer-fluessiges-foundation-puder-sonnenschutz-und-creme\/","url":"https:\/\/marktxxl.de\/markt\/produkt\/auauy-make-up-schwamm-set-foundation-blending-beauty-sponge-makeup-schwaemme-beauty-makeup-sponge-blender-fuer-fluessiges-foundation-puder-sonnenschutz-und-creme\/","name":"AUAUY Make up Schwamm Set, Foundation Blending Beauty Sponge, Makeup Schw\u00e4mme, Beauty makeup sponge Blender f\u00fcr fl\u00fcssiges Foundation Puder Sonnenschutz und Creme - Markt-XXL","isPartOf":{"@id":"https:\/\/marktxxl.de\/markt\/#website"},"primaryImageOfPage":{"@id":"https:\/\/marktxxl.de\/markt\/produkt\/auauy-make-up-schwamm-set-foundation-blending-beauty-sponge-makeup-schwaemme-beauty-makeup-sponge-blender-fuer-fluessiges-foundation-puder-sonnenschutz-und-creme\/#primaryimage"},"image":{"@id":"https:\/\/marktxxl.de\/markt\/produkt\/auauy-make-up-schwamm-set-foundation-blending-beauty-sponge-makeup-schwaemme-beauty-makeup-sponge-blender-fuer-fluessiges-foundation-puder-sonnenschutz-und-creme\/#primaryimage"},"thumbnailUrl":"https:\/\/m.media-amazon.com\/images\/I\/41ynQeR4zbL._SL500_.jpg","datePublished":"2023-04-10T07:20:35+00:00","description":"Markt-XXL AUAUY Make up Schwamm Set, Foundation Blending Beauty Sponge, Makeup Schw\u00e4mme, Beauty makeup sponge Blender f\u00fcr fl\u00fcssiges Foundation Puder Sonnenschutz und Creme","breadcrumb":{"@id":"https:\/\/marktxxl.de\/markt\/produkt\/auauy-make-up-schwamm-set-foundation-blending-beauty-sponge-makeup-schwaemme-beauty-makeup-sponge-blender-fuer-fluessiges-foundation-puder-sonnenschutz-und-creme\/#breadcrumb"},"inLanguage":"de","potentialAction":[{"@type":"ReadAction","target":["https:\/\/marktxxl.de\/markt\/produkt\/auauy-make-up-schwamm-set-foundation-blending-beauty-sponge-makeup-schwaemme-beauty-makeup-sponge-blender-fuer-fluessiges-foundation-puder-sonnenschutz-und-creme\/"]}]},{"@type":"ImageObject","inLanguage":"de","@id":"https:\/\/marktxxl.de\/markt\/produkt\/auauy-make-up-schwamm-set-foundation-blending-beauty-sponge-makeup-schwaemme-beauty-makeup-sponge-blender-fuer-fluessiges-foundation-puder-sonnenschutz-und-creme\/#primaryimage","url":"https:\/\/m.media-amazon.com\/images\/I\/41ynQeR4zbL._SL500_.jpg","contentUrl":"https:\/\/m.media-amazon.com\/images\/I\/41ynQeR4zbL._SL500_.jpg","width":500,"height":500},{"@type":"BreadcrumbList","@id":"https:\/\/marktxxl.de\/markt\/produkt\/auauy-make-up-schwamm-set-foundation-blending-beauty-sponge-makeup-schwaemme-beauty-makeup-sponge-blender-fuer-fluessiges-foundation-puder-sonnenschutz-und-creme\/#breadcrumb","itemListElement":[{"@type":"ListItem","position":1,"name":"Startseite","item":"https:\/\/marktxxl.de\/markt\/"},{"@type":"ListItem","position":2,"name":"Markt","item":"https:\/\/marktxxl.de\/markt\/"},{"@type":"ListItem","position":3,"name":"AUAUY Make up Schwamm Set, Foundation Blending Beauty Sponge, Makeup Schw\u00e4mme, Beauty makeup sponge Blender f\u00fcr fl\u00fcssiges Foundation Puder Sonnenschutz und Creme"}]},{"@type":"WebSite","@id":"https:\/\/marktxxl.de\/markt\/#website","url":"https:\/\/marktxxl.de\/markt\/","name":"Markt-XXL","description":"Ihr Markt Online","publisher":{"@id":"https:\/\/marktxxl.de\/markt\/#organization"},"potentialAction":[{"@type":"SearchAction","target":{"@type":"EntryPoint","urlTemplate":"https:\/\/marktxxl.de\/markt\/?s={search_term_string}"},"query-input":{"@type":"PropertyValueSpecification","valueRequired":true,"valueName":"search_term_string"}}],"inLanguage":"de"},{"@type":"Organization","@id":"https:\/\/marktxxl.de\/markt\/#organization","name":"Markt-XXL","url":"https:\/\/marktxxl.de\/markt\/","logo":{"@type":"ImageObject","inLanguage":"de","@id":"https:\/\/marktxxl.de\/markt\/#\/schema\/logo\/image\/","url":"https:\/\/marktxxl.de\/markt\/wp-content\/uploads\/sites\/3\/2020\/12\/logo.png","contentUrl":"https:\/\/marktxxl.de\/markt\/wp-content\/uploads\/sites\/3\/2020\/12\/logo.png","width":200,"height":70,"caption":"Markt-XXL"},"image":{"@id":"https:\/\/marktxxl.de\/markt\/#\/schema\/logo\/image\/"}}]}},"_links":{"self":[{"href":"https:\/\/marktxxl.de\/markt\/wp-json\/wp\/v2\/product\/200322","targetHints":{"allow":["GET"]}}],"collection":[{"href":"https:\/\/marktxxl.de\/markt\/wp-json\/wp\/v2\/product"}],"about":[{"href":"https:\/\/marktxxl.de\/markt\/wp-json\/wp\/v2\/types\/product"}],"replies":[{"embeddable":true,"href":"https:\/\/marktxxl.de\/markt\/wp-json\/wp\/v2\/comments?post=200322"}],"wp:featuredmedia":[{"embeddable":true,"href":"https:\/\/marktxxl.de\/markt\/wp-json\/wp\/v2\/media\/200323"}],"wp:attachment":[{"href":"https:\/\/marktxxl.de\/markt\/wp-json\/wp\/v2\/media?parent=200322"}],"wp:term":[{"taxonomy":"product_brand","embeddable":true,"href":"https:\/\/marktxxl.de\/markt\/wp-json\/wp\/v2\/product_brand?post=200322"},{"taxonomy":"product_cat","embeddable":true,"href":"https:\/\/marktxxl.de\/markt\/wp-json\/wp\/v2\/product_cat?post=200322"},{"taxonomy":"product_tag","embeddable":true,"href":"https:\/\/marktxxl.de\/markt\/wp-json\/wp\/v2\/product_tag?post=200322"}],"curies":[{"name":"wp","href":"https:\/\/api.w.org\/{rel}","templated":true}]}}