{"id":200314,"date":"2023-04-10T09:20:23","date_gmt":"2023-04-10T07:20:23","guid":{"rendered":"https:\/\/marktxxl.de\/markt\/produkt\/ainiv-dreieck-makeup-puderquaste-gesicht-schwaemmchen-powder-puff-waschbar-wiederverwendbar-makeup-sponge-nass-trocken-make-up-werkzeug-fuer-loses-puder-oder-foundation-rouge\/"},"modified":"2023-04-10T09:20:23","modified_gmt":"2023-04-10T07:20:23","slug":"ainiv-dreieck-makeup-puderquaste-gesicht-schwaemmchen-powder-puff-waschbar-wiederverwendbar-makeup-sponge-nass-trocken-make-up-werkzeug-fuer-loses-puder-oder-foundation-rouge","status":"publish","type":"product","link":"https:\/\/marktxxl.de\/markt\/produkt\/ainiv-dreieck-makeup-puderquaste-gesicht-schwaemmchen-powder-puff-waschbar-wiederverwendbar-makeup-sponge-nass-trocken-make-up-werkzeug-fuer-loses-puder-oder-foundation-rouge\/","title":{"rendered":"Ainiv Dreieck Makeup Puderquaste, Gesicht Schw\u00e4mmchen Powder Puff, Waschbar Wiederverwendbar Makeup Sponge, Nass Trocken Make up Werkzeug f\u00fcr Loses Puder oder Foundation Rouge"},"content":{"rendered":"<p>Perfektes Set f\u00fcr t\u00e4gliches Make-up: Dieser Puffer ist doppelt geformt, mit der abgerundeten Seite k\u00f6nnen Sie Foundation gleichm\u00e4\u00dfig auf Wangen und Stirn auftragen. Die dreieckige Seite dient zum Gl\u00e4tten von unebenem Make-up um die Augenecke. Jeder Make-up-Schwamm hat Schultergurte f\u00fcr einfachen Halt. 6 x rosa Make-up-Schw\u00e4mme f\u00fcr alle Arten von Kosmetik-Grundierung, BB-Creme, Puder, Concealer, Isolation, Fl\u00fcssigkeit, etc<br \/>\nWeich und bequem: Unsere Puffkissen sind aus weichem Schaumstoff, der samtig weich ist, und Ihnen eine angenehme Hautber\u00fchrung verleiht, sodass Sie eine gute Nutzungserfahrung haben k\u00f6nnen.<br \/>\nTrockene und nasse Verwendung: Diese Puffform kann f\u00fcr trockenes und nasses Make-up verwendet werden, es kann die Menge an Grundierungs-Make-up sparen und leicht ein leichtes Make-up schaffen. Macht Sie selbstsicherer und attraktiver.<br \/>\nWaschbar und wiederverwendbar: Unsere Quaste kann von Hand oder in der Waschmaschine gewaschen werden. Bitte legen Sie es in den W\u00e4schesack und verwenden Sie die Maschine, um es zu waschen. Seien Sie vorsichtig, nicht mit anderen dunklen Kleidungsst\u00fccken zu waschen, da die Puffe leicht abf\u00e4rben k\u00f6nnen. H\u00e4ngen Sie es nach dem Waschen an einem bel\u00fcfteten Ort zum Trocknen f\u00fcr den zweiten Gebrauch.<br \/>\nBreite Anwendungen: Diese Puffs k\u00f6nnen auf fl\u00fcssiger Grundierung, Basiscreme, BB-Creme, Sonnencreme, Rouge, losem Puder, Lidschatten, Puder, K\u00f6rperpuder, Concealer usw. angewendet werden, geeignet f\u00fcr fettige Haut, normale Haut, trockene Haut, Mischhaut oder empfindliche Haut.<br \/>\n<div class=\"main-cross-sell\" data-asin=\"B0B4BGPNKM\">\n\n\t<div class=\"WooZone-cross-sell-loader\">\n\t\t<div>\n\t\t\t<div id=\"floatingBarsG\">\n\t\t\t\t<div class=\"blockG\" id=\"rotateG_01\"><\/div>\n\t\t\t\t<div class=\"blockG\" id=\"rotateG_02\"><\/div>\n\t\t\t\t<div class=\"blockG\" id=\"rotateG_03\"><\/div>\n\t\t\t\t<div class=\"blockG\" id=\"rotateG_04\"><\/div>\n\t\t\t\t<div class=\"blockG\" id=\"rotateG_05\"><\/div>\n\t\t\t\t<div class=\"blockG\" id=\"rotateG_06\"><\/div>\n\t\t\t\t<div class=\"blockG\" id=\"rotateG_07\"><\/div>\n\t\t\t\t<div class=\"blockG\" id=\"rotateG_08\"><\/div>\n\t\t\t<\/div>\n\t\t\t<div class=\"WooZone-cross-sell-loader-text\"><\/div>\n\t\t<\/div>\n\t<\/div>\n\n\t\t\n<\/div>\n<div style=\"clear:both;\"><\/div><\/p>\n","protected":false},"excerpt":{"rendered":"<p>Perfektes Set f\u00fcr t\u00e4gliches Make-up: Dieser Puffer ist doppelt geformt, mit der abgerundeten Seite k\u00f6nnen Sie Foundation gleichm\u00e4\u00dfig auf Wangen und Stirn auftragen. Die dreieckige Seite dient zum Gl\u00e4tten von unebenem Make-up um die Augenecke. Jeder Make-up-Schwamm hat Schultergurte f\u00fcr einfachen Halt. 6 x rosa Make-up-Schw\u00e4mme f\u00fcr alle Arten von Kosmetik-Grundierung, BB-Creme, Puder, Concealer, Isolation, Fl\u00fcssigkeit, etc<br \/>\nWeich und bequem: Unsere Puffkissen sind aus weichem Schaumstoff, der samtig weich ist, und Ihnen eine angenehme Hautber\u00fchrung verleiht, sodass Sie eine gute Nutzungserfahrung haben k\u00f6nnen.<br \/>\nTrockene und nasse Verwendung: Diese Puffform kann f\u00fcr trockenes und nasses Make-up verwendet werden, es kann die Menge an Grundierungs-Make-up sparen und leicht ein leichtes Make-up schaffen. Macht Sie selbstsicherer und attraktiver.<\/p>\n","protected":false},"featured_media":200315,"comment_status":"open","ping_status":"closed","template":"","meta":[],"product_brand":[],"product_cat":[2858,7726],"product_tag":[],"class_list":{"0":"post-200314","1":"product","2":"type-product","3":"status-publish","4":"has-post-thumbnail","6":"product_cat-beauty","7":"product_cat-zubehoer-beauty","8":"pa_brand-ainiv","9":"pa_manufacturer-huayoto","11":"first","12":"instock","13":"shipping-taxable","14":"product-type-simple","15":"customify-col","16":"product-has-gallery"},"yoast_head":"<!-- This site is optimized with the Yoast SEO plugin v27.4 - https:\/\/yoast.com\/product\/yoast-seo-wordpress\/ -->\n<title>Ainiv Dreieck Makeup Puderquaste, Gesicht Schw\u00e4mmchen Powder Puff, Waschbar Wiederverwendbar Makeup Sponge, Nass Trocken Make up Werkzeug f\u00fcr Loses Puder oder Foundation Rouge - Markt-XXL<\/title>\n<meta name=\"description\" content=\"Markt-XXL Ainiv Dreieck Makeup Puderquaste, Gesicht Schw\u00e4mmchen Powder Puff, Waschbar Wiederverwendbar Makeup Sponge, Nass Trocken Make up Werkzeug f\u00fcr Loses Puder oder Foundation Rouge\" \/>\n<meta name=\"robots\" content=\"index, follow, max-snippet:-1, max-image-preview:large, max-video-preview:-1\" \/>\n<link rel=\"canonical\" href=\"https:\/\/marktxxl.de\/markt\/produkt\/ainiv-dreieck-makeup-puderquaste-gesicht-schwaemmchen-powder-puff-waschbar-wiederverwendbar-makeup-sponge-nass-trocken-make-up-werkzeug-fuer-loses-puder-oder-foundation-rouge\/\" \/>\n<meta property=\"og:locale\" content=\"de_DE\" \/>\n<meta property=\"og:type\" content=\"article\" \/>\n<meta property=\"og:title\" content=\"Ainiv Dreieck Makeup Puderquaste, Gesicht Schw\u00e4mmchen Powder Puff, Waschbar Wiederverwendbar Makeup Sponge, Nass Trocken Make up Werkzeug f\u00fcr Loses Puder oder Foundation Rouge - Markt-XXL\" \/>\n<meta property=\"og:description\" content=\"Markt-XXL Ainiv Dreieck Makeup Puderquaste, Gesicht Schw\u00e4mmchen Powder Puff, Waschbar Wiederverwendbar Makeup Sponge, Nass Trocken Make up Werkzeug f\u00fcr Loses Puder oder Foundation Rouge\" \/>\n<meta property=\"og:url\" content=\"https:\/\/marktxxl.de\/markt\/produkt\/ainiv-dreieck-makeup-puderquaste-gesicht-schwaemmchen-powder-puff-waschbar-wiederverwendbar-makeup-sponge-nass-trocken-make-up-werkzeug-fuer-loses-puder-oder-foundation-rouge\/\" \/>\n<meta property=\"og:site_name\" content=\"Markt-XXL\" \/>\n<meta name=\"twitter:card\" content=\"summary_large_image\" \/>\n<meta name=\"twitter:label1\" content=\"Gesch\u00e4tzte Lesezeit\" \/>\n\t<meta name=\"twitter:data1\" content=\"1\u00a0Minute\" \/>\n<script type=\"application\/ld+json\" class=\"yoast-schema-graph\">{\"@context\":\"https:\\\/\\\/schema.org\",\"@graph\":[{\"@type\":\"WebPage\",\"@id\":\"https:\\\/\\\/marktxxl.de\\\/markt\\\/produkt\\\/ainiv-dreieck-makeup-puderquaste-gesicht-schwaemmchen-powder-puff-waschbar-wiederverwendbar-makeup-sponge-nass-trocken-make-up-werkzeug-fuer-loses-puder-oder-foundation-rouge\\\/\",\"url\":\"https:\\\/\\\/marktxxl.de\\\/markt\\\/produkt\\\/ainiv-dreieck-makeup-puderquaste-gesicht-schwaemmchen-powder-puff-waschbar-wiederverwendbar-makeup-sponge-nass-trocken-make-up-werkzeug-fuer-loses-puder-oder-foundation-rouge\\\/\",\"name\":\"Ainiv Dreieck Makeup Puderquaste, Gesicht Schw\u00e4mmchen Powder Puff, Waschbar Wiederverwendbar Makeup Sponge, Nass Trocken Make up Werkzeug f\u00fcr Loses Puder oder Foundation Rouge - Markt-XXL\",\"isPartOf\":{\"@id\":\"https:\\\/\\\/marktxxl.de\\\/markt\\\/#website\"},\"primaryImageOfPage\":{\"@id\":\"https:\\\/\\\/marktxxl.de\\\/markt\\\/produkt\\\/ainiv-dreieck-makeup-puderquaste-gesicht-schwaemmchen-powder-puff-waschbar-wiederverwendbar-makeup-sponge-nass-trocken-make-up-werkzeug-fuer-loses-puder-oder-foundation-rouge\\\/#primaryimage\"},\"image\":{\"@id\":\"https:\\\/\\\/marktxxl.de\\\/markt\\\/produkt\\\/ainiv-dreieck-makeup-puderquaste-gesicht-schwaemmchen-powder-puff-waschbar-wiederverwendbar-makeup-sponge-nass-trocken-make-up-werkzeug-fuer-loses-puder-oder-foundation-rouge\\\/#primaryimage\"},\"thumbnailUrl\":\"https:\\\/\\\/m.media-amazon.com\\\/images\\\/I\\\/31cJh+aH0lL._SL500_.jpg\",\"datePublished\":\"2023-04-10T07:20:23+00:00\",\"description\":\"Markt-XXL Ainiv Dreieck Makeup Puderquaste, Gesicht Schw\u00e4mmchen Powder Puff, Waschbar Wiederverwendbar Makeup Sponge, Nass Trocken Make up Werkzeug f\u00fcr Loses Puder oder Foundation Rouge\",\"breadcrumb\":{\"@id\":\"https:\\\/\\\/marktxxl.de\\\/markt\\\/produkt\\\/ainiv-dreieck-makeup-puderquaste-gesicht-schwaemmchen-powder-puff-waschbar-wiederverwendbar-makeup-sponge-nass-trocken-make-up-werkzeug-fuer-loses-puder-oder-foundation-rouge\\\/#breadcrumb\"},\"inLanguage\":\"de\",\"potentialAction\":[{\"@type\":\"ReadAction\",\"target\":[\"https:\\\/\\\/marktxxl.de\\\/markt\\\/produkt\\\/ainiv-dreieck-makeup-puderquaste-gesicht-schwaemmchen-powder-puff-waschbar-wiederverwendbar-makeup-sponge-nass-trocken-make-up-werkzeug-fuer-loses-puder-oder-foundation-rouge\\\/\"]}]},{\"@type\":\"ImageObject\",\"inLanguage\":\"de\",\"@id\":\"https:\\\/\\\/marktxxl.de\\\/markt\\\/produkt\\\/ainiv-dreieck-makeup-puderquaste-gesicht-schwaemmchen-powder-puff-waschbar-wiederverwendbar-makeup-sponge-nass-trocken-make-up-werkzeug-fuer-loses-puder-oder-foundation-rouge\\\/#primaryimage\",\"url\":\"https:\\\/\\\/m.media-amazon.com\\\/images\\\/I\\\/31cJh+aH0lL._SL500_.jpg\",\"contentUrl\":\"https:\\\/\\\/m.media-amazon.com\\\/images\\\/I\\\/31cJh+aH0lL._SL500_.jpg\",\"width\":500,\"height\":500},{\"@type\":\"BreadcrumbList\",\"@id\":\"https:\\\/\\\/marktxxl.de\\\/markt\\\/produkt\\\/ainiv-dreieck-makeup-puderquaste-gesicht-schwaemmchen-powder-puff-waschbar-wiederverwendbar-makeup-sponge-nass-trocken-make-up-werkzeug-fuer-loses-puder-oder-foundation-rouge\\\/#breadcrumb\",\"itemListElement\":[{\"@type\":\"ListItem\",\"position\":1,\"name\":\"Startseite\",\"item\":\"https:\\\/\\\/marktxxl.de\\\/markt\\\/\"},{\"@type\":\"ListItem\",\"position\":2,\"name\":\"Markt\",\"item\":\"https:\\\/\\\/marktxxl.de\\\/markt\\\/\"},{\"@type\":\"ListItem\",\"position\":3,\"name\":\"Ainiv Dreieck Makeup Puderquaste, Gesicht Schw\u00e4mmchen Powder Puff, Waschbar Wiederverwendbar Makeup Sponge, Nass Trocken Make up Werkzeug f\u00fcr Loses Puder oder Foundation Rouge\"}]},{\"@type\":\"WebSite\",\"@id\":\"https:\\\/\\\/marktxxl.de\\\/markt\\\/#website\",\"url\":\"https:\\\/\\\/marktxxl.de\\\/markt\\\/\",\"name\":\"Markt-XXL\",\"description\":\"Ihr Markt Online\",\"publisher\":{\"@id\":\"https:\\\/\\\/marktxxl.de\\\/markt\\\/#organization\"},\"potentialAction\":[{\"@type\":\"SearchAction\",\"target\":{\"@type\":\"EntryPoint\",\"urlTemplate\":\"https:\\\/\\\/marktxxl.de\\\/markt\\\/?s={search_term_string}\"},\"query-input\":{\"@type\":\"PropertyValueSpecification\",\"valueRequired\":true,\"valueName\":\"search_term_string\"}}],\"inLanguage\":\"de\"},{\"@type\":\"Organization\",\"@id\":\"https:\\\/\\\/marktxxl.de\\\/markt\\\/#organization\",\"name\":\"Markt-XXL\",\"url\":\"https:\\\/\\\/marktxxl.de\\\/markt\\\/\",\"logo\":{\"@type\":\"ImageObject\",\"inLanguage\":\"de\",\"@id\":\"https:\\\/\\\/marktxxl.de\\\/markt\\\/#\\\/schema\\\/logo\\\/image\\\/\",\"url\":\"https:\\\/\\\/marktxxl.de\\\/markt\\\/wp-content\\\/uploads\\\/sites\\\/3\\\/2020\\\/12\\\/logo.png\",\"contentUrl\":\"https:\\\/\\\/marktxxl.de\\\/markt\\\/wp-content\\\/uploads\\\/sites\\\/3\\\/2020\\\/12\\\/logo.png\",\"width\":200,\"height\":70,\"caption\":\"Markt-XXL\"},\"image\":{\"@id\":\"https:\\\/\\\/marktxxl.de\\\/markt\\\/#\\\/schema\\\/logo\\\/image\\\/\"}}]}<\/script>\n<!-- \/ Yoast SEO plugin. -->","yoast_head_json":{"title":"Ainiv Dreieck Makeup Puderquaste, Gesicht Schw\u00e4mmchen Powder Puff, Waschbar Wiederverwendbar Makeup Sponge, Nass Trocken Make up Werkzeug f\u00fcr Loses Puder oder Foundation Rouge - Markt-XXL","description":"Markt-XXL Ainiv Dreieck Makeup Puderquaste, Gesicht Schw\u00e4mmchen Powder Puff, Waschbar Wiederverwendbar Makeup Sponge, Nass Trocken Make up Werkzeug f\u00fcr Loses Puder oder Foundation Rouge","robots":{"index":"index","follow":"follow","max-snippet":"max-snippet:-1","max-image-preview":"max-image-preview:large","max-video-preview":"max-video-preview:-1"},"canonical":"https:\/\/marktxxl.de\/markt\/produkt\/ainiv-dreieck-makeup-puderquaste-gesicht-schwaemmchen-powder-puff-waschbar-wiederverwendbar-makeup-sponge-nass-trocken-make-up-werkzeug-fuer-loses-puder-oder-foundation-rouge\/","og_locale":"de_DE","og_type":"article","og_title":"Ainiv Dreieck Makeup Puderquaste, Gesicht Schw\u00e4mmchen Powder Puff, Waschbar Wiederverwendbar Makeup Sponge, Nass Trocken Make up Werkzeug f\u00fcr Loses Puder oder Foundation Rouge - Markt-XXL","og_description":"Markt-XXL Ainiv Dreieck Makeup Puderquaste, Gesicht Schw\u00e4mmchen Powder Puff, Waschbar Wiederverwendbar Makeup Sponge, Nass Trocken Make up Werkzeug f\u00fcr Loses Puder oder Foundation Rouge","og_url":"https:\/\/marktxxl.de\/markt\/produkt\/ainiv-dreieck-makeup-puderquaste-gesicht-schwaemmchen-powder-puff-waschbar-wiederverwendbar-makeup-sponge-nass-trocken-make-up-werkzeug-fuer-loses-puder-oder-foundation-rouge\/","og_site_name":"Markt-XXL","twitter_card":"summary_large_image","twitter_misc":{"Gesch\u00e4tzte Lesezeit":"1\u00a0Minute"},"schema":{"@context":"https:\/\/schema.org","@graph":[{"@type":"WebPage","@id":"https:\/\/marktxxl.de\/markt\/produkt\/ainiv-dreieck-makeup-puderquaste-gesicht-schwaemmchen-powder-puff-waschbar-wiederverwendbar-makeup-sponge-nass-trocken-make-up-werkzeug-fuer-loses-puder-oder-foundation-rouge\/","url":"https:\/\/marktxxl.de\/markt\/produkt\/ainiv-dreieck-makeup-puderquaste-gesicht-schwaemmchen-powder-puff-waschbar-wiederverwendbar-makeup-sponge-nass-trocken-make-up-werkzeug-fuer-loses-puder-oder-foundation-rouge\/","name":"Ainiv Dreieck Makeup Puderquaste, Gesicht Schw\u00e4mmchen Powder Puff, Waschbar Wiederverwendbar Makeup Sponge, Nass Trocken Make up Werkzeug f\u00fcr Loses Puder oder Foundation Rouge - Markt-XXL","isPartOf":{"@id":"https:\/\/marktxxl.de\/markt\/#website"},"primaryImageOfPage":{"@id":"https:\/\/marktxxl.de\/markt\/produkt\/ainiv-dreieck-makeup-puderquaste-gesicht-schwaemmchen-powder-puff-waschbar-wiederverwendbar-makeup-sponge-nass-trocken-make-up-werkzeug-fuer-loses-puder-oder-foundation-rouge\/#primaryimage"},"image":{"@id":"https:\/\/marktxxl.de\/markt\/produkt\/ainiv-dreieck-makeup-puderquaste-gesicht-schwaemmchen-powder-puff-waschbar-wiederverwendbar-makeup-sponge-nass-trocken-make-up-werkzeug-fuer-loses-puder-oder-foundation-rouge\/#primaryimage"},"thumbnailUrl":"https:\/\/m.media-amazon.com\/images\/I\/31cJh+aH0lL._SL500_.jpg","datePublished":"2023-04-10T07:20:23+00:00","description":"Markt-XXL Ainiv Dreieck Makeup Puderquaste, Gesicht Schw\u00e4mmchen Powder Puff, Waschbar Wiederverwendbar Makeup Sponge, Nass Trocken Make up Werkzeug f\u00fcr Loses Puder oder Foundation Rouge","breadcrumb":{"@id":"https:\/\/marktxxl.de\/markt\/produkt\/ainiv-dreieck-makeup-puderquaste-gesicht-schwaemmchen-powder-puff-waschbar-wiederverwendbar-makeup-sponge-nass-trocken-make-up-werkzeug-fuer-loses-puder-oder-foundation-rouge\/#breadcrumb"},"inLanguage":"de","potentialAction":[{"@type":"ReadAction","target":["https:\/\/marktxxl.de\/markt\/produkt\/ainiv-dreieck-makeup-puderquaste-gesicht-schwaemmchen-powder-puff-waschbar-wiederverwendbar-makeup-sponge-nass-trocken-make-up-werkzeug-fuer-loses-puder-oder-foundation-rouge\/"]}]},{"@type":"ImageObject","inLanguage":"de","@id":"https:\/\/marktxxl.de\/markt\/produkt\/ainiv-dreieck-makeup-puderquaste-gesicht-schwaemmchen-powder-puff-waschbar-wiederverwendbar-makeup-sponge-nass-trocken-make-up-werkzeug-fuer-loses-puder-oder-foundation-rouge\/#primaryimage","url":"https:\/\/m.media-amazon.com\/images\/I\/31cJh+aH0lL._SL500_.jpg","contentUrl":"https:\/\/m.media-amazon.com\/images\/I\/31cJh+aH0lL._SL500_.jpg","width":500,"height":500},{"@type":"BreadcrumbList","@id":"https:\/\/marktxxl.de\/markt\/produkt\/ainiv-dreieck-makeup-puderquaste-gesicht-schwaemmchen-powder-puff-waschbar-wiederverwendbar-makeup-sponge-nass-trocken-make-up-werkzeug-fuer-loses-puder-oder-foundation-rouge\/#breadcrumb","itemListElement":[{"@type":"ListItem","position":1,"name":"Startseite","item":"https:\/\/marktxxl.de\/markt\/"},{"@type":"ListItem","position":2,"name":"Markt","item":"https:\/\/marktxxl.de\/markt\/"},{"@type":"ListItem","position":3,"name":"Ainiv Dreieck Makeup Puderquaste, Gesicht Schw\u00e4mmchen Powder Puff, Waschbar Wiederverwendbar Makeup Sponge, Nass Trocken Make up Werkzeug f\u00fcr Loses Puder oder Foundation Rouge"}]},{"@type":"WebSite","@id":"https:\/\/marktxxl.de\/markt\/#website","url":"https:\/\/marktxxl.de\/markt\/","name":"Markt-XXL","description":"Ihr Markt Online","publisher":{"@id":"https:\/\/marktxxl.de\/markt\/#organization"},"potentialAction":[{"@type":"SearchAction","target":{"@type":"EntryPoint","urlTemplate":"https:\/\/marktxxl.de\/markt\/?s={search_term_string}"},"query-input":{"@type":"PropertyValueSpecification","valueRequired":true,"valueName":"search_term_string"}}],"inLanguage":"de"},{"@type":"Organization","@id":"https:\/\/marktxxl.de\/markt\/#organization","name":"Markt-XXL","url":"https:\/\/marktxxl.de\/markt\/","logo":{"@type":"ImageObject","inLanguage":"de","@id":"https:\/\/marktxxl.de\/markt\/#\/schema\/logo\/image\/","url":"https:\/\/marktxxl.de\/markt\/wp-content\/uploads\/sites\/3\/2020\/12\/logo.png","contentUrl":"https:\/\/marktxxl.de\/markt\/wp-content\/uploads\/sites\/3\/2020\/12\/logo.png","width":200,"height":70,"caption":"Markt-XXL"},"image":{"@id":"https:\/\/marktxxl.de\/markt\/#\/schema\/logo\/image\/"}}]}},"_links":{"self":[{"href":"https:\/\/marktxxl.de\/markt\/wp-json\/wp\/v2\/product\/200314","targetHints":{"allow":["GET"]}}],"collection":[{"href":"https:\/\/marktxxl.de\/markt\/wp-json\/wp\/v2\/product"}],"about":[{"href":"https:\/\/marktxxl.de\/markt\/wp-json\/wp\/v2\/types\/product"}],"replies":[{"embeddable":true,"href":"https:\/\/marktxxl.de\/markt\/wp-json\/wp\/v2\/comments?post=200314"}],"wp:featuredmedia":[{"embeddable":true,"href":"https:\/\/marktxxl.de\/markt\/wp-json\/wp\/v2\/media\/200315"}],"wp:attachment":[{"href":"https:\/\/marktxxl.de\/markt\/wp-json\/wp\/v2\/media?parent=200314"}],"wp:term":[{"taxonomy":"product_brand","embeddable":true,"href":"https:\/\/marktxxl.de\/markt\/wp-json\/wp\/v2\/product_brand?post=200314"},{"taxonomy":"product_cat","embeddable":true,"href":"https:\/\/marktxxl.de\/markt\/wp-json\/wp\/v2\/product_cat?post=200314"},{"taxonomy":"product_tag","embeddable":true,"href":"https:\/\/marktxxl.de\/markt\/wp-json\/wp\/v2\/product_tag?post=200314"}],"curies":[{"name":"wp","href":"https:\/\/api.w.org\/{rel}","templated":true}]}}