{"id":200281,"date":"2023-04-10T09:19:34","date_gmt":"2023-04-10T07:19:34","guid":{"rendered":"https:\/\/marktxxl.de\/markt\/produkt\/upmore-4x-pinzette-set-edelstahl-schwarz-augenbrauenpinzette-set-schere-pinzette-gerade-schraege-spitze-zupfpinzette-splitterpinzette-spitzpinzette-fuer-frauen-und-maenner\/"},"modified":"2023-04-10T09:19:34","modified_gmt":"2023-04-10T07:19:34","slug":"upmore-4x-pinzette-set-edelstahl-schwarz-augenbrauenpinzette-set-schere-pinzette-gerade-schraege-spitze-zupfpinzette-splitterpinzette-spitzpinzette-fuer-frauen-und-maenner","status":"publish","type":"product","link":"https:\/\/marktxxl.de\/markt\/produkt\/upmore-4x-pinzette-set-edelstahl-schwarz-augenbrauenpinzette-set-schere-pinzette-gerade-schraege-spitze-zupfpinzette-splitterpinzette-spitzpinzette-fuer-frauen-und-maenner\/","title":{"rendered":"Upmore 4x Pinzette Set Edelstahl &#8211; schwarz Augenbrauenpinzette Set Schere Pinzette, gerade schr\u00e4ge spitze Zupfpinzette Splitterpinzette Spitzpinzette f\u00fcr Frauen und M\u00e4nner"},"content":{"rendered":"<p>\u2764 4 PRAKTISCHE PINZETTEN &#8211; Verschiedene Formen der Spitze enthalten: flach \/ gerade, schr\u00e4g und spitz; Pr\u00e4zisionspinzetten mit verschiedenen Spitzen entfernen Haare aus verschiedenen Teilen des K\u00f6rpers, die Ihre Vielzahl von Bed\u00fcrfnissen erf\u00fcllen k\u00f6nnen.<br \/>\n\u2764 PREMIUM QUALIT\u00c4T &#8211; Die hochwertig verarbeitete Profi Augenbrauenpinzette ist aus rostfreiem Edelstahl. Abgerundete Kanten und die matt-schwarze Anti-Rutsch-Beschichtung, um Ihre Schmerzen beim Zupfen zu reduzieren.<br \/>\n\u2764 Einfach zu verstauen \u2013 kommt mit einer Leder-Aufbewahrungstasche, die leicht verstaut werden kann und sowohl f\u00fcr M\u00e4nner als auch Frauen geeignet ist. Jede Pinzette hat eine individuelle Tasche, so dass die Pinzette bei Nichtgebrauch in das Etui gesteckt werden kann.<br \/>\n\u2764 Bequem und ergonomisch \u2013 Der angenehme Druckpunkt, die perfekt aufliegenden Spitzen und die extra lange Greiffl\u00e4che der stabilen Pinzette, lassen die feinen Gesichtshaare sehr gut greifen und einfach entfernen.<br \/>\n\u2764 MULTIFUNKTIONAL &#8211; Mit dem Pinzettenset k\u00f6nnen Splitter, Mitesser und Zecken entfernt werden. Ideal bei falschen Wimpern, als L\u00f6tpinzette, Schmuckpinzette, Pr\u00e4zisionspinzette, medizinische \/ anatomische und technische Pinzette.<br \/>\n<div class=\"main-cross-sell\" data-asin=\"B08CRG5TWZ\">\n\n\t<div class=\"WooZone-cross-sell-loader\">\n\t\t<div>\n\t\t\t<div id=\"floatingBarsG\">\n\t\t\t\t<div class=\"blockG\" id=\"rotateG_01\"><\/div>\n\t\t\t\t<div class=\"blockG\" id=\"rotateG_02\"><\/div>\n\t\t\t\t<div class=\"blockG\" id=\"rotateG_03\"><\/div>\n\t\t\t\t<div class=\"blockG\" id=\"rotateG_04\"><\/div>\n\t\t\t\t<div class=\"blockG\" id=\"rotateG_05\"><\/div>\n\t\t\t\t<div class=\"blockG\" id=\"rotateG_06\"><\/div>\n\t\t\t\t<div class=\"blockG\" id=\"rotateG_07\"><\/div>\n\t\t\t\t<div class=\"blockG\" id=\"rotateG_08\"><\/div>\n\t\t\t<\/div>\n\t\t\t<div class=\"WooZone-cross-sell-loader-text\"><\/div>\n\t\t<\/div>\n\t<\/div>\n\n\t\t\n<\/div>\n<div style=\"clear:both;\"><\/div><\/p>\n","protected":false},"excerpt":{"rendered":"<p>\u2764 4 PRAKTISCHE PINZETTEN &#8211; Verschiedene Formen der Spitze enthalten: flach \/ gerade, schr\u00e4g und spitz; Pr\u00e4zisionspinzetten mit verschiedenen Spitzen entfernen Haare aus verschiedenen Teilen des K\u00f6rpers, die Ihre Vielzahl von Bed\u00fcrfnissen erf\u00fcllen k\u00f6nnen.<br \/>\n\u2764 PREMIUM QUALIT\u00c4T &#8211; Die hochwertig verarbeitete Profi Augenbrauenpinzette ist aus rostfreiem Edelstahl. Abgerundete Kanten und die matt-schwarze Anti-Rutsch-Beschichtung, um Ihre Schmerzen beim Zupfen zu reduzieren.<br \/>\n\u2764 Einfach zu verstauen \u2013 kommt mit einer Leder-Aufbewahrungstasche, die leicht verstaut werden kann und sowohl f\u00fcr M\u00e4nner als auch Frauen geeignet ist. Jede Pinzette hat eine individuelle Tasche, so dass die Pinzette bei Nichtgebrauch in das Etui gesteckt werden kann.<\/p>\n","protected":false},"featured_media":200282,"comment_status":"open","ping_status":"closed","template":"","meta":[],"product_brand":[],"product_cat":[2858,7726],"product_tag":[],"class_list":{"0":"post-200281","1":"product","2":"type-product","3":"status-publish","4":"has-post-thumbnail","6":"product_cat-beauty","7":"product_cat-zubehoer-beauty","8":"pa_brand-upmore","9":"pa_color-schwarz","10":"pa_height-0-5511811018-zoll","11":"pa_length-4-6456692866-zoll","12":"pa_manufacturer-upmore","13":"pa_size-4-count-pack-of-1","14":"pa_width-2-9527559025-zoll","16":"first","17":"instock","18":"sale","19":"shipping-taxable","20":"purchasable","21":"product-type-simple","22":"customify-col","23":"product-has-gallery"},"yoast_head":"<!-- This site is optimized with the Yoast SEO plugin v27.4 - https:\/\/yoast.com\/product\/yoast-seo-wordpress\/ -->\n<title>Upmore 4x Pinzette Set Edelstahl - schwarz Augenbrauenpinzette Set Schere Pinzette, gerade schr\u00e4ge spitze Zupfpinzette Splitterpinzette Spitzpinzette f\u00fcr Frauen und M\u00e4nner - Markt-XXL<\/title>\n<meta name=\"description\" content=\"Markt-XXL Upmore 4x Pinzette Set Edelstahl - schwarz Augenbrauenpinzette Set Schere Pinzette, gerade schr\u00e4ge spitze Zupfpinzette Splitterpinzette Spitzpinzette f\u00fcr Frauen und M\u00e4nner\" \/>\n<meta name=\"robots\" content=\"index, follow, max-snippet:-1, max-image-preview:large, max-video-preview:-1\" \/>\n<link rel=\"canonical\" href=\"https:\/\/marktxxl.de\/markt\/produkt\/upmore-4x-pinzette-set-edelstahl-schwarz-augenbrauenpinzette-set-schere-pinzette-gerade-schraege-spitze-zupfpinzette-splitterpinzette-spitzpinzette-fuer-frauen-und-maenner\/\" \/>\n<meta property=\"og:locale\" content=\"de_DE\" \/>\n<meta property=\"og:type\" content=\"article\" \/>\n<meta property=\"og:title\" content=\"Upmore 4x Pinzette Set Edelstahl - schwarz Augenbrauenpinzette Set Schere Pinzette, gerade schr\u00e4ge spitze Zupfpinzette Splitterpinzette Spitzpinzette f\u00fcr Frauen und M\u00e4nner - Markt-XXL\" \/>\n<meta property=\"og:description\" content=\"Markt-XXL Upmore 4x Pinzette Set Edelstahl - schwarz Augenbrauenpinzette Set Schere Pinzette, gerade schr\u00e4ge spitze Zupfpinzette Splitterpinzette Spitzpinzette f\u00fcr Frauen und M\u00e4nner\" \/>\n<meta property=\"og:url\" content=\"https:\/\/marktxxl.de\/markt\/produkt\/upmore-4x-pinzette-set-edelstahl-schwarz-augenbrauenpinzette-set-schere-pinzette-gerade-schraege-spitze-zupfpinzette-splitterpinzette-spitzpinzette-fuer-frauen-und-maenner\/\" \/>\n<meta property=\"og:site_name\" content=\"Markt-XXL\" \/>\n<meta name=\"twitter:card\" content=\"summary_large_image\" \/>\n<meta name=\"twitter:label1\" content=\"Gesch\u00e4tzte Lesezeit\" \/>\n\t<meta name=\"twitter:data1\" content=\"1\u00a0Minute\" \/>\n<script type=\"application\/ld+json\" class=\"yoast-schema-graph\">{\"@context\":\"https:\\\/\\\/schema.org\",\"@graph\":[{\"@type\":\"WebPage\",\"@id\":\"https:\\\/\\\/marktxxl.de\\\/markt\\\/produkt\\\/upmore-4x-pinzette-set-edelstahl-schwarz-augenbrauenpinzette-set-schere-pinzette-gerade-schraege-spitze-zupfpinzette-splitterpinzette-spitzpinzette-fuer-frauen-und-maenner\\\/\",\"url\":\"https:\\\/\\\/marktxxl.de\\\/markt\\\/produkt\\\/upmore-4x-pinzette-set-edelstahl-schwarz-augenbrauenpinzette-set-schere-pinzette-gerade-schraege-spitze-zupfpinzette-splitterpinzette-spitzpinzette-fuer-frauen-und-maenner\\\/\",\"name\":\"Upmore 4x Pinzette Set Edelstahl - schwarz Augenbrauenpinzette Set Schere Pinzette, gerade schr\u00e4ge spitze Zupfpinzette Splitterpinzette Spitzpinzette f\u00fcr Frauen und M\u00e4nner - Markt-XXL\",\"isPartOf\":{\"@id\":\"https:\\\/\\\/marktxxl.de\\\/markt\\\/#website\"},\"primaryImageOfPage\":{\"@id\":\"https:\\\/\\\/marktxxl.de\\\/markt\\\/produkt\\\/upmore-4x-pinzette-set-edelstahl-schwarz-augenbrauenpinzette-set-schere-pinzette-gerade-schraege-spitze-zupfpinzette-splitterpinzette-spitzpinzette-fuer-frauen-und-maenner\\\/#primaryimage\"},\"image\":{\"@id\":\"https:\\\/\\\/marktxxl.de\\\/markt\\\/produkt\\\/upmore-4x-pinzette-set-edelstahl-schwarz-augenbrauenpinzette-set-schere-pinzette-gerade-schraege-spitze-zupfpinzette-splitterpinzette-spitzpinzette-fuer-frauen-und-maenner\\\/#primaryimage\"},\"thumbnailUrl\":\"https:\\\/\\\/m.media-amazon.com\\\/images\\\/I\\\/51Vj7VeKdlL._SL500_.jpg\",\"datePublished\":\"2023-04-10T07:19:34+00:00\",\"description\":\"Markt-XXL Upmore 4x Pinzette Set Edelstahl - schwarz Augenbrauenpinzette Set Schere Pinzette, gerade schr\u00e4ge spitze Zupfpinzette Splitterpinzette Spitzpinzette f\u00fcr Frauen und M\u00e4nner\",\"breadcrumb\":{\"@id\":\"https:\\\/\\\/marktxxl.de\\\/markt\\\/produkt\\\/upmore-4x-pinzette-set-edelstahl-schwarz-augenbrauenpinzette-set-schere-pinzette-gerade-schraege-spitze-zupfpinzette-splitterpinzette-spitzpinzette-fuer-frauen-und-maenner\\\/#breadcrumb\"},\"inLanguage\":\"de\",\"potentialAction\":[{\"@type\":\"ReadAction\",\"target\":[\"https:\\\/\\\/marktxxl.de\\\/markt\\\/produkt\\\/upmore-4x-pinzette-set-edelstahl-schwarz-augenbrauenpinzette-set-schere-pinzette-gerade-schraege-spitze-zupfpinzette-splitterpinzette-spitzpinzette-fuer-frauen-und-maenner\\\/\"]}]},{\"@type\":\"ImageObject\",\"inLanguage\":\"de\",\"@id\":\"https:\\\/\\\/marktxxl.de\\\/markt\\\/produkt\\\/upmore-4x-pinzette-set-edelstahl-schwarz-augenbrauenpinzette-set-schere-pinzette-gerade-schraege-spitze-zupfpinzette-splitterpinzette-spitzpinzette-fuer-frauen-und-maenner\\\/#primaryimage\",\"url\":\"https:\\\/\\\/m.media-amazon.com\\\/images\\\/I\\\/51Vj7VeKdlL._SL500_.jpg\",\"contentUrl\":\"https:\\\/\\\/m.media-amazon.com\\\/images\\\/I\\\/51Vj7VeKdlL._SL500_.jpg\",\"width\":500,\"height\":500},{\"@type\":\"BreadcrumbList\",\"@id\":\"https:\\\/\\\/marktxxl.de\\\/markt\\\/produkt\\\/upmore-4x-pinzette-set-edelstahl-schwarz-augenbrauenpinzette-set-schere-pinzette-gerade-schraege-spitze-zupfpinzette-splitterpinzette-spitzpinzette-fuer-frauen-und-maenner\\\/#breadcrumb\",\"itemListElement\":[{\"@type\":\"ListItem\",\"position\":1,\"name\":\"Startseite\",\"item\":\"https:\\\/\\\/marktxxl.de\\\/markt\\\/\"},{\"@type\":\"ListItem\",\"position\":2,\"name\":\"Markt\",\"item\":\"https:\\\/\\\/marktxxl.de\\\/markt\\\/\"},{\"@type\":\"ListItem\",\"position\":3,\"name\":\"Upmore 4x Pinzette Set Edelstahl &#8211; schwarz Augenbrauenpinzette Set Schere Pinzette, gerade schr\u00e4ge spitze Zupfpinzette Splitterpinzette Spitzpinzette f\u00fcr Frauen und M\u00e4nner\"}]},{\"@type\":\"WebSite\",\"@id\":\"https:\\\/\\\/marktxxl.de\\\/markt\\\/#website\",\"url\":\"https:\\\/\\\/marktxxl.de\\\/markt\\\/\",\"name\":\"Markt-XXL\",\"description\":\"Ihr Markt Online\",\"publisher\":{\"@id\":\"https:\\\/\\\/marktxxl.de\\\/markt\\\/#organization\"},\"potentialAction\":[{\"@type\":\"SearchAction\",\"target\":{\"@type\":\"EntryPoint\",\"urlTemplate\":\"https:\\\/\\\/marktxxl.de\\\/markt\\\/?s={search_term_string}\"},\"query-input\":{\"@type\":\"PropertyValueSpecification\",\"valueRequired\":true,\"valueName\":\"search_term_string\"}}],\"inLanguage\":\"de\"},{\"@type\":\"Organization\",\"@id\":\"https:\\\/\\\/marktxxl.de\\\/markt\\\/#organization\",\"name\":\"Markt-XXL\",\"url\":\"https:\\\/\\\/marktxxl.de\\\/markt\\\/\",\"logo\":{\"@type\":\"ImageObject\",\"inLanguage\":\"de\",\"@id\":\"https:\\\/\\\/marktxxl.de\\\/markt\\\/#\\\/schema\\\/logo\\\/image\\\/\",\"url\":\"https:\\\/\\\/marktxxl.de\\\/markt\\\/wp-content\\\/uploads\\\/sites\\\/3\\\/2020\\\/12\\\/logo.png\",\"contentUrl\":\"https:\\\/\\\/marktxxl.de\\\/markt\\\/wp-content\\\/uploads\\\/sites\\\/3\\\/2020\\\/12\\\/logo.png\",\"width\":200,\"height\":70,\"caption\":\"Markt-XXL\"},\"image\":{\"@id\":\"https:\\\/\\\/marktxxl.de\\\/markt\\\/#\\\/schema\\\/logo\\\/image\\\/\"}}]}<\/script>\n<!-- \/ Yoast SEO plugin. -->","yoast_head_json":{"title":"Upmore 4x Pinzette Set Edelstahl - schwarz Augenbrauenpinzette Set Schere Pinzette, gerade schr\u00e4ge spitze Zupfpinzette Splitterpinzette Spitzpinzette f\u00fcr Frauen und M\u00e4nner - Markt-XXL","description":"Markt-XXL Upmore 4x Pinzette Set Edelstahl - schwarz Augenbrauenpinzette Set Schere Pinzette, gerade schr\u00e4ge spitze Zupfpinzette Splitterpinzette Spitzpinzette f\u00fcr Frauen und M\u00e4nner","robots":{"index":"index","follow":"follow","max-snippet":"max-snippet:-1","max-image-preview":"max-image-preview:large","max-video-preview":"max-video-preview:-1"},"canonical":"https:\/\/marktxxl.de\/markt\/produkt\/upmore-4x-pinzette-set-edelstahl-schwarz-augenbrauenpinzette-set-schere-pinzette-gerade-schraege-spitze-zupfpinzette-splitterpinzette-spitzpinzette-fuer-frauen-und-maenner\/","og_locale":"de_DE","og_type":"article","og_title":"Upmore 4x Pinzette Set Edelstahl - schwarz Augenbrauenpinzette Set Schere Pinzette, gerade schr\u00e4ge spitze Zupfpinzette Splitterpinzette Spitzpinzette f\u00fcr Frauen und M\u00e4nner - Markt-XXL","og_description":"Markt-XXL Upmore 4x Pinzette Set Edelstahl - schwarz Augenbrauenpinzette Set Schere Pinzette, gerade schr\u00e4ge spitze Zupfpinzette Splitterpinzette Spitzpinzette f\u00fcr Frauen und M\u00e4nner","og_url":"https:\/\/marktxxl.de\/markt\/produkt\/upmore-4x-pinzette-set-edelstahl-schwarz-augenbrauenpinzette-set-schere-pinzette-gerade-schraege-spitze-zupfpinzette-splitterpinzette-spitzpinzette-fuer-frauen-und-maenner\/","og_site_name":"Markt-XXL","twitter_card":"summary_large_image","twitter_misc":{"Gesch\u00e4tzte Lesezeit":"1\u00a0Minute"},"schema":{"@context":"https:\/\/schema.org","@graph":[{"@type":"WebPage","@id":"https:\/\/marktxxl.de\/markt\/produkt\/upmore-4x-pinzette-set-edelstahl-schwarz-augenbrauenpinzette-set-schere-pinzette-gerade-schraege-spitze-zupfpinzette-splitterpinzette-spitzpinzette-fuer-frauen-und-maenner\/","url":"https:\/\/marktxxl.de\/markt\/produkt\/upmore-4x-pinzette-set-edelstahl-schwarz-augenbrauenpinzette-set-schere-pinzette-gerade-schraege-spitze-zupfpinzette-splitterpinzette-spitzpinzette-fuer-frauen-und-maenner\/","name":"Upmore 4x Pinzette Set Edelstahl - schwarz Augenbrauenpinzette Set Schere Pinzette, gerade schr\u00e4ge spitze Zupfpinzette Splitterpinzette Spitzpinzette f\u00fcr Frauen und M\u00e4nner - Markt-XXL","isPartOf":{"@id":"https:\/\/marktxxl.de\/markt\/#website"},"primaryImageOfPage":{"@id":"https:\/\/marktxxl.de\/markt\/produkt\/upmore-4x-pinzette-set-edelstahl-schwarz-augenbrauenpinzette-set-schere-pinzette-gerade-schraege-spitze-zupfpinzette-splitterpinzette-spitzpinzette-fuer-frauen-und-maenner\/#primaryimage"},"image":{"@id":"https:\/\/marktxxl.de\/markt\/produkt\/upmore-4x-pinzette-set-edelstahl-schwarz-augenbrauenpinzette-set-schere-pinzette-gerade-schraege-spitze-zupfpinzette-splitterpinzette-spitzpinzette-fuer-frauen-und-maenner\/#primaryimage"},"thumbnailUrl":"https:\/\/m.media-amazon.com\/images\/I\/51Vj7VeKdlL._SL500_.jpg","datePublished":"2023-04-10T07:19:34+00:00","description":"Markt-XXL Upmore 4x Pinzette Set Edelstahl - schwarz Augenbrauenpinzette Set Schere Pinzette, gerade schr\u00e4ge spitze Zupfpinzette Splitterpinzette Spitzpinzette f\u00fcr Frauen und M\u00e4nner","breadcrumb":{"@id":"https:\/\/marktxxl.de\/markt\/produkt\/upmore-4x-pinzette-set-edelstahl-schwarz-augenbrauenpinzette-set-schere-pinzette-gerade-schraege-spitze-zupfpinzette-splitterpinzette-spitzpinzette-fuer-frauen-und-maenner\/#breadcrumb"},"inLanguage":"de","potentialAction":[{"@type":"ReadAction","target":["https:\/\/marktxxl.de\/markt\/produkt\/upmore-4x-pinzette-set-edelstahl-schwarz-augenbrauenpinzette-set-schere-pinzette-gerade-schraege-spitze-zupfpinzette-splitterpinzette-spitzpinzette-fuer-frauen-und-maenner\/"]}]},{"@type":"ImageObject","inLanguage":"de","@id":"https:\/\/marktxxl.de\/markt\/produkt\/upmore-4x-pinzette-set-edelstahl-schwarz-augenbrauenpinzette-set-schere-pinzette-gerade-schraege-spitze-zupfpinzette-splitterpinzette-spitzpinzette-fuer-frauen-und-maenner\/#primaryimage","url":"https:\/\/m.media-amazon.com\/images\/I\/51Vj7VeKdlL._SL500_.jpg","contentUrl":"https:\/\/m.media-amazon.com\/images\/I\/51Vj7VeKdlL._SL500_.jpg","width":500,"height":500},{"@type":"BreadcrumbList","@id":"https:\/\/marktxxl.de\/markt\/produkt\/upmore-4x-pinzette-set-edelstahl-schwarz-augenbrauenpinzette-set-schere-pinzette-gerade-schraege-spitze-zupfpinzette-splitterpinzette-spitzpinzette-fuer-frauen-und-maenner\/#breadcrumb","itemListElement":[{"@type":"ListItem","position":1,"name":"Startseite","item":"https:\/\/marktxxl.de\/markt\/"},{"@type":"ListItem","position":2,"name":"Markt","item":"https:\/\/marktxxl.de\/markt\/"},{"@type":"ListItem","position":3,"name":"Upmore 4x Pinzette Set Edelstahl &#8211; schwarz Augenbrauenpinzette Set Schere Pinzette, gerade schr\u00e4ge spitze Zupfpinzette Splitterpinzette Spitzpinzette f\u00fcr Frauen und M\u00e4nner"}]},{"@type":"WebSite","@id":"https:\/\/marktxxl.de\/markt\/#website","url":"https:\/\/marktxxl.de\/markt\/","name":"Markt-XXL","description":"Ihr Markt Online","publisher":{"@id":"https:\/\/marktxxl.de\/markt\/#organization"},"potentialAction":[{"@type":"SearchAction","target":{"@type":"EntryPoint","urlTemplate":"https:\/\/marktxxl.de\/markt\/?s={search_term_string}"},"query-input":{"@type":"PropertyValueSpecification","valueRequired":true,"valueName":"search_term_string"}}],"inLanguage":"de"},{"@type":"Organization","@id":"https:\/\/marktxxl.de\/markt\/#organization","name":"Markt-XXL","url":"https:\/\/marktxxl.de\/markt\/","logo":{"@type":"ImageObject","inLanguage":"de","@id":"https:\/\/marktxxl.de\/markt\/#\/schema\/logo\/image\/","url":"https:\/\/marktxxl.de\/markt\/wp-content\/uploads\/sites\/3\/2020\/12\/logo.png","contentUrl":"https:\/\/marktxxl.de\/markt\/wp-content\/uploads\/sites\/3\/2020\/12\/logo.png","width":200,"height":70,"caption":"Markt-XXL"},"image":{"@id":"https:\/\/marktxxl.de\/markt\/#\/schema\/logo\/image\/"}}]}},"_links":{"self":[{"href":"https:\/\/marktxxl.de\/markt\/wp-json\/wp\/v2\/product\/200281","targetHints":{"allow":["GET"]}}],"collection":[{"href":"https:\/\/marktxxl.de\/markt\/wp-json\/wp\/v2\/product"}],"about":[{"href":"https:\/\/marktxxl.de\/markt\/wp-json\/wp\/v2\/types\/product"}],"replies":[{"embeddable":true,"href":"https:\/\/marktxxl.de\/markt\/wp-json\/wp\/v2\/comments?post=200281"}],"wp:featuredmedia":[{"embeddable":true,"href":"https:\/\/marktxxl.de\/markt\/wp-json\/wp\/v2\/media\/200282"}],"wp:attachment":[{"href":"https:\/\/marktxxl.de\/markt\/wp-json\/wp\/v2\/media?parent=200281"}],"wp:term":[{"taxonomy":"product_brand","embeddable":true,"href":"https:\/\/marktxxl.de\/markt\/wp-json\/wp\/v2\/product_brand?post=200281"},{"taxonomy":"product_cat","embeddable":true,"href":"https:\/\/marktxxl.de\/markt\/wp-json\/wp\/v2\/product_cat?post=200281"},{"taxonomy":"product_tag","embeddable":true,"href":"https:\/\/marktxxl.de\/markt\/wp-json\/wp\/v2\/product_tag?post=200281"}],"curies":[{"name":"wp","href":"https:\/\/api.w.org\/{rel}","templated":true}]}}