{"id":200263,"date":"2023-04-10T09:17:47","date_gmt":"2023-04-10T07:17:47","guid":{"rendered":"https:\/\/marktxxl.de\/markt\/produkt\/elektrisches-elektrisches-v-gesicht-shapin-massagegeraet-face-slimming-geraet-doppelkinn-druckminderer-ems-mikrostrom-photon-face-lifting-machine\/"},"modified":"2023-04-10T09:17:47","modified_gmt":"2023-04-10T07:17:47","slug":"elektrisches-elektrisches-v-gesicht-shapin-massagegeraet-face-slimming-geraet-doppelkinn-druckminderer-ems-mikrostrom-photon-face-lifting-machine","status":"publish","type":"product","link":"https:\/\/marktxxl.de\/markt\/produkt\/elektrisches-elektrisches-v-gesicht-shapin-massagegeraet-face-slimming-geraet-doppelkinn-druckminderer-ems-mikrostrom-photon-face-lifting-machine\/","title":{"rendered":"Elektrisches Elektrisches V-Gesicht Shapin Massageger\u00e4t Face Slimming-Ger\u00e4t Doppelkinn-Druckminderer EMS Mikrostrom Photon Face Lifting Machine"},"content":{"rendered":"<p>\u3010V-Face-Instrument\u3011Das 180\u00b0-Kreisdesign passt sich eng an die Kinnkurve an und umschlie\u00dft es symmetrisch, wodurch es effektiver zum Anziehen und Anheben ist, Wirksam aktivieren der Hautzellenmetabolismus, beschleunigen Sie die Hautreparatur, erh\u00f6hen Sie die Hautelastizit\u00e4t und erreichen Sie die Wirkung des Anhebens und Strafen. Fixieren Sie effektiv die Konturen des Gesichts, wodurch das Gesicht kleiner und glatter ist<br \/>\n\u3010EMS Micro-Strom\u3011Verwenden Sie den EMS-Mikrostrom, um tiefe Muskelzellen zu aktivieren, die Kollagenproduktion f\u00f6rdern, effektiv dazu beitragen, Falten zu reduzieren, Poren zu reduzieren, Haut zu erh\u00f6hen und die Absorptionseffizienz zu verbessern.<br \/>\n\u3010Rotes und blaues Licht\u3011Rotes Licht f\u00f6rdern die Durchblutung, stimulieren Hautzellen, um Kollagen zu schei\u00dfen, den Metabolismus zu beschleunigen, das Blaulicht hemmt das Wachstum der Akne, hat entz\u00fcndungshemmende und Hautreparatureffekte und reduziert das Risiko von Narben, Das Instrument kann abwechselnd verschiedene Arten von Rot und Blau verwenden, Gesichtslinien und Doppelkinn effektiv verbessern und die Haut zum Leuchten bringen.<br \/>\n\u3010Einstellbares Stirnbanddesign\u3011V face beauty meter perfekt an die Gesichtskontur anpassen, Ergonomisches Design, die faltbare Form erf\u00fcllt alle Gesichtsformen und die L\u00e4nge des Stirnbandes ist einstellbar.<br \/>\n\u3010Einfach zu bedienen und zu tragen\u3011 Sie k\u00f6nnen das Ger\u00e4t an Ihre Bed\u00fcrfnisse anpassen. Tragen Sie es einfach 10 Minuten lang beim Lesen, Schlafen, Fernsehen oder bei der Hausarbeit. Es ist klein und leicht und eignet sich f\u00fcr den Einsatz in B\u00fcros, zu Hause und auf Reisen und eignet sich jederzeit und \u00fcberall f\u00fcr Gesichtsmassagen.<br \/>\n<div class=\"main-cross-sell\" data-asin=\"B0BVM7VV4X\">\n\n\t<div class=\"WooZone-cross-sell-loader\">\n\t\t<div>\n\t\t\t<div id=\"floatingBarsG\">\n\t\t\t\t<div class=\"blockG\" id=\"rotateG_01\"><\/div>\n\t\t\t\t<div class=\"blockG\" id=\"rotateG_02\"><\/div>\n\t\t\t\t<div class=\"blockG\" id=\"rotateG_03\"><\/div>\n\t\t\t\t<div class=\"blockG\" id=\"rotateG_04\"><\/div>\n\t\t\t\t<div class=\"blockG\" id=\"rotateG_05\"><\/div>\n\t\t\t\t<div class=\"blockG\" id=\"rotateG_06\"><\/div>\n\t\t\t\t<div class=\"blockG\" id=\"rotateG_07\"><\/div>\n\t\t\t\t<div class=\"blockG\" id=\"rotateG_08\"><\/div>\n\t\t\t<\/div>\n\t\t\t<div class=\"WooZone-cross-sell-loader-text\"><\/div>\n\t\t<\/div>\n\t<\/div>\n\n\t\t\n<\/div>\n<div style=\"clear:both;\"><\/div><\/p>\n","protected":false},"excerpt":{"rendered":"<p>\u3010V-Face-Instrument\u3011Das 180\u00b0-Kreisdesign passt sich eng an die Kinnkurve an und umschlie\u00dft es symmetrisch, wodurch es effektiver zum Anziehen und Anheben ist, Wirksam aktivieren der Hautzellenmetabolismus, beschleunigen Sie die Hautreparatur, erh\u00f6hen Sie die Hautelastizit\u00e4t und erreichen Sie die Wirkung des Anhebens und Strafen. Fixieren Sie effektiv die Konturen des Gesichts, wodurch das Gesicht kleiner und glatter ist<br \/>\n\u3010EMS Micro-Strom\u3011Verwenden Sie den EMS-Mikrostrom, um tiefe Muskelzellen zu aktivieren, die Kollagenproduktion f\u00f6rdern, effektiv dazu beitragen, Falten zu reduzieren, Poren zu reduzieren, Haut zu erh\u00f6hen und die Absorptionseffizienz zu verbessern.<br \/>\n\u3010Rotes und blaues Licht\u3011Rotes Licht f\u00f6rdern die Durchblutung, stimulieren Hautzellen, um Kollagen zu schei\u00dfen, den Metabolismus zu beschleunigen, das Blaulicht hemmt das Wachstum der Akne, hat entz\u00fcndungshemmende und Hautreparatureffekte und reduziert das Risiko von Narben, Das Instrument kann abwechselnd verschiedene Arten von Rot und Blau verwenden, Gesichtslinien und Doppelkinn effektiv verbessern und die Haut zum Leuchten bringen.<\/p>\n","protected":false},"featured_media":200264,"comment_status":"open","ping_status":"closed","template":"","meta":[],"product_brand":[],"product_cat":[2858,7726],"product_tag":[],"class_list":{"0":"post-200263","1":"product","2":"type-product","3":"status-publish","4":"has-post-thumbnail","6":"product_cat-beauty","7":"product_cat-zubehoer-beauty","8":"pa_binding-badartikel","9":"pa_brand-xlsrtdcy","10":"pa_manufacturer-xlsrtdcy","11":"pa_model-a-1","13":"first","14":"instock","15":"shipping-taxable","16":"purchasable","17":"product-type-simple","18":"customify-col","19":"product-has-gallery"},"yoast_head":"<!-- This site is optimized with the Yoast SEO plugin v27.4 - https:\/\/yoast.com\/product\/yoast-seo-wordpress\/ -->\n<title>Elektrisches Elektrisches V-Gesicht Shapin Massageger\u00e4t Face Slimming-Ger\u00e4t Doppelkinn-Druckminderer EMS Mikrostrom Photon Face Lifting Machine - Markt-XXL<\/title>\n<meta name=\"description\" content=\"Markt-XXL Elektrisches Elektrisches V-Gesicht Shapin Massageger\u00e4t Face Slimming-Ger\u00e4t Doppelkinn-Druckminderer EMS Mikrostrom Photon Face Lifting Machine\" \/>\n<meta name=\"robots\" content=\"index, follow, max-snippet:-1, max-image-preview:large, max-video-preview:-1\" \/>\n<link rel=\"canonical\" href=\"https:\/\/marktxxl.de\/markt\/produkt\/elektrisches-elektrisches-v-gesicht-shapin-massagegeraet-face-slimming-geraet-doppelkinn-druckminderer-ems-mikrostrom-photon-face-lifting-machine\/\" \/>\n<meta property=\"og:locale\" content=\"de_DE\" \/>\n<meta property=\"og:type\" content=\"article\" \/>\n<meta property=\"og:title\" content=\"Elektrisches Elektrisches V-Gesicht Shapin Massageger\u00e4t Face Slimming-Ger\u00e4t Doppelkinn-Druckminderer EMS Mikrostrom Photon Face Lifting Machine - Markt-XXL\" \/>\n<meta property=\"og:description\" content=\"Markt-XXL Elektrisches Elektrisches V-Gesicht Shapin Massageger\u00e4t Face Slimming-Ger\u00e4t Doppelkinn-Druckminderer EMS Mikrostrom Photon Face Lifting Machine\" \/>\n<meta property=\"og:url\" content=\"https:\/\/marktxxl.de\/markt\/produkt\/elektrisches-elektrisches-v-gesicht-shapin-massagegeraet-face-slimming-geraet-doppelkinn-druckminderer-ems-mikrostrom-photon-face-lifting-machine\/\" \/>\n<meta property=\"og:site_name\" content=\"Markt-XXL\" \/>\n<meta name=\"twitter:card\" content=\"summary_large_image\" \/>\n<meta name=\"twitter:label1\" content=\"Gesch\u00e4tzte Lesezeit\" \/>\n\t<meta name=\"twitter:data1\" content=\"1\u00a0Minute\" \/>\n<script type=\"application\/ld+json\" class=\"yoast-schema-graph\">{\"@context\":\"https:\\\/\\\/schema.org\",\"@graph\":[{\"@type\":\"WebPage\",\"@id\":\"https:\\\/\\\/marktxxl.de\\\/markt\\\/produkt\\\/elektrisches-elektrisches-v-gesicht-shapin-massagegeraet-face-slimming-geraet-doppelkinn-druckminderer-ems-mikrostrom-photon-face-lifting-machine\\\/\",\"url\":\"https:\\\/\\\/marktxxl.de\\\/markt\\\/produkt\\\/elektrisches-elektrisches-v-gesicht-shapin-massagegeraet-face-slimming-geraet-doppelkinn-druckminderer-ems-mikrostrom-photon-face-lifting-machine\\\/\",\"name\":\"Elektrisches Elektrisches V-Gesicht Shapin Massageger\u00e4t Face Slimming-Ger\u00e4t Doppelkinn-Druckminderer EMS Mikrostrom Photon Face Lifting Machine - Markt-XXL\",\"isPartOf\":{\"@id\":\"https:\\\/\\\/marktxxl.de\\\/markt\\\/#website\"},\"primaryImageOfPage\":{\"@id\":\"https:\\\/\\\/marktxxl.de\\\/markt\\\/produkt\\\/elektrisches-elektrisches-v-gesicht-shapin-massagegeraet-face-slimming-geraet-doppelkinn-druckminderer-ems-mikrostrom-photon-face-lifting-machine\\\/#primaryimage\"},\"image\":{\"@id\":\"https:\\\/\\\/marktxxl.de\\\/markt\\\/produkt\\\/elektrisches-elektrisches-v-gesicht-shapin-massagegeraet-face-slimming-geraet-doppelkinn-druckminderer-ems-mikrostrom-photon-face-lifting-machine\\\/#primaryimage\"},\"thumbnailUrl\":\"https:\\\/\\\/m.media-amazon.com\\\/images\\\/I\\\/41bUSSB6a0L._SL500_.jpg\",\"datePublished\":\"2023-04-10T07:17:47+00:00\",\"description\":\"Markt-XXL Elektrisches Elektrisches V-Gesicht Shapin Massageger\u00e4t Face Slimming-Ger\u00e4t Doppelkinn-Druckminderer EMS Mikrostrom Photon Face Lifting Machine\",\"breadcrumb\":{\"@id\":\"https:\\\/\\\/marktxxl.de\\\/markt\\\/produkt\\\/elektrisches-elektrisches-v-gesicht-shapin-massagegeraet-face-slimming-geraet-doppelkinn-druckminderer-ems-mikrostrom-photon-face-lifting-machine\\\/#breadcrumb\"},\"inLanguage\":\"de\",\"potentialAction\":[{\"@type\":\"ReadAction\",\"target\":[\"https:\\\/\\\/marktxxl.de\\\/markt\\\/produkt\\\/elektrisches-elektrisches-v-gesicht-shapin-massagegeraet-face-slimming-geraet-doppelkinn-druckminderer-ems-mikrostrom-photon-face-lifting-machine\\\/\"]}]},{\"@type\":\"ImageObject\",\"inLanguage\":\"de\",\"@id\":\"https:\\\/\\\/marktxxl.de\\\/markt\\\/produkt\\\/elektrisches-elektrisches-v-gesicht-shapin-massagegeraet-face-slimming-geraet-doppelkinn-druckminderer-ems-mikrostrom-photon-face-lifting-machine\\\/#primaryimage\",\"url\":\"https:\\\/\\\/m.media-amazon.com\\\/images\\\/I\\\/41bUSSB6a0L._SL500_.jpg\",\"contentUrl\":\"https:\\\/\\\/m.media-amazon.com\\\/images\\\/I\\\/41bUSSB6a0L._SL500_.jpg\",\"width\":500,\"height\":500},{\"@type\":\"BreadcrumbList\",\"@id\":\"https:\\\/\\\/marktxxl.de\\\/markt\\\/produkt\\\/elektrisches-elektrisches-v-gesicht-shapin-massagegeraet-face-slimming-geraet-doppelkinn-druckminderer-ems-mikrostrom-photon-face-lifting-machine\\\/#breadcrumb\",\"itemListElement\":[{\"@type\":\"ListItem\",\"position\":1,\"name\":\"Startseite\",\"item\":\"https:\\\/\\\/marktxxl.de\\\/markt\\\/\"},{\"@type\":\"ListItem\",\"position\":2,\"name\":\"Markt\",\"item\":\"https:\\\/\\\/marktxxl.de\\\/markt\\\/\"},{\"@type\":\"ListItem\",\"position\":3,\"name\":\"Elektrisches Elektrisches V-Gesicht Shapin Massageger\u00e4t Face Slimming-Ger\u00e4t Doppelkinn-Druckminderer EMS Mikrostrom Photon Face Lifting Machine\"}]},{\"@type\":\"WebSite\",\"@id\":\"https:\\\/\\\/marktxxl.de\\\/markt\\\/#website\",\"url\":\"https:\\\/\\\/marktxxl.de\\\/markt\\\/\",\"name\":\"Markt-XXL\",\"description\":\"Ihr Markt Online\",\"publisher\":{\"@id\":\"https:\\\/\\\/marktxxl.de\\\/markt\\\/#organization\"},\"potentialAction\":[{\"@type\":\"SearchAction\",\"target\":{\"@type\":\"EntryPoint\",\"urlTemplate\":\"https:\\\/\\\/marktxxl.de\\\/markt\\\/?s={search_term_string}\"},\"query-input\":{\"@type\":\"PropertyValueSpecification\",\"valueRequired\":true,\"valueName\":\"search_term_string\"}}],\"inLanguage\":\"de\"},{\"@type\":\"Organization\",\"@id\":\"https:\\\/\\\/marktxxl.de\\\/markt\\\/#organization\",\"name\":\"Markt-XXL\",\"url\":\"https:\\\/\\\/marktxxl.de\\\/markt\\\/\",\"logo\":{\"@type\":\"ImageObject\",\"inLanguage\":\"de\",\"@id\":\"https:\\\/\\\/marktxxl.de\\\/markt\\\/#\\\/schema\\\/logo\\\/image\\\/\",\"url\":\"https:\\\/\\\/marktxxl.de\\\/markt\\\/wp-content\\\/uploads\\\/sites\\\/3\\\/2020\\\/12\\\/logo.png\",\"contentUrl\":\"https:\\\/\\\/marktxxl.de\\\/markt\\\/wp-content\\\/uploads\\\/sites\\\/3\\\/2020\\\/12\\\/logo.png\",\"width\":200,\"height\":70,\"caption\":\"Markt-XXL\"},\"image\":{\"@id\":\"https:\\\/\\\/marktxxl.de\\\/markt\\\/#\\\/schema\\\/logo\\\/image\\\/\"}}]}<\/script>\n<!-- \/ Yoast SEO plugin. -->","yoast_head_json":{"title":"Elektrisches Elektrisches V-Gesicht Shapin Massageger\u00e4t Face Slimming-Ger\u00e4t Doppelkinn-Druckminderer EMS Mikrostrom Photon Face Lifting Machine - Markt-XXL","description":"Markt-XXL Elektrisches Elektrisches V-Gesicht Shapin Massageger\u00e4t Face Slimming-Ger\u00e4t Doppelkinn-Druckminderer EMS Mikrostrom Photon Face Lifting Machine","robots":{"index":"index","follow":"follow","max-snippet":"max-snippet:-1","max-image-preview":"max-image-preview:large","max-video-preview":"max-video-preview:-1"},"canonical":"https:\/\/marktxxl.de\/markt\/produkt\/elektrisches-elektrisches-v-gesicht-shapin-massagegeraet-face-slimming-geraet-doppelkinn-druckminderer-ems-mikrostrom-photon-face-lifting-machine\/","og_locale":"de_DE","og_type":"article","og_title":"Elektrisches Elektrisches V-Gesicht Shapin Massageger\u00e4t Face Slimming-Ger\u00e4t Doppelkinn-Druckminderer EMS Mikrostrom Photon Face Lifting Machine - Markt-XXL","og_description":"Markt-XXL Elektrisches Elektrisches V-Gesicht Shapin Massageger\u00e4t Face Slimming-Ger\u00e4t Doppelkinn-Druckminderer EMS Mikrostrom Photon Face Lifting Machine","og_url":"https:\/\/marktxxl.de\/markt\/produkt\/elektrisches-elektrisches-v-gesicht-shapin-massagegeraet-face-slimming-geraet-doppelkinn-druckminderer-ems-mikrostrom-photon-face-lifting-machine\/","og_site_name":"Markt-XXL","twitter_card":"summary_large_image","twitter_misc":{"Gesch\u00e4tzte Lesezeit":"1\u00a0Minute"},"schema":{"@context":"https:\/\/schema.org","@graph":[{"@type":"WebPage","@id":"https:\/\/marktxxl.de\/markt\/produkt\/elektrisches-elektrisches-v-gesicht-shapin-massagegeraet-face-slimming-geraet-doppelkinn-druckminderer-ems-mikrostrom-photon-face-lifting-machine\/","url":"https:\/\/marktxxl.de\/markt\/produkt\/elektrisches-elektrisches-v-gesicht-shapin-massagegeraet-face-slimming-geraet-doppelkinn-druckminderer-ems-mikrostrom-photon-face-lifting-machine\/","name":"Elektrisches Elektrisches V-Gesicht Shapin Massageger\u00e4t Face Slimming-Ger\u00e4t Doppelkinn-Druckminderer EMS Mikrostrom Photon Face Lifting Machine - Markt-XXL","isPartOf":{"@id":"https:\/\/marktxxl.de\/markt\/#website"},"primaryImageOfPage":{"@id":"https:\/\/marktxxl.de\/markt\/produkt\/elektrisches-elektrisches-v-gesicht-shapin-massagegeraet-face-slimming-geraet-doppelkinn-druckminderer-ems-mikrostrom-photon-face-lifting-machine\/#primaryimage"},"image":{"@id":"https:\/\/marktxxl.de\/markt\/produkt\/elektrisches-elektrisches-v-gesicht-shapin-massagegeraet-face-slimming-geraet-doppelkinn-druckminderer-ems-mikrostrom-photon-face-lifting-machine\/#primaryimage"},"thumbnailUrl":"https:\/\/m.media-amazon.com\/images\/I\/41bUSSB6a0L._SL500_.jpg","datePublished":"2023-04-10T07:17:47+00:00","description":"Markt-XXL Elektrisches Elektrisches V-Gesicht Shapin Massageger\u00e4t Face Slimming-Ger\u00e4t Doppelkinn-Druckminderer EMS Mikrostrom Photon Face Lifting Machine","breadcrumb":{"@id":"https:\/\/marktxxl.de\/markt\/produkt\/elektrisches-elektrisches-v-gesicht-shapin-massagegeraet-face-slimming-geraet-doppelkinn-druckminderer-ems-mikrostrom-photon-face-lifting-machine\/#breadcrumb"},"inLanguage":"de","potentialAction":[{"@type":"ReadAction","target":["https:\/\/marktxxl.de\/markt\/produkt\/elektrisches-elektrisches-v-gesicht-shapin-massagegeraet-face-slimming-geraet-doppelkinn-druckminderer-ems-mikrostrom-photon-face-lifting-machine\/"]}]},{"@type":"ImageObject","inLanguage":"de","@id":"https:\/\/marktxxl.de\/markt\/produkt\/elektrisches-elektrisches-v-gesicht-shapin-massagegeraet-face-slimming-geraet-doppelkinn-druckminderer-ems-mikrostrom-photon-face-lifting-machine\/#primaryimage","url":"https:\/\/m.media-amazon.com\/images\/I\/41bUSSB6a0L._SL500_.jpg","contentUrl":"https:\/\/m.media-amazon.com\/images\/I\/41bUSSB6a0L._SL500_.jpg","width":500,"height":500},{"@type":"BreadcrumbList","@id":"https:\/\/marktxxl.de\/markt\/produkt\/elektrisches-elektrisches-v-gesicht-shapin-massagegeraet-face-slimming-geraet-doppelkinn-druckminderer-ems-mikrostrom-photon-face-lifting-machine\/#breadcrumb","itemListElement":[{"@type":"ListItem","position":1,"name":"Startseite","item":"https:\/\/marktxxl.de\/markt\/"},{"@type":"ListItem","position":2,"name":"Markt","item":"https:\/\/marktxxl.de\/markt\/"},{"@type":"ListItem","position":3,"name":"Elektrisches Elektrisches V-Gesicht Shapin Massageger\u00e4t Face Slimming-Ger\u00e4t Doppelkinn-Druckminderer EMS Mikrostrom Photon Face Lifting Machine"}]},{"@type":"WebSite","@id":"https:\/\/marktxxl.de\/markt\/#website","url":"https:\/\/marktxxl.de\/markt\/","name":"Markt-XXL","description":"Ihr Markt Online","publisher":{"@id":"https:\/\/marktxxl.de\/markt\/#organization"},"potentialAction":[{"@type":"SearchAction","target":{"@type":"EntryPoint","urlTemplate":"https:\/\/marktxxl.de\/markt\/?s={search_term_string}"},"query-input":{"@type":"PropertyValueSpecification","valueRequired":true,"valueName":"search_term_string"}}],"inLanguage":"de"},{"@type":"Organization","@id":"https:\/\/marktxxl.de\/markt\/#organization","name":"Markt-XXL","url":"https:\/\/marktxxl.de\/markt\/","logo":{"@type":"ImageObject","inLanguage":"de","@id":"https:\/\/marktxxl.de\/markt\/#\/schema\/logo\/image\/","url":"https:\/\/marktxxl.de\/markt\/wp-content\/uploads\/sites\/3\/2020\/12\/logo.png","contentUrl":"https:\/\/marktxxl.de\/markt\/wp-content\/uploads\/sites\/3\/2020\/12\/logo.png","width":200,"height":70,"caption":"Markt-XXL"},"image":{"@id":"https:\/\/marktxxl.de\/markt\/#\/schema\/logo\/image\/"}}]}},"_links":{"self":[{"href":"https:\/\/marktxxl.de\/markt\/wp-json\/wp\/v2\/product\/200263","targetHints":{"allow":["GET"]}}],"collection":[{"href":"https:\/\/marktxxl.de\/markt\/wp-json\/wp\/v2\/product"}],"about":[{"href":"https:\/\/marktxxl.de\/markt\/wp-json\/wp\/v2\/types\/product"}],"replies":[{"embeddable":true,"href":"https:\/\/marktxxl.de\/markt\/wp-json\/wp\/v2\/comments?post=200263"}],"wp:featuredmedia":[{"embeddable":true,"href":"https:\/\/marktxxl.de\/markt\/wp-json\/wp\/v2\/media\/200264"}],"wp:attachment":[{"href":"https:\/\/marktxxl.de\/markt\/wp-json\/wp\/v2\/media?parent=200263"}],"wp:term":[{"taxonomy":"product_brand","embeddable":true,"href":"https:\/\/marktxxl.de\/markt\/wp-json\/wp\/v2\/product_brand?post=200263"},{"taxonomy":"product_cat","embeddable":true,"href":"https:\/\/marktxxl.de\/markt\/wp-json\/wp\/v2\/product_cat?post=200263"},{"taxonomy":"product_tag","embeddable":true,"href":"https:\/\/marktxxl.de\/markt\/wp-json\/wp\/v2\/product_tag?post=200263"}],"curies":[{"name":"wp","href":"https:\/\/api.w.org\/{rel}","templated":true}]}}