{"id":200233,"date":"2023-04-10T09:16:45","date_gmt":"2023-04-10T07:16:45","guid":{"rendered":"https:\/\/marktxxl.de\/markt\/produkt\/co2crea-hard-travel-case-ersatz-fuer-canon-selphy-qx10-tragbarer-quadratischer-fotodrucker-fuer-selphy-qx10\/"},"modified":"2023-04-10T09:16:45","modified_gmt":"2023-04-10T07:16:45","slug":"co2crea-hard-travel-case-ersatz-fuer-canon-selphy-qx10-tragbarer-quadratischer-fotodrucker-fuer-selphy-qx10","status":"publish","type":"product","link":"https:\/\/marktxxl.de\/markt\/produkt\/co2crea-hard-travel-case-ersatz-fuer-canon-selphy-qx10-tragbarer-quadratischer-fotodrucker-fuer-selphy-qx10\/","title":{"rendered":"co2CREA Hard Travel Case Ersatz f\u00fcr Canon SELPHY QX10 Tragbarer quadratischer Fotodrucker (f\u00fcr SELPHY QX10)"},"content":{"rendered":"<p>co2CREA Hard Shock Proof Portable Photo Printer Travel Case Replacement for Canon SELPHY QX10 Portable Photo Printer Canon Mini Printer Harte EVA-Schale Canon Selphy Printer Instant Picture Printer Case ist sto\u00dffest, staubdicht und wasserabweisend, sch\u00fctzen Sie Ihren Canon tragbarer Drucker Selphy Fotodrucker QX10 Canon Mini-Fotodrucker vor St\u00fcrzen, Kratzern, St\u00f6\u00dfen, Spritzern und Staub.<br \/>\nDiese tragbare Reise Fotodrucker Tragetasche ist perfekt f\u00fcr Ihren Canon SELPHY QX10 tragbaren Fotodrucker und Canon Selphy Square Paper Fotodrucker, der Kanone Fotodrucker Selphy QX10 Canon tragbare Druckertasche hat mehr Platz, um das Selphy Fotostreifen Papier Canon Zink Fotopapier und mehr Zubeh\u00f6r unterzubringen.<br \/>\nco2CREA Hard Portable Photo Printer Canon Instant Camera Printer Case is a built-in super quality lining reflects superior taste and ensures a long-lasting performance, the soft anti-static lining can protect your Canon portable printer Canon Selphy Square QX10 photo cannon mini printer from bumps dents and scratches.<br \/>\nDiese tragbare Kanone Selphy QX10 Mini-iPhone-Druck-Fotodrucker-H\u00fclle hat eine bequeme Handschlaufe, so dass der Canon-Drucker Fotografie tragbare Canon Selphy Square Foto Selfie Drucker leicht zu tragen ist, und die Canon Selphy Square QX10 Fotokanone Mini Druckerh\u00fclle hat einen speziellen und starken Rei\u00dfverschluss, der Ihnen eine bessere Benutzererfahrung bringen kann.<br \/>\nIm Lieferumfang ist nur das Etui enthalten. (Canon Selphy Square QX10 Fotodrucker und Mini-Druckerzubeh\u00f6r sind nicht im Lieferumfang enthalten)<br \/>\n<div class=\"main-cross-sell\" data-asin=\"B0BCY2V396\">\n\n\t<div class=\"WooZone-cross-sell-loader\">\n\t\t<div>\n\t\t\t<div id=\"floatingBarsG\">\n\t\t\t\t<div class=\"blockG\" id=\"rotateG_01\"><\/div>\n\t\t\t\t<div class=\"blockG\" id=\"rotateG_02\"><\/div>\n\t\t\t\t<div class=\"blockG\" id=\"rotateG_03\"><\/div>\n\t\t\t\t<div class=\"blockG\" id=\"rotateG_04\"><\/div>\n\t\t\t\t<div class=\"blockG\" id=\"rotateG_05\"><\/div>\n\t\t\t\t<div class=\"blockG\" id=\"rotateG_06\"><\/div>\n\t\t\t\t<div class=\"blockG\" id=\"rotateG_07\"><\/div>\n\t\t\t\t<div class=\"blockG\" id=\"rotateG_08\"><\/div>\n\t\t\t<\/div>\n\t\t\t<div class=\"WooZone-cross-sell-loader-text\"><\/div>\n\t\t<\/div>\n\t<\/div>\n\n\t\t\n<\/div>\n<div style=\"clear:both;\"><\/div><\/p>\n","protected":false},"excerpt":{"rendered":"<p>co2CREA Hard Shock Proof Portable Photo Printer Travel Case Replacement for Canon SELPHY QX10 Portable Photo Printer Canon Mini Printer Harte EVA-Schale Canon Selphy Printer Instant Picture Printer Case ist sto\u00dffest, staubdicht und wasserabweisend, sch\u00fctzen Sie Ihren Canon tragbarer Drucker Selphy Fotodrucker QX10 Canon Mini-Fotodrucker vor St\u00fcrzen, Kratzern, St\u00f6\u00dfen, Spritzern und Staub.<br \/>\nDiese tragbare Reise Fotodrucker Tragetasche ist perfekt f\u00fcr Ihren Canon SELPHY QX10 tragbaren Fotodrucker und Canon Selphy Square Paper Fotodrucker, der Kanone Fotodrucker Selphy QX10 Canon tragbare Druckertasche hat mehr Platz, um das Selphy Fotostreifen Papier Canon Zink Fotopapier und mehr Zubeh\u00f6r unterzubringen.<br \/>\nco2CREA Hard Portable Photo Printer Canon Instant Camera Printer Case is a built-in super quality lining reflects superior taste and ensures a long-lasting performance, the soft anti-static lining can protect your Canon portable printer Canon Selphy Square QX10 photo cannon mini printer from bumps dents and scratches.<\/p>\n","protected":false},"featured_media":200234,"comment_status":"open","ping_status":"closed","template":"","meta":[],"product_brand":[],"product_cat":[504,8208],"product_tag":[],"class_list":{"0":"post-200233","1":"product","2":"type-product","3":"status-publish","4":"has-post-thumbnail","6":"product_cat-buerobedarf-schreibwaren","7":"product_cat-bueroelektronik","8":"pa_binding-elektronik","9":"pa_brand-co2crea","10":"pa_manufacturer-co2crea","11":"pa_model-50999","12":"pa_size-m","14":"first","15":"instock","16":"shipping-taxable","17":"product-type-simple","18":"customify-col","19":"product-has-gallery"},"yoast_head":"<!-- This site is optimized with the Yoast SEO plugin v27.4 - https:\/\/yoast.com\/product\/yoast-seo-wordpress\/ -->\n<title>co2CREA Hard Travel Case Ersatz f\u00fcr Canon SELPHY QX10 Tragbarer quadratischer Fotodrucker (f\u00fcr SELPHY QX10) - Markt-XXL<\/title>\n<meta name=\"description\" content=\"Markt-XXL co2CREA Hard Travel Case Ersatz f\u00fcr Canon SELPHY QX10 Tragbarer quadratischer Fotodrucker (f\u00fcr SELPHY QX10)\" \/>\n<meta name=\"robots\" content=\"index, follow, max-snippet:-1, max-image-preview:large, max-video-preview:-1\" \/>\n<link rel=\"canonical\" href=\"https:\/\/marktxxl.de\/markt\/produkt\/co2crea-hard-travel-case-ersatz-fuer-canon-selphy-qx10-tragbarer-quadratischer-fotodrucker-fuer-selphy-qx10\/\" \/>\n<meta property=\"og:locale\" content=\"de_DE\" \/>\n<meta property=\"og:type\" content=\"article\" \/>\n<meta property=\"og:title\" content=\"co2CREA Hard Travel Case Ersatz f\u00fcr Canon SELPHY QX10 Tragbarer quadratischer Fotodrucker (f\u00fcr SELPHY QX10) - Markt-XXL\" \/>\n<meta property=\"og:description\" content=\"Markt-XXL co2CREA Hard Travel Case Ersatz f\u00fcr Canon SELPHY QX10 Tragbarer quadratischer Fotodrucker (f\u00fcr SELPHY QX10)\" \/>\n<meta property=\"og:url\" content=\"https:\/\/marktxxl.de\/markt\/produkt\/co2crea-hard-travel-case-ersatz-fuer-canon-selphy-qx10-tragbarer-quadratischer-fotodrucker-fuer-selphy-qx10\/\" \/>\n<meta property=\"og:site_name\" content=\"Markt-XXL\" \/>\n<meta name=\"twitter:card\" content=\"summary_large_image\" \/>\n<meta name=\"twitter:label1\" content=\"Gesch\u00e4tzte Lesezeit\" \/>\n\t<meta name=\"twitter:data1\" content=\"1\u00a0Minute\" \/>\n<script type=\"application\/ld+json\" class=\"yoast-schema-graph\">{\"@context\":\"https:\\\/\\\/schema.org\",\"@graph\":[{\"@type\":\"WebPage\",\"@id\":\"https:\\\/\\\/marktxxl.de\\\/markt\\\/produkt\\\/co2crea-hard-travel-case-ersatz-fuer-canon-selphy-qx10-tragbarer-quadratischer-fotodrucker-fuer-selphy-qx10\\\/\",\"url\":\"https:\\\/\\\/marktxxl.de\\\/markt\\\/produkt\\\/co2crea-hard-travel-case-ersatz-fuer-canon-selphy-qx10-tragbarer-quadratischer-fotodrucker-fuer-selphy-qx10\\\/\",\"name\":\"co2CREA Hard Travel Case Ersatz f\u00fcr Canon SELPHY QX10 Tragbarer quadratischer Fotodrucker (f\u00fcr SELPHY QX10) - Markt-XXL\",\"isPartOf\":{\"@id\":\"https:\\\/\\\/marktxxl.de\\\/markt\\\/#website\"},\"primaryImageOfPage\":{\"@id\":\"https:\\\/\\\/marktxxl.de\\\/markt\\\/produkt\\\/co2crea-hard-travel-case-ersatz-fuer-canon-selphy-qx10-tragbarer-quadratischer-fotodrucker-fuer-selphy-qx10\\\/#primaryimage\"},\"image\":{\"@id\":\"https:\\\/\\\/marktxxl.de\\\/markt\\\/produkt\\\/co2crea-hard-travel-case-ersatz-fuer-canon-selphy-qx10-tragbarer-quadratischer-fotodrucker-fuer-selphy-qx10\\\/#primaryimage\"},\"thumbnailUrl\":\"https:\\\/\\\/m.media-amazon.com\\\/images\\\/I\\\/51NyMIeLDKL._SL500_.jpg\",\"datePublished\":\"2023-04-10T07:16:45+00:00\",\"description\":\"Markt-XXL co2CREA Hard Travel Case Ersatz f\u00fcr Canon SELPHY QX10 Tragbarer quadratischer Fotodrucker (f\u00fcr SELPHY QX10)\",\"breadcrumb\":{\"@id\":\"https:\\\/\\\/marktxxl.de\\\/markt\\\/produkt\\\/co2crea-hard-travel-case-ersatz-fuer-canon-selphy-qx10-tragbarer-quadratischer-fotodrucker-fuer-selphy-qx10\\\/#breadcrumb\"},\"inLanguage\":\"de\",\"potentialAction\":[{\"@type\":\"ReadAction\",\"target\":[\"https:\\\/\\\/marktxxl.de\\\/markt\\\/produkt\\\/co2crea-hard-travel-case-ersatz-fuer-canon-selphy-qx10-tragbarer-quadratischer-fotodrucker-fuer-selphy-qx10\\\/\"]}]},{\"@type\":\"ImageObject\",\"inLanguage\":\"de\",\"@id\":\"https:\\\/\\\/marktxxl.de\\\/markt\\\/produkt\\\/co2crea-hard-travel-case-ersatz-fuer-canon-selphy-qx10-tragbarer-quadratischer-fotodrucker-fuer-selphy-qx10\\\/#primaryimage\",\"url\":\"https:\\\/\\\/m.media-amazon.com\\\/images\\\/I\\\/51NyMIeLDKL._SL500_.jpg\",\"contentUrl\":\"https:\\\/\\\/m.media-amazon.com\\\/images\\\/I\\\/51NyMIeLDKL._SL500_.jpg\",\"width\":500,\"height\":500},{\"@type\":\"BreadcrumbList\",\"@id\":\"https:\\\/\\\/marktxxl.de\\\/markt\\\/produkt\\\/co2crea-hard-travel-case-ersatz-fuer-canon-selphy-qx10-tragbarer-quadratischer-fotodrucker-fuer-selphy-qx10\\\/#breadcrumb\",\"itemListElement\":[{\"@type\":\"ListItem\",\"position\":1,\"name\":\"Startseite\",\"item\":\"https:\\\/\\\/marktxxl.de\\\/markt\\\/\"},{\"@type\":\"ListItem\",\"position\":2,\"name\":\"Markt\",\"item\":\"https:\\\/\\\/marktxxl.de\\\/markt\\\/\"},{\"@type\":\"ListItem\",\"position\":3,\"name\":\"co2CREA Hard Travel Case Ersatz f\u00fcr Canon SELPHY QX10 Tragbarer quadratischer Fotodrucker (f\u00fcr SELPHY QX10)\"}]},{\"@type\":\"WebSite\",\"@id\":\"https:\\\/\\\/marktxxl.de\\\/markt\\\/#website\",\"url\":\"https:\\\/\\\/marktxxl.de\\\/markt\\\/\",\"name\":\"Markt-XXL\",\"description\":\"Ihr Markt Online\",\"publisher\":{\"@id\":\"https:\\\/\\\/marktxxl.de\\\/markt\\\/#organization\"},\"potentialAction\":[{\"@type\":\"SearchAction\",\"target\":{\"@type\":\"EntryPoint\",\"urlTemplate\":\"https:\\\/\\\/marktxxl.de\\\/markt\\\/?s={search_term_string}\"},\"query-input\":{\"@type\":\"PropertyValueSpecification\",\"valueRequired\":true,\"valueName\":\"search_term_string\"}}],\"inLanguage\":\"de\"},{\"@type\":\"Organization\",\"@id\":\"https:\\\/\\\/marktxxl.de\\\/markt\\\/#organization\",\"name\":\"Markt-XXL\",\"url\":\"https:\\\/\\\/marktxxl.de\\\/markt\\\/\",\"logo\":{\"@type\":\"ImageObject\",\"inLanguage\":\"de\",\"@id\":\"https:\\\/\\\/marktxxl.de\\\/markt\\\/#\\\/schema\\\/logo\\\/image\\\/\",\"url\":\"https:\\\/\\\/marktxxl.de\\\/markt\\\/wp-content\\\/uploads\\\/sites\\\/3\\\/2020\\\/12\\\/logo.png\",\"contentUrl\":\"https:\\\/\\\/marktxxl.de\\\/markt\\\/wp-content\\\/uploads\\\/sites\\\/3\\\/2020\\\/12\\\/logo.png\",\"width\":200,\"height\":70,\"caption\":\"Markt-XXL\"},\"image\":{\"@id\":\"https:\\\/\\\/marktxxl.de\\\/markt\\\/#\\\/schema\\\/logo\\\/image\\\/\"}}]}<\/script>\n<!-- \/ Yoast SEO plugin. -->","yoast_head_json":{"title":"co2CREA Hard Travel Case Ersatz f\u00fcr Canon SELPHY QX10 Tragbarer quadratischer Fotodrucker (f\u00fcr SELPHY QX10) - Markt-XXL","description":"Markt-XXL co2CREA Hard Travel Case Ersatz f\u00fcr Canon SELPHY QX10 Tragbarer quadratischer Fotodrucker (f\u00fcr SELPHY QX10)","robots":{"index":"index","follow":"follow","max-snippet":"max-snippet:-1","max-image-preview":"max-image-preview:large","max-video-preview":"max-video-preview:-1"},"canonical":"https:\/\/marktxxl.de\/markt\/produkt\/co2crea-hard-travel-case-ersatz-fuer-canon-selphy-qx10-tragbarer-quadratischer-fotodrucker-fuer-selphy-qx10\/","og_locale":"de_DE","og_type":"article","og_title":"co2CREA Hard Travel Case Ersatz f\u00fcr Canon SELPHY QX10 Tragbarer quadratischer Fotodrucker (f\u00fcr SELPHY QX10) - Markt-XXL","og_description":"Markt-XXL co2CREA Hard Travel Case Ersatz f\u00fcr Canon SELPHY QX10 Tragbarer quadratischer Fotodrucker (f\u00fcr SELPHY QX10)","og_url":"https:\/\/marktxxl.de\/markt\/produkt\/co2crea-hard-travel-case-ersatz-fuer-canon-selphy-qx10-tragbarer-quadratischer-fotodrucker-fuer-selphy-qx10\/","og_site_name":"Markt-XXL","twitter_card":"summary_large_image","twitter_misc":{"Gesch\u00e4tzte Lesezeit":"1\u00a0Minute"},"schema":{"@context":"https:\/\/schema.org","@graph":[{"@type":"WebPage","@id":"https:\/\/marktxxl.de\/markt\/produkt\/co2crea-hard-travel-case-ersatz-fuer-canon-selphy-qx10-tragbarer-quadratischer-fotodrucker-fuer-selphy-qx10\/","url":"https:\/\/marktxxl.de\/markt\/produkt\/co2crea-hard-travel-case-ersatz-fuer-canon-selphy-qx10-tragbarer-quadratischer-fotodrucker-fuer-selphy-qx10\/","name":"co2CREA Hard Travel Case Ersatz f\u00fcr Canon SELPHY QX10 Tragbarer quadratischer Fotodrucker (f\u00fcr SELPHY QX10) - Markt-XXL","isPartOf":{"@id":"https:\/\/marktxxl.de\/markt\/#website"},"primaryImageOfPage":{"@id":"https:\/\/marktxxl.de\/markt\/produkt\/co2crea-hard-travel-case-ersatz-fuer-canon-selphy-qx10-tragbarer-quadratischer-fotodrucker-fuer-selphy-qx10\/#primaryimage"},"image":{"@id":"https:\/\/marktxxl.de\/markt\/produkt\/co2crea-hard-travel-case-ersatz-fuer-canon-selphy-qx10-tragbarer-quadratischer-fotodrucker-fuer-selphy-qx10\/#primaryimage"},"thumbnailUrl":"https:\/\/m.media-amazon.com\/images\/I\/51NyMIeLDKL._SL500_.jpg","datePublished":"2023-04-10T07:16:45+00:00","description":"Markt-XXL co2CREA Hard Travel Case Ersatz f\u00fcr Canon SELPHY QX10 Tragbarer quadratischer Fotodrucker (f\u00fcr SELPHY QX10)","breadcrumb":{"@id":"https:\/\/marktxxl.de\/markt\/produkt\/co2crea-hard-travel-case-ersatz-fuer-canon-selphy-qx10-tragbarer-quadratischer-fotodrucker-fuer-selphy-qx10\/#breadcrumb"},"inLanguage":"de","potentialAction":[{"@type":"ReadAction","target":["https:\/\/marktxxl.de\/markt\/produkt\/co2crea-hard-travel-case-ersatz-fuer-canon-selphy-qx10-tragbarer-quadratischer-fotodrucker-fuer-selphy-qx10\/"]}]},{"@type":"ImageObject","inLanguage":"de","@id":"https:\/\/marktxxl.de\/markt\/produkt\/co2crea-hard-travel-case-ersatz-fuer-canon-selphy-qx10-tragbarer-quadratischer-fotodrucker-fuer-selphy-qx10\/#primaryimage","url":"https:\/\/m.media-amazon.com\/images\/I\/51NyMIeLDKL._SL500_.jpg","contentUrl":"https:\/\/m.media-amazon.com\/images\/I\/51NyMIeLDKL._SL500_.jpg","width":500,"height":500},{"@type":"BreadcrumbList","@id":"https:\/\/marktxxl.de\/markt\/produkt\/co2crea-hard-travel-case-ersatz-fuer-canon-selphy-qx10-tragbarer-quadratischer-fotodrucker-fuer-selphy-qx10\/#breadcrumb","itemListElement":[{"@type":"ListItem","position":1,"name":"Startseite","item":"https:\/\/marktxxl.de\/markt\/"},{"@type":"ListItem","position":2,"name":"Markt","item":"https:\/\/marktxxl.de\/markt\/"},{"@type":"ListItem","position":3,"name":"co2CREA Hard Travel Case Ersatz f\u00fcr Canon SELPHY QX10 Tragbarer quadratischer Fotodrucker (f\u00fcr SELPHY QX10)"}]},{"@type":"WebSite","@id":"https:\/\/marktxxl.de\/markt\/#website","url":"https:\/\/marktxxl.de\/markt\/","name":"Markt-XXL","description":"Ihr Markt Online","publisher":{"@id":"https:\/\/marktxxl.de\/markt\/#organization"},"potentialAction":[{"@type":"SearchAction","target":{"@type":"EntryPoint","urlTemplate":"https:\/\/marktxxl.de\/markt\/?s={search_term_string}"},"query-input":{"@type":"PropertyValueSpecification","valueRequired":true,"valueName":"search_term_string"}}],"inLanguage":"de"},{"@type":"Organization","@id":"https:\/\/marktxxl.de\/markt\/#organization","name":"Markt-XXL","url":"https:\/\/marktxxl.de\/markt\/","logo":{"@type":"ImageObject","inLanguage":"de","@id":"https:\/\/marktxxl.de\/markt\/#\/schema\/logo\/image\/","url":"https:\/\/marktxxl.de\/markt\/wp-content\/uploads\/sites\/3\/2020\/12\/logo.png","contentUrl":"https:\/\/marktxxl.de\/markt\/wp-content\/uploads\/sites\/3\/2020\/12\/logo.png","width":200,"height":70,"caption":"Markt-XXL"},"image":{"@id":"https:\/\/marktxxl.de\/markt\/#\/schema\/logo\/image\/"}}]}},"_links":{"self":[{"href":"https:\/\/marktxxl.de\/markt\/wp-json\/wp\/v2\/product\/200233","targetHints":{"allow":["GET"]}}],"collection":[{"href":"https:\/\/marktxxl.de\/markt\/wp-json\/wp\/v2\/product"}],"about":[{"href":"https:\/\/marktxxl.de\/markt\/wp-json\/wp\/v2\/types\/product"}],"replies":[{"embeddable":true,"href":"https:\/\/marktxxl.de\/markt\/wp-json\/wp\/v2\/comments?post=200233"}],"wp:featuredmedia":[{"embeddable":true,"href":"https:\/\/marktxxl.de\/markt\/wp-json\/wp\/v2\/media\/200234"}],"wp:attachment":[{"href":"https:\/\/marktxxl.de\/markt\/wp-json\/wp\/v2\/media?parent=200233"}],"wp:term":[{"taxonomy":"product_brand","embeddable":true,"href":"https:\/\/marktxxl.de\/markt\/wp-json\/wp\/v2\/product_brand?post=200233"},{"taxonomy":"product_cat","embeddable":true,"href":"https:\/\/marktxxl.de\/markt\/wp-json\/wp\/v2\/product_cat?post=200233"},{"taxonomy":"product_tag","embeddable":true,"href":"https:\/\/marktxxl.de\/markt\/wp-json\/wp\/v2\/product_tag?post=200233"}],"curies":[{"name":"wp","href":"https:\/\/api.w.org\/{rel}","templated":true}]}}