{"id":200179,"date":"2023-04-10T08:50:08","date_gmt":"2023-04-10T06:50:08","guid":{"rendered":"https:\/\/marktxxl.de\/markt\/produkt\/aumok-mit-chip-207a-tonerkartusche-kompatibel-fuer-hp-207a-207x-color-laserjet-pro-mfp-m283fdw-mfp-m282nw-mfp-m283fdn-m255dw-m255nw-toner-207a-w2210a-w2211a-w2212a-w2213a-207x-w2210x-4er-pack\/"},"modified":"2023-04-10T08:50:08","modified_gmt":"2023-04-10T06:50:08","slug":"aumok-mit-chip-207a-tonerkartusche-kompatibel-fuer-hp-207a-207x-color-laserjet-pro-mfp-m283fdw-mfp-m282nw-mfp-m283fdn-m255dw-m255nw-toner-207a-w2210a-w2211a-w2212a-w2213a-207x-w2210x-4er-pack","status":"publish","type":"product","link":"https:\/\/marktxxl.de\/markt\/produkt\/aumok-mit-chip-207a-tonerkartusche-kompatibel-fuer-hp-207a-207x-color-laserjet-pro-mfp-m283fdw-mfp-m282nw-mfp-m283fdn-m255dw-m255nw-toner-207a-w2210a-w2211a-w2212a-w2213a-207x-w2210x-4er-pack\/","title":{"rendered":"AUMOK (MIT CHIP) 207A Tonerkartusche Kompatibel f\u00fcr HP 207A 207X Color Laserjet Pro MFP M283fdw MFP M282nw MFP M283fdn M255dw M255nw Toner 207A W2210A W2211A W2212A W2213A 207X W2210X 4er-Pack"},"content":{"rendered":"<p>(Mit Chip)AUMOK 207A Tonerkartuschen kompatibel f\u00fcr HP 207A 207X Druckerkartuschen (Nicht HP Original)<br \/>\nPackungsinhalt: 1 Schwarz 207A W2210A x 1 Cyan 207A W2211A x 1 Gelb 207A W2212A x 1 Mangenta 207A W2213A (4er-Pack) kompatibel f\u00fcr HP 207A W2212A 207X W2210X Druckerpatronen<br \/>\nKompatibel f\u00fcr HP Color Laserjet Pro MFP M283fdw MFP M283fdn MFP M282nw, Kompatibel f\u00fcr HP Color Laserjet Pro M255dw M255nw Drucker<br \/>\nGesch\u00e4tzte Seitenleistung: 1350 Seiten f\u00fcr 207A W2210A schwarze Tonerkartusche, 1250 Seiten f\u00fcr 207A W2211A W2212A W2213A pro Farbtonerkartusche (basierend auf 5 Prozent Deckung)<br \/>\nAUMOK-kompatible 207A-Tonerkartuschen werden einer strengen Qualit\u00e4tskontrolle unterzogen, um Ihnen klare und lebendige Farben, reibungsloses Drucken und zuverl\u00e4ssige Ausdrucke zu bieten<br \/>\n<div class=\"main-cross-sell\" data-asin=\"B0BZBJ1ZS5\">\n\n\t<div class=\"WooZone-cross-sell-loader\">\n\t\t<div>\n\t\t\t<div id=\"floatingBarsG\">\n\t\t\t\t<div class=\"blockG\" id=\"rotateG_01\"><\/div>\n\t\t\t\t<div class=\"blockG\" id=\"rotateG_02\"><\/div>\n\t\t\t\t<div class=\"blockG\" id=\"rotateG_03\"><\/div>\n\t\t\t\t<div class=\"blockG\" id=\"rotateG_04\"><\/div>\n\t\t\t\t<div class=\"blockG\" id=\"rotateG_05\"><\/div>\n\t\t\t\t<div class=\"blockG\" id=\"rotateG_06\"><\/div>\n\t\t\t\t<div class=\"blockG\" id=\"rotateG_07\"><\/div>\n\t\t\t\t<div class=\"blockG\" id=\"rotateG_08\"><\/div>\n\t\t\t<\/div>\n\t\t\t<div class=\"WooZone-cross-sell-loader-text\"><\/div>\n\t\t<\/div>\n\t<\/div>\n\n\t\t\n<\/div>\n<div style=\"clear:both;\"><\/div><\/p>\n","protected":false},"excerpt":{"rendered":"<p>(Mit Chip)AUMOK 207A Tonerkartuschen kompatibel f\u00fcr HP 207A 207X Druckerkartuschen (Nicht HP Original)<br \/>\nPackungsinhalt: 1 Schwarz 207A W2210A x 1 Cyan 207A W2211A x 1 Gelb 207A W2212A x 1 Mangenta 207A W2213A (4er-Pack) kompatibel f\u00fcr HP 207A W2212A 207X W2210X Druckerpatronen<br \/>\nKompatibel f\u00fcr HP Color Laserjet Pro MFP M283fdw MFP M283fdn MFP M282nw, Kompatibel f\u00fcr HP Color Laserjet Pro M255dw M255nw Drucker<\/p>\n","protected":false},"featured_media":200180,"comment_status":"open","ping_status":"closed","template":"","meta":[],"product_brand":[],"product_cat":[504,8208],"product_tag":[],"class_list":{"0":"post-200179","1":"product","2":"type-product","3":"status-publish","4":"has-post-thumbnail","6":"product_cat-buerobedarf-schreibwaren","7":"product_cat-bueroelektronik","8":"pa_brand-aumok","9":"pa_color-207a-schwarz-cyan-gelb-magenta","10":"pa_manufacturer-aumok","11":"pa_model-207a-toner","12":"pa_size-xl","13":"pa_warranty-no-warranty","15":"first","16":"instock","17":"shipping-taxable","18":"purchasable","19":"product-type-simple","20":"customify-col","21":"product-has-gallery"},"yoast_head":"<!-- This site is optimized with the Yoast SEO plugin v27.4 - https:\/\/yoast.com\/product\/yoast-seo-wordpress\/ -->\n<title>AUMOK (MIT CHIP) 207A Tonerkartusche Kompatibel f\u00fcr HP 207A 207X Color Laserjet Pro MFP M283fdw MFP M282nw MFP M283fdn M255dw M255nw Toner 207A W2210A W2211A W2212A W2213A 207X W2210X 4er-Pack - Markt-XXL<\/title>\n<meta name=\"description\" content=\"Markt-XXL AUMOK (MIT CHIP) 207A Tonerkartusche Kompatibel f\u00fcr HP 207A 207X Color Laserjet Pro MFP M283fdw MFP M282nw MFP M283fdn M255dw M255nw Toner 207A W2210A W2211A W2212A W2213A 207X W2210X 4er-Pack\" \/>\n<meta name=\"robots\" content=\"index, follow, max-snippet:-1, max-image-preview:large, max-video-preview:-1\" \/>\n<link rel=\"canonical\" href=\"https:\/\/marktxxl.de\/markt\/produkt\/aumok-mit-chip-207a-tonerkartusche-kompatibel-fuer-hp-207a-207x-color-laserjet-pro-mfp-m283fdw-mfp-m282nw-mfp-m283fdn-m255dw-m255nw-toner-207a-w2210a-w2211a-w2212a-w2213a-207x-w2210x-4er-pack\/\" \/>\n<meta property=\"og:locale\" content=\"de_DE\" \/>\n<meta property=\"og:type\" content=\"article\" \/>\n<meta property=\"og:title\" content=\"AUMOK (MIT CHIP) 207A Tonerkartusche Kompatibel f\u00fcr HP 207A 207X Color Laserjet Pro MFP M283fdw MFP M282nw MFP M283fdn M255dw M255nw Toner 207A W2210A W2211A W2212A W2213A 207X W2210X 4er-Pack - Markt-XXL\" \/>\n<meta property=\"og:description\" content=\"Markt-XXL AUMOK (MIT CHIP) 207A Tonerkartusche Kompatibel f\u00fcr HP 207A 207X Color Laserjet Pro MFP M283fdw MFP M282nw MFP M283fdn M255dw M255nw Toner 207A W2210A W2211A W2212A W2213A 207X W2210X 4er-Pack\" \/>\n<meta property=\"og:url\" content=\"https:\/\/marktxxl.de\/markt\/produkt\/aumok-mit-chip-207a-tonerkartusche-kompatibel-fuer-hp-207a-207x-color-laserjet-pro-mfp-m283fdw-mfp-m282nw-mfp-m283fdn-m255dw-m255nw-toner-207a-w2210a-w2211a-w2212a-w2213a-207x-w2210x-4er-pack\/\" \/>\n<meta property=\"og:site_name\" content=\"Markt-XXL\" \/>\n<meta name=\"twitter:card\" content=\"summary_large_image\" \/>\n<meta name=\"twitter:label1\" content=\"Gesch\u00e4tzte Lesezeit\" \/>\n\t<meta name=\"twitter:data1\" content=\"1\u00a0Minute\" \/>\n<script type=\"application\/ld+json\" class=\"yoast-schema-graph\">{\"@context\":\"https:\\\/\\\/schema.org\",\"@graph\":[{\"@type\":\"WebPage\",\"@id\":\"https:\\\/\\\/marktxxl.de\\\/markt\\\/produkt\\\/aumok-mit-chip-207a-tonerkartusche-kompatibel-fuer-hp-207a-207x-color-laserjet-pro-mfp-m283fdw-mfp-m282nw-mfp-m283fdn-m255dw-m255nw-toner-207a-w2210a-w2211a-w2212a-w2213a-207x-w2210x-4er-pack\\\/\",\"url\":\"https:\\\/\\\/marktxxl.de\\\/markt\\\/produkt\\\/aumok-mit-chip-207a-tonerkartusche-kompatibel-fuer-hp-207a-207x-color-laserjet-pro-mfp-m283fdw-mfp-m282nw-mfp-m283fdn-m255dw-m255nw-toner-207a-w2210a-w2211a-w2212a-w2213a-207x-w2210x-4er-pack\\\/\",\"name\":\"AUMOK (MIT CHIP) 207A Tonerkartusche Kompatibel f\u00fcr HP 207A 207X Color Laserjet Pro MFP M283fdw MFP M282nw MFP M283fdn M255dw M255nw Toner 207A W2210A W2211A W2212A W2213A 207X W2210X 4er-Pack - Markt-XXL\",\"isPartOf\":{\"@id\":\"https:\\\/\\\/marktxxl.de\\\/markt\\\/#website\"},\"primaryImageOfPage\":{\"@id\":\"https:\\\/\\\/marktxxl.de\\\/markt\\\/produkt\\\/aumok-mit-chip-207a-tonerkartusche-kompatibel-fuer-hp-207a-207x-color-laserjet-pro-mfp-m283fdw-mfp-m282nw-mfp-m283fdn-m255dw-m255nw-toner-207a-w2210a-w2211a-w2212a-w2213a-207x-w2210x-4er-pack\\\/#primaryimage\"},\"image\":{\"@id\":\"https:\\\/\\\/marktxxl.de\\\/markt\\\/produkt\\\/aumok-mit-chip-207a-tonerkartusche-kompatibel-fuer-hp-207a-207x-color-laserjet-pro-mfp-m283fdw-mfp-m282nw-mfp-m283fdn-m255dw-m255nw-toner-207a-w2210a-w2211a-w2212a-w2213a-207x-w2210x-4er-pack\\\/#primaryimage\"},\"thumbnailUrl\":\"https:\\\/\\\/m.media-amazon.com\\\/images\\\/I\\\/51g2bBlWSIL._SL500_.jpg\",\"datePublished\":\"2023-04-10T06:50:08+00:00\",\"description\":\"Markt-XXL AUMOK (MIT CHIP) 207A Tonerkartusche Kompatibel f\u00fcr HP 207A 207X Color Laserjet Pro MFP M283fdw MFP M282nw MFP M283fdn M255dw M255nw Toner 207A W2210A W2211A W2212A W2213A 207X W2210X 4er-Pack\",\"breadcrumb\":{\"@id\":\"https:\\\/\\\/marktxxl.de\\\/markt\\\/produkt\\\/aumok-mit-chip-207a-tonerkartusche-kompatibel-fuer-hp-207a-207x-color-laserjet-pro-mfp-m283fdw-mfp-m282nw-mfp-m283fdn-m255dw-m255nw-toner-207a-w2210a-w2211a-w2212a-w2213a-207x-w2210x-4er-pack\\\/#breadcrumb\"},\"inLanguage\":\"de\",\"potentialAction\":[{\"@type\":\"ReadAction\",\"target\":[\"https:\\\/\\\/marktxxl.de\\\/markt\\\/produkt\\\/aumok-mit-chip-207a-tonerkartusche-kompatibel-fuer-hp-207a-207x-color-laserjet-pro-mfp-m283fdw-mfp-m282nw-mfp-m283fdn-m255dw-m255nw-toner-207a-w2210a-w2211a-w2212a-w2213a-207x-w2210x-4er-pack\\\/\"]}]},{\"@type\":\"ImageObject\",\"inLanguage\":\"de\",\"@id\":\"https:\\\/\\\/marktxxl.de\\\/markt\\\/produkt\\\/aumok-mit-chip-207a-tonerkartusche-kompatibel-fuer-hp-207a-207x-color-laserjet-pro-mfp-m283fdw-mfp-m282nw-mfp-m283fdn-m255dw-m255nw-toner-207a-w2210a-w2211a-w2212a-w2213a-207x-w2210x-4er-pack\\\/#primaryimage\",\"url\":\"https:\\\/\\\/m.media-amazon.com\\\/images\\\/I\\\/51g2bBlWSIL._SL500_.jpg\",\"contentUrl\":\"https:\\\/\\\/m.media-amazon.com\\\/images\\\/I\\\/51g2bBlWSIL._SL500_.jpg\",\"width\":500,\"height\":500},{\"@type\":\"BreadcrumbList\",\"@id\":\"https:\\\/\\\/marktxxl.de\\\/markt\\\/produkt\\\/aumok-mit-chip-207a-tonerkartusche-kompatibel-fuer-hp-207a-207x-color-laserjet-pro-mfp-m283fdw-mfp-m282nw-mfp-m283fdn-m255dw-m255nw-toner-207a-w2210a-w2211a-w2212a-w2213a-207x-w2210x-4er-pack\\\/#breadcrumb\",\"itemListElement\":[{\"@type\":\"ListItem\",\"position\":1,\"name\":\"Startseite\",\"item\":\"https:\\\/\\\/marktxxl.de\\\/markt\\\/\"},{\"@type\":\"ListItem\",\"position\":2,\"name\":\"Markt\",\"item\":\"https:\\\/\\\/marktxxl.de\\\/markt\\\/\"},{\"@type\":\"ListItem\",\"position\":3,\"name\":\"AUMOK (MIT CHIP) 207A Tonerkartusche Kompatibel f\u00fcr HP 207A 207X Color Laserjet Pro MFP M283fdw MFP M282nw MFP M283fdn M255dw M255nw Toner 207A W2210A W2211A W2212A W2213A 207X W2210X 4er-Pack\"}]},{\"@type\":\"WebSite\",\"@id\":\"https:\\\/\\\/marktxxl.de\\\/markt\\\/#website\",\"url\":\"https:\\\/\\\/marktxxl.de\\\/markt\\\/\",\"name\":\"Markt-XXL\",\"description\":\"Ihr Markt Online\",\"publisher\":{\"@id\":\"https:\\\/\\\/marktxxl.de\\\/markt\\\/#organization\"},\"potentialAction\":[{\"@type\":\"SearchAction\",\"target\":{\"@type\":\"EntryPoint\",\"urlTemplate\":\"https:\\\/\\\/marktxxl.de\\\/markt\\\/?s={search_term_string}\"},\"query-input\":{\"@type\":\"PropertyValueSpecification\",\"valueRequired\":true,\"valueName\":\"search_term_string\"}}],\"inLanguage\":\"de\"},{\"@type\":\"Organization\",\"@id\":\"https:\\\/\\\/marktxxl.de\\\/markt\\\/#organization\",\"name\":\"Markt-XXL\",\"url\":\"https:\\\/\\\/marktxxl.de\\\/markt\\\/\",\"logo\":{\"@type\":\"ImageObject\",\"inLanguage\":\"de\",\"@id\":\"https:\\\/\\\/marktxxl.de\\\/markt\\\/#\\\/schema\\\/logo\\\/image\\\/\",\"url\":\"https:\\\/\\\/marktxxl.de\\\/markt\\\/wp-content\\\/uploads\\\/sites\\\/3\\\/2020\\\/12\\\/logo.png\",\"contentUrl\":\"https:\\\/\\\/marktxxl.de\\\/markt\\\/wp-content\\\/uploads\\\/sites\\\/3\\\/2020\\\/12\\\/logo.png\",\"width\":200,\"height\":70,\"caption\":\"Markt-XXL\"},\"image\":{\"@id\":\"https:\\\/\\\/marktxxl.de\\\/markt\\\/#\\\/schema\\\/logo\\\/image\\\/\"}}]}<\/script>\n<!-- \/ Yoast SEO plugin. -->","yoast_head_json":{"title":"AUMOK (MIT CHIP) 207A Tonerkartusche Kompatibel f\u00fcr HP 207A 207X Color Laserjet Pro MFP M283fdw MFP M282nw MFP M283fdn M255dw M255nw Toner 207A W2210A W2211A W2212A W2213A 207X W2210X 4er-Pack - Markt-XXL","description":"Markt-XXL AUMOK (MIT CHIP) 207A Tonerkartusche Kompatibel f\u00fcr HP 207A 207X Color Laserjet Pro MFP M283fdw MFP M282nw MFP M283fdn M255dw M255nw Toner 207A W2210A W2211A W2212A W2213A 207X W2210X 4er-Pack","robots":{"index":"index","follow":"follow","max-snippet":"max-snippet:-1","max-image-preview":"max-image-preview:large","max-video-preview":"max-video-preview:-1"},"canonical":"https:\/\/marktxxl.de\/markt\/produkt\/aumok-mit-chip-207a-tonerkartusche-kompatibel-fuer-hp-207a-207x-color-laserjet-pro-mfp-m283fdw-mfp-m282nw-mfp-m283fdn-m255dw-m255nw-toner-207a-w2210a-w2211a-w2212a-w2213a-207x-w2210x-4er-pack\/","og_locale":"de_DE","og_type":"article","og_title":"AUMOK (MIT CHIP) 207A Tonerkartusche Kompatibel f\u00fcr HP 207A 207X Color Laserjet Pro MFP M283fdw MFP M282nw MFP M283fdn M255dw M255nw Toner 207A W2210A W2211A W2212A W2213A 207X W2210X 4er-Pack - Markt-XXL","og_description":"Markt-XXL AUMOK (MIT CHIP) 207A Tonerkartusche Kompatibel f\u00fcr HP 207A 207X Color Laserjet Pro MFP M283fdw MFP M282nw MFP M283fdn M255dw M255nw Toner 207A W2210A W2211A W2212A W2213A 207X W2210X 4er-Pack","og_url":"https:\/\/marktxxl.de\/markt\/produkt\/aumok-mit-chip-207a-tonerkartusche-kompatibel-fuer-hp-207a-207x-color-laserjet-pro-mfp-m283fdw-mfp-m282nw-mfp-m283fdn-m255dw-m255nw-toner-207a-w2210a-w2211a-w2212a-w2213a-207x-w2210x-4er-pack\/","og_site_name":"Markt-XXL","twitter_card":"summary_large_image","twitter_misc":{"Gesch\u00e4tzte Lesezeit":"1\u00a0Minute"},"schema":{"@context":"https:\/\/schema.org","@graph":[{"@type":"WebPage","@id":"https:\/\/marktxxl.de\/markt\/produkt\/aumok-mit-chip-207a-tonerkartusche-kompatibel-fuer-hp-207a-207x-color-laserjet-pro-mfp-m283fdw-mfp-m282nw-mfp-m283fdn-m255dw-m255nw-toner-207a-w2210a-w2211a-w2212a-w2213a-207x-w2210x-4er-pack\/","url":"https:\/\/marktxxl.de\/markt\/produkt\/aumok-mit-chip-207a-tonerkartusche-kompatibel-fuer-hp-207a-207x-color-laserjet-pro-mfp-m283fdw-mfp-m282nw-mfp-m283fdn-m255dw-m255nw-toner-207a-w2210a-w2211a-w2212a-w2213a-207x-w2210x-4er-pack\/","name":"AUMOK (MIT CHIP) 207A Tonerkartusche Kompatibel f\u00fcr HP 207A 207X Color Laserjet Pro MFP M283fdw MFP M282nw MFP M283fdn M255dw M255nw Toner 207A W2210A W2211A W2212A W2213A 207X W2210X 4er-Pack - Markt-XXL","isPartOf":{"@id":"https:\/\/marktxxl.de\/markt\/#website"},"primaryImageOfPage":{"@id":"https:\/\/marktxxl.de\/markt\/produkt\/aumok-mit-chip-207a-tonerkartusche-kompatibel-fuer-hp-207a-207x-color-laserjet-pro-mfp-m283fdw-mfp-m282nw-mfp-m283fdn-m255dw-m255nw-toner-207a-w2210a-w2211a-w2212a-w2213a-207x-w2210x-4er-pack\/#primaryimage"},"image":{"@id":"https:\/\/marktxxl.de\/markt\/produkt\/aumok-mit-chip-207a-tonerkartusche-kompatibel-fuer-hp-207a-207x-color-laserjet-pro-mfp-m283fdw-mfp-m282nw-mfp-m283fdn-m255dw-m255nw-toner-207a-w2210a-w2211a-w2212a-w2213a-207x-w2210x-4er-pack\/#primaryimage"},"thumbnailUrl":"https:\/\/m.media-amazon.com\/images\/I\/51g2bBlWSIL._SL500_.jpg","datePublished":"2023-04-10T06:50:08+00:00","description":"Markt-XXL AUMOK (MIT CHIP) 207A Tonerkartusche Kompatibel f\u00fcr HP 207A 207X Color Laserjet Pro MFP M283fdw MFP M282nw MFP M283fdn M255dw M255nw Toner 207A W2210A W2211A W2212A W2213A 207X W2210X 4er-Pack","breadcrumb":{"@id":"https:\/\/marktxxl.de\/markt\/produkt\/aumok-mit-chip-207a-tonerkartusche-kompatibel-fuer-hp-207a-207x-color-laserjet-pro-mfp-m283fdw-mfp-m282nw-mfp-m283fdn-m255dw-m255nw-toner-207a-w2210a-w2211a-w2212a-w2213a-207x-w2210x-4er-pack\/#breadcrumb"},"inLanguage":"de","potentialAction":[{"@type":"ReadAction","target":["https:\/\/marktxxl.de\/markt\/produkt\/aumok-mit-chip-207a-tonerkartusche-kompatibel-fuer-hp-207a-207x-color-laserjet-pro-mfp-m283fdw-mfp-m282nw-mfp-m283fdn-m255dw-m255nw-toner-207a-w2210a-w2211a-w2212a-w2213a-207x-w2210x-4er-pack\/"]}]},{"@type":"ImageObject","inLanguage":"de","@id":"https:\/\/marktxxl.de\/markt\/produkt\/aumok-mit-chip-207a-tonerkartusche-kompatibel-fuer-hp-207a-207x-color-laserjet-pro-mfp-m283fdw-mfp-m282nw-mfp-m283fdn-m255dw-m255nw-toner-207a-w2210a-w2211a-w2212a-w2213a-207x-w2210x-4er-pack\/#primaryimage","url":"https:\/\/m.media-amazon.com\/images\/I\/51g2bBlWSIL._SL500_.jpg","contentUrl":"https:\/\/m.media-amazon.com\/images\/I\/51g2bBlWSIL._SL500_.jpg","width":500,"height":500},{"@type":"BreadcrumbList","@id":"https:\/\/marktxxl.de\/markt\/produkt\/aumok-mit-chip-207a-tonerkartusche-kompatibel-fuer-hp-207a-207x-color-laserjet-pro-mfp-m283fdw-mfp-m282nw-mfp-m283fdn-m255dw-m255nw-toner-207a-w2210a-w2211a-w2212a-w2213a-207x-w2210x-4er-pack\/#breadcrumb","itemListElement":[{"@type":"ListItem","position":1,"name":"Startseite","item":"https:\/\/marktxxl.de\/markt\/"},{"@type":"ListItem","position":2,"name":"Markt","item":"https:\/\/marktxxl.de\/markt\/"},{"@type":"ListItem","position":3,"name":"AUMOK (MIT CHIP) 207A Tonerkartusche Kompatibel f\u00fcr HP 207A 207X Color Laserjet Pro MFP M283fdw MFP M282nw MFP M283fdn M255dw M255nw Toner 207A W2210A W2211A W2212A W2213A 207X W2210X 4er-Pack"}]},{"@type":"WebSite","@id":"https:\/\/marktxxl.de\/markt\/#website","url":"https:\/\/marktxxl.de\/markt\/","name":"Markt-XXL","description":"Ihr Markt Online","publisher":{"@id":"https:\/\/marktxxl.de\/markt\/#organization"},"potentialAction":[{"@type":"SearchAction","target":{"@type":"EntryPoint","urlTemplate":"https:\/\/marktxxl.de\/markt\/?s={search_term_string}"},"query-input":{"@type":"PropertyValueSpecification","valueRequired":true,"valueName":"search_term_string"}}],"inLanguage":"de"},{"@type":"Organization","@id":"https:\/\/marktxxl.de\/markt\/#organization","name":"Markt-XXL","url":"https:\/\/marktxxl.de\/markt\/","logo":{"@type":"ImageObject","inLanguage":"de","@id":"https:\/\/marktxxl.de\/markt\/#\/schema\/logo\/image\/","url":"https:\/\/marktxxl.de\/markt\/wp-content\/uploads\/sites\/3\/2020\/12\/logo.png","contentUrl":"https:\/\/marktxxl.de\/markt\/wp-content\/uploads\/sites\/3\/2020\/12\/logo.png","width":200,"height":70,"caption":"Markt-XXL"},"image":{"@id":"https:\/\/marktxxl.de\/markt\/#\/schema\/logo\/image\/"}}]}},"_links":{"self":[{"href":"https:\/\/marktxxl.de\/markt\/wp-json\/wp\/v2\/product\/200179","targetHints":{"allow":["GET"]}}],"collection":[{"href":"https:\/\/marktxxl.de\/markt\/wp-json\/wp\/v2\/product"}],"about":[{"href":"https:\/\/marktxxl.de\/markt\/wp-json\/wp\/v2\/types\/product"}],"replies":[{"embeddable":true,"href":"https:\/\/marktxxl.de\/markt\/wp-json\/wp\/v2\/comments?post=200179"}],"wp:featuredmedia":[{"embeddable":true,"href":"https:\/\/marktxxl.de\/markt\/wp-json\/wp\/v2\/media\/200180"}],"wp:attachment":[{"href":"https:\/\/marktxxl.de\/markt\/wp-json\/wp\/v2\/media?parent=200179"}],"wp:term":[{"taxonomy":"product_brand","embeddable":true,"href":"https:\/\/marktxxl.de\/markt\/wp-json\/wp\/v2\/product_brand?post=200179"},{"taxonomy":"product_cat","embeddable":true,"href":"https:\/\/marktxxl.de\/markt\/wp-json\/wp\/v2\/product_cat?post=200179"},{"taxonomy":"product_tag","embeddable":true,"href":"https:\/\/marktxxl.de\/markt\/wp-json\/wp\/v2\/product_tag?post=200179"}],"curies":[{"name":"wp","href":"https:\/\/api.w.org\/{rel}","templated":true}]}}