{"id":200029,"date":"2023-04-10T08:28:49","date_gmt":"2023-04-10T06:28:49","guid":{"rendered":"https:\/\/marktxxl.de\/markt\/produkt\/jimacro-solar-led-string-lichter-32pcsx0-8m-256-led-lichtvorhang-weihnachtsbeleuchtung-aussen-7m-wasserdichte-lichterketten-8-modi-led-wasserdichte-lichterkette-aussen-fuer-die-wandtraufe-dekoratio\/"},"modified":"2023-04-10T08:28:49","modified_gmt":"2023-04-10T06:28:49","slug":"jimacro-solar-led-string-lichter-32pcsx0-8m-256-led-lichtvorhang-weihnachtsbeleuchtung-aussen-7m-wasserdichte-lichterketten-8-modi-led-wasserdichte-lichterkette-aussen-fuer-die-wandtraufe-dekoratio","status":"publish","type":"product","link":"https:\/\/marktxxl.de\/markt\/produkt\/jimacro-solar-led-string-lichter-32pcsx0-8m-256-led-lichtvorhang-weihnachtsbeleuchtung-aussen-7m-wasserdichte-lichterketten-8-modi-led-wasserdichte-lichterkette-aussen-fuer-die-wandtraufe-dekoratio\/","title":{"rendered":"JIMACRO Solar LED String Lichter, 32pcsx0.8M 256 LED Lichtvorhang Weihnachtsbeleuchtung Au\u00dfen, 7M Wasserdichte Lichterketten, 8 Modi LED Wasserdichte Lichterkette Au\u00dfen f\u00fcr die Wandtraufe Dekoration"},"content":{"rendered":"<p>Lichterketten f\u00fcr den Au\u00dfenbereich &#8212; Insgesamt 7m\/23ft lang, 32 B\u00fcndel 0.8m\/2.6ft lange Lichterketten f\u00fcr den Hintergrund. 15,6 cm\/6,1 zoll Abstand zwischen Tropfen. Hergestellt aus strapazierf\u00e4higem PVC- und Kupfermaterial mit 256 brillanten, hellen LEDs, zum Dekorieren von Innenh\u00f6fen, Fenstern, W\u00e4nden, Traufen und Z\u00e4unen, perfekt f\u00fcr Indoor Outdoor Partys \/ Feiertage \/ Festivals \/ Weihnachtsdekorationen.<br \/>\nSolarbetriebene LED Lichterketten &#8212; Ausgestattet mit einer verbesserten Version des Solarpanels mit eingebautem wiederaufladbarem 1200-mAh-Akku. Nach einer Aufladung von 6 Stunden bei direkter Sonneneinstrahlung k\u00f6nnen die Lichterketten etwa 20-40 Stunden arbeiten. Mit diesem verbesserten Solarpanel ist die Lichterkette heller als andere, die mit einem gew\u00f6hnlichen Solarpanel betrieben werden.<br \/>\n8 Modi und Speicherfunktion &#8212; Diese Solar-Lichterkette verf\u00fcgt \u00fcber 8 verschiedene Beleuchtungsmodi, einschlie\u00dflich Kombination, in Wellen, sequentiell, langsames Leuchten, jagender Blitz, langsames Verblassen, Funkeln, Dauerlicht, die unterschiedliche Atmosph\u00e4ren f\u00fcr Ihr Leben schaffen k\u00f6nnen. Eingebauter Speicherchip, der sich automatisch an die letzte Einstellung erinnert, Sie m\u00fcssen ihn nicht zur\u00fccksetzen.<br \/>\nIntelligente Fernbedienung &#8212; Diese Solar-Lichterkette wird auch mit einer intelligenten Fernbedienung geliefert. 8 Beleuchtungsmodi, Helligkeitsanpassung und Zeitfunktionen, 3 Stunden\/5 Stunden\/8 Stunden oder Timer abbrechen. Es steht Ihnen zur Verf\u00fcgung, um Solarlichterketten in gro\u00dfer Entfernung zu steuern.<br \/>\nEinfach zu Installieren und Automatisches Ein-\/Ausschalten &#8212; Das Solarpanel ist sowohl f\u00fcr die Wandmontage als auch f\u00fcr die Bodenmontage konzipiert. Schalten Sie einfach den Schalter auf der R\u00fcckseite des Solarpanels ein und stellen Sie es an einen sonnigen Ort, es wird automatisch aufgeladen. Leuchtet automatisch auf, wenn es dunkel wird.<br \/>\n<div class=\"main-cross-sell\" data-asin=\"B0BW2W32G1\">\n\n\t<div class=\"WooZone-cross-sell-loader\">\n\t\t<div>\n\t\t\t<div id=\"floatingBarsG\">\n\t\t\t\t<div class=\"blockG\" id=\"rotateG_01\"><\/div>\n\t\t\t\t<div class=\"blockG\" id=\"rotateG_02\"><\/div>\n\t\t\t\t<div class=\"blockG\" id=\"rotateG_03\"><\/div>\n\t\t\t\t<div class=\"blockG\" id=\"rotateG_04\"><\/div>\n\t\t\t\t<div class=\"blockG\" id=\"rotateG_05\"><\/div>\n\t\t\t\t<div class=\"blockG\" id=\"rotateG_06\"><\/div>\n\t\t\t\t<div class=\"blockG\" id=\"rotateG_07\"><\/div>\n\t\t\t\t<div class=\"blockG\" id=\"rotateG_08\"><\/div>\n\t\t\t<\/div>\n\t\t\t<div class=\"WooZone-cross-sell-loader-text\"><\/div>\n\t\t<\/div>\n\t<\/div>\n\n\t\t\n<\/div>\n<div style=\"clear:both;\"><\/div><\/p>\n","protected":false},"excerpt":{"rendered":"<p>Lichterketten f\u00fcr den Au\u00dfenbereich &#8212; Insgesamt 7m\/23ft lang, 32 B\u00fcndel 0.8m\/2.6ft lange Lichterketten f\u00fcr den Hintergrund. 15,6 cm\/6,1 zoll Abstand zwischen Tropfen. Hergestellt aus strapazierf\u00e4higem PVC- und Kupfermaterial mit 256 brillanten, hellen LEDs, zum Dekorieren von Innenh\u00f6fen, Fenstern, W\u00e4nden, Traufen und Z\u00e4unen, perfekt f\u00fcr Indoor Outdoor Partys \/ Feiertage \/ Festivals \/ Weihnachtsdekorationen.<br \/>\nSolarbetriebene LED Lichterketten &#8212; Ausgestattet mit einer verbesserten Version des Solarpanels mit eingebautem wiederaufladbarem 1200-mAh-Akku. Nach einer Aufladung von 6 Stunden bei direkter Sonneneinstrahlung k\u00f6nnen die Lichterketten etwa 20-40 Stunden arbeiten. Mit diesem verbesserten Solarpanel ist die Lichterkette heller als andere, die mit einem gew\u00f6hnlichen Solarpanel betrieben werden.<br \/>\n8 Modi und Speicherfunktion &#8212; Diese Solar-Lichterkette verf\u00fcgt \u00fcber 8 verschiedene Beleuchtungsmodi, einschlie\u00dflich Kombination, in Wellen, sequentiell, langsames Leuchten, jagender Blitz, langsames Verblassen, Funkeln, Dauerlicht, die unterschiedliche Atmosph\u00e4ren f\u00fcr Ihr Leben schaffen k\u00f6nnen. Eingebauter Speicherchip, der sich automatisch an die letzte Einstellung erinnert, Sie m\u00fcssen ihn nicht zur\u00fccksetzen.<\/p>\n","protected":false},"featured_media":200030,"comment_status":"open","ping_status":"closed","template":"","meta":[],"product_brand":[],"product_cat":[2108,15624],"product_tag":[],"class_list":{"0":"post-200029","1":"product","2":"type-product","3":"status-publish","4":"has-post-thumbnail","6":"product_cat-beleuchtung","7":"product_cat-weihnachtsbeleuchtung","8":"pa_brand-jimacro","9":"pa_manufacturer-jimacro","11":"first","12":"instock","13":"shipping-taxable","14":"product-type-simple","15":"customify-col","16":"product-has-gallery"},"yoast_head":"<!-- This site is optimized with the Yoast SEO plugin v27.4 - https:\/\/yoast.com\/product\/yoast-seo-wordpress\/ -->\n<title>JIMACRO Solar LED String Lichter, 32pcsx0.8M 256 LED Lichtvorhang Weihnachtsbeleuchtung Au\u00dfen, 7M Wasserdichte Lichterketten, 8 Modi LED Wasserdichte Lichterkette Au\u00dfen f\u00fcr die Wandtraufe Dekoration - Markt-XXL<\/title>\n<meta name=\"description\" content=\"Markt-XXL JIMACRO Solar LED String Lichter, 32pcsx0.8M 256 LED Lichtvorhang Weihnachtsbeleuchtung Au\u00dfen, 7M Wasserdichte Lichterketten, 8 Modi LED Wasserdichte Lichterkette Au\u00dfen f\u00fcr die Wandtraufe Dekoration\" \/>\n<meta name=\"robots\" content=\"index, follow, max-snippet:-1, max-image-preview:large, max-video-preview:-1\" \/>\n<link rel=\"canonical\" href=\"https:\/\/marktxxl.de\/markt\/produkt\/jimacro-solar-led-string-lichter-32pcsx0-8m-256-led-lichtvorhang-weihnachtsbeleuchtung-aussen-7m-wasserdichte-lichterketten-8-modi-led-wasserdichte-lichterkette-aussen-fuer-die-wandtraufe-dekoratio\/\" \/>\n<meta property=\"og:locale\" content=\"de_DE\" \/>\n<meta property=\"og:type\" content=\"article\" \/>\n<meta property=\"og:title\" content=\"JIMACRO Solar LED String Lichter, 32pcsx0.8M 256 LED Lichtvorhang Weihnachtsbeleuchtung Au\u00dfen, 7M Wasserdichte Lichterketten, 8 Modi LED Wasserdichte Lichterkette Au\u00dfen f\u00fcr die Wandtraufe Dekoration - Markt-XXL\" \/>\n<meta property=\"og:description\" content=\"Markt-XXL JIMACRO Solar LED String Lichter, 32pcsx0.8M 256 LED Lichtvorhang Weihnachtsbeleuchtung Au\u00dfen, 7M Wasserdichte Lichterketten, 8 Modi LED Wasserdichte Lichterkette Au\u00dfen f\u00fcr die Wandtraufe Dekoration\" \/>\n<meta property=\"og:url\" content=\"https:\/\/marktxxl.de\/markt\/produkt\/jimacro-solar-led-string-lichter-32pcsx0-8m-256-led-lichtvorhang-weihnachtsbeleuchtung-aussen-7m-wasserdichte-lichterketten-8-modi-led-wasserdichte-lichterkette-aussen-fuer-die-wandtraufe-dekoratio\/\" \/>\n<meta property=\"og:site_name\" content=\"Markt-XXL\" \/>\n<meta name=\"twitter:card\" content=\"summary_large_image\" \/>\n<meta name=\"twitter:label1\" content=\"Gesch\u00e4tzte Lesezeit\" \/>\n\t<meta name=\"twitter:data1\" content=\"1\u00a0Minute\" \/>\n<script type=\"application\/ld+json\" class=\"yoast-schema-graph\">{\"@context\":\"https:\\\/\\\/schema.org\",\"@graph\":[{\"@type\":\"WebPage\",\"@id\":\"https:\\\/\\\/marktxxl.de\\\/markt\\\/produkt\\\/jimacro-solar-led-string-lichter-32pcsx0-8m-256-led-lichtvorhang-weihnachtsbeleuchtung-aussen-7m-wasserdichte-lichterketten-8-modi-led-wasserdichte-lichterkette-aussen-fuer-die-wandtraufe-dekoratio\\\/\",\"url\":\"https:\\\/\\\/marktxxl.de\\\/markt\\\/produkt\\\/jimacro-solar-led-string-lichter-32pcsx0-8m-256-led-lichtvorhang-weihnachtsbeleuchtung-aussen-7m-wasserdichte-lichterketten-8-modi-led-wasserdichte-lichterkette-aussen-fuer-die-wandtraufe-dekoratio\\\/\",\"name\":\"JIMACRO Solar LED String Lichter, 32pcsx0.8M 256 LED Lichtvorhang Weihnachtsbeleuchtung Au\u00dfen, 7M Wasserdichte Lichterketten, 8 Modi LED Wasserdichte Lichterkette Au\u00dfen f\u00fcr die Wandtraufe Dekoration - Markt-XXL\",\"isPartOf\":{\"@id\":\"https:\\\/\\\/marktxxl.de\\\/markt\\\/#website\"},\"primaryImageOfPage\":{\"@id\":\"https:\\\/\\\/marktxxl.de\\\/markt\\\/produkt\\\/jimacro-solar-led-string-lichter-32pcsx0-8m-256-led-lichtvorhang-weihnachtsbeleuchtung-aussen-7m-wasserdichte-lichterketten-8-modi-led-wasserdichte-lichterkette-aussen-fuer-die-wandtraufe-dekoratio\\\/#primaryimage\"},\"image\":{\"@id\":\"https:\\\/\\\/marktxxl.de\\\/markt\\\/produkt\\\/jimacro-solar-led-string-lichter-32pcsx0-8m-256-led-lichtvorhang-weihnachtsbeleuchtung-aussen-7m-wasserdichte-lichterketten-8-modi-led-wasserdichte-lichterkette-aussen-fuer-die-wandtraufe-dekoratio\\\/#primaryimage\"},\"thumbnailUrl\":\"https:\\\/\\\/m.media-amazon.com\\\/images\\\/I\\\/61uy5PKK2jL._SL500_.jpg\",\"datePublished\":\"2023-04-10T06:28:49+00:00\",\"description\":\"Markt-XXL JIMACRO Solar LED String Lichter, 32pcsx0.8M 256 LED Lichtvorhang Weihnachtsbeleuchtung Au\u00dfen, 7M Wasserdichte Lichterketten, 8 Modi LED Wasserdichte Lichterkette Au\u00dfen f\u00fcr die Wandtraufe Dekoration\",\"breadcrumb\":{\"@id\":\"https:\\\/\\\/marktxxl.de\\\/markt\\\/produkt\\\/jimacro-solar-led-string-lichter-32pcsx0-8m-256-led-lichtvorhang-weihnachtsbeleuchtung-aussen-7m-wasserdichte-lichterketten-8-modi-led-wasserdichte-lichterkette-aussen-fuer-die-wandtraufe-dekoratio\\\/#breadcrumb\"},\"inLanguage\":\"de\",\"potentialAction\":[{\"@type\":\"ReadAction\",\"target\":[\"https:\\\/\\\/marktxxl.de\\\/markt\\\/produkt\\\/jimacro-solar-led-string-lichter-32pcsx0-8m-256-led-lichtvorhang-weihnachtsbeleuchtung-aussen-7m-wasserdichte-lichterketten-8-modi-led-wasserdichte-lichterkette-aussen-fuer-die-wandtraufe-dekoratio\\\/\"]}]},{\"@type\":\"ImageObject\",\"inLanguage\":\"de\",\"@id\":\"https:\\\/\\\/marktxxl.de\\\/markt\\\/produkt\\\/jimacro-solar-led-string-lichter-32pcsx0-8m-256-led-lichtvorhang-weihnachtsbeleuchtung-aussen-7m-wasserdichte-lichterketten-8-modi-led-wasserdichte-lichterkette-aussen-fuer-die-wandtraufe-dekoratio\\\/#primaryimage\",\"url\":\"https:\\\/\\\/m.media-amazon.com\\\/images\\\/I\\\/61uy5PKK2jL._SL500_.jpg\",\"contentUrl\":\"https:\\\/\\\/m.media-amazon.com\\\/images\\\/I\\\/61uy5PKK2jL._SL500_.jpg\",\"width\":500,\"height\":500},{\"@type\":\"BreadcrumbList\",\"@id\":\"https:\\\/\\\/marktxxl.de\\\/markt\\\/produkt\\\/jimacro-solar-led-string-lichter-32pcsx0-8m-256-led-lichtvorhang-weihnachtsbeleuchtung-aussen-7m-wasserdichte-lichterketten-8-modi-led-wasserdichte-lichterkette-aussen-fuer-die-wandtraufe-dekoratio\\\/#breadcrumb\",\"itemListElement\":[{\"@type\":\"ListItem\",\"position\":1,\"name\":\"Startseite\",\"item\":\"https:\\\/\\\/marktxxl.de\\\/markt\\\/\"},{\"@type\":\"ListItem\",\"position\":2,\"name\":\"Markt\",\"item\":\"https:\\\/\\\/marktxxl.de\\\/markt\\\/\"},{\"@type\":\"ListItem\",\"position\":3,\"name\":\"JIMACRO Solar LED String Lichter, 32pcsx0.8M 256 LED Lichtvorhang Weihnachtsbeleuchtung Au\u00dfen, 7M Wasserdichte Lichterketten, 8 Modi LED Wasserdichte Lichterkette Au\u00dfen f\u00fcr die Wandtraufe Dekoration\"}]},{\"@type\":\"WebSite\",\"@id\":\"https:\\\/\\\/marktxxl.de\\\/markt\\\/#website\",\"url\":\"https:\\\/\\\/marktxxl.de\\\/markt\\\/\",\"name\":\"Markt-XXL\",\"description\":\"Ihr Markt Online\",\"publisher\":{\"@id\":\"https:\\\/\\\/marktxxl.de\\\/markt\\\/#organization\"},\"potentialAction\":[{\"@type\":\"SearchAction\",\"target\":{\"@type\":\"EntryPoint\",\"urlTemplate\":\"https:\\\/\\\/marktxxl.de\\\/markt\\\/?s={search_term_string}\"},\"query-input\":{\"@type\":\"PropertyValueSpecification\",\"valueRequired\":true,\"valueName\":\"search_term_string\"}}],\"inLanguage\":\"de\"},{\"@type\":\"Organization\",\"@id\":\"https:\\\/\\\/marktxxl.de\\\/markt\\\/#organization\",\"name\":\"Markt-XXL\",\"url\":\"https:\\\/\\\/marktxxl.de\\\/markt\\\/\",\"logo\":{\"@type\":\"ImageObject\",\"inLanguage\":\"de\",\"@id\":\"https:\\\/\\\/marktxxl.de\\\/markt\\\/#\\\/schema\\\/logo\\\/image\\\/\",\"url\":\"https:\\\/\\\/marktxxl.de\\\/markt\\\/wp-content\\\/uploads\\\/sites\\\/3\\\/2020\\\/12\\\/logo.png\",\"contentUrl\":\"https:\\\/\\\/marktxxl.de\\\/markt\\\/wp-content\\\/uploads\\\/sites\\\/3\\\/2020\\\/12\\\/logo.png\",\"width\":200,\"height\":70,\"caption\":\"Markt-XXL\"},\"image\":{\"@id\":\"https:\\\/\\\/marktxxl.de\\\/markt\\\/#\\\/schema\\\/logo\\\/image\\\/\"}}]}<\/script>\n<!-- \/ Yoast SEO plugin. -->","yoast_head_json":{"title":"JIMACRO Solar LED String Lichter, 32pcsx0.8M 256 LED Lichtvorhang Weihnachtsbeleuchtung Au\u00dfen, 7M Wasserdichte Lichterketten, 8 Modi LED Wasserdichte Lichterkette Au\u00dfen f\u00fcr die Wandtraufe Dekoration - Markt-XXL","description":"Markt-XXL JIMACRO Solar LED String Lichter, 32pcsx0.8M 256 LED Lichtvorhang Weihnachtsbeleuchtung Au\u00dfen, 7M Wasserdichte Lichterketten, 8 Modi LED Wasserdichte Lichterkette Au\u00dfen f\u00fcr die Wandtraufe Dekoration","robots":{"index":"index","follow":"follow","max-snippet":"max-snippet:-1","max-image-preview":"max-image-preview:large","max-video-preview":"max-video-preview:-1"},"canonical":"https:\/\/marktxxl.de\/markt\/produkt\/jimacro-solar-led-string-lichter-32pcsx0-8m-256-led-lichtvorhang-weihnachtsbeleuchtung-aussen-7m-wasserdichte-lichterketten-8-modi-led-wasserdichte-lichterkette-aussen-fuer-die-wandtraufe-dekoratio\/","og_locale":"de_DE","og_type":"article","og_title":"JIMACRO Solar LED String Lichter, 32pcsx0.8M 256 LED Lichtvorhang Weihnachtsbeleuchtung Au\u00dfen, 7M Wasserdichte Lichterketten, 8 Modi LED Wasserdichte Lichterkette Au\u00dfen f\u00fcr die Wandtraufe Dekoration - Markt-XXL","og_description":"Markt-XXL JIMACRO Solar LED String Lichter, 32pcsx0.8M 256 LED Lichtvorhang Weihnachtsbeleuchtung Au\u00dfen, 7M Wasserdichte Lichterketten, 8 Modi LED Wasserdichte Lichterkette Au\u00dfen f\u00fcr die Wandtraufe Dekoration","og_url":"https:\/\/marktxxl.de\/markt\/produkt\/jimacro-solar-led-string-lichter-32pcsx0-8m-256-led-lichtvorhang-weihnachtsbeleuchtung-aussen-7m-wasserdichte-lichterketten-8-modi-led-wasserdichte-lichterkette-aussen-fuer-die-wandtraufe-dekoratio\/","og_site_name":"Markt-XXL","twitter_card":"summary_large_image","twitter_misc":{"Gesch\u00e4tzte Lesezeit":"1\u00a0Minute"},"schema":{"@context":"https:\/\/schema.org","@graph":[{"@type":"WebPage","@id":"https:\/\/marktxxl.de\/markt\/produkt\/jimacro-solar-led-string-lichter-32pcsx0-8m-256-led-lichtvorhang-weihnachtsbeleuchtung-aussen-7m-wasserdichte-lichterketten-8-modi-led-wasserdichte-lichterkette-aussen-fuer-die-wandtraufe-dekoratio\/","url":"https:\/\/marktxxl.de\/markt\/produkt\/jimacro-solar-led-string-lichter-32pcsx0-8m-256-led-lichtvorhang-weihnachtsbeleuchtung-aussen-7m-wasserdichte-lichterketten-8-modi-led-wasserdichte-lichterkette-aussen-fuer-die-wandtraufe-dekoratio\/","name":"JIMACRO Solar LED String Lichter, 32pcsx0.8M 256 LED Lichtvorhang Weihnachtsbeleuchtung Au\u00dfen, 7M Wasserdichte Lichterketten, 8 Modi LED Wasserdichte Lichterkette Au\u00dfen f\u00fcr die Wandtraufe Dekoration - Markt-XXL","isPartOf":{"@id":"https:\/\/marktxxl.de\/markt\/#website"},"primaryImageOfPage":{"@id":"https:\/\/marktxxl.de\/markt\/produkt\/jimacro-solar-led-string-lichter-32pcsx0-8m-256-led-lichtvorhang-weihnachtsbeleuchtung-aussen-7m-wasserdichte-lichterketten-8-modi-led-wasserdichte-lichterkette-aussen-fuer-die-wandtraufe-dekoratio\/#primaryimage"},"image":{"@id":"https:\/\/marktxxl.de\/markt\/produkt\/jimacro-solar-led-string-lichter-32pcsx0-8m-256-led-lichtvorhang-weihnachtsbeleuchtung-aussen-7m-wasserdichte-lichterketten-8-modi-led-wasserdichte-lichterkette-aussen-fuer-die-wandtraufe-dekoratio\/#primaryimage"},"thumbnailUrl":"https:\/\/m.media-amazon.com\/images\/I\/61uy5PKK2jL._SL500_.jpg","datePublished":"2023-04-10T06:28:49+00:00","description":"Markt-XXL JIMACRO Solar LED String Lichter, 32pcsx0.8M 256 LED Lichtvorhang Weihnachtsbeleuchtung Au\u00dfen, 7M Wasserdichte Lichterketten, 8 Modi LED Wasserdichte Lichterkette Au\u00dfen f\u00fcr die Wandtraufe Dekoration","breadcrumb":{"@id":"https:\/\/marktxxl.de\/markt\/produkt\/jimacro-solar-led-string-lichter-32pcsx0-8m-256-led-lichtvorhang-weihnachtsbeleuchtung-aussen-7m-wasserdichte-lichterketten-8-modi-led-wasserdichte-lichterkette-aussen-fuer-die-wandtraufe-dekoratio\/#breadcrumb"},"inLanguage":"de","potentialAction":[{"@type":"ReadAction","target":["https:\/\/marktxxl.de\/markt\/produkt\/jimacro-solar-led-string-lichter-32pcsx0-8m-256-led-lichtvorhang-weihnachtsbeleuchtung-aussen-7m-wasserdichte-lichterketten-8-modi-led-wasserdichte-lichterkette-aussen-fuer-die-wandtraufe-dekoratio\/"]}]},{"@type":"ImageObject","inLanguage":"de","@id":"https:\/\/marktxxl.de\/markt\/produkt\/jimacro-solar-led-string-lichter-32pcsx0-8m-256-led-lichtvorhang-weihnachtsbeleuchtung-aussen-7m-wasserdichte-lichterketten-8-modi-led-wasserdichte-lichterkette-aussen-fuer-die-wandtraufe-dekoratio\/#primaryimage","url":"https:\/\/m.media-amazon.com\/images\/I\/61uy5PKK2jL._SL500_.jpg","contentUrl":"https:\/\/m.media-amazon.com\/images\/I\/61uy5PKK2jL._SL500_.jpg","width":500,"height":500},{"@type":"BreadcrumbList","@id":"https:\/\/marktxxl.de\/markt\/produkt\/jimacro-solar-led-string-lichter-32pcsx0-8m-256-led-lichtvorhang-weihnachtsbeleuchtung-aussen-7m-wasserdichte-lichterketten-8-modi-led-wasserdichte-lichterkette-aussen-fuer-die-wandtraufe-dekoratio\/#breadcrumb","itemListElement":[{"@type":"ListItem","position":1,"name":"Startseite","item":"https:\/\/marktxxl.de\/markt\/"},{"@type":"ListItem","position":2,"name":"Markt","item":"https:\/\/marktxxl.de\/markt\/"},{"@type":"ListItem","position":3,"name":"JIMACRO Solar LED String Lichter, 32pcsx0.8M 256 LED Lichtvorhang Weihnachtsbeleuchtung Au\u00dfen, 7M Wasserdichte Lichterketten, 8 Modi LED Wasserdichte Lichterkette Au\u00dfen f\u00fcr die Wandtraufe Dekoration"}]},{"@type":"WebSite","@id":"https:\/\/marktxxl.de\/markt\/#website","url":"https:\/\/marktxxl.de\/markt\/","name":"Markt-XXL","description":"Ihr Markt Online","publisher":{"@id":"https:\/\/marktxxl.de\/markt\/#organization"},"potentialAction":[{"@type":"SearchAction","target":{"@type":"EntryPoint","urlTemplate":"https:\/\/marktxxl.de\/markt\/?s={search_term_string}"},"query-input":{"@type":"PropertyValueSpecification","valueRequired":true,"valueName":"search_term_string"}}],"inLanguage":"de"},{"@type":"Organization","@id":"https:\/\/marktxxl.de\/markt\/#organization","name":"Markt-XXL","url":"https:\/\/marktxxl.de\/markt\/","logo":{"@type":"ImageObject","inLanguage":"de","@id":"https:\/\/marktxxl.de\/markt\/#\/schema\/logo\/image\/","url":"https:\/\/marktxxl.de\/markt\/wp-content\/uploads\/sites\/3\/2020\/12\/logo.png","contentUrl":"https:\/\/marktxxl.de\/markt\/wp-content\/uploads\/sites\/3\/2020\/12\/logo.png","width":200,"height":70,"caption":"Markt-XXL"},"image":{"@id":"https:\/\/marktxxl.de\/markt\/#\/schema\/logo\/image\/"}}]}},"_links":{"self":[{"href":"https:\/\/marktxxl.de\/markt\/wp-json\/wp\/v2\/product\/200029","targetHints":{"allow":["GET"]}}],"collection":[{"href":"https:\/\/marktxxl.de\/markt\/wp-json\/wp\/v2\/product"}],"about":[{"href":"https:\/\/marktxxl.de\/markt\/wp-json\/wp\/v2\/types\/product"}],"replies":[{"embeddable":true,"href":"https:\/\/marktxxl.de\/markt\/wp-json\/wp\/v2\/comments?post=200029"}],"wp:featuredmedia":[{"embeddable":true,"href":"https:\/\/marktxxl.de\/markt\/wp-json\/wp\/v2\/media\/200030"}],"wp:attachment":[{"href":"https:\/\/marktxxl.de\/markt\/wp-json\/wp\/v2\/media?parent=200029"}],"wp:term":[{"taxonomy":"product_brand","embeddable":true,"href":"https:\/\/marktxxl.de\/markt\/wp-json\/wp\/v2\/product_brand?post=200029"},{"taxonomy":"product_cat","embeddable":true,"href":"https:\/\/marktxxl.de\/markt\/wp-json\/wp\/v2\/product_cat?post=200029"},{"taxonomy":"product_tag","embeddable":true,"href":"https:\/\/marktxxl.de\/markt\/wp-json\/wp\/v2\/product_tag?post=200029"}],"curies":[{"name":"wp","href":"https:\/\/api.w.org\/{rel}","templated":true}]}}