{"id":199987,"date":"2023-04-10T08:26:24","date_gmt":"2023-04-10T06:26:24","guid":{"rendered":"https:\/\/marktxxl.de\/markt\/produkt\/smilingtown-led-lichterkette-batteriebetrieben-sternenklare-lichterkette-15-stueck-22-m-20-leds-gluehwuermchen-mini-lichterkette-silberfarben-kupferdraht-wasserdicht-fuer-hochzeit-hallowee\/"},"modified":"2023-04-10T08:26:24","modified_gmt":"2023-04-10T06:26:24","slug":"smilingtown-led-lichterkette-batteriebetrieben-sternenklare-lichterkette-15-stueck-22-m-20-leds-gluehwuermchen-mini-lichterkette-silberfarben-kupferdraht-wasserdicht-fuer-hochzeit-hallowee","status":"publish","type":"product","link":"https:\/\/marktxxl.de\/markt\/produkt\/smilingtown-led-lichterkette-batteriebetrieben-sternenklare-lichterkette-15-stueck-22-m-20-leds-gluehwuermchen-mini-lichterkette-silberfarben-kupferdraht-wasserdicht-fuer-hochzeit-hallowee\/","title":{"rendered":"SmilingTown LED-Lichterkette, batteriebetrieben, sternenklare Lichterkette, 15 St\u00fcck, 2,2 m, 20 LEDs, Gl\u00fchw\u00fcrmchen-Mini-Lichterkette, silberfarben, Kupferdraht, wasserdicht, f\u00fcr Hochzeit, Halloween, Weihnachten, Party, Tischdekoration, Dekoration"},"content":{"rendered":"<p>Klassische 15er-Packung Silberdraht-Lichterkette \u2013 das Paket kommt mit 15 silberfarbenen LED-Lichterketten aus flexiblen Kupferdr\u00e4hten. 2,2 m lang, 20 helle LEDs pro Strang mit 10,2 cm Abstand zwischen 2 LED-Leuchten, etwa 20,3 cm zwischen der ersten LED zum Batterieteil.<br \/>\nSichere Lichterkette \u2013 alle hellen Lichterketten sind sicher zu ber\u00fchren und die LED-Lichter und der Draht werden nicht erhitzt. Die sternenklare Lichterkette kann sicher mit Pflanzen, Spielzeug, Modellen, Geschenken usw. verwendet werden. Schalten Sie einfach die Lichter ein und genie\u00dfen Sie diese erstaunliche blendende Lichterkette.<br \/>\nFlexibler und wasserdichter Draht \u2013 2,2 m extra d\u00fcnne Schnur mit 20 LED-Sternlichtern. Flexibler, d\u00fcnner, aber stabiler Draht der Lichterkette kann leicht geformt werden, vielseitig f\u00fcr viele Bastelprojekte mit romantischen Effekten. Die Feenschnur funktioniert im Wasser (au\u00dfer Batterieteil).<br \/>\nGenie\u00dfen Sie Spa\u00df f\u00fcr viele Anl\u00e4sse \u2013 der d\u00fcnne, silberfarbene Draht ist nicht bemerkbar wie golden, und das kompakte Batterieteil ist leicht zu verstecken. Die Lichterkette ist einfach in Ihre Projekte zu integrieren, geeignet f\u00fcr Party, Hochzeit, Grill, Camping, Halloween, Weihnachten, Innen- und Au\u00dfenbeleuchtung, Dekoration usw. Es ist ein gutes Geschenk f\u00fcr Ihre Freunde und Familien an Feiertagen.<br \/>\nBatteriebetrieben, keine Stecker \u2013 2 CR2032-Batterien sind f\u00fcr jede sternenklare Lichterkette enthalten, und die Batterien sollten 24\u201348 Stunden arbeiten, aber die Akkulaufzeit h\u00e4ngt von vielen Faktoren ab. Batterien m\u00fcssen ersetzt werden, wenn die Lichter schwach werden. Silde the ON\/OFF switch on the battery part to control the lights.<br \/>\n<div class=\"main-cross-sell\" data-asin=\"B08D8R3M1N\">\n\n\t<div class=\"WooZone-cross-sell-loader\">\n\t\t<div>\n\t\t\t<div id=\"floatingBarsG\">\n\t\t\t\t<div class=\"blockG\" id=\"rotateG_01\"><\/div>\n\t\t\t\t<div class=\"blockG\" id=\"rotateG_02\"><\/div>\n\t\t\t\t<div class=\"blockG\" id=\"rotateG_03\"><\/div>\n\t\t\t\t<div class=\"blockG\" id=\"rotateG_04\"><\/div>\n\t\t\t\t<div class=\"blockG\" id=\"rotateG_05\"><\/div>\n\t\t\t\t<div class=\"blockG\" id=\"rotateG_06\"><\/div>\n\t\t\t\t<div class=\"blockG\" id=\"rotateG_07\"><\/div>\n\t\t\t\t<div class=\"blockG\" id=\"rotateG_08\"><\/div>\n\t\t\t<\/div>\n\t\t\t<div class=\"WooZone-cross-sell-loader-text\"><\/div>\n\t\t<\/div>\n\t<\/div>\n\n\t\t\n<\/div>\n<div style=\"clear:both;\"><\/div><\/p>\n","protected":false},"excerpt":{"rendered":"<p>Klassische 15er-Packung Silberdraht-Lichterkette \u2013 das Paket kommt mit 15 silberfarbenen LED-Lichterketten aus flexiblen Kupferdr\u00e4hten. 2,2 m lang, 20 helle LEDs pro Strang mit 10,2 cm Abstand zwischen 2 LED-Leuchten, etwa 20,3 cm zwischen der ersten LED zum Batterieteil.<br \/>\nSichere Lichterkette \u2013 alle hellen Lichterketten sind sicher zu ber\u00fchren und die LED-Lichter und der Draht werden nicht erhitzt. Die sternenklare Lichterkette kann sicher mit Pflanzen, Spielzeug, Modellen, Geschenken usw. verwendet werden. Schalten Sie einfach die Lichter ein und genie\u00dfen Sie diese erstaunliche blendende Lichterkette.<br \/>\nFlexibler und wasserdichter Draht \u2013 2,2 m extra d\u00fcnne Schnur mit 20 LED-Sternlichtern. Flexibler, d\u00fcnner, aber stabiler Draht der Lichterkette kann leicht geformt werden, vielseitig f\u00fcr viele Bastelprojekte mit romantischen Effekten. Die Feenschnur funktioniert im Wasser (au\u00dfer Batterieteil).<\/p>\n","protected":false},"featured_media":199988,"comment_status":"open","ping_status":"closed","template":"","meta":[],"product_brand":[],"product_cat":[2108,15624],"product_tag":[],"class_list":{"0":"post-199987","1":"product","2":"type-product","3":"status-publish","4":"has-post-thumbnail","6":"product_cat-beleuchtung","7":"product_cat-weihnachtsbeleuchtung","8":"pa_binding-haushaltswaren","9":"pa_brand-smilingtown","10":"pa_manufacturer-smilingtown","12":"first","13":"instock","14":"shipping-taxable","15":"product-type-simple","16":"customify-col","17":"product-has-gallery"},"yoast_head":"<!-- This site is optimized with the Yoast SEO plugin v27.4 - https:\/\/yoast.com\/product\/yoast-seo-wordpress\/ -->\n<title>SmilingTown LED-Lichterkette, batteriebetrieben, sternenklare Lichterkette, 15 St\u00fcck, 2,2 m, 20 LEDs, Gl\u00fchw\u00fcrmchen-Mini-Lichterkette, silberfarben, Kupferdraht, wasserdicht, f\u00fcr Hochzeit, Halloween, Weihnachten, Party, Tischdekoration, Dekoration - Markt-XXL<\/title>\n<meta name=\"description\" content=\"Markt-XXL SmilingTown LED-Lichterkette, batteriebetrieben, sternenklare Lichterkette, 15 St\u00fcck, 2,2 m, 20 LEDs, Gl\u00fchw\u00fcrmchen-Mini-Lichterkette, silberfarben, Kupferdraht, wasserdicht, f\u00fcr Hochzeit, Halloween, Weihnachten, Party, Tischdekoration, Dekoration\" \/>\n<meta name=\"robots\" content=\"index, follow, max-snippet:-1, max-image-preview:large, max-video-preview:-1\" \/>\n<link rel=\"canonical\" href=\"https:\/\/marktxxl.de\/markt\/produkt\/smilingtown-led-lichterkette-batteriebetrieben-sternenklare-lichterkette-15-stueck-22-m-20-leds-gluehwuermchen-mini-lichterkette-silberfarben-kupferdraht-wasserdicht-fuer-hochzeit-hallowee\/\" \/>\n<meta property=\"og:locale\" content=\"de_DE\" \/>\n<meta property=\"og:type\" content=\"article\" \/>\n<meta property=\"og:title\" content=\"SmilingTown LED-Lichterkette, batteriebetrieben, sternenklare Lichterkette, 15 St\u00fcck, 2,2 m, 20 LEDs, Gl\u00fchw\u00fcrmchen-Mini-Lichterkette, silberfarben, Kupferdraht, wasserdicht, f\u00fcr Hochzeit, Halloween, Weihnachten, Party, Tischdekoration, Dekoration - Markt-XXL\" \/>\n<meta property=\"og:description\" content=\"Markt-XXL SmilingTown LED-Lichterkette, batteriebetrieben, sternenklare Lichterkette, 15 St\u00fcck, 2,2 m, 20 LEDs, Gl\u00fchw\u00fcrmchen-Mini-Lichterkette, silberfarben, Kupferdraht, wasserdicht, f\u00fcr Hochzeit, Halloween, Weihnachten, Party, Tischdekoration, Dekoration\" \/>\n<meta property=\"og:url\" content=\"https:\/\/marktxxl.de\/markt\/produkt\/smilingtown-led-lichterkette-batteriebetrieben-sternenklare-lichterkette-15-stueck-22-m-20-leds-gluehwuermchen-mini-lichterkette-silberfarben-kupferdraht-wasserdicht-fuer-hochzeit-hallowee\/\" \/>\n<meta property=\"og:site_name\" content=\"Markt-XXL\" \/>\n<meta name=\"twitter:card\" content=\"summary_large_image\" \/>\n<meta name=\"twitter:label1\" content=\"Gesch\u00e4tzte Lesezeit\" \/>\n\t<meta name=\"twitter:data1\" content=\"1\u00a0Minute\" \/>\n<script type=\"application\/ld+json\" class=\"yoast-schema-graph\">{\"@context\":\"https:\\\/\\\/schema.org\",\"@graph\":[{\"@type\":\"WebPage\",\"@id\":\"https:\\\/\\\/marktxxl.de\\\/markt\\\/produkt\\\/smilingtown-led-lichterkette-batteriebetrieben-sternenklare-lichterkette-15-stueck-22-m-20-leds-gluehwuermchen-mini-lichterkette-silberfarben-kupferdraht-wasserdicht-fuer-hochzeit-hallowee\\\/\",\"url\":\"https:\\\/\\\/marktxxl.de\\\/markt\\\/produkt\\\/smilingtown-led-lichterkette-batteriebetrieben-sternenklare-lichterkette-15-stueck-22-m-20-leds-gluehwuermchen-mini-lichterkette-silberfarben-kupferdraht-wasserdicht-fuer-hochzeit-hallowee\\\/\",\"name\":\"SmilingTown LED-Lichterkette, batteriebetrieben, sternenklare Lichterkette, 15 St\u00fcck, 2,2 m, 20 LEDs, Gl\u00fchw\u00fcrmchen-Mini-Lichterkette, silberfarben, Kupferdraht, wasserdicht, f\u00fcr Hochzeit, Halloween, Weihnachten, Party, Tischdekoration, Dekoration - Markt-XXL\",\"isPartOf\":{\"@id\":\"https:\\\/\\\/marktxxl.de\\\/markt\\\/#website\"},\"primaryImageOfPage\":{\"@id\":\"https:\\\/\\\/marktxxl.de\\\/markt\\\/produkt\\\/smilingtown-led-lichterkette-batteriebetrieben-sternenklare-lichterkette-15-stueck-22-m-20-leds-gluehwuermchen-mini-lichterkette-silberfarben-kupferdraht-wasserdicht-fuer-hochzeit-hallowee\\\/#primaryimage\"},\"image\":{\"@id\":\"https:\\\/\\\/marktxxl.de\\\/markt\\\/produkt\\\/smilingtown-led-lichterkette-batteriebetrieben-sternenklare-lichterkette-15-stueck-22-m-20-leds-gluehwuermchen-mini-lichterkette-silberfarben-kupferdraht-wasserdicht-fuer-hochzeit-hallowee\\\/#primaryimage\"},\"thumbnailUrl\":\"https:\\\/\\\/m.media-amazon.com\\\/images\\\/I\\\/61jz3gZPJhL._SL500_.jpg\",\"datePublished\":\"2023-04-10T06:26:24+00:00\",\"description\":\"Markt-XXL SmilingTown LED-Lichterkette, batteriebetrieben, sternenklare Lichterkette, 15 St\u00fcck, 2,2 m, 20 LEDs, Gl\u00fchw\u00fcrmchen-Mini-Lichterkette, silberfarben, Kupferdraht, wasserdicht, f\u00fcr Hochzeit, Halloween, Weihnachten, Party, Tischdekoration, Dekoration\",\"breadcrumb\":{\"@id\":\"https:\\\/\\\/marktxxl.de\\\/markt\\\/produkt\\\/smilingtown-led-lichterkette-batteriebetrieben-sternenklare-lichterkette-15-stueck-22-m-20-leds-gluehwuermchen-mini-lichterkette-silberfarben-kupferdraht-wasserdicht-fuer-hochzeit-hallowee\\\/#breadcrumb\"},\"inLanguage\":\"de\",\"potentialAction\":[{\"@type\":\"ReadAction\",\"target\":[\"https:\\\/\\\/marktxxl.de\\\/markt\\\/produkt\\\/smilingtown-led-lichterkette-batteriebetrieben-sternenklare-lichterkette-15-stueck-22-m-20-leds-gluehwuermchen-mini-lichterkette-silberfarben-kupferdraht-wasserdicht-fuer-hochzeit-hallowee\\\/\"]}]},{\"@type\":\"ImageObject\",\"inLanguage\":\"de\",\"@id\":\"https:\\\/\\\/marktxxl.de\\\/markt\\\/produkt\\\/smilingtown-led-lichterkette-batteriebetrieben-sternenklare-lichterkette-15-stueck-22-m-20-leds-gluehwuermchen-mini-lichterkette-silberfarben-kupferdraht-wasserdicht-fuer-hochzeit-hallowee\\\/#primaryimage\",\"url\":\"https:\\\/\\\/m.media-amazon.com\\\/images\\\/I\\\/61jz3gZPJhL._SL500_.jpg\",\"contentUrl\":\"https:\\\/\\\/m.media-amazon.com\\\/images\\\/I\\\/61jz3gZPJhL._SL500_.jpg\",\"width\":500,\"height\":500},{\"@type\":\"BreadcrumbList\",\"@id\":\"https:\\\/\\\/marktxxl.de\\\/markt\\\/produkt\\\/smilingtown-led-lichterkette-batteriebetrieben-sternenklare-lichterkette-15-stueck-22-m-20-leds-gluehwuermchen-mini-lichterkette-silberfarben-kupferdraht-wasserdicht-fuer-hochzeit-hallowee\\\/#breadcrumb\",\"itemListElement\":[{\"@type\":\"ListItem\",\"position\":1,\"name\":\"Startseite\",\"item\":\"https:\\\/\\\/marktxxl.de\\\/markt\\\/\"},{\"@type\":\"ListItem\",\"position\":2,\"name\":\"Markt\",\"item\":\"https:\\\/\\\/marktxxl.de\\\/markt\\\/\"},{\"@type\":\"ListItem\",\"position\":3,\"name\":\"SmilingTown LED-Lichterkette, batteriebetrieben, sternenklare Lichterkette, 15 St\u00fcck, 2,2 m, 20 LEDs, Gl\u00fchw\u00fcrmchen-Mini-Lichterkette, silberfarben, Kupferdraht, wasserdicht, f\u00fcr Hochzeit, Halloween, Weihnachten, Party, Tischdekoration, Dekoration\"}]},{\"@type\":\"WebSite\",\"@id\":\"https:\\\/\\\/marktxxl.de\\\/markt\\\/#website\",\"url\":\"https:\\\/\\\/marktxxl.de\\\/markt\\\/\",\"name\":\"Markt-XXL\",\"description\":\"Ihr Markt Online\",\"publisher\":{\"@id\":\"https:\\\/\\\/marktxxl.de\\\/markt\\\/#organization\"},\"potentialAction\":[{\"@type\":\"SearchAction\",\"target\":{\"@type\":\"EntryPoint\",\"urlTemplate\":\"https:\\\/\\\/marktxxl.de\\\/markt\\\/?s={search_term_string}\"},\"query-input\":{\"@type\":\"PropertyValueSpecification\",\"valueRequired\":true,\"valueName\":\"search_term_string\"}}],\"inLanguage\":\"de\"},{\"@type\":\"Organization\",\"@id\":\"https:\\\/\\\/marktxxl.de\\\/markt\\\/#organization\",\"name\":\"Markt-XXL\",\"url\":\"https:\\\/\\\/marktxxl.de\\\/markt\\\/\",\"logo\":{\"@type\":\"ImageObject\",\"inLanguage\":\"de\",\"@id\":\"https:\\\/\\\/marktxxl.de\\\/markt\\\/#\\\/schema\\\/logo\\\/image\\\/\",\"url\":\"https:\\\/\\\/marktxxl.de\\\/markt\\\/wp-content\\\/uploads\\\/sites\\\/3\\\/2020\\\/12\\\/logo.png\",\"contentUrl\":\"https:\\\/\\\/marktxxl.de\\\/markt\\\/wp-content\\\/uploads\\\/sites\\\/3\\\/2020\\\/12\\\/logo.png\",\"width\":200,\"height\":70,\"caption\":\"Markt-XXL\"},\"image\":{\"@id\":\"https:\\\/\\\/marktxxl.de\\\/markt\\\/#\\\/schema\\\/logo\\\/image\\\/\"}}]}<\/script>\n<!-- \/ Yoast SEO plugin. -->","yoast_head_json":{"title":"SmilingTown LED-Lichterkette, batteriebetrieben, sternenklare Lichterkette, 15 St\u00fcck, 2,2 m, 20 LEDs, Gl\u00fchw\u00fcrmchen-Mini-Lichterkette, silberfarben, Kupferdraht, wasserdicht, f\u00fcr Hochzeit, Halloween, Weihnachten, Party, Tischdekoration, Dekoration - Markt-XXL","description":"Markt-XXL SmilingTown LED-Lichterkette, batteriebetrieben, sternenklare Lichterkette, 15 St\u00fcck, 2,2 m, 20 LEDs, Gl\u00fchw\u00fcrmchen-Mini-Lichterkette, silberfarben, Kupferdraht, wasserdicht, f\u00fcr Hochzeit, Halloween, Weihnachten, Party, Tischdekoration, Dekoration","robots":{"index":"index","follow":"follow","max-snippet":"max-snippet:-1","max-image-preview":"max-image-preview:large","max-video-preview":"max-video-preview:-1"},"canonical":"https:\/\/marktxxl.de\/markt\/produkt\/smilingtown-led-lichterkette-batteriebetrieben-sternenklare-lichterkette-15-stueck-22-m-20-leds-gluehwuermchen-mini-lichterkette-silberfarben-kupferdraht-wasserdicht-fuer-hochzeit-hallowee\/","og_locale":"de_DE","og_type":"article","og_title":"SmilingTown LED-Lichterkette, batteriebetrieben, sternenklare Lichterkette, 15 St\u00fcck, 2,2 m, 20 LEDs, Gl\u00fchw\u00fcrmchen-Mini-Lichterkette, silberfarben, Kupferdraht, wasserdicht, f\u00fcr Hochzeit, Halloween, Weihnachten, Party, Tischdekoration, Dekoration - Markt-XXL","og_description":"Markt-XXL SmilingTown LED-Lichterkette, batteriebetrieben, sternenklare Lichterkette, 15 St\u00fcck, 2,2 m, 20 LEDs, Gl\u00fchw\u00fcrmchen-Mini-Lichterkette, silberfarben, Kupferdraht, wasserdicht, f\u00fcr Hochzeit, Halloween, Weihnachten, Party, Tischdekoration, Dekoration","og_url":"https:\/\/marktxxl.de\/markt\/produkt\/smilingtown-led-lichterkette-batteriebetrieben-sternenklare-lichterkette-15-stueck-22-m-20-leds-gluehwuermchen-mini-lichterkette-silberfarben-kupferdraht-wasserdicht-fuer-hochzeit-hallowee\/","og_site_name":"Markt-XXL","twitter_card":"summary_large_image","twitter_misc":{"Gesch\u00e4tzte Lesezeit":"1\u00a0Minute"},"schema":{"@context":"https:\/\/schema.org","@graph":[{"@type":"WebPage","@id":"https:\/\/marktxxl.de\/markt\/produkt\/smilingtown-led-lichterkette-batteriebetrieben-sternenklare-lichterkette-15-stueck-22-m-20-leds-gluehwuermchen-mini-lichterkette-silberfarben-kupferdraht-wasserdicht-fuer-hochzeit-hallowee\/","url":"https:\/\/marktxxl.de\/markt\/produkt\/smilingtown-led-lichterkette-batteriebetrieben-sternenklare-lichterkette-15-stueck-22-m-20-leds-gluehwuermchen-mini-lichterkette-silberfarben-kupferdraht-wasserdicht-fuer-hochzeit-hallowee\/","name":"SmilingTown LED-Lichterkette, batteriebetrieben, sternenklare Lichterkette, 15 St\u00fcck, 2,2 m, 20 LEDs, Gl\u00fchw\u00fcrmchen-Mini-Lichterkette, silberfarben, Kupferdraht, wasserdicht, f\u00fcr Hochzeit, Halloween, Weihnachten, Party, Tischdekoration, Dekoration - Markt-XXL","isPartOf":{"@id":"https:\/\/marktxxl.de\/markt\/#website"},"primaryImageOfPage":{"@id":"https:\/\/marktxxl.de\/markt\/produkt\/smilingtown-led-lichterkette-batteriebetrieben-sternenklare-lichterkette-15-stueck-22-m-20-leds-gluehwuermchen-mini-lichterkette-silberfarben-kupferdraht-wasserdicht-fuer-hochzeit-hallowee\/#primaryimage"},"image":{"@id":"https:\/\/marktxxl.de\/markt\/produkt\/smilingtown-led-lichterkette-batteriebetrieben-sternenklare-lichterkette-15-stueck-22-m-20-leds-gluehwuermchen-mini-lichterkette-silberfarben-kupferdraht-wasserdicht-fuer-hochzeit-hallowee\/#primaryimage"},"thumbnailUrl":"https:\/\/m.media-amazon.com\/images\/I\/61jz3gZPJhL._SL500_.jpg","datePublished":"2023-04-10T06:26:24+00:00","description":"Markt-XXL SmilingTown LED-Lichterkette, batteriebetrieben, sternenklare Lichterkette, 15 St\u00fcck, 2,2 m, 20 LEDs, Gl\u00fchw\u00fcrmchen-Mini-Lichterkette, silberfarben, Kupferdraht, wasserdicht, f\u00fcr Hochzeit, Halloween, Weihnachten, Party, Tischdekoration, Dekoration","breadcrumb":{"@id":"https:\/\/marktxxl.de\/markt\/produkt\/smilingtown-led-lichterkette-batteriebetrieben-sternenklare-lichterkette-15-stueck-22-m-20-leds-gluehwuermchen-mini-lichterkette-silberfarben-kupferdraht-wasserdicht-fuer-hochzeit-hallowee\/#breadcrumb"},"inLanguage":"de","potentialAction":[{"@type":"ReadAction","target":["https:\/\/marktxxl.de\/markt\/produkt\/smilingtown-led-lichterkette-batteriebetrieben-sternenklare-lichterkette-15-stueck-22-m-20-leds-gluehwuermchen-mini-lichterkette-silberfarben-kupferdraht-wasserdicht-fuer-hochzeit-hallowee\/"]}]},{"@type":"ImageObject","inLanguage":"de","@id":"https:\/\/marktxxl.de\/markt\/produkt\/smilingtown-led-lichterkette-batteriebetrieben-sternenklare-lichterkette-15-stueck-22-m-20-leds-gluehwuermchen-mini-lichterkette-silberfarben-kupferdraht-wasserdicht-fuer-hochzeit-hallowee\/#primaryimage","url":"https:\/\/m.media-amazon.com\/images\/I\/61jz3gZPJhL._SL500_.jpg","contentUrl":"https:\/\/m.media-amazon.com\/images\/I\/61jz3gZPJhL._SL500_.jpg","width":500,"height":500},{"@type":"BreadcrumbList","@id":"https:\/\/marktxxl.de\/markt\/produkt\/smilingtown-led-lichterkette-batteriebetrieben-sternenklare-lichterkette-15-stueck-22-m-20-leds-gluehwuermchen-mini-lichterkette-silberfarben-kupferdraht-wasserdicht-fuer-hochzeit-hallowee\/#breadcrumb","itemListElement":[{"@type":"ListItem","position":1,"name":"Startseite","item":"https:\/\/marktxxl.de\/markt\/"},{"@type":"ListItem","position":2,"name":"Markt","item":"https:\/\/marktxxl.de\/markt\/"},{"@type":"ListItem","position":3,"name":"SmilingTown LED-Lichterkette, batteriebetrieben, sternenklare Lichterkette, 15 St\u00fcck, 2,2 m, 20 LEDs, Gl\u00fchw\u00fcrmchen-Mini-Lichterkette, silberfarben, Kupferdraht, wasserdicht, f\u00fcr Hochzeit, Halloween, Weihnachten, Party, Tischdekoration, Dekoration"}]},{"@type":"WebSite","@id":"https:\/\/marktxxl.de\/markt\/#website","url":"https:\/\/marktxxl.de\/markt\/","name":"Markt-XXL","description":"Ihr Markt Online","publisher":{"@id":"https:\/\/marktxxl.de\/markt\/#organization"},"potentialAction":[{"@type":"SearchAction","target":{"@type":"EntryPoint","urlTemplate":"https:\/\/marktxxl.de\/markt\/?s={search_term_string}"},"query-input":{"@type":"PropertyValueSpecification","valueRequired":true,"valueName":"search_term_string"}}],"inLanguage":"de"},{"@type":"Organization","@id":"https:\/\/marktxxl.de\/markt\/#organization","name":"Markt-XXL","url":"https:\/\/marktxxl.de\/markt\/","logo":{"@type":"ImageObject","inLanguage":"de","@id":"https:\/\/marktxxl.de\/markt\/#\/schema\/logo\/image\/","url":"https:\/\/marktxxl.de\/markt\/wp-content\/uploads\/sites\/3\/2020\/12\/logo.png","contentUrl":"https:\/\/marktxxl.de\/markt\/wp-content\/uploads\/sites\/3\/2020\/12\/logo.png","width":200,"height":70,"caption":"Markt-XXL"},"image":{"@id":"https:\/\/marktxxl.de\/markt\/#\/schema\/logo\/image\/"}}]}},"_links":{"self":[{"href":"https:\/\/marktxxl.de\/markt\/wp-json\/wp\/v2\/product\/199987","targetHints":{"allow":["GET"]}}],"collection":[{"href":"https:\/\/marktxxl.de\/markt\/wp-json\/wp\/v2\/product"}],"about":[{"href":"https:\/\/marktxxl.de\/markt\/wp-json\/wp\/v2\/types\/product"}],"replies":[{"embeddable":true,"href":"https:\/\/marktxxl.de\/markt\/wp-json\/wp\/v2\/comments?post=199987"}],"wp:featuredmedia":[{"embeddable":true,"href":"https:\/\/marktxxl.de\/markt\/wp-json\/wp\/v2\/media\/199988"}],"wp:attachment":[{"href":"https:\/\/marktxxl.de\/markt\/wp-json\/wp\/v2\/media?parent=199987"}],"wp:term":[{"taxonomy":"product_brand","embeddable":true,"href":"https:\/\/marktxxl.de\/markt\/wp-json\/wp\/v2\/product_brand?post=199987"},{"taxonomy":"product_cat","embeddable":true,"href":"https:\/\/marktxxl.de\/markt\/wp-json\/wp\/v2\/product_cat?post=199987"},{"taxonomy":"product_tag","embeddable":true,"href":"https:\/\/marktxxl.de\/markt\/wp-json\/wp\/v2\/product_tag?post=199987"}],"curies":[{"name":"wp","href":"https:\/\/api.w.org\/{rel}","templated":true}]}}