{"id":199906,"date":"2023-04-10T08:04:38","date_gmt":"2023-04-10T06:04:38","guid":{"rendered":"https:\/\/marktxxl.de\/markt\/produkt\/lechpro-solar-lichterkette-aussen-50-led-7m-outdoor-string-lichter-wasserdichte-8-modi-innen-aussengarten-innenhof-hof-haus-party-hochzeit-festival-dekoration-warmweiss\/"},"modified":"2023-04-10T08:04:38","modified_gmt":"2023-04-10T06:04:38","slug":"lechpro-solar-lichterkette-aussen-50-led-7m-outdoor-string-lichter-wasserdichte-8-modi-innen-aussengarten-innenhof-hof-haus-party-hochzeit-festival-dekoration-warmweiss","status":"publish","type":"product","link":"https:\/\/marktxxl.de\/markt\/produkt\/lechpro-solar-lichterkette-aussen-50-led-7m-outdoor-string-lichter-wasserdichte-8-modi-innen-aussengarten-innenhof-hof-haus-party-hochzeit-festival-dekoration-warmweiss\/","title":{"rendered":"LECHPRO Solar Lichterkette Aussen &#8211; 50 LED 7M Outdoor String Lichter Wasserdichte 8-Modi Innen-\/Au\u00dfengarten, Innenhof, Hof, Haus, Party, Hochzeit, Festival Dekoration (Warmwei\u00df)"},"content":{"rendered":"<p>\u3010EXZELLENTER ONLINE KUNDENSERVICE\u3011 LECHPRO Solar Lichterketten k\u00f6nnen bis zu 20,000 Stunden dauern. Wir bem\u00fchen uns, Ihnen das beste Produkt und den besten Kundendienst anzubieten. Wenn Sie irgendwelche Probleme mit unserem Solar Lichterkette haben, bieten wir neuer Ersatz oder Erstattung. Nutzen Sie bitte direkt Online Kundenservice, und Sie werden alle Probleme l\u00f6sen!<br \/>\n\u3010MULTIFUNKTIONALE 8 BELEUCHTUNGS MODI\u30118 Beleuchtungs modi mit speicher funktion k\u00f6nnen alle Ihre anforderungen an unterschiedliche leuchten erf\u00fcllen, sch\u00f6ne und brillante beleuchtungsmodi enthalten kombination, gl\u00fchw\u00fcrmchen blinken, verblassen, wellen, jagen, langsam verblassen, blinken und stetig an.<br \/>\n\u3010SOLARBETRIEBE LICHTERKETTEN\u3011 Unsere Solar Lichterketten sind energiesparend und wiederaufladbare Solarzellen mit h\u00f6heren Energieumwandlungsrate sind umweltfreundlich! Mit dem verbesserten Solarpanel kann Sonnenlicht effizient absorbiert und in elektrische Energie umgewandelt werden. Sie werden an sonnigem Tag f\u00fcr ca. 6 Stunden aufgel\u00e4dt und in der Nacht f\u00fcr kontinuierlich \u00fcber 12 Stunden Licht genie\u00dft.<br \/>\n\u3010INTELLIGENTE STEUERUNG &amp; WASSERDICHT\u3011 Automatisches Einschalten bei Dunkelheit und Ausschalten bei Sonnenaufgang, automatisches Aufladen w\u00e4hrend des Tages. Unsere Solar Lichterketten sind mit einer wasserdichten Funktion ausgestattet, und sie k\u00f6nnen wie gewohnt an regnerischen Tagen arbeiten. Mit IP65 Wasserdichtung k\u00f6nnen Sie Ihre Hause und Zimmer ganz einfach dekorieren.<br \/>\n\u3010PREMIUME QUALIT\u00c4T\u3011 LECHPRO bestehen aus einem speziellen ABS Material. Es ist feuerfest, schlagfest, langlebig und sicher. Mit einer hohen Akkukapazit\u00e4t, die viel h\u00f6her als andere Lichterketten ist, muss diese Lichtketten tags\u00fcber nur einfach aufladen und k\u00f6nnen nachts lange ohne Unterbrechung arbeiten.<br \/>\n<div class=\"main-cross-sell\" data-asin=\"B0BL6M3PBY\">\n\n\t<div class=\"WooZone-cross-sell-loader\">\n\t\t<div>\n\t\t\t<div id=\"floatingBarsG\">\n\t\t\t\t<div class=\"blockG\" id=\"rotateG_01\"><\/div>\n\t\t\t\t<div class=\"blockG\" id=\"rotateG_02\"><\/div>\n\t\t\t\t<div class=\"blockG\" id=\"rotateG_03\"><\/div>\n\t\t\t\t<div class=\"blockG\" id=\"rotateG_04\"><\/div>\n\t\t\t\t<div class=\"blockG\" id=\"rotateG_05\"><\/div>\n\t\t\t\t<div class=\"blockG\" id=\"rotateG_06\"><\/div>\n\t\t\t\t<div class=\"blockG\" id=\"rotateG_07\"><\/div>\n\t\t\t\t<div class=\"blockG\" id=\"rotateG_08\"><\/div>\n\t\t\t<\/div>\n\t\t\t<div class=\"WooZone-cross-sell-loader-text\"><\/div>\n\t\t<\/div>\n\t<\/div>\n\n\t\t\n<\/div>\n<div style=\"clear:both;\"><\/div><\/p>\n","protected":false},"excerpt":{"rendered":"<p>\u3010EXZELLENTER ONLINE KUNDENSERVICE\u3011 LECHPRO Solar Lichterketten k\u00f6nnen bis zu 20,000 Stunden dauern. Wir bem\u00fchen uns, Ihnen das beste Produkt und den besten Kundendienst anzubieten. Wenn Sie irgendwelche Probleme mit unserem Solar Lichterkette haben, bieten wir neuer Ersatz oder Erstattung. Nutzen Sie bitte direkt Online Kundenservice, und Sie werden alle Probleme l\u00f6sen!<br \/>\n\u3010MULTIFUNKTIONALE 8 BELEUCHTUNGS MODI\u30118 Beleuchtungs modi mit speicher funktion k\u00f6nnen alle Ihre anforderungen an unterschiedliche leuchten erf\u00fcllen, sch\u00f6ne und brillante beleuchtungsmodi enthalten kombination, gl\u00fchw\u00fcrmchen blinken, verblassen, wellen, jagen, langsam verblassen, blinken und stetig an.<br \/>\n\u3010SOLARBETRIEBE LICHTERKETTEN\u3011 Unsere Solar Lichterketten sind energiesparend und wiederaufladbare Solarzellen mit h\u00f6heren Energieumwandlungsrate sind umweltfreundlich! Mit dem verbesserten Solarpanel kann Sonnenlicht effizient absorbiert und in elektrische Energie umgewandelt werden. Sie werden an sonnigem Tag f\u00fcr ca. 6 Stunden aufgel\u00e4dt und in der Nacht f\u00fcr kontinuierlich \u00fcber 12 Stunden Licht genie\u00dft.<\/p>\n","protected":false},"featured_media":199907,"comment_status":"open","ping_status":"closed","template":"","meta":[],"product_brand":[],"product_cat":[2108,15622],"product_tag":[],"class_list":{"0":"post-199906","1":"product","2":"type-product","3":"status-publish","4":"has-post-thumbnail","6":"product_cat-beleuchtung","7":"product_cat-lichterketten","8":"pa_brand-lechpro","9":"pa_length-3-millimeter","10":"pa_manufacturer-lechpro","11":"pa_model-25199","12":"pa_model-lechpro","13":"pa_warranty-3-jahre-garantie-garantie-muss-unser-offizielles-whatsapp-und-twitter-kontaktieren","14":"pa_weight-0-00110231131-pfund","16":"first","17":"instock","18":"shipping-taxable","19":"purchasable","20":"product-type-simple","21":"customify-col","22":"product-has-gallery"},"yoast_head":"<!-- This site is optimized with the Yoast SEO plugin v27.4 - https:\/\/yoast.com\/product\/yoast-seo-wordpress\/ -->\n<title>LECHPRO Solar Lichterkette Aussen - 50 LED 7M Outdoor String Lichter Wasserdichte 8-Modi Innen-\/Au\u00dfengarten, Innenhof, Hof, Haus, Party, Hochzeit, Festival Dekoration (Warmwei\u00df) - Markt-XXL<\/title>\n<meta name=\"description\" content=\"Markt-XXL LECHPRO Solar Lichterkette Aussen - 50 LED 7M Outdoor String Lichter Wasserdichte 8-Modi Innen-\/Au\u00dfengarten, Innenhof, Hof, Haus, Party, Hochzeit, Festival Dekoration (Warmwei\u00df)\" \/>\n<meta name=\"robots\" content=\"index, follow, max-snippet:-1, max-image-preview:large, max-video-preview:-1\" \/>\n<link rel=\"canonical\" href=\"https:\/\/marktxxl.de\/markt\/produkt\/lechpro-solar-lichterkette-aussen-50-led-7m-outdoor-string-lichter-wasserdichte-8-modi-innen-aussengarten-innenhof-hof-haus-party-hochzeit-festival-dekoration-warmweiss\/\" \/>\n<meta property=\"og:locale\" content=\"de_DE\" \/>\n<meta property=\"og:type\" content=\"article\" \/>\n<meta property=\"og:title\" content=\"LECHPRO Solar Lichterkette Aussen - 50 LED 7M Outdoor String Lichter Wasserdichte 8-Modi Innen-\/Au\u00dfengarten, Innenhof, Hof, Haus, Party, Hochzeit, Festival Dekoration (Warmwei\u00df) - Markt-XXL\" \/>\n<meta property=\"og:description\" content=\"Markt-XXL LECHPRO Solar Lichterkette Aussen - 50 LED 7M Outdoor String Lichter Wasserdichte 8-Modi Innen-\/Au\u00dfengarten, Innenhof, Hof, Haus, Party, Hochzeit, Festival Dekoration (Warmwei\u00df)\" \/>\n<meta property=\"og:url\" content=\"https:\/\/marktxxl.de\/markt\/produkt\/lechpro-solar-lichterkette-aussen-50-led-7m-outdoor-string-lichter-wasserdichte-8-modi-innen-aussengarten-innenhof-hof-haus-party-hochzeit-festival-dekoration-warmweiss\/\" \/>\n<meta property=\"og:site_name\" content=\"Markt-XXL\" \/>\n<meta name=\"twitter:card\" content=\"summary_large_image\" \/>\n<meta name=\"twitter:label1\" content=\"Gesch\u00e4tzte Lesezeit\" \/>\n\t<meta name=\"twitter:data1\" content=\"1\u00a0Minute\" \/>\n<script type=\"application\/ld+json\" class=\"yoast-schema-graph\">{\"@context\":\"https:\\\/\\\/schema.org\",\"@graph\":[{\"@type\":\"WebPage\",\"@id\":\"https:\\\/\\\/marktxxl.de\\\/markt\\\/produkt\\\/lechpro-solar-lichterkette-aussen-50-led-7m-outdoor-string-lichter-wasserdichte-8-modi-innen-aussengarten-innenhof-hof-haus-party-hochzeit-festival-dekoration-warmweiss\\\/\",\"url\":\"https:\\\/\\\/marktxxl.de\\\/markt\\\/produkt\\\/lechpro-solar-lichterkette-aussen-50-led-7m-outdoor-string-lichter-wasserdichte-8-modi-innen-aussengarten-innenhof-hof-haus-party-hochzeit-festival-dekoration-warmweiss\\\/\",\"name\":\"LECHPRO Solar Lichterkette Aussen - 50 LED 7M Outdoor String Lichter Wasserdichte 8-Modi Innen-\\\/Au\u00dfengarten, Innenhof, Hof, Haus, Party, Hochzeit, Festival Dekoration (Warmwei\u00df) - Markt-XXL\",\"isPartOf\":{\"@id\":\"https:\\\/\\\/marktxxl.de\\\/markt\\\/#website\"},\"primaryImageOfPage\":{\"@id\":\"https:\\\/\\\/marktxxl.de\\\/markt\\\/produkt\\\/lechpro-solar-lichterkette-aussen-50-led-7m-outdoor-string-lichter-wasserdichte-8-modi-innen-aussengarten-innenhof-hof-haus-party-hochzeit-festival-dekoration-warmweiss\\\/#primaryimage\"},\"image\":{\"@id\":\"https:\\\/\\\/marktxxl.de\\\/markt\\\/produkt\\\/lechpro-solar-lichterkette-aussen-50-led-7m-outdoor-string-lichter-wasserdichte-8-modi-innen-aussengarten-innenhof-hof-haus-party-hochzeit-festival-dekoration-warmweiss\\\/#primaryimage\"},\"thumbnailUrl\":\"https:\\\/\\\/m.media-amazon.com\\\/images\\\/I\\\/51+f3VvZnuL._SL500_.jpg\",\"datePublished\":\"2023-04-10T06:04:38+00:00\",\"description\":\"Markt-XXL LECHPRO Solar Lichterkette Aussen - 50 LED 7M Outdoor String Lichter Wasserdichte 8-Modi Innen-\\\/Au\u00dfengarten, Innenhof, Hof, Haus, Party, Hochzeit, Festival Dekoration (Warmwei\u00df)\",\"breadcrumb\":{\"@id\":\"https:\\\/\\\/marktxxl.de\\\/markt\\\/produkt\\\/lechpro-solar-lichterkette-aussen-50-led-7m-outdoor-string-lichter-wasserdichte-8-modi-innen-aussengarten-innenhof-hof-haus-party-hochzeit-festival-dekoration-warmweiss\\\/#breadcrumb\"},\"inLanguage\":\"de\",\"potentialAction\":[{\"@type\":\"ReadAction\",\"target\":[\"https:\\\/\\\/marktxxl.de\\\/markt\\\/produkt\\\/lechpro-solar-lichterkette-aussen-50-led-7m-outdoor-string-lichter-wasserdichte-8-modi-innen-aussengarten-innenhof-hof-haus-party-hochzeit-festival-dekoration-warmweiss\\\/\"]}]},{\"@type\":\"ImageObject\",\"inLanguage\":\"de\",\"@id\":\"https:\\\/\\\/marktxxl.de\\\/markt\\\/produkt\\\/lechpro-solar-lichterkette-aussen-50-led-7m-outdoor-string-lichter-wasserdichte-8-modi-innen-aussengarten-innenhof-hof-haus-party-hochzeit-festival-dekoration-warmweiss\\\/#primaryimage\",\"url\":\"https:\\\/\\\/m.media-amazon.com\\\/images\\\/I\\\/51+f3VvZnuL._SL500_.jpg\",\"contentUrl\":\"https:\\\/\\\/m.media-amazon.com\\\/images\\\/I\\\/51+f3VvZnuL._SL500_.jpg\",\"width\":500,\"height\":500},{\"@type\":\"BreadcrumbList\",\"@id\":\"https:\\\/\\\/marktxxl.de\\\/markt\\\/produkt\\\/lechpro-solar-lichterkette-aussen-50-led-7m-outdoor-string-lichter-wasserdichte-8-modi-innen-aussengarten-innenhof-hof-haus-party-hochzeit-festival-dekoration-warmweiss\\\/#breadcrumb\",\"itemListElement\":[{\"@type\":\"ListItem\",\"position\":1,\"name\":\"Startseite\",\"item\":\"https:\\\/\\\/marktxxl.de\\\/markt\\\/\"},{\"@type\":\"ListItem\",\"position\":2,\"name\":\"Markt\",\"item\":\"https:\\\/\\\/marktxxl.de\\\/markt\\\/\"},{\"@type\":\"ListItem\",\"position\":3,\"name\":\"LECHPRO Solar Lichterkette Aussen &#8211; 50 LED 7M Outdoor String Lichter Wasserdichte 8-Modi Innen-\\\/Au\u00dfengarten, Innenhof, Hof, Haus, Party, Hochzeit, Festival Dekoration (Warmwei\u00df)\"}]},{\"@type\":\"WebSite\",\"@id\":\"https:\\\/\\\/marktxxl.de\\\/markt\\\/#website\",\"url\":\"https:\\\/\\\/marktxxl.de\\\/markt\\\/\",\"name\":\"Markt-XXL\",\"description\":\"Ihr Markt Online\",\"publisher\":{\"@id\":\"https:\\\/\\\/marktxxl.de\\\/markt\\\/#organization\"},\"potentialAction\":[{\"@type\":\"SearchAction\",\"target\":{\"@type\":\"EntryPoint\",\"urlTemplate\":\"https:\\\/\\\/marktxxl.de\\\/markt\\\/?s={search_term_string}\"},\"query-input\":{\"@type\":\"PropertyValueSpecification\",\"valueRequired\":true,\"valueName\":\"search_term_string\"}}],\"inLanguage\":\"de\"},{\"@type\":\"Organization\",\"@id\":\"https:\\\/\\\/marktxxl.de\\\/markt\\\/#organization\",\"name\":\"Markt-XXL\",\"url\":\"https:\\\/\\\/marktxxl.de\\\/markt\\\/\",\"logo\":{\"@type\":\"ImageObject\",\"inLanguage\":\"de\",\"@id\":\"https:\\\/\\\/marktxxl.de\\\/markt\\\/#\\\/schema\\\/logo\\\/image\\\/\",\"url\":\"https:\\\/\\\/marktxxl.de\\\/markt\\\/wp-content\\\/uploads\\\/sites\\\/3\\\/2020\\\/12\\\/logo.png\",\"contentUrl\":\"https:\\\/\\\/marktxxl.de\\\/markt\\\/wp-content\\\/uploads\\\/sites\\\/3\\\/2020\\\/12\\\/logo.png\",\"width\":200,\"height\":70,\"caption\":\"Markt-XXL\"},\"image\":{\"@id\":\"https:\\\/\\\/marktxxl.de\\\/markt\\\/#\\\/schema\\\/logo\\\/image\\\/\"}}]}<\/script>\n<!-- \/ Yoast SEO plugin. -->","yoast_head_json":{"title":"LECHPRO Solar Lichterkette Aussen - 50 LED 7M Outdoor String Lichter Wasserdichte 8-Modi Innen-\/Au\u00dfengarten, Innenhof, Hof, Haus, Party, Hochzeit, Festival Dekoration (Warmwei\u00df) - Markt-XXL","description":"Markt-XXL LECHPRO Solar Lichterkette Aussen - 50 LED 7M Outdoor String Lichter Wasserdichte 8-Modi Innen-\/Au\u00dfengarten, Innenhof, Hof, Haus, Party, Hochzeit, Festival Dekoration (Warmwei\u00df)","robots":{"index":"index","follow":"follow","max-snippet":"max-snippet:-1","max-image-preview":"max-image-preview:large","max-video-preview":"max-video-preview:-1"},"canonical":"https:\/\/marktxxl.de\/markt\/produkt\/lechpro-solar-lichterkette-aussen-50-led-7m-outdoor-string-lichter-wasserdichte-8-modi-innen-aussengarten-innenhof-hof-haus-party-hochzeit-festival-dekoration-warmweiss\/","og_locale":"de_DE","og_type":"article","og_title":"LECHPRO Solar Lichterkette Aussen - 50 LED 7M Outdoor String Lichter Wasserdichte 8-Modi Innen-\/Au\u00dfengarten, Innenhof, Hof, Haus, Party, Hochzeit, Festival Dekoration (Warmwei\u00df) - Markt-XXL","og_description":"Markt-XXL LECHPRO Solar Lichterkette Aussen - 50 LED 7M Outdoor String Lichter Wasserdichte 8-Modi Innen-\/Au\u00dfengarten, Innenhof, Hof, Haus, Party, Hochzeit, Festival Dekoration (Warmwei\u00df)","og_url":"https:\/\/marktxxl.de\/markt\/produkt\/lechpro-solar-lichterkette-aussen-50-led-7m-outdoor-string-lichter-wasserdichte-8-modi-innen-aussengarten-innenhof-hof-haus-party-hochzeit-festival-dekoration-warmweiss\/","og_site_name":"Markt-XXL","twitter_card":"summary_large_image","twitter_misc":{"Gesch\u00e4tzte Lesezeit":"1\u00a0Minute"},"schema":{"@context":"https:\/\/schema.org","@graph":[{"@type":"WebPage","@id":"https:\/\/marktxxl.de\/markt\/produkt\/lechpro-solar-lichterkette-aussen-50-led-7m-outdoor-string-lichter-wasserdichte-8-modi-innen-aussengarten-innenhof-hof-haus-party-hochzeit-festival-dekoration-warmweiss\/","url":"https:\/\/marktxxl.de\/markt\/produkt\/lechpro-solar-lichterkette-aussen-50-led-7m-outdoor-string-lichter-wasserdichte-8-modi-innen-aussengarten-innenhof-hof-haus-party-hochzeit-festival-dekoration-warmweiss\/","name":"LECHPRO Solar Lichterkette Aussen - 50 LED 7M Outdoor String Lichter Wasserdichte 8-Modi Innen-\/Au\u00dfengarten, Innenhof, Hof, Haus, Party, Hochzeit, Festival Dekoration (Warmwei\u00df) - Markt-XXL","isPartOf":{"@id":"https:\/\/marktxxl.de\/markt\/#website"},"primaryImageOfPage":{"@id":"https:\/\/marktxxl.de\/markt\/produkt\/lechpro-solar-lichterkette-aussen-50-led-7m-outdoor-string-lichter-wasserdichte-8-modi-innen-aussengarten-innenhof-hof-haus-party-hochzeit-festival-dekoration-warmweiss\/#primaryimage"},"image":{"@id":"https:\/\/marktxxl.de\/markt\/produkt\/lechpro-solar-lichterkette-aussen-50-led-7m-outdoor-string-lichter-wasserdichte-8-modi-innen-aussengarten-innenhof-hof-haus-party-hochzeit-festival-dekoration-warmweiss\/#primaryimage"},"thumbnailUrl":"https:\/\/m.media-amazon.com\/images\/I\/51+f3VvZnuL._SL500_.jpg","datePublished":"2023-04-10T06:04:38+00:00","description":"Markt-XXL LECHPRO Solar Lichterkette Aussen - 50 LED 7M Outdoor String Lichter Wasserdichte 8-Modi Innen-\/Au\u00dfengarten, Innenhof, Hof, Haus, Party, Hochzeit, Festival Dekoration (Warmwei\u00df)","breadcrumb":{"@id":"https:\/\/marktxxl.de\/markt\/produkt\/lechpro-solar-lichterkette-aussen-50-led-7m-outdoor-string-lichter-wasserdichte-8-modi-innen-aussengarten-innenhof-hof-haus-party-hochzeit-festival-dekoration-warmweiss\/#breadcrumb"},"inLanguage":"de","potentialAction":[{"@type":"ReadAction","target":["https:\/\/marktxxl.de\/markt\/produkt\/lechpro-solar-lichterkette-aussen-50-led-7m-outdoor-string-lichter-wasserdichte-8-modi-innen-aussengarten-innenhof-hof-haus-party-hochzeit-festival-dekoration-warmweiss\/"]}]},{"@type":"ImageObject","inLanguage":"de","@id":"https:\/\/marktxxl.de\/markt\/produkt\/lechpro-solar-lichterkette-aussen-50-led-7m-outdoor-string-lichter-wasserdichte-8-modi-innen-aussengarten-innenhof-hof-haus-party-hochzeit-festival-dekoration-warmweiss\/#primaryimage","url":"https:\/\/m.media-amazon.com\/images\/I\/51+f3VvZnuL._SL500_.jpg","contentUrl":"https:\/\/m.media-amazon.com\/images\/I\/51+f3VvZnuL._SL500_.jpg","width":500,"height":500},{"@type":"BreadcrumbList","@id":"https:\/\/marktxxl.de\/markt\/produkt\/lechpro-solar-lichterkette-aussen-50-led-7m-outdoor-string-lichter-wasserdichte-8-modi-innen-aussengarten-innenhof-hof-haus-party-hochzeit-festival-dekoration-warmweiss\/#breadcrumb","itemListElement":[{"@type":"ListItem","position":1,"name":"Startseite","item":"https:\/\/marktxxl.de\/markt\/"},{"@type":"ListItem","position":2,"name":"Markt","item":"https:\/\/marktxxl.de\/markt\/"},{"@type":"ListItem","position":3,"name":"LECHPRO Solar Lichterkette Aussen &#8211; 50 LED 7M Outdoor String Lichter Wasserdichte 8-Modi Innen-\/Au\u00dfengarten, Innenhof, Hof, Haus, Party, Hochzeit, Festival Dekoration (Warmwei\u00df)"}]},{"@type":"WebSite","@id":"https:\/\/marktxxl.de\/markt\/#website","url":"https:\/\/marktxxl.de\/markt\/","name":"Markt-XXL","description":"Ihr Markt Online","publisher":{"@id":"https:\/\/marktxxl.de\/markt\/#organization"},"potentialAction":[{"@type":"SearchAction","target":{"@type":"EntryPoint","urlTemplate":"https:\/\/marktxxl.de\/markt\/?s={search_term_string}"},"query-input":{"@type":"PropertyValueSpecification","valueRequired":true,"valueName":"search_term_string"}}],"inLanguage":"de"},{"@type":"Organization","@id":"https:\/\/marktxxl.de\/markt\/#organization","name":"Markt-XXL","url":"https:\/\/marktxxl.de\/markt\/","logo":{"@type":"ImageObject","inLanguage":"de","@id":"https:\/\/marktxxl.de\/markt\/#\/schema\/logo\/image\/","url":"https:\/\/marktxxl.de\/markt\/wp-content\/uploads\/sites\/3\/2020\/12\/logo.png","contentUrl":"https:\/\/marktxxl.de\/markt\/wp-content\/uploads\/sites\/3\/2020\/12\/logo.png","width":200,"height":70,"caption":"Markt-XXL"},"image":{"@id":"https:\/\/marktxxl.de\/markt\/#\/schema\/logo\/image\/"}}]}},"_links":{"self":[{"href":"https:\/\/marktxxl.de\/markt\/wp-json\/wp\/v2\/product\/199906","targetHints":{"allow":["GET"]}}],"collection":[{"href":"https:\/\/marktxxl.de\/markt\/wp-json\/wp\/v2\/product"}],"about":[{"href":"https:\/\/marktxxl.de\/markt\/wp-json\/wp\/v2\/types\/product"}],"replies":[{"embeddable":true,"href":"https:\/\/marktxxl.de\/markt\/wp-json\/wp\/v2\/comments?post=199906"}],"wp:featuredmedia":[{"embeddable":true,"href":"https:\/\/marktxxl.de\/markt\/wp-json\/wp\/v2\/media\/199907"}],"wp:attachment":[{"href":"https:\/\/marktxxl.de\/markt\/wp-json\/wp\/v2\/media?parent=199906"}],"wp:term":[{"taxonomy":"product_brand","embeddable":true,"href":"https:\/\/marktxxl.de\/markt\/wp-json\/wp\/v2\/product_brand?post=199906"},{"taxonomy":"product_cat","embeddable":true,"href":"https:\/\/marktxxl.de\/markt\/wp-json\/wp\/v2\/product_cat?post=199906"},{"taxonomy":"product_tag","embeddable":true,"href":"https:\/\/marktxxl.de\/markt\/wp-json\/wp\/v2\/product_tag?post=199906"}],"curies":[{"name":"wp","href":"https:\/\/api.w.org\/{rel}","templated":true}]}}