{"id":199747,"date":"2023-04-10T07:17:42","date_gmt":"2023-04-10T05:17:42","guid":{"rendered":"https:\/\/marktxxl.de\/markt\/produkt\/gritin-leselampe-buch-klemme-usb-c-wiederaufladbare-buchlampe-mit-16-leds-3-farbtemperatur-modi-weiss-bernstein-gemischt-stufenlose-helligkeit-klemmlampe-360-flexibel-fuer-nachtlesen-ins-b\/"},"modified":"2023-04-10T07:17:42","modified_gmt":"2023-04-10T05:17:42","slug":"gritin-leselampe-buch-klemme-usb-c-wiederaufladbare-buchlampe-mit-16-leds-3-farbtemperatur-modi-weiss-bernstein-gemischt-stufenlose-helligkeit-klemmlampe-360-flexibel-fuer-nachtlesen-ins-b","status":"publish","type":"product","link":"https:\/\/marktxxl.de\/markt\/produkt\/gritin-leselampe-buch-klemme-usb-c-wiederaufladbare-buchlampe-mit-16-leds-3-farbtemperatur-modi-weiss-bernstein-gemischt-stufenlose-helligkeit-klemmlampe-360-flexibel-fuer-nachtlesen-ins-b\/","title":{"rendered":"Gritin Leselampe Buch Klemme, USB C Wiederaufladbare Buchlampe mit 16 LEDs, 3 Farbtemperatur Modi (Wei\u00df\/Bernstein\/Gemischt), Stufenlose Helligkeit Klemmlampe, 360\u00b0 Flexibel f\u00fcr Nachtlesen ins Bett"},"content":{"rendered":"<p>\ud83d\udca1\u3010Stufenloses Dimmen &amp; 3 Modi\u3011Die Leselampe verf\u00fcgt \u00fcber insgesamt 16 LED-Lampenperlen. 3 Farbtemperaturmodi: Wei\u00df\/Bernstein\/Gemischt, dr\u00fccken Sie einfach kurz den Schalter, um den Modus zu \u00e4ndern; Dr\u00fccken Sie lange auf die Taste, um die Helligkeit von 10 % bis 100 % einzustellen. Sie k\u00f6nnen ganz einfach die gew\u00fcnschte Kombination aus Farbtemperatur und Helligkeit erzielen, um unterschiedliche Leseumgebungen und Beleuchtungsanforderungen zu erf\u00fcllen.<br \/>\n\ud83d\udca1\u3010Augenschutz\u3011Unsere Leseleuchten verwenden professionelle LED-Lampenperlen zum Augenschutz, die Licht ohne Flackern, Schatten und Blendung abgeben. Das nat\u00fcrliche weiche Licht wird Ihre Augen und die Augen Ihres Kindes auch nach l\u00e4ngerem Gebrauch nicht belasten, w\u00e4hrend Sie die Lesezeit in vollen Z\u00fcgen genie\u00dfen k\u00f6nnen, ohne den Schlaf Ihres Partners oder Mitbewohners zu st\u00f6ren.<br \/>\n\ud83d\udca1\u3010Wiederaufladbarer 1000-mAh-Akku\u3011Der eingebaute 1000-mAh-Akku bietet 6 Stunden Dauerbetrieb bei hoher Helligkeit und unterst\u00fctzt bis zu 80 Stunden Beleuchtung bei niedrigster Helligkeit. 4 LED-Anzeigen helfen Ihnen, den aktuellen Batteriestatus zu bestimmen. Vollst\u00e4ndiges Aufladen in nur 2 Stunden mit dem mitgelieferten Typ-C-Kabel f\u00fcr maximalen Komfort auf Reisen oder bei der Arbeit.<br \/>\n\ud83d\udca1\u3010360\u00b0 Flexibler Hals &amp; Stabiler Clip\u3011Der Schwanenhals ist aus hochwertigem Silikonrohr gefertigt und kann flexibel um 360\u00b0 gedreht werden, Sie k\u00f6nnen ihn in jedem Winkel biegen. Mit einem rutschfesten Silikonpad an der Unterseite des Clips haftet er sicher an E-Readern, B\u00fcchern und Regalen, ohne Spuren zu hinterlassen oder sich Sorgen zu machen, dass er sich bewegt.<br \/>\n\ud83d\udca1\u3010Leicht und Tragbar\u3011Kompakte Gr\u00f6\u00dfe und freies und flexibles Design machen es einfach zu tragen und einfach in einem Rucksack zu verstauen, ohne Platz zu beanspruchen. Ob Sie unterwegs oder zu Hause sind, es wird eine gro\u00dfartige Option f\u00fcr Ihre n\u00e4chtliche Lekt\u00fcre sein.<br \/>\n<div class=\"main-cross-sell\" data-asin=\"B0BGN9R72N\">\n\n\t<div class=\"WooZone-cross-sell-loader\">\n\t\t<div>\n\t\t\t<div id=\"floatingBarsG\">\n\t\t\t\t<div class=\"blockG\" id=\"rotateG_01\"><\/div>\n\t\t\t\t<div class=\"blockG\" id=\"rotateG_02\"><\/div>\n\t\t\t\t<div class=\"blockG\" id=\"rotateG_03\"><\/div>\n\t\t\t\t<div class=\"blockG\" id=\"rotateG_04\"><\/div>\n\t\t\t\t<div class=\"blockG\" id=\"rotateG_05\"><\/div>\n\t\t\t\t<div class=\"blockG\" id=\"rotateG_06\"><\/div>\n\t\t\t\t<div class=\"blockG\" id=\"rotateG_07\"><\/div>\n\t\t\t\t<div class=\"blockG\" id=\"rotateG_08\"><\/div>\n\t\t\t<\/div>\n\t\t\t<div class=\"WooZone-cross-sell-loader-text\"><\/div>\n\t\t<\/div>\n\t<\/div>\n\n\t\t\n<\/div>\n<div style=\"clear:both;\"><\/div><\/p>\n","protected":false},"excerpt":{"rendered":"<p>\ud83d\udca1\u3010Stufenloses Dimmen &amp; 3 Modi\u3011Die Leselampe verf\u00fcgt \u00fcber insgesamt 16 LED-Lampenperlen. 3 Farbtemperaturmodi: Wei\u00df\/Bernstein\/Gemischt, dr\u00fccken Sie einfach kurz den Schalter, um den Modus zu \u00e4ndern; Dr\u00fccken Sie lange auf die Taste, um die Helligkeit von 10 % bis 100 % einzustellen. Sie k\u00f6nnen ganz einfach die gew\u00fcnschte Kombination aus Farbtemperatur und Helligkeit erzielen, um unterschiedliche Leseumgebungen und Beleuchtungsanforderungen zu erf\u00fcllen.<br \/>\n\ud83d\udca1\u3010Augenschutz\u3011Unsere Leseleuchten verwenden professionelle LED-Lampenperlen zum Augenschutz, die Licht ohne Flackern, Schatten und Blendung abgeben. Das nat\u00fcrliche weiche Licht wird Ihre Augen und die Augen Ihres Kindes auch nach l\u00e4ngerem Gebrauch nicht belasten, w\u00e4hrend Sie die Lesezeit in vollen Z\u00fcgen genie\u00dfen k\u00f6nnen, ohne den Schlaf Ihres Partners oder Mitbewohners zu st\u00f6ren.<br \/>\n\ud83d\udca1\u3010Wiederaufladbarer 1000-mAh-Akku\u3011Der eingebaute 1000-mAh-Akku bietet 6 Stunden Dauerbetrieb bei hoher Helligkeit und unterst\u00fctzt bis zu 80 Stunden Beleuchtung bei niedrigster Helligkeit. 4 LED-Anzeigen helfen Ihnen, den aktuellen Batteriestatus zu bestimmen. Vollst\u00e4ndiges Aufladen in nur 2 Stunden mit dem mitgelieferten Typ-C-Kabel f\u00fcr maximalen Komfort auf Reisen oder bei der Arbeit.<\/p>\n","protected":false},"featured_media":199748,"comment_status":"open","ping_status":"closed","template":"","meta":[],"product_brand":[],"product_cat":[2108,11509],"product_tag":[],"class_list":{"0":"post-199747","1":"product","2":"type-product","3":"status-publish","4":"has-post-thumbnail","6":"product_cat-beleuchtung","7":"product_cat-innenbeleuchtung","8":"pa_brand-gritin","9":"pa_color-schwarz-16-leds","10":"pa_height-1-7716535415-zoll","11":"pa_length-3-93700787-zoll","12":"pa_manufacturer-gritin","13":"pa_model-g1331","14":"pa_size-standard","15":"pa_width-2-362204722-zoll","17":"first","18":"instock","19":"shipping-taxable","20":"purchasable","21":"product-type-simple","22":"customify-col","23":"product-has-gallery"},"yoast_head":"<!-- This site is optimized with the Yoast SEO plugin v27.4 - https:\/\/yoast.com\/product\/yoast-seo-wordpress\/ -->\n<title>Gritin Leselampe Buch Klemme, USB C Wiederaufladbare Buchlampe mit 16 LEDs, 3 Farbtemperatur Modi (Wei\u00df\/Bernstein\/Gemischt), Stufenlose Helligkeit Klemmlampe, 360\u00b0 Flexibel f\u00fcr Nachtlesen ins Bett - Markt-XXL<\/title>\n<meta name=\"description\" content=\"Markt-XXL Gritin Leselampe Buch Klemme, USB C Wiederaufladbare Buchlampe mit 16 LEDs, 3 Farbtemperatur Modi (Wei\u00df\/Bernstein\/Gemischt), Stufenlose Helligkeit Klemmlampe, 360\u00b0 Flexibel f\u00fcr Nachtlesen ins Bett\" \/>\n<meta name=\"robots\" content=\"index, follow, max-snippet:-1, max-image-preview:large, max-video-preview:-1\" \/>\n<link rel=\"canonical\" href=\"https:\/\/marktxxl.de\/markt\/produkt\/gritin-leselampe-buch-klemme-usb-c-wiederaufladbare-buchlampe-mit-16-leds-3-farbtemperatur-modi-weiss-bernstein-gemischt-stufenlose-helligkeit-klemmlampe-360-flexibel-fuer-nachtlesen-ins-b\/\" \/>\n<meta property=\"og:locale\" content=\"de_DE\" \/>\n<meta property=\"og:type\" content=\"article\" \/>\n<meta property=\"og:title\" content=\"Gritin Leselampe Buch Klemme, USB C Wiederaufladbare Buchlampe mit 16 LEDs, 3 Farbtemperatur Modi (Wei\u00df\/Bernstein\/Gemischt), Stufenlose Helligkeit Klemmlampe, 360\u00b0 Flexibel f\u00fcr Nachtlesen ins Bett - Markt-XXL\" \/>\n<meta property=\"og:description\" content=\"Markt-XXL Gritin Leselampe Buch Klemme, USB C Wiederaufladbare Buchlampe mit 16 LEDs, 3 Farbtemperatur Modi (Wei\u00df\/Bernstein\/Gemischt), Stufenlose Helligkeit Klemmlampe, 360\u00b0 Flexibel f\u00fcr Nachtlesen ins Bett\" \/>\n<meta property=\"og:url\" content=\"https:\/\/marktxxl.de\/markt\/produkt\/gritin-leselampe-buch-klemme-usb-c-wiederaufladbare-buchlampe-mit-16-leds-3-farbtemperatur-modi-weiss-bernstein-gemischt-stufenlose-helligkeit-klemmlampe-360-flexibel-fuer-nachtlesen-ins-b\/\" \/>\n<meta property=\"og:site_name\" content=\"Markt-XXL\" \/>\n<meta name=\"twitter:card\" content=\"summary_large_image\" \/>\n<meta name=\"twitter:label1\" content=\"Gesch\u00e4tzte Lesezeit\" \/>\n\t<meta name=\"twitter:data1\" content=\"1\u00a0Minute\" \/>\n<script type=\"application\/ld+json\" class=\"yoast-schema-graph\">{\"@context\":\"https:\\\/\\\/schema.org\",\"@graph\":[{\"@type\":\"WebPage\",\"@id\":\"https:\\\/\\\/marktxxl.de\\\/markt\\\/produkt\\\/gritin-leselampe-buch-klemme-usb-c-wiederaufladbare-buchlampe-mit-16-leds-3-farbtemperatur-modi-weiss-bernstein-gemischt-stufenlose-helligkeit-klemmlampe-360-flexibel-fuer-nachtlesen-ins-b\\\/\",\"url\":\"https:\\\/\\\/marktxxl.de\\\/markt\\\/produkt\\\/gritin-leselampe-buch-klemme-usb-c-wiederaufladbare-buchlampe-mit-16-leds-3-farbtemperatur-modi-weiss-bernstein-gemischt-stufenlose-helligkeit-klemmlampe-360-flexibel-fuer-nachtlesen-ins-b\\\/\",\"name\":\"Gritin Leselampe Buch Klemme, USB C Wiederaufladbare Buchlampe mit 16 LEDs, 3 Farbtemperatur Modi (Wei\u00df\\\/Bernstein\\\/Gemischt), Stufenlose Helligkeit Klemmlampe, 360\u00b0 Flexibel f\u00fcr Nachtlesen ins Bett - Markt-XXL\",\"isPartOf\":{\"@id\":\"https:\\\/\\\/marktxxl.de\\\/markt\\\/#website\"},\"primaryImageOfPage\":{\"@id\":\"https:\\\/\\\/marktxxl.de\\\/markt\\\/produkt\\\/gritin-leselampe-buch-klemme-usb-c-wiederaufladbare-buchlampe-mit-16-leds-3-farbtemperatur-modi-weiss-bernstein-gemischt-stufenlose-helligkeit-klemmlampe-360-flexibel-fuer-nachtlesen-ins-b\\\/#primaryimage\"},\"image\":{\"@id\":\"https:\\\/\\\/marktxxl.de\\\/markt\\\/produkt\\\/gritin-leselampe-buch-klemme-usb-c-wiederaufladbare-buchlampe-mit-16-leds-3-farbtemperatur-modi-weiss-bernstein-gemischt-stufenlose-helligkeit-klemmlampe-360-flexibel-fuer-nachtlesen-ins-b\\\/#primaryimage\"},\"thumbnailUrl\":\"https:\\\/\\\/m.media-amazon.com\\\/images\\\/I\\\/41939UHcyeL._SL500_.jpg\",\"datePublished\":\"2023-04-10T05:17:42+00:00\",\"description\":\"Markt-XXL Gritin Leselampe Buch Klemme, USB C Wiederaufladbare Buchlampe mit 16 LEDs, 3 Farbtemperatur Modi (Wei\u00df\\\/Bernstein\\\/Gemischt), Stufenlose Helligkeit Klemmlampe, 360\u00b0 Flexibel f\u00fcr Nachtlesen ins Bett\",\"breadcrumb\":{\"@id\":\"https:\\\/\\\/marktxxl.de\\\/markt\\\/produkt\\\/gritin-leselampe-buch-klemme-usb-c-wiederaufladbare-buchlampe-mit-16-leds-3-farbtemperatur-modi-weiss-bernstein-gemischt-stufenlose-helligkeit-klemmlampe-360-flexibel-fuer-nachtlesen-ins-b\\\/#breadcrumb\"},\"inLanguage\":\"de\",\"potentialAction\":[{\"@type\":\"ReadAction\",\"target\":[\"https:\\\/\\\/marktxxl.de\\\/markt\\\/produkt\\\/gritin-leselampe-buch-klemme-usb-c-wiederaufladbare-buchlampe-mit-16-leds-3-farbtemperatur-modi-weiss-bernstein-gemischt-stufenlose-helligkeit-klemmlampe-360-flexibel-fuer-nachtlesen-ins-b\\\/\"]}]},{\"@type\":\"ImageObject\",\"inLanguage\":\"de\",\"@id\":\"https:\\\/\\\/marktxxl.de\\\/markt\\\/produkt\\\/gritin-leselampe-buch-klemme-usb-c-wiederaufladbare-buchlampe-mit-16-leds-3-farbtemperatur-modi-weiss-bernstein-gemischt-stufenlose-helligkeit-klemmlampe-360-flexibel-fuer-nachtlesen-ins-b\\\/#primaryimage\",\"url\":\"https:\\\/\\\/m.media-amazon.com\\\/images\\\/I\\\/41939UHcyeL._SL500_.jpg\",\"contentUrl\":\"https:\\\/\\\/m.media-amazon.com\\\/images\\\/I\\\/41939UHcyeL._SL500_.jpg\",\"width\":500,\"height\":500},{\"@type\":\"BreadcrumbList\",\"@id\":\"https:\\\/\\\/marktxxl.de\\\/markt\\\/produkt\\\/gritin-leselampe-buch-klemme-usb-c-wiederaufladbare-buchlampe-mit-16-leds-3-farbtemperatur-modi-weiss-bernstein-gemischt-stufenlose-helligkeit-klemmlampe-360-flexibel-fuer-nachtlesen-ins-b\\\/#breadcrumb\",\"itemListElement\":[{\"@type\":\"ListItem\",\"position\":1,\"name\":\"Startseite\",\"item\":\"https:\\\/\\\/marktxxl.de\\\/markt\\\/\"},{\"@type\":\"ListItem\",\"position\":2,\"name\":\"Markt\",\"item\":\"https:\\\/\\\/marktxxl.de\\\/markt\\\/\"},{\"@type\":\"ListItem\",\"position\":3,\"name\":\"Gritin Leselampe Buch Klemme, USB C Wiederaufladbare Buchlampe mit 16 LEDs, 3 Farbtemperatur Modi (Wei\u00df\\\/Bernstein\\\/Gemischt), Stufenlose Helligkeit Klemmlampe, 360\u00b0 Flexibel f\u00fcr Nachtlesen ins Bett\"}]},{\"@type\":\"WebSite\",\"@id\":\"https:\\\/\\\/marktxxl.de\\\/markt\\\/#website\",\"url\":\"https:\\\/\\\/marktxxl.de\\\/markt\\\/\",\"name\":\"Markt-XXL\",\"description\":\"Ihr Markt Online\",\"publisher\":{\"@id\":\"https:\\\/\\\/marktxxl.de\\\/markt\\\/#organization\"},\"potentialAction\":[{\"@type\":\"SearchAction\",\"target\":{\"@type\":\"EntryPoint\",\"urlTemplate\":\"https:\\\/\\\/marktxxl.de\\\/markt\\\/?s={search_term_string}\"},\"query-input\":{\"@type\":\"PropertyValueSpecification\",\"valueRequired\":true,\"valueName\":\"search_term_string\"}}],\"inLanguage\":\"de\"},{\"@type\":\"Organization\",\"@id\":\"https:\\\/\\\/marktxxl.de\\\/markt\\\/#organization\",\"name\":\"Markt-XXL\",\"url\":\"https:\\\/\\\/marktxxl.de\\\/markt\\\/\",\"logo\":{\"@type\":\"ImageObject\",\"inLanguage\":\"de\",\"@id\":\"https:\\\/\\\/marktxxl.de\\\/markt\\\/#\\\/schema\\\/logo\\\/image\\\/\",\"url\":\"https:\\\/\\\/marktxxl.de\\\/markt\\\/wp-content\\\/uploads\\\/sites\\\/3\\\/2020\\\/12\\\/logo.png\",\"contentUrl\":\"https:\\\/\\\/marktxxl.de\\\/markt\\\/wp-content\\\/uploads\\\/sites\\\/3\\\/2020\\\/12\\\/logo.png\",\"width\":200,\"height\":70,\"caption\":\"Markt-XXL\"},\"image\":{\"@id\":\"https:\\\/\\\/marktxxl.de\\\/markt\\\/#\\\/schema\\\/logo\\\/image\\\/\"}}]}<\/script>\n<!-- \/ Yoast SEO plugin. -->","yoast_head_json":{"title":"Gritin Leselampe Buch Klemme, USB C Wiederaufladbare Buchlampe mit 16 LEDs, 3 Farbtemperatur Modi (Wei\u00df\/Bernstein\/Gemischt), Stufenlose Helligkeit Klemmlampe, 360\u00b0 Flexibel f\u00fcr Nachtlesen ins Bett - Markt-XXL","description":"Markt-XXL Gritin Leselampe Buch Klemme, USB C Wiederaufladbare Buchlampe mit 16 LEDs, 3 Farbtemperatur Modi (Wei\u00df\/Bernstein\/Gemischt), Stufenlose Helligkeit Klemmlampe, 360\u00b0 Flexibel f\u00fcr Nachtlesen ins Bett","robots":{"index":"index","follow":"follow","max-snippet":"max-snippet:-1","max-image-preview":"max-image-preview:large","max-video-preview":"max-video-preview:-1"},"canonical":"https:\/\/marktxxl.de\/markt\/produkt\/gritin-leselampe-buch-klemme-usb-c-wiederaufladbare-buchlampe-mit-16-leds-3-farbtemperatur-modi-weiss-bernstein-gemischt-stufenlose-helligkeit-klemmlampe-360-flexibel-fuer-nachtlesen-ins-b\/","og_locale":"de_DE","og_type":"article","og_title":"Gritin Leselampe Buch Klemme, USB C Wiederaufladbare Buchlampe mit 16 LEDs, 3 Farbtemperatur Modi (Wei\u00df\/Bernstein\/Gemischt), Stufenlose Helligkeit Klemmlampe, 360\u00b0 Flexibel f\u00fcr Nachtlesen ins Bett - Markt-XXL","og_description":"Markt-XXL Gritin Leselampe Buch Klemme, USB C Wiederaufladbare Buchlampe mit 16 LEDs, 3 Farbtemperatur Modi (Wei\u00df\/Bernstein\/Gemischt), Stufenlose Helligkeit Klemmlampe, 360\u00b0 Flexibel f\u00fcr Nachtlesen ins Bett","og_url":"https:\/\/marktxxl.de\/markt\/produkt\/gritin-leselampe-buch-klemme-usb-c-wiederaufladbare-buchlampe-mit-16-leds-3-farbtemperatur-modi-weiss-bernstein-gemischt-stufenlose-helligkeit-klemmlampe-360-flexibel-fuer-nachtlesen-ins-b\/","og_site_name":"Markt-XXL","twitter_card":"summary_large_image","twitter_misc":{"Gesch\u00e4tzte Lesezeit":"1\u00a0Minute"},"schema":{"@context":"https:\/\/schema.org","@graph":[{"@type":"WebPage","@id":"https:\/\/marktxxl.de\/markt\/produkt\/gritin-leselampe-buch-klemme-usb-c-wiederaufladbare-buchlampe-mit-16-leds-3-farbtemperatur-modi-weiss-bernstein-gemischt-stufenlose-helligkeit-klemmlampe-360-flexibel-fuer-nachtlesen-ins-b\/","url":"https:\/\/marktxxl.de\/markt\/produkt\/gritin-leselampe-buch-klemme-usb-c-wiederaufladbare-buchlampe-mit-16-leds-3-farbtemperatur-modi-weiss-bernstein-gemischt-stufenlose-helligkeit-klemmlampe-360-flexibel-fuer-nachtlesen-ins-b\/","name":"Gritin Leselampe Buch Klemme, USB C Wiederaufladbare Buchlampe mit 16 LEDs, 3 Farbtemperatur Modi (Wei\u00df\/Bernstein\/Gemischt), Stufenlose Helligkeit Klemmlampe, 360\u00b0 Flexibel f\u00fcr Nachtlesen ins Bett - Markt-XXL","isPartOf":{"@id":"https:\/\/marktxxl.de\/markt\/#website"},"primaryImageOfPage":{"@id":"https:\/\/marktxxl.de\/markt\/produkt\/gritin-leselampe-buch-klemme-usb-c-wiederaufladbare-buchlampe-mit-16-leds-3-farbtemperatur-modi-weiss-bernstein-gemischt-stufenlose-helligkeit-klemmlampe-360-flexibel-fuer-nachtlesen-ins-b\/#primaryimage"},"image":{"@id":"https:\/\/marktxxl.de\/markt\/produkt\/gritin-leselampe-buch-klemme-usb-c-wiederaufladbare-buchlampe-mit-16-leds-3-farbtemperatur-modi-weiss-bernstein-gemischt-stufenlose-helligkeit-klemmlampe-360-flexibel-fuer-nachtlesen-ins-b\/#primaryimage"},"thumbnailUrl":"https:\/\/m.media-amazon.com\/images\/I\/41939UHcyeL._SL500_.jpg","datePublished":"2023-04-10T05:17:42+00:00","description":"Markt-XXL Gritin Leselampe Buch Klemme, USB C Wiederaufladbare Buchlampe mit 16 LEDs, 3 Farbtemperatur Modi (Wei\u00df\/Bernstein\/Gemischt), Stufenlose Helligkeit Klemmlampe, 360\u00b0 Flexibel f\u00fcr Nachtlesen ins Bett","breadcrumb":{"@id":"https:\/\/marktxxl.de\/markt\/produkt\/gritin-leselampe-buch-klemme-usb-c-wiederaufladbare-buchlampe-mit-16-leds-3-farbtemperatur-modi-weiss-bernstein-gemischt-stufenlose-helligkeit-klemmlampe-360-flexibel-fuer-nachtlesen-ins-b\/#breadcrumb"},"inLanguage":"de","potentialAction":[{"@type":"ReadAction","target":["https:\/\/marktxxl.de\/markt\/produkt\/gritin-leselampe-buch-klemme-usb-c-wiederaufladbare-buchlampe-mit-16-leds-3-farbtemperatur-modi-weiss-bernstein-gemischt-stufenlose-helligkeit-klemmlampe-360-flexibel-fuer-nachtlesen-ins-b\/"]}]},{"@type":"ImageObject","inLanguage":"de","@id":"https:\/\/marktxxl.de\/markt\/produkt\/gritin-leselampe-buch-klemme-usb-c-wiederaufladbare-buchlampe-mit-16-leds-3-farbtemperatur-modi-weiss-bernstein-gemischt-stufenlose-helligkeit-klemmlampe-360-flexibel-fuer-nachtlesen-ins-b\/#primaryimage","url":"https:\/\/m.media-amazon.com\/images\/I\/41939UHcyeL._SL500_.jpg","contentUrl":"https:\/\/m.media-amazon.com\/images\/I\/41939UHcyeL._SL500_.jpg","width":500,"height":500},{"@type":"BreadcrumbList","@id":"https:\/\/marktxxl.de\/markt\/produkt\/gritin-leselampe-buch-klemme-usb-c-wiederaufladbare-buchlampe-mit-16-leds-3-farbtemperatur-modi-weiss-bernstein-gemischt-stufenlose-helligkeit-klemmlampe-360-flexibel-fuer-nachtlesen-ins-b\/#breadcrumb","itemListElement":[{"@type":"ListItem","position":1,"name":"Startseite","item":"https:\/\/marktxxl.de\/markt\/"},{"@type":"ListItem","position":2,"name":"Markt","item":"https:\/\/marktxxl.de\/markt\/"},{"@type":"ListItem","position":3,"name":"Gritin Leselampe Buch Klemme, USB C Wiederaufladbare Buchlampe mit 16 LEDs, 3 Farbtemperatur Modi (Wei\u00df\/Bernstein\/Gemischt), Stufenlose Helligkeit Klemmlampe, 360\u00b0 Flexibel f\u00fcr Nachtlesen ins Bett"}]},{"@type":"WebSite","@id":"https:\/\/marktxxl.de\/markt\/#website","url":"https:\/\/marktxxl.de\/markt\/","name":"Markt-XXL","description":"Ihr Markt Online","publisher":{"@id":"https:\/\/marktxxl.de\/markt\/#organization"},"potentialAction":[{"@type":"SearchAction","target":{"@type":"EntryPoint","urlTemplate":"https:\/\/marktxxl.de\/markt\/?s={search_term_string}"},"query-input":{"@type":"PropertyValueSpecification","valueRequired":true,"valueName":"search_term_string"}}],"inLanguage":"de"},{"@type":"Organization","@id":"https:\/\/marktxxl.de\/markt\/#organization","name":"Markt-XXL","url":"https:\/\/marktxxl.de\/markt\/","logo":{"@type":"ImageObject","inLanguage":"de","@id":"https:\/\/marktxxl.de\/markt\/#\/schema\/logo\/image\/","url":"https:\/\/marktxxl.de\/markt\/wp-content\/uploads\/sites\/3\/2020\/12\/logo.png","contentUrl":"https:\/\/marktxxl.de\/markt\/wp-content\/uploads\/sites\/3\/2020\/12\/logo.png","width":200,"height":70,"caption":"Markt-XXL"},"image":{"@id":"https:\/\/marktxxl.de\/markt\/#\/schema\/logo\/image\/"}}]}},"_links":{"self":[{"href":"https:\/\/marktxxl.de\/markt\/wp-json\/wp\/v2\/product\/199747","targetHints":{"allow":["GET"]}}],"collection":[{"href":"https:\/\/marktxxl.de\/markt\/wp-json\/wp\/v2\/product"}],"about":[{"href":"https:\/\/marktxxl.de\/markt\/wp-json\/wp\/v2\/types\/product"}],"replies":[{"embeddable":true,"href":"https:\/\/marktxxl.de\/markt\/wp-json\/wp\/v2\/comments?post=199747"}],"wp:featuredmedia":[{"embeddable":true,"href":"https:\/\/marktxxl.de\/markt\/wp-json\/wp\/v2\/media\/199748"}],"wp:attachment":[{"href":"https:\/\/marktxxl.de\/markt\/wp-json\/wp\/v2\/media?parent=199747"}],"wp:term":[{"taxonomy":"product_brand","embeddable":true,"href":"https:\/\/marktxxl.de\/markt\/wp-json\/wp\/v2\/product_brand?post=199747"},{"taxonomy":"product_cat","embeddable":true,"href":"https:\/\/marktxxl.de\/markt\/wp-json\/wp\/v2\/product_cat?post=199747"},{"taxonomy":"product_tag","embeddable":true,"href":"https:\/\/marktxxl.de\/markt\/wp-json\/wp\/v2\/product_tag?post=199747"}],"curies":[{"name":"wp","href":"https:\/\/api.w.org\/{rel}","templated":true}]}}