{"id":199605,"date":"2023-04-10T07:11:17","date_gmt":"2023-04-10T05:11:17","guid":{"rendered":"https:\/\/marktxxl.de\/markt\/produkt\/psd-unterwaesche-fuer-herren-stretch-elastisches-breites-band-boxershorts-unterhose-trojan-kondome-atmungsaktiv-178-cm-schrittlaenge\/"},"modified":"2023-04-10T07:11:17","modified_gmt":"2023-04-10T05:11:17","slug":"psd-unterwaesche-fuer-herren-stretch-elastisches-breites-band-boxershorts-unterhose-trojan-kondome-atmungsaktiv-178-cm-schrittlaenge","status":"publish","type":"product","link":"https:\/\/marktxxl.de\/markt\/produkt\/psd-unterwaesche-fuer-herren-stretch-elastisches-breites-band-boxershorts-unterhose-trojan-kondome-atmungsaktiv-178-cm-schrittlaenge\/","title":{"rendered":"PSD Unterw\u00e4sche f\u00fcr Herren, Stretch, elastisches breites Band, Boxershorts, Unterhose \u2013 Trojan-Kondome | atmungsaktiv, 17,8 cm Schrittl\u00e4nge |"},"content":{"rendered":"<p>Schauen Sie uns an \u2013 Liebe PSD? Klicken Sie auf den Link \u00fcber dem Produkttitel, um unseren PSD Storefront zu kaufen und alle neuen und aktuellen Saisonstile anzuschauen!<br \/>\nUnterw\u00e4sche, die sich mit Ihnen bewegt: Mit einer Mikrofaser-Mischung f\u00fcr dynamischen Komfort und Unterst\u00fctzung. PSD-Unterw\u00e4sche besteht aus 88 % Polyester und 12 % Spandex, diese Boxershorts haben eine atmungsaktive aktive Dehnung, sind feuchtigkeitsableitend und haben eine bewegliche Komforttasche<br \/>\nPassform und Konstruktion \u2013 Mit einem breiten, weichen, elastischen Bund, diese Boxershorts haben eine 17,8 cm Flatlock-Naht, ohne Etikett und nahtlose R\u00fcckseite und eine vorgeformte Tasche f\u00fcr optimalen Komfort.<br \/>\nTech \u2013 Mit geruchshemmender Technologie erm\u00f6glichen diese Boxershorts einen k\u00fchlen und trockenen Tragekomfort.<br \/>\nTragen Sie Ihr Leben \u2013 Unterw\u00e4sche ist die Grundlage jedes Outfits, das wir tragen, daher ist es wichtig, dass es bequem ist. PSD ist spezialisiert auf genau das \u2013 hochwertige, erschwingliche Unterw\u00e4sche f\u00fcr Sportler, Trendsetter oder Menschen, die Unterw\u00e4sche wirklich lieben.<br \/>\n<div class=\"main-cross-sell\" data-asin=\"B08L89SX2H\">\n\n\t<div class=\"WooZone-cross-sell-loader\">\n\t\t<div>\n\t\t\t<div id=\"floatingBarsG\">\n\t\t\t\t<div class=\"blockG\" id=\"rotateG_01\"><\/div>\n\t\t\t\t<div class=\"blockG\" id=\"rotateG_02\"><\/div>\n\t\t\t\t<div class=\"blockG\" id=\"rotateG_03\"><\/div>\n\t\t\t\t<div class=\"blockG\" id=\"rotateG_04\"><\/div>\n\t\t\t\t<div class=\"blockG\" id=\"rotateG_05\"><\/div>\n\t\t\t\t<div class=\"blockG\" id=\"rotateG_06\"><\/div>\n\t\t\t\t<div class=\"blockG\" id=\"rotateG_07\"><\/div>\n\t\t\t\t<div class=\"blockG\" id=\"rotateG_08\"><\/div>\n\t\t\t<\/div>\n\t\t\t<div class=\"WooZone-cross-sell-loader-text\"><\/div>\n\t\t<\/div>\n\t<\/div>\n\n\t\t\n<\/div>\n<div style=\"clear:both;\"><\/div><\/p>\n","protected":false},"excerpt":{"rendered":"<p>Schauen Sie uns an \u2013 Liebe PSD? Klicken Sie auf den Link \u00fcber dem Produkttitel, um unseren PSD Storefront zu kaufen und alle neuen und aktuellen Saisonstile anzuschauen!<br \/>\nUnterw\u00e4sche, die sich mit Ihnen bewegt: Mit einer Mikrofaser-Mischung f\u00fcr dynamischen Komfort und Unterst\u00fctzung. PSD-Unterw\u00e4sche besteht aus 88 % Polyester und 12 % Spandex, diese Boxershorts haben eine atmungsaktive aktive Dehnung, sind feuchtigkeitsableitend und haben eine bewegliche Komforttasche<br \/>\nPassform und Konstruktion \u2013 Mit einem breiten, weichen, elastischen Bund, diese Boxershorts haben eine 17,8 cm Flatlock-Naht, ohne Etikett und nahtlose R\u00fcckseite und eine vorgeformte Tasche f\u00fcr optimalen Komfort.<\/p>\n","protected":false},"featured_media":199606,"comment_status":"open","ping_status":"closed","template":"","meta":[],"product_brand":[],"product_cat":[1186,3960],"product_tag":[],"class_list":{"0":"post-199605","1":"product","2":"type-product","3":"status-publish","4":"has-post-thumbnail","6":"product_cat-bekleidung","7":"product_cat-herren","8":"pa_binding-textilien","9":"pa_brand-psd","10":"pa_color-verschiedene-farben","11":"pa_height-2-zoll","12":"pa_length-6-zoll","13":"pa_manufacturer-psd","14":"pa_model-42011034-gld-xxl","15":"pa_width-6-zoll","17":"first","18":"instock","19":"shipping-taxable","20":"product-type-simple","21":"customify-col","22":"product-has-gallery"},"yoast_head":"<!-- This site is optimized with the Yoast SEO plugin v27.3 - https:\/\/yoast.com\/product\/yoast-seo-wordpress\/ -->\n<title>PSD Unterw\u00e4sche f\u00fcr Herren, Stretch, elastisches breites Band, Boxershorts, Unterhose \u2013 Trojan-Kondome | atmungsaktiv, 17,8 cm Schrittl\u00e4nge | - Markt-XXL<\/title>\n<meta name=\"description\" content=\"Markt-XXL PSD Unterw\u00e4sche f\u00fcr Herren, Stretch, elastisches breites Band, Boxershorts, Unterhose \u2013 Trojan-Kondome | atmungsaktiv, 17,8 cm Schrittl\u00e4nge |\" \/>\n<meta name=\"robots\" content=\"index, follow, max-snippet:-1, max-image-preview:large, max-video-preview:-1\" \/>\n<link rel=\"canonical\" href=\"https:\/\/marktxxl.de\/markt\/produkt\/psd-unterwaesche-fuer-herren-stretch-elastisches-breites-band-boxershorts-unterhose-trojan-kondome-atmungsaktiv-178-cm-schrittlaenge\/\" \/>\n<meta property=\"og:locale\" content=\"de_DE\" \/>\n<meta property=\"og:type\" content=\"article\" \/>\n<meta property=\"og:title\" content=\"PSD Unterw\u00e4sche f\u00fcr Herren, Stretch, elastisches breites Band, Boxershorts, Unterhose \u2013 Trojan-Kondome | atmungsaktiv, 17,8 cm Schrittl\u00e4nge | - Markt-XXL\" \/>\n<meta property=\"og:description\" content=\"Markt-XXL PSD Unterw\u00e4sche f\u00fcr Herren, Stretch, elastisches breites Band, Boxershorts, Unterhose \u2013 Trojan-Kondome | atmungsaktiv, 17,8 cm Schrittl\u00e4nge |\" \/>\n<meta property=\"og:url\" content=\"https:\/\/marktxxl.de\/markt\/produkt\/psd-unterwaesche-fuer-herren-stretch-elastisches-breites-band-boxershorts-unterhose-trojan-kondome-atmungsaktiv-178-cm-schrittlaenge\/\" \/>\n<meta property=\"og:site_name\" content=\"Markt-XXL\" \/>\n<meta name=\"twitter:card\" content=\"summary_large_image\" \/>\n<meta name=\"twitter:label1\" content=\"Gesch\u00e4tzte Lesezeit\" \/>\n\t<meta name=\"twitter:data1\" content=\"1\u00a0Minute\" \/>\n<script type=\"application\/ld+json\" class=\"yoast-schema-graph\">{\"@context\":\"https:\\\/\\\/schema.org\",\"@graph\":[{\"@type\":\"WebPage\",\"@id\":\"https:\\\/\\\/marktxxl.de\\\/markt\\\/produkt\\\/psd-unterwaesche-fuer-herren-stretch-elastisches-breites-band-boxershorts-unterhose-trojan-kondome-atmungsaktiv-178-cm-schrittlaenge\\\/\",\"url\":\"https:\\\/\\\/marktxxl.de\\\/markt\\\/produkt\\\/psd-unterwaesche-fuer-herren-stretch-elastisches-breites-band-boxershorts-unterhose-trojan-kondome-atmungsaktiv-178-cm-schrittlaenge\\\/\",\"name\":\"PSD Unterw\u00e4sche f\u00fcr Herren, Stretch, elastisches breites Band, Boxershorts, Unterhose \u2013 Trojan-Kondome | atmungsaktiv, 17,8 cm Schrittl\u00e4nge | - Markt-XXL\",\"isPartOf\":{\"@id\":\"https:\\\/\\\/marktxxl.de\\\/markt\\\/#website\"},\"primaryImageOfPage\":{\"@id\":\"https:\\\/\\\/marktxxl.de\\\/markt\\\/produkt\\\/psd-unterwaesche-fuer-herren-stretch-elastisches-breites-band-boxershorts-unterhose-trojan-kondome-atmungsaktiv-178-cm-schrittlaenge\\\/#primaryimage\"},\"image\":{\"@id\":\"https:\\\/\\\/marktxxl.de\\\/markt\\\/produkt\\\/psd-unterwaesche-fuer-herren-stretch-elastisches-breites-band-boxershorts-unterhose-trojan-kondome-atmungsaktiv-178-cm-schrittlaenge\\\/#primaryimage\"},\"thumbnailUrl\":\"https:\\\/\\\/m.media-amazon.com\\\/images\\\/I\\\/41+gyNVLWpS._SL500_.jpg\",\"datePublished\":\"2023-04-10T05:11:17+00:00\",\"description\":\"Markt-XXL PSD Unterw\u00e4sche f\u00fcr Herren, Stretch, elastisches breites Band, Boxershorts, Unterhose \u2013 Trojan-Kondome | atmungsaktiv, 17,8 cm Schrittl\u00e4nge |\",\"breadcrumb\":{\"@id\":\"https:\\\/\\\/marktxxl.de\\\/markt\\\/produkt\\\/psd-unterwaesche-fuer-herren-stretch-elastisches-breites-band-boxershorts-unterhose-trojan-kondome-atmungsaktiv-178-cm-schrittlaenge\\\/#breadcrumb\"},\"inLanguage\":\"de\",\"potentialAction\":[{\"@type\":\"ReadAction\",\"target\":[\"https:\\\/\\\/marktxxl.de\\\/markt\\\/produkt\\\/psd-unterwaesche-fuer-herren-stretch-elastisches-breites-band-boxershorts-unterhose-trojan-kondome-atmungsaktiv-178-cm-schrittlaenge\\\/\"]}]},{\"@type\":\"ImageObject\",\"inLanguage\":\"de\",\"@id\":\"https:\\\/\\\/marktxxl.de\\\/markt\\\/produkt\\\/psd-unterwaesche-fuer-herren-stretch-elastisches-breites-band-boxershorts-unterhose-trojan-kondome-atmungsaktiv-178-cm-schrittlaenge\\\/#primaryimage\",\"url\":\"https:\\\/\\\/m.media-amazon.com\\\/images\\\/I\\\/41+gyNVLWpS._SL500_.jpg\",\"contentUrl\":\"https:\\\/\\\/m.media-amazon.com\\\/images\\\/I\\\/41+gyNVLWpS._SL500_.jpg\",\"width\":429,\"height\":500},{\"@type\":\"BreadcrumbList\",\"@id\":\"https:\\\/\\\/marktxxl.de\\\/markt\\\/produkt\\\/psd-unterwaesche-fuer-herren-stretch-elastisches-breites-band-boxershorts-unterhose-trojan-kondome-atmungsaktiv-178-cm-schrittlaenge\\\/#breadcrumb\",\"itemListElement\":[{\"@type\":\"ListItem\",\"position\":1,\"name\":\"Startseite\",\"item\":\"https:\\\/\\\/marktxxl.de\\\/markt\\\/\"},{\"@type\":\"ListItem\",\"position\":2,\"name\":\"Markt\",\"item\":\"https:\\\/\\\/marktxxl.de\\\/markt\\\/\"},{\"@type\":\"ListItem\",\"position\":3,\"name\":\"PSD Unterw\u00e4sche f\u00fcr Herren, Stretch, elastisches breites Band, Boxershorts, Unterhose \u2013 Trojan-Kondome | atmungsaktiv, 17,8 cm Schrittl\u00e4nge |\"}]},{\"@type\":\"WebSite\",\"@id\":\"https:\\\/\\\/marktxxl.de\\\/markt\\\/#website\",\"url\":\"https:\\\/\\\/marktxxl.de\\\/markt\\\/\",\"name\":\"Markt-XXL\",\"description\":\"Ihr Markt Online\",\"publisher\":{\"@id\":\"https:\\\/\\\/marktxxl.de\\\/markt\\\/#organization\"},\"potentialAction\":[{\"@type\":\"SearchAction\",\"target\":{\"@type\":\"EntryPoint\",\"urlTemplate\":\"https:\\\/\\\/marktxxl.de\\\/markt\\\/?s={search_term_string}\"},\"query-input\":{\"@type\":\"PropertyValueSpecification\",\"valueRequired\":true,\"valueName\":\"search_term_string\"}}],\"inLanguage\":\"de\"},{\"@type\":\"Organization\",\"@id\":\"https:\\\/\\\/marktxxl.de\\\/markt\\\/#organization\",\"name\":\"Markt-XXL\",\"url\":\"https:\\\/\\\/marktxxl.de\\\/markt\\\/\",\"logo\":{\"@type\":\"ImageObject\",\"inLanguage\":\"de\",\"@id\":\"https:\\\/\\\/marktxxl.de\\\/markt\\\/#\\\/schema\\\/logo\\\/image\\\/\",\"url\":\"https:\\\/\\\/marktxxl.de\\\/markt\\\/wp-content\\\/uploads\\\/sites\\\/3\\\/2020\\\/12\\\/logo.png\",\"contentUrl\":\"https:\\\/\\\/marktxxl.de\\\/markt\\\/wp-content\\\/uploads\\\/sites\\\/3\\\/2020\\\/12\\\/logo.png\",\"width\":200,\"height\":70,\"caption\":\"Markt-XXL\"},\"image\":{\"@id\":\"https:\\\/\\\/marktxxl.de\\\/markt\\\/#\\\/schema\\\/logo\\\/image\\\/\"}}]}<\/script>\n<!-- \/ Yoast SEO plugin. -->","yoast_head_json":{"title":"PSD Unterw\u00e4sche f\u00fcr Herren, Stretch, elastisches breites Band, Boxershorts, Unterhose \u2013 Trojan-Kondome | atmungsaktiv, 17,8 cm Schrittl\u00e4nge | - Markt-XXL","description":"Markt-XXL PSD Unterw\u00e4sche f\u00fcr Herren, Stretch, elastisches breites Band, Boxershorts, Unterhose \u2013 Trojan-Kondome | atmungsaktiv, 17,8 cm Schrittl\u00e4nge |","robots":{"index":"index","follow":"follow","max-snippet":"max-snippet:-1","max-image-preview":"max-image-preview:large","max-video-preview":"max-video-preview:-1"},"canonical":"https:\/\/marktxxl.de\/markt\/produkt\/psd-unterwaesche-fuer-herren-stretch-elastisches-breites-band-boxershorts-unterhose-trojan-kondome-atmungsaktiv-178-cm-schrittlaenge\/","og_locale":"de_DE","og_type":"article","og_title":"PSD Unterw\u00e4sche f\u00fcr Herren, Stretch, elastisches breites Band, Boxershorts, Unterhose \u2013 Trojan-Kondome | atmungsaktiv, 17,8 cm Schrittl\u00e4nge | - Markt-XXL","og_description":"Markt-XXL PSD Unterw\u00e4sche f\u00fcr Herren, Stretch, elastisches breites Band, Boxershorts, Unterhose \u2013 Trojan-Kondome | atmungsaktiv, 17,8 cm Schrittl\u00e4nge |","og_url":"https:\/\/marktxxl.de\/markt\/produkt\/psd-unterwaesche-fuer-herren-stretch-elastisches-breites-band-boxershorts-unterhose-trojan-kondome-atmungsaktiv-178-cm-schrittlaenge\/","og_site_name":"Markt-XXL","twitter_card":"summary_large_image","twitter_misc":{"Gesch\u00e4tzte Lesezeit":"1\u00a0Minute"},"schema":{"@context":"https:\/\/schema.org","@graph":[{"@type":"WebPage","@id":"https:\/\/marktxxl.de\/markt\/produkt\/psd-unterwaesche-fuer-herren-stretch-elastisches-breites-band-boxershorts-unterhose-trojan-kondome-atmungsaktiv-178-cm-schrittlaenge\/","url":"https:\/\/marktxxl.de\/markt\/produkt\/psd-unterwaesche-fuer-herren-stretch-elastisches-breites-band-boxershorts-unterhose-trojan-kondome-atmungsaktiv-178-cm-schrittlaenge\/","name":"PSD Unterw\u00e4sche f\u00fcr Herren, Stretch, elastisches breites Band, Boxershorts, Unterhose \u2013 Trojan-Kondome | atmungsaktiv, 17,8 cm Schrittl\u00e4nge | - Markt-XXL","isPartOf":{"@id":"https:\/\/marktxxl.de\/markt\/#website"},"primaryImageOfPage":{"@id":"https:\/\/marktxxl.de\/markt\/produkt\/psd-unterwaesche-fuer-herren-stretch-elastisches-breites-band-boxershorts-unterhose-trojan-kondome-atmungsaktiv-178-cm-schrittlaenge\/#primaryimage"},"image":{"@id":"https:\/\/marktxxl.de\/markt\/produkt\/psd-unterwaesche-fuer-herren-stretch-elastisches-breites-band-boxershorts-unterhose-trojan-kondome-atmungsaktiv-178-cm-schrittlaenge\/#primaryimage"},"thumbnailUrl":"https:\/\/m.media-amazon.com\/images\/I\/41+gyNVLWpS._SL500_.jpg","datePublished":"2023-04-10T05:11:17+00:00","description":"Markt-XXL PSD Unterw\u00e4sche f\u00fcr Herren, Stretch, elastisches breites Band, Boxershorts, Unterhose \u2013 Trojan-Kondome | atmungsaktiv, 17,8 cm Schrittl\u00e4nge |","breadcrumb":{"@id":"https:\/\/marktxxl.de\/markt\/produkt\/psd-unterwaesche-fuer-herren-stretch-elastisches-breites-band-boxershorts-unterhose-trojan-kondome-atmungsaktiv-178-cm-schrittlaenge\/#breadcrumb"},"inLanguage":"de","potentialAction":[{"@type":"ReadAction","target":["https:\/\/marktxxl.de\/markt\/produkt\/psd-unterwaesche-fuer-herren-stretch-elastisches-breites-band-boxershorts-unterhose-trojan-kondome-atmungsaktiv-178-cm-schrittlaenge\/"]}]},{"@type":"ImageObject","inLanguage":"de","@id":"https:\/\/marktxxl.de\/markt\/produkt\/psd-unterwaesche-fuer-herren-stretch-elastisches-breites-band-boxershorts-unterhose-trojan-kondome-atmungsaktiv-178-cm-schrittlaenge\/#primaryimage","url":"https:\/\/m.media-amazon.com\/images\/I\/41+gyNVLWpS._SL500_.jpg","contentUrl":"https:\/\/m.media-amazon.com\/images\/I\/41+gyNVLWpS._SL500_.jpg","width":429,"height":500},{"@type":"BreadcrumbList","@id":"https:\/\/marktxxl.de\/markt\/produkt\/psd-unterwaesche-fuer-herren-stretch-elastisches-breites-band-boxershorts-unterhose-trojan-kondome-atmungsaktiv-178-cm-schrittlaenge\/#breadcrumb","itemListElement":[{"@type":"ListItem","position":1,"name":"Startseite","item":"https:\/\/marktxxl.de\/markt\/"},{"@type":"ListItem","position":2,"name":"Markt","item":"https:\/\/marktxxl.de\/markt\/"},{"@type":"ListItem","position":3,"name":"PSD Unterw\u00e4sche f\u00fcr Herren, Stretch, elastisches breites Band, Boxershorts, Unterhose \u2013 Trojan-Kondome | atmungsaktiv, 17,8 cm Schrittl\u00e4nge |"}]},{"@type":"WebSite","@id":"https:\/\/marktxxl.de\/markt\/#website","url":"https:\/\/marktxxl.de\/markt\/","name":"Markt-XXL","description":"Ihr Markt Online","publisher":{"@id":"https:\/\/marktxxl.de\/markt\/#organization"},"potentialAction":[{"@type":"SearchAction","target":{"@type":"EntryPoint","urlTemplate":"https:\/\/marktxxl.de\/markt\/?s={search_term_string}"},"query-input":{"@type":"PropertyValueSpecification","valueRequired":true,"valueName":"search_term_string"}}],"inLanguage":"de"},{"@type":"Organization","@id":"https:\/\/marktxxl.de\/markt\/#organization","name":"Markt-XXL","url":"https:\/\/marktxxl.de\/markt\/","logo":{"@type":"ImageObject","inLanguage":"de","@id":"https:\/\/marktxxl.de\/markt\/#\/schema\/logo\/image\/","url":"https:\/\/marktxxl.de\/markt\/wp-content\/uploads\/sites\/3\/2020\/12\/logo.png","contentUrl":"https:\/\/marktxxl.de\/markt\/wp-content\/uploads\/sites\/3\/2020\/12\/logo.png","width":200,"height":70,"caption":"Markt-XXL"},"image":{"@id":"https:\/\/marktxxl.de\/markt\/#\/schema\/logo\/image\/"}}]}},"_links":{"self":[{"href":"https:\/\/marktxxl.de\/markt\/wp-json\/wp\/v2\/product\/199605","targetHints":{"allow":["GET"]}}],"collection":[{"href":"https:\/\/marktxxl.de\/markt\/wp-json\/wp\/v2\/product"}],"about":[{"href":"https:\/\/marktxxl.de\/markt\/wp-json\/wp\/v2\/types\/product"}],"replies":[{"embeddable":true,"href":"https:\/\/marktxxl.de\/markt\/wp-json\/wp\/v2\/comments?post=199605"}],"wp:featuredmedia":[{"embeddable":true,"href":"https:\/\/marktxxl.de\/markt\/wp-json\/wp\/v2\/media\/199606"}],"wp:attachment":[{"href":"https:\/\/marktxxl.de\/markt\/wp-json\/wp\/v2\/media?parent=199605"}],"wp:term":[{"taxonomy":"product_brand","embeddable":true,"href":"https:\/\/marktxxl.de\/markt\/wp-json\/wp\/v2\/product_brand?post=199605"},{"taxonomy":"product_cat","embeddable":true,"href":"https:\/\/marktxxl.de\/markt\/wp-json\/wp\/v2\/product_cat?post=199605"},{"taxonomy":"product_tag","embeddable":true,"href":"https:\/\/marktxxl.de\/markt\/wp-json\/wp\/v2\/product_tag?post=199605"}],"curies":[{"name":"wp","href":"https:\/\/api.w.org\/{rel}","templated":true}]}}