{"id":199539,"date":"2023-04-10T07:07:48","date_gmt":"2023-04-10T05:07:48","guid":{"rendered":"https:\/\/marktxxl.de\/markt\/produkt\/jack-daniels-herren-daniels-logo-rodeo-langarm-western-shirt\/"},"modified":"2023-04-11T05:37:04","modified_gmt":"2023-04-11T03:37:04","slug":"jack-daniels-herren-daniels-logo-rodeo-langarm-western-shirt","status":"publish","type":"product","link":"https:\/\/marktxxl.de\/markt\/produkt\/jack-daniels-herren-daniels-logo-rodeo-langarm-western-shirt\/","title":{"rendered":"Jack Daniels Herren Daniel&#8217;s Logo Rodeo Langarm Western Shirt"},"content":{"rendered":"<p>Premium-Konstruktion \u2013 Strategisch entworfen aus hochwertigem Stoff, dieses Shirt bietet ein angenehmes Gef\u00fchl f\u00fcr den Tr\u00e4ger. Dieses Shirt hat ein weiches und leichtes Gef\u00fchl und sorgt f\u00fcr maximale Haltbarkeit.<br \/>\nKomfort und Stil \u2013 Dieses lang\u00e4rmelige Hemd ist mit einem breiten Kragen entworfen, der einen sauberen Look f\u00fcr Sie schafft. Es hat die richtige Passform um den Hals f\u00fcr lang anhaltenden Komfort.<br \/>\nHochleistungsverschluss &#8211; Die in diesem Shirt verwendeten Kn\u00f6pfe sind aus hochwertigem Material f\u00fcr maximale Haltbarkeit gefertigt. Es hat eine einfache Schnapp-Funktion, die es dem Tr\u00e4ger erm\u00f6glicht, ein stressfreies Erlebnis zu haben.<br \/>\nStilvolles Grafikdesign \u2013 Das Design dieses Kapuzenpullovers besteht aus hochwertigen Tinten f\u00fcr eine lange Lebensdauer. Es ist farbecht, beh\u00e4lt die Qualit\u00e4t des Designs auch nach mehreren W\u00e4schen bei.<br \/>\nStilvolle Vordertaschen \u2013 stilvolles Design mit zwei Pattentaschen bieten Platz f\u00fcr Ihre Utensilien. Diese Taschen haben Druckkn\u00f6pfe, die maximale Sicherheit f\u00fcr Ihre Gegenst\u00e4nde gew\u00e4hrleisten.<br \/>\n<div class=\"main-cross-sell\" data-asin=\"B0976QNPCR\">\n\n\t<div class=\"WooZone-cross-sell-loader\">\n\t\t<div>\n\t\t\t<div id=\"floatingBarsG\">\n\t\t\t\t<div class=\"blockG\" id=\"rotateG_01\"><\/div>\n\t\t\t\t<div class=\"blockG\" id=\"rotateG_02\"><\/div>\n\t\t\t\t<div class=\"blockG\" id=\"rotateG_03\"><\/div>\n\t\t\t\t<div class=\"blockG\" id=\"rotateG_04\"><\/div>\n\t\t\t\t<div class=\"blockG\" id=\"rotateG_05\"><\/div>\n\t\t\t\t<div class=\"blockG\" id=\"rotateG_06\"><\/div>\n\t\t\t\t<div class=\"blockG\" id=\"rotateG_07\"><\/div>\n\t\t\t\t<div class=\"blockG\" id=\"rotateG_08\"><\/div>\n\t\t\t<\/div>\n\t\t\t<div class=\"WooZone-cross-sell-loader-text\"><\/div>\n\t\t<\/div>\n\t<\/div>\n\n\t\t\n<\/div>\n<div style=\"clear:both;\"><\/div><\/p>\n","protected":false},"excerpt":{"rendered":"<p>Premium-Konstruktion \u2013 Strategisch entworfen aus hochwertigem Stoff, dieses Shirt bietet ein angenehmes Gef\u00fchl f\u00fcr den Tr\u00e4ger. Dieses Shirt hat ein weiches und leichtes Gef\u00fchl und sorgt f\u00fcr maximale Haltbarkeit.<br \/>\nKomfort und Stil \u2013 Dieses lang\u00e4rmelige Hemd ist mit einem breiten Kragen entworfen, der einen sauberen Look f\u00fcr Sie schafft. Es hat die richtige Passform um den Hals f\u00fcr lang anhaltenden Komfort.<br \/>\nHochleistungsverschluss &#8211; Die in diesem Shirt verwendeten Kn\u00f6pfe sind aus hochwertigem Material f\u00fcr maximale Haltbarkeit gefertigt. Es hat eine einfache Schnapp-Funktion, die es dem Tr\u00e4ger erm\u00f6glicht, ein stressfreies Erlebnis zu haben.<\/p>\n","protected":false},"featured_media":199540,"comment_status":"open","ping_status":"closed","template":"","meta":[],"product_brand":[],"product_cat":[1186,3960],"product_tag":[],"class_list":{"0":"post-199539","1":"product","2":"type-product","3":"status-publish","4":"has-post-thumbnail","6":"product_cat-bekleidung","7":"product_cat-herren","8":"pa_binding-textilien","9":"pa_brand-unbekannt","10":"pa_color-weiss-opulenter-garten","11":"pa_manufacturer-jack-daniels","12":"pa_model-15225006jd-89","14":"first","15":"instock","16":"shipping-taxable","17":"purchasable","18":"product-type-simple","19":"customify-col","20":"product-has-gallery"},"yoast_head":"<!-- This site is optimized with the Yoast SEO plugin v27.3 - https:\/\/yoast.com\/product\/yoast-seo-wordpress\/ -->\n<title>Jack Daniels Herren Daniel&#039;s Logo Rodeo Langarm Western Shirt - Markt-XXL<\/title>\n<meta name=\"description\" content=\"Markt-XXL Jack Daniels Herren Daniel&#039;s Logo Rodeo Langarm Western Shirt\" \/>\n<meta name=\"robots\" content=\"index, follow, max-snippet:-1, max-image-preview:large, max-video-preview:-1\" \/>\n<link rel=\"canonical\" href=\"https:\/\/marktxxl.de\/markt\/produkt\/jack-daniels-herren-daniels-logo-rodeo-langarm-western-shirt\/\" \/>\n<meta property=\"og:locale\" content=\"de_DE\" \/>\n<meta property=\"og:type\" content=\"article\" \/>\n<meta property=\"og:title\" content=\"Jack Daniels Herren Daniel&#039;s Logo Rodeo Langarm Western Shirt - Markt-XXL\" \/>\n<meta property=\"og:description\" content=\"Markt-XXL Jack Daniels Herren Daniel&#039;s Logo Rodeo Langarm Western Shirt\" \/>\n<meta property=\"og:url\" content=\"https:\/\/marktxxl.de\/markt\/produkt\/jack-daniels-herren-daniels-logo-rodeo-langarm-western-shirt\/\" \/>\n<meta property=\"og:site_name\" content=\"Markt-XXL\" \/>\n<meta property=\"article:modified_time\" content=\"2023-04-11T03:37:04+00:00\" \/>\n<meta property=\"og:image\" content=\"https:\/\/m.media-amazon.com\/images\/I\/4196eI-oXJL._SL500_.jpg\" \/>\n\t<meta property=\"og:image:width\" content=\"300\" \/>\n\t<meta property=\"og:image:height\" content=\"500\" \/>\n\t<meta property=\"og:image:type\" content=\"image\/jpeg\" \/>\n<meta name=\"twitter:card\" content=\"summary_large_image\" \/>\n<meta name=\"twitter:label1\" content=\"Gesch\u00e4tzte Lesezeit\" \/>\n\t<meta name=\"twitter:data1\" content=\"1\u00a0Minute\" \/>\n<script type=\"application\/ld+json\" class=\"yoast-schema-graph\">{\"@context\":\"https:\\\/\\\/schema.org\",\"@graph\":[{\"@type\":\"WebPage\",\"@id\":\"https:\\\/\\\/marktxxl.de\\\/markt\\\/produkt\\\/jack-daniels-herren-daniels-logo-rodeo-langarm-western-shirt\\\/\",\"url\":\"https:\\\/\\\/marktxxl.de\\\/markt\\\/produkt\\\/jack-daniels-herren-daniels-logo-rodeo-langarm-western-shirt\\\/\",\"name\":\"Jack Daniels Herren Daniel's Logo Rodeo Langarm Western Shirt - Markt-XXL\",\"isPartOf\":{\"@id\":\"https:\\\/\\\/marktxxl.de\\\/markt\\\/#website\"},\"primaryImageOfPage\":{\"@id\":\"https:\\\/\\\/marktxxl.de\\\/markt\\\/produkt\\\/jack-daniels-herren-daniels-logo-rodeo-langarm-western-shirt\\\/#primaryimage\"},\"image\":{\"@id\":\"https:\\\/\\\/marktxxl.de\\\/markt\\\/produkt\\\/jack-daniels-herren-daniels-logo-rodeo-langarm-western-shirt\\\/#primaryimage\"},\"thumbnailUrl\":\"https:\\\/\\\/m.media-amazon.com\\\/images\\\/I\\\/4196eI-oXJL._SL500_.jpg\",\"datePublished\":\"2023-04-10T05:07:48+00:00\",\"dateModified\":\"2023-04-11T03:37:04+00:00\",\"description\":\"Markt-XXL Jack Daniels Herren Daniel's Logo Rodeo Langarm Western Shirt\",\"breadcrumb\":{\"@id\":\"https:\\\/\\\/marktxxl.de\\\/markt\\\/produkt\\\/jack-daniels-herren-daniels-logo-rodeo-langarm-western-shirt\\\/#breadcrumb\"},\"inLanguage\":\"de\",\"potentialAction\":[{\"@type\":\"ReadAction\",\"target\":[\"https:\\\/\\\/marktxxl.de\\\/markt\\\/produkt\\\/jack-daniels-herren-daniels-logo-rodeo-langarm-western-shirt\\\/\"]}]},{\"@type\":\"ImageObject\",\"inLanguage\":\"de\",\"@id\":\"https:\\\/\\\/marktxxl.de\\\/markt\\\/produkt\\\/jack-daniels-herren-daniels-logo-rodeo-langarm-western-shirt\\\/#primaryimage\",\"url\":\"https:\\\/\\\/m.media-amazon.com\\\/images\\\/I\\\/4196eI-oXJL._SL500_.jpg\",\"contentUrl\":\"https:\\\/\\\/m.media-amazon.com\\\/images\\\/I\\\/4196eI-oXJL._SL500_.jpg\",\"width\":300,\"height\":500},{\"@type\":\"BreadcrumbList\",\"@id\":\"https:\\\/\\\/marktxxl.de\\\/markt\\\/produkt\\\/jack-daniels-herren-daniels-logo-rodeo-langarm-western-shirt\\\/#breadcrumb\",\"itemListElement\":[{\"@type\":\"ListItem\",\"position\":1,\"name\":\"Startseite\",\"item\":\"https:\\\/\\\/marktxxl.de\\\/markt\\\/\"},{\"@type\":\"ListItem\",\"position\":2,\"name\":\"Markt\",\"item\":\"https:\\\/\\\/marktxxl.de\\\/markt\\\/\"},{\"@type\":\"ListItem\",\"position\":3,\"name\":\"Jack Daniels Herren Daniel&#8217;s Logo Rodeo Langarm Western Shirt\"}]},{\"@type\":\"WebSite\",\"@id\":\"https:\\\/\\\/marktxxl.de\\\/markt\\\/#website\",\"url\":\"https:\\\/\\\/marktxxl.de\\\/markt\\\/\",\"name\":\"Markt-XXL\",\"description\":\"Ihr Markt Online\",\"publisher\":{\"@id\":\"https:\\\/\\\/marktxxl.de\\\/markt\\\/#organization\"},\"potentialAction\":[{\"@type\":\"SearchAction\",\"target\":{\"@type\":\"EntryPoint\",\"urlTemplate\":\"https:\\\/\\\/marktxxl.de\\\/markt\\\/?s={search_term_string}\"},\"query-input\":{\"@type\":\"PropertyValueSpecification\",\"valueRequired\":true,\"valueName\":\"search_term_string\"}}],\"inLanguage\":\"de\"},{\"@type\":\"Organization\",\"@id\":\"https:\\\/\\\/marktxxl.de\\\/markt\\\/#organization\",\"name\":\"Markt-XXL\",\"url\":\"https:\\\/\\\/marktxxl.de\\\/markt\\\/\",\"logo\":{\"@type\":\"ImageObject\",\"inLanguage\":\"de\",\"@id\":\"https:\\\/\\\/marktxxl.de\\\/markt\\\/#\\\/schema\\\/logo\\\/image\\\/\",\"url\":\"https:\\\/\\\/marktxxl.de\\\/markt\\\/wp-content\\\/uploads\\\/sites\\\/3\\\/2020\\\/12\\\/logo.png\",\"contentUrl\":\"https:\\\/\\\/marktxxl.de\\\/markt\\\/wp-content\\\/uploads\\\/sites\\\/3\\\/2020\\\/12\\\/logo.png\",\"width\":200,\"height\":70,\"caption\":\"Markt-XXL\"},\"image\":{\"@id\":\"https:\\\/\\\/marktxxl.de\\\/markt\\\/#\\\/schema\\\/logo\\\/image\\\/\"}}]}<\/script>\n<!-- \/ Yoast SEO plugin. -->","yoast_head_json":{"title":"Jack Daniels Herren Daniel's Logo Rodeo Langarm Western Shirt - Markt-XXL","description":"Markt-XXL Jack Daniels Herren Daniel's Logo Rodeo Langarm Western Shirt","robots":{"index":"index","follow":"follow","max-snippet":"max-snippet:-1","max-image-preview":"max-image-preview:large","max-video-preview":"max-video-preview:-1"},"canonical":"https:\/\/marktxxl.de\/markt\/produkt\/jack-daniels-herren-daniels-logo-rodeo-langarm-western-shirt\/","og_locale":"de_DE","og_type":"article","og_title":"Jack Daniels Herren Daniel's Logo Rodeo Langarm Western Shirt - Markt-XXL","og_description":"Markt-XXL Jack Daniels Herren Daniel's Logo Rodeo Langarm Western Shirt","og_url":"https:\/\/marktxxl.de\/markt\/produkt\/jack-daniels-herren-daniels-logo-rodeo-langarm-western-shirt\/","og_site_name":"Markt-XXL","article_modified_time":"2023-04-11T03:37:04+00:00","og_image":[{"width":300,"height":500,"url":"https:\/\/m.media-amazon.com\/images\/I\/4196eI-oXJL._SL500_.jpg","type":"image\/jpeg"}],"twitter_card":"summary_large_image","twitter_misc":{"Gesch\u00e4tzte Lesezeit":"1\u00a0Minute"},"schema":{"@context":"https:\/\/schema.org","@graph":[{"@type":"WebPage","@id":"https:\/\/marktxxl.de\/markt\/produkt\/jack-daniels-herren-daniels-logo-rodeo-langarm-western-shirt\/","url":"https:\/\/marktxxl.de\/markt\/produkt\/jack-daniels-herren-daniels-logo-rodeo-langarm-western-shirt\/","name":"Jack Daniels Herren Daniel's Logo Rodeo Langarm Western Shirt - Markt-XXL","isPartOf":{"@id":"https:\/\/marktxxl.de\/markt\/#website"},"primaryImageOfPage":{"@id":"https:\/\/marktxxl.de\/markt\/produkt\/jack-daniels-herren-daniels-logo-rodeo-langarm-western-shirt\/#primaryimage"},"image":{"@id":"https:\/\/marktxxl.de\/markt\/produkt\/jack-daniels-herren-daniels-logo-rodeo-langarm-western-shirt\/#primaryimage"},"thumbnailUrl":"https:\/\/m.media-amazon.com\/images\/I\/4196eI-oXJL._SL500_.jpg","datePublished":"2023-04-10T05:07:48+00:00","dateModified":"2023-04-11T03:37:04+00:00","description":"Markt-XXL Jack Daniels Herren Daniel's Logo Rodeo Langarm Western Shirt","breadcrumb":{"@id":"https:\/\/marktxxl.de\/markt\/produkt\/jack-daniels-herren-daniels-logo-rodeo-langarm-western-shirt\/#breadcrumb"},"inLanguage":"de","potentialAction":[{"@type":"ReadAction","target":["https:\/\/marktxxl.de\/markt\/produkt\/jack-daniels-herren-daniels-logo-rodeo-langarm-western-shirt\/"]}]},{"@type":"ImageObject","inLanguage":"de","@id":"https:\/\/marktxxl.de\/markt\/produkt\/jack-daniels-herren-daniels-logo-rodeo-langarm-western-shirt\/#primaryimage","url":"https:\/\/m.media-amazon.com\/images\/I\/4196eI-oXJL._SL500_.jpg","contentUrl":"https:\/\/m.media-amazon.com\/images\/I\/4196eI-oXJL._SL500_.jpg","width":300,"height":500},{"@type":"BreadcrumbList","@id":"https:\/\/marktxxl.de\/markt\/produkt\/jack-daniels-herren-daniels-logo-rodeo-langarm-western-shirt\/#breadcrumb","itemListElement":[{"@type":"ListItem","position":1,"name":"Startseite","item":"https:\/\/marktxxl.de\/markt\/"},{"@type":"ListItem","position":2,"name":"Markt","item":"https:\/\/marktxxl.de\/markt\/"},{"@type":"ListItem","position":3,"name":"Jack Daniels Herren Daniel&#8217;s Logo Rodeo Langarm Western Shirt"}]},{"@type":"WebSite","@id":"https:\/\/marktxxl.de\/markt\/#website","url":"https:\/\/marktxxl.de\/markt\/","name":"Markt-XXL","description":"Ihr Markt Online","publisher":{"@id":"https:\/\/marktxxl.de\/markt\/#organization"},"potentialAction":[{"@type":"SearchAction","target":{"@type":"EntryPoint","urlTemplate":"https:\/\/marktxxl.de\/markt\/?s={search_term_string}"},"query-input":{"@type":"PropertyValueSpecification","valueRequired":true,"valueName":"search_term_string"}}],"inLanguage":"de"},{"@type":"Organization","@id":"https:\/\/marktxxl.de\/markt\/#organization","name":"Markt-XXL","url":"https:\/\/marktxxl.de\/markt\/","logo":{"@type":"ImageObject","inLanguage":"de","@id":"https:\/\/marktxxl.de\/markt\/#\/schema\/logo\/image\/","url":"https:\/\/marktxxl.de\/markt\/wp-content\/uploads\/sites\/3\/2020\/12\/logo.png","contentUrl":"https:\/\/marktxxl.de\/markt\/wp-content\/uploads\/sites\/3\/2020\/12\/logo.png","width":200,"height":70,"caption":"Markt-XXL"},"image":{"@id":"https:\/\/marktxxl.de\/markt\/#\/schema\/logo\/image\/"}}]}},"_links":{"self":[{"href":"https:\/\/marktxxl.de\/markt\/wp-json\/wp\/v2\/product\/199539","targetHints":{"allow":["GET"]}}],"collection":[{"href":"https:\/\/marktxxl.de\/markt\/wp-json\/wp\/v2\/product"}],"about":[{"href":"https:\/\/marktxxl.de\/markt\/wp-json\/wp\/v2\/types\/product"}],"replies":[{"embeddable":true,"href":"https:\/\/marktxxl.de\/markt\/wp-json\/wp\/v2\/comments?post=199539"}],"wp:featuredmedia":[{"embeddable":true,"href":"https:\/\/marktxxl.de\/markt\/wp-json\/wp\/v2\/media\/199540"}],"wp:attachment":[{"href":"https:\/\/marktxxl.de\/markt\/wp-json\/wp\/v2\/media?parent=199539"}],"wp:term":[{"taxonomy":"product_brand","embeddable":true,"href":"https:\/\/marktxxl.de\/markt\/wp-json\/wp\/v2\/product_brand?post=199539"},{"taxonomy":"product_cat","embeddable":true,"href":"https:\/\/marktxxl.de\/markt\/wp-json\/wp\/v2\/product_cat?post=199539"},{"taxonomy":"product_tag","embeddable":true,"href":"https:\/\/marktxxl.de\/markt\/wp-json\/wp\/v2\/product_tag?post=199539"}],"curies":[{"name":"wp","href":"https:\/\/api.w.org\/{rel}","templated":true}]}}