{"id":199471,"date":"2023-04-10T07:04:51","date_gmt":"2023-04-10T05:04:51","guid":{"rendered":"https:\/\/marktxxl.de\/markt\/produkt\/harry-potter-uebergrosse-kapuzenpullover-decke-damen-und-herren-oversized-hoodie-winter-warme-decke-zu-ueberziehen\/"},"modified":"2023-04-11T05:37:02","modified_gmt":"2023-04-11T03:37:02","slug":"harry-potter-uebergrosse-kapuzenpullover-decke-damen-und-herren-oversized-hoodie-winter-warme-decke-zu-ueberziehen","status":"publish","type":"product","link":"https:\/\/marktxxl.de\/markt\/produkt\/harry-potter-uebergrosse-kapuzenpullover-decke-damen-und-herren-oversized-hoodie-winter-warme-decke-zu-ueberziehen\/","title":{"rendered":"Harry Potter \u00dcbergro\u00dfe Kapuzenpullover Decke Damen und Herren Oversized Hoodie Winter Warme Decke zu \u00dcberziehen"},"content":{"rendered":"<p>HARRY POTTER HOODIE OVERSIZE &#8212; Unser oversized Blanket Hoodie wird Harry Potter Fans bezaubern. Der Harry Potter Hoodie ist verf\u00fcgbar in verschiedenen, tollen Ausf\u00fchrungen. Unsere Hoodie Herren und Damen Kapuzenpullover verf\u00fcgen \u00fcber eine praktische K\u00e4ngurutasche und Sherpa Fleece Futter in der charmanten Zauberer Kapuze.<br \/>\nOFFIZIELLES HARRY POTTER MERCH &#8212; Unser Kapuzenpullover f\u00fcr Herren und Damen ist ein lizenzierter Harry Potter Fanartikel der offiziellen Harry Potter Merchandise Kollektion.<br \/>\nWARM &amp; KUSCHELIG &#8212; Der Oversized Blanket Hoodie aus Fleece ist kuschelig-weich, warm und angenehm (100% Polyester). Dieser \u00fcbergro\u00dfe Hoodie wird garantiert zum neuen Lieblingsoutfit Ihrer Liebsten. Unsere Oversize Hoodie Kapuzenpullover sehen nicht nur fantastisch aus, sondern bieten gleichzeitig die perfekten Homewear Damen und Herren Outfits.<br \/>\nPRAKTISCHE EINHEITSGR\u00d6SSE &#8212; Unsere unisex Oversized Hoodie Herren und Damen Kollektion bietet eine praktische, \u00fcbergro\u00dfe Einheitsgr\u00f6\u00dfe. Bei einem kuscheligen Hoodie Damen Oversize m\u00fcssen Sie sich also keine Gedanke \u00fcber eine optimale Passform machen. Der moderne, bequeme Schnitt macht unsere Herren und Damen Hoodie zu den perfekten Outfits zum Relaxen und Faulenzen.<br \/>\nHARRY POTTER GESCHENKE F\u00dcR DAMEN UND HERREN &#8212; Suchen Sie nach authentischen Harry Potter Klamotten f\u00fcr einen begeisterten Fan? Unsere Hoodies f\u00fcr Damen und Herren werden Ihren Liebsten garantiert eine riesige Freude bereiten, egal ob zum Geburtstag, zu Weihnachten oder einem anderen besonderen Anlass.<br \/>\n<div class=\"main-cross-sell\" data-asin=\"B09DFTC7VQ\">\n\n\t<div class=\"WooZone-cross-sell-loader\">\n\t\t<div>\n\t\t\t<div id=\"floatingBarsG\">\n\t\t\t\t<div class=\"blockG\" id=\"rotateG_01\"><\/div>\n\t\t\t\t<div class=\"blockG\" id=\"rotateG_02\"><\/div>\n\t\t\t\t<div class=\"blockG\" id=\"rotateG_03\"><\/div>\n\t\t\t\t<div class=\"blockG\" id=\"rotateG_04\"><\/div>\n\t\t\t\t<div class=\"blockG\" id=\"rotateG_05\"><\/div>\n\t\t\t\t<div class=\"blockG\" id=\"rotateG_06\"><\/div>\n\t\t\t\t<div class=\"blockG\" id=\"rotateG_07\"><\/div>\n\t\t\t\t<div class=\"blockG\" id=\"rotateG_08\"><\/div>\n\t\t\t<\/div>\n\t\t\t<div class=\"WooZone-cross-sell-loader-text\"><\/div>\n\t\t<\/div>\n\t<\/div>\n\n\t\t\n<\/div>\n<div style=\"clear:both;\"><\/div><\/p>\n","protected":false},"excerpt":{"rendered":"<p>HARRY POTTER HOODIE OVERSIZE &#8212; Unser oversized Blanket Hoodie wird Harry Potter Fans bezaubern. Der Harry Potter Hoodie ist verf\u00fcgbar in verschiedenen, tollen Ausf\u00fchrungen. Unsere Hoodie Herren und Damen Kapuzenpullover verf\u00fcgen \u00fcber eine praktische K\u00e4ngurutasche und Sherpa Fleece Futter in der charmanten Zauberer Kapuze.<br \/>\nOFFIZIELLES HARRY POTTER MERCH &#8212; Unser Kapuzenpullover f\u00fcr Herren und Damen ist ein lizenzierter Harry Potter Fanartikel der offiziellen Harry Potter Merchandise Kollektion.<br \/>\nWARM &amp; KUSCHELIG &#8212; Der Oversized Blanket Hoodie aus Fleece ist kuschelig-weich, warm und angenehm (100% Polyester). Dieser \u00fcbergro\u00dfe Hoodie wird garantiert zum neuen Lieblingsoutfit Ihrer Liebsten. Unsere Oversize Hoodie Kapuzenpullover sehen nicht nur fantastisch aus, sondern bieten gleichzeitig die perfekten Homewear Damen und Herren Outfits.<\/p>\n","protected":false},"featured_media":199472,"comment_status":"open","ping_status":"closed","template":"","meta":[],"product_brand":[],"product_cat":[1186,3920],"product_tag":[],"class_list":{"0":"post-199471","1":"product","2":"type-product","3":"status-publish","4":"has-post-thumbnail","6":"product_cat-bekleidung","7":"product_cat-damen","8":"pa_brand-harry-potter","9":"pa_size-einheitsgroesse","11":"first","12":"instock","13":"shipping-taxable","14":"purchasable","15":"product-type-simple","16":"customify-col","17":"product-has-gallery"},"yoast_head":"<!-- This site is optimized with the Yoast SEO plugin v27.4 - https:\/\/yoast.com\/product\/yoast-seo-wordpress\/ -->\n<title>Harry Potter \u00dcbergro\u00dfe Kapuzenpullover Decke Damen und Herren Oversized Hoodie Winter Warme Decke zu \u00dcberziehen - Markt-XXL<\/title>\n<meta name=\"description\" content=\"Markt-XXL Harry Potter \u00dcbergro\u00dfe Kapuzenpullover Decke Damen und Herren Oversized Hoodie Winter Warme Decke zu \u00dcberziehen\" \/>\n<meta name=\"robots\" content=\"index, follow, max-snippet:-1, max-image-preview:large, max-video-preview:-1\" \/>\n<link rel=\"canonical\" href=\"https:\/\/marktxxl.de\/markt\/produkt\/harry-potter-uebergrosse-kapuzenpullover-decke-damen-und-herren-oversized-hoodie-winter-warme-decke-zu-ueberziehen\/\" \/>\n<meta property=\"og:locale\" content=\"de_DE\" \/>\n<meta property=\"og:type\" content=\"article\" \/>\n<meta property=\"og:title\" content=\"Harry Potter \u00dcbergro\u00dfe Kapuzenpullover Decke Damen und Herren Oversized Hoodie Winter Warme Decke zu \u00dcberziehen - Markt-XXL\" \/>\n<meta property=\"og:description\" content=\"Markt-XXL Harry Potter \u00dcbergro\u00dfe Kapuzenpullover Decke Damen und Herren Oversized Hoodie Winter Warme Decke zu \u00dcberziehen\" \/>\n<meta property=\"og:url\" content=\"https:\/\/marktxxl.de\/markt\/produkt\/harry-potter-uebergrosse-kapuzenpullover-decke-damen-und-herren-oversized-hoodie-winter-warme-decke-zu-ueberziehen\/\" \/>\n<meta property=\"og:site_name\" content=\"Markt-XXL\" \/>\n<meta property=\"article:modified_time\" content=\"2023-04-11T03:37:02+00:00\" \/>\n<meta property=\"og:image\" content=\"https:\/\/m.media-amazon.com\/images\/I\/619bFqh7RPL._SL500_.jpg\" \/>\n\t<meta property=\"og:image:width\" content=\"500\" \/>\n\t<meta property=\"og:image:height\" content=\"500\" \/>\n\t<meta property=\"og:image:type\" content=\"image\/jpeg\" \/>\n<meta name=\"twitter:card\" content=\"summary_large_image\" \/>\n<meta name=\"twitter:label1\" content=\"Gesch\u00e4tzte Lesezeit\" \/>\n\t<meta name=\"twitter:data1\" content=\"1\u00a0Minute\" \/>\n<script type=\"application\/ld+json\" class=\"yoast-schema-graph\">{\"@context\":\"https:\\\/\\\/schema.org\",\"@graph\":[{\"@type\":\"WebPage\",\"@id\":\"https:\\\/\\\/marktxxl.de\\\/markt\\\/produkt\\\/harry-potter-uebergrosse-kapuzenpullover-decke-damen-und-herren-oversized-hoodie-winter-warme-decke-zu-ueberziehen\\\/\",\"url\":\"https:\\\/\\\/marktxxl.de\\\/markt\\\/produkt\\\/harry-potter-uebergrosse-kapuzenpullover-decke-damen-und-herren-oversized-hoodie-winter-warme-decke-zu-ueberziehen\\\/\",\"name\":\"Harry Potter \u00dcbergro\u00dfe Kapuzenpullover Decke Damen und Herren Oversized Hoodie Winter Warme Decke zu \u00dcberziehen - Markt-XXL\",\"isPartOf\":{\"@id\":\"https:\\\/\\\/marktxxl.de\\\/markt\\\/#website\"},\"primaryImageOfPage\":{\"@id\":\"https:\\\/\\\/marktxxl.de\\\/markt\\\/produkt\\\/harry-potter-uebergrosse-kapuzenpullover-decke-damen-und-herren-oversized-hoodie-winter-warme-decke-zu-ueberziehen\\\/#primaryimage\"},\"image\":{\"@id\":\"https:\\\/\\\/marktxxl.de\\\/markt\\\/produkt\\\/harry-potter-uebergrosse-kapuzenpullover-decke-damen-und-herren-oversized-hoodie-winter-warme-decke-zu-ueberziehen\\\/#primaryimage\"},\"thumbnailUrl\":\"https:\\\/\\\/m.media-amazon.com\\\/images\\\/I\\\/619bFqh7RPL._SL500_.jpg\",\"datePublished\":\"2023-04-10T05:04:51+00:00\",\"dateModified\":\"2023-04-11T03:37:02+00:00\",\"description\":\"Markt-XXL Harry Potter \u00dcbergro\u00dfe Kapuzenpullover Decke Damen und Herren Oversized Hoodie Winter Warme Decke zu \u00dcberziehen\",\"breadcrumb\":{\"@id\":\"https:\\\/\\\/marktxxl.de\\\/markt\\\/produkt\\\/harry-potter-uebergrosse-kapuzenpullover-decke-damen-und-herren-oversized-hoodie-winter-warme-decke-zu-ueberziehen\\\/#breadcrumb\"},\"inLanguage\":\"de\",\"potentialAction\":[{\"@type\":\"ReadAction\",\"target\":[\"https:\\\/\\\/marktxxl.de\\\/markt\\\/produkt\\\/harry-potter-uebergrosse-kapuzenpullover-decke-damen-und-herren-oversized-hoodie-winter-warme-decke-zu-ueberziehen\\\/\"]}]},{\"@type\":\"ImageObject\",\"inLanguage\":\"de\",\"@id\":\"https:\\\/\\\/marktxxl.de\\\/markt\\\/produkt\\\/harry-potter-uebergrosse-kapuzenpullover-decke-damen-und-herren-oversized-hoodie-winter-warme-decke-zu-ueberziehen\\\/#primaryimage\",\"url\":\"https:\\\/\\\/m.media-amazon.com\\\/images\\\/I\\\/619bFqh7RPL._SL500_.jpg\",\"contentUrl\":\"https:\\\/\\\/m.media-amazon.com\\\/images\\\/I\\\/619bFqh7RPL._SL500_.jpg\",\"width\":500,\"height\":500},{\"@type\":\"BreadcrumbList\",\"@id\":\"https:\\\/\\\/marktxxl.de\\\/markt\\\/produkt\\\/harry-potter-uebergrosse-kapuzenpullover-decke-damen-und-herren-oversized-hoodie-winter-warme-decke-zu-ueberziehen\\\/#breadcrumb\",\"itemListElement\":[{\"@type\":\"ListItem\",\"position\":1,\"name\":\"Startseite\",\"item\":\"https:\\\/\\\/marktxxl.de\\\/markt\\\/\"},{\"@type\":\"ListItem\",\"position\":2,\"name\":\"Markt\",\"item\":\"https:\\\/\\\/marktxxl.de\\\/markt\\\/\"},{\"@type\":\"ListItem\",\"position\":3,\"name\":\"Harry Potter \u00dcbergro\u00dfe Kapuzenpullover Decke Damen und Herren Oversized Hoodie Winter Warme Decke zu \u00dcberziehen\"}]},{\"@type\":\"WebSite\",\"@id\":\"https:\\\/\\\/marktxxl.de\\\/markt\\\/#website\",\"url\":\"https:\\\/\\\/marktxxl.de\\\/markt\\\/\",\"name\":\"Markt-XXL\",\"description\":\"Ihr Markt Online\",\"publisher\":{\"@id\":\"https:\\\/\\\/marktxxl.de\\\/markt\\\/#organization\"},\"potentialAction\":[{\"@type\":\"SearchAction\",\"target\":{\"@type\":\"EntryPoint\",\"urlTemplate\":\"https:\\\/\\\/marktxxl.de\\\/markt\\\/?s={search_term_string}\"},\"query-input\":{\"@type\":\"PropertyValueSpecification\",\"valueRequired\":true,\"valueName\":\"search_term_string\"}}],\"inLanguage\":\"de\"},{\"@type\":\"Organization\",\"@id\":\"https:\\\/\\\/marktxxl.de\\\/markt\\\/#organization\",\"name\":\"Markt-XXL\",\"url\":\"https:\\\/\\\/marktxxl.de\\\/markt\\\/\",\"logo\":{\"@type\":\"ImageObject\",\"inLanguage\":\"de\",\"@id\":\"https:\\\/\\\/marktxxl.de\\\/markt\\\/#\\\/schema\\\/logo\\\/image\\\/\",\"url\":\"https:\\\/\\\/marktxxl.de\\\/markt\\\/wp-content\\\/uploads\\\/sites\\\/3\\\/2020\\\/12\\\/logo.png\",\"contentUrl\":\"https:\\\/\\\/marktxxl.de\\\/markt\\\/wp-content\\\/uploads\\\/sites\\\/3\\\/2020\\\/12\\\/logo.png\",\"width\":200,\"height\":70,\"caption\":\"Markt-XXL\"},\"image\":{\"@id\":\"https:\\\/\\\/marktxxl.de\\\/markt\\\/#\\\/schema\\\/logo\\\/image\\\/\"}}]}<\/script>\n<!-- \/ Yoast SEO plugin. -->","yoast_head_json":{"title":"Harry Potter \u00dcbergro\u00dfe Kapuzenpullover Decke Damen und Herren Oversized Hoodie Winter Warme Decke zu \u00dcberziehen - Markt-XXL","description":"Markt-XXL Harry Potter \u00dcbergro\u00dfe Kapuzenpullover Decke Damen und Herren Oversized Hoodie Winter Warme Decke zu \u00dcberziehen","robots":{"index":"index","follow":"follow","max-snippet":"max-snippet:-1","max-image-preview":"max-image-preview:large","max-video-preview":"max-video-preview:-1"},"canonical":"https:\/\/marktxxl.de\/markt\/produkt\/harry-potter-uebergrosse-kapuzenpullover-decke-damen-und-herren-oversized-hoodie-winter-warme-decke-zu-ueberziehen\/","og_locale":"de_DE","og_type":"article","og_title":"Harry Potter \u00dcbergro\u00dfe Kapuzenpullover Decke Damen und Herren Oversized Hoodie Winter Warme Decke zu \u00dcberziehen - Markt-XXL","og_description":"Markt-XXL Harry Potter \u00dcbergro\u00dfe Kapuzenpullover Decke Damen und Herren Oversized Hoodie Winter Warme Decke zu \u00dcberziehen","og_url":"https:\/\/marktxxl.de\/markt\/produkt\/harry-potter-uebergrosse-kapuzenpullover-decke-damen-und-herren-oversized-hoodie-winter-warme-decke-zu-ueberziehen\/","og_site_name":"Markt-XXL","article_modified_time":"2023-04-11T03:37:02+00:00","og_image":[{"width":500,"height":500,"url":"https:\/\/m.media-amazon.com\/images\/I\/619bFqh7RPL._SL500_.jpg","type":"image\/jpeg"}],"twitter_card":"summary_large_image","twitter_misc":{"Gesch\u00e4tzte Lesezeit":"1\u00a0Minute"},"schema":{"@context":"https:\/\/schema.org","@graph":[{"@type":"WebPage","@id":"https:\/\/marktxxl.de\/markt\/produkt\/harry-potter-uebergrosse-kapuzenpullover-decke-damen-und-herren-oversized-hoodie-winter-warme-decke-zu-ueberziehen\/","url":"https:\/\/marktxxl.de\/markt\/produkt\/harry-potter-uebergrosse-kapuzenpullover-decke-damen-und-herren-oversized-hoodie-winter-warme-decke-zu-ueberziehen\/","name":"Harry Potter \u00dcbergro\u00dfe Kapuzenpullover Decke Damen und Herren Oversized Hoodie Winter Warme Decke zu \u00dcberziehen - Markt-XXL","isPartOf":{"@id":"https:\/\/marktxxl.de\/markt\/#website"},"primaryImageOfPage":{"@id":"https:\/\/marktxxl.de\/markt\/produkt\/harry-potter-uebergrosse-kapuzenpullover-decke-damen-und-herren-oversized-hoodie-winter-warme-decke-zu-ueberziehen\/#primaryimage"},"image":{"@id":"https:\/\/marktxxl.de\/markt\/produkt\/harry-potter-uebergrosse-kapuzenpullover-decke-damen-und-herren-oversized-hoodie-winter-warme-decke-zu-ueberziehen\/#primaryimage"},"thumbnailUrl":"https:\/\/m.media-amazon.com\/images\/I\/619bFqh7RPL._SL500_.jpg","datePublished":"2023-04-10T05:04:51+00:00","dateModified":"2023-04-11T03:37:02+00:00","description":"Markt-XXL Harry Potter \u00dcbergro\u00dfe Kapuzenpullover Decke Damen und Herren Oversized Hoodie Winter Warme Decke zu \u00dcberziehen","breadcrumb":{"@id":"https:\/\/marktxxl.de\/markt\/produkt\/harry-potter-uebergrosse-kapuzenpullover-decke-damen-und-herren-oversized-hoodie-winter-warme-decke-zu-ueberziehen\/#breadcrumb"},"inLanguage":"de","potentialAction":[{"@type":"ReadAction","target":["https:\/\/marktxxl.de\/markt\/produkt\/harry-potter-uebergrosse-kapuzenpullover-decke-damen-und-herren-oversized-hoodie-winter-warme-decke-zu-ueberziehen\/"]}]},{"@type":"ImageObject","inLanguage":"de","@id":"https:\/\/marktxxl.de\/markt\/produkt\/harry-potter-uebergrosse-kapuzenpullover-decke-damen-und-herren-oversized-hoodie-winter-warme-decke-zu-ueberziehen\/#primaryimage","url":"https:\/\/m.media-amazon.com\/images\/I\/619bFqh7RPL._SL500_.jpg","contentUrl":"https:\/\/m.media-amazon.com\/images\/I\/619bFqh7RPL._SL500_.jpg","width":500,"height":500},{"@type":"BreadcrumbList","@id":"https:\/\/marktxxl.de\/markt\/produkt\/harry-potter-uebergrosse-kapuzenpullover-decke-damen-und-herren-oversized-hoodie-winter-warme-decke-zu-ueberziehen\/#breadcrumb","itemListElement":[{"@type":"ListItem","position":1,"name":"Startseite","item":"https:\/\/marktxxl.de\/markt\/"},{"@type":"ListItem","position":2,"name":"Markt","item":"https:\/\/marktxxl.de\/markt\/"},{"@type":"ListItem","position":3,"name":"Harry Potter \u00dcbergro\u00dfe Kapuzenpullover Decke Damen und Herren Oversized Hoodie Winter Warme Decke zu \u00dcberziehen"}]},{"@type":"WebSite","@id":"https:\/\/marktxxl.de\/markt\/#website","url":"https:\/\/marktxxl.de\/markt\/","name":"Markt-XXL","description":"Ihr Markt Online","publisher":{"@id":"https:\/\/marktxxl.de\/markt\/#organization"},"potentialAction":[{"@type":"SearchAction","target":{"@type":"EntryPoint","urlTemplate":"https:\/\/marktxxl.de\/markt\/?s={search_term_string}"},"query-input":{"@type":"PropertyValueSpecification","valueRequired":true,"valueName":"search_term_string"}}],"inLanguage":"de"},{"@type":"Organization","@id":"https:\/\/marktxxl.de\/markt\/#organization","name":"Markt-XXL","url":"https:\/\/marktxxl.de\/markt\/","logo":{"@type":"ImageObject","inLanguage":"de","@id":"https:\/\/marktxxl.de\/markt\/#\/schema\/logo\/image\/","url":"https:\/\/marktxxl.de\/markt\/wp-content\/uploads\/sites\/3\/2020\/12\/logo.png","contentUrl":"https:\/\/marktxxl.de\/markt\/wp-content\/uploads\/sites\/3\/2020\/12\/logo.png","width":200,"height":70,"caption":"Markt-XXL"},"image":{"@id":"https:\/\/marktxxl.de\/markt\/#\/schema\/logo\/image\/"}}]}},"_links":{"self":[{"href":"https:\/\/marktxxl.de\/markt\/wp-json\/wp\/v2\/product\/199471","targetHints":{"allow":["GET"]}}],"collection":[{"href":"https:\/\/marktxxl.de\/markt\/wp-json\/wp\/v2\/product"}],"about":[{"href":"https:\/\/marktxxl.de\/markt\/wp-json\/wp\/v2\/types\/product"}],"replies":[{"embeddable":true,"href":"https:\/\/marktxxl.de\/markt\/wp-json\/wp\/v2\/comments?post=199471"}],"wp:featuredmedia":[{"embeddable":true,"href":"https:\/\/marktxxl.de\/markt\/wp-json\/wp\/v2\/media\/199472"}],"wp:attachment":[{"href":"https:\/\/marktxxl.de\/markt\/wp-json\/wp\/v2\/media?parent=199471"}],"wp:term":[{"taxonomy":"product_brand","embeddable":true,"href":"https:\/\/marktxxl.de\/markt\/wp-json\/wp\/v2\/product_brand?post=199471"},{"taxonomy":"product_cat","embeddable":true,"href":"https:\/\/marktxxl.de\/markt\/wp-json\/wp\/v2\/product_cat?post=199471"},{"taxonomy":"product_tag","embeddable":true,"href":"https:\/\/marktxxl.de\/markt\/wp-json\/wp\/v2\/product_tag?post=199471"}],"curies":[{"name":"wp","href":"https:\/\/api.w.org\/{rel}","templated":true}]}}