{"id":199398,"date":"2023-04-10T06:46:17","date_gmt":"2023-04-10T04:46:17","guid":{"rendered":"https:\/\/marktxxl.de\/markt\/produkt\/tyhogar-led-spiegelleuchte-badezimmermetall-badezimmer-spiegel-leuchteled-bilderleuchte-mit-schwenkbarem-lampenkopf-und-zugschalterwandleuchte-arc-arm-ip44-spiegel-beleuchtung-lampe\/"},"modified":"2023-04-11T05:37:01","modified_gmt":"2023-04-11T03:37:01","slug":"tyhogar-led-spiegelleuchte-badezimmermetall-badezimmer-spiegel-leuchteled-bilderleuchte-mit-schwenkbarem-lampenkopf-und-zugschalterwandleuchte-arc-arm-ip44-spiegel-beleuchtung-lampe","status":"publish","type":"product","link":"https:\/\/marktxxl.de\/markt\/produkt\/tyhogar-led-spiegelleuchte-badezimmermetall-badezimmer-spiegel-leuchteled-bilderleuchte-mit-schwenkbarem-lampenkopf-und-zugschalterwandleuchte-arc-arm-ip44-spiegel-beleuchtung-lampe\/","title":{"rendered":"TYhogar LED Spiegelleuchte Badezimmer 40cm,Dimmen einer einzigen Farbtemperatur LED-Bilderleuchte mit schwenkbarem\u2026"},"content":{"rendered":"<p>\u3010270 Grad Drehung Wandleuchte F\u00fcr Bad \u3011Spiegelleuchte mit schalter Gebogenes Arm-Design,Diese Bilderleuchte kann mit ihrem verstellbaren Kopf um 270\u00b0 gebogen und mit ihrem Arm um 170\u00b0 gedreht werden, was Ihnen eine Maximierung des Beleuchtungsbereichs bietet. Der gerade R\u00f6hrenlampenk\u00f6rper, der mit seinem weichen und hochs\u00e4ttigenden Licht auf der Oberseite Ihres Kunstwerks leuchtet, erm\u00f6glicht es, den Charme Ihrer kostbaren Gem\u00e4lde zu erhalten.<br \/>\n\u3010Hochwertiges Material\u3011 Der Lampenk\u00f6rper besteht aus Edelstahl und einem Acryllampenschirm mit hoher Lichtdurchl\u00e4ssigkeit, der das Licht transparenter und weicher macht. Rostschutz \/ Anti-Fade \/ Wasserdicht. Eingebaute 60-teilige 2835-SMDs und CE-zertifiziertem Laufwerk sorgen daf\u00fcr, dass das Licht gleichm\u00e4\u00dfig leuchten kann. 3000 K warmes Licht, CRI 90 macht das Licht sanfter und beleuchtet Ihr Gem\u00e4lde perfekt.<br \/>\n\u3010Breite Anwendung\u3011Diese Wandleuchte kann in verschiedenen Stilr\u00e4umen montiert werden und ist wasserdicht nach IP44, um die Sicherheit in einer feuchten Umgebung zu gew\u00e4hrleisten. Egal, ob Sie sie als Bildbeleuchtung oder Make-up-Beleuchtung verwenden, sie kann mit ihrem hohen Wert und ihrer guten Leistung gut funktionieren ,sehr sch\u00f6ne Lampe f\u00fcr Badezimmer, Garderobe, Flur, Wohnzimmer und Esszimmer ect. Der Zugschnurschalter ist viel bequemer f\u00fcr Sie, um das Licht ein- und auszuschalten.<br \/>\n\u3010Einfache Installation\u3011Diese badezimmer wandlampe mit Montagezubeh\u00f6r,Direkt mit dem Heimkabel verbinden.Sie k\u00f6nnen die Lichtrichtung nach Bedarf anpassen.Sch\u00f6nes modernes Design f\u00fcr Schlafzimmer, Wohnzimmer, Badezimmer, Waschtische, Spiegelschr\u00e4nke, Schr\u00e4nke,Kann als Bildbeleuchtung verwendet werden, das Licht wird gleichm\u00e4\u00dfig gestreut, Attraktives Design in Poliertes Messing \u200bunterstreicht die Sch\u00f6nheit Ihrer dekorativen Wandbeh\u00e4nge.<br \/>\n\u3010Qualit\u00e4tssicherung\u3011 Ihre Zufriedenheit ist unsere Priorit\u00e4t, jedes Problem, nachdem Sie unsere Lampe erhalten haben, kann uns jederzeit kontaktieren, wir werden innerhalb von 24 Stunden antworten und unser Bestes tun, um die Probleme so schnell wie m\u00f6glich zu l\u00f6sen. Wir garantieren 36 Monate Garantie und 60 Tage R\u00fcckerstattung.<br \/>\n<div class=\"main-cross-sell\" data-asin=\"B09C1RR4X3\">\n\n\t<div class=\"WooZone-cross-sell-loader\">\n\t\t<div>\n\t\t\t<div id=\"floatingBarsG\">\n\t\t\t\t<div class=\"blockG\" id=\"rotateG_01\"><\/div>\n\t\t\t\t<div class=\"blockG\" id=\"rotateG_02\"><\/div>\n\t\t\t\t<div class=\"blockG\" id=\"rotateG_03\"><\/div>\n\t\t\t\t<div class=\"blockG\" id=\"rotateG_04\"><\/div>\n\t\t\t\t<div class=\"blockG\" id=\"rotateG_05\"><\/div>\n\t\t\t\t<div class=\"blockG\" id=\"rotateG_06\"><\/div>\n\t\t\t\t<div class=\"blockG\" id=\"rotateG_07\"><\/div>\n\t\t\t\t<div class=\"blockG\" id=\"rotateG_08\"><\/div>\n\t\t\t<\/div>\n\t\t\t<div class=\"WooZone-cross-sell-loader-text\"><\/div>\n\t\t<\/div>\n\t<\/div>\n\n\t\t\n<\/div>\n<div style=\"clear:both;\"><\/div><\/p>\n","protected":false},"excerpt":{"rendered":"<p>\u3010270 Grad Drehung Wandleuchte F\u00fcr Bad \u3011Spiegelleuchte mit schalter Gebogenes Arm-Design,Diese Bilderleuchte kann mit ihrem verstellbaren Kopf um 270\u00b0 gebogen und mit ihrem Arm um 170\u00b0 gedreht werden, was Ihnen eine Maximierung des Beleuchtungsbereichs bietet. Der gerade R\u00f6hrenlampenk\u00f6rper, der mit seinem weichen und hochs\u00e4ttigenden Licht auf der Oberseite Ihres Kunstwerks leuchtet, erm\u00f6glicht es, den Charme Ihrer kostbaren Gem\u00e4lde zu erhalten.<br \/>\n\u3010Hochwertiges Material\u3011 Der Lampenk\u00f6rper besteht aus Edelstahl und einem Acryllampenschirm mit hoher Lichtdurchl\u00e4ssigkeit, der das Licht transparenter und weicher macht. Rostschutz \/ Anti-Fade \/ Wasserdicht. Eingebaute 60-teilige 2835-SMDs und CE-zertifiziertem Laufwerk sorgen daf\u00fcr, dass das Licht gleichm\u00e4\u00dfig leuchten kann. 3000 K warmes Licht, CRI 90 macht das Licht sanfter und beleuchtet Ihr Gem\u00e4lde perfekt.<br \/>\n\u3010Breite Anwendung\u3011Diese Wandleuchte kann in verschiedenen Stilr\u00e4umen montiert werden und ist wasserdicht nach IP44, um die Sicherheit in einer feuchten Umgebung zu gew\u00e4hrleisten. Egal, ob Sie sie als Bildbeleuchtung oder Make-up-Beleuchtung verwenden, sie kann mit ihrem hohen Wert und ihrer guten Leistung gut funktionieren ,sehr sch\u00f6ne Lampe f\u00fcr Badezimmer, Garderobe, Flur, Wohnzimmer und Esszimmer ect. Der Zugschnurschalter ist viel bequemer f\u00fcr Sie, um das Licht ein- und auszuschalten.<\/p>\n","protected":false},"featured_media":199399,"comment_status":"open","ping_status":"closed","template":"","meta":[],"product_brand":[],"product_cat":[11474,2108],"product_tag":[],"class_list":{"0":"post-199398","1":"product","2":"type-product","3":"status-publish","4":"has-post-thumbnail","6":"product_cat-bad-beleuchtung","7":"product_cat-beleuchtung","8":"pa_brand-tyhogar","9":"pa_manufacturer-tyhogar","11":"first","12":"instock","13":"shipping-taxable","14":"purchasable","15":"product-type-simple","16":"customify-col","17":"product-has-gallery"},"yoast_head":"<!-- This site is optimized with the Yoast SEO plugin v27.4 - https:\/\/yoast.com\/product\/yoast-seo-wordpress\/ -->\n<title>TYhogar LED Spiegelleuchte Badezimmer 40cm,Dimmen einer einzigen Farbtemperatur LED-Bilderleuchte mit schwenkbarem\u2026 - Markt-XXL<\/title>\n<meta name=\"description\" content=\"Markt-XXL TYhogar LED Spiegelleuchte Badezimmer 40cm,Dimmen einer einzigen Farbtemperatur LED-Bilderleuchte mit schwenkbarem\u2026\" \/>\n<meta name=\"robots\" content=\"index, follow, max-snippet:-1, max-image-preview:large, max-video-preview:-1\" \/>\n<link rel=\"canonical\" href=\"https:\/\/marktxxl.de\/markt\/produkt\/tyhogar-led-spiegelleuchte-badezimmermetall-badezimmer-spiegel-leuchteled-bilderleuchte-mit-schwenkbarem-lampenkopf-und-zugschalterwandleuchte-arc-arm-ip44-spiegel-beleuchtung-lampe\/\" \/>\n<meta property=\"og:locale\" content=\"de_DE\" \/>\n<meta property=\"og:type\" content=\"article\" \/>\n<meta property=\"og:title\" content=\"TYhogar LED Spiegelleuchte Badezimmer 40cm,Dimmen einer einzigen Farbtemperatur LED-Bilderleuchte mit schwenkbarem\u2026 - Markt-XXL\" \/>\n<meta property=\"og:description\" content=\"Markt-XXL TYhogar LED Spiegelleuchte Badezimmer 40cm,Dimmen einer einzigen Farbtemperatur LED-Bilderleuchte mit schwenkbarem\u2026\" \/>\n<meta property=\"og:url\" content=\"https:\/\/marktxxl.de\/markt\/produkt\/tyhogar-led-spiegelleuchte-badezimmermetall-badezimmer-spiegel-leuchteled-bilderleuchte-mit-schwenkbarem-lampenkopf-und-zugschalterwandleuchte-arc-arm-ip44-spiegel-beleuchtung-lampe\/\" \/>\n<meta property=\"og:site_name\" content=\"Markt-XXL\" \/>\n<meta property=\"article:modified_time\" content=\"2023-04-11T03:37:01+00:00\" \/>\n<meta property=\"og:image\" content=\"https:\/\/m.media-amazon.com\/images\/I\/31AhFs0GzxL._SL500_.jpg\" \/>\n\t<meta property=\"og:image:width\" content=\"500\" \/>\n\t<meta property=\"og:image:height\" content=\"500\" \/>\n\t<meta property=\"og:image:type\" content=\"image\/jpeg\" \/>\n<meta name=\"twitter:card\" content=\"summary_large_image\" \/>\n<meta name=\"twitter:label1\" content=\"Gesch\u00e4tzte Lesezeit\" \/>\n\t<meta name=\"twitter:data1\" content=\"2\u00a0Minuten\" \/>\n<script type=\"application\/ld+json\" class=\"yoast-schema-graph\">{\"@context\":\"https:\\\/\\\/schema.org\",\"@graph\":[{\"@type\":\"WebPage\",\"@id\":\"https:\\\/\\\/marktxxl.de\\\/markt\\\/produkt\\\/tyhogar-led-spiegelleuchte-badezimmermetall-badezimmer-spiegel-leuchteled-bilderleuchte-mit-schwenkbarem-lampenkopf-und-zugschalterwandleuchte-arc-arm-ip44-spiegel-beleuchtung-lampe\\\/\",\"url\":\"https:\\\/\\\/marktxxl.de\\\/markt\\\/produkt\\\/tyhogar-led-spiegelleuchte-badezimmermetall-badezimmer-spiegel-leuchteled-bilderleuchte-mit-schwenkbarem-lampenkopf-und-zugschalterwandleuchte-arc-arm-ip44-spiegel-beleuchtung-lampe\\\/\",\"name\":\"TYhogar LED Spiegelleuchte Badezimmer 40cm,Dimmen einer einzigen Farbtemperatur LED-Bilderleuchte mit schwenkbarem\u2026 - Markt-XXL\",\"isPartOf\":{\"@id\":\"https:\\\/\\\/marktxxl.de\\\/markt\\\/#website\"},\"primaryImageOfPage\":{\"@id\":\"https:\\\/\\\/marktxxl.de\\\/markt\\\/produkt\\\/tyhogar-led-spiegelleuchte-badezimmermetall-badezimmer-spiegel-leuchteled-bilderleuchte-mit-schwenkbarem-lampenkopf-und-zugschalterwandleuchte-arc-arm-ip44-spiegel-beleuchtung-lampe\\\/#primaryimage\"},\"image\":{\"@id\":\"https:\\\/\\\/marktxxl.de\\\/markt\\\/produkt\\\/tyhogar-led-spiegelleuchte-badezimmermetall-badezimmer-spiegel-leuchteled-bilderleuchte-mit-schwenkbarem-lampenkopf-und-zugschalterwandleuchte-arc-arm-ip44-spiegel-beleuchtung-lampe\\\/#primaryimage\"},\"thumbnailUrl\":\"https:\\\/\\\/m.media-amazon.com\\\/images\\\/I\\\/31AhFs0GzxL._SL500_.jpg\",\"datePublished\":\"2023-04-10T04:46:17+00:00\",\"dateModified\":\"2023-04-11T03:37:01+00:00\",\"description\":\"Markt-XXL TYhogar LED Spiegelleuchte Badezimmer 40cm,Dimmen einer einzigen Farbtemperatur LED-Bilderleuchte mit schwenkbarem\u2026\",\"breadcrumb\":{\"@id\":\"https:\\\/\\\/marktxxl.de\\\/markt\\\/produkt\\\/tyhogar-led-spiegelleuchte-badezimmermetall-badezimmer-spiegel-leuchteled-bilderleuchte-mit-schwenkbarem-lampenkopf-und-zugschalterwandleuchte-arc-arm-ip44-spiegel-beleuchtung-lampe\\\/#breadcrumb\"},\"inLanguage\":\"de\",\"potentialAction\":[{\"@type\":\"ReadAction\",\"target\":[\"https:\\\/\\\/marktxxl.de\\\/markt\\\/produkt\\\/tyhogar-led-spiegelleuchte-badezimmermetall-badezimmer-spiegel-leuchteled-bilderleuchte-mit-schwenkbarem-lampenkopf-und-zugschalterwandleuchte-arc-arm-ip44-spiegel-beleuchtung-lampe\\\/\"]}]},{\"@type\":\"ImageObject\",\"inLanguage\":\"de\",\"@id\":\"https:\\\/\\\/marktxxl.de\\\/markt\\\/produkt\\\/tyhogar-led-spiegelleuchte-badezimmermetall-badezimmer-spiegel-leuchteled-bilderleuchte-mit-schwenkbarem-lampenkopf-und-zugschalterwandleuchte-arc-arm-ip44-spiegel-beleuchtung-lampe\\\/#primaryimage\",\"url\":\"https:\\\/\\\/m.media-amazon.com\\\/images\\\/I\\\/31AhFs0GzxL._SL500_.jpg\",\"contentUrl\":\"https:\\\/\\\/m.media-amazon.com\\\/images\\\/I\\\/31AhFs0GzxL._SL500_.jpg\",\"width\":500,\"height\":500},{\"@type\":\"BreadcrumbList\",\"@id\":\"https:\\\/\\\/marktxxl.de\\\/markt\\\/produkt\\\/tyhogar-led-spiegelleuchte-badezimmermetall-badezimmer-spiegel-leuchteled-bilderleuchte-mit-schwenkbarem-lampenkopf-und-zugschalterwandleuchte-arc-arm-ip44-spiegel-beleuchtung-lampe\\\/#breadcrumb\",\"itemListElement\":[{\"@type\":\"ListItem\",\"position\":1,\"name\":\"Startseite\",\"item\":\"https:\\\/\\\/marktxxl.de\\\/markt\\\/\"},{\"@type\":\"ListItem\",\"position\":2,\"name\":\"Markt\",\"item\":\"https:\\\/\\\/marktxxl.de\\\/markt\\\/\"},{\"@type\":\"ListItem\",\"position\":3,\"name\":\"TYhogar LED Spiegelleuchte Badezimmer 40cm,Dimmen einer einzigen Farbtemperatur LED-Bilderleuchte mit schwenkbarem\u2026\"}]},{\"@type\":\"WebSite\",\"@id\":\"https:\\\/\\\/marktxxl.de\\\/markt\\\/#website\",\"url\":\"https:\\\/\\\/marktxxl.de\\\/markt\\\/\",\"name\":\"Markt-XXL\",\"description\":\"Ihr Markt Online\",\"publisher\":{\"@id\":\"https:\\\/\\\/marktxxl.de\\\/markt\\\/#organization\"},\"potentialAction\":[{\"@type\":\"SearchAction\",\"target\":{\"@type\":\"EntryPoint\",\"urlTemplate\":\"https:\\\/\\\/marktxxl.de\\\/markt\\\/?s={search_term_string}\"},\"query-input\":{\"@type\":\"PropertyValueSpecification\",\"valueRequired\":true,\"valueName\":\"search_term_string\"}}],\"inLanguage\":\"de\"},{\"@type\":\"Organization\",\"@id\":\"https:\\\/\\\/marktxxl.de\\\/markt\\\/#organization\",\"name\":\"Markt-XXL\",\"url\":\"https:\\\/\\\/marktxxl.de\\\/markt\\\/\",\"logo\":{\"@type\":\"ImageObject\",\"inLanguage\":\"de\",\"@id\":\"https:\\\/\\\/marktxxl.de\\\/markt\\\/#\\\/schema\\\/logo\\\/image\\\/\",\"url\":\"https:\\\/\\\/marktxxl.de\\\/markt\\\/wp-content\\\/uploads\\\/sites\\\/3\\\/2020\\\/12\\\/logo.png\",\"contentUrl\":\"https:\\\/\\\/marktxxl.de\\\/markt\\\/wp-content\\\/uploads\\\/sites\\\/3\\\/2020\\\/12\\\/logo.png\",\"width\":200,\"height\":70,\"caption\":\"Markt-XXL\"},\"image\":{\"@id\":\"https:\\\/\\\/marktxxl.de\\\/markt\\\/#\\\/schema\\\/logo\\\/image\\\/\"}}]}<\/script>\n<!-- \/ Yoast SEO plugin. -->","yoast_head_json":{"title":"TYhogar LED Spiegelleuchte Badezimmer 40cm,Dimmen einer einzigen Farbtemperatur LED-Bilderleuchte mit schwenkbarem\u2026 - Markt-XXL","description":"Markt-XXL TYhogar LED Spiegelleuchte Badezimmer 40cm,Dimmen einer einzigen Farbtemperatur LED-Bilderleuchte mit schwenkbarem\u2026","robots":{"index":"index","follow":"follow","max-snippet":"max-snippet:-1","max-image-preview":"max-image-preview:large","max-video-preview":"max-video-preview:-1"},"canonical":"https:\/\/marktxxl.de\/markt\/produkt\/tyhogar-led-spiegelleuchte-badezimmermetall-badezimmer-spiegel-leuchteled-bilderleuchte-mit-schwenkbarem-lampenkopf-und-zugschalterwandleuchte-arc-arm-ip44-spiegel-beleuchtung-lampe\/","og_locale":"de_DE","og_type":"article","og_title":"TYhogar LED Spiegelleuchte Badezimmer 40cm,Dimmen einer einzigen Farbtemperatur LED-Bilderleuchte mit schwenkbarem\u2026 - Markt-XXL","og_description":"Markt-XXL TYhogar LED Spiegelleuchte Badezimmer 40cm,Dimmen einer einzigen Farbtemperatur LED-Bilderleuchte mit schwenkbarem\u2026","og_url":"https:\/\/marktxxl.de\/markt\/produkt\/tyhogar-led-spiegelleuchte-badezimmermetall-badezimmer-spiegel-leuchteled-bilderleuchte-mit-schwenkbarem-lampenkopf-und-zugschalterwandleuchte-arc-arm-ip44-spiegel-beleuchtung-lampe\/","og_site_name":"Markt-XXL","article_modified_time":"2023-04-11T03:37:01+00:00","og_image":[{"width":500,"height":500,"url":"https:\/\/m.media-amazon.com\/images\/I\/31AhFs0GzxL._SL500_.jpg","type":"image\/jpeg"}],"twitter_card":"summary_large_image","twitter_misc":{"Gesch\u00e4tzte Lesezeit":"2\u00a0Minuten"},"schema":{"@context":"https:\/\/schema.org","@graph":[{"@type":"WebPage","@id":"https:\/\/marktxxl.de\/markt\/produkt\/tyhogar-led-spiegelleuchte-badezimmermetall-badezimmer-spiegel-leuchteled-bilderleuchte-mit-schwenkbarem-lampenkopf-und-zugschalterwandleuchte-arc-arm-ip44-spiegel-beleuchtung-lampe\/","url":"https:\/\/marktxxl.de\/markt\/produkt\/tyhogar-led-spiegelleuchte-badezimmermetall-badezimmer-spiegel-leuchteled-bilderleuchte-mit-schwenkbarem-lampenkopf-und-zugschalterwandleuchte-arc-arm-ip44-spiegel-beleuchtung-lampe\/","name":"TYhogar LED Spiegelleuchte Badezimmer 40cm,Dimmen einer einzigen Farbtemperatur LED-Bilderleuchte mit schwenkbarem\u2026 - Markt-XXL","isPartOf":{"@id":"https:\/\/marktxxl.de\/markt\/#website"},"primaryImageOfPage":{"@id":"https:\/\/marktxxl.de\/markt\/produkt\/tyhogar-led-spiegelleuchte-badezimmermetall-badezimmer-spiegel-leuchteled-bilderleuchte-mit-schwenkbarem-lampenkopf-und-zugschalterwandleuchte-arc-arm-ip44-spiegel-beleuchtung-lampe\/#primaryimage"},"image":{"@id":"https:\/\/marktxxl.de\/markt\/produkt\/tyhogar-led-spiegelleuchte-badezimmermetall-badezimmer-spiegel-leuchteled-bilderleuchte-mit-schwenkbarem-lampenkopf-und-zugschalterwandleuchte-arc-arm-ip44-spiegel-beleuchtung-lampe\/#primaryimage"},"thumbnailUrl":"https:\/\/m.media-amazon.com\/images\/I\/31AhFs0GzxL._SL500_.jpg","datePublished":"2023-04-10T04:46:17+00:00","dateModified":"2023-04-11T03:37:01+00:00","description":"Markt-XXL TYhogar LED Spiegelleuchte Badezimmer 40cm,Dimmen einer einzigen Farbtemperatur LED-Bilderleuchte mit schwenkbarem\u2026","breadcrumb":{"@id":"https:\/\/marktxxl.de\/markt\/produkt\/tyhogar-led-spiegelleuchte-badezimmermetall-badezimmer-spiegel-leuchteled-bilderleuchte-mit-schwenkbarem-lampenkopf-und-zugschalterwandleuchte-arc-arm-ip44-spiegel-beleuchtung-lampe\/#breadcrumb"},"inLanguage":"de","potentialAction":[{"@type":"ReadAction","target":["https:\/\/marktxxl.de\/markt\/produkt\/tyhogar-led-spiegelleuchte-badezimmermetall-badezimmer-spiegel-leuchteled-bilderleuchte-mit-schwenkbarem-lampenkopf-und-zugschalterwandleuchte-arc-arm-ip44-spiegel-beleuchtung-lampe\/"]}]},{"@type":"ImageObject","inLanguage":"de","@id":"https:\/\/marktxxl.de\/markt\/produkt\/tyhogar-led-spiegelleuchte-badezimmermetall-badezimmer-spiegel-leuchteled-bilderleuchte-mit-schwenkbarem-lampenkopf-und-zugschalterwandleuchte-arc-arm-ip44-spiegel-beleuchtung-lampe\/#primaryimage","url":"https:\/\/m.media-amazon.com\/images\/I\/31AhFs0GzxL._SL500_.jpg","contentUrl":"https:\/\/m.media-amazon.com\/images\/I\/31AhFs0GzxL._SL500_.jpg","width":500,"height":500},{"@type":"BreadcrumbList","@id":"https:\/\/marktxxl.de\/markt\/produkt\/tyhogar-led-spiegelleuchte-badezimmermetall-badezimmer-spiegel-leuchteled-bilderleuchte-mit-schwenkbarem-lampenkopf-und-zugschalterwandleuchte-arc-arm-ip44-spiegel-beleuchtung-lampe\/#breadcrumb","itemListElement":[{"@type":"ListItem","position":1,"name":"Startseite","item":"https:\/\/marktxxl.de\/markt\/"},{"@type":"ListItem","position":2,"name":"Markt","item":"https:\/\/marktxxl.de\/markt\/"},{"@type":"ListItem","position":3,"name":"TYhogar LED Spiegelleuchte Badezimmer 40cm,Dimmen einer einzigen Farbtemperatur LED-Bilderleuchte mit schwenkbarem\u2026"}]},{"@type":"WebSite","@id":"https:\/\/marktxxl.de\/markt\/#website","url":"https:\/\/marktxxl.de\/markt\/","name":"Markt-XXL","description":"Ihr Markt Online","publisher":{"@id":"https:\/\/marktxxl.de\/markt\/#organization"},"potentialAction":[{"@type":"SearchAction","target":{"@type":"EntryPoint","urlTemplate":"https:\/\/marktxxl.de\/markt\/?s={search_term_string}"},"query-input":{"@type":"PropertyValueSpecification","valueRequired":true,"valueName":"search_term_string"}}],"inLanguage":"de"},{"@type":"Organization","@id":"https:\/\/marktxxl.de\/markt\/#organization","name":"Markt-XXL","url":"https:\/\/marktxxl.de\/markt\/","logo":{"@type":"ImageObject","inLanguage":"de","@id":"https:\/\/marktxxl.de\/markt\/#\/schema\/logo\/image\/","url":"https:\/\/marktxxl.de\/markt\/wp-content\/uploads\/sites\/3\/2020\/12\/logo.png","contentUrl":"https:\/\/marktxxl.de\/markt\/wp-content\/uploads\/sites\/3\/2020\/12\/logo.png","width":200,"height":70,"caption":"Markt-XXL"},"image":{"@id":"https:\/\/marktxxl.de\/markt\/#\/schema\/logo\/image\/"}}]}},"_links":{"self":[{"href":"https:\/\/marktxxl.de\/markt\/wp-json\/wp\/v2\/product\/199398","targetHints":{"allow":["GET"]}}],"collection":[{"href":"https:\/\/marktxxl.de\/markt\/wp-json\/wp\/v2\/product"}],"about":[{"href":"https:\/\/marktxxl.de\/markt\/wp-json\/wp\/v2\/types\/product"}],"replies":[{"embeddable":true,"href":"https:\/\/marktxxl.de\/markt\/wp-json\/wp\/v2\/comments?post=199398"}],"wp:featuredmedia":[{"embeddable":true,"href":"https:\/\/marktxxl.de\/markt\/wp-json\/wp\/v2\/media\/199399"}],"wp:attachment":[{"href":"https:\/\/marktxxl.de\/markt\/wp-json\/wp\/v2\/media?parent=199398"}],"wp:term":[{"taxonomy":"product_brand","embeddable":true,"href":"https:\/\/marktxxl.de\/markt\/wp-json\/wp\/v2\/product_brand?post=199398"},{"taxonomy":"product_cat","embeddable":true,"href":"https:\/\/marktxxl.de\/markt\/wp-json\/wp\/v2\/product_cat?post=199398"},{"taxonomy":"product_tag","embeddable":true,"href":"https:\/\/marktxxl.de\/markt\/wp-json\/wp\/v2\/product_tag?post=199398"}],"curies":[{"name":"wp","href":"https:\/\/api.w.org\/{rel}","templated":true}]}}