{"id":199290,"date":"2023-04-10T06:07:03","date_gmt":"2023-04-10T04:07:03","guid":{"rendered":"https:\/\/marktxxl.de\/markt\/produkt\/lumare-led-einbauspot-6w-ip44-extra-flach-230v-auch-fuer-bad-und-feuchtraum-nur-26mm-einbautiefe-slim-deckenspot-mit-integriertem-400lm-led-leuchtmittel\/"},"modified":"2023-04-11T05:37:00","modified_gmt":"2023-04-11T03:37:00","slug":"lumare-led-einbauspot-6w-ip44-extra-flach-230v-auch-fuer-bad-und-feuchtraum-nur-26mm-einbautiefe-slim-deckenspot-mit-integriertem-400lm-led-leuchtmittel","status":"publish","type":"product","link":"https:\/\/marktxxl.de\/markt\/produkt\/lumare-led-einbauspot-6w-ip44-extra-flach-230v-auch-fuer-bad-und-feuchtraum-nur-26mm-einbautiefe-slim-deckenspot-mit-integriertem-400lm-led-leuchtmittel\/","title":{"rendered":"Lumare 3x LED Einbauspot 6W IP44 extra flach 230V auch f\u00fcr Bad und Feuchtraum silber nur 26mm Einbautiefe Slim\u2026"},"content":{"rendered":"<p>Hochwertige Lumare 6W Extra Flach LED Einbaustrahler f\u00fcr flimmerfreies, wohlig warmes Licht bei geringem Stromverbrauch -IP44 Feuchtraum geeignet-<br \/>\nIntegrierter Trafo zum direkten Anschlu\u00df an 230V. Energieeffizienz A+ mit 25.000Stunden Lebensdauer, nur 26mm Einbautiefe. Hervorragende Qualit\u00e4t nach strengen Qualit\u00e4tsrichtlinien produziert mit 3 Jahren Garantie (s. Garantiebedingungen) f\u00fcr h\u00f6chste Anspr\u00fcche<br \/>\nEnergiesparende 6W ersetzen 40W Halogen, 120\u00b0 Abstrahlwinkel sorgen f\u00fcr eine nat\u00fcrliche, gro\u00dffl\u00e4chige Raumausleuchtung<br \/>\nHohe, ger\u00e4uschlose Lichtqualit\u00e4t CRI &gt;80 f\u00fcr lebendige Farben und volle Helligkeit direkt nach dem Einschalten schaffen ein angenehmes Raumgef\u00fchl<br \/>\nIhre Zufriedenheit ist unser Ziel &#8211; Bei Fragen senden Sie uns einfach eine Nachricht. Wir helfen Ihnen gern weiter!<br \/>\n<div class=\"main-cross-sell\" data-asin=\"B092MRSC25\">\n\n\t<div class=\"WooZone-cross-sell-loader\">\n\t\t<div>\n\t\t\t<div id=\"floatingBarsG\">\n\t\t\t\t<div class=\"blockG\" id=\"rotateG_01\"><\/div>\n\t\t\t\t<div class=\"blockG\" id=\"rotateG_02\"><\/div>\n\t\t\t\t<div class=\"blockG\" id=\"rotateG_03\"><\/div>\n\t\t\t\t<div class=\"blockG\" id=\"rotateG_04\"><\/div>\n\t\t\t\t<div class=\"blockG\" id=\"rotateG_05\"><\/div>\n\t\t\t\t<div class=\"blockG\" id=\"rotateG_06\"><\/div>\n\t\t\t\t<div class=\"blockG\" id=\"rotateG_07\"><\/div>\n\t\t\t\t<div class=\"blockG\" id=\"rotateG_08\"><\/div>\n\t\t\t<\/div>\n\t\t\t<div class=\"WooZone-cross-sell-loader-text\"><\/div>\n\t\t<\/div>\n\t<\/div>\n\n\t\t\n<\/div>\n<div style=\"clear:both;\"><\/div><\/p>\n","protected":false},"excerpt":{"rendered":"<p>Hochwertige Lumare 6W Extra Flach LED Einbaustrahler f\u00fcr flimmerfreies, wohlig warmes Licht bei geringem Stromverbrauch -IP44 Feuchtraum geeignet-<br \/>\nIntegrierter Trafo zum direkten Anschlu\u00df an 230V. Energieeffizienz A+ mit 25.000Stunden Lebensdauer, nur 26mm Einbautiefe. Hervorragende Qualit\u00e4t nach strengen Qualit\u00e4tsrichtlinien produziert mit 3 Jahren Garantie (s. Garantiebedingungen) f\u00fcr h\u00f6chste Anspr\u00fcche<br \/>\nEnergiesparende 6W ersetzen 40W Halogen, 120\u00b0 Abstrahlwinkel sorgen f\u00fcr eine nat\u00fcrliche, gro\u00dffl\u00e4chige Raumausleuchtung<\/p>\n","protected":false},"featured_media":199291,"comment_status":"open","ping_status":"closed","template":"","meta":[],"product_brand":[],"product_cat":[11474,2108],"product_tag":[],"class_list":{"0":"post-199290","1":"product","2":"type-product","3":"status-publish","4":"has-post-thumbnail","6":"product_cat-bad-beleuchtung","7":"product_cat-beleuchtung","8":"pa_brand-busch-jaeger-3","9":"pa_brand-lumare","10":"pa_height-4-5275590505-zoll","11":"pa_length-4-5275590505-zoll","12":"pa_manufacturer-abalando-gmbh","13":"pa_width-1-0236220462-zoll","15":"first","16":"instock","17":"shipping-taxable","18":"purchasable","19":"product-type-simple","20":"customify-col","21":"product-has-gallery"},"yoast_head":"<!-- This site is optimized with the Yoast SEO plugin v27.4 - https:\/\/yoast.com\/product\/yoast-seo-wordpress\/ -->\n<title>Lumare 3x LED Einbauspot 6W IP44 extra flach 230V auch f\u00fcr Bad und Feuchtraum silber nur 26mm Einbautiefe Slim\u2026 - Markt-XXL<\/title>\n<meta name=\"description\" content=\"Markt-XXL Lumare 3x LED Einbauspot 6W IP44 extra flach 230V auch f\u00fcr Bad und Feuchtraum silber nur 26mm Einbautiefe Slim\u2026\" \/>\n<meta name=\"robots\" content=\"index, follow, max-snippet:-1, max-image-preview:large, max-video-preview:-1\" \/>\n<link rel=\"canonical\" href=\"https:\/\/marktxxl.de\/markt\/produkt\/lumare-led-einbauspot-6w-ip44-extra-flach-230v-auch-fuer-bad-und-feuchtraum-nur-26mm-einbautiefe-slim-deckenspot-mit-integriertem-400lm-led-leuchtmittel\/\" \/>\n<meta property=\"og:locale\" content=\"de_DE\" \/>\n<meta property=\"og:type\" content=\"article\" \/>\n<meta property=\"og:title\" content=\"Lumare 3x LED Einbauspot 6W IP44 extra flach 230V auch f\u00fcr Bad und Feuchtraum silber nur 26mm Einbautiefe Slim\u2026 - Markt-XXL\" \/>\n<meta property=\"og:description\" content=\"Markt-XXL Lumare 3x LED Einbauspot 6W IP44 extra flach 230V auch f\u00fcr Bad und Feuchtraum silber nur 26mm Einbautiefe Slim\u2026\" \/>\n<meta property=\"og:url\" content=\"https:\/\/marktxxl.de\/markt\/produkt\/lumare-led-einbauspot-6w-ip44-extra-flach-230v-auch-fuer-bad-und-feuchtraum-nur-26mm-einbautiefe-slim-deckenspot-mit-integriertem-400lm-led-leuchtmittel\/\" \/>\n<meta property=\"og:site_name\" content=\"Markt-XXL\" \/>\n<meta property=\"article:modified_time\" content=\"2023-04-11T03:37:00+00:00\" \/>\n<meta property=\"og:image\" content=\"https:\/\/m.media-amazon.com\/images\/I\/41GQ6GFvyKL._SL500_.jpg\" \/>\n\t<meta property=\"og:image:width\" content=\"500\" \/>\n\t<meta property=\"og:image:height\" content=\"500\" \/>\n\t<meta property=\"og:image:type\" content=\"image\/jpeg\" \/>\n<meta name=\"twitter:card\" content=\"summary_large_image\" \/>\n<meta name=\"twitter:label1\" content=\"Gesch\u00e4tzte Lesezeit\" \/>\n\t<meta name=\"twitter:data1\" content=\"1\u00a0Minute\" \/>\n<script type=\"application\/ld+json\" class=\"yoast-schema-graph\">{\"@context\":\"https:\\\/\\\/schema.org\",\"@graph\":[{\"@type\":\"WebPage\",\"@id\":\"https:\\\/\\\/marktxxl.de\\\/markt\\\/produkt\\\/lumare-led-einbauspot-6w-ip44-extra-flach-230v-auch-fuer-bad-und-feuchtraum-nur-26mm-einbautiefe-slim-deckenspot-mit-integriertem-400lm-led-leuchtmittel\\\/\",\"url\":\"https:\\\/\\\/marktxxl.de\\\/markt\\\/produkt\\\/lumare-led-einbauspot-6w-ip44-extra-flach-230v-auch-fuer-bad-und-feuchtraum-nur-26mm-einbautiefe-slim-deckenspot-mit-integriertem-400lm-led-leuchtmittel\\\/\",\"name\":\"Lumare 3x LED Einbauspot 6W IP44 extra flach 230V auch f\u00fcr Bad und Feuchtraum silber nur 26mm Einbautiefe Slim\u2026 - Markt-XXL\",\"isPartOf\":{\"@id\":\"https:\\\/\\\/marktxxl.de\\\/markt\\\/#website\"},\"primaryImageOfPage\":{\"@id\":\"https:\\\/\\\/marktxxl.de\\\/markt\\\/produkt\\\/lumare-led-einbauspot-6w-ip44-extra-flach-230v-auch-fuer-bad-und-feuchtraum-nur-26mm-einbautiefe-slim-deckenspot-mit-integriertem-400lm-led-leuchtmittel\\\/#primaryimage\"},\"image\":{\"@id\":\"https:\\\/\\\/marktxxl.de\\\/markt\\\/produkt\\\/lumare-led-einbauspot-6w-ip44-extra-flach-230v-auch-fuer-bad-und-feuchtraum-nur-26mm-einbautiefe-slim-deckenspot-mit-integriertem-400lm-led-leuchtmittel\\\/#primaryimage\"},\"thumbnailUrl\":\"https:\\\/\\\/m.media-amazon.com\\\/images\\\/I\\\/41GQ6GFvyKL._SL500_.jpg\",\"datePublished\":\"2023-04-10T04:07:03+00:00\",\"dateModified\":\"2023-04-11T03:37:00+00:00\",\"description\":\"Markt-XXL Lumare 3x LED Einbauspot 6W IP44 extra flach 230V auch f\u00fcr Bad und Feuchtraum silber nur 26mm Einbautiefe Slim\u2026\",\"breadcrumb\":{\"@id\":\"https:\\\/\\\/marktxxl.de\\\/markt\\\/produkt\\\/lumare-led-einbauspot-6w-ip44-extra-flach-230v-auch-fuer-bad-und-feuchtraum-nur-26mm-einbautiefe-slim-deckenspot-mit-integriertem-400lm-led-leuchtmittel\\\/#breadcrumb\"},\"inLanguage\":\"de\",\"potentialAction\":[{\"@type\":\"ReadAction\",\"target\":[\"https:\\\/\\\/marktxxl.de\\\/markt\\\/produkt\\\/lumare-led-einbauspot-6w-ip44-extra-flach-230v-auch-fuer-bad-und-feuchtraum-nur-26mm-einbautiefe-slim-deckenspot-mit-integriertem-400lm-led-leuchtmittel\\\/\"]}]},{\"@type\":\"ImageObject\",\"inLanguage\":\"de\",\"@id\":\"https:\\\/\\\/marktxxl.de\\\/markt\\\/produkt\\\/lumare-led-einbauspot-6w-ip44-extra-flach-230v-auch-fuer-bad-und-feuchtraum-nur-26mm-einbautiefe-slim-deckenspot-mit-integriertem-400lm-led-leuchtmittel\\\/#primaryimage\",\"url\":\"https:\\\/\\\/m.media-amazon.com\\\/images\\\/I\\\/41GQ6GFvyKL._SL500_.jpg\",\"contentUrl\":\"https:\\\/\\\/m.media-amazon.com\\\/images\\\/I\\\/41GQ6GFvyKL._SL500_.jpg\",\"width\":500,\"height\":500},{\"@type\":\"BreadcrumbList\",\"@id\":\"https:\\\/\\\/marktxxl.de\\\/markt\\\/produkt\\\/lumare-led-einbauspot-6w-ip44-extra-flach-230v-auch-fuer-bad-und-feuchtraum-nur-26mm-einbautiefe-slim-deckenspot-mit-integriertem-400lm-led-leuchtmittel\\\/#breadcrumb\",\"itemListElement\":[{\"@type\":\"ListItem\",\"position\":1,\"name\":\"Startseite\",\"item\":\"https:\\\/\\\/marktxxl.de\\\/markt\\\/\"},{\"@type\":\"ListItem\",\"position\":2,\"name\":\"Markt\",\"item\":\"https:\\\/\\\/marktxxl.de\\\/markt\\\/\"},{\"@type\":\"ListItem\",\"position\":3,\"name\":\"Lumare 3x LED Einbauspot 6W IP44 extra flach 230V auch f\u00fcr Bad und Feuchtraum silber nur 26mm Einbautiefe Slim\u2026\"}]},{\"@type\":\"WebSite\",\"@id\":\"https:\\\/\\\/marktxxl.de\\\/markt\\\/#website\",\"url\":\"https:\\\/\\\/marktxxl.de\\\/markt\\\/\",\"name\":\"Markt-XXL\",\"description\":\"Ihr Markt Online\",\"publisher\":{\"@id\":\"https:\\\/\\\/marktxxl.de\\\/markt\\\/#organization\"},\"potentialAction\":[{\"@type\":\"SearchAction\",\"target\":{\"@type\":\"EntryPoint\",\"urlTemplate\":\"https:\\\/\\\/marktxxl.de\\\/markt\\\/?s={search_term_string}\"},\"query-input\":{\"@type\":\"PropertyValueSpecification\",\"valueRequired\":true,\"valueName\":\"search_term_string\"}}],\"inLanguage\":\"de\"},{\"@type\":\"Organization\",\"@id\":\"https:\\\/\\\/marktxxl.de\\\/markt\\\/#organization\",\"name\":\"Markt-XXL\",\"url\":\"https:\\\/\\\/marktxxl.de\\\/markt\\\/\",\"logo\":{\"@type\":\"ImageObject\",\"inLanguage\":\"de\",\"@id\":\"https:\\\/\\\/marktxxl.de\\\/markt\\\/#\\\/schema\\\/logo\\\/image\\\/\",\"url\":\"https:\\\/\\\/marktxxl.de\\\/markt\\\/wp-content\\\/uploads\\\/sites\\\/3\\\/2020\\\/12\\\/logo.png\",\"contentUrl\":\"https:\\\/\\\/marktxxl.de\\\/markt\\\/wp-content\\\/uploads\\\/sites\\\/3\\\/2020\\\/12\\\/logo.png\",\"width\":200,\"height\":70,\"caption\":\"Markt-XXL\"},\"image\":{\"@id\":\"https:\\\/\\\/marktxxl.de\\\/markt\\\/#\\\/schema\\\/logo\\\/image\\\/\"}}]}<\/script>\n<!-- \/ Yoast SEO plugin. -->","yoast_head_json":{"title":"Lumare 3x LED Einbauspot 6W IP44 extra flach 230V auch f\u00fcr Bad und Feuchtraum silber nur 26mm Einbautiefe Slim\u2026 - Markt-XXL","description":"Markt-XXL Lumare 3x LED Einbauspot 6W IP44 extra flach 230V auch f\u00fcr Bad und Feuchtraum silber nur 26mm Einbautiefe Slim\u2026","robots":{"index":"index","follow":"follow","max-snippet":"max-snippet:-1","max-image-preview":"max-image-preview:large","max-video-preview":"max-video-preview:-1"},"canonical":"https:\/\/marktxxl.de\/markt\/produkt\/lumare-led-einbauspot-6w-ip44-extra-flach-230v-auch-fuer-bad-und-feuchtraum-nur-26mm-einbautiefe-slim-deckenspot-mit-integriertem-400lm-led-leuchtmittel\/","og_locale":"de_DE","og_type":"article","og_title":"Lumare 3x LED Einbauspot 6W IP44 extra flach 230V auch f\u00fcr Bad und Feuchtraum silber nur 26mm Einbautiefe Slim\u2026 - Markt-XXL","og_description":"Markt-XXL Lumare 3x LED Einbauspot 6W IP44 extra flach 230V auch f\u00fcr Bad und Feuchtraum silber nur 26mm Einbautiefe Slim\u2026","og_url":"https:\/\/marktxxl.de\/markt\/produkt\/lumare-led-einbauspot-6w-ip44-extra-flach-230v-auch-fuer-bad-und-feuchtraum-nur-26mm-einbautiefe-slim-deckenspot-mit-integriertem-400lm-led-leuchtmittel\/","og_site_name":"Markt-XXL","article_modified_time":"2023-04-11T03:37:00+00:00","og_image":[{"width":500,"height":500,"url":"https:\/\/m.media-amazon.com\/images\/I\/41GQ6GFvyKL._SL500_.jpg","type":"image\/jpeg"}],"twitter_card":"summary_large_image","twitter_misc":{"Gesch\u00e4tzte Lesezeit":"1\u00a0Minute"},"schema":{"@context":"https:\/\/schema.org","@graph":[{"@type":"WebPage","@id":"https:\/\/marktxxl.de\/markt\/produkt\/lumare-led-einbauspot-6w-ip44-extra-flach-230v-auch-fuer-bad-und-feuchtraum-nur-26mm-einbautiefe-slim-deckenspot-mit-integriertem-400lm-led-leuchtmittel\/","url":"https:\/\/marktxxl.de\/markt\/produkt\/lumare-led-einbauspot-6w-ip44-extra-flach-230v-auch-fuer-bad-und-feuchtraum-nur-26mm-einbautiefe-slim-deckenspot-mit-integriertem-400lm-led-leuchtmittel\/","name":"Lumare 3x LED Einbauspot 6W IP44 extra flach 230V auch f\u00fcr Bad und Feuchtraum silber nur 26mm Einbautiefe Slim\u2026 - Markt-XXL","isPartOf":{"@id":"https:\/\/marktxxl.de\/markt\/#website"},"primaryImageOfPage":{"@id":"https:\/\/marktxxl.de\/markt\/produkt\/lumare-led-einbauspot-6w-ip44-extra-flach-230v-auch-fuer-bad-und-feuchtraum-nur-26mm-einbautiefe-slim-deckenspot-mit-integriertem-400lm-led-leuchtmittel\/#primaryimage"},"image":{"@id":"https:\/\/marktxxl.de\/markt\/produkt\/lumare-led-einbauspot-6w-ip44-extra-flach-230v-auch-fuer-bad-und-feuchtraum-nur-26mm-einbautiefe-slim-deckenspot-mit-integriertem-400lm-led-leuchtmittel\/#primaryimage"},"thumbnailUrl":"https:\/\/m.media-amazon.com\/images\/I\/41GQ6GFvyKL._SL500_.jpg","datePublished":"2023-04-10T04:07:03+00:00","dateModified":"2023-04-11T03:37:00+00:00","description":"Markt-XXL Lumare 3x LED Einbauspot 6W IP44 extra flach 230V auch f\u00fcr Bad und Feuchtraum silber nur 26mm Einbautiefe Slim\u2026","breadcrumb":{"@id":"https:\/\/marktxxl.de\/markt\/produkt\/lumare-led-einbauspot-6w-ip44-extra-flach-230v-auch-fuer-bad-und-feuchtraum-nur-26mm-einbautiefe-slim-deckenspot-mit-integriertem-400lm-led-leuchtmittel\/#breadcrumb"},"inLanguage":"de","potentialAction":[{"@type":"ReadAction","target":["https:\/\/marktxxl.de\/markt\/produkt\/lumare-led-einbauspot-6w-ip44-extra-flach-230v-auch-fuer-bad-und-feuchtraum-nur-26mm-einbautiefe-slim-deckenspot-mit-integriertem-400lm-led-leuchtmittel\/"]}]},{"@type":"ImageObject","inLanguage":"de","@id":"https:\/\/marktxxl.de\/markt\/produkt\/lumare-led-einbauspot-6w-ip44-extra-flach-230v-auch-fuer-bad-und-feuchtraum-nur-26mm-einbautiefe-slim-deckenspot-mit-integriertem-400lm-led-leuchtmittel\/#primaryimage","url":"https:\/\/m.media-amazon.com\/images\/I\/41GQ6GFvyKL._SL500_.jpg","contentUrl":"https:\/\/m.media-amazon.com\/images\/I\/41GQ6GFvyKL._SL500_.jpg","width":500,"height":500},{"@type":"BreadcrumbList","@id":"https:\/\/marktxxl.de\/markt\/produkt\/lumare-led-einbauspot-6w-ip44-extra-flach-230v-auch-fuer-bad-und-feuchtraum-nur-26mm-einbautiefe-slim-deckenspot-mit-integriertem-400lm-led-leuchtmittel\/#breadcrumb","itemListElement":[{"@type":"ListItem","position":1,"name":"Startseite","item":"https:\/\/marktxxl.de\/markt\/"},{"@type":"ListItem","position":2,"name":"Markt","item":"https:\/\/marktxxl.de\/markt\/"},{"@type":"ListItem","position":3,"name":"Lumare 3x LED Einbauspot 6W IP44 extra flach 230V auch f\u00fcr Bad und Feuchtraum silber nur 26mm Einbautiefe Slim\u2026"}]},{"@type":"WebSite","@id":"https:\/\/marktxxl.de\/markt\/#website","url":"https:\/\/marktxxl.de\/markt\/","name":"Markt-XXL","description":"Ihr Markt Online","publisher":{"@id":"https:\/\/marktxxl.de\/markt\/#organization"},"potentialAction":[{"@type":"SearchAction","target":{"@type":"EntryPoint","urlTemplate":"https:\/\/marktxxl.de\/markt\/?s={search_term_string}"},"query-input":{"@type":"PropertyValueSpecification","valueRequired":true,"valueName":"search_term_string"}}],"inLanguage":"de"},{"@type":"Organization","@id":"https:\/\/marktxxl.de\/markt\/#organization","name":"Markt-XXL","url":"https:\/\/marktxxl.de\/markt\/","logo":{"@type":"ImageObject","inLanguage":"de","@id":"https:\/\/marktxxl.de\/markt\/#\/schema\/logo\/image\/","url":"https:\/\/marktxxl.de\/markt\/wp-content\/uploads\/sites\/3\/2020\/12\/logo.png","contentUrl":"https:\/\/marktxxl.de\/markt\/wp-content\/uploads\/sites\/3\/2020\/12\/logo.png","width":200,"height":70,"caption":"Markt-XXL"},"image":{"@id":"https:\/\/marktxxl.de\/markt\/#\/schema\/logo\/image\/"}}]}},"_links":{"self":[{"href":"https:\/\/marktxxl.de\/markt\/wp-json\/wp\/v2\/product\/199290","targetHints":{"allow":["GET"]}}],"collection":[{"href":"https:\/\/marktxxl.de\/markt\/wp-json\/wp\/v2\/product"}],"about":[{"href":"https:\/\/marktxxl.de\/markt\/wp-json\/wp\/v2\/types\/product"}],"replies":[{"embeddable":true,"href":"https:\/\/marktxxl.de\/markt\/wp-json\/wp\/v2\/comments?post=199290"}],"wp:featuredmedia":[{"embeddable":true,"href":"https:\/\/marktxxl.de\/markt\/wp-json\/wp\/v2\/media\/199291"}],"wp:attachment":[{"href":"https:\/\/marktxxl.de\/markt\/wp-json\/wp\/v2\/media?parent=199290"}],"wp:term":[{"taxonomy":"product_brand","embeddable":true,"href":"https:\/\/marktxxl.de\/markt\/wp-json\/wp\/v2\/product_brand?post=199290"},{"taxonomy":"product_cat","embeddable":true,"href":"https:\/\/marktxxl.de\/markt\/wp-json\/wp\/v2\/product_cat?post=199290"},{"taxonomy":"product_tag","embeddable":true,"href":"https:\/\/marktxxl.de\/markt\/wp-json\/wp\/v2\/product_tag?post=199290"}],"curies":[{"name":"wp","href":"https:\/\/api.w.org\/{rel}","templated":true}]}}